{"id":9157,"date":"2025-04-17T17:29:41","date_gmt":"2025-04-17T15:29:41","guid":{"rendered":"https:\/\/www.eko-bio-natura.sk\/shop\/produkt\/kapucinka-vacsia-bylinarstvi-u-chytre-horakyne-100-tablet\/"},"modified":"2025-04-17T17:29:41","modified_gmt":"2025-04-17T15:29:41","slug":"kapucinka-vacsia-bylinarstvi-u-chytre-horakyne-100-tablet","status":"publish","type":"product","link":"https:\/\/www.eko-bio-natura.sk\/shop\/produkt\/kapucinka-vacsia-bylinarstvi-u-chytre-horakyne-100-tablet\/","title":{"rendered":"Kapuc\u00ednka v\u00e4\u010d\u0161ia &#8211; Bylin\u00e1\u0159stv\u00ed u Chytr\u00e9 Hor\u00e1kyn\u011b &#8211; 100 tablet"},"content":{"rendered":"<p><span style=\"font-family: verdana, geneva; font-size: 12pt;\">Kapuc\u00ednka v\u00e4\u010d\u0161ia (p\u00f4vodne juhoamerick\u00e1 rastlina) je bylina s priazniv\u00fdmi \u00fa\u010dinkami na organizmus. Napom\u00e1ha k posilneniu prirodzenej obranyschopnosti a prispieva k udr\u017eiavaniu zdrav\u00fdch mo\u010dov\u00fdch ciest.<\/span><\/p>\n<p><span style=\"font-family: verdana, geneva; font-size: 12pt;\"> Kapuc\u00ednka v\u00e4\u010d\u0161ia je rastlina, ktor\u00e1 disponuje <strong>siln\u00fdmi protiz\u00e1palov\u00fdmi, antibakteri\u00e1lnymi a antiv\u00edrusov\u00fdmi \u00fa\u010dinkami &#8211;<\/strong> teda sa jedn\u00e1 o<strong> pr\u00edrodn\u00e9 antibiotikum<\/strong>. Ur\u010dite pozn\u00e1te ten pocit, ke\u010f v\u00e1m doktor predp\u00ed\u0161e hne\u010f antibiotik\u00e1, ale je v\u00e1m to mierne proti srsti. Tak pre\u010do nesiahnu\u0165 po nie\u010dom, \u010do n\u00e1m d\u00e1va Matka pr\u00edroda?<\/span><\/p>\n<p><span style=\"font-family: verdana, geneva; font-size: 12pt;\"> Kapuc\u00ednka v\u00e4\u010d\u0161ia sa tradi\u010dne pou\u017e\u00edva v boji proti:<\/span><\/p>\n<ul>\n<li><span style=\"font-family: verdana, geneva; font-size: 12pt;\"> z\u00e1palom mo\u010dov\u00fdch ciest <\/span><\/li>\n<li><span style=\"font-family: verdana, geneva; font-size: 12pt;\">horn\u00fdch d\u00fdchac\u00edch ciest &#8211;\u00a0astma <\/span><\/li>\n<li><span style=\"font-family: verdana, geneva; font-size: 12pt;\">zmier\u0148uje ka\u0161e\u013e &#8211; uvo\u013e\u0148uje hlien, dezinfikuje d\u00fdchacie cesty <\/span><\/li>\n<li><span style=\"font-family: verdana, geneva; font-size: 12pt;\">chr\u00edpke, prechladnut\u00ed, bolestiach hrdla <\/span><\/li>\n<li><span style=\"font-family: verdana, geneva; font-size: 12pt;\">v\u0161eobecne posil\u0148uje imunitu <\/span><\/li>\n<li><span style=\"font-family: verdana, geneva; font-size: 12pt;\">napom\u00e1ha v boji proti \u010domuko\u013evek ne\u017eiaducemu <\/span><\/li>\n<li><span style=\"font-family: verdana, geneva; font-size: 12pt;\">pou\u017e\u00edva sa pri vypad\u00e1van\u00ed vlasov <\/span><\/li>\n<li><span style=\"font-family: verdana, geneva; font-size: 12pt;\">ko\u017en\u00fdm probl\u00e9mom &#8211; vylep\u0161uje kvalitu poko\u017eky a vlasov <\/span><\/li>\n<li><span style=\"font-family: verdana, geneva; font-size: 12pt;\">porad\u00ed si s takmer ka\u017ed\u00fdm t\u00fdm -kokom <\/span><\/li>\n<\/ul>\n<p><span style=\"font-family: verdana, geneva; font-size: 12pt;\"><strong>Pou\u017eitie:<\/strong> 2x denne 1 tabletku zapijeme dostato\u010dn\u00fdm mno\u017estvom vody. <\/span><\/p>\n<p><span style=\"font-family: verdana, geneva; font-size: 12pt;\"><strong>Upozornenie:<\/strong> Neprekra\u010dujte odpor\u00fa\u010dan\u00fa denn\u00fa d\u00e1vku. Pr\u00edpravok nie je ur\u010den\u00fd ako n\u00e1hrada pestrej stravy. Pr\u00edpravok nie je ur\u010den\u00fd pre deti do 3 rokov, tehotn\u00e9 a doj\u010diace \u017eeny. <\/span><\/p>\n<p><span style=\"font-family: verdana, geneva; font-size: 12pt;\"><strong>Skladovanie:<\/strong> Skladujte pri izbovej teplote do 25 \u00b0 C, starostlivo uzavret\u00e9. Uklada\u0165 mimo dosahu det\u00ed. Uchov\u00e1vajte v p\u00f4vodnom neporu\u0161enom obale. <\/span><\/p>\n<p><span style=\"font-family: verdana, geneva; font-size: 12pt;\"><strong>Zlo\u017eenie:<\/strong> Kapuc\u00ednka v\u00e4\u010d\u0161ia (Tropaeolum Majus) &#8211; extrakt 10: 1 &#8211; 50 mg \/ 1 tbl. Pomocn\u00e9 l\u00e1tky: plnidlo &#8211; mikrokry\u0161talick\u00e1 celul\u00f3za, plnidlo &#8211; maltodextr\u00edn, protihrudkuj\u00faca l\u00e1tka. <\/span><\/p>\n<p><span style=\"font-family: verdana, geneva; font-size: 12pt;\"><strong>Obsah balenia:<\/strong> 100 tabliet <\/span><\/p>\n<p><span style=\"font-family: verdana, geneva; font-size: 12pt;\"><strong>Krajina p\u00f4vodu:<\/strong> \u010cesk\u00e1 republika<\/span><\/p>\n","protected":false},"excerpt":{"rendered":"<p>Kapuc\u00ednka v\u00e4\u010d\u0161ia (p\u00f4vodne juhoamerick\u00e1 rastlina) je bylina s priazniv\u00fdmi \u00fa\u010dinkami na organizmus. Napom\u00e1ha k posilneniu prirodzenej obranyschopnosti a prispieva k udr\u017eiavaniu zdrav\u00fdch mo\u010dov\u00fdch ciest. Kapuc\u00ednka v\u00e4\u010d\u0161ia je rastlina, ktor\u00e1 disponuje siln\u00fdmi protiz\u00e1palov\u00fdmi, antibakteri\u00e1lnymi a antiv\u00edrusov\u00fdmi \u00fa\u010dinkami &#8211; teda sa jedn\u00e1 o pr\u00edrodn\u00e9 antibiotikum. Ur\u010dite pozn\u00e1te ten pocit, ke\u010f v\u00e1m doktor predp\u00ed\u0161e hne\u010f antibiotik\u00e1, ale je [&hellip;]<\/p>\n","protected":false},"featured_media":14021,"comment_status":"open","ping_status":"open","template":"","meta":{"site-sidebar-layout":"default","site-content-layout":"","ast-site-content-layout":"default","site-content-style":"default","site-sidebar-style":"default","ast-global-header-display":"","ast-banner-title-visibility":"","ast-main-header-display":"","ast-hfb-above-header-display":"","ast-hfb-below-header-display":"","ast-hfb-mobile-header-display":"","site-post-title":"","ast-breadcrumbs-content":"","ast-featured-img":"","footer-sml-layout":"","ast-disable-related-posts":"","theme-transparent-header-meta":"","adv-header-id-meta":"","stick-header-meta":"","header-above-stick-meta":"","header-main-stick-meta":"","header-below-stick-meta":"","astra-migrate-meta-layouts":"default","ast-page-background-enabled":"default","ast-page-background-meta":{"desktop":{"background-color":"","background-image":"","background-repeat":"repeat","background-position":"center center","background-size":"auto","background-attachment":"scroll","background-type":"","background-media":"","overlay-type":"","overlay-color":"","overlay-opacity":"","overlay-gradient":""},"tablet":{"background-color":"","background-image":"","background-repeat":"repeat","background-position":"center center","background-size":"auto","background-attachment":"scroll","background-type":"","background-media":"","overlay-type":"","overlay-color":"","overlay-opacity":"","overlay-gradient":""},"mobile":{"background-color":"","background-image":"","background-repeat":"repeat","background-position":"center center","background-size":"auto","background-attachment":"scroll","background-type":"","background-media":"","overlay-type":"","overlay-color":"","overlay-opacity":"","overlay-gradient":""}},"ast-content-background-meta":{"desktop":{"background-color":"var(--ast-global-color-5)","background-image":"","background-repeat":"repeat","background-position":"center center","background-size":"auto","background-attachment":"scroll","background-type":"","background-media":"","overlay-type":"","overlay-color":"","overlay-opacity":"","overlay-gradient":""},"tablet":{"background-color":"var(--ast-global-color-5)","background-image":"","background-repeat":"repeat","background-position":"center center","background-size":"auto","background-attachment":"scroll","background-type":"","background-media":"","overlay-type":"","overlay-color":"","overlay-opacity":"","overlay-gradient":""},"mobile":{"background-color":"var(--ast-global-color-5)","background-image":"","background-repeat":"repeat","background-position":"center center","background-size":"auto","background-attachment":"scroll","background-type":"","background-media":"","overlay-type":"","overlay-color":"","overlay-opacity":"","overlay-gradient":""}}},"product_brand":[],"product_cat":[18,192],"product_tag":[],"class_list":{"0":"post-9157","1":"product","2":"type-product","3":"status-publish","4":"has-post-thumbnail","6":"product_cat-prirodna-lekaren","7":"product_cat-vyzivove-doplnky","8":"pa_cena-dopravy-367","9":"pa_doprava-zasilkovna","10":"pa_ean-2801","11":"pa_typ-partnersky-predaj","12":"pa_znacka-bylinarstvi-u-chytre-horakyne","13":"desktop-align-left","14":"tablet-align-left","15":"mobile-align-left","17":"first","18":"instock","19":"product-type-external"},"yoast_head":"<!-- This site is optimized with the Yoast SEO plugin v27.2 - https:\/\/yoast.com\/product\/yoast-seo-wordpress\/ -->\n<title>Kapuc\u00ednka v\u00e4\u010d\u0161ia - Bylin\u00e1\u0159stv\u00ed u Chytr\u00e9 Hor\u00e1kyn\u011b - 100 tablet - EKO-BIO-NATURA BIO OBCHOD<\/title>\n<meta name=\"robots\" content=\"index, follow, max-snippet:-1, max-image-preview:large, max-video-preview:-1\" \/>\n<link rel=\"canonical\" href=\"https:\/\/www.eko-bio-natura.sk\/shop\/produkt\/kapucinka-vacsia-bylinarstvi-u-chytre-horakyne-100-tablet\/\" \/>\n<meta property=\"og:locale\" content=\"sk_SK\" \/>\n<meta property=\"og:type\" content=\"article\" \/>\n<meta property=\"og:title\" content=\"Kapuc\u00ednka v\u00e4\u010d\u0161ia - Bylin\u00e1\u0159stv\u00ed u Chytr\u00e9 Hor\u00e1kyn\u011b - 100 tablet - EKO-BIO-NATURA BIO OBCHOD\" \/>\n<meta property=\"og:description\" content=\"Kapuc\u00ednka v\u00e4\u010d\u0161ia (p\u00f4vodne juhoamerick\u00e1 rastlina) je bylina s priazniv\u00fdmi \u00fa\u010dinkami na organizmus. Napom\u00e1ha k posilneniu prirodzenej obranyschopnosti a prispieva k udr\u017eiavaniu zdrav\u00fdch mo\u010dov\u00fdch ciest. Kapuc\u00ednka v\u00e4\u010d\u0161ia je rastlina, ktor\u00e1 disponuje siln\u00fdmi protiz\u00e1palov\u00fdmi, antibakteri\u00e1lnymi a antiv\u00edrusov\u00fdmi \u00fa\u010dinkami &#8211; teda sa jedn\u00e1 o pr\u00edrodn\u00e9 antibiotikum. Ur\u010dite pozn\u00e1te ten pocit, ke\u010f v\u00e1m doktor predp\u00ed\u0161e hne\u010f antibiotik\u00e1, ale je [&hellip;]\" \/>\n<meta property=\"og:url\" content=\"https:\/\/www.eko-bio-natura.sk\/shop\/produkt\/kapucinka-vacsia-bylinarstvi-u-chytre-horakyne-100-tablet\/\" \/>\n<meta property=\"og:site_name\" content=\"EKO-BIO-NATURA BIO OBCHOD\" \/>\n<meta property=\"og:image\" content=\"https:\/\/www.eko-bio-natura.sk\/shop\/wp-content\/uploads\/2023\/02\/13472_kapucinka-vacsia-bylinarstvi-u-chytre-horakyne-100-tablet-scaled.jpg\" \/>\n\t<meta property=\"og:image:width\" content=\"2560\" \/>\n\t<meta property=\"og:image:height\" content=\"1706\" \/>\n\t<meta property=\"og:image:type\" content=\"image\/jpeg\" \/>\n<meta name=\"twitter:card\" content=\"summary_large_image\" \/>\n<meta name=\"twitter:label1\" content=\"Predpokladan\u00fd \u010das \u010d\u00edtania\" \/>\n\t<meta name=\"twitter:data1\" content=\"1 min\u00fata\" \/>\n<script type=\"application\/ld+json\" class=\"yoast-schema-graph\">{\"@context\":\"https:\/\/schema.org\",\"@graph\":[{\"@type\":\"WebPage\",\"@id\":\"https:\/\/www.eko-bio-natura.sk\/shop\/produkt\/kapucinka-vacsia-bylinarstvi-u-chytre-horakyne-100-tablet\/\",\"url\":\"https:\/\/www.eko-bio-natura.sk\/shop\/produkt\/kapucinka-vacsia-bylinarstvi-u-chytre-horakyne-100-tablet\/\",\"name\":\"Kapuc\u00ednka v\u00e4\u010d\u0161ia - Bylin\u00e1\u0159stv\u00ed u Chytr\u00e9 Hor\u00e1kyn\u011b - 100 tablet - EKO-BIO-NATURA BIO OBCHOD\",\"isPartOf\":{\"@id\":\"https:\/\/www.eko-bio-natura.sk\/shop\/#website\"},\"primaryImageOfPage\":{\"@id\":\"https:\/\/www.eko-bio-natura.sk\/shop\/produkt\/kapucinka-vacsia-bylinarstvi-u-chytre-horakyne-100-tablet\/#primaryimage\"},\"image\":{\"@id\":\"https:\/\/www.eko-bio-natura.sk\/shop\/produkt\/kapucinka-vacsia-bylinarstvi-u-chytre-horakyne-100-tablet\/#primaryimage\"},\"thumbnailUrl\":\"https:\/\/www.eko-bio-natura.sk\/shop\/wp-content\/uploads\/2023\/02\/13472_kapucinka-vacsia-bylinarstvi-u-chytre-horakyne-100-tablet-scaled.jpg\",\"datePublished\":\"2025-04-17T15:29:41+00:00\",\"breadcrumb\":{\"@id\":\"https:\/\/www.eko-bio-natura.sk\/shop\/produkt\/kapucinka-vacsia-bylinarstvi-u-chytre-horakyne-100-tablet\/#breadcrumb\"},\"inLanguage\":\"sk-SK\",\"potentialAction\":[{\"@type\":\"ReadAction\",\"target\":[\"https:\/\/www.eko-bio-natura.sk\/shop\/produkt\/kapucinka-vacsia-bylinarstvi-u-chytre-horakyne-100-tablet\/\"]}]},{\"@type\":\"ImageObject\",\"inLanguage\":\"sk-SK\",\"@id\":\"https:\/\/www.eko-bio-natura.sk\/shop\/produkt\/kapucinka-vacsia-bylinarstvi-u-chytre-horakyne-100-tablet\/#primaryimage\",\"url\":\"https:\/\/www.eko-bio-natura.sk\/shop\/wp-content\/uploads\/2023\/02\/13472_kapucinka-vacsia-bylinarstvi-u-chytre-horakyne-100-tablet-scaled.jpg\",\"contentUrl\":\"https:\/\/www.eko-bio-natura.sk\/shop\/wp-content\/uploads\/2023\/02\/13472_kapucinka-vacsia-bylinarstvi-u-chytre-horakyne-100-tablet-scaled.jpg\",\"width\":2560,\"height\":1706},{\"@type\":\"BreadcrumbList\",\"@id\":\"https:\/\/www.eko-bio-natura.sk\/shop\/produkt\/kapucinka-vacsia-bylinarstvi-u-chytre-horakyne-100-tablet\/#breadcrumb\",\"itemListElement\":[{\"@type\":\"ListItem\",\"position\":1,\"name\":\"Domovsk\u00e1 str\u00e1nka\",\"item\":\"https:\/\/www.eko-bio-natura.sk\/shop\/\"},{\"@type\":\"ListItem\",\"position\":2,\"name\":\"Obchod\",\"item\":\"https:\/\/www.eko-bio-natura.sk\/shop\/?page_id=6\"},{\"@type\":\"ListItem\",\"position\":3,\"name\":\"Kapuc\u00ednka v\u00e4\u010d\u0161ia &#8211; Bylin\u00e1\u0159stv\u00ed u Chytr\u00e9 Hor\u00e1kyn\u011b &#8211; 100 tablet\"}]},{\"@type\":\"WebSite\",\"@id\":\"https:\/\/www.eko-bio-natura.sk\/shop\/#website\",\"url\":\"https:\/\/www.eko-bio-natura.sk\/shop\/\",\"name\":\"EKO-BIO-NATURA BIO OBCHOD\",\"description\":\"\",\"publisher\":{\"@id\":\"https:\/\/www.eko-bio-natura.sk\/shop\/#organization\"},\"potentialAction\":[{\"@type\":\"SearchAction\",\"target\":{\"@type\":\"EntryPoint\",\"urlTemplate\":\"https:\/\/www.eko-bio-natura.sk\/shop\/?s={search_term_string}\"},\"query-input\":{\"@type\":\"PropertyValueSpecification\",\"valueRequired\":true,\"valueName\":\"search_term_string\"}}],\"inLanguage\":\"sk-SK\"},{\"@type\":\"Organization\",\"@id\":\"https:\/\/www.eko-bio-natura.sk\/shop\/#organization\",\"name\":\"EKO-BIO-NATURA BIO OBCHOD\",\"url\":\"https:\/\/www.eko-bio-natura.sk\/shop\/\",\"logo\":{\"@type\":\"ImageObject\",\"inLanguage\":\"sk-SK\",\"@id\":\"https:\/\/www.eko-bio-natura.sk\/shop\/#\/schema\/logo\/image\/\",\"url\":\"https:\/\/www.eko-bio-natura.sk\/shop\/wp-content\/uploads\/2021\/04\/eko-bio-natura_logo.png\",\"contentUrl\":\"https:\/\/www.eko-bio-natura.sk\/shop\/wp-content\/uploads\/2021\/04\/eko-bio-natura_logo.png\",\"width\":552,\"height\":194,\"caption\":\"EKO-BIO-NATURA BIO OBCHOD\"},\"image\":{\"@id\":\"https:\/\/www.eko-bio-natura.sk\/shop\/#\/schema\/logo\/image\/\"}}]}<\/script>\n<!-- \/ Yoast SEO plugin. -->","yoast_head_json":{"title":"Kapuc\u00ednka v\u00e4\u010d\u0161ia - Bylin\u00e1\u0159stv\u00ed u Chytr\u00e9 Hor\u00e1kyn\u011b - 100 tablet - EKO-BIO-NATURA BIO OBCHOD","robots":{"index":"index","follow":"follow","max-snippet":"max-snippet:-1","max-image-preview":"max-image-preview:large","max-video-preview":"max-video-preview:-1"},"canonical":"https:\/\/www.eko-bio-natura.sk\/shop\/produkt\/kapucinka-vacsia-bylinarstvi-u-chytre-horakyne-100-tablet\/","og_locale":"sk_SK","og_type":"article","og_title":"Kapuc\u00ednka v\u00e4\u010d\u0161ia - Bylin\u00e1\u0159stv\u00ed u Chytr\u00e9 Hor\u00e1kyn\u011b - 100 tablet - EKO-BIO-NATURA BIO OBCHOD","og_description":"Kapuc\u00ednka v\u00e4\u010d\u0161ia (p\u00f4vodne juhoamerick\u00e1 rastlina) je bylina s priazniv\u00fdmi \u00fa\u010dinkami na organizmus. Napom\u00e1ha k posilneniu prirodzenej obranyschopnosti a prispieva k udr\u017eiavaniu zdrav\u00fdch mo\u010dov\u00fdch ciest. Kapuc\u00ednka v\u00e4\u010d\u0161ia je rastlina, ktor\u00e1 disponuje siln\u00fdmi protiz\u00e1palov\u00fdmi, antibakteri\u00e1lnymi a antiv\u00edrusov\u00fdmi \u00fa\u010dinkami &#8211; teda sa jedn\u00e1 o pr\u00edrodn\u00e9 antibiotikum. Ur\u010dite pozn\u00e1te ten pocit, ke\u010f v\u00e1m doktor predp\u00ed\u0161e hne\u010f antibiotik\u00e1, ale je [&hellip;]","og_url":"https:\/\/www.eko-bio-natura.sk\/shop\/produkt\/kapucinka-vacsia-bylinarstvi-u-chytre-horakyne-100-tablet\/","og_site_name":"EKO-BIO-NATURA BIO OBCHOD","og_image":[{"width":2560,"height":1706,"url":"https:\/\/www.eko-bio-natura.sk\/shop\/wp-content\/uploads\/2023\/02\/13472_kapucinka-vacsia-bylinarstvi-u-chytre-horakyne-100-tablet-scaled.jpg","type":"image\/jpeg"}],"twitter_card":"summary_large_image","twitter_misc":{"Predpokladan\u00fd \u010das \u010d\u00edtania":"1 min\u00fata"},"schema":{"@context":"https:\/\/schema.org","@graph":[{"@type":"WebPage","@id":"https:\/\/www.eko-bio-natura.sk\/shop\/produkt\/kapucinka-vacsia-bylinarstvi-u-chytre-horakyne-100-tablet\/","url":"https:\/\/www.eko-bio-natura.sk\/shop\/produkt\/kapucinka-vacsia-bylinarstvi-u-chytre-horakyne-100-tablet\/","name":"Kapuc\u00ednka v\u00e4\u010d\u0161ia - Bylin\u00e1\u0159stv\u00ed u Chytr\u00e9 Hor\u00e1kyn\u011b - 100 tablet - EKO-BIO-NATURA BIO OBCHOD","isPartOf":{"@id":"https:\/\/www.eko-bio-natura.sk\/shop\/#website"},"primaryImageOfPage":{"@id":"https:\/\/www.eko-bio-natura.sk\/shop\/produkt\/kapucinka-vacsia-bylinarstvi-u-chytre-horakyne-100-tablet\/#primaryimage"},"image":{"@id":"https:\/\/www.eko-bio-natura.sk\/shop\/produkt\/kapucinka-vacsia-bylinarstvi-u-chytre-horakyne-100-tablet\/#primaryimage"},"thumbnailUrl":"https:\/\/www.eko-bio-natura.sk\/shop\/wp-content\/uploads\/2023\/02\/13472_kapucinka-vacsia-bylinarstvi-u-chytre-horakyne-100-tablet-scaled.jpg","datePublished":"2025-04-17T15:29:41+00:00","breadcrumb":{"@id":"https:\/\/www.eko-bio-natura.sk\/shop\/produkt\/kapucinka-vacsia-bylinarstvi-u-chytre-horakyne-100-tablet\/#breadcrumb"},"inLanguage":"sk-SK","potentialAction":[{"@type":"ReadAction","target":["https:\/\/www.eko-bio-natura.sk\/shop\/produkt\/kapucinka-vacsia-bylinarstvi-u-chytre-horakyne-100-tablet\/"]}]},{"@type":"ImageObject","inLanguage":"sk-SK","@id":"https:\/\/www.eko-bio-natura.sk\/shop\/produkt\/kapucinka-vacsia-bylinarstvi-u-chytre-horakyne-100-tablet\/#primaryimage","url":"https:\/\/www.eko-bio-natura.sk\/shop\/wp-content\/uploads\/2023\/02\/13472_kapucinka-vacsia-bylinarstvi-u-chytre-horakyne-100-tablet-scaled.jpg","contentUrl":"https:\/\/www.eko-bio-natura.sk\/shop\/wp-content\/uploads\/2023\/02\/13472_kapucinka-vacsia-bylinarstvi-u-chytre-horakyne-100-tablet-scaled.jpg","width":2560,"height":1706},{"@type":"BreadcrumbList","@id":"https:\/\/www.eko-bio-natura.sk\/shop\/produkt\/kapucinka-vacsia-bylinarstvi-u-chytre-horakyne-100-tablet\/#breadcrumb","itemListElement":[{"@type":"ListItem","position":1,"name":"Domovsk\u00e1 str\u00e1nka","item":"https:\/\/www.eko-bio-natura.sk\/shop\/"},{"@type":"ListItem","position":2,"name":"Obchod","item":"https:\/\/www.eko-bio-natura.sk\/shop\/?page_id=6"},{"@type":"ListItem","position":3,"name":"Kapuc\u00ednka v\u00e4\u010d\u0161ia &#8211; Bylin\u00e1\u0159stv\u00ed u Chytr\u00e9 Hor\u00e1kyn\u011b &#8211; 100 tablet"}]},{"@type":"WebSite","@id":"https:\/\/www.eko-bio-natura.sk\/shop\/#website","url":"https:\/\/www.eko-bio-natura.sk\/shop\/","name":"EKO-BIO-NATURA BIO OBCHOD","description":"","publisher":{"@id":"https:\/\/www.eko-bio-natura.sk\/shop\/#organization"},"potentialAction":[{"@type":"SearchAction","target":{"@type":"EntryPoint","urlTemplate":"https:\/\/www.eko-bio-natura.sk\/shop\/?s={search_term_string}"},"query-input":{"@type":"PropertyValueSpecification","valueRequired":true,"valueName":"search_term_string"}}],"inLanguage":"sk-SK"},{"@type":"Organization","@id":"https:\/\/www.eko-bio-natura.sk\/shop\/#organization","name":"EKO-BIO-NATURA BIO OBCHOD","url":"https:\/\/www.eko-bio-natura.sk\/shop\/","logo":{"@type":"ImageObject","inLanguage":"sk-SK","@id":"https:\/\/www.eko-bio-natura.sk\/shop\/#\/schema\/logo\/image\/","url":"https:\/\/www.eko-bio-natura.sk\/shop\/wp-content\/uploads\/2021\/04\/eko-bio-natura_logo.png","contentUrl":"https:\/\/www.eko-bio-natura.sk\/shop\/wp-content\/uploads\/2021\/04\/eko-bio-natura_logo.png","width":552,"height":194,"caption":"EKO-BIO-NATURA BIO OBCHOD"},"image":{"@id":"https:\/\/www.eko-bio-natura.sk\/shop\/#\/schema\/logo\/image\/"}}]}},"_links":{"self":[{"href":"https:\/\/www.eko-bio-natura.sk\/shop\/wp-json\/wp\/v2\/product\/9157","targetHints":{"allow":["GET"]}}],"collection":[{"href":"https:\/\/www.eko-bio-natura.sk\/shop\/wp-json\/wp\/v2\/product"}],"about":[{"href":"https:\/\/www.eko-bio-natura.sk\/shop\/wp-json\/wp\/v2\/types\/product"}],"replies":[{"embeddable":true,"href":"https:\/\/www.eko-bio-natura.sk\/shop\/wp-json\/wp\/v2\/comments?post=9157"}],"wp:featuredmedia":[{"embeddable":true,"href":"https:\/\/www.eko-bio-natura.sk\/shop\/wp-json\/wp\/v2\/media\/14021"}],"wp:attachment":[{"href":"https:\/\/www.eko-bio-natura.sk\/shop\/wp-json\/wp\/v2\/media?parent=9157"}],"wp:term":[{"taxonomy":"product_brand","embeddable":true,"href":"https:\/\/www.eko-bio-natura.sk\/shop\/wp-json\/wp\/v2\/product_brand?post=9157"},{"taxonomy":"product_cat","embeddable":true,"href":"https:\/\/www.eko-bio-natura.sk\/shop\/wp-json\/wp\/v2\/product_cat?post=9157"},{"taxonomy":"product_tag","embeddable":true,"href":"https:\/\/www.eko-bio-natura.sk\/shop\/wp-json\/wp\/v2\/product_tag?post=9157"}],"curies":[{"name":"wp","href":"https:\/\/api.w.org\/{rel}","templated":true}]}}