{"id":8172,"date":"2025-04-17T14:11:09","date_gmt":"2025-04-17T12:11:09","guid":{"rendered":"https:\/\/www.eko-bio-natura.sk\/shop\/index.php\/produkt\/power-coffee-combo\/"},"modified":"2026-02-19T11:20:38","modified_gmt":"2026-02-19T10:20:38","slug":"power-coffee-combo","status":"publish","type":"product","link":"https:\/\/www.eko-bio-natura.sk\/shop\/produkt\/power-coffee-combo\/","title":{"rendered":"Power Coffee Combo"},"content":{"rendered":"<h2 class=\"wp-block-heading has-text-align-center\">To najd\u00f4le\u017eitej\u0161ie za 20 sek\u00fand<\/h2><p>Trojbalenie vhodn\u00e9 na pr\u00edpravu Power Coffee s MCT olejom a ghee maslom. Mo\u017enos\u0165 zmeni\u0165 svoje zvyky od po\u010diatku a rozhodn\u00fa\u0165 sa pre efekt\u00edvnu n\u00e1hradu ra\u0148ajok \u010di energetick\u00fd snack.<\/p><h2 class=\"wp-block-heading has-text-align-center\">V \u010dom je na\u0161a k\u00e1va unik\u00e1tna?<\/h2><ul class=\"wp-block-list\"><li>Powerlogy Coffee je pra\u017een\u00e1 na Slovensku \u0161etrn\u00fdm sp\u00f4sobom na stupe\u0148 medium,\u00a0tak aby nebola ani hork\u00e1 prepra\u017een\u00e1, ale ani kysl\u00e1 z d\u00f4vodu nedopra\u017eenia jadra zrna, ktor\u00e9 je be\u017en\u00e9 pri r\u00fdchlom komer\u010dnom pra\u017een\u00ed.<\/li><li>Organic Espresso je zlo\u017een\u00e9 z kvalitn\u00fdch 100 % BIO arab\u00edk z \u00a0Peru a Eti\u00f3pie a Indie.<\/li><li>BIO zrn\u00e1 vyber\u00e1me nie preto, \u017ee sa ideme zo zna\u010dky BIO zbl\u00e1zni\u0165, ale preto, \u017ee n\u00e1m rodn\u00e9 listy vybran\u00fdch k\u00e1vovn\u00edkov\u00fdch z\u0155n garantuj\u00fa kontrolovan\u00e9 vysok\u00e9 \u0161tandardy \u010distoty a kvality.<\/li><li>Pri dom\u00e1cej pr\u00edprave espressa na p\u00e1kovom stroji \u010di automate sa m\u00f4\u017eete te\u0161i\u0165 z extra cremy.<\/li><li>T\u00e1to zmes je tak ako ka\u017ed\u00fd produkt Powerlogy laborat\u00f3rne testovan\u00e1 pre garanciu \u010distoty zlo\u017eenia.<\/li><li>M\u00e1te tak istotu, \u017ee k\u00e1va sp\u013a\u0148a tie najpr\u00edsnej\u0161ie krit\u00e9ri\u00e1 kvality pre skuto\u010dn\u00fa podporu v\u00e1\u0161ho organizmu a\u00a0pote\u0161enie v\u00e1\u0161ho gurm\u00e1nskeho jazyka.<\/li><\/ul><p class=\"tw-text-p-l, hidden-until-md-on-fe\">Milovn\u00edci k\u00e1vy, hl\u00e1ste sa. Vo\u0148av\u00e1, hor\u00faca, doplnen\u00e1 mliekom alebo siln\u00fd shot espressa? Akoko\u013evek t\u00fato energiu v poh\u00e1ri m\u00e1te radi,&nbsp;prin\u00e1\u0161ame v\u00e1m \u0161peci\u00e1lnu verziu s na\u0161\u00edm&nbsp;C8 MCT olejom&nbsp;ktor\u00fd k\u00e1ve dod\u00e1 energiu v tej naj\u010distej\u0161ej podobe a s ly\u017eicou n\u00e1\u0161ho \u013eahko str\u00e1vite\u013en\u00e9ho&nbsp;Ghee masla, ktor\u00fd k\u00e1ve dod\u00e1 lahodn\u00fa chu\u0165 a v\u00fdnimo\u010dn\u00fa v\u00f4\u0148u.<\/p><h3 class=\"wp-block-heading hidden-until-md-on-fe\">Ingrediencie:<\/h3><ul class=\"wp-block-list hidden-until-md-on-fe\"><li>1-2 x Espresso <\/li><li>1 PL&nbsp;Powerlogy \u010dist\u00e9ho C8 MCT oleja<\/li><li>1 PL&nbsp;n\u00e1\u0161ho Ghee masla<\/li><li>Pod\u013ea chuti hor\u00faca voda alebo ob\u013e\u00faben\u00e9 mlieko<\/li><\/ul><h3 class=\"wp-block-heading hidden-until-md-on-fe\">Postup:<\/h3><ul class=\"wp-block-list hidden-until-md-on-fe\"><li>Vo v\u00e4\u010d\u0161om hrn\u010deku si urob\u00edme kvalitn\u00e9 espresso, alebo double espresso z na\u0161ej&nbsp;organickej K\u00e1vy.<\/li><li>Do uvarenej k\u00e1vy d\u00e1me 1 PL&nbsp;n\u00e1\u0161ho Ghee masla&nbsp;a mie\u0161ame k\u00fdm sa nerozpust\u00ed, n\u00e1sledne prid\u00e1me 1 PL&nbsp;Powerlogy \u010dist\u00e9ho C8 MCT oleja&nbsp;a pomocou s\u013eaha\u010da poriadne vy\u0161\u013eah\u00e1me do penista.<\/li><li>Pod\u013ea preferenci\u00ed a chuti pripraven\u00fa zmes dolejeme hor\u00facou vodou, pr\u00edpadne napenen\u00fdm mliekom.<\/li><li>Dobr\u00fa a energick\u00fa chu\u0165!<\/li><\/ul><h2 class=\"wp-block-heading has-text-align-center\">Viac o produktoch<\/h2><p class=\"has-text-align-center has-black-color has-text-color has-link-color wp-elements-c9d0d608c01851362d151b5cd0f7ce60\"><a href=\"https:\/\/powerlogy.com\/organic-espresso\/\" target=\"_blank\" rel=\"noreferrer noopener\">Powerlogy Organic Coffee 250 g<\/a><\/p><p class=\"has-text-align-center\"><a href=\"https:\/\/powerlogy.com\/ghee-maslo\/\" target=\"_blank\" rel=\"noreferrer noopener\">Powerlogy BIO Ghee Butter 320 g<\/a><\/p><p class=\"has-text-align-center has-black-color has-text-color has-link-color wp-elements-16127db49bdb0e5f1c45795e2121f625\"><a href=\"https:\/\/powerlogy.com\/power-mct-oil-500ml\/\" target=\"_blank\" rel=\"noreferrer noopener\">Powerlogy Organic MCT Oil 500 ml<\/a><\/p>","protected":false},"excerpt":{"rendered":"","protected":false},"featured_media":14083,"comment_status":"open","ping_status":"open","template":"","meta":{"site-sidebar-layout":"default","site-content-layout":"","ast-site-content-layout":"default","site-content-style":"default","site-sidebar-style":"default","ast-global-header-display":"","ast-banner-title-visibility":"","ast-main-header-display":"","ast-hfb-above-header-display":"","ast-hfb-below-header-display":"","ast-hfb-mobile-header-display":"","site-post-title":"","ast-breadcrumbs-content":"","ast-featured-img":"","footer-sml-layout":"","ast-disable-related-posts":"","theme-transparent-header-meta":"","adv-header-id-meta":"","stick-header-meta":"","header-above-stick-meta":"","header-main-stick-meta":"","header-below-stick-meta":"","astra-migrate-meta-layouts":"default","ast-page-background-enabled":"default","ast-page-background-meta":{"desktop":{"background-color":"","background-image":"","background-repeat":"repeat","background-position":"center center","background-size":"auto","background-attachment":"scroll","background-type":"","background-media":"","overlay-type":"","overlay-color":"","overlay-opacity":"","overlay-gradient":""},"tablet":{"background-color":"","background-image":"","background-repeat":"repeat","background-position":"center center","background-size":"auto","background-attachment":"scroll","background-type":"","background-media":"","overlay-type":"","overlay-color":"","overlay-opacity":"","overlay-gradient":""},"mobile":{"background-color":"","background-image":"","background-repeat":"repeat","background-position":"center center","background-size":"auto","background-attachment":"scroll","background-type":"","background-media":"","overlay-type":"","overlay-color":"","overlay-opacity":"","overlay-gradient":""}},"ast-content-background-meta":{"desktop":{"background-color":"var(--ast-global-color-5)","background-image":"","background-repeat":"repeat","background-position":"center center","background-size":"auto","background-attachment":"scroll","background-type":"","background-media":"","overlay-type":"","overlay-color":"","overlay-opacity":"","overlay-gradient":""},"tablet":{"background-color":"var(--ast-global-color-5)","background-image":"","background-repeat":"repeat","background-position":"center center","background-size":"auto","background-attachment":"scroll","background-type":"","background-media":"","overlay-type":"","overlay-color":"","overlay-opacity":"","overlay-gradient":""},"mobile":{"background-color":"var(--ast-global-color-5)","background-image":"","background-repeat":"repeat","background-position":"center center","background-size":"auto","background-attachment":"scroll","background-type":"","background-media":"","overlay-type":"","overlay-color":"","overlay-opacity":"","overlay-gradient":""}}},"product_brand":[],"product_cat":[71,16,173],"product_tag":[364],"class_list":{"0":"post-8172","1":"product","2":"type-product","3":"status-publish","4":"has-post-thumbnail","6":"product_cat-alko-a-nealko-napoje","7":"product_cat-bio-potraviny","8":"product_cat-kava-a-kavoviny","9":"product_tag-lokalny-produkt","10":"pa_cena-dopravy-2564","11":"pa_doprava-kurier","12":"pa_typ-partnersky-predaj","13":"pa_znacka-powerlogy","14":"desktop-align-left","15":"tablet-align-left","16":"mobile-align-left","18":"first","19":"instock","20":"sale","21":"product-type-external"},"yoast_head":"<!-- This site is optimized with the Yoast SEO plugin v27.2 - https:\/\/yoast.com\/product\/yoast-seo-wordpress\/ -->\n<title>Power Coffee Combo - EKO-BIO-NATURA BIO OBCHOD<\/title>\n<meta name=\"robots\" content=\"index, follow, max-snippet:-1, max-image-preview:large, max-video-preview:-1\" \/>\n<link rel=\"canonical\" href=\"https:\/\/www.eko-bio-natura.sk\/shop\/produkt\/power-coffee-combo\/\" \/>\n<meta property=\"og:locale\" content=\"sk_SK\" \/>\n<meta property=\"og:type\" content=\"article\" \/>\n<meta property=\"og:title\" content=\"Power Coffee Combo - EKO-BIO-NATURA BIO OBCHOD\" \/>\n<meta property=\"og:url\" content=\"https:\/\/www.eko-bio-natura.sk\/shop\/produkt\/power-coffee-combo\/\" \/>\n<meta property=\"og:site_name\" content=\"EKO-BIO-NATURA BIO OBCHOD\" \/>\n<meta property=\"article:modified_time\" content=\"2026-02-19T10:20:38+00:00\" \/>\n<meta property=\"og:image\" content=\"https:\/\/www.eko-bio-natura.sk\/shop\/wp-content\/uploads\/2023\/02\/power-coffee-combo2.png\" \/>\n\t<meta property=\"og:image:width\" content=\"1000\" \/>\n\t<meta property=\"og:image:height\" content=\"1000\" \/>\n\t<meta property=\"og:image:type\" content=\"image\/png\" \/>\n<meta name=\"twitter:card\" content=\"summary_large_image\" \/>\n<meta name=\"twitter:label1\" content=\"Predpokladan\u00fd \u010das \u010d\u00edtania\" \/>\n\t<meta name=\"twitter:data1\" content=\"2 min\u00faty\" \/>\n<script type=\"application\/ld+json\" class=\"yoast-schema-graph\">{\"@context\":\"https:\/\/schema.org\",\"@graph\":[{\"@type\":\"WebPage\",\"@id\":\"https:\/\/www.eko-bio-natura.sk\/shop\/produkt\/power-coffee-combo\/\",\"url\":\"https:\/\/www.eko-bio-natura.sk\/shop\/produkt\/power-coffee-combo\/\",\"name\":\"Power Coffee Combo - EKO-BIO-NATURA BIO OBCHOD\",\"isPartOf\":{\"@id\":\"https:\/\/www.eko-bio-natura.sk\/shop\/#website\"},\"primaryImageOfPage\":{\"@id\":\"https:\/\/www.eko-bio-natura.sk\/shop\/produkt\/power-coffee-combo\/#primaryimage\"},\"image\":{\"@id\":\"https:\/\/www.eko-bio-natura.sk\/shop\/produkt\/power-coffee-combo\/#primaryimage\"},\"thumbnailUrl\":\"https:\/\/www.eko-bio-natura.sk\/shop\/wp-content\/uploads\/2023\/02\/power-coffee-combo2.png\",\"datePublished\":\"2025-04-17T12:11:09+00:00\",\"dateModified\":\"2026-02-19T10:20:38+00:00\",\"breadcrumb\":{\"@id\":\"https:\/\/www.eko-bio-natura.sk\/shop\/produkt\/power-coffee-combo\/#breadcrumb\"},\"inLanguage\":\"sk-SK\",\"potentialAction\":[{\"@type\":\"ReadAction\",\"target\":[\"https:\/\/www.eko-bio-natura.sk\/shop\/produkt\/power-coffee-combo\/\"]}]},{\"@type\":\"ImageObject\",\"inLanguage\":\"sk-SK\",\"@id\":\"https:\/\/www.eko-bio-natura.sk\/shop\/produkt\/power-coffee-combo\/#primaryimage\",\"url\":\"https:\/\/www.eko-bio-natura.sk\/shop\/wp-content\/uploads\/2023\/02\/power-coffee-combo2.png\",\"contentUrl\":\"https:\/\/www.eko-bio-natura.sk\/shop\/wp-content\/uploads\/2023\/02\/power-coffee-combo2.png\",\"width\":1000,\"height\":1000},{\"@type\":\"BreadcrumbList\",\"@id\":\"https:\/\/www.eko-bio-natura.sk\/shop\/produkt\/power-coffee-combo\/#breadcrumb\",\"itemListElement\":[{\"@type\":\"ListItem\",\"position\":1,\"name\":\"Domovsk\u00e1 str\u00e1nka\",\"item\":\"https:\/\/www.eko-bio-natura.sk\/shop\/\"},{\"@type\":\"ListItem\",\"position\":2,\"name\":\"Obchod\",\"item\":\"https:\/\/www.eko-bio-natura.sk\/shop\/?page_id=6\"},{\"@type\":\"ListItem\",\"position\":3,\"name\":\"Power Coffee Combo\"}]},{\"@type\":\"WebSite\",\"@id\":\"https:\/\/www.eko-bio-natura.sk\/shop\/#website\",\"url\":\"https:\/\/www.eko-bio-natura.sk\/shop\/\",\"name\":\"EKO-BIO-NATURA BIO OBCHOD\",\"description\":\"\",\"publisher\":{\"@id\":\"https:\/\/www.eko-bio-natura.sk\/shop\/#organization\"},\"potentialAction\":[{\"@type\":\"SearchAction\",\"target\":{\"@type\":\"EntryPoint\",\"urlTemplate\":\"https:\/\/www.eko-bio-natura.sk\/shop\/?s={search_term_string}\"},\"query-input\":{\"@type\":\"PropertyValueSpecification\",\"valueRequired\":true,\"valueName\":\"search_term_string\"}}],\"inLanguage\":\"sk-SK\"},{\"@type\":\"Organization\",\"@id\":\"https:\/\/www.eko-bio-natura.sk\/shop\/#organization\",\"name\":\"EKO-BIO-NATURA BIO OBCHOD\",\"url\":\"https:\/\/www.eko-bio-natura.sk\/shop\/\",\"logo\":{\"@type\":\"ImageObject\",\"inLanguage\":\"sk-SK\",\"@id\":\"https:\/\/www.eko-bio-natura.sk\/shop\/#\/schema\/logo\/image\/\",\"url\":\"https:\/\/www.eko-bio-natura.sk\/shop\/wp-content\/uploads\/2021\/04\/eko-bio-natura_logo.png\",\"contentUrl\":\"https:\/\/www.eko-bio-natura.sk\/shop\/wp-content\/uploads\/2021\/04\/eko-bio-natura_logo.png\",\"width\":552,\"height\":194,\"caption\":\"EKO-BIO-NATURA BIO OBCHOD\"},\"image\":{\"@id\":\"https:\/\/www.eko-bio-natura.sk\/shop\/#\/schema\/logo\/image\/\"}}]}<\/script>\n<!-- \/ Yoast SEO plugin. -->","yoast_head_json":{"title":"Power Coffee Combo - EKO-BIO-NATURA BIO OBCHOD","robots":{"index":"index","follow":"follow","max-snippet":"max-snippet:-1","max-image-preview":"max-image-preview:large","max-video-preview":"max-video-preview:-1"},"canonical":"https:\/\/www.eko-bio-natura.sk\/shop\/produkt\/power-coffee-combo\/","og_locale":"sk_SK","og_type":"article","og_title":"Power Coffee Combo - EKO-BIO-NATURA BIO OBCHOD","og_url":"https:\/\/www.eko-bio-natura.sk\/shop\/produkt\/power-coffee-combo\/","og_site_name":"EKO-BIO-NATURA BIO OBCHOD","article_modified_time":"2026-02-19T10:20:38+00:00","og_image":[{"width":1000,"height":1000,"url":"https:\/\/www.eko-bio-natura.sk\/shop\/wp-content\/uploads\/2023\/02\/power-coffee-combo2.png","type":"image\/png"}],"twitter_card":"summary_large_image","twitter_misc":{"Predpokladan\u00fd \u010das \u010d\u00edtania":"2 min\u00faty"},"schema":{"@context":"https:\/\/schema.org","@graph":[{"@type":"WebPage","@id":"https:\/\/www.eko-bio-natura.sk\/shop\/produkt\/power-coffee-combo\/","url":"https:\/\/www.eko-bio-natura.sk\/shop\/produkt\/power-coffee-combo\/","name":"Power Coffee Combo - EKO-BIO-NATURA BIO OBCHOD","isPartOf":{"@id":"https:\/\/www.eko-bio-natura.sk\/shop\/#website"},"primaryImageOfPage":{"@id":"https:\/\/www.eko-bio-natura.sk\/shop\/produkt\/power-coffee-combo\/#primaryimage"},"image":{"@id":"https:\/\/www.eko-bio-natura.sk\/shop\/produkt\/power-coffee-combo\/#primaryimage"},"thumbnailUrl":"https:\/\/www.eko-bio-natura.sk\/shop\/wp-content\/uploads\/2023\/02\/power-coffee-combo2.png","datePublished":"2025-04-17T12:11:09+00:00","dateModified":"2026-02-19T10:20:38+00:00","breadcrumb":{"@id":"https:\/\/www.eko-bio-natura.sk\/shop\/produkt\/power-coffee-combo\/#breadcrumb"},"inLanguage":"sk-SK","potentialAction":[{"@type":"ReadAction","target":["https:\/\/www.eko-bio-natura.sk\/shop\/produkt\/power-coffee-combo\/"]}]},{"@type":"ImageObject","inLanguage":"sk-SK","@id":"https:\/\/www.eko-bio-natura.sk\/shop\/produkt\/power-coffee-combo\/#primaryimage","url":"https:\/\/www.eko-bio-natura.sk\/shop\/wp-content\/uploads\/2023\/02\/power-coffee-combo2.png","contentUrl":"https:\/\/www.eko-bio-natura.sk\/shop\/wp-content\/uploads\/2023\/02\/power-coffee-combo2.png","width":1000,"height":1000},{"@type":"BreadcrumbList","@id":"https:\/\/www.eko-bio-natura.sk\/shop\/produkt\/power-coffee-combo\/#breadcrumb","itemListElement":[{"@type":"ListItem","position":1,"name":"Domovsk\u00e1 str\u00e1nka","item":"https:\/\/www.eko-bio-natura.sk\/shop\/"},{"@type":"ListItem","position":2,"name":"Obchod","item":"https:\/\/www.eko-bio-natura.sk\/shop\/?page_id=6"},{"@type":"ListItem","position":3,"name":"Power Coffee Combo"}]},{"@type":"WebSite","@id":"https:\/\/www.eko-bio-natura.sk\/shop\/#website","url":"https:\/\/www.eko-bio-natura.sk\/shop\/","name":"EKO-BIO-NATURA BIO OBCHOD","description":"","publisher":{"@id":"https:\/\/www.eko-bio-natura.sk\/shop\/#organization"},"potentialAction":[{"@type":"SearchAction","target":{"@type":"EntryPoint","urlTemplate":"https:\/\/www.eko-bio-natura.sk\/shop\/?s={search_term_string}"},"query-input":{"@type":"PropertyValueSpecification","valueRequired":true,"valueName":"search_term_string"}}],"inLanguage":"sk-SK"},{"@type":"Organization","@id":"https:\/\/www.eko-bio-natura.sk\/shop\/#organization","name":"EKO-BIO-NATURA BIO OBCHOD","url":"https:\/\/www.eko-bio-natura.sk\/shop\/","logo":{"@type":"ImageObject","inLanguage":"sk-SK","@id":"https:\/\/www.eko-bio-natura.sk\/shop\/#\/schema\/logo\/image\/","url":"https:\/\/www.eko-bio-natura.sk\/shop\/wp-content\/uploads\/2021\/04\/eko-bio-natura_logo.png","contentUrl":"https:\/\/www.eko-bio-natura.sk\/shop\/wp-content\/uploads\/2021\/04\/eko-bio-natura_logo.png","width":552,"height":194,"caption":"EKO-BIO-NATURA BIO OBCHOD"},"image":{"@id":"https:\/\/www.eko-bio-natura.sk\/shop\/#\/schema\/logo\/image\/"}}]}},"_links":{"self":[{"href":"https:\/\/www.eko-bio-natura.sk\/shop\/wp-json\/wp\/v2\/product\/8172","targetHints":{"allow":["GET"]}}],"collection":[{"href":"https:\/\/www.eko-bio-natura.sk\/shop\/wp-json\/wp\/v2\/product"}],"about":[{"href":"https:\/\/www.eko-bio-natura.sk\/shop\/wp-json\/wp\/v2\/types\/product"}],"replies":[{"embeddable":true,"href":"https:\/\/www.eko-bio-natura.sk\/shop\/wp-json\/wp\/v2\/comments?post=8172"}],"wp:featuredmedia":[{"embeddable":true,"href":"https:\/\/www.eko-bio-natura.sk\/shop\/wp-json\/wp\/v2\/media\/14083"}],"wp:attachment":[{"href":"https:\/\/www.eko-bio-natura.sk\/shop\/wp-json\/wp\/v2\/media?parent=8172"}],"wp:term":[{"taxonomy":"product_brand","embeddable":true,"href":"https:\/\/www.eko-bio-natura.sk\/shop\/wp-json\/wp\/v2\/product_brand?post=8172"},{"taxonomy":"product_cat","embeddable":true,"href":"https:\/\/www.eko-bio-natura.sk\/shop\/wp-json\/wp\/v2\/product_cat?post=8172"},{"taxonomy":"product_tag","embeddable":true,"href":"https:\/\/www.eko-bio-natura.sk\/shop\/wp-json\/wp\/v2\/product_tag?post=8172"}],"curies":[{"name":"wp","href":"https:\/\/api.w.org\/{rel}","templated":true}]}}