{"id":7904,"date":"2021-12-28T18:19:14","date_gmt":"2021-12-28T17:19:14","guid":{"rendered":"https:\/\/www.eko-bio-natura.sk\/shop\/index.php\/produkt\/darcekovy-set-aloe-vera-ecolatier-organic\/"},"modified":"2022-05-04T16:41:47","modified_gmt":"2022-05-04T14:41:47","slug":"darcekovy-set-aloe-vera-ecolatier-organic","status":"publish","type":"product","link":"https:\/\/www.eko-bio-natura.sk\/shop\/produkt\/darcekovy-set-aloe-vera-ecolatier-organic\/","title":{"rendered":"Dar\u010dekov\u00fd set Aloe vera &#8211; Ecolatier Organic"},"content":{"rendered":"<p><span style=\"font-family: verdana, geneva; font-size: 12pt;\"><strong>Set obsahuje:<\/strong><\/span><\/p>\n<p><span style=\"font-family: verdana, geneva; font-size: 12pt;\"><strong>1. \u010cistiace ple\u0165ov\u00e9 tonikum Aloe Vera &#8211; 150 ml<\/strong><\/span><\/p>\n<p><span style=\"font-family: verdana, geneva; font-size: 12pt;\">\u010cistiace ple\u0165ov\u00e9 tonikum 150 ml ECOLATIER Organic Aloe Vera dokonale<strong> tonizuje ple\u0165, &nbsp;zvlh\u010duje poko\u017eku, stimuluje tvorbu kolag\u00e9nu a elast\u00ednu<\/strong>. Obnovuje prirodzen\u00fa <strong>rovnov\u00e1hu poko\u017eky a s\u0165ahuje p\u00f3ry<\/strong>. Produkt obsahuje 100% organick\u00fd extrakt z Aloe Vera.<\/span><\/p>\n<p><span style=\"font-family: verdana, geneva; font-size: 12pt;\">Vhodn\u00e9 pre v\u0161etky typy pleti.<\/span><\/p>\n<p><span style=\"font-family: verdana, geneva; font-size: 12pt;\"><strong>Akt\u00edvne zlo\u017eky:<\/strong><\/span><\/p>\n<ul>\n<li><span style=\"font-family: verdana, geneva; font-size: 12pt;\"><strong>Organick\u00fd extrakt z Aloe Vera<\/strong>&nbsp;obsahuje vitam\u00edny, aminokyseliny, miner\u00e1ly, polysacharidy, fytonc\u00eddy, m\u00e1 vysok\u00fa biologick\u00fa dostupnos\u0165 a je prirodzen\u00fdm stimul\u00e1torom regener\u00e1cie buniek a tkan\u00edv, poskytuje h\u013abkov\u00fa hydrat\u00e1ciu, upokojuje poko\u017eku , rob\u00ed ju jemnou a hebkou.<\/span><\/li>\n<\/ul>\n<p><span style=\"font-family: verdana, geneva; font-size: 12pt;\"><strong>Sp\u00f4sob pou\u017eitia:<\/strong> Navlh\u010dite vatov\u00fd tamp\u00f3n tonerom a rozotrite po tv\u00e1ri, krku a dekolte (vyhnite sa oblasti o\u010d\u00ed).<\/span><\/p>\n<p><img decoding=\"async\" src=\"\/user\/documents\/upload\/mceclip0-268.png?1639733293\" \/><\/p>\n<p><span style=\"font-family: verdana, geneva; font-size: 12pt;\"><strong>Objem:<\/strong> 150 ml&nbsp;<\/span><\/p>\n<p><span style=\"font-family: verdana, geneva; font-size: 12pt;\"><strong>Krajina p\u00f4vodu:<\/strong> Rusko<\/span><\/p>\n<p>&nbsp;<\/p>\n<p><span style=\"font-family: verdana, geneva; font-size: 12pt;\"><strong>2. \u010cistiaci g\u00e9l Aloe Vera &#8211; 75 ml<\/strong><\/span><\/p>\n<p><span style=\"font-family: verdana, geneva; font-size: 12pt;\">\u010cistiaci ple\u0165ov\u00fd g\u00e9l s organick\u00fdmi v\u00fd\u0165a\u017ekami je \u0161peci\u00e1lne vyvinut\u00fd na \u010distenie jemnej poko\u017eky tv\u00e1re. Poskytuje ka\u017edodenn\u00fa starostlivos\u0165 a \u010distenie citlivej poko\u017eky tv\u00e1re, nevysu\u0161uje. <\/span><\/p>\n<p><span style=\"font-family: verdana, geneva; font-size: 12pt;\">Produkt obsahuje viac ako 99% zlo\u017eiek&nbsp;pr\u00edrodn\u00e9ho p\u00f4vodu.<\/span><\/p>\n<p><span style=\"font-family: verdana, geneva; font-size: 12pt;\">Vhodn\u00e9 pre v\u0161etky typy pleti.<\/span><\/p>\n<p><span style=\"font-family: verdana, geneva; font-size: 12pt;\"><strong>Akt\u00edvne zlo\u017eky:<\/strong><\/span><\/p>\n<ul>\n<li><span style=\"font-family: verdana, geneva; font-size: 12pt;\"><strong>Organick\u00fd extrakt z Aloe Vera<\/strong>&nbsp;obsahuje vitam\u00edny, aminokyseliny, miner\u00e1ly, polysacharidy, fytonc\u00eddy, m\u00e1 vysok\u00fa biologick\u00fa dostupnos\u0165 a je prirodzen\u00fdm stimul\u00e1torom regener\u00e1cie buniek a tkan\u00edv, poskytuje h\u013abkov\u00fa hydrat\u00e1ciu, upokojuje poko\u017eku , rob\u00ed ju jemnou a hebkou.<\/span><\/li>\n<\/ul>\n<p>&nbsp;<\/p>\n<p><span style=\"font-family: verdana, geneva; font-size: 12pt;\"><meta charset=\"UTF-8\" \/><strong>Sp\u00f4sob pou\u017eitia:<\/strong> Tv\u00e1r si umyte vla\u017enou vodou, naneste g\u00e9l a rozotrite. Ple\u0165 opl\u00e1chnite. <\/span><\/p>\n<p><span style=\"font-family: verdana, geneva; font-size: 12pt;\"><strong>Upozornenia:<\/strong> Len na vonkaj\u0161ie pou\u017eitie.<\/span><\/p>\n<p><img decoding=\"async\" src=\"\/user\/documents\/upload\/mceclip1-10.png?1639733319\" \/><\/p>\n<p><span style=\"font-family: verdana, geneva; font-size: 12pt;\"><strong>Objem:<\/strong>&nbsp;75 ml&nbsp;<\/span><\/p>\n<p><span style=\"font-family: verdana, geneva; font-size: 12pt;\"><strong>Krajina p\u00f4vodu:<\/strong> Rusko<\/span><\/p>\n<p>&nbsp;<\/p>\n<p><span style=\"font-size: 12pt;\"><strong><span style=\"font-family: verdana, geneva;\">3. Hydrata\u010dn\u00fd kr\u00e9m na tv\u00e1r Aloe Vera &#8211; 30 ml&nbsp;<\/span><\/strong><\/span><\/p>\n<p><span style=\"font-family: verdana, geneva; font-size: 12pt;\">Hydrata\u010dn\u00fd kr\u00e9m Aloe Vera intenz\u00edvne <strong>nas\u00fdti such\u00fa dehydrovan\u00fa poko\u017eku vlhkos\u0165ou, obnovuje hydro-lipidov\u00fa rovnov\u00e1hu poko\u017eky, dod\u00e1va komfort po cel\u00fd de\u0148. <\/strong><\/span><\/p>\n<p><span style=\"font-size: 12pt;\"><strong><span style=\"font-family: verdana, geneva;\">Akt\u00edvne zlo\u017eky:<\/span><\/strong><\/span><\/p>\n<ul>\n<li><span style=\"font-family: verdana, geneva; font-size: 12pt;\"><strong>Organick\u00fd extrakt z Aloe Vera<\/strong>&nbsp;obsahuje vitam\u00edny, aminokyseliny, miner\u00e1ly, polysacharidy, fytonc\u00eddy, m\u00e1 vysok\u00fa biologick\u00fa dostupnos\u0165 a je prirodzen\u00fdm stimul\u00e1torom regener\u00e1cie buniek a tkan\u00edv, poskytuje h\u013abkov\u00fa hydrat\u00e1ciu, upokojuje poko\u017eku , rob\u00ed ju jemnou a hebkou.<\/span><\/li>\n<li><span style=\"font-family: verdana, geneva; font-size: 12pt;\"><strong>Bambuck\u00e9 maslo<\/strong> poko\u017eku vy\u017eivuje, akt\u00edvne omladzuje, zvy\u0161uje jej elasticitu, \u00fa\u010dinne obnovuje kolag\u00e9n, v\u010faka \u010domu je pru\u017enej\u0161ia a mladistvej\u0161ia.<\/span><\/li>\n<li><span style=\"font-family: verdana, geneva; font-size: 12pt;\"><strong>Vitam\u00edn E<\/strong> vy\u017eivuje a chr\u00e1ni ko\u017en\u00e9 bunky, spoma\u013euje prirodzen\u00e9 starnutie.<\/span><\/li>\n<\/ul>\n<p>&nbsp;<\/p>\n<p><span style=\"font-family: verdana, geneva; font-size: 12pt;\">V\u00fdrobok obsahuje viac ako 98% bylinn\u00fdch zlo\u017eiek.<\/span><\/p>\n<p><span style=\"font-family: verdana, geneva; font-size: 12pt;\"><meta charset=\"UTF-8\" \/><strong>Sp\u00f4sob pou\u017eitia:<\/strong> Aplikujte na \u010dist\u00fa poko\u017eku, vyhnite sa oblasti o\u010d\u00ed.<\/span><\/p>\n<p><img decoding=\"async\" src=\"\/user\/documents\/upload\/mceclip2-3.png?1639733346\" \/><\/p>\n<p><span style=\"font-family: verdana, geneva; font-size: 12pt;\"><strong>Objem:<\/strong>&nbsp;30 ml&nbsp;<\/span><\/p>\n<p><span style=\"font-family: verdana, geneva; font-size: 12pt;\"><strong>Krajina p\u00f4vodu:<\/strong> Rusko<\/span><\/p>\n","protected":false},"excerpt":{"rendered":"<p>Set obsahuje: 1. \u010cistiace ple\u0165ov\u00e9 tonikum Aloe Vera &#8211; 150 ml \u010cistiace ple\u0165ov\u00e9 tonikum 150 ml ECOLATIER Organic Aloe Vera dokonale tonizuje ple\u0165, &nbsp;zvlh\u010duje poko\u017eku, stimuluje tvorbu kolag\u00e9nu a elast\u00ednu. Obnovuje prirodzen\u00fa rovnov\u00e1hu poko\u017eky a s\u0165ahuje p\u00f3ry. Produkt obsahuje 100% organick\u00fd extrakt z Aloe Vera. Vhodn\u00e9 pre v\u0161etky typy pleti. Akt\u00edvne zlo\u017eky: Organick\u00fd extrakt z [&hellip;]<\/p>\n","protected":false},"featured_media":7905,"comment_status":"open","ping_status":"open","template":"","meta":{"site-sidebar-layout":"default","site-content-layout":"","ast-site-content-layout":"default","site-content-style":"default","site-sidebar-style":"default","ast-global-header-display":"","ast-banner-title-visibility":"","ast-main-header-display":"","ast-hfb-above-header-display":"","ast-hfb-below-header-display":"","ast-hfb-mobile-header-display":"","site-post-title":"","ast-breadcrumbs-content":"","ast-featured-img":"","footer-sml-layout":"","ast-disable-related-posts":"","theme-transparent-header-meta":"","adv-header-id-meta":"","stick-header-meta":"","header-above-stick-meta":"","header-main-stick-meta":"","header-below-stick-meta":"","astra-migrate-meta-layouts":"default","ast-page-background-enabled":"default","ast-page-background-meta":{"desktop":{"background-color":"","background-image":"","background-repeat":"repeat","background-position":"center center","background-size":"auto","background-attachment":"scroll","background-type":"","background-media":"","overlay-type":"","overlay-color":"","overlay-opacity":"","overlay-gradient":""},"tablet":{"background-color":"","background-image":"","background-repeat":"repeat","background-position":"center center","background-size":"auto","background-attachment":"scroll","background-type":"","background-media":"","overlay-type":"","overlay-color":"","overlay-opacity":"","overlay-gradient":""},"mobile":{"background-color":"","background-image":"","background-repeat":"repeat","background-position":"center center","background-size":"auto","background-attachment":"scroll","background-type":"","background-media":"","overlay-type":"","overlay-color":"","overlay-opacity":"","overlay-gradient":""}},"ast-content-background-meta":{"desktop":{"background-color":"var(--ast-global-color-5)","background-image":"","background-repeat":"repeat","background-position":"center center","background-size":"auto","background-attachment":"scroll","background-type":"","background-media":"","overlay-type":"","overlay-color":"","overlay-opacity":"","overlay-gradient":""},"tablet":{"background-color":"var(--ast-global-color-5)","background-image":"","background-repeat":"repeat","background-position":"center center","background-size":"auto","background-attachment":"scroll","background-type":"","background-media":"","overlay-type":"","overlay-color":"","overlay-opacity":"","overlay-gradient":""},"mobile":{"background-color":"var(--ast-global-color-5)","background-image":"","background-repeat":"repeat","background-position":"center center","background-size":"auto","background-attachment":"scroll","background-type":"","background-media":"","overlay-type":"","overlay-color":"","overlay-opacity":"","overlay-gradient":""}}},"product_brand":[],"product_cat":[275],"product_tag":[],"class_list":{"0":"post-7904","1":"product","2":"type-product","3":"status-publish","4":"has-post-thumbnail","6":"product_cat-darcekove-sety","7":"pa_cena-dopravy-367","8":"pa_doprava-zasilkovna","9":"pa_ean-1051","10":"pa_typ-partnersky-predaj","11":"pa_znacka-ecolatier","12":"desktop-align-left","13":"tablet-align-left","14":"mobile-align-left","16":"first","17":"instock","18":"product-type-external"},"yoast_head":"<!-- This site is optimized with the Yoast SEO plugin v27.2 - https:\/\/yoast.com\/product\/yoast-seo-wordpress\/ -->\n<title>Dar\u010dekov\u00fd set Aloe vera - Ecolatier Organic - EKO-BIO-NATURA BIO OBCHOD<\/title>\n<meta name=\"robots\" content=\"index, follow, max-snippet:-1, max-image-preview:large, max-video-preview:-1\" \/>\n<link rel=\"canonical\" href=\"https:\/\/www.eko-bio-natura.sk\/shop\/produkt\/darcekovy-set-aloe-vera-ecolatier-organic\/\" \/>\n<meta property=\"og:locale\" content=\"sk_SK\" \/>\n<meta property=\"og:type\" content=\"article\" \/>\n<meta property=\"og:title\" content=\"Dar\u010dekov\u00fd set Aloe vera - Ecolatier Organic - EKO-BIO-NATURA BIO OBCHOD\" \/>\n<meta property=\"og:description\" content=\"Set obsahuje: 1. \u010cistiace ple\u0165ov\u00e9 tonikum Aloe Vera &#8211; 150 ml \u010cistiace ple\u0165ov\u00e9 tonikum 150 ml ECOLATIER Organic Aloe Vera dokonale tonizuje ple\u0165, &nbsp;zvlh\u010duje poko\u017eku, stimuluje tvorbu kolag\u00e9nu a elast\u00ednu. Obnovuje prirodzen\u00fa rovnov\u00e1hu poko\u017eky a s\u0165ahuje p\u00f3ry. Produkt obsahuje 100% organick\u00fd extrakt z Aloe Vera. Vhodn\u00e9 pre v\u0161etky typy pleti. Akt\u00edvne zlo\u017eky: Organick\u00fd extrakt z [&hellip;]\" \/>\n<meta property=\"og:url\" content=\"https:\/\/www.eko-bio-natura.sk\/shop\/produkt\/darcekovy-set-aloe-vera-ecolatier-organic\/\" \/>\n<meta property=\"og:site_name\" content=\"EKO-BIO-NATURA BIO OBCHOD\" \/>\n<meta property=\"article:modified_time\" content=\"2022-05-04T14:41:47+00:00\" \/>\n<meta property=\"og:image\" content=\"https:\/\/www.eko-bio-natura.sk\/shop\/wp-content\/uploads\/2021\/12\/14592_darcekovy-set-aloe-vera-ecolatier-organic.jpg\" \/>\n\t<meta property=\"og:image:width\" content=\"1000\" \/>\n\t<meta property=\"og:image:height\" content=\"1000\" \/>\n\t<meta property=\"og:image:type\" content=\"image\/jpeg\" \/>\n<meta name=\"twitter:card\" content=\"summary_large_image\" \/>\n<meta name=\"twitter:label1\" content=\"Predpokladan\u00fd \u010das \u010d\u00edtania\" \/>\n\t<meta name=\"twitter:data1\" content=\"2 min\u00faty\" \/>\n<script type=\"application\/ld+json\" class=\"yoast-schema-graph\">{\"@context\":\"https:\/\/schema.org\",\"@graph\":[{\"@type\":\"WebPage\",\"@id\":\"https:\/\/www.eko-bio-natura.sk\/shop\/produkt\/darcekovy-set-aloe-vera-ecolatier-organic\/\",\"url\":\"https:\/\/www.eko-bio-natura.sk\/shop\/produkt\/darcekovy-set-aloe-vera-ecolatier-organic\/\",\"name\":\"Dar\u010dekov\u00fd set Aloe vera - Ecolatier Organic - EKO-BIO-NATURA BIO OBCHOD\",\"isPartOf\":{\"@id\":\"https:\/\/www.eko-bio-natura.sk\/shop\/#website\"},\"primaryImageOfPage\":{\"@id\":\"https:\/\/www.eko-bio-natura.sk\/shop\/produkt\/darcekovy-set-aloe-vera-ecolatier-organic\/#primaryimage\"},\"image\":{\"@id\":\"https:\/\/www.eko-bio-natura.sk\/shop\/produkt\/darcekovy-set-aloe-vera-ecolatier-organic\/#primaryimage\"},\"thumbnailUrl\":\"https:\/\/www.eko-bio-natura.sk\/shop\/wp-content\/uploads\/2021\/12\/14592_darcekovy-set-aloe-vera-ecolatier-organic.jpg\",\"datePublished\":\"2021-12-28T17:19:14+00:00\",\"dateModified\":\"2022-05-04T14:41:47+00:00\",\"breadcrumb\":{\"@id\":\"https:\/\/www.eko-bio-natura.sk\/shop\/produkt\/darcekovy-set-aloe-vera-ecolatier-organic\/#breadcrumb\"},\"inLanguage\":\"sk-SK\",\"potentialAction\":[{\"@type\":\"ReadAction\",\"target\":[\"https:\/\/www.eko-bio-natura.sk\/shop\/produkt\/darcekovy-set-aloe-vera-ecolatier-organic\/\"]}]},{\"@type\":\"ImageObject\",\"inLanguage\":\"sk-SK\",\"@id\":\"https:\/\/www.eko-bio-natura.sk\/shop\/produkt\/darcekovy-set-aloe-vera-ecolatier-organic\/#primaryimage\",\"url\":\"https:\/\/www.eko-bio-natura.sk\/shop\/wp-content\/uploads\/2021\/12\/14592_darcekovy-set-aloe-vera-ecolatier-organic.jpg\",\"contentUrl\":\"https:\/\/www.eko-bio-natura.sk\/shop\/wp-content\/uploads\/2021\/12\/14592_darcekovy-set-aloe-vera-ecolatier-organic.jpg\",\"width\":1000,\"height\":1000},{\"@type\":\"BreadcrumbList\",\"@id\":\"https:\/\/www.eko-bio-natura.sk\/shop\/produkt\/darcekovy-set-aloe-vera-ecolatier-organic\/#breadcrumb\",\"itemListElement\":[{\"@type\":\"ListItem\",\"position\":1,\"name\":\"Domovsk\u00e1 str\u00e1nka\",\"item\":\"https:\/\/www.eko-bio-natura.sk\/shop\/\"},{\"@type\":\"ListItem\",\"position\":2,\"name\":\"Obchod\",\"item\":\"https:\/\/www.eko-bio-natura.sk\/shop\/?page_id=6\"},{\"@type\":\"ListItem\",\"position\":3,\"name\":\"Dar\u010dekov\u00fd set Aloe vera &#8211; Ecolatier Organic\"}]},{\"@type\":\"WebSite\",\"@id\":\"https:\/\/www.eko-bio-natura.sk\/shop\/#website\",\"url\":\"https:\/\/www.eko-bio-natura.sk\/shop\/\",\"name\":\"EKO-BIO-NATURA BIO OBCHOD\",\"description\":\"\",\"publisher\":{\"@id\":\"https:\/\/www.eko-bio-natura.sk\/shop\/#organization\"},\"potentialAction\":[{\"@type\":\"SearchAction\",\"target\":{\"@type\":\"EntryPoint\",\"urlTemplate\":\"https:\/\/www.eko-bio-natura.sk\/shop\/?s={search_term_string}\"},\"query-input\":{\"@type\":\"PropertyValueSpecification\",\"valueRequired\":true,\"valueName\":\"search_term_string\"}}],\"inLanguage\":\"sk-SK\"},{\"@type\":\"Organization\",\"@id\":\"https:\/\/www.eko-bio-natura.sk\/shop\/#organization\",\"name\":\"EKO-BIO-NATURA BIO OBCHOD\",\"url\":\"https:\/\/www.eko-bio-natura.sk\/shop\/\",\"logo\":{\"@type\":\"ImageObject\",\"inLanguage\":\"sk-SK\",\"@id\":\"https:\/\/www.eko-bio-natura.sk\/shop\/#\/schema\/logo\/image\/\",\"url\":\"https:\/\/www.eko-bio-natura.sk\/shop\/wp-content\/uploads\/2021\/04\/eko-bio-natura_logo.png\",\"contentUrl\":\"https:\/\/www.eko-bio-natura.sk\/shop\/wp-content\/uploads\/2021\/04\/eko-bio-natura_logo.png\",\"width\":552,\"height\":194,\"caption\":\"EKO-BIO-NATURA BIO OBCHOD\"},\"image\":{\"@id\":\"https:\/\/www.eko-bio-natura.sk\/shop\/#\/schema\/logo\/image\/\"}}]}<\/script>\n<!-- \/ Yoast SEO plugin. -->","yoast_head_json":{"title":"Dar\u010dekov\u00fd set Aloe vera - Ecolatier Organic - EKO-BIO-NATURA BIO OBCHOD","robots":{"index":"index","follow":"follow","max-snippet":"max-snippet:-1","max-image-preview":"max-image-preview:large","max-video-preview":"max-video-preview:-1"},"canonical":"https:\/\/www.eko-bio-natura.sk\/shop\/produkt\/darcekovy-set-aloe-vera-ecolatier-organic\/","og_locale":"sk_SK","og_type":"article","og_title":"Dar\u010dekov\u00fd set Aloe vera - Ecolatier Organic - EKO-BIO-NATURA BIO OBCHOD","og_description":"Set obsahuje: 1. \u010cistiace ple\u0165ov\u00e9 tonikum Aloe Vera &#8211; 150 ml \u010cistiace ple\u0165ov\u00e9 tonikum 150 ml ECOLATIER Organic Aloe Vera dokonale tonizuje ple\u0165, &nbsp;zvlh\u010duje poko\u017eku, stimuluje tvorbu kolag\u00e9nu a elast\u00ednu. Obnovuje prirodzen\u00fa rovnov\u00e1hu poko\u017eky a s\u0165ahuje p\u00f3ry. Produkt obsahuje 100% organick\u00fd extrakt z Aloe Vera. Vhodn\u00e9 pre v\u0161etky typy pleti. Akt\u00edvne zlo\u017eky: Organick\u00fd extrakt z [&hellip;]","og_url":"https:\/\/www.eko-bio-natura.sk\/shop\/produkt\/darcekovy-set-aloe-vera-ecolatier-organic\/","og_site_name":"EKO-BIO-NATURA BIO OBCHOD","article_modified_time":"2022-05-04T14:41:47+00:00","og_image":[{"width":1000,"height":1000,"url":"https:\/\/www.eko-bio-natura.sk\/shop\/wp-content\/uploads\/2021\/12\/14592_darcekovy-set-aloe-vera-ecolatier-organic.jpg","type":"image\/jpeg"}],"twitter_card":"summary_large_image","twitter_misc":{"Predpokladan\u00fd \u010das \u010d\u00edtania":"2 min\u00faty"},"schema":{"@context":"https:\/\/schema.org","@graph":[{"@type":"WebPage","@id":"https:\/\/www.eko-bio-natura.sk\/shop\/produkt\/darcekovy-set-aloe-vera-ecolatier-organic\/","url":"https:\/\/www.eko-bio-natura.sk\/shop\/produkt\/darcekovy-set-aloe-vera-ecolatier-organic\/","name":"Dar\u010dekov\u00fd set Aloe vera - Ecolatier Organic - EKO-BIO-NATURA BIO OBCHOD","isPartOf":{"@id":"https:\/\/www.eko-bio-natura.sk\/shop\/#website"},"primaryImageOfPage":{"@id":"https:\/\/www.eko-bio-natura.sk\/shop\/produkt\/darcekovy-set-aloe-vera-ecolatier-organic\/#primaryimage"},"image":{"@id":"https:\/\/www.eko-bio-natura.sk\/shop\/produkt\/darcekovy-set-aloe-vera-ecolatier-organic\/#primaryimage"},"thumbnailUrl":"https:\/\/www.eko-bio-natura.sk\/shop\/wp-content\/uploads\/2021\/12\/14592_darcekovy-set-aloe-vera-ecolatier-organic.jpg","datePublished":"2021-12-28T17:19:14+00:00","dateModified":"2022-05-04T14:41:47+00:00","breadcrumb":{"@id":"https:\/\/www.eko-bio-natura.sk\/shop\/produkt\/darcekovy-set-aloe-vera-ecolatier-organic\/#breadcrumb"},"inLanguage":"sk-SK","potentialAction":[{"@type":"ReadAction","target":["https:\/\/www.eko-bio-natura.sk\/shop\/produkt\/darcekovy-set-aloe-vera-ecolatier-organic\/"]}]},{"@type":"ImageObject","inLanguage":"sk-SK","@id":"https:\/\/www.eko-bio-natura.sk\/shop\/produkt\/darcekovy-set-aloe-vera-ecolatier-organic\/#primaryimage","url":"https:\/\/www.eko-bio-natura.sk\/shop\/wp-content\/uploads\/2021\/12\/14592_darcekovy-set-aloe-vera-ecolatier-organic.jpg","contentUrl":"https:\/\/www.eko-bio-natura.sk\/shop\/wp-content\/uploads\/2021\/12\/14592_darcekovy-set-aloe-vera-ecolatier-organic.jpg","width":1000,"height":1000},{"@type":"BreadcrumbList","@id":"https:\/\/www.eko-bio-natura.sk\/shop\/produkt\/darcekovy-set-aloe-vera-ecolatier-organic\/#breadcrumb","itemListElement":[{"@type":"ListItem","position":1,"name":"Domovsk\u00e1 str\u00e1nka","item":"https:\/\/www.eko-bio-natura.sk\/shop\/"},{"@type":"ListItem","position":2,"name":"Obchod","item":"https:\/\/www.eko-bio-natura.sk\/shop\/?page_id=6"},{"@type":"ListItem","position":3,"name":"Dar\u010dekov\u00fd set Aloe vera &#8211; Ecolatier Organic"}]},{"@type":"WebSite","@id":"https:\/\/www.eko-bio-natura.sk\/shop\/#website","url":"https:\/\/www.eko-bio-natura.sk\/shop\/","name":"EKO-BIO-NATURA BIO OBCHOD","description":"","publisher":{"@id":"https:\/\/www.eko-bio-natura.sk\/shop\/#organization"},"potentialAction":[{"@type":"SearchAction","target":{"@type":"EntryPoint","urlTemplate":"https:\/\/www.eko-bio-natura.sk\/shop\/?s={search_term_string}"},"query-input":{"@type":"PropertyValueSpecification","valueRequired":true,"valueName":"search_term_string"}}],"inLanguage":"sk-SK"},{"@type":"Organization","@id":"https:\/\/www.eko-bio-natura.sk\/shop\/#organization","name":"EKO-BIO-NATURA BIO OBCHOD","url":"https:\/\/www.eko-bio-natura.sk\/shop\/","logo":{"@type":"ImageObject","inLanguage":"sk-SK","@id":"https:\/\/www.eko-bio-natura.sk\/shop\/#\/schema\/logo\/image\/","url":"https:\/\/www.eko-bio-natura.sk\/shop\/wp-content\/uploads\/2021\/04\/eko-bio-natura_logo.png","contentUrl":"https:\/\/www.eko-bio-natura.sk\/shop\/wp-content\/uploads\/2021\/04\/eko-bio-natura_logo.png","width":552,"height":194,"caption":"EKO-BIO-NATURA BIO OBCHOD"},"image":{"@id":"https:\/\/www.eko-bio-natura.sk\/shop\/#\/schema\/logo\/image\/"}}]}},"_links":{"self":[{"href":"https:\/\/www.eko-bio-natura.sk\/shop\/wp-json\/wp\/v2\/product\/7904","targetHints":{"allow":["GET"]}}],"collection":[{"href":"https:\/\/www.eko-bio-natura.sk\/shop\/wp-json\/wp\/v2\/product"}],"about":[{"href":"https:\/\/www.eko-bio-natura.sk\/shop\/wp-json\/wp\/v2\/types\/product"}],"replies":[{"embeddable":true,"href":"https:\/\/www.eko-bio-natura.sk\/shop\/wp-json\/wp\/v2\/comments?post=7904"}],"wp:featuredmedia":[{"embeddable":true,"href":"https:\/\/www.eko-bio-natura.sk\/shop\/wp-json\/wp\/v2\/media\/7905"}],"wp:attachment":[{"href":"https:\/\/www.eko-bio-natura.sk\/shop\/wp-json\/wp\/v2\/media?parent=7904"}],"wp:term":[{"taxonomy":"product_brand","embeddable":true,"href":"https:\/\/www.eko-bio-natura.sk\/shop\/wp-json\/wp\/v2\/product_brand?post=7904"},{"taxonomy":"product_cat","embeddable":true,"href":"https:\/\/www.eko-bio-natura.sk\/shop\/wp-json\/wp\/v2\/product_cat?post=7904"},{"taxonomy":"product_tag","embeddable":true,"href":"https:\/\/www.eko-bio-natura.sk\/shop\/wp-json\/wp\/v2\/product_tag?post=7904"}],"curies":[{"name":"wp","href":"https:\/\/api.w.org\/{rel}","templated":true}]}}