{"id":7902,"date":"2021-12-28T18:19:14","date_gmt":"2021-12-28T17:19:14","guid":{"rendered":"https:\/\/www.eko-bio-natura.sk\/shop\/index.php\/produkt\/sampon-balzam-2v1-avokado-ecolatier-organic-250-ml\/"},"modified":"2022-05-04T16:41:46","modified_gmt":"2022-05-04T14:41:46","slug":"sampon-balzam-2v1-avokado-ecolatier-organic-250-ml","status":"publish","type":"product","link":"https:\/\/www.eko-bio-natura.sk\/shop\/produkt\/sampon-balzam-2v1-avokado-ecolatier-organic-250-ml\/","title":{"rendered":"\u0160amp\u00f3n-balzam 2v1 Avok\u00e1do &#8211; Ecolatier Organic -250 ml"},"content":{"rendered":"<p><span style=\"font-family: verdana, geneva; font-size: 12pt;\">\u0160amp\u00f3n-balzam 2v1 s organick\u00fdm avok\u00e1dov\u00fdm olejom <strong>jemne \u010dist\u00ed vlasy a d\u00f4kladne sa star\u00e1 o poko\u017eku hlavy.<\/strong> Pom\u00e1ha optimalizova\u0165 rovnov\u00e1hu <strong>hydrat\u00e1cie, zabra\u0148uje elektrizovaniu vlasov a u\u013eah\u010duje roz\u010des\u00e1vanie<\/strong>. &nbsp;\u0160amp\u00f3n bohat\u00fd na vitam\u00edny B, C, D, E a nenas\u00fdten\u00e9 mastn\u00e9 kyseliny <strong>vy\u017eivuj\u00fa vlasy, \u00fa\u010dinne ich posil\u0148uj\u00fa.<\/strong> Chr\u00e1ni pred UV \u017eiaren\u00edm. Fosfolipidy zvy\u0161uj\u00fa ochrann\u00e9 funkcie poko\u017eky a obnovuj\u00fa rovnov\u00e1hu lipidov.<\/span><\/p>\n<p><span style=\"font-size: 12pt;\"><strong><span style=\"font-family: verdana, geneva;\">Akt\u00edvne zlo\u017eky:<\/span><\/strong><\/span><\/p>\n<ul>\n<li><span style=\"font-family: verdana, geneva; font-size: 12pt;\"><strong>Avok\u00e1dov\u00fd olej<\/strong> u\u013eah\u010duje roz\u010des\u00e1vanie, vy\u017eivuje vlasy a zabra\u0148uje l\u00e1mavosti.<\/span><\/li>\n<li><span style=\"font-family: verdana, geneva; font-size: 12pt;\"><strong>Vitam\u00edny B,C,D,E<\/strong> vy\u017eivuj\u00fa a posil\u0148uj\u00fa vlasy.<\/span><\/li>\n<\/ul>\n<p><span style=\"font-family: verdana, geneva; font-size: 12pt;\"><meta charset=\"UTF-8\" \/><\/span><\/p>\n<p><span style=\"font-family: verdana, geneva; font-size: 12pt;\">Tento v\u00fdrobok zna\u010dky EcoLatier obsahuje minim\u00e1lne 98,7% pr\u00edrodn\u00fdch zlo\u017eiek.<\/span><\/p>\n<p><span style=\"font-family: verdana, geneva; font-size: 12pt;\">Zlo\u017eenie tohto v\u00fdrobku je VEGAN-friendly.<\/span><\/p>\n<p><span style=\"font-family: verdana, geneva; font-size: 12pt;\"><strong>Sp\u00f4sob pou\u017eitia:<\/strong> Naneste na mokr\u00e9 vlasy, nape\u0148te a d\u00f4kladne opl\u00e1chnite.&nbsp;<\/span><\/p>\n<p><img decoding=\"async\" src=\"\/user\/documents\/upload\/mceclip0-264.png?1638457617\" \/><\/p>\n<p><span style=\"font-family: verdana, geneva; font-size: 12pt;\"><strong>Objem:&nbsp;<\/strong>250 ml<\/span><\/p>\n<p><span style=\"font-family: verdana, geneva; font-size: 12pt;\"><strong>Krajina p\u00f4vodu:&nbsp;<\/strong> Rusko<\/span><\/p>\n","protected":false},"excerpt":{"rendered":"<p>\u0160amp\u00f3n-balzam 2v1 s organick\u00fdm avok\u00e1dov\u00fdm olejom jemne \u010dist\u00ed vlasy a d\u00f4kladne sa star\u00e1 o poko\u017eku hlavy. Pom\u00e1ha optimalizova\u0165 rovnov\u00e1hu hydrat\u00e1cie, zabra\u0148uje elektrizovaniu vlasov a u\u013eah\u010duje roz\u010des\u00e1vanie. &nbsp;\u0160amp\u00f3n bohat\u00fd na vitam\u00edny B, C, D, E a nenas\u00fdten\u00e9 mastn\u00e9 kyseliny vy\u017eivuj\u00fa vlasy, \u00fa\u010dinne ich posil\u0148uj\u00fa. Chr\u00e1ni pred UV \u017eiaren\u00edm. Fosfolipidy zvy\u0161uj\u00fa ochrann\u00e9 funkcie poko\u017eky a obnovuj\u00fa rovnov\u00e1hu [&hellip;]<\/p>\n","protected":false},"featured_media":7903,"comment_status":"open","ping_status":"open","template":"","meta":{"site-sidebar-layout":"default","site-content-layout":"","ast-site-content-layout":"default","site-content-style":"default","site-sidebar-style":"default","ast-global-header-display":"","ast-banner-title-visibility":"","ast-main-header-display":"","ast-hfb-above-header-display":"","ast-hfb-below-header-display":"","ast-hfb-mobile-header-display":"","site-post-title":"","ast-breadcrumbs-content":"","ast-featured-img":"","footer-sml-layout":"","ast-disable-related-posts":"","theme-transparent-header-meta":"","adv-header-id-meta":"","stick-header-meta":"","header-above-stick-meta":"","header-main-stick-meta":"","header-below-stick-meta":"","astra-migrate-meta-layouts":"default","ast-page-background-enabled":"default","ast-page-background-meta":{"desktop":{"background-color":"","background-image":"","background-repeat":"repeat","background-position":"center center","background-size":"auto","background-attachment":"scroll","background-type":"","background-media":"","overlay-type":"","overlay-color":"","overlay-opacity":"","overlay-gradient":""},"tablet":{"background-color":"","background-image":"","background-repeat":"repeat","background-position":"center center","background-size":"auto","background-attachment":"scroll","background-type":"","background-media":"","overlay-type":"","overlay-color":"","overlay-opacity":"","overlay-gradient":""},"mobile":{"background-color":"","background-image":"","background-repeat":"repeat","background-position":"center center","background-size":"auto","background-attachment":"scroll","background-type":"","background-media":"","overlay-type":"","overlay-color":"","overlay-opacity":"","overlay-gradient":""}},"ast-content-background-meta":{"desktop":{"background-color":"var(--ast-global-color-5)","background-image":"","background-repeat":"repeat","background-position":"center center","background-size":"auto","background-attachment":"scroll","background-type":"","background-media":"","overlay-type":"","overlay-color":"","overlay-opacity":"","overlay-gradient":""},"tablet":{"background-color":"var(--ast-global-color-5)","background-image":"","background-repeat":"repeat","background-position":"center center","background-size":"auto","background-attachment":"scroll","background-type":"","background-media":"","overlay-type":"","overlay-color":"","overlay-opacity":"","overlay-gradient":""},"mobile":{"background-color":"var(--ast-global-color-5)","background-image":"","background-repeat":"repeat","background-position":"center center","background-size":"auto","background-attachment":"scroll","background-type":"","background-media":"","overlay-type":"","overlay-color":"","overlay-opacity":"","overlay-gradient":""}}},"product_brand":[],"product_cat":[19,187,2741,30],"product_tag":[362],"class_list":{"0":"post-7902","1":"product","2":"type-product","3":"status-publish","4":"has-post-thumbnail","6":"product_cat-prirodna-kozmetika","7":"product_cat-tradicna-ruska-medicina","8":"product_cat-vegan","9":"product_cat-vlasova-kozmetika","10":"product_tag-vegan","11":"pa_cena-dopravy-367","12":"pa_doprava-zasilkovna","13":"pa_typ-partnersky-predaj","14":"pa_znacka-ecolatier","15":"desktop-align-left","16":"tablet-align-left","17":"mobile-align-left","19":"first","20":"instock","21":"product-type-external"},"yoast_head":"<!-- This site is optimized with the Yoast SEO plugin v27.2 - https:\/\/yoast.com\/product\/yoast-seo-wordpress\/ -->\n<title>\u0160amp\u00f3n-balzam 2v1 Avok\u00e1do - Ecolatier Organic -250 ml - EKO-BIO-NATURA BIO OBCHOD<\/title>\n<meta name=\"robots\" content=\"index, follow, max-snippet:-1, max-image-preview:large, max-video-preview:-1\" \/>\n<link rel=\"canonical\" href=\"https:\/\/www.eko-bio-natura.sk\/shop\/produkt\/sampon-balzam-2v1-avokado-ecolatier-organic-250-ml\/\" \/>\n<meta property=\"og:locale\" content=\"sk_SK\" \/>\n<meta property=\"og:type\" content=\"article\" \/>\n<meta property=\"og:title\" content=\"\u0160amp\u00f3n-balzam 2v1 Avok\u00e1do - Ecolatier Organic -250 ml - EKO-BIO-NATURA BIO OBCHOD\" \/>\n<meta property=\"og:description\" content=\"\u0160amp\u00f3n-balzam 2v1 s organick\u00fdm avok\u00e1dov\u00fdm olejom jemne \u010dist\u00ed vlasy a d\u00f4kladne sa star\u00e1 o poko\u017eku hlavy. Pom\u00e1ha optimalizova\u0165 rovnov\u00e1hu hydrat\u00e1cie, zabra\u0148uje elektrizovaniu vlasov a u\u013eah\u010duje roz\u010des\u00e1vanie. &nbsp;\u0160amp\u00f3n bohat\u00fd na vitam\u00edny B, C, D, E a nenas\u00fdten\u00e9 mastn\u00e9 kyseliny vy\u017eivuj\u00fa vlasy, \u00fa\u010dinne ich posil\u0148uj\u00fa. Chr\u00e1ni pred UV \u017eiaren\u00edm. Fosfolipidy zvy\u0161uj\u00fa ochrann\u00e9 funkcie poko\u017eky a obnovuj\u00fa rovnov\u00e1hu [&hellip;]\" \/>\n<meta property=\"og:url\" content=\"https:\/\/www.eko-bio-natura.sk\/shop\/produkt\/sampon-balzam-2v1-avokado-ecolatier-organic-250-ml\/\" \/>\n<meta property=\"og:site_name\" content=\"EKO-BIO-NATURA BIO OBCHOD\" \/>\n<meta property=\"article:modified_time\" content=\"2022-05-04T14:41:46+00:00\" \/>\n<meta property=\"og:image\" content=\"https:\/\/www.eko-bio-natura.sk\/shop\/wp-content\/uploads\/2021\/12\/14589_eclo-avocado-szampon-balsam-do-wlosow-2w1-350-ml.png\" \/>\n\t<meta property=\"og:image:width\" content=\"500\" \/>\n\t<meta property=\"og:image:height\" content=\"620\" \/>\n\t<meta property=\"og:image:type\" content=\"image\/png\" \/>\n<meta name=\"twitter:card\" content=\"summary_large_image\" \/>\n<meta name=\"twitter:label1\" content=\"Predpokladan\u00fd \u010das \u010d\u00edtania\" \/>\n\t<meta name=\"twitter:data1\" content=\"1 min\u00fata\" \/>\n<script type=\"application\/ld+json\" class=\"yoast-schema-graph\">{\"@context\":\"https:\/\/schema.org\",\"@graph\":[{\"@type\":\"WebPage\",\"@id\":\"https:\/\/www.eko-bio-natura.sk\/shop\/produkt\/sampon-balzam-2v1-avokado-ecolatier-organic-250-ml\/\",\"url\":\"https:\/\/www.eko-bio-natura.sk\/shop\/produkt\/sampon-balzam-2v1-avokado-ecolatier-organic-250-ml\/\",\"name\":\"\u0160amp\u00f3n-balzam 2v1 Avok\u00e1do - Ecolatier Organic -250 ml - EKO-BIO-NATURA BIO OBCHOD\",\"isPartOf\":{\"@id\":\"https:\/\/www.eko-bio-natura.sk\/shop\/#website\"},\"primaryImageOfPage\":{\"@id\":\"https:\/\/www.eko-bio-natura.sk\/shop\/produkt\/sampon-balzam-2v1-avokado-ecolatier-organic-250-ml\/#primaryimage\"},\"image\":{\"@id\":\"https:\/\/www.eko-bio-natura.sk\/shop\/produkt\/sampon-balzam-2v1-avokado-ecolatier-organic-250-ml\/#primaryimage\"},\"thumbnailUrl\":\"https:\/\/www.eko-bio-natura.sk\/shop\/wp-content\/uploads\/2021\/12\/14589_eclo-avocado-szampon-balsam-do-wlosow-2w1-350-ml.png\",\"datePublished\":\"2021-12-28T17:19:14+00:00\",\"dateModified\":\"2022-05-04T14:41:46+00:00\",\"breadcrumb\":{\"@id\":\"https:\/\/www.eko-bio-natura.sk\/shop\/produkt\/sampon-balzam-2v1-avokado-ecolatier-organic-250-ml\/#breadcrumb\"},\"inLanguage\":\"sk-SK\",\"potentialAction\":[{\"@type\":\"ReadAction\",\"target\":[\"https:\/\/www.eko-bio-natura.sk\/shop\/produkt\/sampon-balzam-2v1-avokado-ecolatier-organic-250-ml\/\"]}]},{\"@type\":\"ImageObject\",\"inLanguage\":\"sk-SK\",\"@id\":\"https:\/\/www.eko-bio-natura.sk\/shop\/produkt\/sampon-balzam-2v1-avokado-ecolatier-organic-250-ml\/#primaryimage\",\"url\":\"https:\/\/www.eko-bio-natura.sk\/shop\/wp-content\/uploads\/2021\/12\/14589_eclo-avocado-szampon-balsam-do-wlosow-2w1-350-ml.png\",\"contentUrl\":\"https:\/\/www.eko-bio-natura.sk\/shop\/wp-content\/uploads\/2021\/12\/14589_eclo-avocado-szampon-balsam-do-wlosow-2w1-350-ml.png\",\"width\":500,\"height\":620},{\"@type\":\"BreadcrumbList\",\"@id\":\"https:\/\/www.eko-bio-natura.sk\/shop\/produkt\/sampon-balzam-2v1-avokado-ecolatier-organic-250-ml\/#breadcrumb\",\"itemListElement\":[{\"@type\":\"ListItem\",\"position\":1,\"name\":\"Domovsk\u00e1 str\u00e1nka\",\"item\":\"https:\/\/www.eko-bio-natura.sk\/shop\/\"},{\"@type\":\"ListItem\",\"position\":2,\"name\":\"Obchod\",\"item\":\"https:\/\/www.eko-bio-natura.sk\/shop\/?page_id=6\"},{\"@type\":\"ListItem\",\"position\":3,\"name\":\"\u0160amp\u00f3n-balzam 2v1 Avok\u00e1do &#8211; Ecolatier Organic -250 ml\"}]},{\"@type\":\"WebSite\",\"@id\":\"https:\/\/www.eko-bio-natura.sk\/shop\/#website\",\"url\":\"https:\/\/www.eko-bio-natura.sk\/shop\/\",\"name\":\"EKO-BIO-NATURA BIO OBCHOD\",\"description\":\"\",\"publisher\":{\"@id\":\"https:\/\/www.eko-bio-natura.sk\/shop\/#organization\"},\"potentialAction\":[{\"@type\":\"SearchAction\",\"target\":{\"@type\":\"EntryPoint\",\"urlTemplate\":\"https:\/\/www.eko-bio-natura.sk\/shop\/?s={search_term_string}\"},\"query-input\":{\"@type\":\"PropertyValueSpecification\",\"valueRequired\":true,\"valueName\":\"search_term_string\"}}],\"inLanguage\":\"sk-SK\"},{\"@type\":\"Organization\",\"@id\":\"https:\/\/www.eko-bio-natura.sk\/shop\/#organization\",\"name\":\"EKO-BIO-NATURA BIO OBCHOD\",\"url\":\"https:\/\/www.eko-bio-natura.sk\/shop\/\",\"logo\":{\"@type\":\"ImageObject\",\"inLanguage\":\"sk-SK\",\"@id\":\"https:\/\/www.eko-bio-natura.sk\/shop\/#\/schema\/logo\/image\/\",\"url\":\"https:\/\/www.eko-bio-natura.sk\/shop\/wp-content\/uploads\/2021\/04\/eko-bio-natura_logo.png\",\"contentUrl\":\"https:\/\/www.eko-bio-natura.sk\/shop\/wp-content\/uploads\/2021\/04\/eko-bio-natura_logo.png\",\"width\":552,\"height\":194,\"caption\":\"EKO-BIO-NATURA BIO OBCHOD\"},\"image\":{\"@id\":\"https:\/\/www.eko-bio-natura.sk\/shop\/#\/schema\/logo\/image\/\"}}]}<\/script>\n<!-- \/ Yoast SEO plugin. -->","yoast_head_json":{"title":"\u0160amp\u00f3n-balzam 2v1 Avok\u00e1do - Ecolatier Organic -250 ml - EKO-BIO-NATURA BIO OBCHOD","robots":{"index":"index","follow":"follow","max-snippet":"max-snippet:-1","max-image-preview":"max-image-preview:large","max-video-preview":"max-video-preview:-1"},"canonical":"https:\/\/www.eko-bio-natura.sk\/shop\/produkt\/sampon-balzam-2v1-avokado-ecolatier-organic-250-ml\/","og_locale":"sk_SK","og_type":"article","og_title":"\u0160amp\u00f3n-balzam 2v1 Avok\u00e1do - Ecolatier Organic -250 ml - EKO-BIO-NATURA BIO OBCHOD","og_description":"\u0160amp\u00f3n-balzam 2v1 s organick\u00fdm avok\u00e1dov\u00fdm olejom jemne \u010dist\u00ed vlasy a d\u00f4kladne sa star\u00e1 o poko\u017eku hlavy. Pom\u00e1ha optimalizova\u0165 rovnov\u00e1hu hydrat\u00e1cie, zabra\u0148uje elektrizovaniu vlasov a u\u013eah\u010duje roz\u010des\u00e1vanie. &nbsp;\u0160amp\u00f3n bohat\u00fd na vitam\u00edny B, C, D, E a nenas\u00fdten\u00e9 mastn\u00e9 kyseliny vy\u017eivuj\u00fa vlasy, \u00fa\u010dinne ich posil\u0148uj\u00fa. Chr\u00e1ni pred UV \u017eiaren\u00edm. Fosfolipidy zvy\u0161uj\u00fa ochrann\u00e9 funkcie poko\u017eky a obnovuj\u00fa rovnov\u00e1hu [&hellip;]","og_url":"https:\/\/www.eko-bio-natura.sk\/shop\/produkt\/sampon-balzam-2v1-avokado-ecolatier-organic-250-ml\/","og_site_name":"EKO-BIO-NATURA BIO OBCHOD","article_modified_time":"2022-05-04T14:41:46+00:00","og_image":[{"width":500,"height":620,"url":"https:\/\/www.eko-bio-natura.sk\/shop\/wp-content\/uploads\/2021\/12\/14589_eclo-avocado-szampon-balsam-do-wlosow-2w1-350-ml.png","type":"image\/png"}],"twitter_card":"summary_large_image","twitter_misc":{"Predpokladan\u00fd \u010das \u010d\u00edtania":"1 min\u00fata"},"schema":{"@context":"https:\/\/schema.org","@graph":[{"@type":"WebPage","@id":"https:\/\/www.eko-bio-natura.sk\/shop\/produkt\/sampon-balzam-2v1-avokado-ecolatier-organic-250-ml\/","url":"https:\/\/www.eko-bio-natura.sk\/shop\/produkt\/sampon-balzam-2v1-avokado-ecolatier-organic-250-ml\/","name":"\u0160amp\u00f3n-balzam 2v1 Avok\u00e1do - Ecolatier Organic -250 ml - EKO-BIO-NATURA BIO OBCHOD","isPartOf":{"@id":"https:\/\/www.eko-bio-natura.sk\/shop\/#website"},"primaryImageOfPage":{"@id":"https:\/\/www.eko-bio-natura.sk\/shop\/produkt\/sampon-balzam-2v1-avokado-ecolatier-organic-250-ml\/#primaryimage"},"image":{"@id":"https:\/\/www.eko-bio-natura.sk\/shop\/produkt\/sampon-balzam-2v1-avokado-ecolatier-organic-250-ml\/#primaryimage"},"thumbnailUrl":"https:\/\/www.eko-bio-natura.sk\/shop\/wp-content\/uploads\/2021\/12\/14589_eclo-avocado-szampon-balsam-do-wlosow-2w1-350-ml.png","datePublished":"2021-12-28T17:19:14+00:00","dateModified":"2022-05-04T14:41:46+00:00","breadcrumb":{"@id":"https:\/\/www.eko-bio-natura.sk\/shop\/produkt\/sampon-balzam-2v1-avokado-ecolatier-organic-250-ml\/#breadcrumb"},"inLanguage":"sk-SK","potentialAction":[{"@type":"ReadAction","target":["https:\/\/www.eko-bio-natura.sk\/shop\/produkt\/sampon-balzam-2v1-avokado-ecolatier-organic-250-ml\/"]}]},{"@type":"ImageObject","inLanguage":"sk-SK","@id":"https:\/\/www.eko-bio-natura.sk\/shop\/produkt\/sampon-balzam-2v1-avokado-ecolatier-organic-250-ml\/#primaryimage","url":"https:\/\/www.eko-bio-natura.sk\/shop\/wp-content\/uploads\/2021\/12\/14589_eclo-avocado-szampon-balsam-do-wlosow-2w1-350-ml.png","contentUrl":"https:\/\/www.eko-bio-natura.sk\/shop\/wp-content\/uploads\/2021\/12\/14589_eclo-avocado-szampon-balsam-do-wlosow-2w1-350-ml.png","width":500,"height":620},{"@type":"BreadcrumbList","@id":"https:\/\/www.eko-bio-natura.sk\/shop\/produkt\/sampon-balzam-2v1-avokado-ecolatier-organic-250-ml\/#breadcrumb","itemListElement":[{"@type":"ListItem","position":1,"name":"Domovsk\u00e1 str\u00e1nka","item":"https:\/\/www.eko-bio-natura.sk\/shop\/"},{"@type":"ListItem","position":2,"name":"Obchod","item":"https:\/\/www.eko-bio-natura.sk\/shop\/?page_id=6"},{"@type":"ListItem","position":3,"name":"\u0160amp\u00f3n-balzam 2v1 Avok\u00e1do &#8211; Ecolatier Organic -250 ml"}]},{"@type":"WebSite","@id":"https:\/\/www.eko-bio-natura.sk\/shop\/#website","url":"https:\/\/www.eko-bio-natura.sk\/shop\/","name":"EKO-BIO-NATURA BIO OBCHOD","description":"","publisher":{"@id":"https:\/\/www.eko-bio-natura.sk\/shop\/#organization"},"potentialAction":[{"@type":"SearchAction","target":{"@type":"EntryPoint","urlTemplate":"https:\/\/www.eko-bio-natura.sk\/shop\/?s={search_term_string}"},"query-input":{"@type":"PropertyValueSpecification","valueRequired":true,"valueName":"search_term_string"}}],"inLanguage":"sk-SK"},{"@type":"Organization","@id":"https:\/\/www.eko-bio-natura.sk\/shop\/#organization","name":"EKO-BIO-NATURA BIO OBCHOD","url":"https:\/\/www.eko-bio-natura.sk\/shop\/","logo":{"@type":"ImageObject","inLanguage":"sk-SK","@id":"https:\/\/www.eko-bio-natura.sk\/shop\/#\/schema\/logo\/image\/","url":"https:\/\/www.eko-bio-natura.sk\/shop\/wp-content\/uploads\/2021\/04\/eko-bio-natura_logo.png","contentUrl":"https:\/\/www.eko-bio-natura.sk\/shop\/wp-content\/uploads\/2021\/04\/eko-bio-natura_logo.png","width":552,"height":194,"caption":"EKO-BIO-NATURA BIO OBCHOD"},"image":{"@id":"https:\/\/www.eko-bio-natura.sk\/shop\/#\/schema\/logo\/image\/"}}]}},"_links":{"self":[{"href":"https:\/\/www.eko-bio-natura.sk\/shop\/wp-json\/wp\/v2\/product\/7902","targetHints":{"allow":["GET"]}}],"collection":[{"href":"https:\/\/www.eko-bio-natura.sk\/shop\/wp-json\/wp\/v2\/product"}],"about":[{"href":"https:\/\/www.eko-bio-natura.sk\/shop\/wp-json\/wp\/v2\/types\/product"}],"replies":[{"embeddable":true,"href":"https:\/\/www.eko-bio-natura.sk\/shop\/wp-json\/wp\/v2\/comments?post=7902"}],"wp:featuredmedia":[{"embeddable":true,"href":"https:\/\/www.eko-bio-natura.sk\/shop\/wp-json\/wp\/v2\/media\/7903"}],"wp:attachment":[{"href":"https:\/\/www.eko-bio-natura.sk\/shop\/wp-json\/wp\/v2\/media?parent=7902"}],"wp:term":[{"taxonomy":"product_brand","embeddable":true,"href":"https:\/\/www.eko-bio-natura.sk\/shop\/wp-json\/wp\/v2\/product_brand?post=7902"},{"taxonomy":"product_cat","embeddable":true,"href":"https:\/\/www.eko-bio-natura.sk\/shop\/wp-json\/wp\/v2\/product_cat?post=7902"},{"taxonomy":"product_tag","embeddable":true,"href":"https:\/\/www.eko-bio-natura.sk\/shop\/wp-json\/wp\/v2\/product_tag?post=7902"}],"curies":[{"name":"wp","href":"https:\/\/api.w.org\/{rel}","templated":true}]}}