{"id":7896,"date":"2021-12-28T18:19:14","date_gmt":"2021-12-28T17:19:14","guid":{"rendered":"https:\/\/www.eko-bio-natura.sk\/shop\/index.php\/produkt\/cistiace-pletove-mlieko-divoka-ruza-ecolatier-organic-250ml\/"},"modified":"2022-05-04T16:41:46","modified_gmt":"2022-05-04T14:41:46","slug":"cistiace-pletove-mlieko-divoka-ruza-ecolatier-organic-250ml","status":"publish","type":"product","link":"https:\/\/www.eko-bio-natura.sk\/shop\/produkt\/cistiace-pletove-mlieko-divoka-ruza-ecolatier-organic-250ml\/","title":{"rendered":"\u010cistiace ple\u0165ov\u00e9 mlieko Divok\u00e1 ru\u017ea &#8211; Ecolatier Organic &#8211;  250ml"},"content":{"rendered":"<p><span style=\"font-family: verdana, geneva; font-size: 12pt;\">\u010cistiace mlieko s organick\u00fdmi pr\u00edsadami \u010dist\u00ed a <strong>hydratuje poko\u017eku, jemne odstra\u0148uje make-up a ne\u010distoty<\/strong> a dod\u00e1va pocit pohodlia. Dokonale <strong>vy\u017eivuje such\u00fa poko\u017eku.<\/strong> Stimuluje prirodzen\u00e9 regenera\u010dn\u00e9 procesy, pom\u00e1ha <strong>vyhladzova\u0165 jemn\u00e9 vr\u00e1sky<\/strong>, navracia <strong>poko\u017eke pevnos\u0165 a pru\u017enos\u0165<\/strong> a dod\u00e1va jej svie\u017ei vzh\u013ead. Tonizuje zrel\u00fa ple\u0165.<\/span><\/p>\n<p><span style=\"font-family: verdana, geneva; font-size: 12pt;\"><meta charset=\"UTF-8\" \/><\/span><\/p>\n<p><span style=\"font-family: verdana, geneva; font-size: 12pt;\">Je vhodn\u00e1 pre dehydratovan\u00fa a starn\u00facu poko\u017eku.<\/span><\/p>\n<p><span style=\"font-family: verdana, geneva; font-size: 12pt;\"><strong>Akt\u00edvne zlo\u017eky:<\/strong><\/span><\/p>\n<ul>\n<li><span style=\"font-family: verdana, geneva; font-size: 12pt;\"><strong>Organick\u00fd v\u00fd\u0165a\u017eok z ru\u017ee<\/strong> obsahuje viac ako 300 \u00fa\u010dinn\u00fdch l\u00e1tok, v\u010faka ktor\u00fdm podporuje prirodzen\u00fd budnkov\u00fd metabolizmus poko\u017eky a pom\u00e1ha <strong>revitalizova\u0165 such\u00fa a starn\u00facu poko\u017eku<\/strong>. Odvr\u00e1ti pr\u00edznaky starnutia, zmier\u0148uje vr\u00e1sky, <strong>poko\u017eku spev\u0148uje, vyhlad\u00ed a rozjasn\u00ed.&nbsp;<\/strong><\/span><\/li>\n<\/ul>\n<p><span style=\"font-family: verdana, geneva; font-size: 12pt;\"><meta charset=\"UTF-8\" \/><strong><\/strong><\/span><\/p>\n<p><span style=\"font-family: verdana, geneva; font-size: 12pt;\">Tento v\u00fdrobok zna\u010dky EcoLatier obsahuje minim\u00e1lne 99,3% pr\u00edrodn\u00fdch zlo\u017eiek.<\/span><\/p>\n<p><span style=\"font-family: verdana, geneva; font-size: 12pt;\">Zlo\u017eenie tohto v\u00fdrobku je VEGAN-friendly.<\/span><\/p>\n<p><span style=\"font-family: verdana, geneva; font-size: 12pt;\"><strong>Sp\u00f4sob pou\u017eitia:&nbsp;<\/strong>Naneste na vatov\u00fd tamp\u00f3n a jemne o\u010distite poko\u017eku.&nbsp;<\/span><\/p>\n<p><img fetchpriority=\"high\" decoding=\"async\" src=\"\/user\/documents\/upload\/mceclip0-260.png?1638450774\" width=\"952\" height=\"68\" \/><\/p>\n<p><span style=\"font-family: verdana, geneva; font-size: 12pt;\"><strong>Objem:&nbsp;<\/strong>250 ml<\/span><\/p>\n<p><span style=\"font-family: verdana, geneva; font-size: 12pt;\"><strong>Krajina p\u00f4vodu:&nbsp;<\/strong> Rusko<\/span><\/p>\n","protected":false},"excerpt":{"rendered":"<p>\u010cistiace mlieko s organick\u00fdmi pr\u00edsadami \u010dist\u00ed a hydratuje poko\u017eku, jemne odstra\u0148uje make-up a ne\u010distoty a dod\u00e1va pocit pohodlia. Dokonale vy\u017eivuje such\u00fa poko\u017eku. Stimuluje prirodzen\u00e9 regenera\u010dn\u00e9 procesy, pom\u00e1ha vyhladzova\u0165 jemn\u00e9 vr\u00e1sky, navracia poko\u017eke pevnos\u0165 a pru\u017enos\u0165 a dod\u00e1va jej svie\u017ei vzh\u013ead. Tonizuje zrel\u00fa ple\u0165. Je vhodn\u00e1 pre dehydratovan\u00fa a starn\u00facu poko\u017eku. Akt\u00edvne zlo\u017eky: Organick\u00fd v\u00fd\u0165a\u017eok z [&hellip;]<\/p>\n","protected":false},"featured_media":7897,"comment_status":"open","ping_status":"open","template":"","meta":{"site-sidebar-layout":"default","site-content-layout":"","ast-site-content-layout":"default","site-content-style":"default","site-sidebar-style":"default","ast-global-header-display":"","ast-banner-title-visibility":"","ast-main-header-display":"","ast-hfb-above-header-display":"","ast-hfb-below-header-display":"","ast-hfb-mobile-header-display":"","site-post-title":"","ast-breadcrumbs-content":"","ast-featured-img":"","footer-sml-layout":"","ast-disable-related-posts":"","theme-transparent-header-meta":"","adv-header-id-meta":"","stick-header-meta":"","header-above-stick-meta":"","header-main-stick-meta":"","header-below-stick-meta":"","astra-migrate-meta-layouts":"default","ast-page-background-enabled":"default","ast-page-background-meta":{"desktop":{"background-color":"","background-image":"","background-repeat":"repeat","background-position":"center center","background-size":"auto","background-attachment":"scroll","background-type":"","background-media":"","overlay-type":"","overlay-color":"","overlay-opacity":"","overlay-gradient":""},"tablet":{"background-color":"","background-image":"","background-repeat":"repeat","background-position":"center center","background-size":"auto","background-attachment":"scroll","background-type":"","background-media":"","overlay-type":"","overlay-color":"","overlay-opacity":"","overlay-gradient":""},"mobile":{"background-color":"","background-image":"","background-repeat":"repeat","background-position":"center center","background-size":"auto","background-attachment":"scroll","background-type":"","background-media":"","overlay-type":"","overlay-color":"","overlay-opacity":"","overlay-gradient":""}},"ast-content-background-meta":{"desktop":{"background-color":"var(--ast-global-color-5)","background-image":"","background-repeat":"repeat","background-position":"center center","background-size":"auto","background-attachment":"scroll","background-type":"","background-media":"","overlay-type":"","overlay-color":"","overlay-opacity":"","overlay-gradient":""},"tablet":{"background-color":"var(--ast-global-color-5)","background-image":"","background-repeat":"repeat","background-position":"center center","background-size":"auto","background-attachment":"scroll","background-type":"","background-media":"","overlay-type":"","overlay-color":"","overlay-opacity":"","overlay-gradient":""},"mobile":{"background-color":"var(--ast-global-color-5)","background-image":"","background-repeat":"repeat","background-position":"center center","background-size":"auto","background-attachment":"scroll","background-type":"","background-media":"","overlay-type":"","overlay-color":"","overlay-opacity":"","overlay-gradient":""}}},"product_brand":[],"product_cat":[31,2741],"product_tag":[362],"class_list":{"0":"post-7896","1":"product","2":"type-product","3":"status-publish","4":"has-post-thumbnail","6":"product_cat-pletova-kozmetika","7":"product_cat-vegan","8":"product_tag-vegan","9":"pa_cena-dopravy-367","10":"pa_doprava-zasilkovna","11":"pa_typ-partnersky-predaj","12":"pa_znacka-ecolatier","13":"desktop-align-left","14":"tablet-align-left","15":"mobile-align-left","17":"first","18":"instock","19":"product-type-external"},"yoast_head":"<!-- This site is optimized with the Yoast SEO plugin v27.2 - https:\/\/yoast.com\/product\/yoast-seo-wordpress\/ -->\n<title>\u010cistiace ple\u0165ov\u00e9 mlieko Divok\u00e1 ru\u017ea - Ecolatier Organic - 250ml - EKO-BIO-NATURA BIO OBCHOD<\/title>\n<meta name=\"robots\" content=\"index, follow, max-snippet:-1, max-image-preview:large, max-video-preview:-1\" \/>\n<link rel=\"canonical\" href=\"https:\/\/www.eko-bio-natura.sk\/shop\/produkt\/cistiace-pletove-mlieko-divoka-ruza-ecolatier-organic-250ml\/\" \/>\n<meta property=\"og:locale\" content=\"sk_SK\" \/>\n<meta property=\"og:type\" content=\"article\" \/>\n<meta property=\"og:title\" content=\"\u010cistiace ple\u0165ov\u00e9 mlieko Divok\u00e1 ru\u017ea - Ecolatier Organic - 250ml - EKO-BIO-NATURA BIO OBCHOD\" \/>\n<meta property=\"og:description\" content=\"\u010cistiace mlieko s organick\u00fdmi pr\u00edsadami \u010dist\u00ed a hydratuje poko\u017eku, jemne odstra\u0148uje make-up a ne\u010distoty a dod\u00e1va pocit pohodlia. Dokonale vy\u017eivuje such\u00fa poko\u017eku. Stimuluje prirodzen\u00e9 regenera\u010dn\u00e9 procesy, pom\u00e1ha vyhladzova\u0165 jemn\u00e9 vr\u00e1sky, navracia poko\u017eke pevnos\u0165 a pru\u017enos\u0165 a dod\u00e1va jej svie\u017ei vzh\u013ead. Tonizuje zrel\u00fa ple\u0165. Je vhodn\u00e1 pre dehydratovan\u00fa a starn\u00facu poko\u017eku. Akt\u00edvne zlo\u017eky: Organick\u00fd v\u00fd\u0165a\u017eok z [&hellip;]\" \/>\n<meta property=\"og:url\" content=\"https:\/\/www.eko-bio-natura.sk\/shop\/produkt\/cistiace-pletove-mlieko-divoka-ruza-ecolatier-organic-250ml\/\" \/>\n<meta property=\"og:site_name\" content=\"EKO-BIO-NATURA BIO OBCHOD\" \/>\n<meta property=\"article:modified_time\" content=\"2022-05-04T14:41:46+00:00\" \/>\n<meta property=\"og:image\" content=\"https:\/\/www.eko-bio-natura.sk\/shop\/wp-content\/uploads\/2021\/12\/14577_ecolatier-organic-wild-rose-oczyszczajace-mleczko-do-twarzy-250ml.jpg\" \/>\n\t<meta property=\"og:image:width\" content=\"500\" \/>\n\t<meta property=\"og:image:height\" content=\"620\" \/>\n\t<meta property=\"og:image:type\" content=\"image\/jpeg\" \/>\n<meta name=\"twitter:card\" content=\"summary_large_image\" \/>\n<meta name=\"twitter:label1\" content=\"Predpokladan\u00fd \u010das \u010d\u00edtania\" \/>\n\t<meta name=\"twitter:data1\" content=\"1 min\u00fata\" \/>\n<script type=\"application\/ld+json\" class=\"yoast-schema-graph\">{\"@context\":\"https:\/\/schema.org\",\"@graph\":[{\"@type\":\"WebPage\",\"@id\":\"https:\/\/www.eko-bio-natura.sk\/shop\/produkt\/cistiace-pletove-mlieko-divoka-ruza-ecolatier-organic-250ml\/\",\"url\":\"https:\/\/www.eko-bio-natura.sk\/shop\/produkt\/cistiace-pletove-mlieko-divoka-ruza-ecolatier-organic-250ml\/\",\"name\":\"\u010cistiace ple\u0165ov\u00e9 mlieko Divok\u00e1 ru\u017ea - Ecolatier Organic - 250ml - EKO-BIO-NATURA BIO OBCHOD\",\"isPartOf\":{\"@id\":\"https:\/\/www.eko-bio-natura.sk\/shop\/#website\"},\"primaryImageOfPage\":{\"@id\":\"https:\/\/www.eko-bio-natura.sk\/shop\/produkt\/cistiace-pletove-mlieko-divoka-ruza-ecolatier-organic-250ml\/#primaryimage\"},\"image\":{\"@id\":\"https:\/\/www.eko-bio-natura.sk\/shop\/produkt\/cistiace-pletove-mlieko-divoka-ruza-ecolatier-organic-250ml\/#primaryimage\"},\"thumbnailUrl\":\"https:\/\/www.eko-bio-natura.sk\/shop\/wp-content\/uploads\/2021\/12\/14577_ecolatier-organic-wild-rose-oczyszczajace-mleczko-do-twarzy-250ml.jpg\",\"datePublished\":\"2021-12-28T17:19:14+00:00\",\"dateModified\":\"2022-05-04T14:41:46+00:00\",\"breadcrumb\":{\"@id\":\"https:\/\/www.eko-bio-natura.sk\/shop\/produkt\/cistiace-pletove-mlieko-divoka-ruza-ecolatier-organic-250ml\/#breadcrumb\"},\"inLanguage\":\"sk-SK\",\"potentialAction\":[{\"@type\":\"ReadAction\",\"target\":[\"https:\/\/www.eko-bio-natura.sk\/shop\/produkt\/cistiace-pletove-mlieko-divoka-ruza-ecolatier-organic-250ml\/\"]}]},{\"@type\":\"ImageObject\",\"inLanguage\":\"sk-SK\",\"@id\":\"https:\/\/www.eko-bio-natura.sk\/shop\/produkt\/cistiace-pletove-mlieko-divoka-ruza-ecolatier-organic-250ml\/#primaryimage\",\"url\":\"https:\/\/www.eko-bio-natura.sk\/shop\/wp-content\/uploads\/2021\/12\/14577_ecolatier-organic-wild-rose-oczyszczajace-mleczko-do-twarzy-250ml.jpg\",\"contentUrl\":\"https:\/\/www.eko-bio-natura.sk\/shop\/wp-content\/uploads\/2021\/12\/14577_ecolatier-organic-wild-rose-oczyszczajace-mleczko-do-twarzy-250ml.jpg\",\"width\":500,\"height\":620},{\"@type\":\"BreadcrumbList\",\"@id\":\"https:\/\/www.eko-bio-natura.sk\/shop\/produkt\/cistiace-pletove-mlieko-divoka-ruza-ecolatier-organic-250ml\/#breadcrumb\",\"itemListElement\":[{\"@type\":\"ListItem\",\"position\":1,\"name\":\"Domovsk\u00e1 str\u00e1nka\",\"item\":\"https:\/\/www.eko-bio-natura.sk\/shop\/\"},{\"@type\":\"ListItem\",\"position\":2,\"name\":\"Obchod\",\"item\":\"https:\/\/www.eko-bio-natura.sk\/shop\/?page_id=6\"},{\"@type\":\"ListItem\",\"position\":3,\"name\":\"\u010cistiace ple\u0165ov\u00e9 mlieko Divok\u00e1 ru\u017ea &#8211; Ecolatier Organic &#8211; 250ml\"}]},{\"@type\":\"WebSite\",\"@id\":\"https:\/\/www.eko-bio-natura.sk\/shop\/#website\",\"url\":\"https:\/\/www.eko-bio-natura.sk\/shop\/\",\"name\":\"EKO-BIO-NATURA BIO OBCHOD\",\"description\":\"\",\"publisher\":{\"@id\":\"https:\/\/www.eko-bio-natura.sk\/shop\/#organization\"},\"potentialAction\":[{\"@type\":\"SearchAction\",\"target\":{\"@type\":\"EntryPoint\",\"urlTemplate\":\"https:\/\/www.eko-bio-natura.sk\/shop\/?s={search_term_string}\"},\"query-input\":{\"@type\":\"PropertyValueSpecification\",\"valueRequired\":true,\"valueName\":\"search_term_string\"}}],\"inLanguage\":\"sk-SK\"},{\"@type\":\"Organization\",\"@id\":\"https:\/\/www.eko-bio-natura.sk\/shop\/#organization\",\"name\":\"EKO-BIO-NATURA BIO OBCHOD\",\"url\":\"https:\/\/www.eko-bio-natura.sk\/shop\/\",\"logo\":{\"@type\":\"ImageObject\",\"inLanguage\":\"sk-SK\",\"@id\":\"https:\/\/www.eko-bio-natura.sk\/shop\/#\/schema\/logo\/image\/\",\"url\":\"https:\/\/www.eko-bio-natura.sk\/shop\/wp-content\/uploads\/2021\/04\/eko-bio-natura_logo.png\",\"contentUrl\":\"https:\/\/www.eko-bio-natura.sk\/shop\/wp-content\/uploads\/2021\/04\/eko-bio-natura_logo.png\",\"width\":552,\"height\":194,\"caption\":\"EKO-BIO-NATURA BIO OBCHOD\"},\"image\":{\"@id\":\"https:\/\/www.eko-bio-natura.sk\/shop\/#\/schema\/logo\/image\/\"}}]}<\/script>\n<!-- \/ Yoast SEO plugin. -->","yoast_head_json":{"title":"\u010cistiace ple\u0165ov\u00e9 mlieko Divok\u00e1 ru\u017ea - Ecolatier Organic - 250ml - EKO-BIO-NATURA BIO OBCHOD","robots":{"index":"index","follow":"follow","max-snippet":"max-snippet:-1","max-image-preview":"max-image-preview:large","max-video-preview":"max-video-preview:-1"},"canonical":"https:\/\/www.eko-bio-natura.sk\/shop\/produkt\/cistiace-pletove-mlieko-divoka-ruza-ecolatier-organic-250ml\/","og_locale":"sk_SK","og_type":"article","og_title":"\u010cistiace ple\u0165ov\u00e9 mlieko Divok\u00e1 ru\u017ea - Ecolatier Organic - 250ml - EKO-BIO-NATURA BIO OBCHOD","og_description":"\u010cistiace mlieko s organick\u00fdmi pr\u00edsadami \u010dist\u00ed a hydratuje poko\u017eku, jemne odstra\u0148uje make-up a ne\u010distoty a dod\u00e1va pocit pohodlia. Dokonale vy\u017eivuje such\u00fa poko\u017eku. Stimuluje prirodzen\u00e9 regenera\u010dn\u00e9 procesy, pom\u00e1ha vyhladzova\u0165 jemn\u00e9 vr\u00e1sky, navracia poko\u017eke pevnos\u0165 a pru\u017enos\u0165 a dod\u00e1va jej svie\u017ei vzh\u013ead. Tonizuje zrel\u00fa ple\u0165. Je vhodn\u00e1 pre dehydratovan\u00fa a starn\u00facu poko\u017eku. Akt\u00edvne zlo\u017eky: Organick\u00fd v\u00fd\u0165a\u017eok z [&hellip;]","og_url":"https:\/\/www.eko-bio-natura.sk\/shop\/produkt\/cistiace-pletove-mlieko-divoka-ruza-ecolatier-organic-250ml\/","og_site_name":"EKO-BIO-NATURA BIO OBCHOD","article_modified_time":"2022-05-04T14:41:46+00:00","og_image":[{"width":500,"height":620,"url":"https:\/\/www.eko-bio-natura.sk\/shop\/wp-content\/uploads\/2021\/12\/14577_ecolatier-organic-wild-rose-oczyszczajace-mleczko-do-twarzy-250ml.jpg","type":"image\/jpeg"}],"twitter_card":"summary_large_image","twitter_misc":{"Predpokladan\u00fd \u010das \u010d\u00edtania":"1 min\u00fata"},"schema":{"@context":"https:\/\/schema.org","@graph":[{"@type":"WebPage","@id":"https:\/\/www.eko-bio-natura.sk\/shop\/produkt\/cistiace-pletove-mlieko-divoka-ruza-ecolatier-organic-250ml\/","url":"https:\/\/www.eko-bio-natura.sk\/shop\/produkt\/cistiace-pletove-mlieko-divoka-ruza-ecolatier-organic-250ml\/","name":"\u010cistiace ple\u0165ov\u00e9 mlieko Divok\u00e1 ru\u017ea - Ecolatier Organic - 250ml - EKO-BIO-NATURA BIO OBCHOD","isPartOf":{"@id":"https:\/\/www.eko-bio-natura.sk\/shop\/#website"},"primaryImageOfPage":{"@id":"https:\/\/www.eko-bio-natura.sk\/shop\/produkt\/cistiace-pletove-mlieko-divoka-ruza-ecolatier-organic-250ml\/#primaryimage"},"image":{"@id":"https:\/\/www.eko-bio-natura.sk\/shop\/produkt\/cistiace-pletove-mlieko-divoka-ruza-ecolatier-organic-250ml\/#primaryimage"},"thumbnailUrl":"https:\/\/www.eko-bio-natura.sk\/shop\/wp-content\/uploads\/2021\/12\/14577_ecolatier-organic-wild-rose-oczyszczajace-mleczko-do-twarzy-250ml.jpg","datePublished":"2021-12-28T17:19:14+00:00","dateModified":"2022-05-04T14:41:46+00:00","breadcrumb":{"@id":"https:\/\/www.eko-bio-natura.sk\/shop\/produkt\/cistiace-pletove-mlieko-divoka-ruza-ecolatier-organic-250ml\/#breadcrumb"},"inLanguage":"sk-SK","potentialAction":[{"@type":"ReadAction","target":["https:\/\/www.eko-bio-natura.sk\/shop\/produkt\/cistiace-pletove-mlieko-divoka-ruza-ecolatier-organic-250ml\/"]}]},{"@type":"ImageObject","inLanguage":"sk-SK","@id":"https:\/\/www.eko-bio-natura.sk\/shop\/produkt\/cistiace-pletove-mlieko-divoka-ruza-ecolatier-organic-250ml\/#primaryimage","url":"https:\/\/www.eko-bio-natura.sk\/shop\/wp-content\/uploads\/2021\/12\/14577_ecolatier-organic-wild-rose-oczyszczajace-mleczko-do-twarzy-250ml.jpg","contentUrl":"https:\/\/www.eko-bio-natura.sk\/shop\/wp-content\/uploads\/2021\/12\/14577_ecolatier-organic-wild-rose-oczyszczajace-mleczko-do-twarzy-250ml.jpg","width":500,"height":620},{"@type":"BreadcrumbList","@id":"https:\/\/www.eko-bio-natura.sk\/shop\/produkt\/cistiace-pletove-mlieko-divoka-ruza-ecolatier-organic-250ml\/#breadcrumb","itemListElement":[{"@type":"ListItem","position":1,"name":"Domovsk\u00e1 str\u00e1nka","item":"https:\/\/www.eko-bio-natura.sk\/shop\/"},{"@type":"ListItem","position":2,"name":"Obchod","item":"https:\/\/www.eko-bio-natura.sk\/shop\/?page_id=6"},{"@type":"ListItem","position":3,"name":"\u010cistiace ple\u0165ov\u00e9 mlieko Divok\u00e1 ru\u017ea &#8211; Ecolatier Organic &#8211; 250ml"}]},{"@type":"WebSite","@id":"https:\/\/www.eko-bio-natura.sk\/shop\/#website","url":"https:\/\/www.eko-bio-natura.sk\/shop\/","name":"EKO-BIO-NATURA BIO OBCHOD","description":"","publisher":{"@id":"https:\/\/www.eko-bio-natura.sk\/shop\/#organization"},"potentialAction":[{"@type":"SearchAction","target":{"@type":"EntryPoint","urlTemplate":"https:\/\/www.eko-bio-natura.sk\/shop\/?s={search_term_string}"},"query-input":{"@type":"PropertyValueSpecification","valueRequired":true,"valueName":"search_term_string"}}],"inLanguage":"sk-SK"},{"@type":"Organization","@id":"https:\/\/www.eko-bio-natura.sk\/shop\/#organization","name":"EKO-BIO-NATURA BIO OBCHOD","url":"https:\/\/www.eko-bio-natura.sk\/shop\/","logo":{"@type":"ImageObject","inLanguage":"sk-SK","@id":"https:\/\/www.eko-bio-natura.sk\/shop\/#\/schema\/logo\/image\/","url":"https:\/\/www.eko-bio-natura.sk\/shop\/wp-content\/uploads\/2021\/04\/eko-bio-natura_logo.png","contentUrl":"https:\/\/www.eko-bio-natura.sk\/shop\/wp-content\/uploads\/2021\/04\/eko-bio-natura_logo.png","width":552,"height":194,"caption":"EKO-BIO-NATURA BIO OBCHOD"},"image":{"@id":"https:\/\/www.eko-bio-natura.sk\/shop\/#\/schema\/logo\/image\/"}}]}},"_links":{"self":[{"href":"https:\/\/www.eko-bio-natura.sk\/shop\/wp-json\/wp\/v2\/product\/7896","targetHints":{"allow":["GET"]}}],"collection":[{"href":"https:\/\/www.eko-bio-natura.sk\/shop\/wp-json\/wp\/v2\/product"}],"about":[{"href":"https:\/\/www.eko-bio-natura.sk\/shop\/wp-json\/wp\/v2\/types\/product"}],"replies":[{"embeddable":true,"href":"https:\/\/www.eko-bio-natura.sk\/shop\/wp-json\/wp\/v2\/comments?post=7896"}],"wp:featuredmedia":[{"embeddable":true,"href":"https:\/\/www.eko-bio-natura.sk\/shop\/wp-json\/wp\/v2\/media\/7897"}],"wp:attachment":[{"href":"https:\/\/www.eko-bio-natura.sk\/shop\/wp-json\/wp\/v2\/media?parent=7896"}],"wp:term":[{"taxonomy":"product_brand","embeddable":true,"href":"https:\/\/www.eko-bio-natura.sk\/shop\/wp-json\/wp\/v2\/product_brand?post=7896"},{"taxonomy":"product_cat","embeddable":true,"href":"https:\/\/www.eko-bio-natura.sk\/shop\/wp-json\/wp\/v2\/product_cat?post=7896"},{"taxonomy":"product_tag","embeddable":true,"href":"https:\/\/www.eko-bio-natura.sk\/shop\/wp-json\/wp\/v2\/product_tag?post=7896"}],"curies":[{"name":"wp","href":"https:\/\/api.w.org\/{rel}","templated":true}]}}