{"id":7844,"date":"2021-12-28T18:18:52","date_gmt":"2021-12-28T17:18:52","guid":{"rendered":"https:\/\/www.eko-bio-natura.sk\/shop\/index.php\/produkt\/rusky-mix\/"},"modified":"2021-12-28T18:18:58","modified_gmt":"2021-12-28T17:18:58","slug":"rusky-mix","status":"publish","type":"product","link":"https:\/\/www.eko-bio-natura.sk\/shop\/produkt\/rusky-mix\/","title":{"rendered":"Rusk\u00fd mix"},"content":{"rendered":"<h2>1.&nbsp;<span>\u010caga extrakt &#8211; Befungin &#8211; 100 ml<\/span><\/h2>\n<p><meta charset=\"UTF-8\" \/><\/p>\n<p><meta charset=\"UTF-8\" \/><span style=\"font-family: verdana, geneva; font-size: 12pt;\">Prispieva k spr\u00e1vnemu fungovaniu<strong><strong> nervov\u00e9ho syst\u00e9mu, k spr\u00e1vnej l\u00e1tkovej premene d\u00f4le\u017eitej pre tvorbu energie a prispieva k rovnov\u00e1he elektrolytov.<\/strong><\/strong><meta charset=\"UTF-8\" \/><strong><\/strong><\/span><\/p>\n<p><span style=\"font-family: verdana, geneva; font-size: 12pt;\"><strong>Na \u010do sa <span class=\"show-tooltip\" title=\"\" data-original-title=\"\nVysoko cenen\u00e1 huba, ktor\u00e1 m\u00e1 v herb\u00e1roch tradi\u010dn\u00fdch n\u00e1rodov Sib\u00edri, K\u00f3rei, \u010c\u00edny a \u0160kandin\u00e1vie vysok\u00e9 miesto. T\u00e1to huba radtie naj\u010dastej\u0161ie ma brez\u00e1ch a m\u00e1 jedine\u010dn\u00e9 lie\u010div\u00e9 \u00fa\u010dinky. Obsahuje viac ako 200 biologicky akt\u00edvnych l\u00e1tok, v\u010faka \u010domu p\u00f4sob\u00ed&amp;hellip;\"><a class=\"glossary\" href=\"https:\/\/www.herbatica.sk\/slovnik-pojmov\/caga\/\">\u010daga<\/a><\/span> pou\u017e\u00edva?&nbsp;<\/strong><\/span><\/p>\n<ul>\n<li aria-level=\"1\"><span style=\"font-family: verdana, geneva; font-size: 12pt;\">podporn\u00fd prostriedok pri vredovej chorobe \u017eal\u00fadka a dvan\u00e1stnika<\/span><\/li>\n<li aria-level=\"1\"><span style=\"font-family: verdana, geneva; font-size: 12pt;\">pri z\u00e1paloch tr\u00e1viaceho \u00fastrojenstva<\/span><\/li>\n<li aria-level=\"1\"><span style=\"font-family: verdana, geneva; font-size: 12pt;\">pri chronickej gastrit\u00edde a polyp\u00f3ze \u017eal\u00fadka a \u010driev<\/span><\/li>\n<li aria-level=\"1\"><span style=\"font-family: verdana, geneva; font-size: 12pt;\">pri psori\u00e1ze, ekz\u00e9me a in\u00fdch ko\u017en\u00fdch probl\u00e9moch<\/span><\/li>\n<li aria-level=\"1\"><span style=\"font-family: verdana, geneva; font-size: 12pt;\">pozit\u00edvne p\u00f4sob\u00ed na centr\u00e1lny nervov\u00fd syst\u00e9m upokojuje nervov\u00fd syst\u00e9m pri nespavosti<\/span><\/li>\n<li aria-level=\"1\"><span style=\"font-family: verdana, geneva; font-size: 12pt;\">pozit\u00edvne p\u00f4sob\u00ed na l\u00e1tkov\u00fa v\u00fdmenu zvy\u0161uje odolnos\u0165 organizmu vo\u010di infek\u010dn\u00fdm chorob\u00e1m<\/span><\/li>\n<li aria-level=\"1\"><span style=\"font-family: verdana, geneva; font-size: 12pt;\">pri z\u00e1palov\u00fdch procesoch a n\u00e1doroch hrtanu<\/span><\/li>\n<li aria-level=\"1\"><span style=\"font-family: verdana, geneva; font-size: 12pt;\">pri ochoren\u00ed pe\u010dene a sleziny<\/span><\/li>\n<li aria-level=\"1\"><span style=\"font-family: verdana, geneva; font-size: 12pt;\">v stomatol\u00f3gii pri paradent\u00f3ze<\/span><\/li>\n<\/ul>\n<p><span style=\"font-family: verdana, geneva; font-size: 12pt;\">&nbsp;<\/span><\/p>\n<p><span style=\"font-family: verdana, geneva; font-size: 12pt;\"><strong>Pou\u017eitie:&nbsp;<\/strong>Pred pou\u017eit\u00edm produktu f\u013ea\u0161ku pretrepte a konzumujte jednu polievkov\u00fa ly\u017eicu 30 min\u00fat pred jedlom 3 kr\u00e1t denne. Befung\u00edn sa u\u017e\u00edva dlhodobo.<\/span><\/p>\n<p><span style=\"font-family: verdana, geneva; font-size: 12pt;\"><strong>Upozornenia:<\/strong>&nbsp;Nekonzumujte pri<strong>&nbsp;<\/strong>individu\u00e1lnej intolerancii na jednotliv\u00e9 zlo\u017eky, nevhodn\u00e9 pre deti do 18 rokov, pre tehotn\u00e9 a doj\u010diace \u017eeny. Neu\u017e\u00edva\u0165 doplnok v\u00fd\u017eivy ako n\u00e1hradu pestrej a vyv\u00e1\u017eenej stravy. Neprekra\u010dujte odpor\u00fa\u010dan\u00fa denn\u00fa d\u00e1vku!<\/span><\/p>\n<p><span style=\"font-family: verdana, geneva; font-size: 12pt;\"><img decoding=\"async\" src=\"https:\/\/cdn.myshoptet.com\/usr\/www.herbatica.sk\/user\/documents\/upload\/mceclip0-134.png?1617861769\" \/><\/span><\/p>\n<p><span style=\"font-family: verdana, geneva; font-size: 12pt;\"><span face=\"verdana, geneva\" size=\"3\"><\/span><span face=\"verdana, geneva\" size=\"3\"><strong>Objem:<\/strong> 100 ml<\/span><\/span><\/p>\n<p><span face=\"verdana, geneva\" size=\"3\" style=\"font-family: verdana, geneva; font-size: 12pt;\"><strong>Krajina p\u00f4vodu:<\/strong> Rusko<\/span><\/p>\n<p>&nbsp;<\/p>\n<h2><span face=\"verdana, geneva\" size=\"3\" style=\"font-family: verdana, geneva; font-size: 12pt;\">2.&nbsp;<meta charset=\"UTF-8\" \/><\/span>&#8222;Zlat\u00e9 mumio&#8220; \u2013 mumio altajsk\u00e9 o\u010disten\u00e9 \u2013 potravinov\u00fd doplnok stravy &#8211; Evalar &#8211; 20 tabliet<\/h2>\n<p><meta charset=\"UTF-8\" \/><\/p>\n<p><span style=\"font-family: verdana, geneva; font-size: 12pt;\">Mumio je pr\u00edrodn\u00e1 zmes organick\u00fdch aj anorganick\u00fdch l\u00e1tok, <strong>je to pr\u00edrodn\u00fd miner\u00e1l<\/strong>, ktor\u00fd vznik\u00e1 zlo\u017eit\u00fdm geologick\u00fdm procesom. Je to pr\u00edrodn\u00fd komplex, obsahuj\u00faci <strong>viac ako 50 \u017eivotne d\u00f4le\u017eit\u00fdch prvkov<\/strong>, medzi nimi je <strong>26 miner\u00e1lov, 6 aminokysel\u00edn,<\/strong> 10 r\u00f4znych oxidov kovov, steroidy, fosfolipidy, vitam\u00edny, v\u010del\u00ed vosk, \u00e9terick\u00e9 oleje a \u010fal\u0161ie biologicky akt\u00edvne l\u00e1tky.&nbsp;<\/span><\/p>\n<p><span style=\"font-family: verdana, geneva; font-size: 12pt;\">Komplexom organick\u00fdch l\u00e1tok a mikroelementov ako je magn\u00e9zium, fosfor, krem\u00edk, \u017eelezo, zinok, s\u00edra, me\u010f \u010di b\u00f3r.<\/span><\/p>\n<p><span style=\"font-family: verdana, geneva; font-size: 12pt;\">Viac inform\u00e1ci\u00ed k tomuto produktu n\u00e1jdete na na\u0161om blogu, <a href=\"http:\/\/blog.herbatica.sk\/mumio-zazracny-liek\/\" target=\"_blank\" rel=\"noopener noreferrer\">tu.<\/a><\/span><\/p>\n<p><span style=\"font-family: verdana, geneva; font-size: 12pt;\"><strong>Sp\u00f4sob pou\u017eitia:<\/strong> dospel\u00ed a deti star\u0161ie 14 rokov 1 tabletka 2 kr\u00e1t denne v priebehu jedla, doba pr\u00edjmu 1 mesiac, pri zlomenin\u00e1ch a\u017e do dvoch mesiacov. Farba tabletiek od \u010diernej po hned\u00fa, z\u00e1le\u017e\u00ed od % vlhkosti okolia.<\/span><\/p>\n<p><span style=\"font-family: verdana, geneva; font-size: 12pt;\"><strong>Upozornenie: <\/strong>Tento produkt je registrovan\u00fd ako doplnok stravy. Nem\u00e1 schv\u00e1len\u00e9 lie\u010div\u00e9 \u00fa\u010dinky a nejedn\u00e1 sa o liek. Nie je ur\u010den\u00e9 ako n\u00e1hrada pestrej stravy. Neprekra\u010dujte odpor\u00fa\u010dan\u00e9 d\u00e1vkovanie. Minim\u00e1lna trvanlivos\u0165 vyzna\u010den\u00e1 na obale.<\/span><\/p>\n<p><span style=\"font-family: verdana, geneva; font-size: 12pt;\"><img decoding=\"async\" src=\"https:\/\/cdn.myshoptet.com\/usr\/www.herbatica.sk\/user\/documents\/upload\/zlozenia\/0190.png\" alt=\"0190\" \/><\/span><\/p>\n<p><span style=\"font-family: verdana, geneva; font-size: 12pt;\"><strong>Obsah:&nbsp;<\/strong>20 tabliet<\/span><\/p>\n<p><span style=\"font-family: verdana, geneva; font-size: 12pt;\"><strong>Krajina p\u00f4vodu:&nbsp;<\/strong>Rusko<\/span><\/p>\n<p>&nbsp;<\/p>\n<h2>3.&nbsp;<span>100% C\u00e9drov\u00fd olej Altajsk\u00fd, za studena lisovan\u00fd, panensk\u00fd &#8211; 100 ml&nbsp;<\/span><\/h2>\n<p><meta charset=\"UTF-8\" \/><\/p>\n<p><meta charset=\"UTF-8\" \/><\/p>\n<p><span style=\"font-family: verdana, geneva; font-size: 12pt;\">C\u00e9drov\u00fd olej ako v\u00fddatn\u00fd zdroj polynenas\u00fdten\u00fdch mastn\u00fdch kysel\u00edn a&nbsp;vitam\u00ednu E sa odpor\u00fa\u010da u\u017e\u00edva\u0165 denne v&nbsp;mno\u017estve 15ml. Pri pravidelnom u\u017e\u00edvan\u00ed tak\u00e9hoto mno\u017estva c\u00e9drov\u00e9ho oleja svojmu telu zabezpe\u010d\u00edte a\u017e 55% dennej potreby vitam\u00ednu E, ktor\u00fd v&nbsp;kombin\u00e1cii s&nbsp;komplexom nenas\u00fdten\u00fdch mastn\u00fdch kysel\u00edn v\u00fdznamne <strong>posil\u0148uje ne\u0161pecifick\u00fa zlo\u017eku imunity \u013eudsk\u00e9ho organizmu<\/strong>.<\/span><\/p>\n<p><span style=\"font-family: verdana, geneva; font-size: 12pt;\">Pre svoju vysok\u00fa biologick\u00fa aktivitu je tento olej &nbsp;vhodn\u00fdm pr\u00edrodn\u00fdm prostriedkom ako na <strong>prevenciu r\u00f4znych v\u00edrusov\u00fdch a&nbsp;infek\u010dn\u00fdch ochoren\u00ed, tak aj na posilnenie celkovej imunity organizmu, ko\u017en\u00fdch probl\u00e9mov ako je <span class=\"show-tooltip\" title=\"\" data-original-title=\"\nSeborea je chronick\u00e9 ochorenie ko\u017ee, kedy doch\u00e1dza k nadmernej produkcii ko\u017en\u00e9ho mazu. Pri jej&amp;nbsp;premno\u017een\u00ed&amp;nbsp;poko\u017eka reaguje z\u00e1palom&amp;nbsp;a r\u00fdchlej\u0161ou&amp;nbsp;tvorbou nov\u00fdch buniek v najvrchnej\u0161ej&amp;nbsp;vrstvy&amp;nbsp;poko\u017eky. Odumret\u00e9&amp;hellip;\"><a class=\"glossary\" href=\"https:\/\/www.herbatica.sk\/slovnik-pojmov\/seborea\/\">seborea<\/a><\/span>, <span class=\"show-tooltip\" title=\"\" data-original-title=\"\nPsori\u00e1za alebo aj lupienka je autoim\u00fanne z\u00e1palov\u00e9 ochorenie ko\u017ee. Prejavuje sa ko\u017en\u00fdmi hnedo\u010derven\u00fdmi lo\u017eiskami najm\u00e4 v oblastiach lak\u0165ov, kolien, kr\u00ed\u017eovej, ale aj vlasovej oblasti. Pri psori\u00e1ze je d\u00f4le\u017eit\u00e9 pou\u017e\u00edvanie pr\u00edrodnej kozmetiky, ktor\u00e9&amp;hellip;\"><a class=\"glossary\" href=\"https:\/\/www.herbatica.sk\/slovnik-pojmov\/psoriaza\/\">psori\u00e1za<\/a><\/span> a in\u00e9.<\/strong><\/span><\/p>\n<p><span style=\"font-family: verdana, geneva; font-size: 12pt;\">Navy\u0161e sa vyzna\u010duje v\u00fdborn\u00fdmi chu\u0165ov\u00fdmi a&nbsp;nutri\u010dn\u00fdmi vlastnos\u0165ami, \u010do je nesporne ve\u013ek\u00fdm plusom pri va\u0161om rozhodovan\u00ed o&nbsp;jeho zaraden\u00ed do v\u00e1\u0161ho jed\u00e1lni\u010dka.<\/span><\/p>\n<p><span style=\"font-family: verdana, geneva; font-size: 12pt;\">A m\u00f4\u017eete si pre\u010d\u00edta\u0165 aj o jeho <a href=\"http:\/\/blog.herbatica.sk\/cedrovy-olej\/\" target=\"_blank\" rel=\"noopener noreferrer\">\u010fal\u0161\u00edch \u00fa\u010dinkoch<\/a>.&nbsp;<\/span><\/p>\n<p><span style=\"font-family: verdana, geneva; font-size: 12pt;\"><meta charset=\"UTF-8\" \/><\/span><\/p>\n<p><span style=\"font-family: verdana, geneva; font-size: 12pt;\"><strong>Sp\u00f4sob pou\u017eitia:<\/strong> Na prevenciu: 1 \u010dajov\u00fa ly\u017ei\u010dku u\u017ei\u0165 1-2x denne pol hodinu pred jedlom. Na akt\u00edvnu lie\u010dbu: 1 \u010dajov\u00fa ly\u017ei\u010dku 3x denne. Na vonkaj\u0161ie pou\u017eitie: k&nbsp;mas\u00e1\u017ei, lie\u010dba ko\u017en\u00fdch ochoren\u00ed- aplik\u00e1cia priamo na poko\u017eku.<\/span><\/p>\n<p><span style=\"font-family: verdana, geneva; font-size: 12pt;\"><strong>Upozornenie:<\/strong>&nbsp;Vhodn\u00e9 aj pre deti, av\u0161ak&nbsp;len v malom obmedzenom mno\u017estve&nbsp;a pri zaraden\u00ed do jed\u00e1lni\u010dka treba by\u0165 ve\u013emi pozorn\u00fd a sledova\u0165 reakciu organizmu- m\u00f4\u017ee d\u00f4js\u0165 k alergick\u00fdm reakci\u00e1m.&nbsp;Neprekra\u010dujte odpor\u00fa\u010dan\u00fa denn\u00fa d\u00e1vku. Nepou\u017e\u00edvajte ako n\u00e1hradu pestrej stravy. Nepou\u017e\u00edvajte pre individu\u00e1lnej alergii na jednotliv\u00e9 zlo\u017eky.<\/span><\/p>\n<p><span style=\"font-family: verdana, geneva; font-size: 12pt;\"><strong>Podmienky skladovania:<\/strong> Skladujte na suchom a&nbsp;tmavom mieste pri teplote do 20\u00b0C.<\/span><\/p>\n<p><span style=\"font-family: verdana, geneva; font-size: 12pt;\"><img decoding=\"async\" src=\"https:\/\/cdn.myshoptet.com\/usr\/www.herbatica.sk\/user\/documents\/upload\/zlozenia\/0510.png\" alt=\"0510\" \/><\/span><\/p>\n<p><span style=\"font-family: verdana, geneva; font-size: 12pt;\"><strong>Obsah:<\/strong> 100ml<\/span><\/p>\n<p><span style=\"font-family: verdana, geneva; font-size: 12pt;\"><strong>Krajina p\u00f4vodu:<\/strong> RU<\/span><\/p>\n","protected":false},"excerpt":{"rendered":"<p>1.&nbsp;\u010caga extrakt &#8211; Befungin &#8211; 100 ml Prispieva k spr\u00e1vnemu fungovaniu nervov\u00e9ho syst\u00e9mu, k spr\u00e1vnej l\u00e1tkovej premene d\u00f4le\u017eitej pre tvorbu energie a prispieva k rovnov\u00e1he elektrolytov. Na \u010do sa \u010daga pou\u017e\u00edva?&nbsp; podporn\u00fd prostriedok pri vredovej chorobe \u017eal\u00fadka a dvan\u00e1stnika pri z\u00e1paloch tr\u00e1viaceho \u00fastrojenstva pri chronickej gastrit\u00edde a polyp\u00f3ze \u017eal\u00fadka a \u010driev pri psori\u00e1ze, ekz\u00e9me a [&hellip;]<\/p>\n","protected":false},"featured_media":7845,"comment_status":"open","ping_status":"open","template":"","meta":{"site-sidebar-layout":"default","site-content-layout":"","ast-site-content-layout":"default","site-content-style":"default","site-sidebar-style":"default","ast-global-header-display":"","ast-banner-title-visibility":"","ast-main-header-display":"","ast-hfb-above-header-display":"","ast-hfb-below-header-display":"","ast-hfb-mobile-header-display":"","site-post-title":"","ast-breadcrumbs-content":"","ast-featured-img":"","footer-sml-layout":"","ast-disable-related-posts":"","theme-transparent-header-meta":"","adv-header-id-meta":"","stick-header-meta":"","header-above-stick-meta":"","header-main-stick-meta":"","header-below-stick-meta":"","astra-migrate-meta-layouts":"default","ast-page-background-enabled":"default","ast-page-background-meta":{"desktop":{"background-color":"","background-image":"","background-repeat":"repeat","background-position":"center center","background-size":"auto","background-attachment":"scroll","background-type":"","background-media":"","overlay-type":"","overlay-color":"","overlay-opacity":"","overlay-gradient":""},"tablet":{"background-color":"","background-image":"","background-repeat":"repeat","background-position":"center center","background-size":"auto","background-attachment":"scroll","background-type":"","background-media":"","overlay-type":"","overlay-color":"","overlay-opacity":"","overlay-gradient":""},"mobile":{"background-color":"","background-image":"","background-repeat":"repeat","background-position":"center center","background-size":"auto","background-attachment":"scroll","background-type":"","background-media":"","overlay-type":"","overlay-color":"","overlay-opacity":"","overlay-gradient":""}},"ast-content-background-meta":{"desktop":{"background-color":"var(--ast-global-color-5)","background-image":"","background-repeat":"repeat","background-position":"center center","background-size":"auto","background-attachment":"scroll","background-type":"","background-media":"","overlay-type":"","overlay-color":"","overlay-opacity":"","overlay-gradient":""},"tablet":{"background-color":"var(--ast-global-color-5)","background-image":"","background-repeat":"repeat","background-position":"center center","background-size":"auto","background-attachment":"scroll","background-type":"","background-media":"","overlay-type":"","overlay-color":"","overlay-opacity":"","overlay-gradient":""},"mobile":{"background-color":"var(--ast-global-color-5)","background-image":"","background-repeat":"repeat","background-position":"center center","background-size":"auto","background-attachment":"scroll","background-type":"","background-media":"","overlay-type":"","overlay-color":"","overlay-opacity":"","overlay-gradient":""}}},"product_brand":[],"product_cat":[275],"product_tag":[],"class_list":{"0":"post-7844","1":"product","2":"type-product","3":"status-publish","4":"has-post-thumbnail","6":"product_cat-darcekove-sety","7":"pa_cena-dopravy-367","8":"pa_doprava-zasilkovna","9":"pa_typ-partnersky-predaj","10":"desktop-align-left","11":"tablet-align-left","12":"mobile-align-left","14":"first","15":"instock","16":"product-type-external"},"yoast_head":"<!-- This site is optimized with the Yoast SEO plugin v27.2 - https:\/\/yoast.com\/product\/yoast-seo-wordpress\/ -->\n<title>Rusk\u00fd mix - EKO-BIO-NATURA BIO OBCHOD<\/title>\n<meta name=\"robots\" content=\"index, follow, max-snippet:-1, max-image-preview:large, max-video-preview:-1\" \/>\n<link rel=\"canonical\" href=\"https:\/\/www.eko-bio-natura.sk\/shop\/produkt\/rusky-mix\/\" \/>\n<meta property=\"og:locale\" content=\"sk_SK\" \/>\n<meta property=\"og:type\" content=\"article\" \/>\n<meta property=\"og:title\" content=\"Rusk\u00fd mix - EKO-BIO-NATURA BIO OBCHOD\" \/>\n<meta property=\"og:description\" content=\"1.&nbsp;\u010caga extrakt &#8211; Befungin &#8211; 100 ml Prispieva k spr\u00e1vnemu fungovaniu nervov\u00e9ho syst\u00e9mu, k spr\u00e1vnej l\u00e1tkovej premene d\u00f4le\u017eitej pre tvorbu energie a prispieva k rovnov\u00e1he elektrolytov. Na \u010do sa \u010daga pou\u017e\u00edva?&nbsp; podporn\u00fd prostriedok pri vredovej chorobe \u017eal\u00fadka a dvan\u00e1stnika pri z\u00e1paloch tr\u00e1viaceho \u00fastrojenstva pri chronickej gastrit\u00edde a polyp\u00f3ze \u017eal\u00fadka a \u010driev pri psori\u00e1ze, ekz\u00e9me a [&hellip;]\" \/>\n<meta property=\"og:url\" content=\"https:\/\/www.eko-bio-natura.sk\/shop\/produkt\/rusky-mix\/\" \/>\n<meta property=\"og:site_name\" content=\"EKO-BIO-NATURA BIO OBCHOD\" \/>\n<meta property=\"article:modified_time\" content=\"2021-12-28T17:18:58+00:00\" \/>\n<meta property=\"og:image\" content=\"https:\/\/www.eko-bio-natura.sk\/shop\/wp-content\/uploads\/2021\/12\/14439_rusky-mix.jpg\" \/>\n\t<meta property=\"og:image:width\" content=\"1300\" \/>\n\t<meta property=\"og:image:height\" content=\"868\" \/>\n\t<meta property=\"og:image:type\" content=\"image\/jpeg\" \/>\n<meta name=\"twitter:card\" content=\"summary_large_image\" \/>\n<meta name=\"twitter:label1\" content=\"Predpokladan\u00fd \u010das \u010d\u00edtania\" \/>\n\t<meta name=\"twitter:data1\" content=\"4 min\u00faty\" \/>\n<script type=\"application\/ld+json\" class=\"yoast-schema-graph\">{\"@context\":\"https:\/\/schema.org\",\"@graph\":[{\"@type\":\"WebPage\",\"@id\":\"https:\/\/www.eko-bio-natura.sk\/shop\/produkt\/rusky-mix\/\",\"url\":\"https:\/\/www.eko-bio-natura.sk\/shop\/produkt\/rusky-mix\/\",\"name\":\"Rusk\u00fd mix - EKO-BIO-NATURA BIO OBCHOD\",\"isPartOf\":{\"@id\":\"https:\/\/www.eko-bio-natura.sk\/shop\/#website\"},\"primaryImageOfPage\":{\"@id\":\"https:\/\/www.eko-bio-natura.sk\/shop\/produkt\/rusky-mix\/#primaryimage\"},\"image\":{\"@id\":\"https:\/\/www.eko-bio-natura.sk\/shop\/produkt\/rusky-mix\/#primaryimage\"},\"thumbnailUrl\":\"https:\/\/www.eko-bio-natura.sk\/shop\/wp-content\/uploads\/2021\/12\/14439_rusky-mix.jpg\",\"datePublished\":\"2021-12-28T17:18:52+00:00\",\"dateModified\":\"2021-12-28T17:18:58+00:00\",\"breadcrumb\":{\"@id\":\"https:\/\/www.eko-bio-natura.sk\/shop\/produkt\/rusky-mix\/#breadcrumb\"},\"inLanguage\":\"sk-SK\",\"potentialAction\":[{\"@type\":\"ReadAction\",\"target\":[\"https:\/\/www.eko-bio-natura.sk\/shop\/produkt\/rusky-mix\/\"]}]},{\"@type\":\"ImageObject\",\"inLanguage\":\"sk-SK\",\"@id\":\"https:\/\/www.eko-bio-natura.sk\/shop\/produkt\/rusky-mix\/#primaryimage\",\"url\":\"https:\/\/www.eko-bio-natura.sk\/shop\/wp-content\/uploads\/2021\/12\/14439_rusky-mix.jpg\",\"contentUrl\":\"https:\/\/www.eko-bio-natura.sk\/shop\/wp-content\/uploads\/2021\/12\/14439_rusky-mix.jpg\",\"width\":1300,\"height\":868},{\"@type\":\"BreadcrumbList\",\"@id\":\"https:\/\/www.eko-bio-natura.sk\/shop\/produkt\/rusky-mix\/#breadcrumb\",\"itemListElement\":[{\"@type\":\"ListItem\",\"position\":1,\"name\":\"Domovsk\u00e1 str\u00e1nka\",\"item\":\"https:\/\/www.eko-bio-natura.sk\/shop\/\"},{\"@type\":\"ListItem\",\"position\":2,\"name\":\"Obchod\",\"item\":\"https:\/\/www.eko-bio-natura.sk\/shop\/?page_id=6\"},{\"@type\":\"ListItem\",\"position\":3,\"name\":\"Rusk\u00fd mix\"}]},{\"@type\":\"WebSite\",\"@id\":\"https:\/\/www.eko-bio-natura.sk\/shop\/#website\",\"url\":\"https:\/\/www.eko-bio-natura.sk\/shop\/\",\"name\":\"EKO-BIO-NATURA BIO OBCHOD\",\"description\":\"\",\"publisher\":{\"@id\":\"https:\/\/www.eko-bio-natura.sk\/shop\/#organization\"},\"potentialAction\":[{\"@type\":\"SearchAction\",\"target\":{\"@type\":\"EntryPoint\",\"urlTemplate\":\"https:\/\/www.eko-bio-natura.sk\/shop\/?s={search_term_string}\"},\"query-input\":{\"@type\":\"PropertyValueSpecification\",\"valueRequired\":true,\"valueName\":\"search_term_string\"}}],\"inLanguage\":\"sk-SK\"},{\"@type\":\"Organization\",\"@id\":\"https:\/\/www.eko-bio-natura.sk\/shop\/#organization\",\"name\":\"EKO-BIO-NATURA BIO OBCHOD\",\"url\":\"https:\/\/www.eko-bio-natura.sk\/shop\/\",\"logo\":{\"@type\":\"ImageObject\",\"inLanguage\":\"sk-SK\",\"@id\":\"https:\/\/www.eko-bio-natura.sk\/shop\/#\/schema\/logo\/image\/\",\"url\":\"https:\/\/www.eko-bio-natura.sk\/shop\/wp-content\/uploads\/2021\/04\/eko-bio-natura_logo.png\",\"contentUrl\":\"https:\/\/www.eko-bio-natura.sk\/shop\/wp-content\/uploads\/2021\/04\/eko-bio-natura_logo.png\",\"width\":552,\"height\":194,\"caption\":\"EKO-BIO-NATURA BIO OBCHOD\"},\"image\":{\"@id\":\"https:\/\/www.eko-bio-natura.sk\/shop\/#\/schema\/logo\/image\/\"}}]}<\/script>\n<!-- \/ Yoast SEO plugin. -->","yoast_head_json":{"title":"Rusk\u00fd mix - EKO-BIO-NATURA BIO OBCHOD","robots":{"index":"index","follow":"follow","max-snippet":"max-snippet:-1","max-image-preview":"max-image-preview:large","max-video-preview":"max-video-preview:-1"},"canonical":"https:\/\/www.eko-bio-natura.sk\/shop\/produkt\/rusky-mix\/","og_locale":"sk_SK","og_type":"article","og_title":"Rusk\u00fd mix - EKO-BIO-NATURA BIO OBCHOD","og_description":"1.&nbsp;\u010caga extrakt &#8211; Befungin &#8211; 100 ml Prispieva k spr\u00e1vnemu fungovaniu nervov\u00e9ho syst\u00e9mu, k spr\u00e1vnej l\u00e1tkovej premene d\u00f4le\u017eitej pre tvorbu energie a prispieva k rovnov\u00e1he elektrolytov. Na \u010do sa \u010daga pou\u017e\u00edva?&nbsp; podporn\u00fd prostriedok pri vredovej chorobe \u017eal\u00fadka a dvan\u00e1stnika pri z\u00e1paloch tr\u00e1viaceho \u00fastrojenstva pri chronickej gastrit\u00edde a polyp\u00f3ze \u017eal\u00fadka a \u010driev pri psori\u00e1ze, ekz\u00e9me a [&hellip;]","og_url":"https:\/\/www.eko-bio-natura.sk\/shop\/produkt\/rusky-mix\/","og_site_name":"EKO-BIO-NATURA BIO OBCHOD","article_modified_time":"2021-12-28T17:18:58+00:00","og_image":[{"width":1300,"height":868,"url":"https:\/\/www.eko-bio-natura.sk\/shop\/wp-content\/uploads\/2021\/12\/14439_rusky-mix.jpg","type":"image\/jpeg"}],"twitter_card":"summary_large_image","twitter_misc":{"Predpokladan\u00fd \u010das \u010d\u00edtania":"4 min\u00faty"},"schema":{"@context":"https:\/\/schema.org","@graph":[{"@type":"WebPage","@id":"https:\/\/www.eko-bio-natura.sk\/shop\/produkt\/rusky-mix\/","url":"https:\/\/www.eko-bio-natura.sk\/shop\/produkt\/rusky-mix\/","name":"Rusk\u00fd mix - EKO-BIO-NATURA BIO OBCHOD","isPartOf":{"@id":"https:\/\/www.eko-bio-natura.sk\/shop\/#website"},"primaryImageOfPage":{"@id":"https:\/\/www.eko-bio-natura.sk\/shop\/produkt\/rusky-mix\/#primaryimage"},"image":{"@id":"https:\/\/www.eko-bio-natura.sk\/shop\/produkt\/rusky-mix\/#primaryimage"},"thumbnailUrl":"https:\/\/www.eko-bio-natura.sk\/shop\/wp-content\/uploads\/2021\/12\/14439_rusky-mix.jpg","datePublished":"2021-12-28T17:18:52+00:00","dateModified":"2021-12-28T17:18:58+00:00","breadcrumb":{"@id":"https:\/\/www.eko-bio-natura.sk\/shop\/produkt\/rusky-mix\/#breadcrumb"},"inLanguage":"sk-SK","potentialAction":[{"@type":"ReadAction","target":["https:\/\/www.eko-bio-natura.sk\/shop\/produkt\/rusky-mix\/"]}]},{"@type":"ImageObject","inLanguage":"sk-SK","@id":"https:\/\/www.eko-bio-natura.sk\/shop\/produkt\/rusky-mix\/#primaryimage","url":"https:\/\/www.eko-bio-natura.sk\/shop\/wp-content\/uploads\/2021\/12\/14439_rusky-mix.jpg","contentUrl":"https:\/\/www.eko-bio-natura.sk\/shop\/wp-content\/uploads\/2021\/12\/14439_rusky-mix.jpg","width":1300,"height":868},{"@type":"BreadcrumbList","@id":"https:\/\/www.eko-bio-natura.sk\/shop\/produkt\/rusky-mix\/#breadcrumb","itemListElement":[{"@type":"ListItem","position":1,"name":"Domovsk\u00e1 str\u00e1nka","item":"https:\/\/www.eko-bio-natura.sk\/shop\/"},{"@type":"ListItem","position":2,"name":"Obchod","item":"https:\/\/www.eko-bio-natura.sk\/shop\/?page_id=6"},{"@type":"ListItem","position":3,"name":"Rusk\u00fd mix"}]},{"@type":"WebSite","@id":"https:\/\/www.eko-bio-natura.sk\/shop\/#website","url":"https:\/\/www.eko-bio-natura.sk\/shop\/","name":"EKO-BIO-NATURA BIO OBCHOD","description":"","publisher":{"@id":"https:\/\/www.eko-bio-natura.sk\/shop\/#organization"},"potentialAction":[{"@type":"SearchAction","target":{"@type":"EntryPoint","urlTemplate":"https:\/\/www.eko-bio-natura.sk\/shop\/?s={search_term_string}"},"query-input":{"@type":"PropertyValueSpecification","valueRequired":true,"valueName":"search_term_string"}}],"inLanguage":"sk-SK"},{"@type":"Organization","@id":"https:\/\/www.eko-bio-natura.sk\/shop\/#organization","name":"EKO-BIO-NATURA BIO OBCHOD","url":"https:\/\/www.eko-bio-natura.sk\/shop\/","logo":{"@type":"ImageObject","inLanguage":"sk-SK","@id":"https:\/\/www.eko-bio-natura.sk\/shop\/#\/schema\/logo\/image\/","url":"https:\/\/www.eko-bio-natura.sk\/shop\/wp-content\/uploads\/2021\/04\/eko-bio-natura_logo.png","contentUrl":"https:\/\/www.eko-bio-natura.sk\/shop\/wp-content\/uploads\/2021\/04\/eko-bio-natura_logo.png","width":552,"height":194,"caption":"EKO-BIO-NATURA BIO OBCHOD"},"image":{"@id":"https:\/\/www.eko-bio-natura.sk\/shop\/#\/schema\/logo\/image\/"}}]}},"_links":{"self":[{"href":"https:\/\/www.eko-bio-natura.sk\/shop\/wp-json\/wp\/v2\/product\/7844","targetHints":{"allow":["GET"]}}],"collection":[{"href":"https:\/\/www.eko-bio-natura.sk\/shop\/wp-json\/wp\/v2\/product"}],"about":[{"href":"https:\/\/www.eko-bio-natura.sk\/shop\/wp-json\/wp\/v2\/types\/product"}],"replies":[{"embeddable":true,"href":"https:\/\/www.eko-bio-natura.sk\/shop\/wp-json\/wp\/v2\/comments?post=7844"}],"wp:featuredmedia":[{"embeddable":true,"href":"https:\/\/www.eko-bio-natura.sk\/shop\/wp-json\/wp\/v2\/media\/7845"}],"wp:attachment":[{"href":"https:\/\/www.eko-bio-natura.sk\/shop\/wp-json\/wp\/v2\/media?parent=7844"}],"wp:term":[{"taxonomy":"product_brand","embeddable":true,"href":"https:\/\/www.eko-bio-natura.sk\/shop\/wp-json\/wp\/v2\/product_brand?post=7844"},{"taxonomy":"product_cat","embeddable":true,"href":"https:\/\/www.eko-bio-natura.sk\/shop\/wp-json\/wp\/v2\/product_cat?post=7844"},{"taxonomy":"product_tag","embeddable":true,"href":"https:\/\/www.eko-bio-natura.sk\/shop\/wp-json\/wp\/v2\/product_tag?post=7844"}],"curies":[{"name":"wp","href":"https:\/\/api.w.org\/{rel}","templated":true}]}}