{"id":7840,"date":"2021-12-28T18:18:52","date_gmt":"2021-12-28T17:18:52","guid":{"rendered":"https:\/\/www.eko-bio-natura.sk\/shop\/index.php\/produkt\/specialist-lanova-mucka-hmotnost-200-g\/"},"modified":"2025-04-17T23:03:28","modified_gmt":"2025-04-17T21:03:28","slug":"specialist-lanova-mucka-hmotnost-200-g","status":"publish","type":"product","link":"https:\/\/www.eko-bio-natura.sk\/shop\/produkt\/specialist-lanova-mucka-hmotnost-200-g\/","title":{"rendered":"Specialist \u013danov\u00e1 m\u00fa\u010dka Hmotnos\u0165: 200 g"},"content":{"rendered":"<p><meta charset=\"UTF-8\" \/><\/p>\n<p><span style=\"font-family: verdana, geneva; font-size: 12pt;\">\u013danov\u00e1 m\u00faka je pr\u00edrodn\u00fd produkt bohat\u00fd na vl\u00e1kninu a bielkoviny. \u013danov\u00e9 semienka, obsiahnut\u00e9 v m\u00fake, pre\u010dis\u0165uj\u00fa \u010drev\u00e1, v\u010faka \u010domu skvelo bojuj\u00fa proti z\u00e1pche. Taktie\u017e je u\u017eito\u010dn\u00e1 pri zn\u00ed\u017een\u00ed krvn\u00e9ho tlaku.&nbsp;<\/span><\/p>\n<p><span style=\"font-family: verdana, geneva; font-size: 12pt;\"><strong>Pou\u017eitie:<\/strong> <span>Varenie &#8211; Pridanie \u013eanov\u00e9ho semena do ak\u00e9hoko\u013evek jedla zv\u00fd\u0161i jeho nutri\u010dn\u00fa hodnotu, obohat\u00ed jedlo o vitam\u00edny a miner\u00e1ly, vyrovn\u00e1 zlo\u017eenie aminokysel\u00edn. Pridajte do polievok, mlet\u00e9ho m\u00e4sa, om\u00e1\u010dok, dusen\u00fdch pokrmov. Pou\u017e\u00edva sa na pe\u010denie karbon\u00e1tok a kol\u00e1\u010dov. Pri pr\u00edprave kol\u00e1\u010dov, ovsen\u00fdch vlo\u010diek, krupice, tekvice, ry\u017eovej ka\u0161e m\u00f4\u017eete prida\u0165 aj \u013eanov\u00fa m\u00faku. Vyhnite sa dlhodob\u00e9mu tepeln\u00e9mu o\u0161etreniu. Kozmetika &#8211; pridanie do dom\u00e1cich masiek na t<\/span><\/span><\/p>\n<p><span style=\"font-family: verdana, geneva; font-size: 12pt;\"><strong>Zlo\u017eenie:<\/strong>&nbsp;drven\u00e9 odtu\u010dnen\u00e9 \u013eanov\u00e9 semienka.<\/span><\/p>\n<p><span style=\"font-family: verdana, geneva; font-size: 12pt;\">V\u00fdrobok neobsahuje konzerva\u010dn\u00e9 l\u00e1tky, farbiv\u00e1 a ar\u00f3my. M\u00f4\u017ee obsahova\u0165 stopy vla\u0161sk\u00fdch orechov a sezamov\u00fdch semien.<\/span><\/p>\n<p><span style=\"font-family: verdana, geneva; font-size: 12pt;\"><strong>Nutri\u010dn\u00e1 hodnota (na 100g v\u00fdrobku):<\/strong> <\/span><\/p>\n<table width=\"320\" height=\"61\">\n<tbody>\n<tr>\n<td style=\"width: 159.41175842285156px;\">bielkoviny<\/td>\n<td style=\"width: 159.41175842285156px;\">25 g<\/td>\n<\/tr>\n<tr>\n<td style=\"width: 159.41175842285156px;\">Tuky<\/td>\n<td style=\"width: 159.41175842285156px;\">14 g&nbsp;<\/td>\n<\/tr>\n<tr>\n<td style=\"width: 159.41175842285156px;\">Sacharidy<\/td>\n<td style=\"width: 159.41175842285156px;\">41 g&nbsp;<\/td>\n<\/tr>\n<\/tbody>\n<\/table>\n<table width=\"321\" height=\"14\">\n<tbody>\n<tr>\n<td style=\"width: 159.9080810546875px;\">Energetick\u00e1 hodnota (na 100g v\u00fdrobku)<\/td>\n<td style=\"width: 159.9080810546875px;\">390 kcal\/ 1630 kJ<\/td>\n<\/tr>\n<\/tbody>\n<\/table>\n<p>&nbsp;<\/p>\n<p><span style=\"font-family: verdana, geneva; font-size: 12pt;\"><strong>Objem:<\/strong> 150g \/ 200g<\/span><\/p>\n<p><span style=\"font-family: verdana, geneva; font-size: 12pt;\"><strong>Krajina p\u00f4vodu:<\/strong> Rusko<\/span><\/p>\n","protected":false},"excerpt":{"rendered":"<p>\u013danov\u00e1 m\u00faka je pr\u00edrodn\u00fd produkt bohat\u00fd na vl\u00e1kninu a bielkoviny. \u013danov\u00e9 semienka, obsiahnut\u00e9 v m\u00fake, pre\u010dis\u0165uj\u00fa \u010drev\u00e1, v\u010faka \u010domu skvelo bojuj\u00fa proti z\u00e1pche. Taktie\u017e je u\u017eito\u010dn\u00e1 pri zn\u00ed\u017een\u00ed krvn\u00e9ho tlaku.&nbsp; Pou\u017eitie: Varenie &#8211; Pridanie \u013eanov\u00e9ho semena do ak\u00e9hoko\u013evek jedla zv\u00fd\u0161i jeho nutri\u010dn\u00fa hodnotu, obohat\u00ed jedlo o vitam\u00edny a miner\u00e1ly, vyrovn\u00e1 zlo\u017eenie aminokysel\u00edn. Pridajte do polievok, [&hellip;]<\/p>\n","protected":false},"featured_media":7841,"comment_status":"open","ping_status":"open","template":"","meta":{"site-sidebar-layout":"default","site-content-layout":"","ast-site-content-layout":"default","site-content-style":"default","site-sidebar-style":"default","ast-global-header-display":"","ast-banner-title-visibility":"","ast-main-header-display":"","ast-hfb-above-header-display":"","ast-hfb-below-header-display":"","ast-hfb-mobile-header-display":"","site-post-title":"","ast-breadcrumbs-content":"","ast-featured-img":"","footer-sml-layout":"","ast-disable-related-posts":"","theme-transparent-header-meta":"","adv-header-id-meta":"","stick-header-meta":"","header-above-stick-meta":"","header-main-stick-meta":"","header-below-stick-meta":"","astra-migrate-meta-layouts":"default","ast-page-background-enabled":"default","ast-page-background-meta":{"desktop":{"background-color":"","background-image":"","background-repeat":"repeat","background-position":"center center","background-size":"auto","background-attachment":"scroll","background-type":"","background-media":"","overlay-type":"","overlay-color":"","overlay-opacity":"","overlay-gradient":""},"tablet":{"background-color":"","background-image":"","background-repeat":"repeat","background-position":"center center","background-size":"auto","background-attachment":"scroll","background-type":"","background-media":"","overlay-type":"","overlay-color":"","overlay-opacity":"","overlay-gradient":""},"mobile":{"background-color":"","background-image":"","background-repeat":"repeat","background-position":"center center","background-size":"auto","background-attachment":"scroll","background-type":"","background-media":"","overlay-type":"","overlay-color":"","overlay-opacity":"","overlay-gradient":""}},"ast-content-background-meta":{"desktop":{"background-color":"var(--ast-global-color-5)","background-image":"","background-repeat":"repeat","background-position":"center center","background-size":"auto","background-attachment":"scroll","background-type":"","background-media":"","overlay-type":"","overlay-color":"","overlay-opacity":"","overlay-gradient":""},"tablet":{"background-color":"var(--ast-global-color-5)","background-image":"","background-repeat":"repeat","background-position":"center center","background-size":"auto","background-attachment":"scroll","background-type":"","background-media":"","overlay-type":"","overlay-color":"","overlay-opacity":"","overlay-gradient":""},"mobile":{"background-color":"var(--ast-global-color-5)","background-image":"","background-repeat":"repeat","background-position":"center center","background-size":"auto","background-attachment":"scroll","background-type":"","background-media":"","overlay-type":"","overlay-color":"","overlay-opacity":"","overlay-gradient":""}}},"product_brand":[],"product_cat":[166,68,16],"product_tag":[],"class_list":{"0":"post-7840","1":"product","2":"type-product","3":"status-publish","4":"has-post-thumbnail","6":"product_cat-bezlepkove-muky","7":"product_cat-bezlepkove-potraviny","8":"product_cat-bio-potraviny","9":"pa_cena-dopravy-367","10":"pa_doprava-zasilkovna","11":"pa_typ-partnersky-predaj","12":"pa_znacka-specialist","13":"desktop-align-left","14":"tablet-align-left","15":"mobile-align-left","17":"first","18":"instock","19":"product-type-external"},"yoast_head":"<!-- This site is optimized with the Yoast SEO plugin v27.2 - https:\/\/yoast.com\/product\/yoast-seo-wordpress\/ -->\n<title>Specialist \u013danov\u00e1 m\u00fa\u010dka Hmotnos\u0165: 200 g - EKO-BIO-NATURA BIO OBCHOD<\/title>\n<meta name=\"robots\" content=\"index, follow, max-snippet:-1, max-image-preview:large, max-video-preview:-1\" \/>\n<link rel=\"canonical\" href=\"https:\/\/www.eko-bio-natura.sk\/shop\/produkt\/specialist-lanova-mucka-hmotnost-200-g\/\" \/>\n<meta property=\"og:locale\" content=\"sk_SK\" \/>\n<meta property=\"og:type\" content=\"article\" \/>\n<meta property=\"og:title\" content=\"Specialist \u013danov\u00e1 m\u00fa\u010dka Hmotnos\u0165: 200 g - EKO-BIO-NATURA BIO OBCHOD\" \/>\n<meta property=\"og:description\" content=\"\u013danov\u00e1 m\u00faka je pr\u00edrodn\u00fd produkt bohat\u00fd na vl\u00e1kninu a bielkoviny. \u013danov\u00e9 semienka, obsiahnut\u00e9 v m\u00fake, pre\u010dis\u0165uj\u00fa \u010drev\u00e1, v\u010faka \u010domu skvelo bojuj\u00fa proti z\u00e1pche. Taktie\u017e je u\u017eito\u010dn\u00e1 pri zn\u00ed\u017een\u00ed krvn\u00e9ho tlaku.&nbsp; Pou\u017eitie: Varenie &#8211; Pridanie \u013eanov\u00e9ho semena do ak\u00e9hoko\u013evek jedla zv\u00fd\u0161i jeho nutri\u010dn\u00fa hodnotu, obohat\u00ed jedlo o vitam\u00edny a miner\u00e1ly, vyrovn\u00e1 zlo\u017eenie aminokysel\u00edn. Pridajte do polievok, [&hellip;]\" \/>\n<meta property=\"og:url\" content=\"https:\/\/www.eko-bio-natura.sk\/shop\/produkt\/specialist-lanova-mucka-hmotnost-200-g\/\" \/>\n<meta property=\"og:site_name\" content=\"EKO-BIO-NATURA BIO OBCHOD\" \/>\n<meta property=\"article:modified_time\" content=\"2025-04-17T21:03:28+00:00\" \/>\n<meta property=\"og:image\" content=\"https:\/\/www.eko-bio-natura.sk\/shop\/wp-content\/uploads\/2021\/12\/14427_5b90cc50384e1f51484f0e5d.jpg\" \/>\n\t<meta property=\"og:image:width\" content=\"890\" \/>\n\t<meta property=\"og:image:height\" content=\"880\" \/>\n\t<meta property=\"og:image:type\" content=\"image\/jpeg\" \/>\n<meta name=\"twitter:card\" content=\"summary_large_image\" \/>\n<meta name=\"twitter:label1\" content=\"Predpokladan\u00fd \u010das \u010d\u00edtania\" \/>\n\t<meta name=\"twitter:data1\" content=\"1 min\u00fata\" \/>\n<script type=\"application\/ld+json\" class=\"yoast-schema-graph\">{\"@context\":\"https:\/\/schema.org\",\"@graph\":[{\"@type\":\"WebPage\",\"@id\":\"https:\/\/www.eko-bio-natura.sk\/shop\/produkt\/specialist-lanova-mucka-hmotnost-200-g\/\",\"url\":\"https:\/\/www.eko-bio-natura.sk\/shop\/produkt\/specialist-lanova-mucka-hmotnost-200-g\/\",\"name\":\"Specialist \u013danov\u00e1 m\u00fa\u010dka Hmotnos\u0165: 200 g - EKO-BIO-NATURA BIO OBCHOD\",\"isPartOf\":{\"@id\":\"https:\/\/www.eko-bio-natura.sk\/shop\/#website\"},\"primaryImageOfPage\":{\"@id\":\"https:\/\/www.eko-bio-natura.sk\/shop\/produkt\/specialist-lanova-mucka-hmotnost-200-g\/#primaryimage\"},\"image\":{\"@id\":\"https:\/\/www.eko-bio-natura.sk\/shop\/produkt\/specialist-lanova-mucka-hmotnost-200-g\/#primaryimage\"},\"thumbnailUrl\":\"https:\/\/www.eko-bio-natura.sk\/shop\/wp-content\/uploads\/2021\/12\/14427_5b90cc50384e1f51484f0e5d.jpg\",\"datePublished\":\"2021-12-28T17:18:52+00:00\",\"dateModified\":\"2025-04-17T21:03:28+00:00\",\"breadcrumb\":{\"@id\":\"https:\/\/www.eko-bio-natura.sk\/shop\/produkt\/specialist-lanova-mucka-hmotnost-200-g\/#breadcrumb\"},\"inLanguage\":\"sk-SK\",\"potentialAction\":[{\"@type\":\"ReadAction\",\"target\":[\"https:\/\/www.eko-bio-natura.sk\/shop\/produkt\/specialist-lanova-mucka-hmotnost-200-g\/\"]}]},{\"@type\":\"ImageObject\",\"inLanguage\":\"sk-SK\",\"@id\":\"https:\/\/www.eko-bio-natura.sk\/shop\/produkt\/specialist-lanova-mucka-hmotnost-200-g\/#primaryimage\",\"url\":\"https:\/\/www.eko-bio-natura.sk\/shop\/wp-content\/uploads\/2021\/12\/14427_5b90cc50384e1f51484f0e5d.jpg\",\"contentUrl\":\"https:\/\/www.eko-bio-natura.sk\/shop\/wp-content\/uploads\/2021\/12\/14427_5b90cc50384e1f51484f0e5d.jpg\",\"width\":890,\"height\":880},{\"@type\":\"BreadcrumbList\",\"@id\":\"https:\/\/www.eko-bio-natura.sk\/shop\/produkt\/specialist-lanova-mucka-hmotnost-200-g\/#breadcrumb\",\"itemListElement\":[{\"@type\":\"ListItem\",\"position\":1,\"name\":\"Domovsk\u00e1 str\u00e1nka\",\"item\":\"https:\/\/www.eko-bio-natura.sk\/shop\/\"},{\"@type\":\"ListItem\",\"position\":2,\"name\":\"Obchod\",\"item\":\"https:\/\/www.eko-bio-natura.sk\/shop\/?page_id=6\"},{\"@type\":\"ListItem\",\"position\":3,\"name\":\"Specialist \u013danov\u00e1 m\u00fa\u010dka Hmotnos\u0165: 200 g\"}]},{\"@type\":\"WebSite\",\"@id\":\"https:\/\/www.eko-bio-natura.sk\/shop\/#website\",\"url\":\"https:\/\/www.eko-bio-natura.sk\/shop\/\",\"name\":\"EKO-BIO-NATURA BIO OBCHOD\",\"description\":\"\",\"publisher\":{\"@id\":\"https:\/\/www.eko-bio-natura.sk\/shop\/#organization\"},\"potentialAction\":[{\"@type\":\"SearchAction\",\"target\":{\"@type\":\"EntryPoint\",\"urlTemplate\":\"https:\/\/www.eko-bio-natura.sk\/shop\/?s={search_term_string}\"},\"query-input\":{\"@type\":\"PropertyValueSpecification\",\"valueRequired\":true,\"valueName\":\"search_term_string\"}}],\"inLanguage\":\"sk-SK\"},{\"@type\":\"Organization\",\"@id\":\"https:\/\/www.eko-bio-natura.sk\/shop\/#organization\",\"name\":\"EKO-BIO-NATURA BIO OBCHOD\",\"url\":\"https:\/\/www.eko-bio-natura.sk\/shop\/\",\"logo\":{\"@type\":\"ImageObject\",\"inLanguage\":\"sk-SK\",\"@id\":\"https:\/\/www.eko-bio-natura.sk\/shop\/#\/schema\/logo\/image\/\",\"url\":\"https:\/\/www.eko-bio-natura.sk\/shop\/wp-content\/uploads\/2021\/04\/eko-bio-natura_logo.png\",\"contentUrl\":\"https:\/\/www.eko-bio-natura.sk\/shop\/wp-content\/uploads\/2021\/04\/eko-bio-natura_logo.png\",\"width\":552,\"height\":194,\"caption\":\"EKO-BIO-NATURA BIO OBCHOD\"},\"image\":{\"@id\":\"https:\/\/www.eko-bio-natura.sk\/shop\/#\/schema\/logo\/image\/\"}}]}<\/script>\n<!-- \/ Yoast SEO plugin. -->","yoast_head_json":{"title":"Specialist \u013danov\u00e1 m\u00fa\u010dka Hmotnos\u0165: 200 g - EKO-BIO-NATURA BIO OBCHOD","robots":{"index":"index","follow":"follow","max-snippet":"max-snippet:-1","max-image-preview":"max-image-preview:large","max-video-preview":"max-video-preview:-1"},"canonical":"https:\/\/www.eko-bio-natura.sk\/shop\/produkt\/specialist-lanova-mucka-hmotnost-200-g\/","og_locale":"sk_SK","og_type":"article","og_title":"Specialist \u013danov\u00e1 m\u00fa\u010dka Hmotnos\u0165: 200 g - EKO-BIO-NATURA BIO OBCHOD","og_description":"\u013danov\u00e1 m\u00faka je pr\u00edrodn\u00fd produkt bohat\u00fd na vl\u00e1kninu a bielkoviny. \u013danov\u00e9 semienka, obsiahnut\u00e9 v m\u00fake, pre\u010dis\u0165uj\u00fa \u010drev\u00e1, v\u010faka \u010domu skvelo bojuj\u00fa proti z\u00e1pche. Taktie\u017e je u\u017eito\u010dn\u00e1 pri zn\u00ed\u017een\u00ed krvn\u00e9ho tlaku.&nbsp; Pou\u017eitie: Varenie &#8211; Pridanie \u013eanov\u00e9ho semena do ak\u00e9hoko\u013evek jedla zv\u00fd\u0161i jeho nutri\u010dn\u00fa hodnotu, obohat\u00ed jedlo o vitam\u00edny a miner\u00e1ly, vyrovn\u00e1 zlo\u017eenie aminokysel\u00edn. Pridajte do polievok, [&hellip;]","og_url":"https:\/\/www.eko-bio-natura.sk\/shop\/produkt\/specialist-lanova-mucka-hmotnost-200-g\/","og_site_name":"EKO-BIO-NATURA BIO OBCHOD","article_modified_time":"2025-04-17T21:03:28+00:00","og_image":[{"width":890,"height":880,"url":"https:\/\/www.eko-bio-natura.sk\/shop\/wp-content\/uploads\/2021\/12\/14427_5b90cc50384e1f51484f0e5d.jpg","type":"image\/jpeg"}],"twitter_card":"summary_large_image","twitter_misc":{"Predpokladan\u00fd \u010das \u010d\u00edtania":"1 min\u00fata"},"schema":{"@context":"https:\/\/schema.org","@graph":[{"@type":"WebPage","@id":"https:\/\/www.eko-bio-natura.sk\/shop\/produkt\/specialist-lanova-mucka-hmotnost-200-g\/","url":"https:\/\/www.eko-bio-natura.sk\/shop\/produkt\/specialist-lanova-mucka-hmotnost-200-g\/","name":"Specialist \u013danov\u00e1 m\u00fa\u010dka Hmotnos\u0165: 200 g - EKO-BIO-NATURA BIO OBCHOD","isPartOf":{"@id":"https:\/\/www.eko-bio-natura.sk\/shop\/#website"},"primaryImageOfPage":{"@id":"https:\/\/www.eko-bio-natura.sk\/shop\/produkt\/specialist-lanova-mucka-hmotnost-200-g\/#primaryimage"},"image":{"@id":"https:\/\/www.eko-bio-natura.sk\/shop\/produkt\/specialist-lanova-mucka-hmotnost-200-g\/#primaryimage"},"thumbnailUrl":"https:\/\/www.eko-bio-natura.sk\/shop\/wp-content\/uploads\/2021\/12\/14427_5b90cc50384e1f51484f0e5d.jpg","datePublished":"2021-12-28T17:18:52+00:00","dateModified":"2025-04-17T21:03:28+00:00","breadcrumb":{"@id":"https:\/\/www.eko-bio-natura.sk\/shop\/produkt\/specialist-lanova-mucka-hmotnost-200-g\/#breadcrumb"},"inLanguage":"sk-SK","potentialAction":[{"@type":"ReadAction","target":["https:\/\/www.eko-bio-natura.sk\/shop\/produkt\/specialist-lanova-mucka-hmotnost-200-g\/"]}]},{"@type":"ImageObject","inLanguage":"sk-SK","@id":"https:\/\/www.eko-bio-natura.sk\/shop\/produkt\/specialist-lanova-mucka-hmotnost-200-g\/#primaryimage","url":"https:\/\/www.eko-bio-natura.sk\/shop\/wp-content\/uploads\/2021\/12\/14427_5b90cc50384e1f51484f0e5d.jpg","contentUrl":"https:\/\/www.eko-bio-natura.sk\/shop\/wp-content\/uploads\/2021\/12\/14427_5b90cc50384e1f51484f0e5d.jpg","width":890,"height":880},{"@type":"BreadcrumbList","@id":"https:\/\/www.eko-bio-natura.sk\/shop\/produkt\/specialist-lanova-mucka-hmotnost-200-g\/#breadcrumb","itemListElement":[{"@type":"ListItem","position":1,"name":"Domovsk\u00e1 str\u00e1nka","item":"https:\/\/www.eko-bio-natura.sk\/shop\/"},{"@type":"ListItem","position":2,"name":"Obchod","item":"https:\/\/www.eko-bio-natura.sk\/shop\/?page_id=6"},{"@type":"ListItem","position":3,"name":"Specialist \u013danov\u00e1 m\u00fa\u010dka Hmotnos\u0165: 200 g"}]},{"@type":"WebSite","@id":"https:\/\/www.eko-bio-natura.sk\/shop\/#website","url":"https:\/\/www.eko-bio-natura.sk\/shop\/","name":"EKO-BIO-NATURA BIO OBCHOD","description":"","publisher":{"@id":"https:\/\/www.eko-bio-natura.sk\/shop\/#organization"},"potentialAction":[{"@type":"SearchAction","target":{"@type":"EntryPoint","urlTemplate":"https:\/\/www.eko-bio-natura.sk\/shop\/?s={search_term_string}"},"query-input":{"@type":"PropertyValueSpecification","valueRequired":true,"valueName":"search_term_string"}}],"inLanguage":"sk-SK"},{"@type":"Organization","@id":"https:\/\/www.eko-bio-natura.sk\/shop\/#organization","name":"EKO-BIO-NATURA BIO OBCHOD","url":"https:\/\/www.eko-bio-natura.sk\/shop\/","logo":{"@type":"ImageObject","inLanguage":"sk-SK","@id":"https:\/\/www.eko-bio-natura.sk\/shop\/#\/schema\/logo\/image\/","url":"https:\/\/www.eko-bio-natura.sk\/shop\/wp-content\/uploads\/2021\/04\/eko-bio-natura_logo.png","contentUrl":"https:\/\/www.eko-bio-natura.sk\/shop\/wp-content\/uploads\/2021\/04\/eko-bio-natura_logo.png","width":552,"height":194,"caption":"EKO-BIO-NATURA BIO OBCHOD"},"image":{"@id":"https:\/\/www.eko-bio-natura.sk\/shop\/#\/schema\/logo\/image\/"}}]}},"_links":{"self":[{"href":"https:\/\/www.eko-bio-natura.sk\/shop\/wp-json\/wp\/v2\/product\/7840","targetHints":{"allow":["GET"]}}],"collection":[{"href":"https:\/\/www.eko-bio-natura.sk\/shop\/wp-json\/wp\/v2\/product"}],"about":[{"href":"https:\/\/www.eko-bio-natura.sk\/shop\/wp-json\/wp\/v2\/types\/product"}],"replies":[{"embeddable":true,"href":"https:\/\/www.eko-bio-natura.sk\/shop\/wp-json\/wp\/v2\/comments?post=7840"}],"wp:featuredmedia":[{"embeddable":true,"href":"https:\/\/www.eko-bio-natura.sk\/shop\/wp-json\/wp\/v2\/media\/7841"}],"wp:attachment":[{"href":"https:\/\/www.eko-bio-natura.sk\/shop\/wp-json\/wp\/v2\/media?parent=7840"}],"wp:term":[{"taxonomy":"product_brand","embeddable":true,"href":"https:\/\/www.eko-bio-natura.sk\/shop\/wp-json\/wp\/v2\/product_brand?post=7840"},{"taxonomy":"product_cat","embeddable":true,"href":"https:\/\/www.eko-bio-natura.sk\/shop\/wp-json\/wp\/v2\/product_cat?post=7840"},{"taxonomy":"product_tag","embeddable":true,"href":"https:\/\/www.eko-bio-natura.sk\/shop\/wp-json\/wp\/v2\/product_tag?post=7840"}],"curies":[{"name":"wp","href":"https:\/\/api.w.org\/{rel}","templated":true}]}}