{"id":7836,"date":"2021-12-28T18:18:52","date_gmt":"2021-12-28T17:18:52","guid":{"rendered":"https:\/\/www.eko-bio-natura.sk\/shop\/index.php\/produkt\/specialist-muka-z-tekvicovych-semien-150-g\/"},"modified":"2025-04-17T23:03:28","modified_gmt":"2025-04-17T21:03:28","slug":"specialist-muka-z-tekvicovych-semien-150-g","status":"publish","type":"product","link":"https:\/\/www.eko-bio-natura.sk\/shop\/produkt\/specialist-muka-z-tekvicovych-semien-150-g\/","title":{"rendered":"Specialist M\u00faka z tekvicov\u00fdch semien &#8211; 150 g"},"content":{"rendered":"<p><span style=\"font-family: verdana, geneva; font-size: 12pt;\">M\u00faka sa z\u00edskava z tekvicov\u00fdch semien, konkr\u00e9tne ich pomlet\u00edm.&nbsp;V m\u00fake zost\u00e1vaj\u00fa <strong>v\u0161etky miner\u00e1ly a vitam\u00edny<\/strong>, ktor\u00e9 sa nach\u00e1dzaj\u00fa v tekvicov\u00fdch semienkach, ako aj stopy tekvicov\u00e9ho oleja.&nbsp;Tekvicov\u00e1 m\u00faka je <strong>bohat\u00fdm zdrojom plnohodnotn\u00fdch a \u013eahko str\u00e1vite\u013en\u00fdch rastlinn\u00fdch bielkov\u00edn<\/strong> (ich obsah v tomto produkte dosahuje 40%).<\/span><br \/><span style=\"font-family: verdana, geneva; font-size: 12pt;\">Prote\u00ednov\u00e9 zlo\u017eenie tekvicovej m\u00faky sa vyzna\u010duje vysok\u00fdm obsahom <strong>neesenci\u00e1lnych a esenci\u00e1lnych aminokysel\u00edn<\/strong> (argin\u00edn, val\u00edn, glutam\u00edn, fenylalan\u00edn, glyc\u00edn, lyz\u00edn at\u010f.), ktor\u00e9 s\u00fa potrebn\u00e9 <strong>pre imunitu, norm\u00e1lne a plnohodnotn\u00e9 fungovanie \u013eudsk\u00e9ho organizmu .<\/strong>&nbsp;Okrem toho tekvicov\u00e1 m\u00faka a tekvicov\u00fd olej obsahuj\u00fa vz\u00e1cnu aminokyselinu cucurbitin, ktor\u00e1 m\u00e1 siln\u00e9 <strong>antiparazitick\u00e9 vlastnosti<\/strong>, nesp\u00f4sobuje intoxik\u00e1ciu organizmu a nedr\u00e1\u017edi \u010drevn\u00fa sliznicu.<\/span><\/p>\n<p><span style=\"font-family: verdana, geneva; font-size: 12pt;\"><strong>Produkt je tie\u017e bohat\u00fd na:<\/strong><\/span><\/p>\n<p><span style=\"font-family: verdana, geneva; font-size: 12pt;\"><strong>&#8211; vl\u00e1kninu,<\/strong> ktor\u00e1 pom\u00e1ha udr\u017eiava\u0165 norm\u00e1lnu hladinu cholesterolu a cukru v krvi, reguluje hmotnos\u0165, odstra\u0148uje tox\u00edny, normalizuje \u010dinnos\u0165 gastrointestin\u00e1lneho traktu<\/span><br \/><span style=\"font-family: verdana, geneva; font-size: 12pt;\"><strong>&#8211; zinok,<\/strong> ktor\u00fd sa podie\u013ea na metabolizme bielkov\u00edn, tukov, sacharidov, synt\u00e9ze nukleov\u00fdch kysel\u00edn. Ovplyv\u0148uje tvorbu <strong>imunity a priebeh bioenergetick\u00fdch procesov.<\/strong><\/span><br \/><span style=\"font-family: verdana, geneva; font-size: 12pt;\"><strong>&#8211; vitam\u00edny<\/strong> (A, E, F, PP, P, vitam\u00edny B);<\/span><br \/><span style=\"font-family: verdana, geneva; font-size: 12pt;\"><strong>&#8211; miner\u00e1ly<\/strong>, ktor\u00e9 sa podie\u013eaj\u00fa na energii svalovej kontrakcie, hraj\u00fa d\u00f4le\u017eit\u00fa \u00falohu pri synt\u00e9ze bielkov\u00edn, tukov, sacharidov<\/span><br \/><span style=\"font-family: verdana, geneva; font-size: 12pt;\"><strong>&#8211; chlorofyl<\/strong> &#8211; antioxidant, ktor\u00fd chr\u00e1ni telo pred pred\u010dasn\u00fdm starnut\u00edm a vo\u013en\u00fdmi radik\u00e1lmi. Okrem toho chlorofyl zlep\u0161uje transport kysl\u00edka do buniek a posil\u0148uje imunitu.<\/span><\/p>\n<p><span style=\"font-family: verdana, geneva; font-size: 12pt;\"><strong>Pou\u017eitie:<\/strong> Tekvicov\u00fa m\u00faku mo\u017eno pou\u017ei\u0165 pri varen\u00ed, prid\u00e1va\u0165 do hotov\u00fdch jed\u00e1l: \u0161al\u00e1tov, polievok, cere\u00e1li\u00ed, om\u00e1\u010dok at\u010f.Pri pe\u010den\u00ed zmie\u0161ame s p\u0161eni\u010dnou m\u00fakou (1-2 polievkov\u00e9 ly\u017eice na 1 kg p\u0161eni\u010dnej m\u00faky).<\/span><\/p>\n<p><span style=\"font-family: verdana, geneva; font-size: 12pt;\"><strong>Zlo\u017eenie:<\/strong>&nbsp;Tekvicov\u00e9 semienka, drven\u00e9, \u010diasto\u010dne bez tuku. Neobsahuje \u017eiadne konzerva\u010dn\u00e9 l\u00e1tky, farbiv\u00e1 ani pr\u00edchute.<\/span><\/p>\n<p><span style=\"font-family: verdana, geneva; font-size: 12pt;\"><strong>Obsah:<\/strong> 150 g<\/span><\/p>\n<p><span style=\"font-family: verdana, geneva; font-size: 12pt;\"><strong>Krajina p\u00f4vodu:<\/strong> Rusko<\/span><\/p>\n","protected":false},"excerpt":{"rendered":"<p>M\u00faka sa z\u00edskava z tekvicov\u00fdch semien, konkr\u00e9tne ich pomlet\u00edm.&nbsp;V m\u00fake zost\u00e1vaj\u00fa v\u0161etky miner\u00e1ly a vitam\u00edny, ktor\u00e9 sa nach\u00e1dzaj\u00fa v tekvicov\u00fdch semienkach, ako aj stopy tekvicov\u00e9ho oleja.&nbsp;Tekvicov\u00e1 m\u00faka je bohat\u00fdm zdrojom plnohodnotn\u00fdch a \u013eahko str\u00e1vite\u013en\u00fdch rastlinn\u00fdch bielkov\u00edn (ich obsah v tomto produkte dosahuje 40%).Prote\u00ednov\u00e9 zlo\u017eenie tekvicovej m\u00faky sa vyzna\u010duje vysok\u00fdm obsahom neesenci\u00e1lnych a esenci\u00e1lnych aminokysel\u00edn (argin\u00edn, [&hellip;]<\/p>\n","protected":false},"featured_media":7837,"comment_status":"open","ping_status":"open","template":"","meta":{"site-sidebar-layout":"default","site-content-layout":"","ast-site-content-layout":"default","site-content-style":"default","site-sidebar-style":"default","ast-global-header-display":"","ast-banner-title-visibility":"","ast-main-header-display":"","ast-hfb-above-header-display":"","ast-hfb-below-header-display":"","ast-hfb-mobile-header-display":"","site-post-title":"","ast-breadcrumbs-content":"","ast-featured-img":"","footer-sml-layout":"","ast-disable-related-posts":"","theme-transparent-header-meta":"","adv-header-id-meta":"","stick-header-meta":"","header-above-stick-meta":"","header-main-stick-meta":"","header-below-stick-meta":"","astra-migrate-meta-layouts":"default","ast-page-background-enabled":"default","ast-page-background-meta":{"desktop":{"background-color":"","background-image":"","background-repeat":"repeat","background-position":"center center","background-size":"auto","background-attachment":"scroll","background-type":"","background-media":"","overlay-type":"","overlay-color":"","overlay-opacity":"","overlay-gradient":""},"tablet":{"background-color":"","background-image":"","background-repeat":"repeat","background-position":"center center","background-size":"auto","background-attachment":"scroll","background-type":"","background-media":"","overlay-type":"","overlay-color":"","overlay-opacity":"","overlay-gradient":""},"mobile":{"background-color":"","background-image":"","background-repeat":"repeat","background-position":"center center","background-size":"auto","background-attachment":"scroll","background-type":"","background-media":"","overlay-type":"","overlay-color":"","overlay-opacity":"","overlay-gradient":""}},"ast-content-background-meta":{"desktop":{"background-color":"var(--ast-global-color-5)","background-image":"","background-repeat":"repeat","background-position":"center center","background-size":"auto","background-attachment":"scroll","background-type":"","background-media":"","overlay-type":"","overlay-color":"","overlay-opacity":"","overlay-gradient":""},"tablet":{"background-color":"var(--ast-global-color-5)","background-image":"","background-repeat":"repeat","background-position":"center center","background-size":"auto","background-attachment":"scroll","background-type":"","background-media":"","overlay-type":"","overlay-color":"","overlay-opacity":"","overlay-gradient":""},"mobile":{"background-color":"var(--ast-global-color-5)","background-image":"","background-repeat":"repeat","background-position":"center center","background-size":"auto","background-attachment":"scroll","background-type":"","background-media":"","overlay-type":"","overlay-color":"","overlay-opacity":"","overlay-gradient":""}}},"product_brand":[],"product_cat":[166,68,16],"product_tag":[],"class_list":{"0":"post-7836","1":"product","2":"type-product","3":"status-publish","4":"has-post-thumbnail","6":"product_cat-bezlepkove-muky","7":"product_cat-bezlepkove-potraviny","8":"product_cat-bio-potraviny","9":"pa_cena-dopravy-367","10":"pa_doprava-zasilkovna","11":"pa_ean-1049","12":"pa_typ-partnersky-predaj","13":"pa_znacka-specialist","14":"desktop-align-left","15":"tablet-align-left","16":"mobile-align-left","18":"first","19":"instock","20":"product-type-external"},"yoast_head":"<!-- This site is optimized with the Yoast SEO plugin v27.2 - https:\/\/yoast.com\/product\/yoast-seo-wordpress\/ -->\n<title>Specialist M\u00faka z tekvicov\u00fdch semien - 150 g - EKO-BIO-NATURA BIO OBCHOD<\/title>\n<meta name=\"robots\" content=\"index, follow, max-snippet:-1, max-image-preview:large, max-video-preview:-1\" \/>\n<link rel=\"canonical\" href=\"https:\/\/www.eko-bio-natura.sk\/shop\/produkt\/specialist-muka-z-tekvicovych-semien-150-g\/\" \/>\n<meta property=\"og:locale\" content=\"sk_SK\" \/>\n<meta property=\"og:type\" content=\"article\" \/>\n<meta property=\"og:title\" content=\"Specialist M\u00faka z tekvicov\u00fdch semien - 150 g - EKO-BIO-NATURA BIO OBCHOD\" \/>\n<meta property=\"og:description\" content=\"M\u00faka sa z\u00edskava z tekvicov\u00fdch semien, konkr\u00e9tne ich pomlet\u00edm.&nbsp;V m\u00fake zost\u00e1vaj\u00fa v\u0161etky miner\u00e1ly a vitam\u00edny, ktor\u00e9 sa nach\u00e1dzaj\u00fa v tekvicov\u00fdch semienkach, ako aj stopy tekvicov\u00e9ho oleja.&nbsp;Tekvicov\u00e1 m\u00faka je bohat\u00fdm zdrojom plnohodnotn\u00fdch a \u013eahko str\u00e1vite\u013en\u00fdch rastlinn\u00fdch bielkov\u00edn (ich obsah v tomto produkte dosahuje 40%).Prote\u00ednov\u00e9 zlo\u017eenie tekvicovej m\u00faky sa vyzna\u010duje vysok\u00fdm obsahom neesenci\u00e1lnych a esenci\u00e1lnych aminokysel\u00edn (argin\u00edn, [&hellip;]\" \/>\n<meta property=\"og:url\" content=\"https:\/\/www.eko-bio-natura.sk\/shop\/produkt\/specialist-muka-z-tekvicovych-semien-150-g\/\" \/>\n<meta property=\"og:site_name\" content=\"EKO-BIO-NATURA BIO OBCHOD\" \/>\n<meta property=\"article:modified_time\" content=\"2025-04-17T21:03:28+00:00\" \/>\n<meta property=\"og:image\" content=\"https:\/\/www.eko-bio-natura.sk\/shop\/wp-content\/uploads\/2021\/12\/14424_652eb6c9474514808b9c966160854952.jpg\" \/>\n\t<meta property=\"og:image:width\" content=\"1024\" \/>\n\t<meta property=\"og:image:height\" content=\"850\" \/>\n\t<meta property=\"og:image:type\" content=\"image\/jpeg\" \/>\n<meta name=\"twitter:card\" content=\"summary_large_image\" \/>\n<meta name=\"twitter:label1\" content=\"Predpokladan\u00fd \u010das \u010d\u00edtania\" \/>\n\t<meta name=\"twitter:data1\" content=\"2 min\u00faty\" \/>\n<script type=\"application\/ld+json\" class=\"yoast-schema-graph\">{\"@context\":\"https:\/\/schema.org\",\"@graph\":[{\"@type\":\"WebPage\",\"@id\":\"https:\/\/www.eko-bio-natura.sk\/shop\/produkt\/specialist-muka-z-tekvicovych-semien-150-g\/\",\"url\":\"https:\/\/www.eko-bio-natura.sk\/shop\/produkt\/specialist-muka-z-tekvicovych-semien-150-g\/\",\"name\":\"Specialist M\u00faka z tekvicov\u00fdch semien - 150 g - EKO-BIO-NATURA BIO OBCHOD\",\"isPartOf\":{\"@id\":\"https:\/\/www.eko-bio-natura.sk\/shop\/#website\"},\"primaryImageOfPage\":{\"@id\":\"https:\/\/www.eko-bio-natura.sk\/shop\/produkt\/specialist-muka-z-tekvicovych-semien-150-g\/#primaryimage\"},\"image\":{\"@id\":\"https:\/\/www.eko-bio-natura.sk\/shop\/produkt\/specialist-muka-z-tekvicovych-semien-150-g\/#primaryimage\"},\"thumbnailUrl\":\"https:\/\/www.eko-bio-natura.sk\/shop\/wp-content\/uploads\/2021\/12\/14424_652eb6c9474514808b9c966160854952.jpg\",\"datePublished\":\"2021-12-28T17:18:52+00:00\",\"dateModified\":\"2025-04-17T21:03:28+00:00\",\"breadcrumb\":{\"@id\":\"https:\/\/www.eko-bio-natura.sk\/shop\/produkt\/specialist-muka-z-tekvicovych-semien-150-g\/#breadcrumb\"},\"inLanguage\":\"sk-SK\",\"potentialAction\":[{\"@type\":\"ReadAction\",\"target\":[\"https:\/\/www.eko-bio-natura.sk\/shop\/produkt\/specialist-muka-z-tekvicovych-semien-150-g\/\"]}]},{\"@type\":\"ImageObject\",\"inLanguage\":\"sk-SK\",\"@id\":\"https:\/\/www.eko-bio-natura.sk\/shop\/produkt\/specialist-muka-z-tekvicovych-semien-150-g\/#primaryimage\",\"url\":\"https:\/\/www.eko-bio-natura.sk\/shop\/wp-content\/uploads\/2021\/12\/14424_652eb6c9474514808b9c966160854952.jpg\",\"contentUrl\":\"https:\/\/www.eko-bio-natura.sk\/shop\/wp-content\/uploads\/2021\/12\/14424_652eb6c9474514808b9c966160854952.jpg\",\"width\":1024,\"height\":850},{\"@type\":\"BreadcrumbList\",\"@id\":\"https:\/\/www.eko-bio-natura.sk\/shop\/produkt\/specialist-muka-z-tekvicovych-semien-150-g\/#breadcrumb\",\"itemListElement\":[{\"@type\":\"ListItem\",\"position\":1,\"name\":\"Domovsk\u00e1 str\u00e1nka\",\"item\":\"https:\/\/www.eko-bio-natura.sk\/shop\/\"},{\"@type\":\"ListItem\",\"position\":2,\"name\":\"Obchod\",\"item\":\"https:\/\/www.eko-bio-natura.sk\/shop\/?page_id=6\"},{\"@type\":\"ListItem\",\"position\":3,\"name\":\"Specialist M\u00faka z tekvicov\u00fdch semien &#8211; 150 g\"}]},{\"@type\":\"WebSite\",\"@id\":\"https:\/\/www.eko-bio-natura.sk\/shop\/#website\",\"url\":\"https:\/\/www.eko-bio-natura.sk\/shop\/\",\"name\":\"EKO-BIO-NATURA BIO OBCHOD\",\"description\":\"\",\"publisher\":{\"@id\":\"https:\/\/www.eko-bio-natura.sk\/shop\/#organization\"},\"potentialAction\":[{\"@type\":\"SearchAction\",\"target\":{\"@type\":\"EntryPoint\",\"urlTemplate\":\"https:\/\/www.eko-bio-natura.sk\/shop\/?s={search_term_string}\"},\"query-input\":{\"@type\":\"PropertyValueSpecification\",\"valueRequired\":true,\"valueName\":\"search_term_string\"}}],\"inLanguage\":\"sk-SK\"},{\"@type\":\"Organization\",\"@id\":\"https:\/\/www.eko-bio-natura.sk\/shop\/#organization\",\"name\":\"EKO-BIO-NATURA BIO OBCHOD\",\"url\":\"https:\/\/www.eko-bio-natura.sk\/shop\/\",\"logo\":{\"@type\":\"ImageObject\",\"inLanguage\":\"sk-SK\",\"@id\":\"https:\/\/www.eko-bio-natura.sk\/shop\/#\/schema\/logo\/image\/\",\"url\":\"https:\/\/www.eko-bio-natura.sk\/shop\/wp-content\/uploads\/2021\/04\/eko-bio-natura_logo.png\",\"contentUrl\":\"https:\/\/www.eko-bio-natura.sk\/shop\/wp-content\/uploads\/2021\/04\/eko-bio-natura_logo.png\",\"width\":552,\"height\":194,\"caption\":\"EKO-BIO-NATURA BIO OBCHOD\"},\"image\":{\"@id\":\"https:\/\/www.eko-bio-natura.sk\/shop\/#\/schema\/logo\/image\/\"}}]}<\/script>\n<!-- \/ Yoast SEO plugin. -->","yoast_head_json":{"title":"Specialist M\u00faka z tekvicov\u00fdch semien - 150 g - EKO-BIO-NATURA BIO OBCHOD","robots":{"index":"index","follow":"follow","max-snippet":"max-snippet:-1","max-image-preview":"max-image-preview:large","max-video-preview":"max-video-preview:-1"},"canonical":"https:\/\/www.eko-bio-natura.sk\/shop\/produkt\/specialist-muka-z-tekvicovych-semien-150-g\/","og_locale":"sk_SK","og_type":"article","og_title":"Specialist M\u00faka z tekvicov\u00fdch semien - 150 g - EKO-BIO-NATURA BIO OBCHOD","og_description":"M\u00faka sa z\u00edskava z tekvicov\u00fdch semien, konkr\u00e9tne ich pomlet\u00edm.&nbsp;V m\u00fake zost\u00e1vaj\u00fa v\u0161etky miner\u00e1ly a vitam\u00edny, ktor\u00e9 sa nach\u00e1dzaj\u00fa v tekvicov\u00fdch semienkach, ako aj stopy tekvicov\u00e9ho oleja.&nbsp;Tekvicov\u00e1 m\u00faka je bohat\u00fdm zdrojom plnohodnotn\u00fdch a \u013eahko str\u00e1vite\u013en\u00fdch rastlinn\u00fdch bielkov\u00edn (ich obsah v tomto produkte dosahuje 40%).Prote\u00ednov\u00e9 zlo\u017eenie tekvicovej m\u00faky sa vyzna\u010duje vysok\u00fdm obsahom neesenci\u00e1lnych a esenci\u00e1lnych aminokysel\u00edn (argin\u00edn, [&hellip;]","og_url":"https:\/\/www.eko-bio-natura.sk\/shop\/produkt\/specialist-muka-z-tekvicovych-semien-150-g\/","og_site_name":"EKO-BIO-NATURA BIO OBCHOD","article_modified_time":"2025-04-17T21:03:28+00:00","og_image":[{"width":1024,"height":850,"url":"https:\/\/www.eko-bio-natura.sk\/shop\/wp-content\/uploads\/2021\/12\/14424_652eb6c9474514808b9c966160854952.jpg","type":"image\/jpeg"}],"twitter_card":"summary_large_image","twitter_misc":{"Predpokladan\u00fd \u010das \u010d\u00edtania":"2 min\u00faty"},"schema":{"@context":"https:\/\/schema.org","@graph":[{"@type":"WebPage","@id":"https:\/\/www.eko-bio-natura.sk\/shop\/produkt\/specialist-muka-z-tekvicovych-semien-150-g\/","url":"https:\/\/www.eko-bio-natura.sk\/shop\/produkt\/specialist-muka-z-tekvicovych-semien-150-g\/","name":"Specialist M\u00faka z tekvicov\u00fdch semien - 150 g - EKO-BIO-NATURA BIO OBCHOD","isPartOf":{"@id":"https:\/\/www.eko-bio-natura.sk\/shop\/#website"},"primaryImageOfPage":{"@id":"https:\/\/www.eko-bio-natura.sk\/shop\/produkt\/specialist-muka-z-tekvicovych-semien-150-g\/#primaryimage"},"image":{"@id":"https:\/\/www.eko-bio-natura.sk\/shop\/produkt\/specialist-muka-z-tekvicovych-semien-150-g\/#primaryimage"},"thumbnailUrl":"https:\/\/www.eko-bio-natura.sk\/shop\/wp-content\/uploads\/2021\/12\/14424_652eb6c9474514808b9c966160854952.jpg","datePublished":"2021-12-28T17:18:52+00:00","dateModified":"2025-04-17T21:03:28+00:00","breadcrumb":{"@id":"https:\/\/www.eko-bio-natura.sk\/shop\/produkt\/specialist-muka-z-tekvicovych-semien-150-g\/#breadcrumb"},"inLanguage":"sk-SK","potentialAction":[{"@type":"ReadAction","target":["https:\/\/www.eko-bio-natura.sk\/shop\/produkt\/specialist-muka-z-tekvicovych-semien-150-g\/"]}]},{"@type":"ImageObject","inLanguage":"sk-SK","@id":"https:\/\/www.eko-bio-natura.sk\/shop\/produkt\/specialist-muka-z-tekvicovych-semien-150-g\/#primaryimage","url":"https:\/\/www.eko-bio-natura.sk\/shop\/wp-content\/uploads\/2021\/12\/14424_652eb6c9474514808b9c966160854952.jpg","contentUrl":"https:\/\/www.eko-bio-natura.sk\/shop\/wp-content\/uploads\/2021\/12\/14424_652eb6c9474514808b9c966160854952.jpg","width":1024,"height":850},{"@type":"BreadcrumbList","@id":"https:\/\/www.eko-bio-natura.sk\/shop\/produkt\/specialist-muka-z-tekvicovych-semien-150-g\/#breadcrumb","itemListElement":[{"@type":"ListItem","position":1,"name":"Domovsk\u00e1 str\u00e1nka","item":"https:\/\/www.eko-bio-natura.sk\/shop\/"},{"@type":"ListItem","position":2,"name":"Obchod","item":"https:\/\/www.eko-bio-natura.sk\/shop\/?page_id=6"},{"@type":"ListItem","position":3,"name":"Specialist M\u00faka z tekvicov\u00fdch semien &#8211; 150 g"}]},{"@type":"WebSite","@id":"https:\/\/www.eko-bio-natura.sk\/shop\/#website","url":"https:\/\/www.eko-bio-natura.sk\/shop\/","name":"EKO-BIO-NATURA BIO OBCHOD","description":"","publisher":{"@id":"https:\/\/www.eko-bio-natura.sk\/shop\/#organization"},"potentialAction":[{"@type":"SearchAction","target":{"@type":"EntryPoint","urlTemplate":"https:\/\/www.eko-bio-natura.sk\/shop\/?s={search_term_string}"},"query-input":{"@type":"PropertyValueSpecification","valueRequired":true,"valueName":"search_term_string"}}],"inLanguage":"sk-SK"},{"@type":"Organization","@id":"https:\/\/www.eko-bio-natura.sk\/shop\/#organization","name":"EKO-BIO-NATURA BIO OBCHOD","url":"https:\/\/www.eko-bio-natura.sk\/shop\/","logo":{"@type":"ImageObject","inLanguage":"sk-SK","@id":"https:\/\/www.eko-bio-natura.sk\/shop\/#\/schema\/logo\/image\/","url":"https:\/\/www.eko-bio-natura.sk\/shop\/wp-content\/uploads\/2021\/04\/eko-bio-natura_logo.png","contentUrl":"https:\/\/www.eko-bio-natura.sk\/shop\/wp-content\/uploads\/2021\/04\/eko-bio-natura_logo.png","width":552,"height":194,"caption":"EKO-BIO-NATURA BIO OBCHOD"},"image":{"@id":"https:\/\/www.eko-bio-natura.sk\/shop\/#\/schema\/logo\/image\/"}}]}},"_links":{"self":[{"href":"https:\/\/www.eko-bio-natura.sk\/shop\/wp-json\/wp\/v2\/product\/7836","targetHints":{"allow":["GET"]}}],"collection":[{"href":"https:\/\/www.eko-bio-natura.sk\/shop\/wp-json\/wp\/v2\/product"}],"about":[{"href":"https:\/\/www.eko-bio-natura.sk\/shop\/wp-json\/wp\/v2\/types\/product"}],"replies":[{"embeddable":true,"href":"https:\/\/www.eko-bio-natura.sk\/shop\/wp-json\/wp\/v2\/comments?post=7836"}],"wp:featuredmedia":[{"embeddable":true,"href":"https:\/\/www.eko-bio-natura.sk\/shop\/wp-json\/wp\/v2\/media\/7837"}],"wp:attachment":[{"href":"https:\/\/www.eko-bio-natura.sk\/shop\/wp-json\/wp\/v2\/media?parent=7836"}],"wp:term":[{"taxonomy":"product_brand","embeddable":true,"href":"https:\/\/www.eko-bio-natura.sk\/shop\/wp-json\/wp\/v2\/product_brand?post=7836"},{"taxonomy":"product_cat","embeddable":true,"href":"https:\/\/www.eko-bio-natura.sk\/shop\/wp-json\/wp\/v2\/product_cat?post=7836"},{"taxonomy":"product_tag","embeddable":true,"href":"https:\/\/www.eko-bio-natura.sk\/shop\/wp-json\/wp\/v2\/product_tag?post=7836"}],"curies":[{"name":"wp","href":"https:\/\/api.w.org\/{rel}","templated":true}]}}