{"id":7834,"date":"2021-12-28T18:18:52","date_gmt":"2021-12-28T17:18:52","guid":{"rendered":"https:\/\/www.eko-bio-natura.sk\/shop\/index.php\/produkt\/specialist-lanova-kasa-cokoladova-5x40-g\/"},"modified":"2025-04-17T23:06:49","modified_gmt":"2025-04-17T21:06:49","slug":"specialist-lanova-kasa-cokoladova-5x40-g","status":"publish","type":"product","link":"https:\/\/www.eko-bio-natura.sk\/shop\/produkt\/specialist-lanova-kasa-cokoladova-5x40-g\/","title":{"rendered":"Specialist \u013danov\u00e1 ka\u0161a \u010dokol\u00e1dov\u00e1 &#8211; 5&#215;40 g"},"content":{"rendered":"<p><span style=\"font-family: verdana, geneva; font-size: 12pt;\">Rusk\u00e9 trad\u00ed\u010dn\u00e9 jedl\u00e1 boli odborn\u00edkmi na v\u00fd\u017eivu v\u017edy uzn\u00e1van\u00e9 ako <strong>najzdrav\u0161ie a najprirodzenej\u0161ie<\/strong> pre \u013eudsk\u00e9 telo. Tradi\u010dn\u00e9 jedl\u00e1 ruskej n\u00e1rodnej kuchyne s\u00fa: ka\u0161a, bor\u0161\u010d, \u017eel\u00e9 (kolag\u00e9n) &nbsp;&#8211; z\u00e1klad n\u00e1\u0161ho zdravia, z\u00e1ruka zdravia na\u0161ich det\u00ed a vn\u00fa\u010dat.<\/span><\/p>\n<p><span style=\"font-family: verdana, geneva; font-size: 12pt;\">\u010cokol\u00e1dov\u00e1 \u013eanov\u00e1 ka\u0161a je vynikaj\u00facou <strong>kombin\u00e1ciou zdravitn\u00fdch v\u00fdhod a chuti<\/strong>. Je <strong>\u013eahko str\u00e1vite\u013en\u00e1<\/strong>, m\u00e1 vynikaj\u00face <strong>vyv\u00e1\u017een\u00e9 zlo\u017eenie a jedine\u010dn\u00fa chu\u0165<\/strong>.&nbsp;\u00da\u017easn\u00e9 figy v spojen\u00ed s kakaom z nej robia skuto\u010dn\u00fa poch\u00fa\u0165ku.<\/span><\/p>\n<p><span style=\"font-family: verdana, geneva; font-size: 12pt;\"><strong>Akt\u00edvne l\u00e1tky:<\/strong><\/span><\/p>\n<ul>\n<li><span style=\"font-family: verdana, geneva; font-size: 12pt;\"><strong>Figy &#8211; <\/strong>Hodnotn\u00e9 vlastnosti f\u00edg dokonale dop\u013a\u0148aj\u00fa a umoc\u0148uj\u00fa v\u00fdhody \u013eanovej m\u00faky. Spolo\u010dne maj\u00fa priazniv\u00fd vplyv na pr\u00e1cu tr\u00e1venia, \u010distenie gastrointestin\u00e1lneho traktu od tox\u00ednov.&nbsp;<\/span><\/li>\n<li><span style=\"font-family: verdana, geneva; font-size: 12pt;\"><strong>\u013dan &#8211;<\/strong> Rastlinn\u00e1 vl\u00e1knina v \u013eanovej m\u00fake je jedn\u00fdm z najd\u00f4le\u017eitej\u0161\u00edch prvkov \u013eudskej v\u00fd\u017eivy. Prispieva k spr\u00e1vnej \u010dinnosti tr\u00e1viaceho traktu.&nbsp;<\/span><\/li>\n<\/ul>\n<p><span style=\"font-family: verdana, geneva; font-size: 12pt;\"><meta charset=\"UTF-8\" \/><strong>Pou\u017eitie: <\/strong>1 s\u00e1\u010dok zalejte 150 ml hor\u00facej vody alebo mlieka.<\/span><\/p>\n<p><span style=\"font-family: verdana, geneva; font-size: 12pt;\"><strong>Zlo\u017eenie:<\/strong> &nbsp;vlo\u010dky, \u013eanov\u00e1 m\u00faka, figy, cukor, sezamov\u00e1 m\u00faka, kakaov\u00fd pr\u00e1\u0161ok, vanil\u00edn.<\/span><\/p>\n<p><span style=\"font-family: verdana, geneva; font-size: 12pt;\"><strong>V\u00fd\u017eivov\u00e9 \u00fadaje (na 100g v\u00fdrobku):<\/strong><\/p>\n<p><\/span><\/p>\n<table height=\"118\" style=\"width: 315px;\">\n<tbody>\n<tr>\n<td style=\"width: 150.58822631835938px;\">Bielkoviny<\/td>\n<td style=\"width: 163.25367736816406px;\">14 g&nbsp;<\/td>\n<\/tr>\n<tr>\n<td style=\"width: 150.58822631835938px;\">Tuky<\/td>\n<td style=\"width: 163.25367736816406px;\">8 g<\/td>\n<\/tr>\n<tr>\n<td style=\"width: 150.58822631835938px;\">Sacharidy<\/td>\n<td style=\"width: 163.25367736816406px;\">63 g&nbsp;<\/td>\n<\/tr>\n<tr>\n<td style=\"width: 150.58822631835938px;\">Energetick\u00e1 hodnota na 100g v\u00fdrobku<\/td>\n<td style=\"width: 163.25367736816406px;\">1590kJ\/380 kcal<\/td>\n<\/tr>\n<\/tbody>\n<\/table>\n<p>&nbsp;<\/p>\n<p><span style=\"font-size: 12pt;\"><strong><span style=\"font-family: verdana, geneva;\">Obsah:<\/span><\/strong><span style=\"font-family: verdana, geneva;\">&nbsp;5x 40g<\/span><span style=\"font-family: verdana, geneva;\"><\/span><\/span><\/p>\n<p><span style=\"font-size: 12pt;\"><strong><span style=\"font-family: verdana, geneva;\">Krajina p\u00f4vodu:<\/span><\/strong><span style=\"font-family: verdana, geneva;\">&nbsp;Rusko<\/span><span style=\"font-family: verdana, geneva;\"><\/span><\/span><\/p>\n","protected":false},"excerpt":{"rendered":"<p>Rusk\u00e9 trad\u00ed\u010dn\u00e9 jedl\u00e1 boli odborn\u00edkmi na v\u00fd\u017eivu v\u017edy uzn\u00e1van\u00e9 ako najzdrav\u0161ie a najprirodzenej\u0161ie pre \u013eudsk\u00e9 telo. Tradi\u010dn\u00e9 jedl\u00e1 ruskej n\u00e1rodnej kuchyne s\u00fa: ka\u0161a, bor\u0161\u010d, \u017eel\u00e9 (kolag\u00e9n) &nbsp;&#8211; z\u00e1klad n\u00e1\u0161ho zdravia, z\u00e1ruka zdravia na\u0161ich det\u00ed a vn\u00fa\u010dat. \u010cokol\u00e1dov\u00e1 \u013eanov\u00e1 ka\u0161a je vynikaj\u00facou kombin\u00e1ciou zdravitn\u00fdch v\u00fdhod a chuti. Je \u013eahko str\u00e1vite\u013en\u00e1, m\u00e1 vynikaj\u00face vyv\u00e1\u017een\u00e9 zlo\u017eenie a jedine\u010dn\u00fa [&hellip;]<\/p>\n","protected":false},"featured_media":7835,"comment_status":"open","ping_status":"open","template":"","meta":{"site-sidebar-layout":"default","site-content-layout":"","ast-site-content-layout":"default","site-content-style":"default","site-sidebar-style":"default","ast-global-header-display":"","ast-banner-title-visibility":"","ast-main-header-display":"","ast-hfb-above-header-display":"","ast-hfb-below-header-display":"","ast-hfb-mobile-header-display":"","site-post-title":"","ast-breadcrumbs-content":"","ast-featured-img":"","footer-sml-layout":"","ast-disable-related-posts":"","theme-transparent-header-meta":"","adv-header-id-meta":"","stick-header-meta":"","header-above-stick-meta":"","header-main-stick-meta":"","header-below-stick-meta":"","astra-migrate-meta-layouts":"default","ast-page-background-enabled":"default","ast-page-background-meta":{"desktop":{"background-color":"","background-image":"","background-repeat":"repeat","background-position":"center center","background-size":"auto","background-attachment":"scroll","background-type":"","background-media":"","overlay-type":"","overlay-color":"","overlay-opacity":"","overlay-gradient":""},"tablet":{"background-color":"","background-image":"","background-repeat":"repeat","background-position":"center center","background-size":"auto","background-attachment":"scroll","background-type":"","background-media":"","overlay-type":"","overlay-color":"","overlay-opacity":"","overlay-gradient":""},"mobile":{"background-color":"","background-image":"","background-repeat":"repeat","background-position":"center center","background-size":"auto","background-attachment":"scroll","background-type":"","background-media":"","overlay-type":"","overlay-color":"","overlay-opacity":"","overlay-gradient":""}},"ast-content-background-meta":{"desktop":{"background-color":"var(--ast-global-color-5)","background-image":"","background-repeat":"repeat","background-position":"center center","background-size":"auto","background-attachment":"scroll","background-type":"","background-media":"","overlay-type":"","overlay-color":"","overlay-opacity":"","overlay-gradient":""},"tablet":{"background-color":"var(--ast-global-color-5)","background-image":"","background-repeat":"repeat","background-position":"center center","background-size":"auto","background-attachment":"scroll","background-type":"","background-media":"","overlay-type":"","overlay-color":"","overlay-opacity":"","overlay-gradient":""},"mobile":{"background-color":"var(--ast-global-color-5)","background-image":"","background-repeat":"repeat","background-position":"center center","background-size":"auto","background-attachment":"scroll","background-type":"","background-media":"","overlay-type":"","overlay-color":"","overlay-opacity":"","overlay-gradient":""}}},"product_brand":[],"product_cat":[16,157,66],"product_tag":[],"class_list":{"0":"post-7834","1":"product","2":"type-product","3":"status-publish","4":"has-post-thumbnail","6":"product_cat-bio-potraviny","7":"product_cat-kase-a-krupice","8":"product_cat-zdrave-ranajky","9":"pa_cena-dopravy-367","10":"pa_doprava-zasilkovna","11":"pa_ean-1048","12":"pa_typ-partnersky-predaj","13":"pa_znacka-specialist","14":"desktop-align-left","15":"tablet-align-left","16":"mobile-align-left","18":"first","19":"instock","20":"product-type-external"},"yoast_head":"<!-- This site is optimized with the Yoast SEO plugin v27.2 - https:\/\/yoast.com\/product\/yoast-seo-wordpress\/ -->\n<title>Specialist \u013danov\u00e1 ka\u0161a \u010dokol\u00e1dov\u00e1 - 5x40 g - EKO-BIO-NATURA BIO OBCHOD<\/title>\n<meta name=\"robots\" content=\"index, follow, max-snippet:-1, max-image-preview:large, max-video-preview:-1\" \/>\n<link rel=\"canonical\" href=\"https:\/\/www.eko-bio-natura.sk\/shop\/produkt\/specialist-lanova-kasa-cokoladova-5x40-g\/\" \/>\n<meta property=\"og:locale\" content=\"sk_SK\" \/>\n<meta property=\"og:type\" content=\"article\" \/>\n<meta property=\"og:title\" content=\"Specialist \u013danov\u00e1 ka\u0161a \u010dokol\u00e1dov\u00e1 - 5x40 g - EKO-BIO-NATURA BIO OBCHOD\" \/>\n<meta property=\"og:description\" content=\"Rusk\u00e9 trad\u00ed\u010dn\u00e9 jedl\u00e1 boli odborn\u00edkmi na v\u00fd\u017eivu v\u017edy uzn\u00e1van\u00e9 ako najzdrav\u0161ie a najprirodzenej\u0161ie pre \u013eudsk\u00e9 telo. Tradi\u010dn\u00e9 jedl\u00e1 ruskej n\u00e1rodnej kuchyne s\u00fa: ka\u0161a, bor\u0161\u010d, \u017eel\u00e9 (kolag\u00e9n) &nbsp;&#8211; z\u00e1klad n\u00e1\u0161ho zdravia, z\u00e1ruka zdravia na\u0161ich det\u00ed a vn\u00fa\u010dat. \u010cokol\u00e1dov\u00e1 \u013eanov\u00e1 ka\u0161a je vynikaj\u00facou kombin\u00e1ciou zdravitn\u00fdch v\u00fdhod a chuti. Je \u013eahko str\u00e1vite\u013en\u00e1, m\u00e1 vynikaj\u00face vyv\u00e1\u017een\u00e9 zlo\u017eenie a jedine\u010dn\u00fa [&hellip;]\" \/>\n<meta property=\"og:url\" content=\"https:\/\/www.eko-bio-natura.sk\/shop\/produkt\/specialist-lanova-kasa-cokoladova-5x40-g\/\" \/>\n<meta property=\"og:site_name\" content=\"EKO-BIO-NATURA BIO OBCHOD\" \/>\n<meta property=\"article:modified_time\" content=\"2025-04-17T21:06:49+00:00\" \/>\n<meta property=\"og:image\" content=\"https:\/\/www.eko-bio-natura.sk\/shop\/wp-content\/uploads\/2021\/12\/14421_c8fd445f9d7e11d235f65a022caf8183afffe09a.jpg\" \/>\n\t<meta property=\"og:image:width\" content=\"900\" \/>\n\t<meta property=\"og:image:height\" content=\"900\" \/>\n\t<meta property=\"og:image:type\" content=\"image\/jpeg\" \/>\n<meta name=\"twitter:card\" content=\"summary_large_image\" \/>\n<meta name=\"twitter:label1\" content=\"Predpokladan\u00fd \u010das \u010d\u00edtania\" \/>\n\t<meta name=\"twitter:data1\" content=\"1 min\u00fata\" \/>\n<script type=\"application\/ld+json\" class=\"yoast-schema-graph\">{\"@context\":\"https:\/\/schema.org\",\"@graph\":[{\"@type\":\"WebPage\",\"@id\":\"https:\/\/www.eko-bio-natura.sk\/shop\/produkt\/specialist-lanova-kasa-cokoladova-5x40-g\/\",\"url\":\"https:\/\/www.eko-bio-natura.sk\/shop\/produkt\/specialist-lanova-kasa-cokoladova-5x40-g\/\",\"name\":\"Specialist \u013danov\u00e1 ka\u0161a \u010dokol\u00e1dov\u00e1 - 5x40 g - EKO-BIO-NATURA BIO OBCHOD\",\"isPartOf\":{\"@id\":\"https:\/\/www.eko-bio-natura.sk\/shop\/#website\"},\"primaryImageOfPage\":{\"@id\":\"https:\/\/www.eko-bio-natura.sk\/shop\/produkt\/specialist-lanova-kasa-cokoladova-5x40-g\/#primaryimage\"},\"image\":{\"@id\":\"https:\/\/www.eko-bio-natura.sk\/shop\/produkt\/specialist-lanova-kasa-cokoladova-5x40-g\/#primaryimage\"},\"thumbnailUrl\":\"https:\/\/www.eko-bio-natura.sk\/shop\/wp-content\/uploads\/2021\/12\/14421_c8fd445f9d7e11d235f65a022caf8183afffe09a.jpg\",\"datePublished\":\"2021-12-28T17:18:52+00:00\",\"dateModified\":\"2025-04-17T21:06:49+00:00\",\"breadcrumb\":{\"@id\":\"https:\/\/www.eko-bio-natura.sk\/shop\/produkt\/specialist-lanova-kasa-cokoladova-5x40-g\/#breadcrumb\"},\"inLanguage\":\"sk-SK\",\"potentialAction\":[{\"@type\":\"ReadAction\",\"target\":[\"https:\/\/www.eko-bio-natura.sk\/shop\/produkt\/specialist-lanova-kasa-cokoladova-5x40-g\/\"]}]},{\"@type\":\"ImageObject\",\"inLanguage\":\"sk-SK\",\"@id\":\"https:\/\/www.eko-bio-natura.sk\/shop\/produkt\/specialist-lanova-kasa-cokoladova-5x40-g\/#primaryimage\",\"url\":\"https:\/\/www.eko-bio-natura.sk\/shop\/wp-content\/uploads\/2021\/12\/14421_c8fd445f9d7e11d235f65a022caf8183afffe09a.jpg\",\"contentUrl\":\"https:\/\/www.eko-bio-natura.sk\/shop\/wp-content\/uploads\/2021\/12\/14421_c8fd445f9d7e11d235f65a022caf8183afffe09a.jpg\",\"width\":900,\"height\":900},{\"@type\":\"BreadcrumbList\",\"@id\":\"https:\/\/www.eko-bio-natura.sk\/shop\/produkt\/specialist-lanova-kasa-cokoladova-5x40-g\/#breadcrumb\",\"itemListElement\":[{\"@type\":\"ListItem\",\"position\":1,\"name\":\"Domovsk\u00e1 str\u00e1nka\",\"item\":\"https:\/\/www.eko-bio-natura.sk\/shop\/\"},{\"@type\":\"ListItem\",\"position\":2,\"name\":\"Obchod\",\"item\":\"https:\/\/www.eko-bio-natura.sk\/shop\/?page_id=6\"},{\"@type\":\"ListItem\",\"position\":3,\"name\":\"Specialist \u013danov\u00e1 ka\u0161a \u010dokol\u00e1dov\u00e1 &#8211; 5&#215;40 g\"}]},{\"@type\":\"WebSite\",\"@id\":\"https:\/\/www.eko-bio-natura.sk\/shop\/#website\",\"url\":\"https:\/\/www.eko-bio-natura.sk\/shop\/\",\"name\":\"EKO-BIO-NATURA BIO OBCHOD\",\"description\":\"\",\"publisher\":{\"@id\":\"https:\/\/www.eko-bio-natura.sk\/shop\/#organization\"},\"potentialAction\":[{\"@type\":\"SearchAction\",\"target\":{\"@type\":\"EntryPoint\",\"urlTemplate\":\"https:\/\/www.eko-bio-natura.sk\/shop\/?s={search_term_string}\"},\"query-input\":{\"@type\":\"PropertyValueSpecification\",\"valueRequired\":true,\"valueName\":\"search_term_string\"}}],\"inLanguage\":\"sk-SK\"},{\"@type\":\"Organization\",\"@id\":\"https:\/\/www.eko-bio-natura.sk\/shop\/#organization\",\"name\":\"EKO-BIO-NATURA BIO OBCHOD\",\"url\":\"https:\/\/www.eko-bio-natura.sk\/shop\/\",\"logo\":{\"@type\":\"ImageObject\",\"inLanguage\":\"sk-SK\",\"@id\":\"https:\/\/www.eko-bio-natura.sk\/shop\/#\/schema\/logo\/image\/\",\"url\":\"https:\/\/www.eko-bio-natura.sk\/shop\/wp-content\/uploads\/2021\/04\/eko-bio-natura_logo.png\",\"contentUrl\":\"https:\/\/www.eko-bio-natura.sk\/shop\/wp-content\/uploads\/2021\/04\/eko-bio-natura_logo.png\",\"width\":552,\"height\":194,\"caption\":\"EKO-BIO-NATURA BIO OBCHOD\"},\"image\":{\"@id\":\"https:\/\/www.eko-bio-natura.sk\/shop\/#\/schema\/logo\/image\/\"}}]}<\/script>\n<!-- \/ Yoast SEO plugin. -->","yoast_head_json":{"title":"Specialist \u013danov\u00e1 ka\u0161a \u010dokol\u00e1dov\u00e1 - 5x40 g - EKO-BIO-NATURA BIO OBCHOD","robots":{"index":"index","follow":"follow","max-snippet":"max-snippet:-1","max-image-preview":"max-image-preview:large","max-video-preview":"max-video-preview:-1"},"canonical":"https:\/\/www.eko-bio-natura.sk\/shop\/produkt\/specialist-lanova-kasa-cokoladova-5x40-g\/","og_locale":"sk_SK","og_type":"article","og_title":"Specialist \u013danov\u00e1 ka\u0161a \u010dokol\u00e1dov\u00e1 - 5x40 g - EKO-BIO-NATURA BIO OBCHOD","og_description":"Rusk\u00e9 trad\u00ed\u010dn\u00e9 jedl\u00e1 boli odborn\u00edkmi na v\u00fd\u017eivu v\u017edy uzn\u00e1van\u00e9 ako najzdrav\u0161ie a najprirodzenej\u0161ie pre \u013eudsk\u00e9 telo. Tradi\u010dn\u00e9 jedl\u00e1 ruskej n\u00e1rodnej kuchyne s\u00fa: ka\u0161a, bor\u0161\u010d, \u017eel\u00e9 (kolag\u00e9n) &nbsp;&#8211; z\u00e1klad n\u00e1\u0161ho zdravia, z\u00e1ruka zdravia na\u0161ich det\u00ed a vn\u00fa\u010dat. \u010cokol\u00e1dov\u00e1 \u013eanov\u00e1 ka\u0161a je vynikaj\u00facou kombin\u00e1ciou zdravitn\u00fdch v\u00fdhod a chuti. Je \u013eahko str\u00e1vite\u013en\u00e1, m\u00e1 vynikaj\u00face vyv\u00e1\u017een\u00e9 zlo\u017eenie a jedine\u010dn\u00fa [&hellip;]","og_url":"https:\/\/www.eko-bio-natura.sk\/shop\/produkt\/specialist-lanova-kasa-cokoladova-5x40-g\/","og_site_name":"EKO-BIO-NATURA BIO OBCHOD","article_modified_time":"2025-04-17T21:06:49+00:00","og_image":[{"width":900,"height":900,"url":"https:\/\/www.eko-bio-natura.sk\/shop\/wp-content\/uploads\/2021\/12\/14421_c8fd445f9d7e11d235f65a022caf8183afffe09a.jpg","type":"image\/jpeg"}],"twitter_card":"summary_large_image","twitter_misc":{"Predpokladan\u00fd \u010das \u010d\u00edtania":"1 min\u00fata"},"schema":{"@context":"https:\/\/schema.org","@graph":[{"@type":"WebPage","@id":"https:\/\/www.eko-bio-natura.sk\/shop\/produkt\/specialist-lanova-kasa-cokoladova-5x40-g\/","url":"https:\/\/www.eko-bio-natura.sk\/shop\/produkt\/specialist-lanova-kasa-cokoladova-5x40-g\/","name":"Specialist \u013danov\u00e1 ka\u0161a \u010dokol\u00e1dov\u00e1 - 5x40 g - EKO-BIO-NATURA BIO OBCHOD","isPartOf":{"@id":"https:\/\/www.eko-bio-natura.sk\/shop\/#website"},"primaryImageOfPage":{"@id":"https:\/\/www.eko-bio-natura.sk\/shop\/produkt\/specialist-lanova-kasa-cokoladova-5x40-g\/#primaryimage"},"image":{"@id":"https:\/\/www.eko-bio-natura.sk\/shop\/produkt\/specialist-lanova-kasa-cokoladova-5x40-g\/#primaryimage"},"thumbnailUrl":"https:\/\/www.eko-bio-natura.sk\/shop\/wp-content\/uploads\/2021\/12\/14421_c8fd445f9d7e11d235f65a022caf8183afffe09a.jpg","datePublished":"2021-12-28T17:18:52+00:00","dateModified":"2025-04-17T21:06:49+00:00","breadcrumb":{"@id":"https:\/\/www.eko-bio-natura.sk\/shop\/produkt\/specialist-lanova-kasa-cokoladova-5x40-g\/#breadcrumb"},"inLanguage":"sk-SK","potentialAction":[{"@type":"ReadAction","target":["https:\/\/www.eko-bio-natura.sk\/shop\/produkt\/specialist-lanova-kasa-cokoladova-5x40-g\/"]}]},{"@type":"ImageObject","inLanguage":"sk-SK","@id":"https:\/\/www.eko-bio-natura.sk\/shop\/produkt\/specialist-lanova-kasa-cokoladova-5x40-g\/#primaryimage","url":"https:\/\/www.eko-bio-natura.sk\/shop\/wp-content\/uploads\/2021\/12\/14421_c8fd445f9d7e11d235f65a022caf8183afffe09a.jpg","contentUrl":"https:\/\/www.eko-bio-natura.sk\/shop\/wp-content\/uploads\/2021\/12\/14421_c8fd445f9d7e11d235f65a022caf8183afffe09a.jpg","width":900,"height":900},{"@type":"BreadcrumbList","@id":"https:\/\/www.eko-bio-natura.sk\/shop\/produkt\/specialist-lanova-kasa-cokoladova-5x40-g\/#breadcrumb","itemListElement":[{"@type":"ListItem","position":1,"name":"Domovsk\u00e1 str\u00e1nka","item":"https:\/\/www.eko-bio-natura.sk\/shop\/"},{"@type":"ListItem","position":2,"name":"Obchod","item":"https:\/\/www.eko-bio-natura.sk\/shop\/?page_id=6"},{"@type":"ListItem","position":3,"name":"Specialist \u013danov\u00e1 ka\u0161a \u010dokol\u00e1dov\u00e1 &#8211; 5&#215;40 g"}]},{"@type":"WebSite","@id":"https:\/\/www.eko-bio-natura.sk\/shop\/#website","url":"https:\/\/www.eko-bio-natura.sk\/shop\/","name":"EKO-BIO-NATURA BIO OBCHOD","description":"","publisher":{"@id":"https:\/\/www.eko-bio-natura.sk\/shop\/#organization"},"potentialAction":[{"@type":"SearchAction","target":{"@type":"EntryPoint","urlTemplate":"https:\/\/www.eko-bio-natura.sk\/shop\/?s={search_term_string}"},"query-input":{"@type":"PropertyValueSpecification","valueRequired":true,"valueName":"search_term_string"}}],"inLanguage":"sk-SK"},{"@type":"Organization","@id":"https:\/\/www.eko-bio-natura.sk\/shop\/#organization","name":"EKO-BIO-NATURA BIO OBCHOD","url":"https:\/\/www.eko-bio-natura.sk\/shop\/","logo":{"@type":"ImageObject","inLanguage":"sk-SK","@id":"https:\/\/www.eko-bio-natura.sk\/shop\/#\/schema\/logo\/image\/","url":"https:\/\/www.eko-bio-natura.sk\/shop\/wp-content\/uploads\/2021\/04\/eko-bio-natura_logo.png","contentUrl":"https:\/\/www.eko-bio-natura.sk\/shop\/wp-content\/uploads\/2021\/04\/eko-bio-natura_logo.png","width":552,"height":194,"caption":"EKO-BIO-NATURA BIO OBCHOD"},"image":{"@id":"https:\/\/www.eko-bio-natura.sk\/shop\/#\/schema\/logo\/image\/"}}]}},"_links":{"self":[{"href":"https:\/\/www.eko-bio-natura.sk\/shop\/wp-json\/wp\/v2\/product\/7834","targetHints":{"allow":["GET"]}}],"collection":[{"href":"https:\/\/www.eko-bio-natura.sk\/shop\/wp-json\/wp\/v2\/product"}],"about":[{"href":"https:\/\/www.eko-bio-natura.sk\/shop\/wp-json\/wp\/v2\/types\/product"}],"replies":[{"embeddable":true,"href":"https:\/\/www.eko-bio-natura.sk\/shop\/wp-json\/wp\/v2\/comments?post=7834"}],"wp:featuredmedia":[{"embeddable":true,"href":"https:\/\/www.eko-bio-natura.sk\/shop\/wp-json\/wp\/v2\/media\/7835"}],"wp:attachment":[{"href":"https:\/\/www.eko-bio-natura.sk\/shop\/wp-json\/wp\/v2\/media?parent=7834"}],"wp:term":[{"taxonomy":"product_brand","embeddable":true,"href":"https:\/\/www.eko-bio-natura.sk\/shop\/wp-json\/wp\/v2\/product_brand?post=7834"},{"taxonomy":"product_cat","embeddable":true,"href":"https:\/\/www.eko-bio-natura.sk\/shop\/wp-json\/wp\/v2\/product_cat?post=7834"},{"taxonomy":"product_tag","embeddable":true,"href":"https:\/\/www.eko-bio-natura.sk\/shop\/wp-json\/wp\/v2\/product_tag?post=7834"}],"curies":[{"name":"wp","href":"https:\/\/api.w.org\/{rel}","templated":true}]}}