{"id":7828,"date":"2021-12-28T18:18:36","date_gmt":"2021-12-28T17:18:36","guid":{"rendered":"https:\/\/www.eko-bio-natura.sk\/shop\/index.php\/produkt\/indicka-kremova-henna-karamel-fitokosmetik-50-ml\/"},"modified":"2022-05-04T16:41:41","modified_gmt":"2022-05-04T14:41:41","slug":"indicka-kremova-henna-karamel-fitokosmetik-50-ml","status":"publish","type":"product","link":"https:\/\/www.eko-bio-natura.sk\/shop\/produkt\/indicka-kremova-henna-karamel-fitokosmetik-50-ml\/","title":{"rendered":"Indick\u00e1 kr\u00e9mov\u00e1 henna &quot;Karamel&quot; &#8211; Fitokosmetik &#8211; 50 ml"},"content":{"rendered":"<p><span style=\"font-family: verdana, geneva; font-size: 12pt;\"><span>Hotov\u00e1 indick\u00e1 kr\u00e9mov\u00e1 henna je jedin\u00e9 pr\u00edrodn\u00e9 rastlinn\u00e9 farbivo pre dlhotrvaj\u00face farbenie a celkov\u00fa obnovu vlasov! Inovat\u00edvna vylep\u0161en\u00e1 recept\u00fara \u200b\u200bzalo\u017een\u00e1 na najlep\u0161ej indickej henne na svete, obohaten\u00e1 o <\/span><strong>arg\u00e1nov\u00fd, jojobov\u00fd olej a bylinn\u00e9 extrakty.<\/strong><span>&nbsp;Oba\u013euje ka\u017ed\u00fd vlas, hlboko prenik\u00e1 do ich \u0161trukt\u00fary, farb\u00ed ich do s\u00fdtej, bohatej a \u017eiarivej farby, <\/span><strong>obnovuje \u0161trukt\u00faru, akt\u00edvne vy\u017eivuje, hydratuje , posil\u0148uje korienky, stimuluje rast zdrav\u00fdch a siln\u00fdch vlasov.<\/strong><span> Po pou\u017eit\u00ed henny vlasy vyzeraj\u00fa skvele: z\u00edskaj\u00fa jasn\u00fa, dlhotrvaj\u00facu, objemn\u00fa farbu, stan\u00fa sa hustej\u0161\u00edmi, hustej\u0161\u00edmi, elastick\u00fdmi a pru\u017enej\u0161\u00edmi. Henna kr\u00e9m Va\u0161e \u0161ediny bezchybne zafarb\u00ed! Kr\u00e9m z henny nevy\u017eaduje \u017eiadnu ve\u013ek\u00fa n\u00e1mahu ani nie je n\u00e1ro\u010dn\u00e1 na \u010das : nemus\u00ed sa mie\u0161a\u0165 s vodou, \u013eahko sa nan\u00e1\u0161a, nestek\u00e1 a ve\u013emi \u013eahko sa zm\u00fdva.<\/span><\/span><\/p>\n<p><meta charset=\"UTF-8\" \/><span style=\"font-family: verdana, geneva; font-size: 12pt;\"><strong>Upozornenie:<\/strong>&nbsp;Pred pou\u017eit\u00edm sa odpor\u00fa\u010da vykona\u0165 test citlivosti poko\u017eky. V pr\u00edpade kontaktu s o\u010dami ich ihne\u010f vypl\u00e1chnite vodou. Dr\u017ete mimo dosahu det\u00ed. Na vonkaj\u0161ie pou\u017eitie.<\/span><\/p>\n<p><span style=\"font-family: verdana, geneva; font-size: 12pt;\"><strong>Sp\u00f4sob pou\u017eitia:<\/strong> Kr\u00e9mov\u00fa hennu naneste rovnomerne po celej d\u013a\u017eke such\u00fdch, alebo jemne vlhk\u00fdch vlasov. Pre z\u00edskanie jemn\u00e9ho odtie\u0148a nechajte p\u00f4sobi\u0165 10 min\u00fat. Pre dosiahnutie s\u00fdteho odtie\u0148a farby nechajte p\u00f4sobi\u0165 30 min\u00fat. V\u00fdsledok farbenia z\u00e1le\u017e\u00ed na Va\u0161ej p\u00f4vodnej farbe a \u0161trukt\u00fare vlasov. \u010c\u00edm dlh\u0161ie nech\u00e1te hennu p\u00f4sobi\u0165, t\u00fdm z\u00edskate tmav\u0161\u00ed odtie\u0148 vybranej farby. Po farben\u00ed opl\u00e1chnite vlasy teplou vodou bez pou\u017eitia \u0161amp\u00f3nu.<\/span><\/p>\n<p><span style=\"font-family: verdana, geneva; font-size: 12pt;\">D\u013a\u017eka vlasov: Po ramen\u00e1 (1 balenie), po lopatky (2 balenia), po p\u00e1s (3 balenia).<\/span><\/p>\n<p><img fetchpriority=\"high\" decoding=\"async\" src=\"\/user\/documents\/upload\/mceclip1-8.png?1635157008\" width=\"979\" height=\"79\" \/><\/p>\n<p><span style=\"font-family: verdana, geneva; font-size: 12pt;\"><strong>Obsah balenia\/ objem:<\/strong>&nbsp; 50&nbsp; ml<\/span><\/p>\n<p><span style=\"font-family: verdana, geneva; font-size: 12pt;\"><strong>Krajina p\u00f4vodu:<\/strong> Rusko<\/span><\/p>\n","protected":false},"excerpt":{"rendered":"<p>Hotov\u00e1 indick\u00e1 kr\u00e9mov\u00e1 henna je jedin\u00e9 pr\u00edrodn\u00e9 rastlinn\u00e9 farbivo pre dlhotrvaj\u00face farbenie a celkov\u00fa obnovu vlasov! Inovat\u00edvna vylep\u0161en\u00e1 recept\u00fara \u200b\u200bzalo\u017een\u00e1 na najlep\u0161ej indickej henne na svete, obohaten\u00e1 o arg\u00e1nov\u00fd, jojobov\u00fd olej a bylinn\u00e9 extrakty.&nbsp;Oba\u013euje ka\u017ed\u00fd vlas, hlboko prenik\u00e1 do ich \u0161trukt\u00fary, farb\u00ed ich do s\u00fdtej, bohatej a \u017eiarivej farby, obnovuje \u0161trukt\u00faru, akt\u00edvne vy\u017eivuje, hydratuje , [&hellip;]<\/p>\n","protected":false},"featured_media":7829,"comment_status":"open","ping_status":"open","template":"","meta":{"site-sidebar-layout":"default","site-content-layout":"","ast-site-content-layout":"default","site-content-style":"default","site-sidebar-style":"default","ast-global-header-display":"","ast-banner-title-visibility":"","ast-main-header-display":"","ast-hfb-above-header-display":"","ast-hfb-below-header-display":"","ast-hfb-mobile-header-display":"","site-post-title":"","ast-breadcrumbs-content":"","ast-featured-img":"","footer-sml-layout":"","ast-disable-related-posts":"","theme-transparent-header-meta":"","adv-header-id-meta":"","stick-header-meta":"","header-above-stick-meta":"","header-main-stick-meta":"","header-below-stick-meta":"","astra-migrate-meta-layouts":"default","ast-page-background-enabled":"default","ast-page-background-meta":{"desktop":{"background-color":"","background-image":"","background-repeat":"repeat","background-position":"center center","background-size":"auto","background-attachment":"scroll","background-type":"","background-media":"","overlay-type":"","overlay-color":"","overlay-opacity":"","overlay-gradient":""},"tablet":{"background-color":"","background-image":"","background-repeat":"repeat","background-position":"center center","background-size":"auto","background-attachment":"scroll","background-type":"","background-media":"","overlay-type":"","overlay-color":"","overlay-opacity":"","overlay-gradient":""},"mobile":{"background-color":"","background-image":"","background-repeat":"repeat","background-position":"center center","background-size":"auto","background-attachment":"scroll","background-type":"","background-media":"","overlay-type":"","overlay-color":"","overlay-opacity":"","overlay-gradient":""}},"ast-content-background-meta":{"desktop":{"background-color":"var(--ast-global-color-5)","background-image":"","background-repeat":"repeat","background-position":"center center","background-size":"auto","background-attachment":"scroll","background-type":"","background-media":"","overlay-type":"","overlay-color":"","overlay-opacity":"","overlay-gradient":""},"tablet":{"background-color":"var(--ast-global-color-5)","background-image":"","background-repeat":"repeat","background-position":"center center","background-size":"auto","background-attachment":"scroll","background-type":"","background-media":"","overlay-type":"","overlay-color":"","overlay-opacity":"","overlay-gradient":""},"mobile":{"background-color":"var(--ast-global-color-5)","background-image":"","background-repeat":"repeat","background-position":"center center","background-size":"auto","background-attachment":"scroll","background-type":"","background-media":"","overlay-type":"","overlay-color":"","overlay-opacity":"","overlay-gradient":""}}},"product_brand":[],"product_cat":[19,228,30],"product_tag":[],"class_list":{"0":"post-7828","1":"product","2":"type-product","3":"status-publish","4":"has-post-thumbnail","6":"product_cat-prirodna-kozmetika","7":"product_cat-prirodne-farby-na-vlasy","8":"product_cat-vlasova-kozmetika","9":"pa_cena-dopravy-367","10":"pa_doprava-zasilkovna","11":"pa_ean-1045","12":"pa_typ-partnersky-predaj","13":"pa_znacka-fitokosmetik","14":"desktop-align-left","15":"tablet-align-left","16":"mobile-align-left","18":"first","19":"instock","20":"product-type-external"},"yoast_head":"<!-- This site is optimized with the Yoast SEO plugin v27.2 - https:\/\/yoast.com\/product\/yoast-seo-wordpress\/ -->\n<title>Indick\u00e1 kr\u00e9mov\u00e1 henna &quot;Karamel&quot; - Fitokosmetik - 50 ml - EKO-BIO-NATURA BIO OBCHOD<\/title>\n<meta name=\"robots\" content=\"index, follow, max-snippet:-1, max-image-preview:large, max-video-preview:-1\" \/>\n<link rel=\"canonical\" href=\"https:\/\/www.eko-bio-natura.sk\/shop\/produkt\/indicka-kremova-henna-karamel-fitokosmetik-50-ml\/\" \/>\n<meta property=\"og:locale\" content=\"sk_SK\" \/>\n<meta property=\"og:type\" content=\"article\" \/>\n<meta property=\"og:title\" content=\"Indick\u00e1 kr\u00e9mov\u00e1 henna &quot;Karamel&quot; - Fitokosmetik - 50 ml - EKO-BIO-NATURA BIO OBCHOD\" \/>\n<meta property=\"og:description\" content=\"Hotov\u00e1 indick\u00e1 kr\u00e9mov\u00e1 henna je jedin\u00e9 pr\u00edrodn\u00e9 rastlinn\u00e9 farbivo pre dlhotrvaj\u00face farbenie a celkov\u00fa obnovu vlasov! Inovat\u00edvna vylep\u0161en\u00e1 recept\u00fara \u200b\u200bzalo\u017een\u00e1 na najlep\u0161ej indickej henne na svete, obohaten\u00e1 o arg\u00e1nov\u00fd, jojobov\u00fd olej a bylinn\u00e9 extrakty.&nbsp;Oba\u013euje ka\u017ed\u00fd vlas, hlboko prenik\u00e1 do ich \u0161trukt\u00fary, farb\u00ed ich do s\u00fdtej, bohatej a \u017eiarivej farby, obnovuje \u0161trukt\u00faru, akt\u00edvne vy\u017eivuje, hydratuje , [&hellip;]\" \/>\n<meta property=\"og:url\" content=\"https:\/\/www.eko-bio-natura.sk\/shop\/produkt\/indicka-kremova-henna-karamel-fitokosmetik-50-ml\/\" \/>\n<meta property=\"og:site_name\" content=\"EKO-BIO-NATURA BIO OBCHOD\" \/>\n<meta property=\"article:modified_time\" content=\"2022-05-04T14:41:41+00:00\" \/>\n<meta property=\"og:image\" content=\"https:\/\/www.eko-bio-natura.sk\/shop\/wp-content\/uploads\/2021\/12\/14403_chna-krem-indiska-karamele-50-ml.png\" \/>\n\t<meta property=\"og:image:width\" content=\"800\" \/>\n\t<meta property=\"og:image:height\" content=\"800\" \/>\n\t<meta property=\"og:image:type\" content=\"image\/png\" \/>\n<meta name=\"twitter:card\" content=\"summary_large_image\" \/>\n<meta name=\"twitter:label1\" content=\"Predpokladan\u00fd \u010das \u010d\u00edtania\" \/>\n\t<meta name=\"twitter:data1\" content=\"2 min\u00faty\" \/>\n<script type=\"application\/ld+json\" class=\"yoast-schema-graph\">{\"@context\":\"https:\/\/schema.org\",\"@graph\":[{\"@type\":\"WebPage\",\"@id\":\"https:\/\/www.eko-bio-natura.sk\/shop\/produkt\/indicka-kremova-henna-karamel-fitokosmetik-50-ml\/\",\"url\":\"https:\/\/www.eko-bio-natura.sk\/shop\/produkt\/indicka-kremova-henna-karamel-fitokosmetik-50-ml\/\",\"name\":\"Indick\u00e1 kr\u00e9mov\u00e1 henna &quot;Karamel&quot; - Fitokosmetik - 50 ml - EKO-BIO-NATURA BIO OBCHOD\",\"isPartOf\":{\"@id\":\"https:\/\/www.eko-bio-natura.sk\/shop\/#website\"},\"primaryImageOfPage\":{\"@id\":\"https:\/\/www.eko-bio-natura.sk\/shop\/produkt\/indicka-kremova-henna-karamel-fitokosmetik-50-ml\/#primaryimage\"},\"image\":{\"@id\":\"https:\/\/www.eko-bio-natura.sk\/shop\/produkt\/indicka-kremova-henna-karamel-fitokosmetik-50-ml\/#primaryimage\"},\"thumbnailUrl\":\"https:\/\/www.eko-bio-natura.sk\/shop\/wp-content\/uploads\/2021\/12\/14403_chna-krem-indiska-karamele-50-ml.png\",\"datePublished\":\"2021-12-28T17:18:36+00:00\",\"dateModified\":\"2022-05-04T14:41:41+00:00\",\"breadcrumb\":{\"@id\":\"https:\/\/www.eko-bio-natura.sk\/shop\/produkt\/indicka-kremova-henna-karamel-fitokosmetik-50-ml\/#breadcrumb\"},\"inLanguage\":\"sk-SK\",\"potentialAction\":[{\"@type\":\"ReadAction\",\"target\":[\"https:\/\/www.eko-bio-natura.sk\/shop\/produkt\/indicka-kremova-henna-karamel-fitokosmetik-50-ml\/\"]}]},{\"@type\":\"ImageObject\",\"inLanguage\":\"sk-SK\",\"@id\":\"https:\/\/www.eko-bio-natura.sk\/shop\/produkt\/indicka-kremova-henna-karamel-fitokosmetik-50-ml\/#primaryimage\",\"url\":\"https:\/\/www.eko-bio-natura.sk\/shop\/wp-content\/uploads\/2021\/12\/14403_chna-krem-indiska-karamele-50-ml.png\",\"contentUrl\":\"https:\/\/www.eko-bio-natura.sk\/shop\/wp-content\/uploads\/2021\/12\/14403_chna-krem-indiska-karamele-50-ml.png\",\"width\":800,\"height\":800},{\"@type\":\"BreadcrumbList\",\"@id\":\"https:\/\/www.eko-bio-natura.sk\/shop\/produkt\/indicka-kremova-henna-karamel-fitokosmetik-50-ml\/#breadcrumb\",\"itemListElement\":[{\"@type\":\"ListItem\",\"position\":1,\"name\":\"Domovsk\u00e1 str\u00e1nka\",\"item\":\"https:\/\/www.eko-bio-natura.sk\/shop\/\"},{\"@type\":\"ListItem\",\"position\":2,\"name\":\"Obchod\",\"item\":\"https:\/\/www.eko-bio-natura.sk\/shop\/?page_id=6\"},{\"@type\":\"ListItem\",\"position\":3,\"name\":\"Indick\u00e1 kr\u00e9mov\u00e1 henna &quot;Karamel&quot; &#8211; Fitokosmetik &#8211; 50 ml\"}]},{\"@type\":\"WebSite\",\"@id\":\"https:\/\/www.eko-bio-natura.sk\/shop\/#website\",\"url\":\"https:\/\/www.eko-bio-natura.sk\/shop\/\",\"name\":\"EKO-BIO-NATURA BIO OBCHOD\",\"description\":\"\",\"publisher\":{\"@id\":\"https:\/\/www.eko-bio-natura.sk\/shop\/#organization\"},\"potentialAction\":[{\"@type\":\"SearchAction\",\"target\":{\"@type\":\"EntryPoint\",\"urlTemplate\":\"https:\/\/www.eko-bio-natura.sk\/shop\/?s={search_term_string}\"},\"query-input\":{\"@type\":\"PropertyValueSpecification\",\"valueRequired\":true,\"valueName\":\"search_term_string\"}}],\"inLanguage\":\"sk-SK\"},{\"@type\":\"Organization\",\"@id\":\"https:\/\/www.eko-bio-natura.sk\/shop\/#organization\",\"name\":\"EKO-BIO-NATURA BIO OBCHOD\",\"url\":\"https:\/\/www.eko-bio-natura.sk\/shop\/\",\"logo\":{\"@type\":\"ImageObject\",\"inLanguage\":\"sk-SK\",\"@id\":\"https:\/\/www.eko-bio-natura.sk\/shop\/#\/schema\/logo\/image\/\",\"url\":\"https:\/\/www.eko-bio-natura.sk\/shop\/wp-content\/uploads\/2021\/04\/eko-bio-natura_logo.png\",\"contentUrl\":\"https:\/\/www.eko-bio-natura.sk\/shop\/wp-content\/uploads\/2021\/04\/eko-bio-natura_logo.png\",\"width\":552,\"height\":194,\"caption\":\"EKO-BIO-NATURA BIO OBCHOD\"},\"image\":{\"@id\":\"https:\/\/www.eko-bio-natura.sk\/shop\/#\/schema\/logo\/image\/\"}}]}<\/script>\n<!-- \/ Yoast SEO plugin. -->","yoast_head_json":{"title":"Indick\u00e1 kr\u00e9mov\u00e1 henna &quot;Karamel&quot; - Fitokosmetik - 50 ml - EKO-BIO-NATURA BIO OBCHOD","robots":{"index":"index","follow":"follow","max-snippet":"max-snippet:-1","max-image-preview":"max-image-preview:large","max-video-preview":"max-video-preview:-1"},"canonical":"https:\/\/www.eko-bio-natura.sk\/shop\/produkt\/indicka-kremova-henna-karamel-fitokosmetik-50-ml\/","og_locale":"sk_SK","og_type":"article","og_title":"Indick\u00e1 kr\u00e9mov\u00e1 henna &quot;Karamel&quot; - Fitokosmetik - 50 ml - EKO-BIO-NATURA BIO OBCHOD","og_description":"Hotov\u00e1 indick\u00e1 kr\u00e9mov\u00e1 henna je jedin\u00e9 pr\u00edrodn\u00e9 rastlinn\u00e9 farbivo pre dlhotrvaj\u00face farbenie a celkov\u00fa obnovu vlasov! Inovat\u00edvna vylep\u0161en\u00e1 recept\u00fara \u200b\u200bzalo\u017een\u00e1 na najlep\u0161ej indickej henne na svete, obohaten\u00e1 o arg\u00e1nov\u00fd, jojobov\u00fd olej a bylinn\u00e9 extrakty.&nbsp;Oba\u013euje ka\u017ed\u00fd vlas, hlboko prenik\u00e1 do ich \u0161trukt\u00fary, farb\u00ed ich do s\u00fdtej, bohatej a \u017eiarivej farby, obnovuje \u0161trukt\u00faru, akt\u00edvne vy\u017eivuje, hydratuje , [&hellip;]","og_url":"https:\/\/www.eko-bio-natura.sk\/shop\/produkt\/indicka-kremova-henna-karamel-fitokosmetik-50-ml\/","og_site_name":"EKO-BIO-NATURA BIO OBCHOD","article_modified_time":"2022-05-04T14:41:41+00:00","og_image":[{"width":800,"height":800,"url":"https:\/\/www.eko-bio-natura.sk\/shop\/wp-content\/uploads\/2021\/12\/14403_chna-krem-indiska-karamele-50-ml.png","type":"image\/png"}],"twitter_card":"summary_large_image","twitter_misc":{"Predpokladan\u00fd \u010das \u010d\u00edtania":"2 min\u00faty"},"schema":{"@context":"https:\/\/schema.org","@graph":[{"@type":"WebPage","@id":"https:\/\/www.eko-bio-natura.sk\/shop\/produkt\/indicka-kremova-henna-karamel-fitokosmetik-50-ml\/","url":"https:\/\/www.eko-bio-natura.sk\/shop\/produkt\/indicka-kremova-henna-karamel-fitokosmetik-50-ml\/","name":"Indick\u00e1 kr\u00e9mov\u00e1 henna &quot;Karamel&quot; - Fitokosmetik - 50 ml - EKO-BIO-NATURA BIO OBCHOD","isPartOf":{"@id":"https:\/\/www.eko-bio-natura.sk\/shop\/#website"},"primaryImageOfPage":{"@id":"https:\/\/www.eko-bio-natura.sk\/shop\/produkt\/indicka-kremova-henna-karamel-fitokosmetik-50-ml\/#primaryimage"},"image":{"@id":"https:\/\/www.eko-bio-natura.sk\/shop\/produkt\/indicka-kremova-henna-karamel-fitokosmetik-50-ml\/#primaryimage"},"thumbnailUrl":"https:\/\/www.eko-bio-natura.sk\/shop\/wp-content\/uploads\/2021\/12\/14403_chna-krem-indiska-karamele-50-ml.png","datePublished":"2021-12-28T17:18:36+00:00","dateModified":"2022-05-04T14:41:41+00:00","breadcrumb":{"@id":"https:\/\/www.eko-bio-natura.sk\/shop\/produkt\/indicka-kremova-henna-karamel-fitokosmetik-50-ml\/#breadcrumb"},"inLanguage":"sk-SK","potentialAction":[{"@type":"ReadAction","target":["https:\/\/www.eko-bio-natura.sk\/shop\/produkt\/indicka-kremova-henna-karamel-fitokosmetik-50-ml\/"]}]},{"@type":"ImageObject","inLanguage":"sk-SK","@id":"https:\/\/www.eko-bio-natura.sk\/shop\/produkt\/indicka-kremova-henna-karamel-fitokosmetik-50-ml\/#primaryimage","url":"https:\/\/www.eko-bio-natura.sk\/shop\/wp-content\/uploads\/2021\/12\/14403_chna-krem-indiska-karamele-50-ml.png","contentUrl":"https:\/\/www.eko-bio-natura.sk\/shop\/wp-content\/uploads\/2021\/12\/14403_chna-krem-indiska-karamele-50-ml.png","width":800,"height":800},{"@type":"BreadcrumbList","@id":"https:\/\/www.eko-bio-natura.sk\/shop\/produkt\/indicka-kremova-henna-karamel-fitokosmetik-50-ml\/#breadcrumb","itemListElement":[{"@type":"ListItem","position":1,"name":"Domovsk\u00e1 str\u00e1nka","item":"https:\/\/www.eko-bio-natura.sk\/shop\/"},{"@type":"ListItem","position":2,"name":"Obchod","item":"https:\/\/www.eko-bio-natura.sk\/shop\/?page_id=6"},{"@type":"ListItem","position":3,"name":"Indick\u00e1 kr\u00e9mov\u00e1 henna &quot;Karamel&quot; &#8211; Fitokosmetik &#8211; 50 ml"}]},{"@type":"WebSite","@id":"https:\/\/www.eko-bio-natura.sk\/shop\/#website","url":"https:\/\/www.eko-bio-natura.sk\/shop\/","name":"EKO-BIO-NATURA BIO OBCHOD","description":"","publisher":{"@id":"https:\/\/www.eko-bio-natura.sk\/shop\/#organization"},"potentialAction":[{"@type":"SearchAction","target":{"@type":"EntryPoint","urlTemplate":"https:\/\/www.eko-bio-natura.sk\/shop\/?s={search_term_string}"},"query-input":{"@type":"PropertyValueSpecification","valueRequired":true,"valueName":"search_term_string"}}],"inLanguage":"sk-SK"},{"@type":"Organization","@id":"https:\/\/www.eko-bio-natura.sk\/shop\/#organization","name":"EKO-BIO-NATURA BIO OBCHOD","url":"https:\/\/www.eko-bio-natura.sk\/shop\/","logo":{"@type":"ImageObject","inLanguage":"sk-SK","@id":"https:\/\/www.eko-bio-natura.sk\/shop\/#\/schema\/logo\/image\/","url":"https:\/\/www.eko-bio-natura.sk\/shop\/wp-content\/uploads\/2021\/04\/eko-bio-natura_logo.png","contentUrl":"https:\/\/www.eko-bio-natura.sk\/shop\/wp-content\/uploads\/2021\/04\/eko-bio-natura_logo.png","width":552,"height":194,"caption":"EKO-BIO-NATURA BIO OBCHOD"},"image":{"@id":"https:\/\/www.eko-bio-natura.sk\/shop\/#\/schema\/logo\/image\/"}}]}},"_links":{"self":[{"href":"https:\/\/www.eko-bio-natura.sk\/shop\/wp-json\/wp\/v2\/product\/7828","targetHints":{"allow":["GET"]}}],"collection":[{"href":"https:\/\/www.eko-bio-natura.sk\/shop\/wp-json\/wp\/v2\/product"}],"about":[{"href":"https:\/\/www.eko-bio-natura.sk\/shop\/wp-json\/wp\/v2\/types\/product"}],"replies":[{"embeddable":true,"href":"https:\/\/www.eko-bio-natura.sk\/shop\/wp-json\/wp\/v2\/comments?post=7828"}],"wp:featuredmedia":[{"embeddable":true,"href":"https:\/\/www.eko-bio-natura.sk\/shop\/wp-json\/wp\/v2\/media\/7829"}],"wp:attachment":[{"href":"https:\/\/www.eko-bio-natura.sk\/shop\/wp-json\/wp\/v2\/media?parent=7828"}],"wp:term":[{"taxonomy":"product_brand","embeddable":true,"href":"https:\/\/www.eko-bio-natura.sk\/shop\/wp-json\/wp\/v2\/product_brand?post=7828"},{"taxonomy":"product_cat","embeddable":true,"href":"https:\/\/www.eko-bio-natura.sk\/shop\/wp-json\/wp\/v2\/product_cat?post=7828"},{"taxonomy":"product_tag","embeddable":true,"href":"https:\/\/www.eko-bio-natura.sk\/shop\/wp-json\/wp\/v2\/product_tag?post=7828"}],"curies":[{"name":"wp","href":"https:\/\/api.w.org\/{rel}","templated":true}]}}