{"id":7812,"date":"2021-12-28T18:18:36","date_gmt":"2021-12-28T17:18:36","guid":{"rendered":"https:\/\/www.eko-bio-natura.sk\/shop\/index.php\/produkt\/sada-pletovych-masiek-matrioska-s-hlinou-z-jazera-manikuagan-dizao-3-x-9-g\/"},"modified":"2022-05-04T16:41:37","modified_gmt":"2022-05-04T14:41:37","slug":"sada-pletovych-masiek-matrioska-s-hlinou-z-jazera-manikuagan-dizao-3-x-9-g","status":"publish","type":"product","link":"https:\/\/www.eko-bio-natura.sk\/shop\/produkt\/sada-pletovych-masiek-matrioska-s-hlinou-z-jazera-manikuagan-dizao-3-x-9-g\/","title":{"rendered":"Sada ple\u0165ov\u00fdch masiek MATRIO\u0160KA s hlinou z jazera Manikuagan, &#8211; Dizao 3 x 9 g"},"content":{"rendered":"<p><span style=\"font-family: verdana, geneva; font-size: 12pt;\">1. maska &#8211; <strong>Pre\u010distenie<\/strong><\/span><\/p>\n<p><span style=\"font-family: verdana, geneva; font-size: 12pt;\">\u010cistenie pleti je hlavn\u00fdm krokom v starostlivosti o tv\u00e1r. &nbsp;\u010cistiace masky je dobr\u00e9 robi\u0165 ve\u010der. \u010cistiaca maska \u200b\u200bpre v\u0161etky typy pleti Kyselina hyalur\u00f3nov\u00e1 a manikuag\u00e1nov\u00fd \u00edl va\u0161u ple\u0165 vy\u010distia bez toho, aby ju vysu\u0161ili. Obsahuje kyselinu hyalur\u00f3nov\u00fa, ktor\u00e1 pom\u00e1ha udr\u017eiava\u0165 primeran\u00fa \u00farove\u0148 <strong>hydrat\u00e1cie poko\u017eky<\/strong>. Masku je mo\u017en\u00e9 pou\u017ei\u0165 aj ako vynikaj\u00faci zvlh\u010dova\u010d, preto\u017ee je bohat\u00e1<strong> na vitam\u00edny a miner\u00e1ly.<\/strong> Jedine\u010dn\u00e9 zlo\u017eenie obsahuje 95 % pr\u00edrodn\u00fdch zlo\u017eiek, ktor\u00e9 va\u0161u poko\u017eku vy\u010distia a zanechaj\u00fa ju svie\u017eu a hladk\u00fa! Unik\u00e1tna hlina extrahovan\u00e1 z dna jazera Manicouagan v Kanade z kr\u00e1tera vytvoren\u00e9ho pred mili\u00f3nmi rokov v d\u00f4sledku p\u00e1du meteoritu, m\u00e1 v\u00fdnimo\u010dn\u00e9 zvlh\u010duj\u00face, absorp\u010dn\u00e9 a \u010distiace vlastnosti, je zdrojom oligoprvkov a miner\u00e1lnych sol\u00ed. Maniku\u00e1nsky \u00edl <strong>h\u013abkovo \u010dist\u00ed poko\u017eku, odstra\u0148uje tox\u00edny a ka\u017edodenn\u00e9 ne\u010distoty<\/strong>, vyrovn\u00e1va t\u00f3n a text\u00faru poko\u017eky, ur\u00fdch\u013euje cirkul\u00e1ciu a metabolick\u00e9 procesy v ko\u017en\u00fdch bunk\u00e1ch. Nas\u00fdten\u00fd vitam\u00ednmi a miner\u00e1lmi.&nbsp;<\/span><\/p>\n<p><span style=\"font-family: verdana, geneva; font-size: 12pt;\"><strong>Akt\u00edvne l\u00e1tky:<\/strong><\/span><\/p>\n<ul>\n<li><span style=\"font-family: verdana, geneva; font-size: 12pt;\"><strong>Extrakt z bambuck\u00e9ho masla<\/strong> m\u00e1 hydrata\u010dn\u00fd, ochrann\u00fd, regenera\u010dn\u00fd a anti-aging efekt. Podporuje akt\u00edvnu synt\u00e9zu kolag\u00e9nu a elast\u00ednu, vyrovn\u00e1va t\u00f3n pleti, navracia tv\u00e1ri kr\u00e1snu, zdrav\u00fa ple\u0165, nas\u00fdti ju \u017eivinami a zabra\u0148uje pred\u010dasn\u00e9mu starnutiu.<\/span><\/li>\n<li><span style=\"font-family: verdana, geneva; font-size: 12pt;\"><strong>Extrakt z morsk\u00fdch rias<\/strong> &#8211; M\u00e1 stimula\u010dn\u00fd, regenera\u010dn\u00fd, hydrata\u010dn\u00fd a vy\u017eivuj\u00faci \u00fa\u010dinok na poko\u017eku. V\u010faka svojim antibiotick\u00fdm vlastnostiam chr\u00e1ni poko\u017eku pred infekciami.<\/span><\/li>\n<li><span style=\"font-family: verdana, geneva; font-size: 12pt;\"><strong>Kokosov\u00fd olej<\/strong> \u2013 upokojuje podr\u00e1\u017eden\u00fa a podr\u00e1\u017eden\u00fa poko\u017eku. Zabra\u0148uje vzniku akn\u00e9 a akn\u00e9, pom\u00e1ha obnovi\u0165 acidob\u00e1zick\u00fa rovnov\u00e1hu. Rob\u00ed poko\u017eku elastickou, dod\u00e1va jej pevnos\u0165 a pru\u017enos\u0165.<\/span><\/li>\n<li><span style=\"font-family: verdana, geneva; font-size: 12pt;\"><strong>Kyselina citr\u00f3nov\u00e1<\/strong> \u2013 exfoliuje poko\u017eku odstr\u00e1nen\u00edm odumret\u00fdch buniek z vrchnej vrstvy poko\u017eky, \u010d\u00edm podporuje rast nov\u00fdch buniek.<\/span><\/li>\n<\/ul>\n<p><span style=\"font-family: verdana, geneva; font-size: 12pt;\">2. maska &#8211; <strong>H\u013abkov\u00e9 \u010distenie<\/strong><\/span><\/p>\n<p><span style=\"font-family: verdana, geneva; font-size: 12pt;\">Kaktus a hlina z Manikuagansk\u00e9ho jazera s\u00fa vhodn\u00e9 \u200b<strong>\u200bna h\u013abkov\u00e9 \u010distenie problematickej pleti.<\/strong> Maska obsahuje 95% pr\u00edrodn\u00fdch zlo\u017eiek, ktor\u00e9 dokonale absorbuj\u00fa <strong>ko\u017en\u00fd maz, \u010distia p\u00f3ry, eliminuj\u00fa mastn\u00fd lesk a odumret\u00e9 bunky<\/strong>, vyrovn\u00e1vaj\u00fa <strong>mikrotext\u00faru pleti, hydratuj\u00fa a nas\u00fdtia vitam\u00ednmi,<\/strong> v\u010faka \u010domu je ple\u0165 zdrav\u00e1 a \u017eiariv\u00e1 ! <\/span><\/p>\n<p><span style=\"font-family: verdana, geneva; font-size: 12pt;\"><strong>Akt\u00edvne l\u00e1tky:<\/strong><\/span><\/p>\n<ul>\n<li><span style=\"font-family: verdana, geneva; font-size: 12pt;\"><strong>Maniku\u00e1nsky \u00edl<\/strong> h\u013abkovo \u010dist\u00ed ple\u0165, odstra\u0148uje tox\u00edny a ka\u017edodenn\u00e9 ne\u010distoty, vyrovn\u00e1va t\u00f3n a text\u00faru pleti, ur\u00fdch\u013euje cirkul\u00e1ciu a metabolick\u00e9 procesy v ko\u017en\u00fdch bunk\u00e1ch. Nas\u00fdten\u00fd vitam\u00ednmi a miner\u00e1lmi.<\/span><\/li>\n<li><span style=\"font-family: verdana, geneva; font-size: 12pt;\"><strong>Kaktus<\/strong> bojuje proti z\u00e1palom, lie\u010di, rozjas\u0148uje, upokojuje a zjem\u0148uje. Vyrovn\u00e1va t\u00f3n pleti, redukuje cievne siete a po\u0161kodenia<\/span><\/li>\n<li><span style=\"font-family: verdana, geneva; font-size: 12pt;\"><strong>Kokosov\u00fd olej<\/strong> \u2013 upokojuje z\u00e1paly a podr\u00e1\u017edenie poko\u017eky. Zabra\u0148uje vzniku akn\u00e9 a akn\u00e9, pom\u00e1ha obnovi\u0165 acidob\u00e1zick\u00fa rovnov\u00e1hu. Rob\u00ed poko\u017eku elastickou, dod\u00e1va jej pevnos\u0165 a pru\u017enos\u0165.<\/span><\/li>\n<li><span style=\"font-family: verdana, geneva; font-size: 12pt;\"><strong>Uhl\u00edkov\u00fd pr\u00e1\u0161ok<\/strong> &#8211; m\u00e1 \u010distiace, zvlh\u010duj\u00face a bakteric\u00eddne vlastnosti. Stimuluje rast buniek a zanech\u00e1va poko\u017eku jemnej\u0161iu, jemnej\u0161iu a hlad\u0161iu.<\/span><\/li>\n<li><span style=\"font-family: verdana, geneva; font-size: 12pt;\"><strong>Extrakt z kvetov harman\u010deka &#8211;<\/strong> m\u00e1 protiz\u00e1palov\u00e9, upokojuj\u00face vlastnosti, upokojuje podr\u00e1\u017edenia, stimuluje regener\u00e1ciu poko\u017eky.<\/span><\/li>\n<li><span style=\"font-family: verdana, geneva; font-size: 12pt;\"><strong>Extrakt z \u010diernej h\u013euzovky<\/strong> &#8211; tonizuje a hydratuje poko\u017eku, m\u00e1 antioxida\u010dn\u00e9 a protiz\u00e1palov\u00e9 vlastnosti.<\/span><\/li>\n<li><span style=\"font-family: verdana, geneva; font-size: 12pt;\"><strong>Extrakt z \u010dajovn\u00edka<\/strong> &#8211; m\u00e1 protiz\u00e1palov\u00e9 a antiseptick\u00e9 vlastnosti. P\u00f4sob\u00ed rehabilita\u010dne a regenera\u010dne, zni\u017euje za\u010dervenanie, opuchy a podr\u00e1\u017edenie.<\/span><\/li>\n<\/ul>\n<p><span style=\"font-family: verdana, geneva; font-size: 12pt;\">3.maska &#8211; <strong>UZAVRETIE P\u00d3ROV<\/strong><\/span><\/p>\n<p><span style=\"font-family: verdana, geneva; font-size: 12pt;\"> Aby ste predi\u0161li upch\u00e1vaniu p\u00f3rov, \u010diernym bodk\u00e1m treba po ka\u017edej rutine tv\u00e1r opl\u00e1chnu\u0165 studenou vodou. \u010cistiaca maska \u200b\u200bzo sope\u010dn\u00e9ho popola a \u00edlu z figur\u00edny pre mastn\u00fa a zmie\u0161an\u00fa ple\u0165 uzatvor\u00ed p\u00f3ry r\u00fdchlo a efekt\u00edvne. Vyv\u00e1\u017een\u00e1 recept\u00fara \u200b\u200bmasky obsahuje 95% pr\u00edrodn\u00fdch zlo\u017eiek, ktor\u00e9 dobre \u010distia p\u00f3ry, vyhladzuj\u00fa povrch poko\u017eky, poskytuj\u00fa v\u00fdrazn\u00fd detoxika\u010dn\u00fd \u00fa\u010dinok, hydratuj\u00fa, nedr\u00e1\u017edia a zanech\u00e1vaj\u00fa poko\u017eku \u010dist\u00fa, jemn\u00fa a hladk\u00fa!&nbsp;<\/span><\/p>\n<p><span style=\"font-family: verdana, geneva; font-size: 12pt;\"><strong>Akt\u00edvne l\u00e1tky:<\/strong><\/span><\/p>\n<ul>\n<li><span style=\"font-family: verdana, geneva; font-size: 12pt;\"><strong>Extrakt z \u010dajovn\u00edka<\/strong> &#8211; m\u00e1 protiz\u00e1palov\u00e9 a antiseptick\u00e9 vlastnosti. P\u00f4sob\u00ed rehabilita\u010dne a regenera\u010dne, zni\u017euje za\u010dervenanie, opuchy a podr\u00e1\u017edenie.<\/span><\/li>\n<li><span style=\"font-family: verdana, geneva; font-size: 12pt;\"><strong>Kokosov\u00fd olej<\/strong> &#8211; zmier\u0148uje z\u00e1pal a podr\u00e1\u017edenie poko\u017eky. Zabra\u0148uje vzniku akn\u00e9 a akn\u00e9, pom\u00e1ha obnovi\u0165 acidob\u00e1zick\u00fa rovnov\u00e1hu. Rob\u00ed poko\u017eku elastickou, dod\u00e1va jej pevnos\u0165 a pru\u017enos\u0165.<\/span><\/li>\n<\/ul>\n<p><span style=\"font-family: verdana, geneva; font-size: 12pt;\"><strong>Sp\u00f4sob pou\u017eitia:<\/strong> Aplik\u00e1cia 1-2x t\u00fd\u017edenne: Naneste \u00edl rovnomerne na vy\u010disten\u00fa poko\u017eku tv\u00e1re, krku a dekoltu, vyhnite sa o\u010diam a \u00fastam. Nechajte p\u00f4sobi\u0165 15-20 min\u00fat a opl\u00e1chnite vodou. Kozmetol\u00f3govia odpor\u00fa\u010daj\u00fa pou\u017e\u00edva\u0165 t\u00fato masku 1-2 kr\u00e1t t\u00fd\u017edenne, aby si udr\u017eali \u00fa\u010dinok.<\/span><\/p>\n<p><span style=\"font-family: verdana, geneva; font-size: 12pt;\"><img fetchpriority=\"high\" decoding=\"async\" src=\"\/user\/documents\/upload\/mceclip0-240.png?1635107844\" width=\"995\" height=\"79\" \/><\/span><\/p>\n<p><span style=\"font-family: verdana, geneva; font-size: 12pt;\"><strong>Obsah:&nbsp;<\/strong>3x 9g<\/span><\/p>\n<p><span style=\"font-family: verdana, geneva; font-size: 12pt;\"><strong>Krajina p\u00f4vodu:<\/strong> Rusko<\/span><\/p>\n","protected":false},"excerpt":{"rendered":"<p>1. maska &#8211; Pre\u010distenie \u010cistenie pleti je hlavn\u00fdm krokom v starostlivosti o tv\u00e1r. &nbsp;\u010cistiace masky je dobr\u00e9 robi\u0165 ve\u010der. \u010cistiaca maska \u200b\u200bpre v\u0161etky typy pleti Kyselina hyalur\u00f3nov\u00e1 a manikuag\u00e1nov\u00fd \u00edl va\u0161u ple\u0165 vy\u010distia bez toho, aby ju vysu\u0161ili. Obsahuje kyselinu hyalur\u00f3nov\u00fa, ktor\u00e1 pom\u00e1ha udr\u017eiava\u0165 primeran\u00fa \u00farove\u0148 hydrat\u00e1cie poko\u017eky. Masku je mo\u017en\u00e9 pou\u017ei\u0165 aj ako vynikaj\u00faci [&hellip;]<\/p>\n","protected":false},"featured_media":7813,"comment_status":"open","ping_status":"open","template":"","meta":{"site-sidebar-layout":"default","site-content-layout":"","ast-site-content-layout":"default","site-content-style":"default","site-sidebar-style":"default","ast-global-header-display":"","ast-banner-title-visibility":"","ast-main-header-display":"","ast-hfb-above-header-display":"","ast-hfb-below-header-display":"","ast-hfb-mobile-header-display":"","site-post-title":"","ast-breadcrumbs-content":"","ast-featured-img":"","footer-sml-layout":"","ast-disable-related-posts":"","theme-transparent-header-meta":"","adv-header-id-meta":"","stick-header-meta":"","header-above-stick-meta":"","header-main-stick-meta":"","header-below-stick-meta":"","astra-migrate-meta-layouts":"default","ast-page-background-enabled":"default","ast-page-background-meta":{"desktop":{"background-color":"","background-image":"","background-repeat":"repeat","background-position":"center center","background-size":"auto","background-attachment":"scroll","background-type":"","background-media":"","overlay-type":"","overlay-color":"","overlay-opacity":"","overlay-gradient":""},"tablet":{"background-color":"","background-image":"","background-repeat":"repeat","background-position":"center center","background-size":"auto","background-attachment":"scroll","background-type":"","background-media":"","overlay-type":"","overlay-color":"","overlay-opacity":"","overlay-gradient":""},"mobile":{"background-color":"","background-image":"","background-repeat":"repeat","background-position":"center center","background-size":"auto","background-attachment":"scroll","background-type":"","background-media":"","overlay-type":"","overlay-color":"","overlay-opacity":"","overlay-gradient":""}},"ast-content-background-meta":{"desktop":{"background-color":"var(--ast-global-color-5)","background-image":"","background-repeat":"repeat","background-position":"center center","background-size":"auto","background-attachment":"scroll","background-type":"","background-media":"","overlay-type":"","overlay-color":"","overlay-opacity":"","overlay-gradient":""},"tablet":{"background-color":"var(--ast-global-color-5)","background-image":"","background-repeat":"repeat","background-position":"center center","background-size":"auto","background-attachment":"scroll","background-type":"","background-media":"","overlay-type":"","overlay-color":"","overlay-opacity":"","overlay-gradient":""},"mobile":{"background-color":"var(--ast-global-color-5)","background-image":"","background-repeat":"repeat","background-position":"center center","background-size":"auto","background-attachment":"scroll","background-type":"","background-media":"","overlay-type":"","overlay-color":"","overlay-opacity":"","overlay-gradient":""}}},"product_brand":[],"product_cat":[31],"product_tag":[],"class_list":{"0":"post-7812","1":"product","2":"type-product","3":"status-publish","4":"has-post-thumbnail","6":"product_cat-pletova-kozmetika","7":"pa_cena-dopravy-367","8":"pa_doprava-zasilkovna","9":"pa_ean-1037","10":"pa_typ-partnersky-predaj","11":"pa_znacka-dizao","12":"desktop-align-left","13":"tablet-align-left","14":"mobile-align-left","16":"first","17":"instock","18":"product-type-external"},"yoast_head":"<!-- This site is optimized with the Yoast SEO plugin v27.2 - https:\/\/yoast.com\/product\/yoast-seo-wordpress\/ -->\n<title>Sada ple\u0165ov\u00fdch masiek MATRIO\u0160KA s hlinou z jazera Manikuagan, - Dizao 3 x 9 g - EKO-BIO-NATURA BIO OBCHOD<\/title>\n<meta name=\"robots\" content=\"index, follow, max-snippet:-1, max-image-preview:large, max-video-preview:-1\" \/>\n<link rel=\"canonical\" href=\"https:\/\/www.eko-bio-natura.sk\/shop\/produkt\/sada-pletovych-masiek-matrioska-s-hlinou-z-jazera-manikuagan-dizao-3-x-9-g\/\" \/>\n<meta property=\"og:locale\" content=\"sk_SK\" \/>\n<meta property=\"og:type\" content=\"article\" \/>\n<meta property=\"og:title\" content=\"Sada ple\u0165ov\u00fdch masiek MATRIO\u0160KA s hlinou z jazera Manikuagan, - Dizao 3 x 9 g - EKO-BIO-NATURA BIO OBCHOD\" \/>\n<meta property=\"og:description\" content=\"1. maska &#8211; Pre\u010distenie \u010cistenie pleti je hlavn\u00fdm krokom v starostlivosti o tv\u00e1r. &nbsp;\u010cistiace masky je dobr\u00e9 robi\u0165 ve\u010der. \u010cistiaca maska \u200b\u200bpre v\u0161etky typy pleti Kyselina hyalur\u00f3nov\u00e1 a manikuag\u00e1nov\u00fd \u00edl va\u0161u ple\u0165 vy\u010distia bez toho, aby ju vysu\u0161ili. Obsahuje kyselinu hyalur\u00f3nov\u00fa, ktor\u00e1 pom\u00e1ha udr\u017eiava\u0165 primeran\u00fa \u00farove\u0148 hydrat\u00e1cie poko\u017eky. Masku je mo\u017en\u00e9 pou\u017ei\u0165 aj ako vynikaj\u00faci [&hellip;]\" \/>\n<meta property=\"og:url\" content=\"https:\/\/www.eko-bio-natura.sk\/shop\/produkt\/sada-pletovych-masiek-matrioska-s-hlinou-z-jazera-manikuagan-dizao-3-x-9-g\/\" \/>\n<meta property=\"og:site_name\" content=\"EKO-BIO-NATURA BIO OBCHOD\" \/>\n<meta property=\"article:modified_time\" content=\"2022-05-04T14:41:37+00:00\" \/>\n<meta property=\"og:image\" content=\"https:\/\/www.eko-bio-natura.sk\/shop\/wp-content\/uploads\/2021\/12\/14379_sada-pletovych-masiek-matrioska-s-hlinou-z-jazera-manikuagan-dizao-3-x-9-g.jpg\" \/>\n\t<meta property=\"og:image:width\" content=\"1000\" \/>\n\t<meta property=\"og:image:height\" content=\"1000\" \/>\n\t<meta property=\"og:image:type\" content=\"image\/jpeg\" \/>\n<meta name=\"twitter:card\" content=\"summary_large_image\" \/>\n<meta name=\"twitter:label1\" content=\"Predpokladan\u00fd \u010das \u010d\u00edtania\" \/>\n\t<meta name=\"twitter:data1\" content=\"4 min\u00faty\" \/>\n<script type=\"application\/ld+json\" class=\"yoast-schema-graph\">{\"@context\":\"https:\/\/schema.org\",\"@graph\":[{\"@type\":\"WebPage\",\"@id\":\"https:\/\/www.eko-bio-natura.sk\/shop\/produkt\/sada-pletovych-masiek-matrioska-s-hlinou-z-jazera-manikuagan-dizao-3-x-9-g\/\",\"url\":\"https:\/\/www.eko-bio-natura.sk\/shop\/produkt\/sada-pletovych-masiek-matrioska-s-hlinou-z-jazera-manikuagan-dizao-3-x-9-g\/\",\"name\":\"Sada ple\u0165ov\u00fdch masiek MATRIO\u0160KA s hlinou z jazera Manikuagan, - Dizao 3 x 9 g - EKO-BIO-NATURA BIO OBCHOD\",\"isPartOf\":{\"@id\":\"https:\/\/www.eko-bio-natura.sk\/shop\/#website\"},\"primaryImageOfPage\":{\"@id\":\"https:\/\/www.eko-bio-natura.sk\/shop\/produkt\/sada-pletovych-masiek-matrioska-s-hlinou-z-jazera-manikuagan-dizao-3-x-9-g\/#primaryimage\"},\"image\":{\"@id\":\"https:\/\/www.eko-bio-natura.sk\/shop\/produkt\/sada-pletovych-masiek-matrioska-s-hlinou-z-jazera-manikuagan-dizao-3-x-9-g\/#primaryimage\"},\"thumbnailUrl\":\"https:\/\/www.eko-bio-natura.sk\/shop\/wp-content\/uploads\/2021\/12\/14379_sada-pletovych-masiek-matrioska-s-hlinou-z-jazera-manikuagan-dizao-3-x-9-g.jpg\",\"datePublished\":\"2021-12-28T17:18:36+00:00\",\"dateModified\":\"2022-05-04T14:41:37+00:00\",\"breadcrumb\":{\"@id\":\"https:\/\/www.eko-bio-natura.sk\/shop\/produkt\/sada-pletovych-masiek-matrioska-s-hlinou-z-jazera-manikuagan-dizao-3-x-9-g\/#breadcrumb\"},\"inLanguage\":\"sk-SK\",\"potentialAction\":[{\"@type\":\"ReadAction\",\"target\":[\"https:\/\/www.eko-bio-natura.sk\/shop\/produkt\/sada-pletovych-masiek-matrioska-s-hlinou-z-jazera-manikuagan-dizao-3-x-9-g\/\"]}]},{\"@type\":\"ImageObject\",\"inLanguage\":\"sk-SK\",\"@id\":\"https:\/\/www.eko-bio-natura.sk\/shop\/produkt\/sada-pletovych-masiek-matrioska-s-hlinou-z-jazera-manikuagan-dizao-3-x-9-g\/#primaryimage\",\"url\":\"https:\/\/www.eko-bio-natura.sk\/shop\/wp-content\/uploads\/2021\/12\/14379_sada-pletovych-masiek-matrioska-s-hlinou-z-jazera-manikuagan-dizao-3-x-9-g.jpg\",\"contentUrl\":\"https:\/\/www.eko-bio-natura.sk\/shop\/wp-content\/uploads\/2021\/12\/14379_sada-pletovych-masiek-matrioska-s-hlinou-z-jazera-manikuagan-dizao-3-x-9-g.jpg\",\"width\":1000,\"height\":1000},{\"@type\":\"BreadcrumbList\",\"@id\":\"https:\/\/www.eko-bio-natura.sk\/shop\/produkt\/sada-pletovych-masiek-matrioska-s-hlinou-z-jazera-manikuagan-dizao-3-x-9-g\/#breadcrumb\",\"itemListElement\":[{\"@type\":\"ListItem\",\"position\":1,\"name\":\"Domovsk\u00e1 str\u00e1nka\",\"item\":\"https:\/\/www.eko-bio-natura.sk\/shop\/\"},{\"@type\":\"ListItem\",\"position\":2,\"name\":\"Obchod\",\"item\":\"https:\/\/www.eko-bio-natura.sk\/shop\/?page_id=6\"},{\"@type\":\"ListItem\",\"position\":3,\"name\":\"Sada ple\u0165ov\u00fdch masiek MATRIO\u0160KA s hlinou z jazera Manikuagan, &#8211; Dizao 3 x 9 g\"}]},{\"@type\":\"WebSite\",\"@id\":\"https:\/\/www.eko-bio-natura.sk\/shop\/#website\",\"url\":\"https:\/\/www.eko-bio-natura.sk\/shop\/\",\"name\":\"EKO-BIO-NATURA BIO OBCHOD\",\"description\":\"\",\"publisher\":{\"@id\":\"https:\/\/www.eko-bio-natura.sk\/shop\/#organization\"},\"potentialAction\":[{\"@type\":\"SearchAction\",\"target\":{\"@type\":\"EntryPoint\",\"urlTemplate\":\"https:\/\/www.eko-bio-natura.sk\/shop\/?s={search_term_string}\"},\"query-input\":{\"@type\":\"PropertyValueSpecification\",\"valueRequired\":true,\"valueName\":\"search_term_string\"}}],\"inLanguage\":\"sk-SK\"},{\"@type\":\"Organization\",\"@id\":\"https:\/\/www.eko-bio-natura.sk\/shop\/#organization\",\"name\":\"EKO-BIO-NATURA BIO OBCHOD\",\"url\":\"https:\/\/www.eko-bio-natura.sk\/shop\/\",\"logo\":{\"@type\":\"ImageObject\",\"inLanguage\":\"sk-SK\",\"@id\":\"https:\/\/www.eko-bio-natura.sk\/shop\/#\/schema\/logo\/image\/\",\"url\":\"https:\/\/www.eko-bio-natura.sk\/shop\/wp-content\/uploads\/2021\/04\/eko-bio-natura_logo.png\",\"contentUrl\":\"https:\/\/www.eko-bio-natura.sk\/shop\/wp-content\/uploads\/2021\/04\/eko-bio-natura_logo.png\",\"width\":552,\"height\":194,\"caption\":\"EKO-BIO-NATURA BIO OBCHOD\"},\"image\":{\"@id\":\"https:\/\/www.eko-bio-natura.sk\/shop\/#\/schema\/logo\/image\/\"}}]}<\/script>\n<!-- \/ Yoast SEO plugin. -->","yoast_head_json":{"title":"Sada ple\u0165ov\u00fdch masiek MATRIO\u0160KA s hlinou z jazera Manikuagan, - Dizao 3 x 9 g - EKO-BIO-NATURA BIO OBCHOD","robots":{"index":"index","follow":"follow","max-snippet":"max-snippet:-1","max-image-preview":"max-image-preview:large","max-video-preview":"max-video-preview:-1"},"canonical":"https:\/\/www.eko-bio-natura.sk\/shop\/produkt\/sada-pletovych-masiek-matrioska-s-hlinou-z-jazera-manikuagan-dizao-3-x-9-g\/","og_locale":"sk_SK","og_type":"article","og_title":"Sada ple\u0165ov\u00fdch masiek MATRIO\u0160KA s hlinou z jazera Manikuagan, - Dizao 3 x 9 g - EKO-BIO-NATURA BIO OBCHOD","og_description":"1. maska &#8211; Pre\u010distenie \u010cistenie pleti je hlavn\u00fdm krokom v starostlivosti o tv\u00e1r. &nbsp;\u010cistiace masky je dobr\u00e9 robi\u0165 ve\u010der. \u010cistiaca maska \u200b\u200bpre v\u0161etky typy pleti Kyselina hyalur\u00f3nov\u00e1 a manikuag\u00e1nov\u00fd \u00edl va\u0161u ple\u0165 vy\u010distia bez toho, aby ju vysu\u0161ili. Obsahuje kyselinu hyalur\u00f3nov\u00fa, ktor\u00e1 pom\u00e1ha udr\u017eiava\u0165 primeran\u00fa \u00farove\u0148 hydrat\u00e1cie poko\u017eky. Masku je mo\u017en\u00e9 pou\u017ei\u0165 aj ako vynikaj\u00faci [&hellip;]","og_url":"https:\/\/www.eko-bio-natura.sk\/shop\/produkt\/sada-pletovych-masiek-matrioska-s-hlinou-z-jazera-manikuagan-dizao-3-x-9-g\/","og_site_name":"EKO-BIO-NATURA BIO OBCHOD","article_modified_time":"2022-05-04T14:41:37+00:00","og_image":[{"width":1000,"height":1000,"url":"https:\/\/www.eko-bio-natura.sk\/shop\/wp-content\/uploads\/2021\/12\/14379_sada-pletovych-masiek-matrioska-s-hlinou-z-jazera-manikuagan-dizao-3-x-9-g.jpg","type":"image\/jpeg"}],"twitter_card":"summary_large_image","twitter_misc":{"Predpokladan\u00fd \u010das \u010d\u00edtania":"4 min\u00faty"},"schema":{"@context":"https:\/\/schema.org","@graph":[{"@type":"WebPage","@id":"https:\/\/www.eko-bio-natura.sk\/shop\/produkt\/sada-pletovych-masiek-matrioska-s-hlinou-z-jazera-manikuagan-dizao-3-x-9-g\/","url":"https:\/\/www.eko-bio-natura.sk\/shop\/produkt\/sada-pletovych-masiek-matrioska-s-hlinou-z-jazera-manikuagan-dizao-3-x-9-g\/","name":"Sada ple\u0165ov\u00fdch masiek MATRIO\u0160KA s hlinou z jazera Manikuagan, - Dizao 3 x 9 g - EKO-BIO-NATURA BIO OBCHOD","isPartOf":{"@id":"https:\/\/www.eko-bio-natura.sk\/shop\/#website"},"primaryImageOfPage":{"@id":"https:\/\/www.eko-bio-natura.sk\/shop\/produkt\/sada-pletovych-masiek-matrioska-s-hlinou-z-jazera-manikuagan-dizao-3-x-9-g\/#primaryimage"},"image":{"@id":"https:\/\/www.eko-bio-natura.sk\/shop\/produkt\/sada-pletovych-masiek-matrioska-s-hlinou-z-jazera-manikuagan-dizao-3-x-9-g\/#primaryimage"},"thumbnailUrl":"https:\/\/www.eko-bio-natura.sk\/shop\/wp-content\/uploads\/2021\/12\/14379_sada-pletovych-masiek-matrioska-s-hlinou-z-jazera-manikuagan-dizao-3-x-9-g.jpg","datePublished":"2021-12-28T17:18:36+00:00","dateModified":"2022-05-04T14:41:37+00:00","breadcrumb":{"@id":"https:\/\/www.eko-bio-natura.sk\/shop\/produkt\/sada-pletovych-masiek-matrioska-s-hlinou-z-jazera-manikuagan-dizao-3-x-9-g\/#breadcrumb"},"inLanguage":"sk-SK","potentialAction":[{"@type":"ReadAction","target":["https:\/\/www.eko-bio-natura.sk\/shop\/produkt\/sada-pletovych-masiek-matrioska-s-hlinou-z-jazera-manikuagan-dizao-3-x-9-g\/"]}]},{"@type":"ImageObject","inLanguage":"sk-SK","@id":"https:\/\/www.eko-bio-natura.sk\/shop\/produkt\/sada-pletovych-masiek-matrioska-s-hlinou-z-jazera-manikuagan-dizao-3-x-9-g\/#primaryimage","url":"https:\/\/www.eko-bio-natura.sk\/shop\/wp-content\/uploads\/2021\/12\/14379_sada-pletovych-masiek-matrioska-s-hlinou-z-jazera-manikuagan-dizao-3-x-9-g.jpg","contentUrl":"https:\/\/www.eko-bio-natura.sk\/shop\/wp-content\/uploads\/2021\/12\/14379_sada-pletovych-masiek-matrioska-s-hlinou-z-jazera-manikuagan-dizao-3-x-9-g.jpg","width":1000,"height":1000},{"@type":"BreadcrumbList","@id":"https:\/\/www.eko-bio-natura.sk\/shop\/produkt\/sada-pletovych-masiek-matrioska-s-hlinou-z-jazera-manikuagan-dizao-3-x-9-g\/#breadcrumb","itemListElement":[{"@type":"ListItem","position":1,"name":"Domovsk\u00e1 str\u00e1nka","item":"https:\/\/www.eko-bio-natura.sk\/shop\/"},{"@type":"ListItem","position":2,"name":"Obchod","item":"https:\/\/www.eko-bio-natura.sk\/shop\/?page_id=6"},{"@type":"ListItem","position":3,"name":"Sada ple\u0165ov\u00fdch masiek MATRIO\u0160KA s hlinou z jazera Manikuagan, &#8211; Dizao 3 x 9 g"}]},{"@type":"WebSite","@id":"https:\/\/www.eko-bio-natura.sk\/shop\/#website","url":"https:\/\/www.eko-bio-natura.sk\/shop\/","name":"EKO-BIO-NATURA BIO OBCHOD","description":"","publisher":{"@id":"https:\/\/www.eko-bio-natura.sk\/shop\/#organization"},"potentialAction":[{"@type":"SearchAction","target":{"@type":"EntryPoint","urlTemplate":"https:\/\/www.eko-bio-natura.sk\/shop\/?s={search_term_string}"},"query-input":{"@type":"PropertyValueSpecification","valueRequired":true,"valueName":"search_term_string"}}],"inLanguage":"sk-SK"},{"@type":"Organization","@id":"https:\/\/www.eko-bio-natura.sk\/shop\/#organization","name":"EKO-BIO-NATURA BIO OBCHOD","url":"https:\/\/www.eko-bio-natura.sk\/shop\/","logo":{"@type":"ImageObject","inLanguage":"sk-SK","@id":"https:\/\/www.eko-bio-natura.sk\/shop\/#\/schema\/logo\/image\/","url":"https:\/\/www.eko-bio-natura.sk\/shop\/wp-content\/uploads\/2021\/04\/eko-bio-natura_logo.png","contentUrl":"https:\/\/www.eko-bio-natura.sk\/shop\/wp-content\/uploads\/2021\/04\/eko-bio-natura_logo.png","width":552,"height":194,"caption":"EKO-BIO-NATURA BIO OBCHOD"},"image":{"@id":"https:\/\/www.eko-bio-natura.sk\/shop\/#\/schema\/logo\/image\/"}}]}},"_links":{"self":[{"href":"https:\/\/www.eko-bio-natura.sk\/shop\/wp-json\/wp\/v2\/product\/7812","targetHints":{"allow":["GET"]}}],"collection":[{"href":"https:\/\/www.eko-bio-natura.sk\/shop\/wp-json\/wp\/v2\/product"}],"about":[{"href":"https:\/\/www.eko-bio-natura.sk\/shop\/wp-json\/wp\/v2\/types\/product"}],"replies":[{"embeddable":true,"href":"https:\/\/www.eko-bio-natura.sk\/shop\/wp-json\/wp\/v2\/comments?post=7812"}],"wp:featuredmedia":[{"embeddable":true,"href":"https:\/\/www.eko-bio-natura.sk\/shop\/wp-json\/wp\/v2\/media\/7813"}],"wp:attachment":[{"href":"https:\/\/www.eko-bio-natura.sk\/shop\/wp-json\/wp\/v2\/media?parent=7812"}],"wp:term":[{"taxonomy":"product_brand","embeddable":true,"href":"https:\/\/www.eko-bio-natura.sk\/shop\/wp-json\/wp\/v2\/product_brand?post=7812"},{"taxonomy":"product_cat","embeddable":true,"href":"https:\/\/www.eko-bio-natura.sk\/shop\/wp-json\/wp\/v2\/product_cat?post=7812"},{"taxonomy":"product_tag","embeddable":true,"href":"https:\/\/www.eko-bio-natura.sk\/shop\/wp-json\/wp\/v2\/product_tag?post=7812"}],"curies":[{"name":"wp","href":"https:\/\/api.w.org\/{rel}","templated":true}]}}