{"id":7808,"date":"2021-12-28T18:18:36","date_gmt":"2021-12-28T17:18:36","guid":{"rendered":"https:\/\/www.eko-bio-natura.sk\/shop\/index.php\/produkt\/healt-nosova-inhalacna-tycinka-polarny-medved-13g\/"},"modified":"2025-04-17T23:09:58","modified_gmt":"2025-04-17T21:09:58","slug":"healt-nosova-inhalacna-tycinka-polarny-medved-13g","status":"publish","type":"product","link":"https:\/\/www.eko-bio-natura.sk\/shop\/produkt\/healt-nosova-inhalacna-tycinka-polarny-medved-13g\/","title":{"rendered":"Healt Nosov\u00e1 inhala\u010dn\u00e1 ty\u010dinka &quot;Pol\u00e1rny medve\u010f&quot; &#8211; 1,3g"},"content":{"rendered":"<p><span style=\"font-family: verdana, geneva; font-size: 12pt;\">Inhal\u00e1tor &#8222;\u013eadov\u00fd medve\u010f&#8220; v\u010faka mentolov\u00fdm v\u00fdparom, ktor\u00e9 s\u00fa ve\u013emi \u00fa\u010dinn\u00e9 pri \u0165a\u017ekostiach d\u00fdchac\u00edch ciest, pom\u00e1haj\u00fa pri <strong>uvo\u013enovan\u00ed upchat\u00e9ho nosa a prekon\u00e1van\u00ed pr\u00edznakov nachladnutia<\/strong> (n\u00e1dcha, boles\u0165 hrdla).Pravideln\u00e9 pou\u017e\u00edvanie inhal\u00e1tora vy\u010dist\u00ed d\u00fdchacie cesty a normalizuje d\u00fdchanie.<\/span><\/p>\n<p><span style=\"font-family: verdana, geneva; font-size: 12pt;\"><strong>Pou\u017eitie:<\/strong> Po otvoren\u00ed sa inhal\u00e1tor vklad\u00e1 do nosa. Je potrebn\u00fd hlbok\u00fd n\u00e1dych, aby do\u0161lo k uvo\u013eneniu d\u00fdchac\u00edch ciest. <\/span><\/p>\n<p><img decoding=\"async\" src=\"\/user\/documents\/upload\/mceclip0-238.png?1635105911\" width=\"514\" height=\"43\" \/><\/p>\n<p><span style=\"font-family: verdana, geneva; font-size: 12pt;\"><strong>Objem:<\/strong> 1,3g<\/span><\/p>\n<p><span style=\"font-family: verdana, geneva; font-size: 12pt;\"><strong>Krajina p\u00f4vodu:<\/strong>&nbsp;\u010c\u00edna<\/span><\/p>\n","protected":false},"excerpt":{"rendered":"<p>Inhal\u00e1tor &#8222;\u013eadov\u00fd medve\u010f&#8220; v\u010faka mentolov\u00fdm v\u00fdparom, ktor\u00e9 s\u00fa ve\u013emi \u00fa\u010dinn\u00e9 pri \u0165a\u017ekostiach d\u00fdchac\u00edch ciest, pom\u00e1haj\u00fa pri uvo\u013enovan\u00ed upchat\u00e9ho nosa a prekon\u00e1van\u00ed pr\u00edznakov nachladnutia (n\u00e1dcha, boles\u0165 hrdla).Pravideln\u00e9 pou\u017e\u00edvanie inhal\u00e1tora vy\u010dist\u00ed d\u00fdchacie cesty a normalizuje d\u00fdchanie. Pou\u017eitie: Po otvoren\u00ed sa inhal\u00e1tor vklad\u00e1 do nosa. Je potrebn\u00fd hlbok\u00fd n\u00e1dych, aby do\u0161lo k uvo\u013eneniu d\u00fdchac\u00edch ciest. Objem: 1,3g Krajina [&hellip;]<\/p>\n","protected":false},"featured_media":7809,"comment_status":"open","ping_status":"open","template":"","meta":{"site-sidebar-layout":"default","site-content-layout":"","ast-site-content-layout":"default","site-content-style":"default","site-sidebar-style":"default","ast-global-header-display":"","ast-banner-title-visibility":"","ast-main-header-display":"","ast-hfb-above-header-display":"","ast-hfb-below-header-display":"","ast-hfb-mobile-header-display":"","site-post-title":"","ast-breadcrumbs-content":"","ast-featured-img":"","footer-sml-layout":"","ast-disable-related-posts":"","theme-transparent-header-meta":"","adv-header-id-meta":"","stick-header-meta":"","header-above-stick-meta":"","header-main-stick-meta":"","header-below-stick-meta":"","astra-migrate-meta-layouts":"default","ast-page-background-enabled":"default","ast-page-background-meta":{"desktop":{"background-color":"","background-image":"","background-repeat":"repeat","background-position":"center center","background-size":"auto","background-attachment":"scroll","background-type":"","background-media":"","overlay-type":"","overlay-color":"","overlay-opacity":"","overlay-gradient":""},"tablet":{"background-color":"","background-image":"","background-repeat":"repeat","background-position":"center center","background-size":"auto","background-attachment":"scroll","background-type":"","background-media":"","overlay-type":"","overlay-color":"","overlay-opacity":"","overlay-gradient":""},"mobile":{"background-color":"","background-image":"","background-repeat":"repeat","background-position":"center center","background-size":"auto","background-attachment":"scroll","background-type":"","background-media":"","overlay-type":"","overlay-color":"","overlay-opacity":"","overlay-gradient":""}},"ast-content-background-meta":{"desktop":{"background-color":"var(--ast-global-color-5)","background-image":"","background-repeat":"repeat","background-position":"center center","background-size":"auto","background-attachment":"scroll","background-type":"","background-media":"","overlay-type":"","overlay-color":"","overlay-opacity":"","overlay-gradient":""},"tablet":{"background-color":"var(--ast-global-color-5)","background-image":"","background-repeat":"repeat","background-position":"center center","background-size":"auto","background-attachment":"scroll","background-type":"","background-media":"","overlay-type":"","overlay-color":"","overlay-opacity":"","overlay-gradient":""},"mobile":{"background-color":"var(--ast-global-color-5)","background-image":"","background-repeat":"repeat","background-position":"center center","background-size":"auto","background-attachment":"scroll","background-type":"","background-media":"","overlay-type":"","overlay-color":"","overlay-opacity":"","overlay-gradient":""}}},"product_brand":[],"product_cat":[16,207,117,60,49],"product_tag":[],"class_list":{"0":"post-7808","1":"product","2":"type-product","3":"status-publish","4":"has-post-thumbnail","6":"product_cat-bio-potraviny","7":"product_cat-dychacia-sustava","8":"product_cat-med","9":"product_cat-med-a-vcelie-produkty","10":"product_cat-med-dzemy-a-natierky","11":"pa_cena-dopravy-367","12":"pa_doprava-zasilkovna","13":"pa_ean-1035","14":"pa_typ-partnersky-predaj","15":"pa_znacka-healt","16":"desktop-align-left","17":"tablet-align-left","18":"mobile-align-left","20":"first","21":"instock","22":"product-type-external"},"yoast_head":"<!-- This site is optimized with the Yoast SEO plugin v27.2 - https:\/\/yoast.com\/product\/yoast-seo-wordpress\/ -->\n<title>Healt Nosov\u00e1 inhala\u010dn\u00e1 ty\u010dinka &quot;Pol\u00e1rny medve\u010f&quot; - 1,3g - EKO-BIO-NATURA BIO OBCHOD<\/title>\n<meta name=\"robots\" content=\"index, follow, max-snippet:-1, max-image-preview:large, max-video-preview:-1\" \/>\n<link rel=\"canonical\" href=\"https:\/\/www.eko-bio-natura.sk\/shop\/produkt\/healt-nosova-inhalacna-tycinka-polarny-medved-13g\/\" \/>\n<meta property=\"og:locale\" content=\"sk_SK\" \/>\n<meta property=\"og:type\" content=\"article\" \/>\n<meta property=\"og:title\" content=\"Healt Nosov\u00e1 inhala\u010dn\u00e1 ty\u010dinka &quot;Pol\u00e1rny medve\u010f&quot; - 1,3g - EKO-BIO-NATURA BIO OBCHOD\" \/>\n<meta property=\"og:description\" content=\"Inhal\u00e1tor &#8222;\u013eadov\u00fd medve\u010f&#8220; v\u010faka mentolov\u00fdm v\u00fdparom, ktor\u00e9 s\u00fa ve\u013emi \u00fa\u010dinn\u00e9 pri \u0165a\u017ekostiach d\u00fdchac\u00edch ciest, pom\u00e1haj\u00fa pri uvo\u013enovan\u00ed upchat\u00e9ho nosa a prekon\u00e1van\u00ed pr\u00edznakov nachladnutia (n\u00e1dcha, boles\u0165 hrdla).Pravideln\u00e9 pou\u017e\u00edvanie inhal\u00e1tora vy\u010dist\u00ed d\u00fdchacie cesty a normalizuje d\u00fdchanie. Pou\u017eitie: Po otvoren\u00ed sa inhal\u00e1tor vklad\u00e1 do nosa. Je potrebn\u00fd hlbok\u00fd n\u00e1dych, aby do\u0161lo k uvo\u013eneniu d\u00fdchac\u00edch ciest. Objem: 1,3g Krajina [&hellip;]\" \/>\n<meta property=\"og:url\" content=\"https:\/\/www.eko-bio-natura.sk\/shop\/produkt\/healt-nosova-inhalacna-tycinka-polarny-medved-13g\/\" \/>\n<meta property=\"og:site_name\" content=\"EKO-BIO-NATURA BIO OBCHOD\" \/>\n<meta property=\"article:modified_time\" content=\"2025-04-17T21:09:58+00:00\" \/>\n<meta property=\"og:image\" content=\"https:\/\/www.eko-bio-natura.sk\/shop\/wp-content\/uploads\/2021\/12\/14373_polar-bear-inhalacios-stift-7cfa9fbd14b85fc25e6ce970244b6b25.jpg\" \/>\n\t<meta property=\"og:image:width\" content=\"500\" \/>\n\t<meta property=\"og:image:height\" content=\"500\" \/>\n\t<meta property=\"og:image:type\" content=\"image\/jpeg\" \/>\n<meta name=\"twitter:card\" content=\"summary_large_image\" \/>\n<script type=\"application\/ld+json\" class=\"yoast-schema-graph\">{\"@context\":\"https:\/\/schema.org\",\"@graph\":[{\"@type\":\"WebPage\",\"@id\":\"https:\/\/www.eko-bio-natura.sk\/shop\/produkt\/healt-nosova-inhalacna-tycinka-polarny-medved-13g\/\",\"url\":\"https:\/\/www.eko-bio-natura.sk\/shop\/produkt\/healt-nosova-inhalacna-tycinka-polarny-medved-13g\/\",\"name\":\"Healt Nosov\u00e1 inhala\u010dn\u00e1 ty\u010dinka &quot;Pol\u00e1rny medve\u010f&quot; - 1,3g - EKO-BIO-NATURA BIO OBCHOD\",\"isPartOf\":{\"@id\":\"https:\/\/www.eko-bio-natura.sk\/shop\/#website\"},\"primaryImageOfPage\":{\"@id\":\"https:\/\/www.eko-bio-natura.sk\/shop\/produkt\/healt-nosova-inhalacna-tycinka-polarny-medved-13g\/#primaryimage\"},\"image\":{\"@id\":\"https:\/\/www.eko-bio-natura.sk\/shop\/produkt\/healt-nosova-inhalacna-tycinka-polarny-medved-13g\/#primaryimage\"},\"thumbnailUrl\":\"https:\/\/www.eko-bio-natura.sk\/shop\/wp-content\/uploads\/2021\/12\/14373_polar-bear-inhalacios-stift-7cfa9fbd14b85fc25e6ce970244b6b25.jpg\",\"datePublished\":\"2021-12-28T17:18:36+00:00\",\"dateModified\":\"2025-04-17T21:09:58+00:00\",\"breadcrumb\":{\"@id\":\"https:\/\/www.eko-bio-natura.sk\/shop\/produkt\/healt-nosova-inhalacna-tycinka-polarny-medved-13g\/#breadcrumb\"},\"inLanguage\":\"sk-SK\",\"potentialAction\":[{\"@type\":\"ReadAction\",\"target\":[\"https:\/\/www.eko-bio-natura.sk\/shop\/produkt\/healt-nosova-inhalacna-tycinka-polarny-medved-13g\/\"]}]},{\"@type\":\"ImageObject\",\"inLanguage\":\"sk-SK\",\"@id\":\"https:\/\/www.eko-bio-natura.sk\/shop\/produkt\/healt-nosova-inhalacna-tycinka-polarny-medved-13g\/#primaryimage\",\"url\":\"https:\/\/www.eko-bio-natura.sk\/shop\/wp-content\/uploads\/2021\/12\/14373_polar-bear-inhalacios-stift-7cfa9fbd14b85fc25e6ce970244b6b25.jpg\",\"contentUrl\":\"https:\/\/www.eko-bio-natura.sk\/shop\/wp-content\/uploads\/2021\/12\/14373_polar-bear-inhalacios-stift-7cfa9fbd14b85fc25e6ce970244b6b25.jpg\",\"width\":500,\"height\":500},{\"@type\":\"BreadcrumbList\",\"@id\":\"https:\/\/www.eko-bio-natura.sk\/shop\/produkt\/healt-nosova-inhalacna-tycinka-polarny-medved-13g\/#breadcrumb\",\"itemListElement\":[{\"@type\":\"ListItem\",\"position\":1,\"name\":\"Domovsk\u00e1 str\u00e1nka\",\"item\":\"https:\/\/www.eko-bio-natura.sk\/shop\/\"},{\"@type\":\"ListItem\",\"position\":2,\"name\":\"Obchod\",\"item\":\"https:\/\/www.eko-bio-natura.sk\/shop\/?page_id=6\"},{\"@type\":\"ListItem\",\"position\":3,\"name\":\"Healt Nosov\u00e1 inhala\u010dn\u00e1 ty\u010dinka &quot;Pol\u00e1rny medve\u010f&quot; &#8211; 1,3g\"}]},{\"@type\":\"WebSite\",\"@id\":\"https:\/\/www.eko-bio-natura.sk\/shop\/#website\",\"url\":\"https:\/\/www.eko-bio-natura.sk\/shop\/\",\"name\":\"EKO-BIO-NATURA BIO OBCHOD\",\"description\":\"\",\"publisher\":{\"@id\":\"https:\/\/www.eko-bio-natura.sk\/shop\/#organization\"},\"potentialAction\":[{\"@type\":\"SearchAction\",\"target\":{\"@type\":\"EntryPoint\",\"urlTemplate\":\"https:\/\/www.eko-bio-natura.sk\/shop\/?s={search_term_string}\"},\"query-input\":{\"@type\":\"PropertyValueSpecification\",\"valueRequired\":true,\"valueName\":\"search_term_string\"}}],\"inLanguage\":\"sk-SK\"},{\"@type\":\"Organization\",\"@id\":\"https:\/\/www.eko-bio-natura.sk\/shop\/#organization\",\"name\":\"EKO-BIO-NATURA BIO OBCHOD\",\"url\":\"https:\/\/www.eko-bio-natura.sk\/shop\/\",\"logo\":{\"@type\":\"ImageObject\",\"inLanguage\":\"sk-SK\",\"@id\":\"https:\/\/www.eko-bio-natura.sk\/shop\/#\/schema\/logo\/image\/\",\"url\":\"https:\/\/www.eko-bio-natura.sk\/shop\/wp-content\/uploads\/2021\/04\/eko-bio-natura_logo.png\",\"contentUrl\":\"https:\/\/www.eko-bio-natura.sk\/shop\/wp-content\/uploads\/2021\/04\/eko-bio-natura_logo.png\",\"width\":552,\"height\":194,\"caption\":\"EKO-BIO-NATURA BIO OBCHOD\"},\"image\":{\"@id\":\"https:\/\/www.eko-bio-natura.sk\/shop\/#\/schema\/logo\/image\/\"}}]}<\/script>\n<!-- \/ Yoast SEO plugin. -->","yoast_head_json":{"title":"Healt Nosov\u00e1 inhala\u010dn\u00e1 ty\u010dinka &quot;Pol\u00e1rny medve\u010f&quot; - 1,3g - EKO-BIO-NATURA BIO OBCHOD","robots":{"index":"index","follow":"follow","max-snippet":"max-snippet:-1","max-image-preview":"max-image-preview:large","max-video-preview":"max-video-preview:-1"},"canonical":"https:\/\/www.eko-bio-natura.sk\/shop\/produkt\/healt-nosova-inhalacna-tycinka-polarny-medved-13g\/","og_locale":"sk_SK","og_type":"article","og_title":"Healt Nosov\u00e1 inhala\u010dn\u00e1 ty\u010dinka &quot;Pol\u00e1rny medve\u010f&quot; - 1,3g - EKO-BIO-NATURA BIO OBCHOD","og_description":"Inhal\u00e1tor &#8222;\u013eadov\u00fd medve\u010f&#8220; v\u010faka mentolov\u00fdm v\u00fdparom, ktor\u00e9 s\u00fa ve\u013emi \u00fa\u010dinn\u00e9 pri \u0165a\u017ekostiach d\u00fdchac\u00edch ciest, pom\u00e1haj\u00fa pri uvo\u013enovan\u00ed upchat\u00e9ho nosa a prekon\u00e1van\u00ed pr\u00edznakov nachladnutia (n\u00e1dcha, boles\u0165 hrdla).Pravideln\u00e9 pou\u017e\u00edvanie inhal\u00e1tora vy\u010dist\u00ed d\u00fdchacie cesty a normalizuje d\u00fdchanie. Pou\u017eitie: Po otvoren\u00ed sa inhal\u00e1tor vklad\u00e1 do nosa. Je potrebn\u00fd hlbok\u00fd n\u00e1dych, aby do\u0161lo k uvo\u013eneniu d\u00fdchac\u00edch ciest. Objem: 1,3g Krajina [&hellip;]","og_url":"https:\/\/www.eko-bio-natura.sk\/shop\/produkt\/healt-nosova-inhalacna-tycinka-polarny-medved-13g\/","og_site_name":"EKO-BIO-NATURA BIO OBCHOD","article_modified_time":"2025-04-17T21:09:58+00:00","og_image":[{"width":500,"height":500,"url":"https:\/\/www.eko-bio-natura.sk\/shop\/wp-content\/uploads\/2021\/12\/14373_polar-bear-inhalacios-stift-7cfa9fbd14b85fc25e6ce970244b6b25.jpg","type":"image\/jpeg"}],"twitter_card":"summary_large_image","schema":{"@context":"https:\/\/schema.org","@graph":[{"@type":"WebPage","@id":"https:\/\/www.eko-bio-natura.sk\/shop\/produkt\/healt-nosova-inhalacna-tycinka-polarny-medved-13g\/","url":"https:\/\/www.eko-bio-natura.sk\/shop\/produkt\/healt-nosova-inhalacna-tycinka-polarny-medved-13g\/","name":"Healt Nosov\u00e1 inhala\u010dn\u00e1 ty\u010dinka &quot;Pol\u00e1rny medve\u010f&quot; - 1,3g - EKO-BIO-NATURA BIO OBCHOD","isPartOf":{"@id":"https:\/\/www.eko-bio-natura.sk\/shop\/#website"},"primaryImageOfPage":{"@id":"https:\/\/www.eko-bio-natura.sk\/shop\/produkt\/healt-nosova-inhalacna-tycinka-polarny-medved-13g\/#primaryimage"},"image":{"@id":"https:\/\/www.eko-bio-natura.sk\/shop\/produkt\/healt-nosova-inhalacna-tycinka-polarny-medved-13g\/#primaryimage"},"thumbnailUrl":"https:\/\/www.eko-bio-natura.sk\/shop\/wp-content\/uploads\/2021\/12\/14373_polar-bear-inhalacios-stift-7cfa9fbd14b85fc25e6ce970244b6b25.jpg","datePublished":"2021-12-28T17:18:36+00:00","dateModified":"2025-04-17T21:09:58+00:00","breadcrumb":{"@id":"https:\/\/www.eko-bio-natura.sk\/shop\/produkt\/healt-nosova-inhalacna-tycinka-polarny-medved-13g\/#breadcrumb"},"inLanguage":"sk-SK","potentialAction":[{"@type":"ReadAction","target":["https:\/\/www.eko-bio-natura.sk\/shop\/produkt\/healt-nosova-inhalacna-tycinka-polarny-medved-13g\/"]}]},{"@type":"ImageObject","inLanguage":"sk-SK","@id":"https:\/\/www.eko-bio-natura.sk\/shop\/produkt\/healt-nosova-inhalacna-tycinka-polarny-medved-13g\/#primaryimage","url":"https:\/\/www.eko-bio-natura.sk\/shop\/wp-content\/uploads\/2021\/12\/14373_polar-bear-inhalacios-stift-7cfa9fbd14b85fc25e6ce970244b6b25.jpg","contentUrl":"https:\/\/www.eko-bio-natura.sk\/shop\/wp-content\/uploads\/2021\/12\/14373_polar-bear-inhalacios-stift-7cfa9fbd14b85fc25e6ce970244b6b25.jpg","width":500,"height":500},{"@type":"BreadcrumbList","@id":"https:\/\/www.eko-bio-natura.sk\/shop\/produkt\/healt-nosova-inhalacna-tycinka-polarny-medved-13g\/#breadcrumb","itemListElement":[{"@type":"ListItem","position":1,"name":"Domovsk\u00e1 str\u00e1nka","item":"https:\/\/www.eko-bio-natura.sk\/shop\/"},{"@type":"ListItem","position":2,"name":"Obchod","item":"https:\/\/www.eko-bio-natura.sk\/shop\/?page_id=6"},{"@type":"ListItem","position":3,"name":"Healt Nosov\u00e1 inhala\u010dn\u00e1 ty\u010dinka &quot;Pol\u00e1rny medve\u010f&quot; &#8211; 1,3g"}]},{"@type":"WebSite","@id":"https:\/\/www.eko-bio-natura.sk\/shop\/#website","url":"https:\/\/www.eko-bio-natura.sk\/shop\/","name":"EKO-BIO-NATURA BIO OBCHOD","description":"","publisher":{"@id":"https:\/\/www.eko-bio-natura.sk\/shop\/#organization"},"potentialAction":[{"@type":"SearchAction","target":{"@type":"EntryPoint","urlTemplate":"https:\/\/www.eko-bio-natura.sk\/shop\/?s={search_term_string}"},"query-input":{"@type":"PropertyValueSpecification","valueRequired":true,"valueName":"search_term_string"}}],"inLanguage":"sk-SK"},{"@type":"Organization","@id":"https:\/\/www.eko-bio-natura.sk\/shop\/#organization","name":"EKO-BIO-NATURA BIO OBCHOD","url":"https:\/\/www.eko-bio-natura.sk\/shop\/","logo":{"@type":"ImageObject","inLanguage":"sk-SK","@id":"https:\/\/www.eko-bio-natura.sk\/shop\/#\/schema\/logo\/image\/","url":"https:\/\/www.eko-bio-natura.sk\/shop\/wp-content\/uploads\/2021\/04\/eko-bio-natura_logo.png","contentUrl":"https:\/\/www.eko-bio-natura.sk\/shop\/wp-content\/uploads\/2021\/04\/eko-bio-natura_logo.png","width":552,"height":194,"caption":"EKO-BIO-NATURA BIO OBCHOD"},"image":{"@id":"https:\/\/www.eko-bio-natura.sk\/shop\/#\/schema\/logo\/image\/"}}]}},"_links":{"self":[{"href":"https:\/\/www.eko-bio-natura.sk\/shop\/wp-json\/wp\/v2\/product\/7808","targetHints":{"allow":["GET"]}}],"collection":[{"href":"https:\/\/www.eko-bio-natura.sk\/shop\/wp-json\/wp\/v2\/product"}],"about":[{"href":"https:\/\/www.eko-bio-natura.sk\/shop\/wp-json\/wp\/v2\/types\/product"}],"replies":[{"embeddable":true,"href":"https:\/\/www.eko-bio-natura.sk\/shop\/wp-json\/wp\/v2\/comments?post=7808"}],"wp:featuredmedia":[{"embeddable":true,"href":"https:\/\/www.eko-bio-natura.sk\/shop\/wp-json\/wp\/v2\/media\/7809"}],"wp:attachment":[{"href":"https:\/\/www.eko-bio-natura.sk\/shop\/wp-json\/wp\/v2\/media?parent=7808"}],"wp:term":[{"taxonomy":"product_brand","embeddable":true,"href":"https:\/\/www.eko-bio-natura.sk\/shop\/wp-json\/wp\/v2\/product_brand?post=7808"},{"taxonomy":"product_cat","embeddable":true,"href":"https:\/\/www.eko-bio-natura.sk\/shop\/wp-json\/wp\/v2\/product_cat?post=7808"},{"taxonomy":"product_tag","embeddable":true,"href":"https:\/\/www.eko-bio-natura.sk\/shop\/wp-json\/wp\/v2\/product_tag?post=7808"}],"curies":[{"name":"wp","href":"https:\/\/api.w.org\/{rel}","templated":true}]}}