{"id":7802,"date":"2021-12-28T18:18:36","date_gmt":"2021-12-28T17:18:36","guid":{"rendered":"https:\/\/www.eko-bio-natura.sk\/shop\/index.php\/produkt\/balzam-na-pery-s-mangom-a-avokadom-botavikos-4-g\/"},"modified":"2022-05-04T16:41:37","modified_gmt":"2022-05-04T14:41:37","slug":"balzam-na-pery-s-mangom-a-avokadom-botavikos-4-g","status":"publish","type":"product","link":"https:\/\/www.eko-bio-natura.sk\/shop\/produkt\/balzam-na-pery-s-mangom-a-avokadom-botavikos-4-g\/","title":{"rendered":"Balzam na pery s mangom a avok\u00e1dom &#8211; Botavikos &#8211; 4 g"},"content":{"rendered":"<p><span style=\"font-family: verdana, geneva; font-size: 12pt;\">Ochrann\u00fd balzam na pery hydratuje pery a ochra\u0148uje ich pred nepriazniv\u00fdm po\u010das\u00edm a in\u00fdmi vplyvmi.&nbsp;<\/span><\/p>\n<p><span style=\"font-family: verdana, geneva; font-size: 12pt;\"><strong>Akt\u00edvne zlo\u017eky:<\/strong><\/span><\/p>\n<ul>\n<li><span style=\"font-family: verdana, geneva; font-size: 12pt;\"><strong>Avok\u00e1dov\u00fd olej<\/strong> vytv\u00e1ra prirodzen\u00fa ochrann\u00fa bari\u00e9ru a udr\u017eiavaj\u00fa potrebn\u00fa \u00farove\u0148 vlhkosti, zabra\u0148uj\u00fa vysu\u0161ovaniu pier. So&nbsp;svojou vysokou antioxida\u010dnou silou dod\u00e1va per\u00e1m mladistv\u00fd a \u017eiariv\u00fd vzh\u013ead.&nbsp;<\/span><\/li>\n<li><span style=\"font-family: verdana, geneva; font-size: 12pt;\"><strong>Vosk z ry\u017eov\u00fdch otr\u00fab<\/strong>, v\u010faka svojmu zlo\u017eeniu mastn\u00fdch kysel\u00edn, poskytuje potrebn\u00fa v\u00fd\u017eivu. <\/span><\/li>\n<li><span style=\"font-family: verdana, geneva; font-size: 12pt;\"><strong>Exotick\u00fd mangov\u00fd olej<\/strong> s kyselinou linolovou a vitam\u00ednmi A, C a E intenz\u00edvne hydratuje pery. &nbsp;<\/span><\/li>\n<\/ul>\n<p><span style=\"font-family: verdana, geneva; font-size: 12pt;\">Bez miner\u00e1lnych olejov. Bez silik\u00f3nov. Bez farb\u00edv. Vegan.&nbsp;<\/span><\/p>\n<p><span style=\"font-family: verdana, geneva; font-size: 12pt;\"><strong>Pou\u017eitie:<\/strong> Naneste balzam na \u010dist\u00e9 a such\u00e9 pery.&nbsp;<\/span><\/p>\n<p><img decoding=\"async\" src=\"\/user\/documents\/upload\/mceclip0-226.png?1634722630\" \/><\/p>\n<p><span style=\"font-family: verdana, geneva; font-size: 12pt;\"><strong>Objem:<\/strong> 4g \/1,5 ml<\/span><\/p>\n<p><span style=\"font-family: verdana, geneva; font-size: 12pt;\"><strong>Krajina p\u00f4vodu:<\/strong> Rusko<\/span><\/p>\n","protected":false},"excerpt":{"rendered":"<p>Ochrann\u00fd balzam na pery hydratuje pery a ochra\u0148uje ich pred nepriazniv\u00fdm po\u010das\u00edm a in\u00fdmi vplyvmi.&nbsp; Akt\u00edvne zlo\u017eky: Avok\u00e1dov\u00fd olej vytv\u00e1ra prirodzen\u00fa ochrann\u00fa bari\u00e9ru a udr\u017eiavaj\u00fa potrebn\u00fa \u00farove\u0148 vlhkosti, zabra\u0148uj\u00fa vysu\u0161ovaniu pier. So&nbsp;svojou vysokou antioxida\u010dnou silou dod\u00e1va per\u00e1m mladistv\u00fd a \u017eiariv\u00fd vzh\u013ead.&nbsp; Vosk z ry\u017eov\u00fdch otr\u00fab, v\u010faka svojmu zlo\u017eeniu mastn\u00fdch kysel\u00edn, poskytuje potrebn\u00fa v\u00fd\u017eivu. Exotick\u00fd mangov\u00fd [&hellip;]<\/p>\n","protected":false},"featured_media":7803,"comment_status":"open","ping_status":"open","template":"","meta":{"site-sidebar-layout":"default","site-content-layout":"","ast-site-content-layout":"default","site-content-style":"default","site-sidebar-style":"default","ast-global-header-display":"","ast-banner-title-visibility":"","ast-main-header-display":"","ast-hfb-above-header-display":"","ast-hfb-below-header-display":"","ast-hfb-mobile-header-display":"","site-post-title":"","ast-breadcrumbs-content":"","ast-featured-img":"","footer-sml-layout":"","ast-disable-related-posts":"","theme-transparent-header-meta":"","adv-header-id-meta":"","stick-header-meta":"","header-above-stick-meta":"","header-main-stick-meta":"","header-below-stick-meta":"","astra-migrate-meta-layouts":"default","ast-page-background-enabled":"default","ast-page-background-meta":{"desktop":{"background-color":"","background-image":"","background-repeat":"repeat","background-position":"center center","background-size":"auto","background-attachment":"scroll","background-type":"","background-media":"","overlay-type":"","overlay-color":"","overlay-opacity":"","overlay-gradient":""},"tablet":{"background-color":"","background-image":"","background-repeat":"repeat","background-position":"center center","background-size":"auto","background-attachment":"scroll","background-type":"","background-media":"","overlay-type":"","overlay-color":"","overlay-opacity":"","overlay-gradient":""},"mobile":{"background-color":"","background-image":"","background-repeat":"repeat","background-position":"center center","background-size":"auto","background-attachment":"scroll","background-type":"","background-media":"","overlay-type":"","overlay-color":"","overlay-opacity":"","overlay-gradient":""}},"ast-content-background-meta":{"desktop":{"background-color":"var(--ast-global-color-5)","background-image":"","background-repeat":"repeat","background-position":"center center","background-size":"auto","background-attachment":"scroll","background-type":"","background-media":"","overlay-type":"","overlay-color":"","overlay-opacity":"","overlay-gradient":""},"tablet":{"background-color":"var(--ast-global-color-5)","background-image":"","background-repeat":"repeat","background-position":"center center","background-size":"auto","background-attachment":"scroll","background-type":"","background-media":"","overlay-type":"","overlay-color":"","overlay-opacity":"","overlay-gradient":""},"mobile":{"background-color":"var(--ast-global-color-5)","background-image":"","background-repeat":"repeat","background-position":"center center","background-size":"auto","background-attachment":"scroll","background-type":"","background-media":"","overlay-type":"","overlay-color":"","overlay-opacity":"","overlay-gradient":""}}},"product_brand":[],"product_cat":[31,2741],"product_tag":[362],"class_list":{"0":"post-7802","1":"product","2":"type-product","3":"status-publish","4":"has-post-thumbnail","6":"product_cat-pletova-kozmetika","7":"product_cat-vegan","8":"product_tag-vegan","9":"pa_cena-dopravy-367","10":"pa_doprava-zasilkovna","11":"pa_ean-1032","12":"pa_typ-partnersky-predaj","13":"pa_znacka-botavikos","14":"desktop-align-left","15":"tablet-align-left","16":"mobile-align-left","18":"first","19":"instock","20":"product-type-external"},"yoast_head":"<!-- This site is optimized with the Yoast SEO plugin v27.2 - https:\/\/yoast.com\/product\/yoast-seo-wordpress\/ -->\n<title>Balzam na pery s mangom a avok\u00e1dom - Botavikos - 4 g - EKO-BIO-NATURA BIO OBCHOD<\/title>\n<meta name=\"robots\" content=\"index, follow, max-snippet:-1, max-image-preview:large, max-video-preview:-1\" \/>\n<link rel=\"canonical\" href=\"https:\/\/www.eko-bio-natura.sk\/shop\/produkt\/balzam-na-pery-s-mangom-a-avokadom-botavikos-4-g\/\" \/>\n<meta property=\"og:locale\" content=\"sk_SK\" \/>\n<meta property=\"og:type\" content=\"article\" \/>\n<meta property=\"og:title\" content=\"Balzam na pery s mangom a avok\u00e1dom - Botavikos - 4 g - EKO-BIO-NATURA BIO OBCHOD\" \/>\n<meta property=\"og:description\" content=\"Ochrann\u00fd balzam na pery hydratuje pery a ochra\u0148uje ich pred nepriazniv\u00fdm po\u010das\u00edm a in\u00fdmi vplyvmi.&nbsp; Akt\u00edvne zlo\u017eky: Avok\u00e1dov\u00fd olej vytv\u00e1ra prirodzen\u00fa ochrann\u00fa bari\u00e9ru a udr\u017eiavaj\u00fa potrebn\u00fa \u00farove\u0148 vlhkosti, zabra\u0148uj\u00fa vysu\u0161ovaniu pier. So&nbsp;svojou vysokou antioxida\u010dnou silou dod\u00e1va per\u00e1m mladistv\u00fd a \u017eiariv\u00fd vzh\u013ead.&nbsp; Vosk z ry\u017eov\u00fdch otr\u00fab, v\u010faka svojmu zlo\u017eeniu mastn\u00fdch kysel\u00edn, poskytuje potrebn\u00fa v\u00fd\u017eivu. Exotick\u00fd mangov\u00fd [&hellip;]\" \/>\n<meta property=\"og:url\" content=\"https:\/\/www.eko-bio-natura.sk\/shop\/produkt\/balzam-na-pery-s-mangom-a-avokadom-botavikos-4-g\/\" \/>\n<meta property=\"og:site_name\" content=\"EKO-BIO-NATURA BIO OBCHOD\" \/>\n<meta property=\"article:modified_time\" content=\"2022-05-04T14:41:37+00:00\" \/>\n<meta property=\"og:image\" content=\"https:\/\/www.eko-bio-natura.sk\/shop\/wp-content\/uploads\/2021\/12\/14361_5b90f818384e1f62143d3862.jpg\" \/>\n\t<meta property=\"og:image:width\" content=\"895\" \/>\n\t<meta property=\"og:image:height\" content=\"582\" \/>\n\t<meta property=\"og:image:type\" content=\"image\/jpeg\" \/>\n<meta name=\"twitter:card\" content=\"summary_large_image\" \/>\n<meta name=\"twitter:label1\" content=\"Predpokladan\u00fd \u010das \u010d\u00edtania\" \/>\n\t<meta name=\"twitter:data1\" content=\"1 min\u00fata\" \/>\n<script type=\"application\/ld+json\" class=\"yoast-schema-graph\">{\"@context\":\"https:\/\/schema.org\",\"@graph\":[{\"@type\":\"WebPage\",\"@id\":\"https:\/\/www.eko-bio-natura.sk\/shop\/produkt\/balzam-na-pery-s-mangom-a-avokadom-botavikos-4-g\/\",\"url\":\"https:\/\/www.eko-bio-natura.sk\/shop\/produkt\/balzam-na-pery-s-mangom-a-avokadom-botavikos-4-g\/\",\"name\":\"Balzam na pery s mangom a avok\u00e1dom - Botavikos - 4 g - EKO-BIO-NATURA BIO OBCHOD\",\"isPartOf\":{\"@id\":\"https:\/\/www.eko-bio-natura.sk\/shop\/#website\"},\"primaryImageOfPage\":{\"@id\":\"https:\/\/www.eko-bio-natura.sk\/shop\/produkt\/balzam-na-pery-s-mangom-a-avokadom-botavikos-4-g\/#primaryimage\"},\"image\":{\"@id\":\"https:\/\/www.eko-bio-natura.sk\/shop\/produkt\/balzam-na-pery-s-mangom-a-avokadom-botavikos-4-g\/#primaryimage\"},\"thumbnailUrl\":\"https:\/\/www.eko-bio-natura.sk\/shop\/wp-content\/uploads\/2021\/12\/14361_5b90f818384e1f62143d3862.jpg\",\"datePublished\":\"2021-12-28T17:18:36+00:00\",\"dateModified\":\"2022-05-04T14:41:37+00:00\",\"breadcrumb\":{\"@id\":\"https:\/\/www.eko-bio-natura.sk\/shop\/produkt\/balzam-na-pery-s-mangom-a-avokadom-botavikos-4-g\/#breadcrumb\"},\"inLanguage\":\"sk-SK\",\"potentialAction\":[{\"@type\":\"ReadAction\",\"target\":[\"https:\/\/www.eko-bio-natura.sk\/shop\/produkt\/balzam-na-pery-s-mangom-a-avokadom-botavikos-4-g\/\"]}]},{\"@type\":\"ImageObject\",\"inLanguage\":\"sk-SK\",\"@id\":\"https:\/\/www.eko-bio-natura.sk\/shop\/produkt\/balzam-na-pery-s-mangom-a-avokadom-botavikos-4-g\/#primaryimage\",\"url\":\"https:\/\/www.eko-bio-natura.sk\/shop\/wp-content\/uploads\/2021\/12\/14361_5b90f818384e1f62143d3862.jpg\",\"contentUrl\":\"https:\/\/www.eko-bio-natura.sk\/shop\/wp-content\/uploads\/2021\/12\/14361_5b90f818384e1f62143d3862.jpg\",\"width\":895,\"height\":582},{\"@type\":\"BreadcrumbList\",\"@id\":\"https:\/\/www.eko-bio-natura.sk\/shop\/produkt\/balzam-na-pery-s-mangom-a-avokadom-botavikos-4-g\/#breadcrumb\",\"itemListElement\":[{\"@type\":\"ListItem\",\"position\":1,\"name\":\"Domovsk\u00e1 str\u00e1nka\",\"item\":\"https:\/\/www.eko-bio-natura.sk\/shop\/\"},{\"@type\":\"ListItem\",\"position\":2,\"name\":\"Obchod\",\"item\":\"https:\/\/www.eko-bio-natura.sk\/shop\/?page_id=6\"},{\"@type\":\"ListItem\",\"position\":3,\"name\":\"Balzam na pery s mangom a avok\u00e1dom &#8211; Botavikos &#8211; 4 g\"}]},{\"@type\":\"WebSite\",\"@id\":\"https:\/\/www.eko-bio-natura.sk\/shop\/#website\",\"url\":\"https:\/\/www.eko-bio-natura.sk\/shop\/\",\"name\":\"EKO-BIO-NATURA BIO OBCHOD\",\"description\":\"\",\"publisher\":{\"@id\":\"https:\/\/www.eko-bio-natura.sk\/shop\/#organization\"},\"potentialAction\":[{\"@type\":\"SearchAction\",\"target\":{\"@type\":\"EntryPoint\",\"urlTemplate\":\"https:\/\/www.eko-bio-natura.sk\/shop\/?s={search_term_string}\"},\"query-input\":{\"@type\":\"PropertyValueSpecification\",\"valueRequired\":true,\"valueName\":\"search_term_string\"}}],\"inLanguage\":\"sk-SK\"},{\"@type\":\"Organization\",\"@id\":\"https:\/\/www.eko-bio-natura.sk\/shop\/#organization\",\"name\":\"EKO-BIO-NATURA BIO OBCHOD\",\"url\":\"https:\/\/www.eko-bio-natura.sk\/shop\/\",\"logo\":{\"@type\":\"ImageObject\",\"inLanguage\":\"sk-SK\",\"@id\":\"https:\/\/www.eko-bio-natura.sk\/shop\/#\/schema\/logo\/image\/\",\"url\":\"https:\/\/www.eko-bio-natura.sk\/shop\/wp-content\/uploads\/2021\/04\/eko-bio-natura_logo.png\",\"contentUrl\":\"https:\/\/www.eko-bio-natura.sk\/shop\/wp-content\/uploads\/2021\/04\/eko-bio-natura_logo.png\",\"width\":552,\"height\":194,\"caption\":\"EKO-BIO-NATURA BIO OBCHOD\"},\"image\":{\"@id\":\"https:\/\/www.eko-bio-natura.sk\/shop\/#\/schema\/logo\/image\/\"}}]}<\/script>\n<!-- \/ Yoast SEO plugin. -->","yoast_head_json":{"title":"Balzam na pery s mangom a avok\u00e1dom - Botavikos - 4 g - EKO-BIO-NATURA BIO OBCHOD","robots":{"index":"index","follow":"follow","max-snippet":"max-snippet:-1","max-image-preview":"max-image-preview:large","max-video-preview":"max-video-preview:-1"},"canonical":"https:\/\/www.eko-bio-natura.sk\/shop\/produkt\/balzam-na-pery-s-mangom-a-avokadom-botavikos-4-g\/","og_locale":"sk_SK","og_type":"article","og_title":"Balzam na pery s mangom a avok\u00e1dom - Botavikos - 4 g - EKO-BIO-NATURA BIO OBCHOD","og_description":"Ochrann\u00fd balzam na pery hydratuje pery a ochra\u0148uje ich pred nepriazniv\u00fdm po\u010das\u00edm a in\u00fdmi vplyvmi.&nbsp; Akt\u00edvne zlo\u017eky: Avok\u00e1dov\u00fd olej vytv\u00e1ra prirodzen\u00fa ochrann\u00fa bari\u00e9ru a udr\u017eiavaj\u00fa potrebn\u00fa \u00farove\u0148 vlhkosti, zabra\u0148uj\u00fa vysu\u0161ovaniu pier. So&nbsp;svojou vysokou antioxida\u010dnou silou dod\u00e1va per\u00e1m mladistv\u00fd a \u017eiariv\u00fd vzh\u013ead.&nbsp; Vosk z ry\u017eov\u00fdch otr\u00fab, v\u010faka svojmu zlo\u017eeniu mastn\u00fdch kysel\u00edn, poskytuje potrebn\u00fa v\u00fd\u017eivu. Exotick\u00fd mangov\u00fd [&hellip;]","og_url":"https:\/\/www.eko-bio-natura.sk\/shop\/produkt\/balzam-na-pery-s-mangom-a-avokadom-botavikos-4-g\/","og_site_name":"EKO-BIO-NATURA BIO OBCHOD","article_modified_time":"2022-05-04T14:41:37+00:00","og_image":[{"width":895,"height":582,"url":"https:\/\/www.eko-bio-natura.sk\/shop\/wp-content\/uploads\/2021\/12\/14361_5b90f818384e1f62143d3862.jpg","type":"image\/jpeg"}],"twitter_card":"summary_large_image","twitter_misc":{"Predpokladan\u00fd \u010das \u010d\u00edtania":"1 min\u00fata"},"schema":{"@context":"https:\/\/schema.org","@graph":[{"@type":"WebPage","@id":"https:\/\/www.eko-bio-natura.sk\/shop\/produkt\/balzam-na-pery-s-mangom-a-avokadom-botavikos-4-g\/","url":"https:\/\/www.eko-bio-natura.sk\/shop\/produkt\/balzam-na-pery-s-mangom-a-avokadom-botavikos-4-g\/","name":"Balzam na pery s mangom a avok\u00e1dom - Botavikos - 4 g - EKO-BIO-NATURA BIO OBCHOD","isPartOf":{"@id":"https:\/\/www.eko-bio-natura.sk\/shop\/#website"},"primaryImageOfPage":{"@id":"https:\/\/www.eko-bio-natura.sk\/shop\/produkt\/balzam-na-pery-s-mangom-a-avokadom-botavikos-4-g\/#primaryimage"},"image":{"@id":"https:\/\/www.eko-bio-natura.sk\/shop\/produkt\/balzam-na-pery-s-mangom-a-avokadom-botavikos-4-g\/#primaryimage"},"thumbnailUrl":"https:\/\/www.eko-bio-natura.sk\/shop\/wp-content\/uploads\/2021\/12\/14361_5b90f818384e1f62143d3862.jpg","datePublished":"2021-12-28T17:18:36+00:00","dateModified":"2022-05-04T14:41:37+00:00","breadcrumb":{"@id":"https:\/\/www.eko-bio-natura.sk\/shop\/produkt\/balzam-na-pery-s-mangom-a-avokadom-botavikos-4-g\/#breadcrumb"},"inLanguage":"sk-SK","potentialAction":[{"@type":"ReadAction","target":["https:\/\/www.eko-bio-natura.sk\/shop\/produkt\/balzam-na-pery-s-mangom-a-avokadom-botavikos-4-g\/"]}]},{"@type":"ImageObject","inLanguage":"sk-SK","@id":"https:\/\/www.eko-bio-natura.sk\/shop\/produkt\/balzam-na-pery-s-mangom-a-avokadom-botavikos-4-g\/#primaryimage","url":"https:\/\/www.eko-bio-natura.sk\/shop\/wp-content\/uploads\/2021\/12\/14361_5b90f818384e1f62143d3862.jpg","contentUrl":"https:\/\/www.eko-bio-natura.sk\/shop\/wp-content\/uploads\/2021\/12\/14361_5b90f818384e1f62143d3862.jpg","width":895,"height":582},{"@type":"BreadcrumbList","@id":"https:\/\/www.eko-bio-natura.sk\/shop\/produkt\/balzam-na-pery-s-mangom-a-avokadom-botavikos-4-g\/#breadcrumb","itemListElement":[{"@type":"ListItem","position":1,"name":"Domovsk\u00e1 str\u00e1nka","item":"https:\/\/www.eko-bio-natura.sk\/shop\/"},{"@type":"ListItem","position":2,"name":"Obchod","item":"https:\/\/www.eko-bio-natura.sk\/shop\/?page_id=6"},{"@type":"ListItem","position":3,"name":"Balzam na pery s mangom a avok\u00e1dom &#8211; Botavikos &#8211; 4 g"}]},{"@type":"WebSite","@id":"https:\/\/www.eko-bio-natura.sk\/shop\/#website","url":"https:\/\/www.eko-bio-natura.sk\/shop\/","name":"EKO-BIO-NATURA BIO OBCHOD","description":"","publisher":{"@id":"https:\/\/www.eko-bio-natura.sk\/shop\/#organization"},"potentialAction":[{"@type":"SearchAction","target":{"@type":"EntryPoint","urlTemplate":"https:\/\/www.eko-bio-natura.sk\/shop\/?s={search_term_string}"},"query-input":{"@type":"PropertyValueSpecification","valueRequired":true,"valueName":"search_term_string"}}],"inLanguage":"sk-SK"},{"@type":"Organization","@id":"https:\/\/www.eko-bio-natura.sk\/shop\/#organization","name":"EKO-BIO-NATURA BIO OBCHOD","url":"https:\/\/www.eko-bio-natura.sk\/shop\/","logo":{"@type":"ImageObject","inLanguage":"sk-SK","@id":"https:\/\/www.eko-bio-natura.sk\/shop\/#\/schema\/logo\/image\/","url":"https:\/\/www.eko-bio-natura.sk\/shop\/wp-content\/uploads\/2021\/04\/eko-bio-natura_logo.png","contentUrl":"https:\/\/www.eko-bio-natura.sk\/shop\/wp-content\/uploads\/2021\/04\/eko-bio-natura_logo.png","width":552,"height":194,"caption":"EKO-BIO-NATURA BIO OBCHOD"},"image":{"@id":"https:\/\/www.eko-bio-natura.sk\/shop\/#\/schema\/logo\/image\/"}}]}},"_links":{"self":[{"href":"https:\/\/www.eko-bio-natura.sk\/shop\/wp-json\/wp\/v2\/product\/7802","targetHints":{"allow":["GET"]}}],"collection":[{"href":"https:\/\/www.eko-bio-natura.sk\/shop\/wp-json\/wp\/v2\/product"}],"about":[{"href":"https:\/\/www.eko-bio-natura.sk\/shop\/wp-json\/wp\/v2\/types\/product"}],"replies":[{"embeddable":true,"href":"https:\/\/www.eko-bio-natura.sk\/shop\/wp-json\/wp\/v2\/comments?post=7802"}],"wp:featuredmedia":[{"embeddable":true,"href":"https:\/\/www.eko-bio-natura.sk\/shop\/wp-json\/wp\/v2\/media\/7803"}],"wp:attachment":[{"href":"https:\/\/www.eko-bio-natura.sk\/shop\/wp-json\/wp\/v2\/media?parent=7802"}],"wp:term":[{"taxonomy":"product_brand","embeddable":true,"href":"https:\/\/www.eko-bio-natura.sk\/shop\/wp-json\/wp\/v2\/product_brand?post=7802"},{"taxonomy":"product_cat","embeddable":true,"href":"https:\/\/www.eko-bio-natura.sk\/shop\/wp-json\/wp\/v2\/product_cat?post=7802"},{"taxonomy":"product_tag","embeddable":true,"href":"https:\/\/www.eko-bio-natura.sk\/shop\/wp-json\/wp\/v2\/product_tag?post=7802"}],"curies":[{"name":"wp","href":"https:\/\/api.w.org\/{rel}","templated":true}]}}