{"id":7722,"date":"2021-12-28T18:17:51","date_gmt":"2021-12-28T17:17:51","guid":{"rendered":"https:\/\/www.eko-bio-natura.sk\/shop\/index.php\/produkt\/sungitove-kamene-sungit-pyramida-velkost-7-cm\/"},"modified":"2021-12-28T18:17:56","modified_gmt":"2021-12-28T17:17:56","slug":"sungitove-kamene-sungit-pyramida-velkost-7-cm","status":"publish","type":"product","link":"https:\/\/www.eko-bio-natura.sk\/shop\/produkt\/sungitove-kamene-sungit-pyramida-velkost-7-cm\/","title":{"rendered":"\u0160ungitov\u00e9 kamene \u0160ungit pyram\u00edda Ve\u013ekos\u0165: 7 cm"},"content":{"rendered":"<p><meta charset=\"UTF-8\" \/><\/p>\n<p><span style=\"font-family: verdana, geneva; font-size: 12pt;\">Pyram\u00edda vyroben\u00e1 z&nbsp;prav\u00e9ho \u0161ungitu, le\u0161ten\u00e1, je ur\u010den\u00e1 pre pou\u017eitie do priestoru. <strong>\u0160ungitov\u00e1 pyram\u00edda pre\u010dis\u0165uje priestor od vplyvu geoakt\u00edvn\u00fdch, \u010di\u017ee geologick\u00fdch anom\u00e1li\u00ed ako zlomy, poklesy, alebo podzemn\u00e9 vodn\u00e9 toky.<\/strong> \u0160ungitov\u00e1 pyram\u00edda je rie\u0161en\u00edm <strong>pre vytvorenie prostredia chr\u00e1nen\u00e9ho pred elektrosmogom<\/strong>. Elektrosmog je zmes frekvenc\u00ed v\u0161etk\u00fdch p\u00e1siem, silnopr\u00fadov\u00fdch vysiela\u010dov, vysiela\u010dov s&nbsp;ve\u013ek\u00fdm v\u00fdkonom, mobiln\u00fdch vysiela\u010dov aj&nbsp;telef\u00f3nov, po\u010d\u00edta\u010dov a&nbsp;in\u00fdch zariaden\u00ed.<\/span><\/p>\n<p><span style=\"font-family: verdana, geneva; font-size: 12pt;\"><strong>\u0160ungit m\u00e1 schopnos\u0165 pohlcova\u0165 elektromagnetick\u00e9 \u017eiarenie vo frekven\u010dnom p\u00e1sme 100kHz a\u017e 2000MHz<\/strong>. Je \u00fa\u010dinn\u00fd aj pri vysoko frekven\u010dn\u00fdch zariadeniach. Princ\u00edp efektivity \u0161ungitovej pyram\u00eddy je zalo\u017een\u00fd na \u00farovni energetick\u00fdch pol\u00ed a&nbsp;ich vz\u00e1jomnej interakcie.<\/span><\/p>\n<p><span style=\"font-family: verdana, geneva; font-size: 12pt;\"><strong>Pou\u017eitie:<\/strong> pre \u010distenie priestoru od elektrosmogu polo\u017ete \u0161ungit v bl\u00edkozsti elektrospotrebi\u010dov.&nbsp;<\/span><\/p>\n<p><span style=\"font-family: verdana, geneva; font-size: 12pt;\"><strong>Rozmer:<\/strong> 5 cm\/ 7 cm<\/span><\/p>\n<p><span style=\"font-family: verdana, geneva; font-size: 12pt;\"><strong>Krajina p\u00f4vodu:<\/strong> Rusko<\/span><\/p>\n","protected":false},"excerpt":{"rendered":"<p>Pyram\u00edda vyroben\u00e1 z&nbsp;prav\u00e9ho \u0161ungitu, le\u0161ten\u00e1, je ur\u010den\u00e1 pre pou\u017eitie do priestoru. \u0160ungitov\u00e1 pyram\u00edda pre\u010dis\u0165uje priestor od vplyvu geoakt\u00edvn\u00fdch, \u010di\u017ee geologick\u00fdch anom\u00e1li\u00ed ako zlomy, poklesy, alebo podzemn\u00e9 vodn\u00e9 toky. \u0160ungitov\u00e1 pyram\u00edda je rie\u0161en\u00edm pre vytvorenie prostredia chr\u00e1nen\u00e9ho pred elektrosmogom. Elektrosmog je zmes frekvenc\u00ed v\u0161etk\u00fdch p\u00e1siem, silnopr\u00fadov\u00fdch vysiela\u010dov, vysiela\u010dov s&nbsp;ve\u013ek\u00fdm v\u00fdkonom, mobiln\u00fdch vysiela\u010dov aj&nbsp;telef\u00f3nov, po\u010d\u00edta\u010dov a&nbsp;in\u00fdch zariaden\u00ed. [&hellip;]<\/p>\n","protected":false},"featured_media":7723,"comment_status":"open","ping_status":"open","template":"","meta":{"site-sidebar-layout":"default","site-content-layout":"","ast-site-content-layout":"default","site-content-style":"default","site-sidebar-style":"default","ast-global-header-display":"","ast-banner-title-visibility":"","ast-main-header-display":"","ast-hfb-above-header-display":"","ast-hfb-below-header-display":"","ast-hfb-mobile-header-display":"","site-post-title":"","ast-breadcrumbs-content":"","ast-featured-img":"","footer-sml-layout":"","ast-disable-related-posts":"","theme-transparent-header-meta":"","adv-header-id-meta":"","stick-header-meta":"","header-above-stick-meta":"","header-main-stick-meta":"","header-below-stick-meta":"","astra-migrate-meta-layouts":"default","ast-page-background-enabled":"default","ast-page-background-meta":{"desktop":{"background-color":"","background-image":"","background-repeat":"repeat","background-position":"center center","background-size":"auto","background-attachment":"scroll","background-type":"","background-media":"","overlay-type":"","overlay-color":"","overlay-opacity":"","overlay-gradient":""},"tablet":{"background-color":"","background-image":"","background-repeat":"repeat","background-position":"center center","background-size":"auto","background-attachment":"scroll","background-type":"","background-media":"","overlay-type":"","overlay-color":"","overlay-opacity":"","overlay-gradient":""},"mobile":{"background-color":"","background-image":"","background-repeat":"repeat","background-position":"center center","background-size":"auto","background-attachment":"scroll","background-type":"","background-media":"","overlay-type":"","overlay-color":"","overlay-opacity":"","overlay-gradient":""}},"ast-content-background-meta":{"desktop":{"background-color":"var(--ast-global-color-5)","background-image":"","background-repeat":"repeat","background-position":"center center","background-size":"auto","background-attachment":"scroll","background-type":"","background-media":"","overlay-type":"","overlay-color":"","overlay-opacity":"","overlay-gradient":""},"tablet":{"background-color":"var(--ast-global-color-5)","background-image":"","background-repeat":"repeat","background-position":"center center","background-size":"auto","background-attachment":"scroll","background-type":"","background-media":"","overlay-type":"","overlay-color":"","overlay-opacity":"","overlay-gradient":""},"mobile":{"background-color":"var(--ast-global-color-5)","background-image":"","background-repeat":"repeat","background-position":"center center","background-size":"auto","background-attachment":"scroll","background-type":"","background-media":"","overlay-type":"","overlay-color":"","overlay-opacity":"","overlay-gradient":""}}},"product_brand":[],"product_cat":[252],"product_tag":[],"class_list":{"0":"post-7722","1":"product","2":"type-product","3":"status-publish","4":"has-post-thumbnail","6":"product_cat-liecive-kamene-a-mineraly","7":"pa_cena-dopravy-367","8":"pa_doprava-zasilkovna","9":"pa_typ-partnersky-predaj","10":"pa_znacka-sungitove-kamene","11":"desktop-align-left","12":"tablet-align-left","13":"mobile-align-left","15":"first","16":"instock","17":"product-type-external"},"yoast_head":"<!-- This site is optimized with the Yoast SEO plugin v27.2 - https:\/\/yoast.com\/product\/yoast-seo-wordpress\/ -->\n<title>\u0160ungitov\u00e9 kamene \u0160ungit pyram\u00edda Ve\u013ekos\u0165: 7 cm - EKO-BIO-NATURA BIO OBCHOD<\/title>\n<meta name=\"robots\" content=\"index, follow, max-snippet:-1, max-image-preview:large, max-video-preview:-1\" \/>\n<link rel=\"canonical\" href=\"https:\/\/www.eko-bio-natura.sk\/shop\/produkt\/sungitove-kamene-sungit-pyramida-velkost-7-cm\/\" \/>\n<meta property=\"og:locale\" content=\"sk_SK\" \/>\n<meta property=\"og:type\" content=\"article\" \/>\n<meta property=\"og:title\" content=\"\u0160ungitov\u00e9 kamene \u0160ungit pyram\u00edda Ve\u013ekos\u0165: 7 cm - EKO-BIO-NATURA BIO OBCHOD\" \/>\n<meta property=\"og:description\" content=\"Pyram\u00edda vyroben\u00e1 z&nbsp;prav\u00e9ho \u0161ungitu, le\u0161ten\u00e1, je ur\u010den\u00e1 pre pou\u017eitie do priestoru. \u0160ungitov\u00e1 pyram\u00edda pre\u010dis\u0165uje priestor od vplyvu geoakt\u00edvn\u00fdch, \u010di\u017ee geologick\u00fdch anom\u00e1li\u00ed ako zlomy, poklesy, alebo podzemn\u00e9 vodn\u00e9 toky. \u0160ungitov\u00e1 pyram\u00edda je rie\u0161en\u00edm pre vytvorenie prostredia chr\u00e1nen\u00e9ho pred elektrosmogom. Elektrosmog je zmes frekvenc\u00ed v\u0161etk\u00fdch p\u00e1siem, silnopr\u00fadov\u00fdch vysiela\u010dov, vysiela\u010dov s&nbsp;ve\u013ek\u00fdm v\u00fdkonom, mobiln\u00fdch vysiela\u010dov aj&nbsp;telef\u00f3nov, po\u010d\u00edta\u010dov a&nbsp;in\u00fdch zariaden\u00ed. [&hellip;]\" \/>\n<meta property=\"og:url\" content=\"https:\/\/www.eko-bio-natura.sk\/shop\/produkt\/sungitove-kamene-sungit-pyramida-velkost-7-cm\/\" \/>\n<meta property=\"og:site_name\" content=\"EKO-BIO-NATURA BIO OBCHOD\" \/>\n<meta property=\"article:modified_time\" content=\"2021-12-28T17:17:56+00:00\" \/>\n<meta property=\"og:image\" content=\"https:\/\/www.eko-bio-natura.sk\/shop\/wp-content\/uploads\/2021\/12\/14256_vyr-30-pyramida-9x9-na-bomi.jpg\" \/>\n\t<meta property=\"og:image:width\" content=\"627\" \/>\n\t<meta property=\"og:image:height\" content=\"575\" \/>\n\t<meta property=\"og:image:type\" content=\"image\/jpeg\" \/>\n<meta name=\"twitter:card\" content=\"summary_large_image\" \/>\n<meta name=\"twitter:label1\" content=\"Predpokladan\u00fd \u010das \u010d\u00edtania\" \/>\n\t<meta name=\"twitter:data1\" content=\"1 min\u00fata\" \/>\n<script type=\"application\/ld+json\" class=\"yoast-schema-graph\">{\"@context\":\"https:\/\/schema.org\",\"@graph\":[{\"@type\":\"WebPage\",\"@id\":\"https:\/\/www.eko-bio-natura.sk\/shop\/produkt\/sungitove-kamene-sungit-pyramida-velkost-7-cm\/\",\"url\":\"https:\/\/www.eko-bio-natura.sk\/shop\/produkt\/sungitove-kamene-sungit-pyramida-velkost-7-cm\/\",\"name\":\"\u0160ungitov\u00e9 kamene \u0160ungit pyram\u00edda Ve\u013ekos\u0165: 7 cm - EKO-BIO-NATURA BIO OBCHOD\",\"isPartOf\":{\"@id\":\"https:\/\/www.eko-bio-natura.sk\/shop\/#website\"},\"primaryImageOfPage\":{\"@id\":\"https:\/\/www.eko-bio-natura.sk\/shop\/produkt\/sungitove-kamene-sungit-pyramida-velkost-7-cm\/#primaryimage\"},\"image\":{\"@id\":\"https:\/\/www.eko-bio-natura.sk\/shop\/produkt\/sungitove-kamene-sungit-pyramida-velkost-7-cm\/#primaryimage\"},\"thumbnailUrl\":\"https:\/\/www.eko-bio-natura.sk\/shop\/wp-content\/uploads\/2021\/12\/14256_vyr-30-pyramida-9x9-na-bomi.jpg\",\"datePublished\":\"2021-12-28T17:17:51+00:00\",\"dateModified\":\"2021-12-28T17:17:56+00:00\",\"breadcrumb\":{\"@id\":\"https:\/\/www.eko-bio-natura.sk\/shop\/produkt\/sungitove-kamene-sungit-pyramida-velkost-7-cm\/#breadcrumb\"},\"inLanguage\":\"sk-SK\",\"potentialAction\":[{\"@type\":\"ReadAction\",\"target\":[\"https:\/\/www.eko-bio-natura.sk\/shop\/produkt\/sungitove-kamene-sungit-pyramida-velkost-7-cm\/\"]}]},{\"@type\":\"ImageObject\",\"inLanguage\":\"sk-SK\",\"@id\":\"https:\/\/www.eko-bio-natura.sk\/shop\/produkt\/sungitove-kamene-sungit-pyramida-velkost-7-cm\/#primaryimage\",\"url\":\"https:\/\/www.eko-bio-natura.sk\/shop\/wp-content\/uploads\/2021\/12\/14256_vyr-30-pyramida-9x9-na-bomi.jpg\",\"contentUrl\":\"https:\/\/www.eko-bio-natura.sk\/shop\/wp-content\/uploads\/2021\/12\/14256_vyr-30-pyramida-9x9-na-bomi.jpg\",\"width\":627,\"height\":575},{\"@type\":\"BreadcrumbList\",\"@id\":\"https:\/\/www.eko-bio-natura.sk\/shop\/produkt\/sungitove-kamene-sungit-pyramida-velkost-7-cm\/#breadcrumb\",\"itemListElement\":[{\"@type\":\"ListItem\",\"position\":1,\"name\":\"Domovsk\u00e1 str\u00e1nka\",\"item\":\"https:\/\/www.eko-bio-natura.sk\/shop\/\"},{\"@type\":\"ListItem\",\"position\":2,\"name\":\"Obchod\",\"item\":\"https:\/\/www.eko-bio-natura.sk\/shop\/?page_id=6\"},{\"@type\":\"ListItem\",\"position\":3,\"name\":\"\u0160ungitov\u00e9 kamene \u0160ungit pyram\u00edda Ve\u013ekos\u0165: 7 cm\"}]},{\"@type\":\"WebSite\",\"@id\":\"https:\/\/www.eko-bio-natura.sk\/shop\/#website\",\"url\":\"https:\/\/www.eko-bio-natura.sk\/shop\/\",\"name\":\"EKO-BIO-NATURA BIO OBCHOD\",\"description\":\"\",\"publisher\":{\"@id\":\"https:\/\/www.eko-bio-natura.sk\/shop\/#organization\"},\"potentialAction\":[{\"@type\":\"SearchAction\",\"target\":{\"@type\":\"EntryPoint\",\"urlTemplate\":\"https:\/\/www.eko-bio-natura.sk\/shop\/?s={search_term_string}\"},\"query-input\":{\"@type\":\"PropertyValueSpecification\",\"valueRequired\":true,\"valueName\":\"search_term_string\"}}],\"inLanguage\":\"sk-SK\"},{\"@type\":\"Organization\",\"@id\":\"https:\/\/www.eko-bio-natura.sk\/shop\/#organization\",\"name\":\"EKO-BIO-NATURA BIO OBCHOD\",\"url\":\"https:\/\/www.eko-bio-natura.sk\/shop\/\",\"logo\":{\"@type\":\"ImageObject\",\"inLanguage\":\"sk-SK\",\"@id\":\"https:\/\/www.eko-bio-natura.sk\/shop\/#\/schema\/logo\/image\/\",\"url\":\"https:\/\/www.eko-bio-natura.sk\/shop\/wp-content\/uploads\/2021\/04\/eko-bio-natura_logo.png\",\"contentUrl\":\"https:\/\/www.eko-bio-natura.sk\/shop\/wp-content\/uploads\/2021\/04\/eko-bio-natura_logo.png\",\"width\":552,\"height\":194,\"caption\":\"EKO-BIO-NATURA BIO OBCHOD\"},\"image\":{\"@id\":\"https:\/\/www.eko-bio-natura.sk\/shop\/#\/schema\/logo\/image\/\"}}]}<\/script>\n<!-- \/ Yoast SEO plugin. -->","yoast_head_json":{"title":"\u0160ungitov\u00e9 kamene \u0160ungit pyram\u00edda Ve\u013ekos\u0165: 7 cm - EKO-BIO-NATURA BIO OBCHOD","robots":{"index":"index","follow":"follow","max-snippet":"max-snippet:-1","max-image-preview":"max-image-preview:large","max-video-preview":"max-video-preview:-1"},"canonical":"https:\/\/www.eko-bio-natura.sk\/shop\/produkt\/sungitove-kamene-sungit-pyramida-velkost-7-cm\/","og_locale":"sk_SK","og_type":"article","og_title":"\u0160ungitov\u00e9 kamene \u0160ungit pyram\u00edda Ve\u013ekos\u0165: 7 cm - EKO-BIO-NATURA BIO OBCHOD","og_description":"Pyram\u00edda vyroben\u00e1 z&nbsp;prav\u00e9ho \u0161ungitu, le\u0161ten\u00e1, je ur\u010den\u00e1 pre pou\u017eitie do priestoru. \u0160ungitov\u00e1 pyram\u00edda pre\u010dis\u0165uje priestor od vplyvu geoakt\u00edvn\u00fdch, \u010di\u017ee geologick\u00fdch anom\u00e1li\u00ed ako zlomy, poklesy, alebo podzemn\u00e9 vodn\u00e9 toky. \u0160ungitov\u00e1 pyram\u00edda je rie\u0161en\u00edm pre vytvorenie prostredia chr\u00e1nen\u00e9ho pred elektrosmogom. Elektrosmog je zmes frekvenc\u00ed v\u0161etk\u00fdch p\u00e1siem, silnopr\u00fadov\u00fdch vysiela\u010dov, vysiela\u010dov s&nbsp;ve\u013ek\u00fdm v\u00fdkonom, mobiln\u00fdch vysiela\u010dov aj&nbsp;telef\u00f3nov, po\u010d\u00edta\u010dov a&nbsp;in\u00fdch zariaden\u00ed. [&hellip;]","og_url":"https:\/\/www.eko-bio-natura.sk\/shop\/produkt\/sungitove-kamene-sungit-pyramida-velkost-7-cm\/","og_site_name":"EKO-BIO-NATURA BIO OBCHOD","article_modified_time":"2021-12-28T17:17:56+00:00","og_image":[{"width":627,"height":575,"url":"https:\/\/www.eko-bio-natura.sk\/shop\/wp-content\/uploads\/2021\/12\/14256_vyr-30-pyramida-9x9-na-bomi.jpg","type":"image\/jpeg"}],"twitter_card":"summary_large_image","twitter_misc":{"Predpokladan\u00fd \u010das \u010d\u00edtania":"1 min\u00fata"},"schema":{"@context":"https:\/\/schema.org","@graph":[{"@type":"WebPage","@id":"https:\/\/www.eko-bio-natura.sk\/shop\/produkt\/sungitove-kamene-sungit-pyramida-velkost-7-cm\/","url":"https:\/\/www.eko-bio-natura.sk\/shop\/produkt\/sungitove-kamene-sungit-pyramida-velkost-7-cm\/","name":"\u0160ungitov\u00e9 kamene \u0160ungit pyram\u00edda Ve\u013ekos\u0165: 7 cm - EKO-BIO-NATURA BIO OBCHOD","isPartOf":{"@id":"https:\/\/www.eko-bio-natura.sk\/shop\/#website"},"primaryImageOfPage":{"@id":"https:\/\/www.eko-bio-natura.sk\/shop\/produkt\/sungitove-kamene-sungit-pyramida-velkost-7-cm\/#primaryimage"},"image":{"@id":"https:\/\/www.eko-bio-natura.sk\/shop\/produkt\/sungitove-kamene-sungit-pyramida-velkost-7-cm\/#primaryimage"},"thumbnailUrl":"https:\/\/www.eko-bio-natura.sk\/shop\/wp-content\/uploads\/2021\/12\/14256_vyr-30-pyramida-9x9-na-bomi.jpg","datePublished":"2021-12-28T17:17:51+00:00","dateModified":"2021-12-28T17:17:56+00:00","breadcrumb":{"@id":"https:\/\/www.eko-bio-natura.sk\/shop\/produkt\/sungitove-kamene-sungit-pyramida-velkost-7-cm\/#breadcrumb"},"inLanguage":"sk-SK","potentialAction":[{"@type":"ReadAction","target":["https:\/\/www.eko-bio-natura.sk\/shop\/produkt\/sungitove-kamene-sungit-pyramida-velkost-7-cm\/"]}]},{"@type":"ImageObject","inLanguage":"sk-SK","@id":"https:\/\/www.eko-bio-natura.sk\/shop\/produkt\/sungitove-kamene-sungit-pyramida-velkost-7-cm\/#primaryimage","url":"https:\/\/www.eko-bio-natura.sk\/shop\/wp-content\/uploads\/2021\/12\/14256_vyr-30-pyramida-9x9-na-bomi.jpg","contentUrl":"https:\/\/www.eko-bio-natura.sk\/shop\/wp-content\/uploads\/2021\/12\/14256_vyr-30-pyramida-9x9-na-bomi.jpg","width":627,"height":575},{"@type":"BreadcrumbList","@id":"https:\/\/www.eko-bio-natura.sk\/shop\/produkt\/sungitove-kamene-sungit-pyramida-velkost-7-cm\/#breadcrumb","itemListElement":[{"@type":"ListItem","position":1,"name":"Domovsk\u00e1 str\u00e1nka","item":"https:\/\/www.eko-bio-natura.sk\/shop\/"},{"@type":"ListItem","position":2,"name":"Obchod","item":"https:\/\/www.eko-bio-natura.sk\/shop\/?page_id=6"},{"@type":"ListItem","position":3,"name":"\u0160ungitov\u00e9 kamene \u0160ungit pyram\u00edda Ve\u013ekos\u0165: 7 cm"}]},{"@type":"WebSite","@id":"https:\/\/www.eko-bio-natura.sk\/shop\/#website","url":"https:\/\/www.eko-bio-natura.sk\/shop\/","name":"EKO-BIO-NATURA BIO OBCHOD","description":"","publisher":{"@id":"https:\/\/www.eko-bio-natura.sk\/shop\/#organization"},"potentialAction":[{"@type":"SearchAction","target":{"@type":"EntryPoint","urlTemplate":"https:\/\/www.eko-bio-natura.sk\/shop\/?s={search_term_string}"},"query-input":{"@type":"PropertyValueSpecification","valueRequired":true,"valueName":"search_term_string"}}],"inLanguage":"sk-SK"},{"@type":"Organization","@id":"https:\/\/www.eko-bio-natura.sk\/shop\/#organization","name":"EKO-BIO-NATURA BIO OBCHOD","url":"https:\/\/www.eko-bio-natura.sk\/shop\/","logo":{"@type":"ImageObject","inLanguage":"sk-SK","@id":"https:\/\/www.eko-bio-natura.sk\/shop\/#\/schema\/logo\/image\/","url":"https:\/\/www.eko-bio-natura.sk\/shop\/wp-content\/uploads\/2021\/04\/eko-bio-natura_logo.png","contentUrl":"https:\/\/www.eko-bio-natura.sk\/shop\/wp-content\/uploads\/2021\/04\/eko-bio-natura_logo.png","width":552,"height":194,"caption":"EKO-BIO-NATURA BIO OBCHOD"},"image":{"@id":"https:\/\/www.eko-bio-natura.sk\/shop\/#\/schema\/logo\/image\/"}}]}},"_links":{"self":[{"href":"https:\/\/www.eko-bio-natura.sk\/shop\/wp-json\/wp\/v2\/product\/7722","targetHints":{"allow":["GET"]}}],"collection":[{"href":"https:\/\/www.eko-bio-natura.sk\/shop\/wp-json\/wp\/v2\/product"}],"about":[{"href":"https:\/\/www.eko-bio-natura.sk\/shop\/wp-json\/wp\/v2\/types\/product"}],"replies":[{"embeddable":true,"href":"https:\/\/www.eko-bio-natura.sk\/shop\/wp-json\/wp\/v2\/comments?post=7722"}],"wp:featuredmedia":[{"embeddable":true,"href":"https:\/\/www.eko-bio-natura.sk\/shop\/wp-json\/wp\/v2\/media\/7723"}],"wp:attachment":[{"href":"https:\/\/www.eko-bio-natura.sk\/shop\/wp-json\/wp\/v2\/media?parent=7722"}],"wp:term":[{"taxonomy":"product_brand","embeddable":true,"href":"https:\/\/www.eko-bio-natura.sk\/shop\/wp-json\/wp\/v2\/product_brand?post=7722"},{"taxonomy":"product_cat","embeddable":true,"href":"https:\/\/www.eko-bio-natura.sk\/shop\/wp-json\/wp\/v2\/product_cat?post=7722"},{"taxonomy":"product_tag","embeddable":true,"href":"https:\/\/www.eko-bio-natura.sk\/shop\/wp-json\/wp\/v2\/product_tag?post=7722"}],"curies":[{"name":"wp","href":"https:\/\/api.w.org\/{rel}","templated":true}]}}