{"id":7718,"date":"2021-12-28T18:17:51","date_gmt":"2021-12-28T17:17:51","guid":{"rendered":"https:\/\/www.eko-bio-natura.sk\/shop\/index.php\/produkt\/twinstec-911-set-caga-krem-11-twinstec-911-2x-100-ml\/"},"modified":"2022-05-04T16:41:31","modified_gmt":"2022-05-04T14:41:31","slug":"twinstec-911-set-caga-krem-11-twinstec-911-2x-100-ml","status":"publish","type":"product","link":"https:\/\/www.eko-bio-natura.sk\/shop\/produkt\/twinstec-911-set-caga-krem-11-twinstec-911-2x-100-ml\/","title":{"rendered":"Twinstec 911+ Set \u010caga kr\u00e9m 1+1 &#8211; Twinstec 911 &#8211; 2x 100 ml"},"content":{"rendered":"<p><meta charset=\"UTF-8\" \/><\/p>\n<p><span style=\"font-family: verdana, geneva; font-size: 12pt;\">Tento pr\u00edpravok sa odpor\u00fa\u010da ako podporn\u00e9 lie\u010divo pri komplexnej lie\u010dbe ochoren\u00ed k\u013abov&nbsp; (osteochondr\u00f3za, radikulit\u00edda, artr\u00f3za, artrit\u00edda, dna). <\/span><\/p>\n<p><span style=\"font-family: verdana, geneva; font-size: 12pt;\"><strong>Akt\u00edvne l\u00e1tky:<\/strong><\/span><\/p>\n<ul>\n<li><span style=\"font-family: verdana, geneva; font-size: 12pt;\"><strong>Extrakt z \u010dagy<\/strong> regeneruje k\u013abov\u00e9 mazivo, odstra\u0148uje svalov\u00e9 k\u0155\u010de, m\u00e1 vysok\u00fa schopnos\u0165 prenika\u0165 do tkaniva, zlep\u0161uje l\u00e1tkov\u00fa v\u00fdmenu a&nbsp;mikrocirkul\u00e1ciu krvi v&nbsp;postihnut\u00fdch k\u013aboch, odv\u00e1dza tox\u00edny a&nbsp;usadeniny sol\u00ed, chondroit\u00edn nach\u00e1dzaj\u00faci sa v&nbsp;tomto balzame regeneruje chrupavkovit\u00fd povrch k\u013abu, zmen\u0161uje, zmen\u0161uje rozsah degener\u00e1cie k\u013abov, stimuluje regener\u00e1ciu chrupaviek.<\/span><\/li>\n<\/ul>\n<p><span style=\"font-family: verdana, geneva; font-size: 12pt;\"><meta charset=\"UTF-8\" \/><\/span><\/p>\n<p><span style=\"font-family: verdana, geneva; font-size: 12pt;\"><strong>Zlo\u017eenie<\/strong>: voda, extrakt&nbsp; \u010dagy, extrakt \u0161alvie, olej z&nbsp;pestreca mari\u00e1nskeho, akryl\u00e1ty C 10-30, alkyl akryl\u00e1t&nbsp; krospolym\u00e9r, trietanolam\u00edn, izooktyl stear\u00e1t, vitam\u00edn F, extrakt dev\u00e4\u0165silu, extrakt \u013eubovn\u00edka, m\u00e4tov\u00fd olej, olej brusnice, lanol\u00edn, chondroit\u00edn sulf\u00e1t, olej z&nbsp;melaluky&nbsp; striedavolistej, vitam\u00edn E, diazolidinyl&nbsp; kys. mo\u010dovej, jodopropynylbutyl karbam\u00e1t, propyl\u00e9nglykol, linol\u00e9n<\/span><\/p>\n<p><span style=\"font-family: verdana, geneva; font-size: 12pt;\"><strong>Sp\u00f4sob pou\u017eitia:&nbsp;<\/strong>Kr\u00e9m nanies\u0165 na \u010dist\u00fa poko\u017eku problematick\u00fdch parti\u00ed 2-3x denne a&nbsp;kru\u00fa\u017eiv\u00fdmi pohybmi rozotriera\u0165 do \u00fapln\u00e9ho vstrebania sa.<\/span><\/p>\n<p><span style=\"font-family: verdana, geneva; font-size: 12pt;\"><strong>UPOZORNENIA:<\/strong><\/span><\/p>\n<ul>\n<li><span style=\"font-family: verdana, geneva; font-size: 12pt;\">Nepou\u017e\u00edva\u0165 pri individu\u00e1lnej nezn\u00e1\u0161anlivosti na ak\u00fako\u013evek zlo\u017eku pr\u00edpravku.<\/span><\/li>\n<li><span style=\"font-family: verdana, geneva; font-size: 12pt;\">Nesmie sa pou\u017e\u00edva\u0165 na otvoren\u00e9 rany alebo pri ko\u017en\u00fdch ochoreniach<\/span><\/li>\n<li><span style=\"font-family: verdana, geneva; font-size: 12pt;\">Nie je vhodn\u00e9 pre deti do 2 rokov<\/span><\/li>\n<\/ul>\n<p><span style=\"font-family: verdana, geneva; font-size: 12pt;\"><strong>Obsah balenia:<\/strong>&nbsp;2x 100 ml<\/span><\/p>\n<p><span style=\"font-family: verdana, geneva; font-size: 12pt;\"><strong>Krajina p\u00f4vodu: <\/strong>Rusko<\/span><\/p>\n<p><span style=\"font-family: verdana, geneva; font-size: 12pt;\">\u010co je vlastne <span class=\"show-tooltip\" title=\"\" data-original-title=\"\nVysoko cenen\u00e1 huba, ktor\u00e1 m\u00e1 v herb\u00e1roch tradi\u010dn\u00fdch n\u00e1rodov Sib\u00edri, K\u00f3rei, \u010c\u00edny a \u0160kandin\u00e1vie vysok\u00e9 miesto. T\u00e1to huba radtie naj\u010dastej\u0161ie ma brez\u00e1ch a m\u00e1 jedine\u010dn\u00e9 lie\u010div\u00e9 \u00fa\u010dinky. Obsahuje viac ako 200 biologicky akt\u00edvnych l\u00e1tok, v\u010faka \u010domu p\u00f4sob\u00ed&amp;hellip;\"><a class=\"glossary\" href=\"https:\/\/www.herbatica.sk\/slovnik-pojmov\/caga\/\">\u010caga<\/a><\/span> sa m\u00f4\u017eete do\u010d\u00edta\u0165 v kr\u00e1tkom <a href=\"http:\/\/blog.herbatica.sk\/befungin-caj-vodny-roztok-tabletky\/\" target=\"_blank\" rel=\"noopener noreferrer\">\u010dl\u00e1nku<\/a> na na\u0161om blogu.<\/span><\/p>\n","protected":false},"excerpt":{"rendered":"<p>Tento pr\u00edpravok sa odpor\u00fa\u010da ako podporn\u00e9 lie\u010divo pri komplexnej lie\u010dbe ochoren\u00ed k\u013abov&nbsp; (osteochondr\u00f3za, radikulit\u00edda, artr\u00f3za, artrit\u00edda, dna). Akt\u00edvne l\u00e1tky: Extrakt z \u010dagy regeneruje k\u013abov\u00e9 mazivo, odstra\u0148uje svalov\u00e9 k\u0155\u010de, m\u00e1 vysok\u00fa schopnos\u0165 prenika\u0165 do tkaniva, zlep\u0161uje l\u00e1tkov\u00fa v\u00fdmenu a&nbsp;mikrocirkul\u00e1ciu krvi v&nbsp;postihnut\u00fdch k\u013aboch, odv\u00e1dza tox\u00edny a&nbsp;usadeniny sol\u00ed, chondroit\u00edn nach\u00e1dzaj\u00faci sa v&nbsp;tomto balzame regeneruje chrupavkovit\u00fd povrch k\u013abu, zmen\u0161uje, [&hellip;]<\/p>\n","protected":false},"featured_media":7719,"comment_status":"open","ping_status":"open","template":"","meta":{"site-sidebar-layout":"default","site-content-layout":"","ast-site-content-layout":"default","site-content-style":"default","site-sidebar-style":"default","ast-global-header-display":"","ast-banner-title-visibility":"","ast-main-header-display":"","ast-hfb-above-header-display":"","ast-hfb-below-header-display":"","ast-hfb-mobile-header-display":"","site-post-title":"","ast-breadcrumbs-content":"","ast-featured-img":"","footer-sml-layout":"","ast-disable-related-posts":"","theme-transparent-header-meta":"","adv-header-id-meta":"","stick-header-meta":"","header-above-stick-meta":"","header-main-stick-meta":"","header-below-stick-meta":"","astra-migrate-meta-layouts":"default","ast-page-background-enabled":"default","ast-page-background-meta":{"desktop":{"background-color":"","background-image":"","background-repeat":"repeat","background-position":"center center","background-size":"auto","background-attachment":"scroll","background-type":"","background-media":"","overlay-type":"","overlay-color":"","overlay-opacity":"","overlay-gradient":""},"tablet":{"background-color":"","background-image":"","background-repeat":"repeat","background-position":"center center","background-size":"auto","background-attachment":"scroll","background-type":"","background-media":"","overlay-type":"","overlay-color":"","overlay-opacity":"","overlay-gradient":""},"mobile":{"background-color":"","background-image":"","background-repeat":"repeat","background-position":"center center","background-size":"auto","background-attachment":"scroll","background-type":"","background-media":"","overlay-type":"","overlay-color":"","overlay-opacity":"","overlay-gradient":""}},"ast-content-background-meta":{"desktop":{"background-color":"var(--ast-global-color-5)","background-image":"","background-repeat":"repeat","background-position":"center center","background-size":"auto","background-attachment":"scroll","background-type":"","background-media":"","overlay-type":"","overlay-color":"","overlay-opacity":"","overlay-gradient":""},"tablet":{"background-color":"var(--ast-global-color-5)","background-image":"","background-repeat":"repeat","background-position":"center center","background-size":"auto","background-attachment":"scroll","background-type":"","background-media":"","overlay-type":"","overlay-color":"","overlay-opacity":"","overlay-gradient":""},"mobile":{"background-color":"var(--ast-global-color-5)","background-image":"","background-repeat":"repeat","background-position":"center center","background-size":"auto","background-attachment":"scroll","background-type":"","background-media":"","overlay-type":"","overlay-color":"","overlay-opacity":"","overlay-gradient":""}}},"product_brand":[],"product_cat":[186],"product_tag":[],"class_list":{"0":"post-7718","1":"product","2":"type-product","3":"status-publish","4":"has-post-thumbnail","6":"product_cat-liecive-kremy-a-masticky","7":"pa_cena-dopravy-367","8":"pa_doprava-zasilkovna","9":"pa_typ-partnersky-predaj","10":"pa_znacka-twinstec-911","11":"desktop-align-left","12":"tablet-align-left","13":"mobile-align-left","15":"first","16":"instock","17":"product-type-external"},"yoast_head":"<!-- This site is optimized with the Yoast SEO plugin v27.2 - https:\/\/yoast.com\/product\/yoast-seo-wordpress\/ -->\n<title>Twinstec 911+ Set \u010caga kr\u00e9m 1+1 - Twinstec 911 - 2x 100 ml - EKO-BIO-NATURA BIO OBCHOD<\/title>\n<meta name=\"robots\" content=\"index, follow, max-snippet:-1, max-image-preview:large, max-video-preview:-1\" \/>\n<link rel=\"canonical\" href=\"https:\/\/www.eko-bio-natura.sk\/shop\/produkt\/twinstec-911-set-caga-krem-11-twinstec-911-2x-100-ml\/\" \/>\n<meta property=\"og:locale\" content=\"sk_SK\" \/>\n<meta property=\"og:type\" content=\"article\" \/>\n<meta property=\"og:title\" content=\"Twinstec 911+ Set \u010caga kr\u00e9m 1+1 - Twinstec 911 - 2x 100 ml - EKO-BIO-NATURA BIO OBCHOD\" \/>\n<meta property=\"og:description\" content=\"Tento pr\u00edpravok sa odpor\u00fa\u010da ako podporn\u00e9 lie\u010divo pri komplexnej lie\u010dbe ochoren\u00ed k\u013abov&nbsp; (osteochondr\u00f3za, radikulit\u00edda, artr\u00f3za, artrit\u00edda, dna). Akt\u00edvne l\u00e1tky: Extrakt z \u010dagy regeneruje k\u013abov\u00e9 mazivo, odstra\u0148uje svalov\u00e9 k\u0155\u010de, m\u00e1 vysok\u00fa schopnos\u0165 prenika\u0165 do tkaniva, zlep\u0161uje l\u00e1tkov\u00fa v\u00fdmenu a&nbsp;mikrocirkul\u00e1ciu krvi v&nbsp;postihnut\u00fdch k\u013aboch, odv\u00e1dza tox\u00edny a&nbsp;usadeniny sol\u00ed, chondroit\u00edn nach\u00e1dzaj\u00faci sa v&nbsp;tomto balzame regeneruje chrupavkovit\u00fd povrch k\u013abu, zmen\u0161uje, [&hellip;]\" \/>\n<meta property=\"og:url\" content=\"https:\/\/www.eko-bio-natura.sk\/shop\/produkt\/twinstec-911-set-caga-krem-11-twinstec-911-2x-100-ml\/\" \/>\n<meta property=\"og:site_name\" content=\"EKO-BIO-NATURA BIO OBCHOD\" \/>\n<meta property=\"article:modified_time\" content=\"2022-05-04T14:41:31+00:00\" \/>\n<meta property=\"og:image\" content=\"https:\/\/www.eko-bio-natura.sk\/shop\/wp-content\/uploads\/2021\/12\/14244_set-caga-krem-1-1-twinstec-911-2x-100-ml.jpg\" \/>\n\t<meta property=\"og:image:width\" content=\"600\" \/>\n\t<meta property=\"og:image:height\" content=\"600\" \/>\n\t<meta property=\"og:image:type\" content=\"image\/jpeg\" \/>\n<meta name=\"twitter:card\" content=\"summary_large_image\" \/>\n<meta name=\"twitter:label1\" content=\"Predpokladan\u00fd \u010das \u010d\u00edtania\" \/>\n\t<meta name=\"twitter:data1\" content=\"1 min\u00fata\" \/>\n<script type=\"application\/ld+json\" class=\"yoast-schema-graph\">{\"@context\":\"https:\/\/schema.org\",\"@graph\":[{\"@type\":\"WebPage\",\"@id\":\"https:\/\/www.eko-bio-natura.sk\/shop\/produkt\/twinstec-911-set-caga-krem-11-twinstec-911-2x-100-ml\/\",\"url\":\"https:\/\/www.eko-bio-natura.sk\/shop\/produkt\/twinstec-911-set-caga-krem-11-twinstec-911-2x-100-ml\/\",\"name\":\"Twinstec 911+ Set \u010caga kr\u00e9m 1+1 - Twinstec 911 - 2x 100 ml - EKO-BIO-NATURA BIO OBCHOD\",\"isPartOf\":{\"@id\":\"https:\/\/www.eko-bio-natura.sk\/shop\/#website\"},\"primaryImageOfPage\":{\"@id\":\"https:\/\/www.eko-bio-natura.sk\/shop\/produkt\/twinstec-911-set-caga-krem-11-twinstec-911-2x-100-ml\/#primaryimage\"},\"image\":{\"@id\":\"https:\/\/www.eko-bio-natura.sk\/shop\/produkt\/twinstec-911-set-caga-krem-11-twinstec-911-2x-100-ml\/#primaryimage\"},\"thumbnailUrl\":\"https:\/\/www.eko-bio-natura.sk\/shop\/wp-content\/uploads\/2021\/12\/14244_set-caga-krem-1-1-twinstec-911-2x-100-ml.jpg\",\"datePublished\":\"2021-12-28T17:17:51+00:00\",\"dateModified\":\"2022-05-04T14:41:31+00:00\",\"breadcrumb\":{\"@id\":\"https:\/\/www.eko-bio-natura.sk\/shop\/produkt\/twinstec-911-set-caga-krem-11-twinstec-911-2x-100-ml\/#breadcrumb\"},\"inLanguage\":\"sk-SK\",\"potentialAction\":[{\"@type\":\"ReadAction\",\"target\":[\"https:\/\/www.eko-bio-natura.sk\/shop\/produkt\/twinstec-911-set-caga-krem-11-twinstec-911-2x-100-ml\/\"]}]},{\"@type\":\"ImageObject\",\"inLanguage\":\"sk-SK\",\"@id\":\"https:\/\/www.eko-bio-natura.sk\/shop\/produkt\/twinstec-911-set-caga-krem-11-twinstec-911-2x-100-ml\/#primaryimage\",\"url\":\"https:\/\/www.eko-bio-natura.sk\/shop\/wp-content\/uploads\/2021\/12\/14244_set-caga-krem-1-1-twinstec-911-2x-100-ml.jpg\",\"contentUrl\":\"https:\/\/www.eko-bio-natura.sk\/shop\/wp-content\/uploads\/2021\/12\/14244_set-caga-krem-1-1-twinstec-911-2x-100-ml.jpg\",\"width\":600,\"height\":600},{\"@type\":\"BreadcrumbList\",\"@id\":\"https:\/\/www.eko-bio-natura.sk\/shop\/produkt\/twinstec-911-set-caga-krem-11-twinstec-911-2x-100-ml\/#breadcrumb\",\"itemListElement\":[{\"@type\":\"ListItem\",\"position\":1,\"name\":\"Domovsk\u00e1 str\u00e1nka\",\"item\":\"https:\/\/www.eko-bio-natura.sk\/shop\/\"},{\"@type\":\"ListItem\",\"position\":2,\"name\":\"Obchod\",\"item\":\"https:\/\/www.eko-bio-natura.sk\/shop\/?page_id=6\"},{\"@type\":\"ListItem\",\"position\":3,\"name\":\"Twinstec 911+ Set \u010caga kr\u00e9m 1+1 &#8211; Twinstec 911 &#8211; 2x 100 ml\"}]},{\"@type\":\"WebSite\",\"@id\":\"https:\/\/www.eko-bio-natura.sk\/shop\/#website\",\"url\":\"https:\/\/www.eko-bio-natura.sk\/shop\/\",\"name\":\"EKO-BIO-NATURA BIO OBCHOD\",\"description\":\"\",\"publisher\":{\"@id\":\"https:\/\/www.eko-bio-natura.sk\/shop\/#organization\"},\"potentialAction\":[{\"@type\":\"SearchAction\",\"target\":{\"@type\":\"EntryPoint\",\"urlTemplate\":\"https:\/\/www.eko-bio-natura.sk\/shop\/?s={search_term_string}\"},\"query-input\":{\"@type\":\"PropertyValueSpecification\",\"valueRequired\":true,\"valueName\":\"search_term_string\"}}],\"inLanguage\":\"sk-SK\"},{\"@type\":\"Organization\",\"@id\":\"https:\/\/www.eko-bio-natura.sk\/shop\/#organization\",\"name\":\"EKO-BIO-NATURA BIO OBCHOD\",\"url\":\"https:\/\/www.eko-bio-natura.sk\/shop\/\",\"logo\":{\"@type\":\"ImageObject\",\"inLanguage\":\"sk-SK\",\"@id\":\"https:\/\/www.eko-bio-natura.sk\/shop\/#\/schema\/logo\/image\/\",\"url\":\"https:\/\/www.eko-bio-natura.sk\/shop\/wp-content\/uploads\/2021\/04\/eko-bio-natura_logo.png\",\"contentUrl\":\"https:\/\/www.eko-bio-natura.sk\/shop\/wp-content\/uploads\/2021\/04\/eko-bio-natura_logo.png\",\"width\":552,\"height\":194,\"caption\":\"EKO-BIO-NATURA BIO OBCHOD\"},\"image\":{\"@id\":\"https:\/\/www.eko-bio-natura.sk\/shop\/#\/schema\/logo\/image\/\"}}]}<\/script>\n<!-- \/ Yoast SEO plugin. -->","yoast_head_json":{"title":"Twinstec 911+ Set \u010caga kr\u00e9m 1+1 - Twinstec 911 - 2x 100 ml - EKO-BIO-NATURA BIO OBCHOD","robots":{"index":"index","follow":"follow","max-snippet":"max-snippet:-1","max-image-preview":"max-image-preview:large","max-video-preview":"max-video-preview:-1"},"canonical":"https:\/\/www.eko-bio-natura.sk\/shop\/produkt\/twinstec-911-set-caga-krem-11-twinstec-911-2x-100-ml\/","og_locale":"sk_SK","og_type":"article","og_title":"Twinstec 911+ Set \u010caga kr\u00e9m 1+1 - Twinstec 911 - 2x 100 ml - EKO-BIO-NATURA BIO OBCHOD","og_description":"Tento pr\u00edpravok sa odpor\u00fa\u010da ako podporn\u00e9 lie\u010divo pri komplexnej lie\u010dbe ochoren\u00ed k\u013abov&nbsp; (osteochondr\u00f3za, radikulit\u00edda, artr\u00f3za, artrit\u00edda, dna). Akt\u00edvne l\u00e1tky: Extrakt z \u010dagy regeneruje k\u013abov\u00e9 mazivo, odstra\u0148uje svalov\u00e9 k\u0155\u010de, m\u00e1 vysok\u00fa schopnos\u0165 prenika\u0165 do tkaniva, zlep\u0161uje l\u00e1tkov\u00fa v\u00fdmenu a&nbsp;mikrocirkul\u00e1ciu krvi v&nbsp;postihnut\u00fdch k\u013aboch, odv\u00e1dza tox\u00edny a&nbsp;usadeniny sol\u00ed, chondroit\u00edn nach\u00e1dzaj\u00faci sa v&nbsp;tomto balzame regeneruje chrupavkovit\u00fd povrch k\u013abu, zmen\u0161uje, [&hellip;]","og_url":"https:\/\/www.eko-bio-natura.sk\/shop\/produkt\/twinstec-911-set-caga-krem-11-twinstec-911-2x-100-ml\/","og_site_name":"EKO-BIO-NATURA BIO OBCHOD","article_modified_time":"2022-05-04T14:41:31+00:00","og_image":[{"width":600,"height":600,"url":"https:\/\/www.eko-bio-natura.sk\/shop\/wp-content\/uploads\/2021\/12\/14244_set-caga-krem-1-1-twinstec-911-2x-100-ml.jpg","type":"image\/jpeg"}],"twitter_card":"summary_large_image","twitter_misc":{"Predpokladan\u00fd \u010das \u010d\u00edtania":"1 min\u00fata"},"schema":{"@context":"https:\/\/schema.org","@graph":[{"@type":"WebPage","@id":"https:\/\/www.eko-bio-natura.sk\/shop\/produkt\/twinstec-911-set-caga-krem-11-twinstec-911-2x-100-ml\/","url":"https:\/\/www.eko-bio-natura.sk\/shop\/produkt\/twinstec-911-set-caga-krem-11-twinstec-911-2x-100-ml\/","name":"Twinstec 911+ Set \u010caga kr\u00e9m 1+1 - Twinstec 911 - 2x 100 ml - EKO-BIO-NATURA BIO OBCHOD","isPartOf":{"@id":"https:\/\/www.eko-bio-natura.sk\/shop\/#website"},"primaryImageOfPage":{"@id":"https:\/\/www.eko-bio-natura.sk\/shop\/produkt\/twinstec-911-set-caga-krem-11-twinstec-911-2x-100-ml\/#primaryimage"},"image":{"@id":"https:\/\/www.eko-bio-natura.sk\/shop\/produkt\/twinstec-911-set-caga-krem-11-twinstec-911-2x-100-ml\/#primaryimage"},"thumbnailUrl":"https:\/\/www.eko-bio-natura.sk\/shop\/wp-content\/uploads\/2021\/12\/14244_set-caga-krem-1-1-twinstec-911-2x-100-ml.jpg","datePublished":"2021-12-28T17:17:51+00:00","dateModified":"2022-05-04T14:41:31+00:00","breadcrumb":{"@id":"https:\/\/www.eko-bio-natura.sk\/shop\/produkt\/twinstec-911-set-caga-krem-11-twinstec-911-2x-100-ml\/#breadcrumb"},"inLanguage":"sk-SK","potentialAction":[{"@type":"ReadAction","target":["https:\/\/www.eko-bio-natura.sk\/shop\/produkt\/twinstec-911-set-caga-krem-11-twinstec-911-2x-100-ml\/"]}]},{"@type":"ImageObject","inLanguage":"sk-SK","@id":"https:\/\/www.eko-bio-natura.sk\/shop\/produkt\/twinstec-911-set-caga-krem-11-twinstec-911-2x-100-ml\/#primaryimage","url":"https:\/\/www.eko-bio-natura.sk\/shop\/wp-content\/uploads\/2021\/12\/14244_set-caga-krem-1-1-twinstec-911-2x-100-ml.jpg","contentUrl":"https:\/\/www.eko-bio-natura.sk\/shop\/wp-content\/uploads\/2021\/12\/14244_set-caga-krem-1-1-twinstec-911-2x-100-ml.jpg","width":600,"height":600},{"@type":"BreadcrumbList","@id":"https:\/\/www.eko-bio-natura.sk\/shop\/produkt\/twinstec-911-set-caga-krem-11-twinstec-911-2x-100-ml\/#breadcrumb","itemListElement":[{"@type":"ListItem","position":1,"name":"Domovsk\u00e1 str\u00e1nka","item":"https:\/\/www.eko-bio-natura.sk\/shop\/"},{"@type":"ListItem","position":2,"name":"Obchod","item":"https:\/\/www.eko-bio-natura.sk\/shop\/?page_id=6"},{"@type":"ListItem","position":3,"name":"Twinstec 911+ Set \u010caga kr\u00e9m 1+1 &#8211; Twinstec 911 &#8211; 2x 100 ml"}]},{"@type":"WebSite","@id":"https:\/\/www.eko-bio-natura.sk\/shop\/#website","url":"https:\/\/www.eko-bio-natura.sk\/shop\/","name":"EKO-BIO-NATURA BIO OBCHOD","description":"","publisher":{"@id":"https:\/\/www.eko-bio-natura.sk\/shop\/#organization"},"potentialAction":[{"@type":"SearchAction","target":{"@type":"EntryPoint","urlTemplate":"https:\/\/www.eko-bio-natura.sk\/shop\/?s={search_term_string}"},"query-input":{"@type":"PropertyValueSpecification","valueRequired":true,"valueName":"search_term_string"}}],"inLanguage":"sk-SK"},{"@type":"Organization","@id":"https:\/\/www.eko-bio-natura.sk\/shop\/#organization","name":"EKO-BIO-NATURA BIO OBCHOD","url":"https:\/\/www.eko-bio-natura.sk\/shop\/","logo":{"@type":"ImageObject","inLanguage":"sk-SK","@id":"https:\/\/www.eko-bio-natura.sk\/shop\/#\/schema\/logo\/image\/","url":"https:\/\/www.eko-bio-natura.sk\/shop\/wp-content\/uploads\/2021\/04\/eko-bio-natura_logo.png","contentUrl":"https:\/\/www.eko-bio-natura.sk\/shop\/wp-content\/uploads\/2021\/04\/eko-bio-natura_logo.png","width":552,"height":194,"caption":"EKO-BIO-NATURA BIO OBCHOD"},"image":{"@id":"https:\/\/www.eko-bio-natura.sk\/shop\/#\/schema\/logo\/image\/"}}]}},"_links":{"self":[{"href":"https:\/\/www.eko-bio-natura.sk\/shop\/wp-json\/wp\/v2\/product\/7718","targetHints":{"allow":["GET"]}}],"collection":[{"href":"https:\/\/www.eko-bio-natura.sk\/shop\/wp-json\/wp\/v2\/product"}],"about":[{"href":"https:\/\/www.eko-bio-natura.sk\/shop\/wp-json\/wp\/v2\/types\/product"}],"replies":[{"embeddable":true,"href":"https:\/\/www.eko-bio-natura.sk\/shop\/wp-json\/wp\/v2\/comments?post=7718"}],"wp:featuredmedia":[{"embeddable":true,"href":"https:\/\/www.eko-bio-natura.sk\/shop\/wp-json\/wp\/v2\/media\/7719"}],"wp:attachment":[{"href":"https:\/\/www.eko-bio-natura.sk\/shop\/wp-json\/wp\/v2\/media?parent=7718"}],"wp:term":[{"taxonomy":"product_brand","embeddable":true,"href":"https:\/\/www.eko-bio-natura.sk\/shop\/wp-json\/wp\/v2\/product_brand?post=7718"},{"taxonomy":"product_cat","embeddable":true,"href":"https:\/\/www.eko-bio-natura.sk\/shop\/wp-json\/wp\/v2\/product_cat?post=7718"},{"taxonomy":"product_tag","embeddable":true,"href":"https:\/\/www.eko-bio-natura.sk\/shop\/wp-json\/wp\/v2\/product_tag?post=7718"}],"curies":[{"name":"wp","href":"https:\/\/api.w.org\/{rel}","templated":true}]}}