{"id":7709,"date":"2021-12-28T18:17:23","date_gmt":"2021-12-28T17:17:23","guid":{"rendered":"https:\/\/www.eko-bio-natura.sk\/shop\/index.php\/produkt\/hydrogelova-maska-na-pery-dizao-1ks\/"},"modified":"2022-05-04T16:41:30","modified_gmt":"2022-05-04T14:41:30","slug":"hydrogelova-maska-na-pery-dizao-1ks","status":"publish","type":"product","link":"https:\/\/www.eko-bio-natura.sk\/shop\/produkt\/hydrogelova-maska-na-pery-dizao-1ks\/","title":{"rendered":"Hydrog\u00e9lov\u00e1 maska na pery &#8211; Dizao &#8211; 1ks"},"content":{"rendered":"<p><meta charset=\"UTF-8\" \/><\/p>\n<p><span style=\"font-family: verdana, geneva; font-size: 12pt;\"><strong>Maska na pery&nbsp;<\/strong>je skvel\u00fdm <strong>doplnkom k balzamom na pery<\/strong>, ktor\u00e9 sa staraj\u00fa o hydrat\u00e1ciu. S takoutou maskou sa m\u00f4\u017eete te\u0161i\u0165 z maxim\u00e1lne vy\u017eiven\u00fdch pier, ktor\u00e9 bud\u00fa vyzera\u0165 skvele hne\u010f na prv\u00fd poh\u013ead aj dotyk.&nbsp;Maska na pery poskytuje \u00fapln\u00e9 pokrytie oblasti okolo pier, \u010do v\u00fdznamne<strong> redukuje vr\u00e1sky v okol\u00ed pier.<\/strong> Pery a oblas\u0165 okolo nich s\u00fa po maske vyhladen\u00e9, tak\u017ee pery zostan\u00fa jemn\u00e9 a neuverite\u013ene zmyseln\u00e9.<\/span><\/p>\n<p>&nbsp;<\/p>\n<p><span style=\"font-family: verdana, geneva; font-size: 12pt;\"><strong>Pou\u017eitie:<\/strong> Aplikujte na vy\u010disten\u00fa poko\u017eku po dobu 20 &#8211; 30 min\u00fat. Po odstr\u00e1nen\u00ed je mo\u017en\u00e9 masku ihne\u010f pou\u017ei\u0165 na in\u00e9 oblasti. Potom si tv\u00e1r umyte vodou. Odpor\u00fa\u010da sa nan\u00e1\u0161a\u0165 2-3x t\u00fd\u017edenne.<\/span><\/p>\n<p><img fetchpriority=\"high\" decoding=\"async\" src=\"\/user\/documents\/upload\/mceclip0-188.png?1622709791\" width=\"1026\" height=\"53\" \/><\/p>\n<p><span style=\"font-family: verdana, geneva; font-size: 12pt;\"><strong>Obsah:<\/strong> 1 kus<\/span><\/p>\n<p><span style=\"font-family: verdana, geneva; font-size: 12pt;\"><strong>Krajina p\u00f4vodu:<\/strong> Rusko<\/span><\/p>\n","protected":false},"excerpt":{"rendered":"<p>Maska na pery&nbsp;je skvel\u00fdm doplnkom k balzamom na pery, ktor\u00e9 sa staraj\u00fa o hydrat\u00e1ciu. S takoutou maskou sa m\u00f4\u017eete te\u0161i\u0165 z maxim\u00e1lne vy\u017eiven\u00fdch pier, ktor\u00e9 bud\u00fa vyzera\u0165 skvele hne\u010f na prv\u00fd poh\u013ead aj dotyk.&nbsp;Maska na pery poskytuje \u00fapln\u00e9 pokrytie oblasti okolo pier, \u010do v\u00fdznamne redukuje vr\u00e1sky v okol\u00ed pier. Pery a oblas\u0165 okolo nich s\u00fa [&hellip;]<\/p>\n","protected":false},"featured_media":7710,"comment_status":"open","ping_status":"open","template":"","meta":{"site-sidebar-layout":"default","site-content-layout":"","ast-site-content-layout":"default","site-content-style":"default","site-sidebar-style":"default","ast-global-header-display":"","ast-banner-title-visibility":"","ast-main-header-display":"","ast-hfb-above-header-display":"","ast-hfb-below-header-display":"","ast-hfb-mobile-header-display":"","site-post-title":"","ast-breadcrumbs-content":"","ast-featured-img":"","footer-sml-layout":"","ast-disable-related-posts":"","theme-transparent-header-meta":"","adv-header-id-meta":"","stick-header-meta":"","header-above-stick-meta":"","header-main-stick-meta":"","header-below-stick-meta":"","astra-migrate-meta-layouts":"default","ast-page-background-enabled":"default","ast-page-background-meta":{"desktop":{"background-color":"","background-image":"","background-repeat":"repeat","background-position":"center center","background-size":"auto","background-attachment":"scroll","background-type":"","background-media":"","overlay-type":"","overlay-color":"","overlay-opacity":"","overlay-gradient":""},"tablet":{"background-color":"","background-image":"","background-repeat":"repeat","background-position":"center center","background-size":"auto","background-attachment":"scroll","background-type":"","background-media":"","overlay-type":"","overlay-color":"","overlay-opacity":"","overlay-gradient":""},"mobile":{"background-color":"","background-image":"","background-repeat":"repeat","background-position":"center center","background-size":"auto","background-attachment":"scroll","background-type":"","background-media":"","overlay-type":"","overlay-color":"","overlay-opacity":"","overlay-gradient":""}},"ast-content-background-meta":{"desktop":{"background-color":"var(--ast-global-color-5)","background-image":"","background-repeat":"repeat","background-position":"center center","background-size":"auto","background-attachment":"scroll","background-type":"","background-media":"","overlay-type":"","overlay-color":"","overlay-opacity":"","overlay-gradient":""},"tablet":{"background-color":"var(--ast-global-color-5)","background-image":"","background-repeat":"repeat","background-position":"center center","background-size":"auto","background-attachment":"scroll","background-type":"","background-media":"","overlay-type":"","overlay-color":"","overlay-opacity":"","overlay-gradient":""},"mobile":{"background-color":"var(--ast-global-color-5)","background-image":"","background-repeat":"repeat","background-position":"center center","background-size":"auto","background-attachment":"scroll","background-type":"","background-media":"","overlay-type":"","overlay-color":"","overlay-opacity":"","overlay-gradient":""}}},"product_brand":[],"product_cat":[31],"product_tag":[],"class_list":{"0":"post-7709","1":"product","2":"type-product","3":"status-publish","4":"has-post-thumbnail","6":"product_cat-pletova-kozmetika","7":"pa_cena-dopravy-367","8":"pa_doprava-zasilkovna","9":"pa_ean-1021","10":"pa_typ-partnersky-predaj","11":"pa_znacka-dizao","12":"desktop-align-left","13":"tablet-align-left","14":"mobile-align-left","16":"first","17":"instock","18":"product-type-external"},"yoast_head":"<!-- This site is optimized with the Yoast SEO plugin v27.2 - https:\/\/yoast.com\/product\/yoast-seo-wordpress\/ -->\n<title>Hydrog\u00e9lov\u00e1 maska na pery - Dizao - 1ks - EKO-BIO-NATURA BIO OBCHOD<\/title>\n<meta name=\"robots\" content=\"index, follow, max-snippet:-1, max-image-preview:large, max-video-preview:-1\" \/>\n<link rel=\"canonical\" href=\"https:\/\/www.eko-bio-natura.sk\/shop\/produkt\/hydrogelova-maska-na-pery-dizao-1ks\/\" \/>\n<meta property=\"og:locale\" content=\"sk_SK\" \/>\n<meta property=\"og:type\" content=\"article\" \/>\n<meta property=\"og:title\" content=\"Hydrog\u00e9lov\u00e1 maska na pery - Dizao - 1ks - EKO-BIO-NATURA BIO OBCHOD\" \/>\n<meta property=\"og:description\" content=\"Maska na pery&nbsp;je skvel\u00fdm doplnkom k balzamom na pery, ktor\u00e9 sa staraj\u00fa o hydrat\u00e1ciu. S takoutou maskou sa m\u00f4\u017eete te\u0161i\u0165 z maxim\u00e1lne vy\u017eiven\u00fdch pier, ktor\u00e9 bud\u00fa vyzera\u0165 skvele hne\u010f na prv\u00fd poh\u013ead aj dotyk.&nbsp;Maska na pery poskytuje \u00fapln\u00e9 pokrytie oblasti okolo pier, \u010do v\u00fdznamne redukuje vr\u00e1sky v okol\u00ed pier. Pery a oblas\u0165 okolo nich s\u00fa [&hellip;]\" \/>\n<meta property=\"og:url\" content=\"https:\/\/www.eko-bio-natura.sk\/shop\/produkt\/hydrogelova-maska-na-pery-dizao-1ks\/\" \/>\n<meta property=\"og:site_name\" content=\"EKO-BIO-NATURA BIO OBCHOD\" \/>\n<meta property=\"article:modified_time\" content=\"2022-05-04T14:41:30+00:00\" \/>\n<meta property=\"og:image\" content=\"https:\/\/www.eko-bio-natura.sk\/shop\/wp-content\/uploads\/2021\/12\/14190_53d8a1da4d4bcc287531b9819a377948.jpg\" \/>\n\t<meta property=\"og:image:width\" content=\"930\" \/>\n\t<meta property=\"og:image:height\" content=\"930\" \/>\n\t<meta property=\"og:image:type\" content=\"image\/jpeg\" \/>\n<meta name=\"twitter:card\" content=\"summary_large_image\" \/>\n<meta name=\"twitter:label1\" content=\"Predpokladan\u00fd \u010das \u010d\u00edtania\" \/>\n\t<meta name=\"twitter:data1\" content=\"1 min\u00fata\" \/>\n<script type=\"application\/ld+json\" class=\"yoast-schema-graph\">{\"@context\":\"https:\/\/schema.org\",\"@graph\":[{\"@type\":\"WebPage\",\"@id\":\"https:\/\/www.eko-bio-natura.sk\/shop\/produkt\/hydrogelova-maska-na-pery-dizao-1ks\/\",\"url\":\"https:\/\/www.eko-bio-natura.sk\/shop\/produkt\/hydrogelova-maska-na-pery-dizao-1ks\/\",\"name\":\"Hydrog\u00e9lov\u00e1 maska na pery - Dizao - 1ks - EKO-BIO-NATURA BIO OBCHOD\",\"isPartOf\":{\"@id\":\"https:\/\/www.eko-bio-natura.sk\/shop\/#website\"},\"primaryImageOfPage\":{\"@id\":\"https:\/\/www.eko-bio-natura.sk\/shop\/produkt\/hydrogelova-maska-na-pery-dizao-1ks\/#primaryimage\"},\"image\":{\"@id\":\"https:\/\/www.eko-bio-natura.sk\/shop\/produkt\/hydrogelova-maska-na-pery-dizao-1ks\/#primaryimage\"},\"thumbnailUrl\":\"https:\/\/www.eko-bio-natura.sk\/shop\/wp-content\/uploads\/2021\/12\/14190_53d8a1da4d4bcc287531b9819a377948.jpg\",\"datePublished\":\"2021-12-28T17:17:23+00:00\",\"dateModified\":\"2022-05-04T14:41:30+00:00\",\"breadcrumb\":{\"@id\":\"https:\/\/www.eko-bio-natura.sk\/shop\/produkt\/hydrogelova-maska-na-pery-dizao-1ks\/#breadcrumb\"},\"inLanguage\":\"sk-SK\",\"potentialAction\":[{\"@type\":\"ReadAction\",\"target\":[\"https:\/\/www.eko-bio-natura.sk\/shop\/produkt\/hydrogelova-maska-na-pery-dizao-1ks\/\"]}]},{\"@type\":\"ImageObject\",\"inLanguage\":\"sk-SK\",\"@id\":\"https:\/\/www.eko-bio-natura.sk\/shop\/produkt\/hydrogelova-maska-na-pery-dizao-1ks\/#primaryimage\",\"url\":\"https:\/\/www.eko-bio-natura.sk\/shop\/wp-content\/uploads\/2021\/12\/14190_53d8a1da4d4bcc287531b9819a377948.jpg\",\"contentUrl\":\"https:\/\/www.eko-bio-natura.sk\/shop\/wp-content\/uploads\/2021\/12\/14190_53d8a1da4d4bcc287531b9819a377948.jpg\",\"width\":930,\"height\":930},{\"@type\":\"BreadcrumbList\",\"@id\":\"https:\/\/www.eko-bio-natura.sk\/shop\/produkt\/hydrogelova-maska-na-pery-dizao-1ks\/#breadcrumb\",\"itemListElement\":[{\"@type\":\"ListItem\",\"position\":1,\"name\":\"Domovsk\u00e1 str\u00e1nka\",\"item\":\"https:\/\/www.eko-bio-natura.sk\/shop\/\"},{\"@type\":\"ListItem\",\"position\":2,\"name\":\"Obchod\",\"item\":\"https:\/\/www.eko-bio-natura.sk\/shop\/?page_id=6\"},{\"@type\":\"ListItem\",\"position\":3,\"name\":\"Hydrog\u00e9lov\u00e1 maska na pery &#8211; Dizao &#8211; 1ks\"}]},{\"@type\":\"WebSite\",\"@id\":\"https:\/\/www.eko-bio-natura.sk\/shop\/#website\",\"url\":\"https:\/\/www.eko-bio-natura.sk\/shop\/\",\"name\":\"EKO-BIO-NATURA BIO OBCHOD\",\"description\":\"\",\"publisher\":{\"@id\":\"https:\/\/www.eko-bio-natura.sk\/shop\/#organization\"},\"potentialAction\":[{\"@type\":\"SearchAction\",\"target\":{\"@type\":\"EntryPoint\",\"urlTemplate\":\"https:\/\/www.eko-bio-natura.sk\/shop\/?s={search_term_string}\"},\"query-input\":{\"@type\":\"PropertyValueSpecification\",\"valueRequired\":true,\"valueName\":\"search_term_string\"}}],\"inLanguage\":\"sk-SK\"},{\"@type\":\"Organization\",\"@id\":\"https:\/\/www.eko-bio-natura.sk\/shop\/#organization\",\"name\":\"EKO-BIO-NATURA BIO OBCHOD\",\"url\":\"https:\/\/www.eko-bio-natura.sk\/shop\/\",\"logo\":{\"@type\":\"ImageObject\",\"inLanguage\":\"sk-SK\",\"@id\":\"https:\/\/www.eko-bio-natura.sk\/shop\/#\/schema\/logo\/image\/\",\"url\":\"https:\/\/www.eko-bio-natura.sk\/shop\/wp-content\/uploads\/2021\/04\/eko-bio-natura_logo.png\",\"contentUrl\":\"https:\/\/www.eko-bio-natura.sk\/shop\/wp-content\/uploads\/2021\/04\/eko-bio-natura_logo.png\",\"width\":552,\"height\":194,\"caption\":\"EKO-BIO-NATURA BIO OBCHOD\"},\"image\":{\"@id\":\"https:\/\/www.eko-bio-natura.sk\/shop\/#\/schema\/logo\/image\/\"}}]}<\/script>\n<!-- \/ Yoast SEO plugin. -->","yoast_head_json":{"title":"Hydrog\u00e9lov\u00e1 maska na pery - Dizao - 1ks - EKO-BIO-NATURA BIO OBCHOD","robots":{"index":"index","follow":"follow","max-snippet":"max-snippet:-1","max-image-preview":"max-image-preview:large","max-video-preview":"max-video-preview:-1"},"canonical":"https:\/\/www.eko-bio-natura.sk\/shop\/produkt\/hydrogelova-maska-na-pery-dizao-1ks\/","og_locale":"sk_SK","og_type":"article","og_title":"Hydrog\u00e9lov\u00e1 maska na pery - Dizao - 1ks - EKO-BIO-NATURA BIO OBCHOD","og_description":"Maska na pery&nbsp;je skvel\u00fdm doplnkom k balzamom na pery, ktor\u00e9 sa staraj\u00fa o hydrat\u00e1ciu. S takoutou maskou sa m\u00f4\u017eete te\u0161i\u0165 z maxim\u00e1lne vy\u017eiven\u00fdch pier, ktor\u00e9 bud\u00fa vyzera\u0165 skvele hne\u010f na prv\u00fd poh\u013ead aj dotyk.&nbsp;Maska na pery poskytuje \u00fapln\u00e9 pokrytie oblasti okolo pier, \u010do v\u00fdznamne redukuje vr\u00e1sky v okol\u00ed pier. Pery a oblas\u0165 okolo nich s\u00fa [&hellip;]","og_url":"https:\/\/www.eko-bio-natura.sk\/shop\/produkt\/hydrogelova-maska-na-pery-dizao-1ks\/","og_site_name":"EKO-BIO-NATURA BIO OBCHOD","article_modified_time":"2022-05-04T14:41:30+00:00","og_image":[{"width":930,"height":930,"url":"https:\/\/www.eko-bio-natura.sk\/shop\/wp-content\/uploads\/2021\/12\/14190_53d8a1da4d4bcc287531b9819a377948.jpg","type":"image\/jpeg"}],"twitter_card":"summary_large_image","twitter_misc":{"Predpokladan\u00fd \u010das \u010d\u00edtania":"1 min\u00fata"},"schema":{"@context":"https:\/\/schema.org","@graph":[{"@type":"WebPage","@id":"https:\/\/www.eko-bio-natura.sk\/shop\/produkt\/hydrogelova-maska-na-pery-dizao-1ks\/","url":"https:\/\/www.eko-bio-natura.sk\/shop\/produkt\/hydrogelova-maska-na-pery-dizao-1ks\/","name":"Hydrog\u00e9lov\u00e1 maska na pery - Dizao - 1ks - EKO-BIO-NATURA BIO OBCHOD","isPartOf":{"@id":"https:\/\/www.eko-bio-natura.sk\/shop\/#website"},"primaryImageOfPage":{"@id":"https:\/\/www.eko-bio-natura.sk\/shop\/produkt\/hydrogelova-maska-na-pery-dizao-1ks\/#primaryimage"},"image":{"@id":"https:\/\/www.eko-bio-natura.sk\/shop\/produkt\/hydrogelova-maska-na-pery-dizao-1ks\/#primaryimage"},"thumbnailUrl":"https:\/\/www.eko-bio-natura.sk\/shop\/wp-content\/uploads\/2021\/12\/14190_53d8a1da4d4bcc287531b9819a377948.jpg","datePublished":"2021-12-28T17:17:23+00:00","dateModified":"2022-05-04T14:41:30+00:00","breadcrumb":{"@id":"https:\/\/www.eko-bio-natura.sk\/shop\/produkt\/hydrogelova-maska-na-pery-dizao-1ks\/#breadcrumb"},"inLanguage":"sk-SK","potentialAction":[{"@type":"ReadAction","target":["https:\/\/www.eko-bio-natura.sk\/shop\/produkt\/hydrogelova-maska-na-pery-dizao-1ks\/"]}]},{"@type":"ImageObject","inLanguage":"sk-SK","@id":"https:\/\/www.eko-bio-natura.sk\/shop\/produkt\/hydrogelova-maska-na-pery-dizao-1ks\/#primaryimage","url":"https:\/\/www.eko-bio-natura.sk\/shop\/wp-content\/uploads\/2021\/12\/14190_53d8a1da4d4bcc287531b9819a377948.jpg","contentUrl":"https:\/\/www.eko-bio-natura.sk\/shop\/wp-content\/uploads\/2021\/12\/14190_53d8a1da4d4bcc287531b9819a377948.jpg","width":930,"height":930},{"@type":"BreadcrumbList","@id":"https:\/\/www.eko-bio-natura.sk\/shop\/produkt\/hydrogelova-maska-na-pery-dizao-1ks\/#breadcrumb","itemListElement":[{"@type":"ListItem","position":1,"name":"Domovsk\u00e1 str\u00e1nka","item":"https:\/\/www.eko-bio-natura.sk\/shop\/"},{"@type":"ListItem","position":2,"name":"Obchod","item":"https:\/\/www.eko-bio-natura.sk\/shop\/?page_id=6"},{"@type":"ListItem","position":3,"name":"Hydrog\u00e9lov\u00e1 maska na pery &#8211; Dizao &#8211; 1ks"}]},{"@type":"WebSite","@id":"https:\/\/www.eko-bio-natura.sk\/shop\/#website","url":"https:\/\/www.eko-bio-natura.sk\/shop\/","name":"EKO-BIO-NATURA BIO OBCHOD","description":"","publisher":{"@id":"https:\/\/www.eko-bio-natura.sk\/shop\/#organization"},"potentialAction":[{"@type":"SearchAction","target":{"@type":"EntryPoint","urlTemplate":"https:\/\/www.eko-bio-natura.sk\/shop\/?s={search_term_string}"},"query-input":{"@type":"PropertyValueSpecification","valueRequired":true,"valueName":"search_term_string"}}],"inLanguage":"sk-SK"},{"@type":"Organization","@id":"https:\/\/www.eko-bio-natura.sk\/shop\/#organization","name":"EKO-BIO-NATURA BIO OBCHOD","url":"https:\/\/www.eko-bio-natura.sk\/shop\/","logo":{"@type":"ImageObject","inLanguage":"sk-SK","@id":"https:\/\/www.eko-bio-natura.sk\/shop\/#\/schema\/logo\/image\/","url":"https:\/\/www.eko-bio-natura.sk\/shop\/wp-content\/uploads\/2021\/04\/eko-bio-natura_logo.png","contentUrl":"https:\/\/www.eko-bio-natura.sk\/shop\/wp-content\/uploads\/2021\/04\/eko-bio-natura_logo.png","width":552,"height":194,"caption":"EKO-BIO-NATURA BIO OBCHOD"},"image":{"@id":"https:\/\/www.eko-bio-natura.sk\/shop\/#\/schema\/logo\/image\/"}}]}},"_links":{"self":[{"href":"https:\/\/www.eko-bio-natura.sk\/shop\/wp-json\/wp\/v2\/product\/7709","targetHints":{"allow":["GET"]}}],"collection":[{"href":"https:\/\/www.eko-bio-natura.sk\/shop\/wp-json\/wp\/v2\/product"}],"about":[{"href":"https:\/\/www.eko-bio-natura.sk\/shop\/wp-json\/wp\/v2\/types\/product"}],"replies":[{"embeddable":true,"href":"https:\/\/www.eko-bio-natura.sk\/shop\/wp-json\/wp\/v2\/comments?post=7709"}],"wp:featuredmedia":[{"embeddable":true,"href":"https:\/\/www.eko-bio-natura.sk\/shop\/wp-json\/wp\/v2\/media\/7710"}],"wp:attachment":[{"href":"https:\/\/www.eko-bio-natura.sk\/shop\/wp-json\/wp\/v2\/media?parent=7709"}],"wp:term":[{"taxonomy":"product_brand","embeddable":true,"href":"https:\/\/www.eko-bio-natura.sk\/shop\/wp-json\/wp\/v2\/product_brand?post=7709"},{"taxonomy":"product_cat","embeddable":true,"href":"https:\/\/www.eko-bio-natura.sk\/shop\/wp-json\/wp\/v2\/product_cat?post=7709"},{"taxonomy":"product_tag","embeddable":true,"href":"https:\/\/www.eko-bio-natura.sk\/shop\/wp-json\/wp\/v2\/product_tag?post=7709"}],"curies":[{"name":"wp","href":"https:\/\/api.w.org\/{rel}","templated":true}]}}