{"id":7707,"date":"2021-12-28T18:17:23","date_gmt":"2021-12-28T17:17:23","guid":{"rendered":"https:\/\/www.eko-bio-natura.sk\/shop\/index.php\/produkt\/prirodna-hydrogelova-ocna-maska-s-hyaluronom-gold-dizao-8-g\/"},"modified":"2022-05-04T16:41:30","modified_gmt":"2022-05-04T14:41:30","slug":"prirodna-hydrogelova-ocna-maska-s-hyaluronom-gold-dizao-8-g","status":"publish","type":"product","link":"https:\/\/www.eko-bio-natura.sk\/shop\/produkt\/prirodna-hydrogelova-ocna-maska-s-hyaluronom-gold-dizao-8-g\/","title":{"rendered":"Pr\u00edrodn\u00e1 hydrog\u00e9lov\u00e1 o\u010dn\u00e1 maska s hyalur\u00f3nom Gold &#8211; Dizao &#8211; 8 g"},"content":{"rendered":"<p><span style=\"font-family: verdana, geneva; font-size: 12pt;\">Hydrata\u010dn\u00e9 o\u010dn\u00e9 masky <strong>vyhladzuj\u00fa mimick\u00e9 vr\u00e1sky, h\u013abkovo hydratuj\u00fa poko\u017eku<\/strong> v okol\u00ed o\u010d\u00ed a <strong>navracaj\u00fa jej mladistv\u00fd vzh\u013ead<\/strong>. Hydrog\u00e9lov\u00e1 \u0161trukt\u00fara masky pevne prilieha k poko\u017eke, &nbsp;postupne uvo\u013e\u0148uje prospe\u0161n\u00e9 zlo\u017eky pre lep\u0161ie vstreb\u00e1vanie do poko\u017eky a poskytuje starostlivos\u0165 v okol\u00ed o\u010d\u00ed.&nbsp;<\/span><\/p>\n<p><span style=\"font-size: 12pt;\"><strong><span style=\"font-family: verdana, geneva;\">Akt\u00edvne zlo\u017eky:<\/span><\/strong><\/span><br \/><span style=\"font-family: verdana, geneva; font-size: 12pt;\"><\/span><\/p>\n<ul>\n<li><span style=\"font-family: verdana, geneva; font-size: 12pt;\"><strong>Kyselina hyalur\u00f3nov\u00e1<\/strong> prenik\u00e1 do poko\u017eky a udr\u017euje ju hydratovan\u00fa.<\/span><\/li>\n<li><span style=\"font-family: verdana, geneva; font-size: 12pt;\"><strong>Elast\u00edn<\/strong> zvlh\u010duje a zlep\u0161uje vzh\u013ead poko\u017eky.<\/span><\/li>\n<li><span style=\"font-family: verdana, geneva; font-size: 12pt;\"><strong>Extrakt z morsk\u00fdch rias<\/strong> \u00fa\u010dinne zvlh\u010duje poko\u017eku, m\u00e1 anti-aging a antioxida\u010dn\u00e9 vlastnosti.<\/span><\/li>\n<li><span style=\"font-family: verdana, geneva; font-size: 12pt;\"><strong>Alanto\u00edn<\/strong> stimuluje regener\u00e1ciu tkan\u00edv.<\/span><\/li>\n<\/ul>\n<p><span style=\"font-family: verdana, geneva; font-size: 12pt;\"><strong>Pou\u017eitie:<\/strong>&nbsp;Naneste masky na o\u010disten\u00fa poko\u017eku pod o\u010di na 20 &#8211; 30 min\u00fat. Masky odstr\u00e1\u0148te a umyte si tv\u00e1r vodou. Odpor\u00fa\u010da sa aplikova\u0165 2-3x t\u00fd\u017edenne.<\/span><\/p>\n<p><span style=\"font-family: verdana, geneva; font-size: 12pt;\"><strong><img fetchpriority=\"high\" decoding=\"async\" src=\"\/user\/documents\/upload\/mceclip0-187.png?1622708965\" width=\"998\" height=\"67\" \/><\/strong><\/span><\/p>\n<p><span style=\"font-family: verdana, geneva; font-size: 12pt;\"><strong><\/strong><\/span><span style=\"font-family: verdana, geneva; font-size: 12pt;\"><strong>Objem:<\/strong> 8 g<\/span><\/p>\n<p><span style=\"font-family: verdana, geneva; font-size: 12pt;\"><strong>Krajina p\u00f4vodu:<\/strong> Rusko<\/span><\/p>\n","protected":false},"excerpt":{"rendered":"<p>Hydrata\u010dn\u00e9 o\u010dn\u00e9 masky vyhladzuj\u00fa mimick\u00e9 vr\u00e1sky, h\u013abkovo hydratuj\u00fa poko\u017eku v okol\u00ed o\u010d\u00ed a navracaj\u00fa jej mladistv\u00fd vzh\u013ead. Hydrog\u00e9lov\u00e1 \u0161trukt\u00fara masky pevne prilieha k poko\u017eke, &nbsp;postupne uvo\u013e\u0148uje prospe\u0161n\u00e9 zlo\u017eky pre lep\u0161ie vstreb\u00e1vanie do poko\u017eky a poskytuje starostlivos\u0165 v okol\u00ed o\u010d\u00ed.&nbsp; Akt\u00edvne zlo\u017eky: Kyselina hyalur\u00f3nov\u00e1 prenik\u00e1 do poko\u017eky a udr\u017euje ju hydratovan\u00fa. Elast\u00edn zvlh\u010duje a zlep\u0161uje vzh\u013ead [&hellip;]<\/p>\n","protected":false},"featured_media":7708,"comment_status":"open","ping_status":"open","template":"","meta":{"site-sidebar-layout":"default","site-content-layout":"","ast-site-content-layout":"default","site-content-style":"default","site-sidebar-style":"default","ast-global-header-display":"","ast-banner-title-visibility":"","ast-main-header-display":"","ast-hfb-above-header-display":"","ast-hfb-below-header-display":"","ast-hfb-mobile-header-display":"","site-post-title":"","ast-breadcrumbs-content":"","ast-featured-img":"","footer-sml-layout":"","ast-disable-related-posts":"","theme-transparent-header-meta":"","adv-header-id-meta":"","stick-header-meta":"","header-above-stick-meta":"","header-main-stick-meta":"","header-below-stick-meta":"","astra-migrate-meta-layouts":"default","ast-page-background-enabled":"default","ast-page-background-meta":{"desktop":{"background-color":"","background-image":"","background-repeat":"repeat","background-position":"center center","background-size":"auto","background-attachment":"scroll","background-type":"","background-media":"","overlay-type":"","overlay-color":"","overlay-opacity":"","overlay-gradient":""},"tablet":{"background-color":"","background-image":"","background-repeat":"repeat","background-position":"center center","background-size":"auto","background-attachment":"scroll","background-type":"","background-media":"","overlay-type":"","overlay-color":"","overlay-opacity":"","overlay-gradient":""},"mobile":{"background-color":"","background-image":"","background-repeat":"repeat","background-position":"center center","background-size":"auto","background-attachment":"scroll","background-type":"","background-media":"","overlay-type":"","overlay-color":"","overlay-opacity":"","overlay-gradient":""}},"ast-content-background-meta":{"desktop":{"background-color":"var(--ast-global-color-5)","background-image":"","background-repeat":"repeat","background-position":"center center","background-size":"auto","background-attachment":"scroll","background-type":"","background-media":"","overlay-type":"","overlay-color":"","overlay-opacity":"","overlay-gradient":""},"tablet":{"background-color":"var(--ast-global-color-5)","background-image":"","background-repeat":"repeat","background-position":"center center","background-size":"auto","background-attachment":"scroll","background-type":"","background-media":"","overlay-type":"","overlay-color":"","overlay-opacity":"","overlay-gradient":""},"mobile":{"background-color":"var(--ast-global-color-5)","background-image":"","background-repeat":"repeat","background-position":"center center","background-size":"auto","background-attachment":"scroll","background-type":"","background-media":"","overlay-type":"","overlay-color":"","overlay-opacity":"","overlay-gradient":""}}},"product_brand":[],"product_cat":[31],"product_tag":[],"class_list":{"0":"post-7707","1":"product","2":"type-product","3":"status-publish","4":"has-post-thumbnail","6":"product_cat-pletova-kozmetika","7":"pa_cena-dopravy-367","8":"pa_doprava-zasilkovna","9":"pa_ean-1020","10":"pa_typ-partnersky-predaj","11":"pa_znacka-dizao","12":"desktop-align-left","13":"tablet-align-left","14":"mobile-align-left","16":"first","17":"instock","18":"product-type-external"},"yoast_head":"<!-- This site is optimized with the Yoast SEO plugin v27.2 - https:\/\/yoast.com\/product\/yoast-seo-wordpress\/ -->\n<title>Pr\u00edrodn\u00e1 hydrog\u00e9lov\u00e1 o\u010dn\u00e1 maska s hyalur\u00f3nom Gold - Dizao - 8 g - EKO-BIO-NATURA BIO OBCHOD<\/title>\n<meta name=\"robots\" content=\"index, follow, max-snippet:-1, max-image-preview:large, max-video-preview:-1\" \/>\n<link rel=\"canonical\" href=\"https:\/\/www.eko-bio-natura.sk\/shop\/produkt\/prirodna-hydrogelova-ocna-maska-s-hyaluronom-gold-dizao-8-g\/\" \/>\n<meta property=\"og:locale\" content=\"sk_SK\" \/>\n<meta property=\"og:type\" content=\"article\" \/>\n<meta property=\"og:title\" content=\"Pr\u00edrodn\u00e1 hydrog\u00e9lov\u00e1 o\u010dn\u00e1 maska s hyalur\u00f3nom Gold - Dizao - 8 g - EKO-BIO-NATURA BIO OBCHOD\" \/>\n<meta property=\"og:description\" content=\"Hydrata\u010dn\u00e9 o\u010dn\u00e9 masky vyhladzuj\u00fa mimick\u00e9 vr\u00e1sky, h\u013abkovo hydratuj\u00fa poko\u017eku v okol\u00ed o\u010d\u00ed a navracaj\u00fa jej mladistv\u00fd vzh\u013ead. Hydrog\u00e9lov\u00e1 \u0161trukt\u00fara masky pevne prilieha k poko\u017eke, &nbsp;postupne uvo\u013e\u0148uje prospe\u0161n\u00e9 zlo\u017eky pre lep\u0161ie vstreb\u00e1vanie do poko\u017eky a poskytuje starostlivos\u0165 v okol\u00ed o\u010d\u00ed.&nbsp; Akt\u00edvne zlo\u017eky: Kyselina hyalur\u00f3nov\u00e1 prenik\u00e1 do poko\u017eky a udr\u017euje ju hydratovan\u00fa. Elast\u00edn zvlh\u010duje a zlep\u0161uje vzh\u013ead [&hellip;]\" \/>\n<meta property=\"og:url\" content=\"https:\/\/www.eko-bio-natura.sk\/shop\/produkt\/prirodna-hydrogelova-ocna-maska-s-hyaluronom-gold-dizao-8-g\/\" \/>\n<meta property=\"og:site_name\" content=\"EKO-BIO-NATURA BIO OBCHOD\" \/>\n<meta property=\"article:modified_time\" content=\"2022-05-04T14:41:30+00:00\" \/>\n<meta property=\"og:image\" content=\"https:\/\/www.eko-bio-natura.sk\/shop\/wp-content\/uploads\/2021\/12\/14187_prirodna-hydrogelova-ocna-maska-s-hyaluronom-gold-dizao-8-g.jpg\" \/>\n\t<meta property=\"og:image:width\" content=\"700\" \/>\n\t<meta property=\"og:image:height\" content=\"700\" \/>\n\t<meta property=\"og:image:type\" content=\"image\/jpeg\" \/>\n<meta name=\"twitter:card\" content=\"summary_large_image\" \/>\n<meta name=\"twitter:label1\" content=\"Predpokladan\u00fd \u010das \u010d\u00edtania\" \/>\n\t<meta name=\"twitter:data1\" content=\"1 min\u00fata\" \/>\n<script type=\"application\/ld+json\" class=\"yoast-schema-graph\">{\"@context\":\"https:\/\/schema.org\",\"@graph\":[{\"@type\":\"WebPage\",\"@id\":\"https:\/\/www.eko-bio-natura.sk\/shop\/produkt\/prirodna-hydrogelova-ocna-maska-s-hyaluronom-gold-dizao-8-g\/\",\"url\":\"https:\/\/www.eko-bio-natura.sk\/shop\/produkt\/prirodna-hydrogelova-ocna-maska-s-hyaluronom-gold-dizao-8-g\/\",\"name\":\"Pr\u00edrodn\u00e1 hydrog\u00e9lov\u00e1 o\u010dn\u00e1 maska s hyalur\u00f3nom Gold - Dizao - 8 g - EKO-BIO-NATURA BIO OBCHOD\",\"isPartOf\":{\"@id\":\"https:\/\/www.eko-bio-natura.sk\/shop\/#website\"},\"primaryImageOfPage\":{\"@id\":\"https:\/\/www.eko-bio-natura.sk\/shop\/produkt\/prirodna-hydrogelova-ocna-maska-s-hyaluronom-gold-dizao-8-g\/#primaryimage\"},\"image\":{\"@id\":\"https:\/\/www.eko-bio-natura.sk\/shop\/produkt\/prirodna-hydrogelova-ocna-maska-s-hyaluronom-gold-dizao-8-g\/#primaryimage\"},\"thumbnailUrl\":\"https:\/\/www.eko-bio-natura.sk\/shop\/wp-content\/uploads\/2021\/12\/14187_prirodna-hydrogelova-ocna-maska-s-hyaluronom-gold-dizao-8-g.jpg\",\"datePublished\":\"2021-12-28T17:17:23+00:00\",\"dateModified\":\"2022-05-04T14:41:30+00:00\",\"breadcrumb\":{\"@id\":\"https:\/\/www.eko-bio-natura.sk\/shop\/produkt\/prirodna-hydrogelova-ocna-maska-s-hyaluronom-gold-dizao-8-g\/#breadcrumb\"},\"inLanguage\":\"sk-SK\",\"potentialAction\":[{\"@type\":\"ReadAction\",\"target\":[\"https:\/\/www.eko-bio-natura.sk\/shop\/produkt\/prirodna-hydrogelova-ocna-maska-s-hyaluronom-gold-dizao-8-g\/\"]}]},{\"@type\":\"ImageObject\",\"inLanguage\":\"sk-SK\",\"@id\":\"https:\/\/www.eko-bio-natura.sk\/shop\/produkt\/prirodna-hydrogelova-ocna-maska-s-hyaluronom-gold-dizao-8-g\/#primaryimage\",\"url\":\"https:\/\/www.eko-bio-natura.sk\/shop\/wp-content\/uploads\/2021\/12\/14187_prirodna-hydrogelova-ocna-maska-s-hyaluronom-gold-dizao-8-g.jpg\",\"contentUrl\":\"https:\/\/www.eko-bio-natura.sk\/shop\/wp-content\/uploads\/2021\/12\/14187_prirodna-hydrogelova-ocna-maska-s-hyaluronom-gold-dizao-8-g.jpg\",\"width\":700,\"height\":700},{\"@type\":\"BreadcrumbList\",\"@id\":\"https:\/\/www.eko-bio-natura.sk\/shop\/produkt\/prirodna-hydrogelova-ocna-maska-s-hyaluronom-gold-dizao-8-g\/#breadcrumb\",\"itemListElement\":[{\"@type\":\"ListItem\",\"position\":1,\"name\":\"Domovsk\u00e1 str\u00e1nka\",\"item\":\"https:\/\/www.eko-bio-natura.sk\/shop\/\"},{\"@type\":\"ListItem\",\"position\":2,\"name\":\"Obchod\",\"item\":\"https:\/\/www.eko-bio-natura.sk\/shop\/?page_id=6\"},{\"@type\":\"ListItem\",\"position\":3,\"name\":\"Pr\u00edrodn\u00e1 hydrog\u00e9lov\u00e1 o\u010dn\u00e1 maska s hyalur\u00f3nom Gold &#8211; Dizao &#8211; 8 g\"}]},{\"@type\":\"WebSite\",\"@id\":\"https:\/\/www.eko-bio-natura.sk\/shop\/#website\",\"url\":\"https:\/\/www.eko-bio-natura.sk\/shop\/\",\"name\":\"EKO-BIO-NATURA BIO OBCHOD\",\"description\":\"\",\"publisher\":{\"@id\":\"https:\/\/www.eko-bio-natura.sk\/shop\/#organization\"},\"potentialAction\":[{\"@type\":\"SearchAction\",\"target\":{\"@type\":\"EntryPoint\",\"urlTemplate\":\"https:\/\/www.eko-bio-natura.sk\/shop\/?s={search_term_string}\"},\"query-input\":{\"@type\":\"PropertyValueSpecification\",\"valueRequired\":true,\"valueName\":\"search_term_string\"}}],\"inLanguage\":\"sk-SK\"},{\"@type\":\"Organization\",\"@id\":\"https:\/\/www.eko-bio-natura.sk\/shop\/#organization\",\"name\":\"EKO-BIO-NATURA BIO OBCHOD\",\"url\":\"https:\/\/www.eko-bio-natura.sk\/shop\/\",\"logo\":{\"@type\":\"ImageObject\",\"inLanguage\":\"sk-SK\",\"@id\":\"https:\/\/www.eko-bio-natura.sk\/shop\/#\/schema\/logo\/image\/\",\"url\":\"https:\/\/www.eko-bio-natura.sk\/shop\/wp-content\/uploads\/2021\/04\/eko-bio-natura_logo.png\",\"contentUrl\":\"https:\/\/www.eko-bio-natura.sk\/shop\/wp-content\/uploads\/2021\/04\/eko-bio-natura_logo.png\",\"width\":552,\"height\":194,\"caption\":\"EKO-BIO-NATURA BIO OBCHOD\"},\"image\":{\"@id\":\"https:\/\/www.eko-bio-natura.sk\/shop\/#\/schema\/logo\/image\/\"}}]}<\/script>\n<!-- \/ Yoast SEO plugin. -->","yoast_head_json":{"title":"Pr\u00edrodn\u00e1 hydrog\u00e9lov\u00e1 o\u010dn\u00e1 maska s hyalur\u00f3nom Gold - Dizao - 8 g - EKO-BIO-NATURA BIO OBCHOD","robots":{"index":"index","follow":"follow","max-snippet":"max-snippet:-1","max-image-preview":"max-image-preview:large","max-video-preview":"max-video-preview:-1"},"canonical":"https:\/\/www.eko-bio-natura.sk\/shop\/produkt\/prirodna-hydrogelova-ocna-maska-s-hyaluronom-gold-dizao-8-g\/","og_locale":"sk_SK","og_type":"article","og_title":"Pr\u00edrodn\u00e1 hydrog\u00e9lov\u00e1 o\u010dn\u00e1 maska s hyalur\u00f3nom Gold - Dizao - 8 g - EKO-BIO-NATURA BIO OBCHOD","og_description":"Hydrata\u010dn\u00e9 o\u010dn\u00e9 masky vyhladzuj\u00fa mimick\u00e9 vr\u00e1sky, h\u013abkovo hydratuj\u00fa poko\u017eku v okol\u00ed o\u010d\u00ed a navracaj\u00fa jej mladistv\u00fd vzh\u013ead. Hydrog\u00e9lov\u00e1 \u0161trukt\u00fara masky pevne prilieha k poko\u017eke, &nbsp;postupne uvo\u013e\u0148uje prospe\u0161n\u00e9 zlo\u017eky pre lep\u0161ie vstreb\u00e1vanie do poko\u017eky a poskytuje starostlivos\u0165 v okol\u00ed o\u010d\u00ed.&nbsp; Akt\u00edvne zlo\u017eky: Kyselina hyalur\u00f3nov\u00e1 prenik\u00e1 do poko\u017eky a udr\u017euje ju hydratovan\u00fa. Elast\u00edn zvlh\u010duje a zlep\u0161uje vzh\u013ead [&hellip;]","og_url":"https:\/\/www.eko-bio-natura.sk\/shop\/produkt\/prirodna-hydrogelova-ocna-maska-s-hyaluronom-gold-dizao-8-g\/","og_site_name":"EKO-BIO-NATURA BIO OBCHOD","article_modified_time":"2022-05-04T14:41:30+00:00","og_image":[{"width":700,"height":700,"url":"https:\/\/www.eko-bio-natura.sk\/shop\/wp-content\/uploads\/2021\/12\/14187_prirodna-hydrogelova-ocna-maska-s-hyaluronom-gold-dizao-8-g.jpg","type":"image\/jpeg"}],"twitter_card":"summary_large_image","twitter_misc":{"Predpokladan\u00fd \u010das \u010d\u00edtania":"1 min\u00fata"},"schema":{"@context":"https:\/\/schema.org","@graph":[{"@type":"WebPage","@id":"https:\/\/www.eko-bio-natura.sk\/shop\/produkt\/prirodna-hydrogelova-ocna-maska-s-hyaluronom-gold-dizao-8-g\/","url":"https:\/\/www.eko-bio-natura.sk\/shop\/produkt\/prirodna-hydrogelova-ocna-maska-s-hyaluronom-gold-dizao-8-g\/","name":"Pr\u00edrodn\u00e1 hydrog\u00e9lov\u00e1 o\u010dn\u00e1 maska s hyalur\u00f3nom Gold - Dizao - 8 g - EKO-BIO-NATURA BIO OBCHOD","isPartOf":{"@id":"https:\/\/www.eko-bio-natura.sk\/shop\/#website"},"primaryImageOfPage":{"@id":"https:\/\/www.eko-bio-natura.sk\/shop\/produkt\/prirodna-hydrogelova-ocna-maska-s-hyaluronom-gold-dizao-8-g\/#primaryimage"},"image":{"@id":"https:\/\/www.eko-bio-natura.sk\/shop\/produkt\/prirodna-hydrogelova-ocna-maska-s-hyaluronom-gold-dizao-8-g\/#primaryimage"},"thumbnailUrl":"https:\/\/www.eko-bio-natura.sk\/shop\/wp-content\/uploads\/2021\/12\/14187_prirodna-hydrogelova-ocna-maska-s-hyaluronom-gold-dizao-8-g.jpg","datePublished":"2021-12-28T17:17:23+00:00","dateModified":"2022-05-04T14:41:30+00:00","breadcrumb":{"@id":"https:\/\/www.eko-bio-natura.sk\/shop\/produkt\/prirodna-hydrogelova-ocna-maska-s-hyaluronom-gold-dizao-8-g\/#breadcrumb"},"inLanguage":"sk-SK","potentialAction":[{"@type":"ReadAction","target":["https:\/\/www.eko-bio-natura.sk\/shop\/produkt\/prirodna-hydrogelova-ocna-maska-s-hyaluronom-gold-dizao-8-g\/"]}]},{"@type":"ImageObject","inLanguage":"sk-SK","@id":"https:\/\/www.eko-bio-natura.sk\/shop\/produkt\/prirodna-hydrogelova-ocna-maska-s-hyaluronom-gold-dizao-8-g\/#primaryimage","url":"https:\/\/www.eko-bio-natura.sk\/shop\/wp-content\/uploads\/2021\/12\/14187_prirodna-hydrogelova-ocna-maska-s-hyaluronom-gold-dizao-8-g.jpg","contentUrl":"https:\/\/www.eko-bio-natura.sk\/shop\/wp-content\/uploads\/2021\/12\/14187_prirodna-hydrogelova-ocna-maska-s-hyaluronom-gold-dizao-8-g.jpg","width":700,"height":700},{"@type":"BreadcrumbList","@id":"https:\/\/www.eko-bio-natura.sk\/shop\/produkt\/prirodna-hydrogelova-ocna-maska-s-hyaluronom-gold-dizao-8-g\/#breadcrumb","itemListElement":[{"@type":"ListItem","position":1,"name":"Domovsk\u00e1 str\u00e1nka","item":"https:\/\/www.eko-bio-natura.sk\/shop\/"},{"@type":"ListItem","position":2,"name":"Obchod","item":"https:\/\/www.eko-bio-natura.sk\/shop\/?page_id=6"},{"@type":"ListItem","position":3,"name":"Pr\u00edrodn\u00e1 hydrog\u00e9lov\u00e1 o\u010dn\u00e1 maska s hyalur\u00f3nom Gold &#8211; Dizao &#8211; 8 g"}]},{"@type":"WebSite","@id":"https:\/\/www.eko-bio-natura.sk\/shop\/#website","url":"https:\/\/www.eko-bio-natura.sk\/shop\/","name":"EKO-BIO-NATURA BIO OBCHOD","description":"","publisher":{"@id":"https:\/\/www.eko-bio-natura.sk\/shop\/#organization"},"potentialAction":[{"@type":"SearchAction","target":{"@type":"EntryPoint","urlTemplate":"https:\/\/www.eko-bio-natura.sk\/shop\/?s={search_term_string}"},"query-input":{"@type":"PropertyValueSpecification","valueRequired":true,"valueName":"search_term_string"}}],"inLanguage":"sk-SK"},{"@type":"Organization","@id":"https:\/\/www.eko-bio-natura.sk\/shop\/#organization","name":"EKO-BIO-NATURA BIO OBCHOD","url":"https:\/\/www.eko-bio-natura.sk\/shop\/","logo":{"@type":"ImageObject","inLanguage":"sk-SK","@id":"https:\/\/www.eko-bio-natura.sk\/shop\/#\/schema\/logo\/image\/","url":"https:\/\/www.eko-bio-natura.sk\/shop\/wp-content\/uploads\/2021\/04\/eko-bio-natura_logo.png","contentUrl":"https:\/\/www.eko-bio-natura.sk\/shop\/wp-content\/uploads\/2021\/04\/eko-bio-natura_logo.png","width":552,"height":194,"caption":"EKO-BIO-NATURA BIO OBCHOD"},"image":{"@id":"https:\/\/www.eko-bio-natura.sk\/shop\/#\/schema\/logo\/image\/"}}]}},"_links":{"self":[{"href":"https:\/\/www.eko-bio-natura.sk\/shop\/wp-json\/wp\/v2\/product\/7707","targetHints":{"allow":["GET"]}}],"collection":[{"href":"https:\/\/www.eko-bio-natura.sk\/shop\/wp-json\/wp\/v2\/product"}],"about":[{"href":"https:\/\/www.eko-bio-natura.sk\/shop\/wp-json\/wp\/v2\/types\/product"}],"replies":[{"embeddable":true,"href":"https:\/\/www.eko-bio-natura.sk\/shop\/wp-json\/wp\/v2\/comments?post=7707"}],"wp:featuredmedia":[{"embeddable":true,"href":"https:\/\/www.eko-bio-natura.sk\/shop\/wp-json\/wp\/v2\/media\/7708"}],"wp:attachment":[{"href":"https:\/\/www.eko-bio-natura.sk\/shop\/wp-json\/wp\/v2\/media?parent=7707"}],"wp:term":[{"taxonomy":"product_brand","embeddable":true,"href":"https:\/\/www.eko-bio-natura.sk\/shop\/wp-json\/wp\/v2\/product_brand?post=7707"},{"taxonomy":"product_cat","embeddable":true,"href":"https:\/\/www.eko-bio-natura.sk\/shop\/wp-json\/wp\/v2\/product_cat?post=7707"},{"taxonomy":"product_tag","embeddable":true,"href":"https:\/\/www.eko-bio-natura.sk\/shop\/wp-json\/wp\/v2\/product_tag?post=7707"}],"curies":[{"name":"wp","href":"https:\/\/api.w.org\/{rel}","templated":true}]}}