{"id":7693,"date":"2021-12-28T18:17:23","date_gmt":"2021-12-28T17:17:23","guid":{"rendered":"https:\/\/www.eko-bio-natura.sk\/shop\/index.php\/produkt\/antibakterialny-gel-belita-98-ml\/"},"modified":"2022-05-04T16:41:29","modified_gmt":"2022-05-04T14:41:29","slug":"antibakterialny-gel-belita-98-ml","status":"publish","type":"product","link":"https:\/\/www.eko-bio-natura.sk\/shop\/produkt\/antibakterialny-gel-belita-98-ml\/","title":{"rendered":"Antibakteri\u00e1lny g\u00e9l &#8211; Belita &#8211; 98 ml"},"content":{"rendered":"<p><span style=\"font-family: verdana, geneva; font-size: 12pt;\">Jemn\u00fd antibakteri\u00e1lny g\u00e9l na ruky dezinfikuje va\u0161u poko\u017eku, nech ste kdeko\u013evek. Nepostr\u00e1date\u013en\u00fd spolo\u010dn\u00edk pri cestovan\u00ed, v situ\u00e1ci\u00e1ch, ke\u010f si nem\u00f4\u017eete umy\u0165 ruky, napr. po \u0161portovan\u00ed, mimo domova, prech\u00e1dzkach s de\u0165mi, po\u010das pikniku.G\u00e9l dokonale \u010dist\u00ed a osvie\u017euje poko\u017eku r\u00fak.<\/span><\/p>\n<p><span style=\"font-family: verdana, geneva; font-size: 12pt;\">Vhodn\u00e9 na \u010dast\u00e9 pou\u017eitie.<\/span><\/p>\n<p><span style=\"font-family: verdana, geneva; font-size: 12pt;\"><strong>Osved\u010den\u00e9<\/strong>: <\/span><\/p>\n<ul>\n<li><span style=\"font-family: verdana, geneva; font-size: 12pt;\">zab\u00edja a\u017e 100% bakt\u00e9ri\u00ed<\/span><\/li>\n<li><span style=\"font-family: verdana, geneva; font-size: 12pt;\">dezinfikuje poko\u017eku r\u00fak bez zanechania lepkav\u00e9ho efektu.<\/span><\/li>\n<\/ul>\n<p><span style=\"font-family: verdana, geneva; font-size: 12pt;\"><strong>Pou\u017eitie:<\/strong> Naneste na poko\u017eku r\u00fak.<\/span><\/p>\n<p><span style=\"font-family: verdana, geneva; font-size: 12pt;\"><strong>Upozornenia:<\/strong> Zabr\u00e1\u0148te kontaktu s o\u010dami. Nepou\u017e\u00edvajte na tv\u00e1r.&nbsp;Len na vonkaj\u0161ie pou\u017eitie! Neaplikujte na otvoren\u00e9 rany!<\/span><\/p>\n<p><span style=\"font-family: verdana, geneva; font-size: 12pt;\"><strong><img fetchpriority=\"high\" decoding=\"async\" src=\"\/user\/documents\/upload\/mceclip0-180.png?1622008415\" width=\"964\" height=\"53\" \/><\/strong><\/span><\/p>\n<p><span style=\"font-family: verdana, geneva; font-size: 12pt;\"><strong><\/strong><\/span><span style=\"font-family: verdana, geneva; font-size: 12pt;\"><strong>Objem:<\/strong> 98 ml<\/span><\/p>\n<p><span style=\"font-family: verdana, geneva; font-size: 12pt;\"><strong>Krajina p\u00f4vodu:<\/strong> Rusko<\/span><\/p>\n<p>&nbsp;<\/p>\n","protected":false},"excerpt":{"rendered":"<p>Jemn\u00fd antibakteri\u00e1lny g\u00e9l na ruky dezinfikuje va\u0161u poko\u017eku, nech ste kdeko\u013evek. Nepostr\u00e1date\u013en\u00fd spolo\u010dn\u00edk pri cestovan\u00ed, v situ\u00e1ci\u00e1ch, ke\u010f si nem\u00f4\u017eete umy\u0165 ruky, napr. po \u0161portovan\u00ed, mimo domova, prech\u00e1dzkach s de\u0165mi, po\u010das pikniku.G\u00e9l dokonale \u010dist\u00ed a osvie\u017euje poko\u017eku r\u00fak. Vhodn\u00e9 na \u010dast\u00e9 pou\u017eitie. Osved\u010den\u00e9: zab\u00edja a\u017e 100% bakt\u00e9ri\u00ed dezinfikuje poko\u017eku r\u00fak bez zanechania lepkav\u00e9ho efektu. Pou\u017eitie: [&hellip;]<\/p>\n","protected":false},"featured_media":7694,"comment_status":"open","ping_status":"open","template":"","meta":{"site-sidebar-layout":"default","site-content-layout":"","ast-site-content-layout":"default","site-content-style":"default","site-sidebar-style":"default","ast-global-header-display":"","ast-banner-title-visibility":"","ast-main-header-display":"","ast-hfb-above-header-display":"","ast-hfb-below-header-display":"","ast-hfb-mobile-header-display":"","site-post-title":"","ast-breadcrumbs-content":"","ast-featured-img":"","footer-sml-layout":"","ast-disable-related-posts":"","theme-transparent-header-meta":"","adv-header-id-meta":"","stick-header-meta":"","header-above-stick-meta":"","header-main-stick-meta":"","header-below-stick-meta":"","astra-migrate-meta-layouts":"default","ast-page-background-enabled":"default","ast-page-background-meta":{"desktop":{"background-color":"","background-image":"","background-repeat":"repeat","background-position":"center center","background-size":"auto","background-attachment":"scroll","background-type":"","background-media":"","overlay-type":"","overlay-color":"","overlay-opacity":"","overlay-gradient":""},"tablet":{"background-color":"","background-image":"","background-repeat":"repeat","background-position":"center center","background-size":"auto","background-attachment":"scroll","background-type":"","background-media":"","overlay-type":"","overlay-color":"","overlay-opacity":"","overlay-gradient":""},"mobile":{"background-color":"","background-image":"","background-repeat":"repeat","background-position":"center center","background-size":"auto","background-attachment":"scroll","background-type":"","background-media":"","overlay-type":"","overlay-color":"","overlay-opacity":"","overlay-gradient":""}},"ast-content-background-meta":{"desktop":{"background-color":"var(--ast-global-color-5)","background-image":"","background-repeat":"repeat","background-position":"center center","background-size":"auto","background-attachment":"scroll","background-type":"","background-media":"","overlay-type":"","overlay-color":"","overlay-opacity":"","overlay-gradient":""},"tablet":{"background-color":"var(--ast-global-color-5)","background-image":"","background-repeat":"repeat","background-position":"center center","background-size":"auto","background-attachment":"scroll","background-type":"","background-media":"","overlay-type":"","overlay-color":"","overlay-opacity":"","overlay-gradient":""},"mobile":{"background-color":"var(--ast-global-color-5)","background-image":"","background-repeat":"repeat","background-position":"center center","background-size":"auto","background-attachment":"scroll","background-type":"","background-media":"","overlay-type":"","overlay-color":"","overlay-opacity":"","overlay-gradient":""}}},"product_brand":[],"product_cat":[277],"product_tag":[],"class_list":{"0":"post-7693","1":"product","2":"type-product","3":"status-publish","4":"has-post-thumbnail","6":"product_cat-dezinfekcie-a-antibakterialne-gely","7":"pa_cena-dopravy-367","8":"pa_doprava-zasilkovna","9":"pa_ean-1012","10":"pa_typ-partnersky-predaj","11":"pa_znacka-belita","12":"desktop-align-left","13":"tablet-align-left","14":"mobile-align-left","16":"first","17":"instock","18":"product-type-external"},"yoast_head":"<!-- This site is optimized with the Yoast SEO plugin v27.2 - https:\/\/yoast.com\/product\/yoast-seo-wordpress\/ -->\n<title>Antibakteri\u00e1lny g\u00e9l - Belita - 98 ml - EKO-BIO-NATURA BIO OBCHOD<\/title>\n<meta name=\"robots\" content=\"index, follow, max-snippet:-1, max-image-preview:large, max-video-preview:-1\" \/>\n<link rel=\"canonical\" href=\"https:\/\/www.eko-bio-natura.sk\/shop\/produkt\/antibakterialny-gel-belita-98-ml\/\" \/>\n<meta property=\"og:locale\" content=\"sk_SK\" \/>\n<meta property=\"og:type\" content=\"article\" \/>\n<meta property=\"og:title\" content=\"Antibakteri\u00e1lny g\u00e9l - Belita - 98 ml - EKO-BIO-NATURA BIO OBCHOD\" \/>\n<meta property=\"og:description\" content=\"Jemn\u00fd antibakteri\u00e1lny g\u00e9l na ruky dezinfikuje va\u0161u poko\u017eku, nech ste kdeko\u013evek. Nepostr\u00e1date\u013en\u00fd spolo\u010dn\u00edk pri cestovan\u00ed, v situ\u00e1ci\u00e1ch, ke\u010f si nem\u00f4\u017eete umy\u0165 ruky, napr. po \u0161portovan\u00ed, mimo domova, prech\u00e1dzkach s de\u0165mi, po\u010das pikniku.G\u00e9l dokonale \u010dist\u00ed a osvie\u017euje poko\u017eku r\u00fak. Vhodn\u00e9 na \u010dast\u00e9 pou\u017eitie. Osved\u010den\u00e9: zab\u00edja a\u017e 100% bakt\u00e9ri\u00ed dezinfikuje poko\u017eku r\u00fak bez zanechania lepkav\u00e9ho efektu. Pou\u017eitie: [&hellip;]\" \/>\n<meta property=\"og:url\" content=\"https:\/\/www.eko-bio-natura.sk\/shop\/produkt\/antibakterialny-gel-belita-98-ml\/\" \/>\n<meta property=\"og:site_name\" content=\"EKO-BIO-NATURA BIO OBCHOD\" \/>\n<meta property=\"article:modified_time\" content=\"2022-05-04T14:41:29+00:00\" \/>\n<meta property=\"og:image\" content=\"https:\/\/www.eko-bio-natura.sk\/shop\/wp-content\/uploads\/2021\/12\/14154_antibakterialny-gel-belita-98-ml.jpg\" \/>\n\t<meta property=\"og:image:width\" content=\"1000\" \/>\n\t<meta property=\"og:image:height\" content=\"667\" \/>\n\t<meta property=\"og:image:type\" content=\"image\/jpeg\" \/>\n<meta name=\"twitter:card\" content=\"summary_large_image\" \/>\n<meta name=\"twitter:label1\" content=\"Predpokladan\u00fd \u010das \u010d\u00edtania\" \/>\n\t<meta name=\"twitter:data1\" content=\"1 min\u00fata\" \/>\n<script type=\"application\/ld+json\" class=\"yoast-schema-graph\">{\"@context\":\"https:\/\/schema.org\",\"@graph\":[{\"@type\":\"WebPage\",\"@id\":\"https:\/\/www.eko-bio-natura.sk\/shop\/produkt\/antibakterialny-gel-belita-98-ml\/\",\"url\":\"https:\/\/www.eko-bio-natura.sk\/shop\/produkt\/antibakterialny-gel-belita-98-ml\/\",\"name\":\"Antibakteri\u00e1lny g\u00e9l - Belita - 98 ml - EKO-BIO-NATURA BIO OBCHOD\",\"isPartOf\":{\"@id\":\"https:\/\/www.eko-bio-natura.sk\/shop\/#website\"},\"primaryImageOfPage\":{\"@id\":\"https:\/\/www.eko-bio-natura.sk\/shop\/produkt\/antibakterialny-gel-belita-98-ml\/#primaryimage\"},\"image\":{\"@id\":\"https:\/\/www.eko-bio-natura.sk\/shop\/produkt\/antibakterialny-gel-belita-98-ml\/#primaryimage\"},\"thumbnailUrl\":\"https:\/\/www.eko-bio-natura.sk\/shop\/wp-content\/uploads\/2021\/12\/14154_antibakterialny-gel-belita-98-ml.jpg\",\"datePublished\":\"2021-12-28T17:17:23+00:00\",\"dateModified\":\"2022-05-04T14:41:29+00:00\",\"breadcrumb\":{\"@id\":\"https:\/\/www.eko-bio-natura.sk\/shop\/produkt\/antibakterialny-gel-belita-98-ml\/#breadcrumb\"},\"inLanguage\":\"sk-SK\",\"potentialAction\":[{\"@type\":\"ReadAction\",\"target\":[\"https:\/\/www.eko-bio-natura.sk\/shop\/produkt\/antibakterialny-gel-belita-98-ml\/\"]}]},{\"@type\":\"ImageObject\",\"inLanguage\":\"sk-SK\",\"@id\":\"https:\/\/www.eko-bio-natura.sk\/shop\/produkt\/antibakterialny-gel-belita-98-ml\/#primaryimage\",\"url\":\"https:\/\/www.eko-bio-natura.sk\/shop\/wp-content\/uploads\/2021\/12\/14154_antibakterialny-gel-belita-98-ml.jpg\",\"contentUrl\":\"https:\/\/www.eko-bio-natura.sk\/shop\/wp-content\/uploads\/2021\/12\/14154_antibakterialny-gel-belita-98-ml.jpg\",\"width\":1000,\"height\":667},{\"@type\":\"BreadcrumbList\",\"@id\":\"https:\/\/www.eko-bio-natura.sk\/shop\/produkt\/antibakterialny-gel-belita-98-ml\/#breadcrumb\",\"itemListElement\":[{\"@type\":\"ListItem\",\"position\":1,\"name\":\"Domovsk\u00e1 str\u00e1nka\",\"item\":\"https:\/\/www.eko-bio-natura.sk\/shop\/\"},{\"@type\":\"ListItem\",\"position\":2,\"name\":\"Obchod\",\"item\":\"https:\/\/www.eko-bio-natura.sk\/shop\/?page_id=6\"},{\"@type\":\"ListItem\",\"position\":3,\"name\":\"Antibakteri\u00e1lny g\u00e9l &#8211; Belita &#8211; 98 ml\"}]},{\"@type\":\"WebSite\",\"@id\":\"https:\/\/www.eko-bio-natura.sk\/shop\/#website\",\"url\":\"https:\/\/www.eko-bio-natura.sk\/shop\/\",\"name\":\"EKO-BIO-NATURA BIO OBCHOD\",\"description\":\"\",\"publisher\":{\"@id\":\"https:\/\/www.eko-bio-natura.sk\/shop\/#organization\"},\"potentialAction\":[{\"@type\":\"SearchAction\",\"target\":{\"@type\":\"EntryPoint\",\"urlTemplate\":\"https:\/\/www.eko-bio-natura.sk\/shop\/?s={search_term_string}\"},\"query-input\":{\"@type\":\"PropertyValueSpecification\",\"valueRequired\":true,\"valueName\":\"search_term_string\"}}],\"inLanguage\":\"sk-SK\"},{\"@type\":\"Organization\",\"@id\":\"https:\/\/www.eko-bio-natura.sk\/shop\/#organization\",\"name\":\"EKO-BIO-NATURA BIO OBCHOD\",\"url\":\"https:\/\/www.eko-bio-natura.sk\/shop\/\",\"logo\":{\"@type\":\"ImageObject\",\"inLanguage\":\"sk-SK\",\"@id\":\"https:\/\/www.eko-bio-natura.sk\/shop\/#\/schema\/logo\/image\/\",\"url\":\"https:\/\/www.eko-bio-natura.sk\/shop\/wp-content\/uploads\/2021\/04\/eko-bio-natura_logo.png\",\"contentUrl\":\"https:\/\/www.eko-bio-natura.sk\/shop\/wp-content\/uploads\/2021\/04\/eko-bio-natura_logo.png\",\"width\":552,\"height\":194,\"caption\":\"EKO-BIO-NATURA BIO OBCHOD\"},\"image\":{\"@id\":\"https:\/\/www.eko-bio-natura.sk\/shop\/#\/schema\/logo\/image\/\"}}]}<\/script>\n<!-- \/ Yoast SEO plugin. -->","yoast_head_json":{"title":"Antibakteri\u00e1lny g\u00e9l - Belita - 98 ml - EKO-BIO-NATURA BIO OBCHOD","robots":{"index":"index","follow":"follow","max-snippet":"max-snippet:-1","max-image-preview":"max-image-preview:large","max-video-preview":"max-video-preview:-1"},"canonical":"https:\/\/www.eko-bio-natura.sk\/shop\/produkt\/antibakterialny-gel-belita-98-ml\/","og_locale":"sk_SK","og_type":"article","og_title":"Antibakteri\u00e1lny g\u00e9l - Belita - 98 ml - EKO-BIO-NATURA BIO OBCHOD","og_description":"Jemn\u00fd antibakteri\u00e1lny g\u00e9l na ruky dezinfikuje va\u0161u poko\u017eku, nech ste kdeko\u013evek. Nepostr\u00e1date\u013en\u00fd spolo\u010dn\u00edk pri cestovan\u00ed, v situ\u00e1ci\u00e1ch, ke\u010f si nem\u00f4\u017eete umy\u0165 ruky, napr. po \u0161portovan\u00ed, mimo domova, prech\u00e1dzkach s de\u0165mi, po\u010das pikniku.G\u00e9l dokonale \u010dist\u00ed a osvie\u017euje poko\u017eku r\u00fak. Vhodn\u00e9 na \u010dast\u00e9 pou\u017eitie. Osved\u010den\u00e9: zab\u00edja a\u017e 100% bakt\u00e9ri\u00ed dezinfikuje poko\u017eku r\u00fak bez zanechania lepkav\u00e9ho efektu. Pou\u017eitie: [&hellip;]","og_url":"https:\/\/www.eko-bio-natura.sk\/shop\/produkt\/antibakterialny-gel-belita-98-ml\/","og_site_name":"EKO-BIO-NATURA BIO OBCHOD","article_modified_time":"2022-05-04T14:41:29+00:00","og_image":[{"width":1000,"height":667,"url":"https:\/\/www.eko-bio-natura.sk\/shop\/wp-content\/uploads\/2021\/12\/14154_antibakterialny-gel-belita-98-ml.jpg","type":"image\/jpeg"}],"twitter_card":"summary_large_image","twitter_misc":{"Predpokladan\u00fd \u010das \u010d\u00edtania":"1 min\u00fata"},"schema":{"@context":"https:\/\/schema.org","@graph":[{"@type":"WebPage","@id":"https:\/\/www.eko-bio-natura.sk\/shop\/produkt\/antibakterialny-gel-belita-98-ml\/","url":"https:\/\/www.eko-bio-natura.sk\/shop\/produkt\/antibakterialny-gel-belita-98-ml\/","name":"Antibakteri\u00e1lny g\u00e9l - Belita - 98 ml - EKO-BIO-NATURA BIO OBCHOD","isPartOf":{"@id":"https:\/\/www.eko-bio-natura.sk\/shop\/#website"},"primaryImageOfPage":{"@id":"https:\/\/www.eko-bio-natura.sk\/shop\/produkt\/antibakterialny-gel-belita-98-ml\/#primaryimage"},"image":{"@id":"https:\/\/www.eko-bio-natura.sk\/shop\/produkt\/antibakterialny-gel-belita-98-ml\/#primaryimage"},"thumbnailUrl":"https:\/\/www.eko-bio-natura.sk\/shop\/wp-content\/uploads\/2021\/12\/14154_antibakterialny-gel-belita-98-ml.jpg","datePublished":"2021-12-28T17:17:23+00:00","dateModified":"2022-05-04T14:41:29+00:00","breadcrumb":{"@id":"https:\/\/www.eko-bio-natura.sk\/shop\/produkt\/antibakterialny-gel-belita-98-ml\/#breadcrumb"},"inLanguage":"sk-SK","potentialAction":[{"@type":"ReadAction","target":["https:\/\/www.eko-bio-natura.sk\/shop\/produkt\/antibakterialny-gel-belita-98-ml\/"]}]},{"@type":"ImageObject","inLanguage":"sk-SK","@id":"https:\/\/www.eko-bio-natura.sk\/shop\/produkt\/antibakterialny-gel-belita-98-ml\/#primaryimage","url":"https:\/\/www.eko-bio-natura.sk\/shop\/wp-content\/uploads\/2021\/12\/14154_antibakterialny-gel-belita-98-ml.jpg","contentUrl":"https:\/\/www.eko-bio-natura.sk\/shop\/wp-content\/uploads\/2021\/12\/14154_antibakterialny-gel-belita-98-ml.jpg","width":1000,"height":667},{"@type":"BreadcrumbList","@id":"https:\/\/www.eko-bio-natura.sk\/shop\/produkt\/antibakterialny-gel-belita-98-ml\/#breadcrumb","itemListElement":[{"@type":"ListItem","position":1,"name":"Domovsk\u00e1 str\u00e1nka","item":"https:\/\/www.eko-bio-natura.sk\/shop\/"},{"@type":"ListItem","position":2,"name":"Obchod","item":"https:\/\/www.eko-bio-natura.sk\/shop\/?page_id=6"},{"@type":"ListItem","position":3,"name":"Antibakteri\u00e1lny g\u00e9l &#8211; Belita &#8211; 98 ml"}]},{"@type":"WebSite","@id":"https:\/\/www.eko-bio-natura.sk\/shop\/#website","url":"https:\/\/www.eko-bio-natura.sk\/shop\/","name":"EKO-BIO-NATURA BIO OBCHOD","description":"","publisher":{"@id":"https:\/\/www.eko-bio-natura.sk\/shop\/#organization"},"potentialAction":[{"@type":"SearchAction","target":{"@type":"EntryPoint","urlTemplate":"https:\/\/www.eko-bio-natura.sk\/shop\/?s={search_term_string}"},"query-input":{"@type":"PropertyValueSpecification","valueRequired":true,"valueName":"search_term_string"}}],"inLanguage":"sk-SK"},{"@type":"Organization","@id":"https:\/\/www.eko-bio-natura.sk\/shop\/#organization","name":"EKO-BIO-NATURA BIO OBCHOD","url":"https:\/\/www.eko-bio-natura.sk\/shop\/","logo":{"@type":"ImageObject","inLanguage":"sk-SK","@id":"https:\/\/www.eko-bio-natura.sk\/shop\/#\/schema\/logo\/image\/","url":"https:\/\/www.eko-bio-natura.sk\/shop\/wp-content\/uploads\/2021\/04\/eko-bio-natura_logo.png","contentUrl":"https:\/\/www.eko-bio-natura.sk\/shop\/wp-content\/uploads\/2021\/04\/eko-bio-natura_logo.png","width":552,"height":194,"caption":"EKO-BIO-NATURA BIO OBCHOD"},"image":{"@id":"https:\/\/www.eko-bio-natura.sk\/shop\/#\/schema\/logo\/image\/"}}]}},"_links":{"self":[{"href":"https:\/\/www.eko-bio-natura.sk\/shop\/wp-json\/wp\/v2\/product\/7693","targetHints":{"allow":["GET"]}}],"collection":[{"href":"https:\/\/www.eko-bio-natura.sk\/shop\/wp-json\/wp\/v2\/product"}],"about":[{"href":"https:\/\/www.eko-bio-natura.sk\/shop\/wp-json\/wp\/v2\/types\/product"}],"replies":[{"embeddable":true,"href":"https:\/\/www.eko-bio-natura.sk\/shop\/wp-json\/wp\/v2\/comments?post=7693"}],"wp:featuredmedia":[{"embeddable":true,"href":"https:\/\/www.eko-bio-natura.sk\/shop\/wp-json\/wp\/v2\/media\/7694"}],"wp:attachment":[{"href":"https:\/\/www.eko-bio-natura.sk\/shop\/wp-json\/wp\/v2\/media?parent=7693"}],"wp:term":[{"taxonomy":"product_brand","embeddable":true,"href":"https:\/\/www.eko-bio-natura.sk\/shop\/wp-json\/wp\/v2\/product_brand?post=7693"},{"taxonomy":"product_cat","embeddable":true,"href":"https:\/\/www.eko-bio-natura.sk\/shop\/wp-json\/wp\/v2\/product_cat?post=7693"},{"taxonomy":"product_tag","embeddable":true,"href":"https:\/\/www.eko-bio-natura.sk\/shop\/wp-json\/wp\/v2\/product_tag?post=7693"}],"curies":[{"name":"wp","href":"https:\/\/api.w.org\/{rel}","templated":true}]}}