{"id":7687,"date":"2021-12-28T18:17:23","date_gmt":"2021-12-28T17:17:23","guid":{"rendered":"https:\/\/www.eko-bio-natura.sk\/shop\/index.php\/produkt\/prirodny-krystalovy-deodorant-v-spreji-kvet-pivonie-salt-of-the-earth-100-ml\/"},"modified":"2022-05-04T16:41:27","modified_gmt":"2022-05-04T14:41:27","slug":"prirodny-krystalovy-deodorant-v-spreji-kvet-pivonie-salt-of-the-earth-100-ml","status":"publish","type":"product","link":"https:\/\/www.eko-bio-natura.sk\/shop\/produkt\/prirodny-krystalovy-deodorant-v-spreji-kvet-pivonie-salt-of-the-earth-100-ml\/","title":{"rendered":"Pr\u00edrodn\u00fd kry\u0161t\u00e1lov\u00fd deodorant v spreji &#8211; kvet piv\u00f3nie &#8211; Salt of the Earth &#8211; 100 ml"},"content":{"rendered":"<p><meta charset=\"UTF-8\" \/><\/p>\n<p><span style=\"font-family: verdana, geneva; font-size: 12pt;\">Tieto kry\u0161t\u00e1lov\u00e9 deodoranty funguj\u00fa na princ\u00edpe <strong>\u010distej pr\u00edrodnej ochrany<\/strong>. Na mieste aplik\u00e1cie zanechaj\u00fa tenk\u00fa vrstvu soli &#8211; potasium alum (kameneca). T\u00e1to l\u00e1tka bola pou\u017e\u00edvan\u00e1 ako deodorant po st\u00e1ro\u010dia. Zabra\u0148uje rastu bakt\u00e9rii sp\u00f4sobuj\u00facich z\u00e1pach v&nbsp;podpazu\u0161\u00ed bez toho, aby V\u00e1m zablokovali potn\u00e9 \u017e\u013eazy. Va\u0161e telo sa na\u010falej zbavuje nebezpe\u010dn\u00fdch \u0161kodliv\u00edn av\u0161ak bez nepr\u00edjemn\u00e9ho z\u00e1pachu.<\/span><\/p>\n<p><span style=\"font-family: verdana, geneva; font-size: 12pt;\">Netoxick\u00fd a hypo \u2013 alerg\u00e9nny &nbsp;kame\u0148 m\u00f4\u017ee by\u0165 aplikovan\u00fd kdeko\u013evek na Va\u0161om tele. Ak m\u00e1te probl\u00e9my s nepr\u00edjemn\u00fdm z\u00e1pachom na chodidl\u00e1ch, s pr\u00edrodn\u00fdm deodorantom kry\u0161t\u00e1l tento probl\u00e9m pre V\u00e1s prest\u00e1va existova\u0165. Jednoducho si namo\u010den\u00e9 chodidl\u00e1 potriete kame\u0148om, ktor\u00fd na nich zanech\u00e1 jemn\u00fd filter \u00fa\u010dinnej alkalickej soli eliminuj\u00facej ne\u017eiad\u00face bakt\u00e9rie. <strong>Eliminujete bakt\u00e9rie \u2013 eliminujete pachy. <\/strong><\/span><\/p>\n<p><span style=\"font-family: verdana, geneva; font-size: 12pt;\"><strong>Deodoranty neobsahuj\u00fa<\/strong>: &nbsp;Alum\u00ednium Chlorohydr\u00e1t, parab\u00e9ny, alkohol, parfumy, miner\u00e1lne oleje, propelanty (stla\u010den\u00e9 plyny v&nbsp;spreji), triklosan<\/span><\/p>\n<p><span style=\"font-family: verdana, geneva; font-size: 12pt;\"><strong>Z\u00e1ruky&nbsp;ktor\u00e9 nesie zak\u00fapenie tohto deodorantu:<\/strong><\/span><\/p>\n<ul>\n<li><span style=\"font-family: verdana, geneva; font-size: 12pt;\">Neparfumovan\u00fd deodorant<\/span><\/li>\n<li><span style=\"font-family: verdana, geneva; font-size: 12pt;\">Vhodn\u00e9 pre veg\u00e1nov<\/span><\/li>\n<li><span style=\"font-family: verdana, geneva; font-size: 12pt;\">V\u00fdrobky neboli testovan\u00e9 na zvierat\u00e1ch<\/span><\/li>\n<li><span style=\"font-family: verdana, geneva; font-size: 12pt;\">Nezanech\u00e1va nepr\u00edjemn\u00e9 biele f\u013eaky<\/span><\/li>\n<li><span style=\"font-family: verdana, geneva; font-size: 12pt;\">Nem\u00e1 kontra indika\u010dn\u00fd \u00fa\u010dinok pri homeopatickej lie\u010dbe<\/span><\/li>\n<li><span style=\"font-family: verdana, geneva; font-size: 12pt;\">\u013dahko aplikovate\u013en\u00fd \u2013 pumpi\u010dkov\u00fd sprej<\/span><\/li>\n<\/ul>\n<p>&nbsp;<\/p>\n<p><span style=\"font-family: verdana, geneva; font-size: 12pt;\"><img fetchpriority=\"high\" decoding=\"async\" src=\"\/user\/documents\/upload\/mceclip0-165.png?1620714557\" width=\"971\" height=\"70\" \/><\/span><\/p>\n<p><span style=\"font-family: verdana, geneva; font-size: 12pt;\"><strong>Objem:&nbsp;<\/strong>100 ml<\/span><\/p>\n<p><span style=\"font-family: verdana, geneva; font-size: 12pt;\"><strong>D\u00e1tum spotreby: <\/strong>po otvoren\u00ed spotrebujte do 24 mesiacov<\/p>\n<p><strong>Krajina p\u00f4vodu:&nbsp;<\/strong>Ve\u013ek\u00e1 Brit\u00e1nia<\/span><\/p>\n<p><span style=\"font-family: verdana, geneva; font-size: 12pt;\">Chcete vedie\u0165 viac o deodorante a jeho \u00fa\u010dinkoch, pre\u010d\u00edtajte si, ako sme testovali tuh\u00fd deodorant z kamenca, cel\u00fd \u010dl\u00e1nok n\u00e1jdete <a href=\"http:\/\/blog.herbatica.sk\/deodorant-z-kamenca\/\" target=\"_blank\" rel=\"noopener noreferrer\">tu.<\/a><\/span><\/p>\n","protected":false},"excerpt":{"rendered":"<p>Tieto kry\u0161t\u00e1lov\u00e9 deodoranty funguj\u00fa na princ\u00edpe \u010distej pr\u00edrodnej ochrany. Na mieste aplik\u00e1cie zanechaj\u00fa tenk\u00fa vrstvu soli &#8211; potasium alum (kameneca). T\u00e1to l\u00e1tka bola pou\u017e\u00edvan\u00e1 ako deodorant po st\u00e1ro\u010dia. Zabra\u0148uje rastu bakt\u00e9rii sp\u00f4sobuj\u00facich z\u00e1pach v&nbsp;podpazu\u0161\u00ed bez toho, aby V\u00e1m zablokovali potn\u00e9 \u017e\u013eazy. Va\u0161e telo sa na\u010falej zbavuje nebezpe\u010dn\u00fdch \u0161kodliv\u00edn av\u0161ak bez nepr\u00edjemn\u00e9ho z\u00e1pachu. Netoxick\u00fd a hypo [&hellip;]<\/p>\n","protected":false},"featured_media":7688,"comment_status":"open","ping_status":"open","template":"","meta":{"site-sidebar-layout":"default","site-content-layout":"","ast-site-content-layout":"default","site-content-style":"default","site-sidebar-style":"default","ast-global-header-display":"","ast-banner-title-visibility":"","ast-main-header-display":"","ast-hfb-above-header-display":"","ast-hfb-below-header-display":"","ast-hfb-mobile-header-display":"","site-post-title":"","ast-breadcrumbs-content":"","ast-featured-img":"","footer-sml-layout":"","ast-disable-related-posts":"","theme-transparent-header-meta":"","adv-header-id-meta":"","stick-header-meta":"","header-above-stick-meta":"","header-main-stick-meta":"","header-below-stick-meta":"","astra-migrate-meta-layouts":"default","ast-page-background-enabled":"default","ast-page-background-meta":{"desktop":{"background-color":"","background-image":"","background-repeat":"repeat","background-position":"center center","background-size":"auto","background-attachment":"scroll","background-type":"","background-media":"","overlay-type":"","overlay-color":"","overlay-opacity":"","overlay-gradient":""},"tablet":{"background-color":"","background-image":"","background-repeat":"repeat","background-position":"center center","background-size":"auto","background-attachment":"scroll","background-type":"","background-media":"","overlay-type":"","overlay-color":"","overlay-opacity":"","overlay-gradient":""},"mobile":{"background-color":"","background-image":"","background-repeat":"repeat","background-position":"center center","background-size":"auto","background-attachment":"scroll","background-type":"","background-media":"","overlay-type":"","overlay-color":"","overlay-opacity":"","overlay-gradient":""}},"ast-content-background-meta":{"desktop":{"background-color":"var(--ast-global-color-5)","background-image":"","background-repeat":"repeat","background-position":"center center","background-size":"auto","background-attachment":"scroll","background-type":"","background-media":"","overlay-type":"","overlay-color":"","overlay-opacity":"","overlay-gradient":""},"tablet":{"background-color":"var(--ast-global-color-5)","background-image":"","background-repeat":"repeat","background-position":"center center","background-size":"auto","background-attachment":"scroll","background-type":"","background-media":"","overlay-type":"","overlay-color":"","overlay-opacity":"","overlay-gradient":""},"mobile":{"background-color":"var(--ast-global-color-5)","background-image":"","background-repeat":"repeat","background-position":"center center","background-size":"auto","background-attachment":"scroll","background-type":"","background-media":"","overlay-type":"","overlay-color":"","overlay-opacity":"","overlay-gradient":""}}},"product_brand":[],"product_cat":[39,2741],"product_tag":[362],"class_list":{"0":"post-7687","1":"product","2":"type-product","3":"status-publish","4":"has-post-thumbnail","6":"product_cat-telova-kozmetika","7":"product_cat-vegan","8":"product_tag-vegan","9":"pa_cena-dopravy-367","10":"pa_doprava-zasilkovna","11":"pa_typ-partnersky-predaj","12":"pa_znacka-salt-of-the-earth","13":"desktop-align-left","14":"tablet-align-left","15":"mobile-align-left","17":"first","18":"instock","19":"product-type-external"},"yoast_head":"<!-- This site is optimized with the Yoast SEO plugin v27.2 - https:\/\/yoast.com\/product\/yoast-seo-wordpress\/ -->\n<title>Pr\u00edrodn\u00fd kry\u0161t\u00e1lov\u00fd deodorant v spreji - kvet piv\u00f3nie - Salt of the Earth - 100 ml - EKO-BIO-NATURA BIO OBCHOD<\/title>\n<meta name=\"robots\" content=\"index, follow, max-snippet:-1, max-image-preview:large, max-video-preview:-1\" \/>\n<link rel=\"canonical\" href=\"https:\/\/www.eko-bio-natura.sk\/shop\/produkt\/prirodny-krystalovy-deodorant-v-spreji-kvet-pivonie-salt-of-the-earth-100-ml\/\" \/>\n<meta property=\"og:locale\" content=\"sk_SK\" \/>\n<meta property=\"og:type\" content=\"article\" \/>\n<meta property=\"og:title\" content=\"Pr\u00edrodn\u00fd kry\u0161t\u00e1lov\u00fd deodorant v spreji - kvet piv\u00f3nie - Salt of the Earth - 100 ml - EKO-BIO-NATURA BIO OBCHOD\" \/>\n<meta property=\"og:description\" content=\"Tieto kry\u0161t\u00e1lov\u00e9 deodoranty funguj\u00fa na princ\u00edpe \u010distej pr\u00edrodnej ochrany. Na mieste aplik\u00e1cie zanechaj\u00fa tenk\u00fa vrstvu soli &#8211; potasium alum (kameneca). T\u00e1to l\u00e1tka bola pou\u017e\u00edvan\u00e1 ako deodorant po st\u00e1ro\u010dia. Zabra\u0148uje rastu bakt\u00e9rii sp\u00f4sobuj\u00facich z\u00e1pach v&nbsp;podpazu\u0161\u00ed bez toho, aby V\u00e1m zablokovali potn\u00e9 \u017e\u013eazy. Va\u0161e telo sa na\u010falej zbavuje nebezpe\u010dn\u00fdch \u0161kodliv\u00edn av\u0161ak bez nepr\u00edjemn\u00e9ho z\u00e1pachu. Netoxick\u00fd a hypo [&hellip;]\" \/>\n<meta property=\"og:url\" content=\"https:\/\/www.eko-bio-natura.sk\/shop\/produkt\/prirodny-krystalovy-deodorant-v-spreji-kvet-pivonie-salt-of-the-earth-100-ml\/\" \/>\n<meta property=\"og:site_name\" content=\"EKO-BIO-NATURA BIO OBCHOD\" \/>\n<meta property=\"article:modified_time\" content=\"2022-05-04T14:41:27+00:00\" \/>\n<meta property=\"og:image\" content=\"https:\/\/www.eko-bio-natura.sk\/shop\/wp-content\/uploads\/2021\/12\/14124_prirodny-krystalovy-deodorant-v-spreji-kvet-pivonie-salt-of-the-earth-100-ml.png\" \/>\n\t<meta property=\"og:image:width\" content=\"400\" \/>\n\t<meta property=\"og:image:height\" content=\"400\" \/>\n\t<meta property=\"og:image:type\" content=\"image\/png\" \/>\n<meta name=\"twitter:card\" content=\"summary_large_image\" \/>\n<meta name=\"twitter:label1\" content=\"Predpokladan\u00fd \u010das \u010d\u00edtania\" \/>\n\t<meta name=\"twitter:data1\" content=\"1 min\u00fata\" \/>\n<script type=\"application\/ld+json\" class=\"yoast-schema-graph\">{\"@context\":\"https:\/\/schema.org\",\"@graph\":[{\"@type\":\"WebPage\",\"@id\":\"https:\/\/www.eko-bio-natura.sk\/shop\/produkt\/prirodny-krystalovy-deodorant-v-spreji-kvet-pivonie-salt-of-the-earth-100-ml\/\",\"url\":\"https:\/\/www.eko-bio-natura.sk\/shop\/produkt\/prirodny-krystalovy-deodorant-v-spreji-kvet-pivonie-salt-of-the-earth-100-ml\/\",\"name\":\"Pr\u00edrodn\u00fd kry\u0161t\u00e1lov\u00fd deodorant v spreji - kvet piv\u00f3nie - Salt of the Earth - 100 ml - EKO-BIO-NATURA BIO OBCHOD\",\"isPartOf\":{\"@id\":\"https:\/\/www.eko-bio-natura.sk\/shop\/#website\"},\"primaryImageOfPage\":{\"@id\":\"https:\/\/www.eko-bio-natura.sk\/shop\/produkt\/prirodny-krystalovy-deodorant-v-spreji-kvet-pivonie-salt-of-the-earth-100-ml\/#primaryimage\"},\"image\":{\"@id\":\"https:\/\/www.eko-bio-natura.sk\/shop\/produkt\/prirodny-krystalovy-deodorant-v-spreji-kvet-pivonie-salt-of-the-earth-100-ml\/#primaryimage\"},\"thumbnailUrl\":\"https:\/\/www.eko-bio-natura.sk\/shop\/wp-content\/uploads\/2021\/12\/14124_prirodny-krystalovy-deodorant-v-spreji-kvet-pivonie-salt-of-the-earth-100-ml.png\",\"datePublished\":\"2021-12-28T17:17:23+00:00\",\"dateModified\":\"2022-05-04T14:41:27+00:00\",\"breadcrumb\":{\"@id\":\"https:\/\/www.eko-bio-natura.sk\/shop\/produkt\/prirodny-krystalovy-deodorant-v-spreji-kvet-pivonie-salt-of-the-earth-100-ml\/#breadcrumb\"},\"inLanguage\":\"sk-SK\",\"potentialAction\":[{\"@type\":\"ReadAction\",\"target\":[\"https:\/\/www.eko-bio-natura.sk\/shop\/produkt\/prirodny-krystalovy-deodorant-v-spreji-kvet-pivonie-salt-of-the-earth-100-ml\/\"]}]},{\"@type\":\"ImageObject\",\"inLanguage\":\"sk-SK\",\"@id\":\"https:\/\/www.eko-bio-natura.sk\/shop\/produkt\/prirodny-krystalovy-deodorant-v-spreji-kvet-pivonie-salt-of-the-earth-100-ml\/#primaryimage\",\"url\":\"https:\/\/www.eko-bio-natura.sk\/shop\/wp-content\/uploads\/2021\/12\/14124_prirodny-krystalovy-deodorant-v-spreji-kvet-pivonie-salt-of-the-earth-100-ml.png\",\"contentUrl\":\"https:\/\/www.eko-bio-natura.sk\/shop\/wp-content\/uploads\/2021\/12\/14124_prirodny-krystalovy-deodorant-v-spreji-kvet-pivonie-salt-of-the-earth-100-ml.png\",\"width\":400,\"height\":400},{\"@type\":\"BreadcrumbList\",\"@id\":\"https:\/\/www.eko-bio-natura.sk\/shop\/produkt\/prirodny-krystalovy-deodorant-v-spreji-kvet-pivonie-salt-of-the-earth-100-ml\/#breadcrumb\",\"itemListElement\":[{\"@type\":\"ListItem\",\"position\":1,\"name\":\"Domovsk\u00e1 str\u00e1nka\",\"item\":\"https:\/\/www.eko-bio-natura.sk\/shop\/\"},{\"@type\":\"ListItem\",\"position\":2,\"name\":\"Obchod\",\"item\":\"https:\/\/www.eko-bio-natura.sk\/shop\/?page_id=6\"},{\"@type\":\"ListItem\",\"position\":3,\"name\":\"Pr\u00edrodn\u00fd kry\u0161t\u00e1lov\u00fd deodorant v spreji &#8211; kvet piv\u00f3nie &#8211; Salt of the Earth &#8211; 100 ml\"}]},{\"@type\":\"WebSite\",\"@id\":\"https:\/\/www.eko-bio-natura.sk\/shop\/#website\",\"url\":\"https:\/\/www.eko-bio-natura.sk\/shop\/\",\"name\":\"EKO-BIO-NATURA BIO OBCHOD\",\"description\":\"\",\"publisher\":{\"@id\":\"https:\/\/www.eko-bio-natura.sk\/shop\/#organization\"},\"potentialAction\":[{\"@type\":\"SearchAction\",\"target\":{\"@type\":\"EntryPoint\",\"urlTemplate\":\"https:\/\/www.eko-bio-natura.sk\/shop\/?s={search_term_string}\"},\"query-input\":{\"@type\":\"PropertyValueSpecification\",\"valueRequired\":true,\"valueName\":\"search_term_string\"}}],\"inLanguage\":\"sk-SK\"},{\"@type\":\"Organization\",\"@id\":\"https:\/\/www.eko-bio-natura.sk\/shop\/#organization\",\"name\":\"EKO-BIO-NATURA BIO OBCHOD\",\"url\":\"https:\/\/www.eko-bio-natura.sk\/shop\/\",\"logo\":{\"@type\":\"ImageObject\",\"inLanguage\":\"sk-SK\",\"@id\":\"https:\/\/www.eko-bio-natura.sk\/shop\/#\/schema\/logo\/image\/\",\"url\":\"https:\/\/www.eko-bio-natura.sk\/shop\/wp-content\/uploads\/2021\/04\/eko-bio-natura_logo.png\",\"contentUrl\":\"https:\/\/www.eko-bio-natura.sk\/shop\/wp-content\/uploads\/2021\/04\/eko-bio-natura_logo.png\",\"width\":552,\"height\":194,\"caption\":\"EKO-BIO-NATURA BIO OBCHOD\"},\"image\":{\"@id\":\"https:\/\/www.eko-bio-natura.sk\/shop\/#\/schema\/logo\/image\/\"}}]}<\/script>\n<!-- \/ Yoast SEO plugin. -->","yoast_head_json":{"title":"Pr\u00edrodn\u00fd kry\u0161t\u00e1lov\u00fd deodorant v spreji - kvet piv\u00f3nie - Salt of the Earth - 100 ml - EKO-BIO-NATURA BIO OBCHOD","robots":{"index":"index","follow":"follow","max-snippet":"max-snippet:-1","max-image-preview":"max-image-preview:large","max-video-preview":"max-video-preview:-1"},"canonical":"https:\/\/www.eko-bio-natura.sk\/shop\/produkt\/prirodny-krystalovy-deodorant-v-spreji-kvet-pivonie-salt-of-the-earth-100-ml\/","og_locale":"sk_SK","og_type":"article","og_title":"Pr\u00edrodn\u00fd kry\u0161t\u00e1lov\u00fd deodorant v spreji - kvet piv\u00f3nie - Salt of the Earth - 100 ml - EKO-BIO-NATURA BIO OBCHOD","og_description":"Tieto kry\u0161t\u00e1lov\u00e9 deodoranty funguj\u00fa na princ\u00edpe \u010distej pr\u00edrodnej ochrany. Na mieste aplik\u00e1cie zanechaj\u00fa tenk\u00fa vrstvu soli &#8211; potasium alum (kameneca). T\u00e1to l\u00e1tka bola pou\u017e\u00edvan\u00e1 ako deodorant po st\u00e1ro\u010dia. Zabra\u0148uje rastu bakt\u00e9rii sp\u00f4sobuj\u00facich z\u00e1pach v&nbsp;podpazu\u0161\u00ed bez toho, aby V\u00e1m zablokovali potn\u00e9 \u017e\u013eazy. Va\u0161e telo sa na\u010falej zbavuje nebezpe\u010dn\u00fdch \u0161kodliv\u00edn av\u0161ak bez nepr\u00edjemn\u00e9ho z\u00e1pachu. Netoxick\u00fd a hypo [&hellip;]","og_url":"https:\/\/www.eko-bio-natura.sk\/shop\/produkt\/prirodny-krystalovy-deodorant-v-spreji-kvet-pivonie-salt-of-the-earth-100-ml\/","og_site_name":"EKO-BIO-NATURA BIO OBCHOD","article_modified_time":"2022-05-04T14:41:27+00:00","og_image":[{"width":400,"height":400,"url":"https:\/\/www.eko-bio-natura.sk\/shop\/wp-content\/uploads\/2021\/12\/14124_prirodny-krystalovy-deodorant-v-spreji-kvet-pivonie-salt-of-the-earth-100-ml.png","type":"image\/png"}],"twitter_card":"summary_large_image","twitter_misc":{"Predpokladan\u00fd \u010das \u010d\u00edtania":"1 min\u00fata"},"schema":{"@context":"https:\/\/schema.org","@graph":[{"@type":"WebPage","@id":"https:\/\/www.eko-bio-natura.sk\/shop\/produkt\/prirodny-krystalovy-deodorant-v-spreji-kvet-pivonie-salt-of-the-earth-100-ml\/","url":"https:\/\/www.eko-bio-natura.sk\/shop\/produkt\/prirodny-krystalovy-deodorant-v-spreji-kvet-pivonie-salt-of-the-earth-100-ml\/","name":"Pr\u00edrodn\u00fd kry\u0161t\u00e1lov\u00fd deodorant v spreji - kvet piv\u00f3nie - Salt of the Earth - 100 ml - EKO-BIO-NATURA BIO OBCHOD","isPartOf":{"@id":"https:\/\/www.eko-bio-natura.sk\/shop\/#website"},"primaryImageOfPage":{"@id":"https:\/\/www.eko-bio-natura.sk\/shop\/produkt\/prirodny-krystalovy-deodorant-v-spreji-kvet-pivonie-salt-of-the-earth-100-ml\/#primaryimage"},"image":{"@id":"https:\/\/www.eko-bio-natura.sk\/shop\/produkt\/prirodny-krystalovy-deodorant-v-spreji-kvet-pivonie-salt-of-the-earth-100-ml\/#primaryimage"},"thumbnailUrl":"https:\/\/www.eko-bio-natura.sk\/shop\/wp-content\/uploads\/2021\/12\/14124_prirodny-krystalovy-deodorant-v-spreji-kvet-pivonie-salt-of-the-earth-100-ml.png","datePublished":"2021-12-28T17:17:23+00:00","dateModified":"2022-05-04T14:41:27+00:00","breadcrumb":{"@id":"https:\/\/www.eko-bio-natura.sk\/shop\/produkt\/prirodny-krystalovy-deodorant-v-spreji-kvet-pivonie-salt-of-the-earth-100-ml\/#breadcrumb"},"inLanguage":"sk-SK","potentialAction":[{"@type":"ReadAction","target":["https:\/\/www.eko-bio-natura.sk\/shop\/produkt\/prirodny-krystalovy-deodorant-v-spreji-kvet-pivonie-salt-of-the-earth-100-ml\/"]}]},{"@type":"ImageObject","inLanguage":"sk-SK","@id":"https:\/\/www.eko-bio-natura.sk\/shop\/produkt\/prirodny-krystalovy-deodorant-v-spreji-kvet-pivonie-salt-of-the-earth-100-ml\/#primaryimage","url":"https:\/\/www.eko-bio-natura.sk\/shop\/wp-content\/uploads\/2021\/12\/14124_prirodny-krystalovy-deodorant-v-spreji-kvet-pivonie-salt-of-the-earth-100-ml.png","contentUrl":"https:\/\/www.eko-bio-natura.sk\/shop\/wp-content\/uploads\/2021\/12\/14124_prirodny-krystalovy-deodorant-v-spreji-kvet-pivonie-salt-of-the-earth-100-ml.png","width":400,"height":400},{"@type":"BreadcrumbList","@id":"https:\/\/www.eko-bio-natura.sk\/shop\/produkt\/prirodny-krystalovy-deodorant-v-spreji-kvet-pivonie-salt-of-the-earth-100-ml\/#breadcrumb","itemListElement":[{"@type":"ListItem","position":1,"name":"Domovsk\u00e1 str\u00e1nka","item":"https:\/\/www.eko-bio-natura.sk\/shop\/"},{"@type":"ListItem","position":2,"name":"Obchod","item":"https:\/\/www.eko-bio-natura.sk\/shop\/?page_id=6"},{"@type":"ListItem","position":3,"name":"Pr\u00edrodn\u00fd kry\u0161t\u00e1lov\u00fd deodorant v spreji &#8211; kvet piv\u00f3nie &#8211; Salt of the Earth &#8211; 100 ml"}]},{"@type":"WebSite","@id":"https:\/\/www.eko-bio-natura.sk\/shop\/#website","url":"https:\/\/www.eko-bio-natura.sk\/shop\/","name":"EKO-BIO-NATURA BIO OBCHOD","description":"","publisher":{"@id":"https:\/\/www.eko-bio-natura.sk\/shop\/#organization"},"potentialAction":[{"@type":"SearchAction","target":{"@type":"EntryPoint","urlTemplate":"https:\/\/www.eko-bio-natura.sk\/shop\/?s={search_term_string}"},"query-input":{"@type":"PropertyValueSpecification","valueRequired":true,"valueName":"search_term_string"}}],"inLanguage":"sk-SK"},{"@type":"Organization","@id":"https:\/\/www.eko-bio-natura.sk\/shop\/#organization","name":"EKO-BIO-NATURA BIO OBCHOD","url":"https:\/\/www.eko-bio-natura.sk\/shop\/","logo":{"@type":"ImageObject","inLanguage":"sk-SK","@id":"https:\/\/www.eko-bio-natura.sk\/shop\/#\/schema\/logo\/image\/","url":"https:\/\/www.eko-bio-natura.sk\/shop\/wp-content\/uploads\/2021\/04\/eko-bio-natura_logo.png","contentUrl":"https:\/\/www.eko-bio-natura.sk\/shop\/wp-content\/uploads\/2021\/04\/eko-bio-natura_logo.png","width":552,"height":194,"caption":"EKO-BIO-NATURA BIO OBCHOD"},"image":{"@id":"https:\/\/www.eko-bio-natura.sk\/shop\/#\/schema\/logo\/image\/"}}]}},"_links":{"self":[{"href":"https:\/\/www.eko-bio-natura.sk\/shop\/wp-json\/wp\/v2\/product\/7687","targetHints":{"allow":["GET"]}}],"collection":[{"href":"https:\/\/www.eko-bio-natura.sk\/shop\/wp-json\/wp\/v2\/product"}],"about":[{"href":"https:\/\/www.eko-bio-natura.sk\/shop\/wp-json\/wp\/v2\/types\/product"}],"replies":[{"embeddable":true,"href":"https:\/\/www.eko-bio-natura.sk\/shop\/wp-json\/wp\/v2\/comments?post=7687"}],"wp:featuredmedia":[{"embeddable":true,"href":"https:\/\/www.eko-bio-natura.sk\/shop\/wp-json\/wp\/v2\/media\/7688"}],"wp:attachment":[{"href":"https:\/\/www.eko-bio-natura.sk\/shop\/wp-json\/wp\/v2\/media?parent=7687"}],"wp:term":[{"taxonomy":"product_brand","embeddable":true,"href":"https:\/\/www.eko-bio-natura.sk\/shop\/wp-json\/wp\/v2\/product_brand?post=7687"},{"taxonomy":"product_cat","embeddable":true,"href":"https:\/\/www.eko-bio-natura.sk\/shop\/wp-json\/wp\/v2\/product_cat?post=7687"},{"taxonomy":"product_tag","embeddable":true,"href":"https:\/\/www.eko-bio-natura.sk\/shop\/wp-json\/wp\/v2\/product_tag?post=7687"}],"curies":[{"name":"wp","href":"https:\/\/api.w.org\/{rel}","templated":true}]}}