{"id":7684,"date":"2021-12-28T18:17:23","date_gmt":"2021-12-28T17:17:23","guid":{"rendered":"https:\/\/www.eko-bio-natura.sk\/shop\/index.php\/produkt\/n-a-dechtove-mydlo-90g\/"},"modified":"2022-05-04T16:41:26","modified_gmt":"2022-05-04T14:41:26","slug":"n-a-dechtove-mydlo-90g","status":"publish","type":"product","link":"https:\/\/www.eko-bio-natura.sk\/shop\/produkt\/n-a-dechtove-mydlo-90g\/","title":{"rendered":"N\/A Dechtov\u00e9 mydlo &#8211; 90g"},"content":{"rendered":"<p><span style=\"font-family: verdana, geneva; font-size: 12pt;\">Mydlo m\u00e1 jedine\u010dn\u00e9 antiseptick\u00e9, protisvrbiv\u00e9 a protiz\u00e1palov\u00e9 vlastnosti a pou\u017e\u00edva sa ako terapeutick\u00e9 \u010dinidlo pre poko\u017eku. V\u010faka optim\u00e1lnej kombin\u00e1cii pr\u00edsad jemne a efekt\u00edvne \u010dist\u00ed poko\u017eku a m\u00f4\u017ee sa pou\u017e\u00edva\u0165 ka\u017ed\u00fd de\u0148 pre cel\u00fa rodinu.&nbsp;<\/span><\/p>\n<p><span style=\"font-size: 12pt;\"><strong><span style=\"font-family: verdana, geneva;\">Vyu\u017eitie dechtov\u00e9ho mydla:<\/span><\/strong><\/span><\/p>\n<p><span style=\"font-family: verdana, geneva; font-size: 12pt;\"><strong>Starostlivos\u0165 o ple\u0165:<\/strong> Mydlo h\u013abkovo \u010dist\u00ed poko\u017eku tv\u00e1re, pom\u00e1ha zbavi\u0165 sa akn\u00e9, \u010diernych bodiek, z\u00e1palu. Decht podporuje r\u00fdchlu regener\u00e1ciu poko\u017eky. Dechtov\u00e9 mydlo mo\u017eno pou\u017ei\u0165 pou\u017ei\u0165 aj ako peeling &#8211; naneste mydlo v silnej\u0161ej vrstve na ple\u0165 a nechajte p\u00f4sobi\u0165 nieko\u013eko min\u00fat.<\/span><br \/><span style=\"font-family: verdana, geneva; font-size: 12pt;\"><strong>Starostlivos\u0165 o telo:<\/strong> Dechtov\u00e9 mydlo v\u00e1m umo\u017en\u00ed zbavi\u0165 sa vyr\u00e1\u017eok r\u00f4znych druhov na chrbte a ramen\u00e1ch. Decht podporuje lie\u010dbu psori\u00e1zy a in\u00fdch ko\u017en\u00fdch ochoren\u00ed: decht zlep\u0161uje krvn\u00fd obeh a pom\u00e1ha poko\u017eke zotavi\u0165 sa.<\/span><br \/><span style=\"font-family: verdana, geneva; font-size: 12pt;\"><strong>Starostlivos\u0165 o vlasy:<\/strong> Vlasy a poko\u017eku hlavy si m\u00f4\u017eete umy\u0165 dechtov\u00fdm mydlom &#8211; posil\u0148uje vlasy, pom\u00e1ha lupin\u00e1m a dokonca sa pou\u017e\u00edva ako prostriedok proti vypad\u00e1vaniu vlasov.<\/span><br \/><span style=\"font-family: verdana, geneva; font-size: 12pt;\"><\/span><\/p>\n<p><span style=\"font-family: verdana, geneva; font-size: 12pt;\"><strong>Upozornenie:<\/strong>&nbsp;<\/span><span style=\"font-family: verdana, geneva; font-size: 12pt;\">Po pou\u017eit\u00ed dechtov\u00e9ho mydla mus\u00edte poko\u017eku zvlh\u010di\u0165.<\/span><span>&nbsp;<\/span><span style=\"font-family: verdana, geneva; font-size: 12pt;\">Decht je alerg\u00e9n, preto sa odpor\u00fa\u010da za\u010da\u0165 pou\u017e\u00edva\u0165 mydlo jemne a postupne, a ke\u010f sa objav\u00ed alergick\u00e1 reakcia (svrbenie, s\u010dervenanie), okam\u017eite ho presta\u0148te pou\u017e\u00edva\u0165 a konzultujte s dermatol\u00f3gom.<\/span><span style=\"font-family: verdana, geneva; font-size: 12pt;\">Neum\u00fdvajte sa s dechtov\u00fdm mydlo \u010dastej\u0161ie ako dvakr\u00e1t denne. Odpor\u00fa\u010dan\u00e1 frekvencia pou\u017eitia je dvakr\u00e1t a\u017e trikr\u00e1t t\u00fd\u017edenne.<\/span><br \/><span style=\"font-family: verdana, geneva; font-size: 12pt;\"><\/span><\/p>\n<p><span style=\"font-family: verdana, geneva; font-size: 12pt;\"><strong>Sp\u00f4sob pou\u017eitia:<\/strong> Aplikujte jemnou mas\u00e1\u017eou na mokr\u00fa poko\u017eku a potom opl\u00e1chnite.<\/span><\/p>\n<p><span style=\"font-family: verdana, geneva; font-size: 12pt;\"><img decoding=\"async\" src=\"\/user\/documents\/upload\/mceclip0-156.png?1620051783\" width=\"959\" height=\"46\" \/><br \/><\/span><\/p>\n<p><span style=\"font-family: verdana, geneva; font-size: 12pt;\"><\/span><span style=\"font-family: verdana, geneva; font-size: 12pt;\"><strong>Obsah balenia:<\/strong> 90 g<\/span><\/p>\n<p><span style=\"font-family: verdana, geneva; font-size: 12pt;\"><strong>Krajina p\u00f4vodu:<\/strong> Rusko<\/span><\/p>\n","protected":false},"excerpt":{"rendered":"<p>Mydlo m\u00e1 jedine\u010dn\u00e9 antiseptick\u00e9, protisvrbiv\u00e9 a protiz\u00e1palov\u00e9 vlastnosti a pou\u017e\u00edva sa ako terapeutick\u00e9 \u010dinidlo pre poko\u017eku. V\u010faka optim\u00e1lnej kombin\u00e1cii pr\u00edsad jemne a efekt\u00edvne \u010dist\u00ed poko\u017eku a m\u00f4\u017ee sa pou\u017e\u00edva\u0165 ka\u017ed\u00fd de\u0148 pre cel\u00fa rodinu.&nbsp; Vyu\u017eitie dechtov\u00e9ho mydla: Starostlivos\u0165 o ple\u0165: Mydlo h\u013abkovo \u010dist\u00ed poko\u017eku tv\u00e1re, pom\u00e1ha zbavi\u0165 sa akn\u00e9, \u010diernych bodiek, z\u00e1palu. Decht podporuje r\u00fdchlu [&hellip;]<\/p>\n","protected":false},"featured_media":7685,"comment_status":"open","ping_status":"open","template":"","meta":{"site-sidebar-layout":"default","site-content-layout":"","ast-site-content-layout":"default","site-content-style":"default","site-sidebar-style":"default","ast-global-header-display":"","ast-banner-title-visibility":"","ast-main-header-display":"","ast-hfb-above-header-display":"","ast-hfb-below-header-display":"","ast-hfb-mobile-header-display":"","site-post-title":"","ast-breadcrumbs-content":"","ast-featured-img":"","footer-sml-layout":"","ast-disable-related-posts":"","theme-transparent-header-meta":"","adv-header-id-meta":"","stick-header-meta":"","header-above-stick-meta":"","header-main-stick-meta":"","header-below-stick-meta":"","astra-migrate-meta-layouts":"default","ast-page-background-enabled":"default","ast-page-background-meta":{"desktop":{"background-color":"","background-image":"","background-repeat":"repeat","background-position":"center center","background-size":"auto","background-attachment":"scroll","background-type":"","background-media":"","overlay-type":"","overlay-color":"","overlay-opacity":"","overlay-gradient":""},"tablet":{"background-color":"","background-image":"","background-repeat":"repeat","background-position":"center center","background-size":"auto","background-attachment":"scroll","background-type":"","background-media":"","overlay-type":"","overlay-color":"","overlay-opacity":"","overlay-gradient":""},"mobile":{"background-color":"","background-image":"","background-repeat":"repeat","background-position":"center center","background-size":"auto","background-attachment":"scroll","background-type":"","background-media":"","overlay-type":"","overlay-color":"","overlay-opacity":"","overlay-gradient":""}},"ast-content-background-meta":{"desktop":{"background-color":"var(--ast-global-color-5)","background-image":"","background-repeat":"repeat","background-position":"center center","background-size":"auto","background-attachment":"scroll","background-type":"","background-media":"","overlay-type":"","overlay-color":"","overlay-opacity":"","overlay-gradient":""},"tablet":{"background-color":"var(--ast-global-color-5)","background-image":"","background-repeat":"repeat","background-position":"center center","background-size":"auto","background-attachment":"scroll","background-type":"","background-media":"","overlay-type":"","overlay-color":"","overlay-opacity":"","overlay-gradient":""},"mobile":{"background-color":"var(--ast-global-color-5)","background-image":"","background-repeat":"repeat","background-position":"center center","background-size":"auto","background-attachment":"scroll","background-type":"","background-media":"","overlay-type":"","overlay-color":"","overlay-opacity":"","overlay-gradient":""}}},"product_brand":[],"product_cat":[39],"product_tag":[],"class_list":{"0":"post-7684","1":"product","2":"type-product","3":"status-publish","4":"has-post-thumbnail","6":"product_cat-telova-kozmetika","7":"pa_cena-dopravy-367","8":"pa_doprava-zasilkovna","9":"pa_ean-1009","10":"pa_typ-partnersky-predaj","11":"pa_znacka-n-a","12":"desktop-align-left","13":"tablet-align-left","14":"mobile-align-left","16":"first","17":"instock","18":"product-type-external"},"yoast_head":"<!-- This site is optimized with the Yoast SEO plugin v27.2 - https:\/\/yoast.com\/product\/yoast-seo-wordpress\/ -->\n<title>N\/A Dechtov\u00e9 mydlo - 90g - EKO-BIO-NATURA BIO OBCHOD<\/title>\n<meta name=\"robots\" content=\"index, follow, max-snippet:-1, max-image-preview:large, max-video-preview:-1\" \/>\n<link rel=\"canonical\" href=\"https:\/\/www.eko-bio-natura.sk\/shop\/produkt\/n-a-dechtove-mydlo-90g\/\" \/>\n<meta property=\"og:locale\" content=\"sk_SK\" \/>\n<meta property=\"og:type\" content=\"article\" \/>\n<meta property=\"og:title\" content=\"N\/A Dechtov\u00e9 mydlo - 90g - EKO-BIO-NATURA BIO OBCHOD\" \/>\n<meta property=\"og:description\" content=\"Mydlo m\u00e1 jedine\u010dn\u00e9 antiseptick\u00e9, protisvrbiv\u00e9 a protiz\u00e1palov\u00e9 vlastnosti a pou\u017e\u00edva sa ako terapeutick\u00e9 \u010dinidlo pre poko\u017eku. V\u010faka optim\u00e1lnej kombin\u00e1cii pr\u00edsad jemne a efekt\u00edvne \u010dist\u00ed poko\u017eku a m\u00f4\u017ee sa pou\u017e\u00edva\u0165 ka\u017ed\u00fd de\u0148 pre cel\u00fa rodinu.&nbsp; Vyu\u017eitie dechtov\u00e9ho mydla: Starostlivos\u0165 o ple\u0165: Mydlo h\u013abkovo \u010dist\u00ed poko\u017eku tv\u00e1re, pom\u00e1ha zbavi\u0165 sa akn\u00e9, \u010diernych bodiek, z\u00e1palu. Decht podporuje r\u00fdchlu [&hellip;]\" \/>\n<meta property=\"og:url\" content=\"https:\/\/www.eko-bio-natura.sk\/shop\/produkt\/n-a-dechtove-mydlo-90g\/\" \/>\n<meta property=\"og:site_name\" content=\"EKO-BIO-NATURA BIO OBCHOD\" \/>\n<meta property=\"article:modified_time\" content=\"2022-05-04T14:41:26+00:00\" \/>\n<meta property=\"og:image\" content=\"https:\/\/www.eko-bio-natura.sk\/shop\/wp-content\/uploads\/2021\/12\/14109_dechtove-mydlo-90g.jpg\" \/>\n\t<meta property=\"og:image:width\" content=\"700\" \/>\n\t<meta property=\"og:image:height\" content=\"700\" \/>\n\t<meta property=\"og:image:type\" content=\"image\/jpeg\" \/>\n<meta name=\"twitter:card\" content=\"summary_large_image\" \/>\n<meta name=\"twitter:label1\" content=\"Predpokladan\u00fd \u010das \u010d\u00edtania\" \/>\n\t<meta name=\"twitter:data1\" content=\"1 min\u00fata\" \/>\n<script type=\"application\/ld+json\" class=\"yoast-schema-graph\">{\"@context\":\"https:\/\/schema.org\",\"@graph\":[{\"@type\":\"WebPage\",\"@id\":\"https:\/\/www.eko-bio-natura.sk\/shop\/produkt\/n-a-dechtove-mydlo-90g\/\",\"url\":\"https:\/\/www.eko-bio-natura.sk\/shop\/produkt\/n-a-dechtove-mydlo-90g\/\",\"name\":\"N\/A Dechtov\u00e9 mydlo - 90g - EKO-BIO-NATURA BIO OBCHOD\",\"isPartOf\":{\"@id\":\"https:\/\/www.eko-bio-natura.sk\/shop\/#website\"},\"primaryImageOfPage\":{\"@id\":\"https:\/\/www.eko-bio-natura.sk\/shop\/produkt\/n-a-dechtove-mydlo-90g\/#primaryimage\"},\"image\":{\"@id\":\"https:\/\/www.eko-bio-natura.sk\/shop\/produkt\/n-a-dechtove-mydlo-90g\/#primaryimage\"},\"thumbnailUrl\":\"https:\/\/www.eko-bio-natura.sk\/shop\/wp-content\/uploads\/2021\/12\/14109_dechtove-mydlo-90g.jpg\",\"datePublished\":\"2021-12-28T17:17:23+00:00\",\"dateModified\":\"2022-05-04T14:41:26+00:00\",\"breadcrumb\":{\"@id\":\"https:\/\/www.eko-bio-natura.sk\/shop\/produkt\/n-a-dechtove-mydlo-90g\/#breadcrumb\"},\"inLanguage\":\"sk-SK\",\"potentialAction\":[{\"@type\":\"ReadAction\",\"target\":[\"https:\/\/www.eko-bio-natura.sk\/shop\/produkt\/n-a-dechtove-mydlo-90g\/\"]}]},{\"@type\":\"ImageObject\",\"inLanguage\":\"sk-SK\",\"@id\":\"https:\/\/www.eko-bio-natura.sk\/shop\/produkt\/n-a-dechtove-mydlo-90g\/#primaryimage\",\"url\":\"https:\/\/www.eko-bio-natura.sk\/shop\/wp-content\/uploads\/2021\/12\/14109_dechtove-mydlo-90g.jpg\",\"contentUrl\":\"https:\/\/www.eko-bio-natura.sk\/shop\/wp-content\/uploads\/2021\/12\/14109_dechtove-mydlo-90g.jpg\",\"width\":700,\"height\":700},{\"@type\":\"BreadcrumbList\",\"@id\":\"https:\/\/www.eko-bio-natura.sk\/shop\/produkt\/n-a-dechtove-mydlo-90g\/#breadcrumb\",\"itemListElement\":[{\"@type\":\"ListItem\",\"position\":1,\"name\":\"Domovsk\u00e1 str\u00e1nka\",\"item\":\"https:\/\/www.eko-bio-natura.sk\/shop\/\"},{\"@type\":\"ListItem\",\"position\":2,\"name\":\"Obchod\",\"item\":\"https:\/\/www.eko-bio-natura.sk\/shop\/?page_id=6\"},{\"@type\":\"ListItem\",\"position\":3,\"name\":\"N\/A Dechtov\u00e9 mydlo &#8211; 90g\"}]},{\"@type\":\"WebSite\",\"@id\":\"https:\/\/www.eko-bio-natura.sk\/shop\/#website\",\"url\":\"https:\/\/www.eko-bio-natura.sk\/shop\/\",\"name\":\"EKO-BIO-NATURA BIO OBCHOD\",\"description\":\"\",\"publisher\":{\"@id\":\"https:\/\/www.eko-bio-natura.sk\/shop\/#organization\"},\"potentialAction\":[{\"@type\":\"SearchAction\",\"target\":{\"@type\":\"EntryPoint\",\"urlTemplate\":\"https:\/\/www.eko-bio-natura.sk\/shop\/?s={search_term_string}\"},\"query-input\":{\"@type\":\"PropertyValueSpecification\",\"valueRequired\":true,\"valueName\":\"search_term_string\"}}],\"inLanguage\":\"sk-SK\"},{\"@type\":\"Organization\",\"@id\":\"https:\/\/www.eko-bio-natura.sk\/shop\/#organization\",\"name\":\"EKO-BIO-NATURA BIO OBCHOD\",\"url\":\"https:\/\/www.eko-bio-natura.sk\/shop\/\",\"logo\":{\"@type\":\"ImageObject\",\"inLanguage\":\"sk-SK\",\"@id\":\"https:\/\/www.eko-bio-natura.sk\/shop\/#\/schema\/logo\/image\/\",\"url\":\"https:\/\/www.eko-bio-natura.sk\/shop\/wp-content\/uploads\/2021\/04\/eko-bio-natura_logo.png\",\"contentUrl\":\"https:\/\/www.eko-bio-natura.sk\/shop\/wp-content\/uploads\/2021\/04\/eko-bio-natura_logo.png\",\"width\":552,\"height\":194,\"caption\":\"EKO-BIO-NATURA BIO OBCHOD\"},\"image\":{\"@id\":\"https:\/\/www.eko-bio-natura.sk\/shop\/#\/schema\/logo\/image\/\"}}]}<\/script>\n<!-- \/ Yoast SEO plugin. -->","yoast_head_json":{"title":"N\/A Dechtov\u00e9 mydlo - 90g - EKO-BIO-NATURA BIO OBCHOD","robots":{"index":"index","follow":"follow","max-snippet":"max-snippet:-1","max-image-preview":"max-image-preview:large","max-video-preview":"max-video-preview:-1"},"canonical":"https:\/\/www.eko-bio-natura.sk\/shop\/produkt\/n-a-dechtove-mydlo-90g\/","og_locale":"sk_SK","og_type":"article","og_title":"N\/A Dechtov\u00e9 mydlo - 90g - EKO-BIO-NATURA BIO OBCHOD","og_description":"Mydlo m\u00e1 jedine\u010dn\u00e9 antiseptick\u00e9, protisvrbiv\u00e9 a protiz\u00e1palov\u00e9 vlastnosti a pou\u017e\u00edva sa ako terapeutick\u00e9 \u010dinidlo pre poko\u017eku. V\u010faka optim\u00e1lnej kombin\u00e1cii pr\u00edsad jemne a efekt\u00edvne \u010dist\u00ed poko\u017eku a m\u00f4\u017ee sa pou\u017e\u00edva\u0165 ka\u017ed\u00fd de\u0148 pre cel\u00fa rodinu.&nbsp; Vyu\u017eitie dechtov\u00e9ho mydla: Starostlivos\u0165 o ple\u0165: Mydlo h\u013abkovo \u010dist\u00ed poko\u017eku tv\u00e1re, pom\u00e1ha zbavi\u0165 sa akn\u00e9, \u010diernych bodiek, z\u00e1palu. Decht podporuje r\u00fdchlu [&hellip;]","og_url":"https:\/\/www.eko-bio-natura.sk\/shop\/produkt\/n-a-dechtove-mydlo-90g\/","og_site_name":"EKO-BIO-NATURA BIO OBCHOD","article_modified_time":"2022-05-04T14:41:26+00:00","og_image":[{"width":700,"height":700,"url":"https:\/\/www.eko-bio-natura.sk\/shop\/wp-content\/uploads\/2021\/12\/14109_dechtove-mydlo-90g.jpg","type":"image\/jpeg"}],"twitter_card":"summary_large_image","twitter_misc":{"Predpokladan\u00fd \u010das \u010d\u00edtania":"1 min\u00fata"},"schema":{"@context":"https:\/\/schema.org","@graph":[{"@type":"WebPage","@id":"https:\/\/www.eko-bio-natura.sk\/shop\/produkt\/n-a-dechtove-mydlo-90g\/","url":"https:\/\/www.eko-bio-natura.sk\/shop\/produkt\/n-a-dechtove-mydlo-90g\/","name":"N\/A Dechtov\u00e9 mydlo - 90g - EKO-BIO-NATURA BIO OBCHOD","isPartOf":{"@id":"https:\/\/www.eko-bio-natura.sk\/shop\/#website"},"primaryImageOfPage":{"@id":"https:\/\/www.eko-bio-natura.sk\/shop\/produkt\/n-a-dechtove-mydlo-90g\/#primaryimage"},"image":{"@id":"https:\/\/www.eko-bio-natura.sk\/shop\/produkt\/n-a-dechtove-mydlo-90g\/#primaryimage"},"thumbnailUrl":"https:\/\/www.eko-bio-natura.sk\/shop\/wp-content\/uploads\/2021\/12\/14109_dechtove-mydlo-90g.jpg","datePublished":"2021-12-28T17:17:23+00:00","dateModified":"2022-05-04T14:41:26+00:00","breadcrumb":{"@id":"https:\/\/www.eko-bio-natura.sk\/shop\/produkt\/n-a-dechtove-mydlo-90g\/#breadcrumb"},"inLanguage":"sk-SK","potentialAction":[{"@type":"ReadAction","target":["https:\/\/www.eko-bio-natura.sk\/shop\/produkt\/n-a-dechtove-mydlo-90g\/"]}]},{"@type":"ImageObject","inLanguage":"sk-SK","@id":"https:\/\/www.eko-bio-natura.sk\/shop\/produkt\/n-a-dechtove-mydlo-90g\/#primaryimage","url":"https:\/\/www.eko-bio-natura.sk\/shop\/wp-content\/uploads\/2021\/12\/14109_dechtove-mydlo-90g.jpg","contentUrl":"https:\/\/www.eko-bio-natura.sk\/shop\/wp-content\/uploads\/2021\/12\/14109_dechtove-mydlo-90g.jpg","width":700,"height":700},{"@type":"BreadcrumbList","@id":"https:\/\/www.eko-bio-natura.sk\/shop\/produkt\/n-a-dechtove-mydlo-90g\/#breadcrumb","itemListElement":[{"@type":"ListItem","position":1,"name":"Domovsk\u00e1 str\u00e1nka","item":"https:\/\/www.eko-bio-natura.sk\/shop\/"},{"@type":"ListItem","position":2,"name":"Obchod","item":"https:\/\/www.eko-bio-natura.sk\/shop\/?page_id=6"},{"@type":"ListItem","position":3,"name":"N\/A Dechtov\u00e9 mydlo &#8211; 90g"}]},{"@type":"WebSite","@id":"https:\/\/www.eko-bio-natura.sk\/shop\/#website","url":"https:\/\/www.eko-bio-natura.sk\/shop\/","name":"EKO-BIO-NATURA BIO OBCHOD","description":"","publisher":{"@id":"https:\/\/www.eko-bio-natura.sk\/shop\/#organization"},"potentialAction":[{"@type":"SearchAction","target":{"@type":"EntryPoint","urlTemplate":"https:\/\/www.eko-bio-natura.sk\/shop\/?s={search_term_string}"},"query-input":{"@type":"PropertyValueSpecification","valueRequired":true,"valueName":"search_term_string"}}],"inLanguage":"sk-SK"},{"@type":"Organization","@id":"https:\/\/www.eko-bio-natura.sk\/shop\/#organization","name":"EKO-BIO-NATURA BIO OBCHOD","url":"https:\/\/www.eko-bio-natura.sk\/shop\/","logo":{"@type":"ImageObject","inLanguage":"sk-SK","@id":"https:\/\/www.eko-bio-natura.sk\/shop\/#\/schema\/logo\/image\/","url":"https:\/\/www.eko-bio-natura.sk\/shop\/wp-content\/uploads\/2021\/04\/eko-bio-natura_logo.png","contentUrl":"https:\/\/www.eko-bio-natura.sk\/shop\/wp-content\/uploads\/2021\/04\/eko-bio-natura_logo.png","width":552,"height":194,"caption":"EKO-BIO-NATURA BIO OBCHOD"},"image":{"@id":"https:\/\/www.eko-bio-natura.sk\/shop\/#\/schema\/logo\/image\/"}}]}},"_links":{"self":[{"href":"https:\/\/www.eko-bio-natura.sk\/shop\/wp-json\/wp\/v2\/product\/7684","targetHints":{"allow":["GET"]}}],"collection":[{"href":"https:\/\/www.eko-bio-natura.sk\/shop\/wp-json\/wp\/v2\/product"}],"about":[{"href":"https:\/\/www.eko-bio-natura.sk\/shop\/wp-json\/wp\/v2\/types\/product"}],"replies":[{"embeddable":true,"href":"https:\/\/www.eko-bio-natura.sk\/shop\/wp-json\/wp\/v2\/comments?post=7684"}],"wp:featuredmedia":[{"embeddable":true,"href":"https:\/\/www.eko-bio-natura.sk\/shop\/wp-json\/wp\/v2\/media\/7685"}],"wp:attachment":[{"href":"https:\/\/www.eko-bio-natura.sk\/shop\/wp-json\/wp\/v2\/media?parent=7684"}],"wp:term":[{"taxonomy":"product_brand","embeddable":true,"href":"https:\/\/www.eko-bio-natura.sk\/shop\/wp-json\/wp\/v2\/product_brand?post=7684"},{"taxonomy":"product_cat","embeddable":true,"href":"https:\/\/www.eko-bio-natura.sk\/shop\/wp-json\/wp\/v2\/product_cat?post=7684"},{"taxonomy":"product_tag","embeddable":true,"href":"https:\/\/www.eko-bio-natura.sk\/shop\/wp-json\/wp\/v2\/product_tag?post=7684"}],"curies":[{"name":"wp","href":"https:\/\/api.w.org\/{rel}","templated":true}]}}