{"id":7664,"date":"2021-12-28T18:16:20","date_gmt":"2021-12-28T17:16:20","guid":{"rendered":"https:\/\/www.eko-bio-natura.sk\/shop\/index.php\/produkt\/extrakt-z-grapefruitu-citrus-paradisi-herbatica-50-ml\/"},"modified":"2025-05-23T22:11:24","modified_gmt":"2025-05-23T20:11:24","slug":"extrakt-z-grapefruitu-citrus-paradisi-herbatica-50-ml","status":"publish","type":"product","link":"https:\/\/www.eko-bio-natura.sk\/shop\/produkt\/extrakt-z-grapefruitu-citrus-paradisi-herbatica-50-ml\/","title":{"rendered":"Extrakt z grapefruitu &#8211; Citrus paradisi &#8211;  Herbatica &#8211; 50 ml"},"content":{"rendered":"<p><span style=\"font-family: verdana, geneva; font-size: 12pt;\">Citrus paradisi, extrakt z jadier a du\u017einy grapefruitu, obsahuje komplex biologicky akt\u00edvnych flavonoidov. Vitam\u00edn C prispieva k <strong>norm\u00e1lnej funkcii imunitn\u00e9ho syst\u00e9mu a k ochrane buniek pred oxida\u010dn\u00fdm stresom<\/strong>. Podie\u013ea sa tie\u017e na <strong>regener\u00e1ciu<\/strong> redukovanej formy <strong>vitam\u00ednu E, zvy\u0161uje vstreb\u00e1vanie \u017eeleza.<\/strong> Pr\u00edpravok je mo\u017en\u00e9 vhodne vyu\u017ei\u0165 k ochrane organizmu doma aj na cest\u00e1ch do rizikov\u00fdch kraj\u00edn. Citrus paradisi obsahuje 84% extrakt z jadier a du\u017einy grapefruitu, ktor\u00fd je \u0161tandardizovan\u00fd na obsah \u00fa\u010dinn\u00fdch bioflavonoidov 800 mg \/ 100 ml.<\/span><\/p>\n<p><span style=\"font-family: verdana, geneva; font-size: 12pt;\"><strong>Odpor\u00fa\u010dan\u00e9 d\u00e1vkovanie:<\/strong> 3x denne 15 kvapiek zrieden\u00fdch v poh\u00e1ri vody, \u010daju alebo ovocnej \u0161\u0165avy<\/span><\/p>\n<p><span style=\"font-family: verdana, geneva; font-size: 12pt;\"><strong>Upozornenie:<\/strong> Nie je ur\u010den\u00e9 pre deti do 3 rokov. Neprekra\u010dujte denn\u00e9 d\u00e1vkovanie. Uchov\u00e1vajte mimo dosahu det\u00ed! Uchov\u00e1vajte v suchu pri teplote 5-25 \u00b0 C. Chr\u00e1\u0148te pred priamym slne\u010dn\u00fdm svetlom a s\u00e1lav\u00fdm teplom! V\u00fdrobok nie je ur\u010den\u00fd na u\u017e\u00edvanie ako n\u00e1hrada pestrej stravy a zdrav\u00e9ho \u017eivotn\u00e9ho \u0161t\u00fdlu.<\/span><\/p>\n<p><img decoding=\"async\" src=\"\/user\/documents\/upload\/mceclip0-147.png?1619147503\" \/><\/p>\n<p><span style=\"font-family: verdana, geneva; font-size: 12pt;\"><strong>Obsah balenia:<\/strong> 50 ml<\/span><\/p>\n<p><span style=\"font-family: verdana, geneva; font-size: 12pt;\"><strong>Krajina p\u00f4vodu:<\/strong> \u010cesk\u00e1 republika<\/span><\/p>\n","protected":false},"excerpt":{"rendered":"<p>Citrus paradisi, extrakt z jadier a du\u017einy grapefruitu, obsahuje komplex biologicky akt\u00edvnych flavonoidov. Vitam\u00edn C prispieva k norm\u00e1lnej funkcii imunitn\u00e9ho syst\u00e9mu a k ochrane buniek pred oxida\u010dn\u00fdm stresom. Podie\u013ea sa tie\u017e na regener\u00e1ciu redukovanej formy vitam\u00ednu E, zvy\u0161uje vstreb\u00e1vanie \u017eeleza. Pr\u00edpravok je mo\u017en\u00e9 vhodne vyu\u017ei\u0165 k ochrane organizmu doma aj na cest\u00e1ch do rizikov\u00fdch kraj\u00edn. [&hellip;]<\/p>\n","protected":false},"featured_media":7665,"comment_status":"open","ping_status":"open","template":"","meta":{"site-sidebar-layout":"default","site-content-layout":"","ast-site-content-layout":"default","site-content-style":"default","site-sidebar-style":"default","ast-global-header-display":"","ast-banner-title-visibility":"","ast-main-header-display":"","ast-hfb-above-header-display":"","ast-hfb-below-header-display":"","ast-hfb-mobile-header-display":"","site-post-title":"","ast-breadcrumbs-content":"","ast-featured-img":"","footer-sml-layout":"","ast-disable-related-posts":"","theme-transparent-header-meta":"","adv-header-id-meta":"","stick-header-meta":"","header-above-stick-meta":"","header-main-stick-meta":"","header-below-stick-meta":"","astra-migrate-meta-layouts":"default","ast-page-background-enabled":"default","ast-page-background-meta":{"desktop":{"background-color":"","background-image":"","background-repeat":"repeat","background-position":"center center","background-size":"auto","background-attachment":"scroll","background-type":"","background-media":"","overlay-type":"","overlay-color":"","overlay-opacity":"","overlay-gradient":""},"tablet":{"background-color":"","background-image":"","background-repeat":"repeat","background-position":"center center","background-size":"auto","background-attachment":"scroll","background-type":"","background-media":"","overlay-type":"","overlay-color":"","overlay-opacity":"","overlay-gradient":""},"mobile":{"background-color":"","background-image":"","background-repeat":"repeat","background-position":"center center","background-size":"auto","background-attachment":"scroll","background-type":"","background-media":"","overlay-type":"","overlay-color":"","overlay-opacity":"","overlay-gradient":""}},"ast-content-background-meta":{"desktop":{"background-color":"var(--ast-global-color-5)","background-image":"","background-repeat":"repeat","background-position":"center center","background-size":"auto","background-attachment":"scroll","background-type":"","background-media":"","overlay-type":"","overlay-color":"","overlay-opacity":"","overlay-gradient":""},"tablet":{"background-color":"var(--ast-global-color-5)","background-image":"","background-repeat":"repeat","background-position":"center center","background-size":"auto","background-attachment":"scroll","background-type":"","background-media":"","overlay-type":"","overlay-color":"","overlay-opacity":"","overlay-gradient":""},"mobile":{"background-color":"var(--ast-global-color-5)","background-image":"","background-repeat":"repeat","background-position":"center center","background-size":"auto","background-attachment":"scroll","background-type":"","background-media":"","overlay-type":"","overlay-color":"","overlay-opacity":"","overlay-gradient":""}}},"product_brand":[],"product_cat":[26,184],"product_tag":[],"class_list":{"0":"post-7664","1":"product","2":"type-product","3":"status-publish","4":"has-post-thumbnail","6":"product_cat-prirodne-esencialne-oleje","7":"product_cat-zdrave-oleje","8":"pa_cena-dopravy-367","9":"pa_doprava-zasilkovna","10":"pa_ean-1002","11":"pa_typ-partnersky-predaj","12":"pa_znacka-herbatica","13":"desktop-align-left","14":"tablet-align-left","15":"mobile-align-left","17":"first","18":"instock","19":"product-type-external"},"yoast_head":"<!-- This site is optimized with the Yoast SEO plugin v27.2 - https:\/\/yoast.com\/product\/yoast-seo-wordpress\/ -->\n<title>Extrakt z grapefruitu - Citrus paradisi - Herbatica - 50 ml - EKO-BIO-NATURA BIO OBCHOD<\/title>\n<meta name=\"robots\" content=\"index, follow, max-snippet:-1, max-image-preview:large, max-video-preview:-1\" \/>\n<link rel=\"canonical\" href=\"https:\/\/www.eko-bio-natura.sk\/shop\/produkt\/extrakt-z-grapefruitu-citrus-paradisi-herbatica-50-ml\/\" \/>\n<meta property=\"og:locale\" content=\"sk_SK\" \/>\n<meta property=\"og:type\" content=\"article\" \/>\n<meta property=\"og:title\" content=\"Extrakt z grapefruitu - Citrus paradisi - Herbatica - 50 ml - EKO-BIO-NATURA BIO OBCHOD\" \/>\n<meta property=\"og:description\" content=\"Citrus paradisi, extrakt z jadier a du\u017einy grapefruitu, obsahuje komplex biologicky akt\u00edvnych flavonoidov. Vitam\u00edn C prispieva k norm\u00e1lnej funkcii imunitn\u00e9ho syst\u00e9mu a k ochrane buniek pred oxida\u010dn\u00fdm stresom. Podie\u013ea sa tie\u017e na regener\u00e1ciu redukovanej formy vitam\u00ednu E, zvy\u0161uje vstreb\u00e1vanie \u017eeleza. Pr\u00edpravok je mo\u017en\u00e9 vhodne vyu\u017ei\u0165 k ochrane organizmu doma aj na cest\u00e1ch do rizikov\u00fdch kraj\u00edn. [&hellip;]\" \/>\n<meta property=\"og:url\" content=\"https:\/\/www.eko-bio-natura.sk\/shop\/produkt\/extrakt-z-grapefruitu-citrus-paradisi-herbatica-50-ml\/\" \/>\n<meta property=\"og:site_name\" content=\"EKO-BIO-NATURA BIO OBCHOD\" \/>\n<meta property=\"article:modified_time\" content=\"2025-05-23T20:11:24+00:00\" \/>\n<meta property=\"og:image\" content=\"https:\/\/www.eko-bio-natura.sk\/shop\/wp-content\/uploads\/2021\/12\/14034-2_voj-5297-1.jpg\" \/>\n\t<meta property=\"og:image:width\" content=\"1200\" \/>\n\t<meta property=\"og:image:height\" content=\"1200\" \/>\n\t<meta property=\"og:image:type\" content=\"image\/jpeg\" \/>\n<meta name=\"twitter:card\" content=\"summary_large_image\" \/>\n<meta name=\"twitter:label1\" content=\"Predpokladan\u00fd \u010das \u010d\u00edtania\" \/>\n\t<meta name=\"twitter:data1\" content=\"1 min\u00fata\" \/>\n<script type=\"application\/ld+json\" class=\"yoast-schema-graph\">{\"@context\":\"https:\/\/schema.org\",\"@graph\":[{\"@type\":\"WebPage\",\"@id\":\"https:\/\/www.eko-bio-natura.sk\/shop\/produkt\/extrakt-z-grapefruitu-citrus-paradisi-herbatica-50-ml\/\",\"url\":\"https:\/\/www.eko-bio-natura.sk\/shop\/produkt\/extrakt-z-grapefruitu-citrus-paradisi-herbatica-50-ml\/\",\"name\":\"Extrakt z grapefruitu - Citrus paradisi - Herbatica - 50 ml - EKO-BIO-NATURA BIO OBCHOD\",\"isPartOf\":{\"@id\":\"https:\/\/www.eko-bio-natura.sk\/shop\/#website\"},\"primaryImageOfPage\":{\"@id\":\"https:\/\/www.eko-bio-natura.sk\/shop\/produkt\/extrakt-z-grapefruitu-citrus-paradisi-herbatica-50-ml\/#primaryimage\"},\"image\":{\"@id\":\"https:\/\/www.eko-bio-natura.sk\/shop\/produkt\/extrakt-z-grapefruitu-citrus-paradisi-herbatica-50-ml\/#primaryimage\"},\"thumbnailUrl\":\"https:\/\/www.eko-bio-natura.sk\/shop\/wp-content\/uploads\/2021\/12\/14034-2_voj-5297-1.jpg\",\"datePublished\":\"2021-12-28T17:16:20+00:00\",\"dateModified\":\"2025-05-23T20:11:24+00:00\",\"breadcrumb\":{\"@id\":\"https:\/\/www.eko-bio-natura.sk\/shop\/produkt\/extrakt-z-grapefruitu-citrus-paradisi-herbatica-50-ml\/#breadcrumb\"},\"inLanguage\":\"sk-SK\",\"potentialAction\":[{\"@type\":\"ReadAction\",\"target\":[\"https:\/\/www.eko-bio-natura.sk\/shop\/produkt\/extrakt-z-grapefruitu-citrus-paradisi-herbatica-50-ml\/\"]}]},{\"@type\":\"ImageObject\",\"inLanguage\":\"sk-SK\",\"@id\":\"https:\/\/www.eko-bio-natura.sk\/shop\/produkt\/extrakt-z-grapefruitu-citrus-paradisi-herbatica-50-ml\/#primaryimage\",\"url\":\"https:\/\/www.eko-bio-natura.sk\/shop\/wp-content\/uploads\/2021\/12\/14034-2_voj-5297-1.jpg\",\"contentUrl\":\"https:\/\/www.eko-bio-natura.sk\/shop\/wp-content\/uploads\/2021\/12\/14034-2_voj-5297-1.jpg\",\"width\":1200,\"height\":1200},{\"@type\":\"BreadcrumbList\",\"@id\":\"https:\/\/www.eko-bio-natura.sk\/shop\/produkt\/extrakt-z-grapefruitu-citrus-paradisi-herbatica-50-ml\/#breadcrumb\",\"itemListElement\":[{\"@type\":\"ListItem\",\"position\":1,\"name\":\"Domovsk\u00e1 str\u00e1nka\",\"item\":\"https:\/\/www.eko-bio-natura.sk\/shop\/\"},{\"@type\":\"ListItem\",\"position\":2,\"name\":\"Obchod\",\"item\":\"https:\/\/www.eko-bio-natura.sk\/shop\/?page_id=6\"},{\"@type\":\"ListItem\",\"position\":3,\"name\":\"Extrakt z grapefruitu &#8211; Citrus paradisi &#8211; Herbatica &#8211; 50 ml\"}]},{\"@type\":\"WebSite\",\"@id\":\"https:\/\/www.eko-bio-natura.sk\/shop\/#website\",\"url\":\"https:\/\/www.eko-bio-natura.sk\/shop\/\",\"name\":\"EKO-BIO-NATURA BIO OBCHOD\",\"description\":\"\",\"publisher\":{\"@id\":\"https:\/\/www.eko-bio-natura.sk\/shop\/#organization\"},\"potentialAction\":[{\"@type\":\"SearchAction\",\"target\":{\"@type\":\"EntryPoint\",\"urlTemplate\":\"https:\/\/www.eko-bio-natura.sk\/shop\/?s={search_term_string}\"},\"query-input\":{\"@type\":\"PropertyValueSpecification\",\"valueRequired\":true,\"valueName\":\"search_term_string\"}}],\"inLanguage\":\"sk-SK\"},{\"@type\":\"Organization\",\"@id\":\"https:\/\/www.eko-bio-natura.sk\/shop\/#organization\",\"name\":\"EKO-BIO-NATURA BIO OBCHOD\",\"url\":\"https:\/\/www.eko-bio-natura.sk\/shop\/\",\"logo\":{\"@type\":\"ImageObject\",\"inLanguage\":\"sk-SK\",\"@id\":\"https:\/\/www.eko-bio-natura.sk\/shop\/#\/schema\/logo\/image\/\",\"url\":\"https:\/\/www.eko-bio-natura.sk\/shop\/wp-content\/uploads\/2021\/04\/eko-bio-natura_logo.png\",\"contentUrl\":\"https:\/\/www.eko-bio-natura.sk\/shop\/wp-content\/uploads\/2021\/04\/eko-bio-natura_logo.png\",\"width\":552,\"height\":194,\"caption\":\"EKO-BIO-NATURA BIO OBCHOD\"},\"image\":{\"@id\":\"https:\/\/www.eko-bio-natura.sk\/shop\/#\/schema\/logo\/image\/\"}}]}<\/script>\n<!-- \/ Yoast SEO plugin. -->","yoast_head_json":{"title":"Extrakt z grapefruitu - Citrus paradisi - Herbatica - 50 ml - EKO-BIO-NATURA BIO OBCHOD","robots":{"index":"index","follow":"follow","max-snippet":"max-snippet:-1","max-image-preview":"max-image-preview:large","max-video-preview":"max-video-preview:-1"},"canonical":"https:\/\/www.eko-bio-natura.sk\/shop\/produkt\/extrakt-z-grapefruitu-citrus-paradisi-herbatica-50-ml\/","og_locale":"sk_SK","og_type":"article","og_title":"Extrakt z grapefruitu - Citrus paradisi - Herbatica - 50 ml - EKO-BIO-NATURA BIO OBCHOD","og_description":"Citrus paradisi, extrakt z jadier a du\u017einy grapefruitu, obsahuje komplex biologicky akt\u00edvnych flavonoidov. Vitam\u00edn C prispieva k norm\u00e1lnej funkcii imunitn\u00e9ho syst\u00e9mu a k ochrane buniek pred oxida\u010dn\u00fdm stresom. Podie\u013ea sa tie\u017e na regener\u00e1ciu redukovanej formy vitam\u00ednu E, zvy\u0161uje vstreb\u00e1vanie \u017eeleza. Pr\u00edpravok je mo\u017en\u00e9 vhodne vyu\u017ei\u0165 k ochrane organizmu doma aj na cest\u00e1ch do rizikov\u00fdch kraj\u00edn. [&hellip;]","og_url":"https:\/\/www.eko-bio-natura.sk\/shop\/produkt\/extrakt-z-grapefruitu-citrus-paradisi-herbatica-50-ml\/","og_site_name":"EKO-BIO-NATURA BIO OBCHOD","article_modified_time":"2025-05-23T20:11:24+00:00","og_image":[{"width":1200,"height":1200,"url":"https:\/\/www.eko-bio-natura.sk\/shop\/wp-content\/uploads\/2021\/12\/14034-2_voj-5297-1.jpg","type":"image\/jpeg"}],"twitter_card":"summary_large_image","twitter_misc":{"Predpokladan\u00fd \u010das \u010d\u00edtania":"1 min\u00fata"},"schema":{"@context":"https:\/\/schema.org","@graph":[{"@type":"WebPage","@id":"https:\/\/www.eko-bio-natura.sk\/shop\/produkt\/extrakt-z-grapefruitu-citrus-paradisi-herbatica-50-ml\/","url":"https:\/\/www.eko-bio-natura.sk\/shop\/produkt\/extrakt-z-grapefruitu-citrus-paradisi-herbatica-50-ml\/","name":"Extrakt z grapefruitu - Citrus paradisi - Herbatica - 50 ml - EKO-BIO-NATURA BIO OBCHOD","isPartOf":{"@id":"https:\/\/www.eko-bio-natura.sk\/shop\/#website"},"primaryImageOfPage":{"@id":"https:\/\/www.eko-bio-natura.sk\/shop\/produkt\/extrakt-z-grapefruitu-citrus-paradisi-herbatica-50-ml\/#primaryimage"},"image":{"@id":"https:\/\/www.eko-bio-natura.sk\/shop\/produkt\/extrakt-z-grapefruitu-citrus-paradisi-herbatica-50-ml\/#primaryimage"},"thumbnailUrl":"https:\/\/www.eko-bio-natura.sk\/shop\/wp-content\/uploads\/2021\/12\/14034-2_voj-5297-1.jpg","datePublished":"2021-12-28T17:16:20+00:00","dateModified":"2025-05-23T20:11:24+00:00","breadcrumb":{"@id":"https:\/\/www.eko-bio-natura.sk\/shop\/produkt\/extrakt-z-grapefruitu-citrus-paradisi-herbatica-50-ml\/#breadcrumb"},"inLanguage":"sk-SK","potentialAction":[{"@type":"ReadAction","target":["https:\/\/www.eko-bio-natura.sk\/shop\/produkt\/extrakt-z-grapefruitu-citrus-paradisi-herbatica-50-ml\/"]}]},{"@type":"ImageObject","inLanguage":"sk-SK","@id":"https:\/\/www.eko-bio-natura.sk\/shop\/produkt\/extrakt-z-grapefruitu-citrus-paradisi-herbatica-50-ml\/#primaryimage","url":"https:\/\/www.eko-bio-natura.sk\/shop\/wp-content\/uploads\/2021\/12\/14034-2_voj-5297-1.jpg","contentUrl":"https:\/\/www.eko-bio-natura.sk\/shop\/wp-content\/uploads\/2021\/12\/14034-2_voj-5297-1.jpg","width":1200,"height":1200},{"@type":"BreadcrumbList","@id":"https:\/\/www.eko-bio-natura.sk\/shop\/produkt\/extrakt-z-grapefruitu-citrus-paradisi-herbatica-50-ml\/#breadcrumb","itemListElement":[{"@type":"ListItem","position":1,"name":"Domovsk\u00e1 str\u00e1nka","item":"https:\/\/www.eko-bio-natura.sk\/shop\/"},{"@type":"ListItem","position":2,"name":"Obchod","item":"https:\/\/www.eko-bio-natura.sk\/shop\/?page_id=6"},{"@type":"ListItem","position":3,"name":"Extrakt z grapefruitu &#8211; Citrus paradisi &#8211; Herbatica &#8211; 50 ml"}]},{"@type":"WebSite","@id":"https:\/\/www.eko-bio-natura.sk\/shop\/#website","url":"https:\/\/www.eko-bio-natura.sk\/shop\/","name":"EKO-BIO-NATURA BIO OBCHOD","description":"","publisher":{"@id":"https:\/\/www.eko-bio-natura.sk\/shop\/#organization"},"potentialAction":[{"@type":"SearchAction","target":{"@type":"EntryPoint","urlTemplate":"https:\/\/www.eko-bio-natura.sk\/shop\/?s={search_term_string}"},"query-input":{"@type":"PropertyValueSpecification","valueRequired":true,"valueName":"search_term_string"}}],"inLanguage":"sk-SK"},{"@type":"Organization","@id":"https:\/\/www.eko-bio-natura.sk\/shop\/#organization","name":"EKO-BIO-NATURA BIO OBCHOD","url":"https:\/\/www.eko-bio-natura.sk\/shop\/","logo":{"@type":"ImageObject","inLanguage":"sk-SK","@id":"https:\/\/www.eko-bio-natura.sk\/shop\/#\/schema\/logo\/image\/","url":"https:\/\/www.eko-bio-natura.sk\/shop\/wp-content\/uploads\/2021\/04\/eko-bio-natura_logo.png","contentUrl":"https:\/\/www.eko-bio-natura.sk\/shop\/wp-content\/uploads\/2021\/04\/eko-bio-natura_logo.png","width":552,"height":194,"caption":"EKO-BIO-NATURA BIO OBCHOD"},"image":{"@id":"https:\/\/www.eko-bio-natura.sk\/shop\/#\/schema\/logo\/image\/"}}]}},"_links":{"self":[{"href":"https:\/\/www.eko-bio-natura.sk\/shop\/wp-json\/wp\/v2\/product\/7664","targetHints":{"allow":["GET"]}}],"collection":[{"href":"https:\/\/www.eko-bio-natura.sk\/shop\/wp-json\/wp\/v2\/product"}],"about":[{"href":"https:\/\/www.eko-bio-natura.sk\/shop\/wp-json\/wp\/v2\/types\/product"}],"replies":[{"embeddable":true,"href":"https:\/\/www.eko-bio-natura.sk\/shop\/wp-json\/wp\/v2\/comments?post=7664"}],"wp:featuredmedia":[{"embeddable":true,"href":"https:\/\/www.eko-bio-natura.sk\/shop\/wp-json\/wp\/v2\/media\/7665"}],"wp:attachment":[{"href":"https:\/\/www.eko-bio-natura.sk\/shop\/wp-json\/wp\/v2\/media?parent=7664"}],"wp:term":[{"taxonomy":"product_brand","embeddable":true,"href":"https:\/\/www.eko-bio-natura.sk\/shop\/wp-json\/wp\/v2\/product_brand?post=7664"},{"taxonomy":"product_cat","embeddable":true,"href":"https:\/\/www.eko-bio-natura.sk\/shop\/wp-json\/wp\/v2\/product_cat?post=7664"},{"taxonomy":"product_tag","embeddable":true,"href":"https:\/\/www.eko-bio-natura.sk\/shop\/wp-json\/wp\/v2\/product_tag?post=7664"}],"curies":[{"name":"wp","href":"https:\/\/api.w.org\/{rel}","templated":true}]}}