{"id":7658,"date":"2021-12-28T18:16:20","date_gmt":"2021-12-28T17:16:20","guid":{"rendered":"https:\/\/www.eko-bio-natura.sk\/shop\/index.php\/produkt\/ruzova-voda-100-bio-prirodna-herbatica-objem-50-ml\/"},"modified":"2022-05-04T16:41:25","modified_gmt":"2022-05-04T14:41:25","slug":"ruzova-voda-100-bio-prirodna-herbatica-objem-50-ml","status":"publish","type":"product","link":"https:\/\/www.eko-bio-natura.sk\/shop\/produkt\/ruzova-voda-100-bio-prirodna-herbatica-objem-50-ml\/","title":{"rendered":"Ru\u017eov\u00e1 voda 100% BIO pr\u00edrodn\u00e1 &#8211; Herbatica Objem: 50 ml"},"content":{"rendered":"<p><span style=\"font-family: verdana, geneva; font-size: 12pt;\"><span style=\"font-weight: 400;\">BIO Ru\u017eov\u00e1 voda prin\u00e1\u0161a v\u00fdhody <strong>pre \u00faplne v\u0161etky typy pleti<\/strong>. Ple\u0165 <strong>upokojuje, omladzuje a zmier\u0148uje citlivos\u0165 \u010di podr\u00e1\u017edenos\u0165<\/strong> poko\u017eky. Ru\u017eov\u00e1 voda z Maroka obsahuje <strong>antioxidanty a vitam\u00edny<\/strong>, ktor\u00e9 pom\u00e1haj\u00fa poko\u017eke udr\u017ea\u0165 mladistv\u00fd vzh\u013ead. <strong>Zabra\u0148uje zne\u010disteniu, vr\u00e1skam, vy\u017eivuje poko\u017eku a \u00fa\u010dinne ju odmast\u0148uje a zm\u00e4k\u010duje<\/strong>. Jej&nbsp;prenikav\u00e1 v\u00f4\u0148a podporuje pozit\u00edvny n\u00e1rast n\u00e1lady, podporuje emo\u010dn\u00fa pohodu, \u010d\u00edm sa c\u00edtite uvo\u013enenej\u0161\u00ed. Ru\u017eov\u00e1 voda m\u00e1 tie\u017e prirodzen\u00e9 <strong>antiseptick\u00e9, protiz\u00e1palov\u00e9 a antibakteri\u00e1lne<\/strong> vlastnosti.<\/span><span style=\"font-weight: 400;\"><\/span><\/span><\/p>\n<p><span style=\"font-family: verdana, geneva; font-size: 12pt;\"><strong>Ru\u017eov\u00e1 voda je 100% pr\u00edrodn\u00fd BIO&amp;VEGAN produkt.<\/strong><span style=\"font-weight: 400;\"><\/span><\/span><\/p>\n<p><span style=\"font-family: verdana, geneva; font-size: 12pt;\"><strong>Ak\u00e9 s\u00fa v\u00fdhody ru\u017eovej vody pre ko\u017eu a vlasy?<\/strong><\/span><\/p>\n<ul>\n<li><span style=\"font-weight: 400; font-family: verdana, geneva; font-size: 12pt;\">pom\u00e1ha udr\u017eiava\u0165 spr\u00e1vne pH poko\u017eky<\/span><\/li>\n<li><span style=\"font-family: verdana, geneva; font-size: 12pt;\">m\u00e1 protiz\u00e1palov\u00e9 vlastnosti, ktor\u00e9 pom\u00e1haj\u00fa zn\u00ed\u017ei\u0165 za\u010dervenanie podr\u00e1\u017edenej ko\u017ee, <\/span><\/li>\n<li><span style=\"font-family: verdana, geneva; font-size: 12pt;\">zbavuje poko\u017eku akn\u00e9, dermatit\u00eddy a ekz\u00e9mu<\/span><\/li>\n<li><span style=\"font-family: verdana, geneva; font-size: 12pt;\">je to vynikaj\u00faci \u010distiaci prostriedok a pom\u00e1ha pri odstra\u0148ovan\u00ed ko\u017en\u00e9ho mazu a ne\u010dist\u00f4t nahromaden\u00fdch v upchat\u00fdch p\u00f3roch<\/span><\/li>\n<li><span style=\"font-family: verdana, geneva; font-size: 12pt;\">pom\u00e1ha hydratova\u0165, revitalizova\u0165 a zvlh\u010dova\u0165 poko\u017eku, \u010d\u00edm jej dod\u00e1va svie\u017ei a zdrav\u00fd vzh\u013ead<\/span><\/li>\n<li><span style=\"font-family: verdana, geneva; font-size: 12pt;\">v\u010faka svojim antibakteri\u00e1lnym vlastnostiam pom\u00e1ha ru\u017eov\u00e1 voda aj pri lie\u010dbe jaziev, poranen\u00ed a ko\u017en\u00fdch r\u00e1n.<\/span><\/li>\n<li><span style=\"font-family: verdana, geneva; font-size: 12pt;\">antioxida\u010dn\u00e9 vlastnosti ru\u017eovej vody pom\u00e1haj\u00fa posil\u0148ova\u0165 ko\u017en\u00e9 bunky a regenerova\u0165 ko\u017en\u00e9 tkaniv\u00e1.<\/span><\/li>\n<li><span style=\"font-family: verdana, geneva; font-size: 12pt;\">v\u00fd\u017eivn\u00e9 a hydrata\u010dn\u00e9 vlastnosti ru\u017eovej vody zvy\u0161uj\u00fa kvalitu vlasov<\/span><\/li>\n<li><span style=\"font-family: verdana, geneva; font-size: 12pt;\">pou\u017e\u00edva sa pri lie\u010dbe slab\u00fdch z\u00e1palov poko\u017eky hlavy a na odstr\u00e1nenie lup\u00edn. Ru\u017eov\u00e1 voda funguje ako pr\u00edrodn\u00fd kondicion\u00e9r pri\u010dom revitalizuje rast vlasov.<\/span><\/li>\n<li><span style=\"font-family: verdana, geneva; font-size: 12pt;\"> pom\u00e1ha starn\u00facej poko\u017eke, udr\u017eiava jemn\u00e9 l\u00ednie a redukuje vr\u00e1sky<\/span><\/li>\n<li><span style=\"font-family: verdana, geneva; font-size: 12pt;\">hydratuje poko\u017eku po holen\u00ed<\/span><\/li>\n<li><span style=\"font-family: verdana, geneva; font-size: 12pt;\">je skvel\u00e1 ako ple\u0165ov\u00e9 tonikum<\/span><\/li>\n<li><span style=\"font-family: verdana, geneva; font-size: 12pt;\">je vhodn\u00e1 na odli\u010dovanie make-upu<\/span><\/li>\n<\/ul>\n<p><span style=\"font-family: verdana, geneva; font-size: 12pt;\"><strong>Ak\u00e9 vlastnosti m\u00e1 ru\u017eov\u00e1 voda?<\/strong><\/span><\/p>\n<ul>\n<li><span style=\"font-family: verdana, geneva; font-size: 12pt;\">antibakter\u00e1lne&nbsp;<\/span><\/li>\n<li><span style=\"font-family: verdana, geneva; font-size: 12pt;\">protiz\u00e1palov\u00e9<\/span><\/li>\n<li><span style=\"font-family: verdana, geneva; font-size: 12pt;\">antioxida\u010dn\u00e9<\/span><\/li>\n<li><span style=\"font-family: verdana, geneva; font-size: 12pt;\">hydrata\u010dn\u00e9<\/span><\/li>\n<li><span style=\"font-family: verdana, geneva; font-size: 12pt;\">aromatick\u00e9<\/span><\/li>\n<li><span style=\"font-family: verdana, geneva; font-size: 12pt;\">relaxa\u010dn\u00e9<\/span><\/li>\n<li><span style=\"font-family: verdana, geneva; font-size: 12pt;\">\u010distiace<\/span><\/li>\n<li><span style=\"font-family: verdana, geneva; font-size: 12pt;\">osvie\u017euj\u00face<\/span><\/li>\n<\/ul>\n<p>&nbsp;<\/p>\n<p><span style=\"font-family: verdana, geneva; font-size: 12pt;\"><strong>Pou\u017eitie:<\/strong> Aplik\u00e1cia je vhodn\u00e1 kedyko\u013evek po\u010das d\u0148a. Ru\u017eov\u00fa vodu si nastriekate na tv\u00e1r, telo a vlasy.<\/span><\/p>\n<p><span style=\"font-family: verdana, geneva; font-size: 12pt;\"><strong><img decoding=\"async\" src=\"\/user\/documents\/upload\/mceclip0-140.png?1618232398\" \/><\/strong><\/span><span style=\"font-size: 12pt;\"><span style=\"font-family: verdana, geneva;\"><\/span><\/span><\/p>\n<p><span style=\"font-size: 12pt;\"><strong><span style=\"font-family: verdana, geneva;\">Objem: <\/span><\/strong><span style=\"font-family: verdana, geneva;\">50ml\/100ml<\/span><span style=\"font-family: verdana, geneva;\"><\/span><\/span><\/p>\n<p><span style=\"font-size: 12pt;\"><span style=\"font-family: verdana, geneva;\"><strong>Krajina p\u00f4vodu:<\/strong> Maroko<\/span><\/span><\/p>\n<p>&nbsp;<\/p>\n<p><span style=\"font-size: 12pt;\"><span style=\"font-family: verdana, geneva;\">Ak v\u00e1s ru\u017eov\u00e1 voda o\u010darila a zauj\u00edmate sa aj o in\u00e9 kvetinov\u00e9 vody, nie\u010do sa o nich m\u00f4\u017eete do\u010d\u00edta\u0165 <a href=\"https:\/\/www.herbatica.sk\/blog\/maskne-a-starostlivost-o-plet-pod-ruskom\/\" target=\"_blank\" rel=\"noopener noreferrer\"><strong>v tomto \u010dl\u00e1nku.<\/strong><\/a><\/span><\/span><\/p>\n","protected":false},"excerpt":{"rendered":"<p>BIO Ru\u017eov\u00e1 voda prin\u00e1\u0161a v\u00fdhody pre \u00faplne v\u0161etky typy pleti. Ple\u0165 upokojuje, omladzuje a zmier\u0148uje citlivos\u0165 \u010di podr\u00e1\u017edenos\u0165 poko\u017eky. Ru\u017eov\u00e1 voda z Maroka obsahuje antioxidanty a vitam\u00edny, ktor\u00e9 pom\u00e1haj\u00fa poko\u017eke udr\u017ea\u0165 mladistv\u00fd vzh\u013ead. Zabra\u0148uje zne\u010disteniu, vr\u00e1skam, vy\u017eivuje poko\u017eku a \u00fa\u010dinne ju odmast\u0148uje a zm\u00e4k\u010duje. Jej&nbsp;prenikav\u00e1 v\u00f4\u0148a podporuje pozit\u00edvny n\u00e1rast n\u00e1lady, podporuje emo\u010dn\u00fa pohodu, \u010d\u00edm sa [&hellip;]<\/p>\n","protected":false},"featured_media":7659,"comment_status":"open","ping_status":"open","template":"","meta":{"site-sidebar-layout":"default","site-content-layout":"","ast-site-content-layout":"default","site-content-style":"default","site-sidebar-style":"default","ast-global-header-display":"","ast-banner-title-visibility":"","ast-main-header-display":"","ast-hfb-above-header-display":"","ast-hfb-below-header-display":"","ast-hfb-mobile-header-display":"","site-post-title":"","ast-breadcrumbs-content":"","ast-featured-img":"","footer-sml-layout":"","ast-disable-related-posts":"","theme-transparent-header-meta":"","adv-header-id-meta":"","stick-header-meta":"","header-above-stick-meta":"","header-main-stick-meta":"","header-below-stick-meta":"","astra-migrate-meta-layouts":"default","ast-page-background-enabled":"default","ast-page-background-meta":{"desktop":{"background-color":"","background-image":"","background-repeat":"repeat","background-position":"center center","background-size":"auto","background-attachment":"scroll","background-type":"","background-media":"","overlay-type":"","overlay-color":"","overlay-opacity":"","overlay-gradient":""},"tablet":{"background-color":"","background-image":"","background-repeat":"repeat","background-position":"center center","background-size":"auto","background-attachment":"scroll","background-type":"","background-media":"","overlay-type":"","overlay-color":"","overlay-opacity":"","overlay-gradient":""},"mobile":{"background-color":"","background-image":"","background-repeat":"repeat","background-position":"center center","background-size":"auto","background-attachment":"scroll","background-type":"","background-media":"","overlay-type":"","overlay-color":"","overlay-opacity":"","overlay-gradient":""}},"ast-content-background-meta":{"desktop":{"background-color":"var(--ast-global-color-5)","background-image":"","background-repeat":"repeat","background-position":"center center","background-size":"auto","background-attachment":"scroll","background-type":"","background-media":"","overlay-type":"","overlay-color":"","overlay-opacity":"","overlay-gradient":""},"tablet":{"background-color":"var(--ast-global-color-5)","background-image":"","background-repeat":"repeat","background-position":"center center","background-size":"auto","background-attachment":"scroll","background-type":"","background-media":"","overlay-type":"","overlay-color":"","overlay-opacity":"","overlay-gradient":""},"mobile":{"background-color":"var(--ast-global-color-5)","background-image":"","background-repeat":"repeat","background-position":"center center","background-size":"auto","background-attachment":"scroll","background-type":"","background-media":"","overlay-type":"","overlay-color":"","overlay-opacity":"","overlay-gradient":""}}},"product_brand":[],"product_cat":[2740,31,2741],"product_tag":[2551,362],"class_list":{"0":"post-7658","1":"product","2":"type-product","3":"status-publish","4":"has-post-thumbnail","6":"product_cat-bio","7":"product_cat-pletova-kozmetika","8":"product_cat-vegan","9":"product_tag-bio","10":"product_tag-vegan","11":"pa_cena-dopravy-367","12":"pa_doprava-zasilkovna","13":"pa_typ-partnersky-predaj","14":"pa_znacka-herbatica","15":"desktop-align-left","16":"tablet-align-left","17":"mobile-align-left","19":"first","20":"instock","21":"product-type-external"},"yoast_head":"<!-- This site is optimized with the Yoast SEO plugin v27.2 - https:\/\/yoast.com\/product\/yoast-seo-wordpress\/ -->\n<title>Ru\u017eov\u00e1 voda 100% BIO pr\u00edrodn\u00e1 - Herbatica Objem: 50 ml - EKO-BIO-NATURA BIO OBCHOD<\/title>\n<meta name=\"robots\" content=\"index, follow, max-snippet:-1, max-image-preview:large, max-video-preview:-1\" \/>\n<link rel=\"canonical\" href=\"https:\/\/www.eko-bio-natura.sk\/shop\/produkt\/ruzova-voda-100-bio-prirodna-herbatica-objem-50-ml\/\" \/>\n<meta property=\"og:locale\" content=\"sk_SK\" \/>\n<meta property=\"og:type\" content=\"article\" \/>\n<meta property=\"og:title\" content=\"Ru\u017eov\u00e1 voda 100% BIO pr\u00edrodn\u00e1 - Herbatica Objem: 50 ml - EKO-BIO-NATURA BIO OBCHOD\" \/>\n<meta property=\"og:description\" content=\"BIO Ru\u017eov\u00e1 voda prin\u00e1\u0161a v\u00fdhody pre \u00faplne v\u0161etky typy pleti. Ple\u0165 upokojuje, omladzuje a zmier\u0148uje citlivos\u0165 \u010di podr\u00e1\u017edenos\u0165 poko\u017eky. Ru\u017eov\u00e1 voda z Maroka obsahuje antioxidanty a vitam\u00edny, ktor\u00e9 pom\u00e1haj\u00fa poko\u017eke udr\u017ea\u0165 mladistv\u00fd vzh\u013ead. Zabra\u0148uje zne\u010disteniu, vr\u00e1skam, vy\u017eivuje poko\u017eku a \u00fa\u010dinne ju odmast\u0148uje a zm\u00e4k\u010duje. Jej&nbsp;prenikav\u00e1 v\u00f4\u0148a podporuje pozit\u00edvny n\u00e1rast n\u00e1lady, podporuje emo\u010dn\u00fa pohodu, \u010d\u00edm sa [&hellip;]\" \/>\n<meta property=\"og:url\" content=\"https:\/\/www.eko-bio-natura.sk\/shop\/produkt\/ruzova-voda-100-bio-prirodna-herbatica-objem-50-ml\/\" \/>\n<meta property=\"og:site_name\" content=\"EKO-BIO-NATURA BIO OBCHOD\" \/>\n<meta property=\"article:modified_time\" content=\"2022-05-04T14:41:25+00:00\" \/>\n<meta property=\"og:image\" content=\"https:\/\/www.eko-bio-natura.sk\/shop\/wp-content\/uploads\/2021\/12\/14013-3_voj-8294-scaled.jpg\" \/>\n\t<meta property=\"og:image:width\" content=\"2560\" \/>\n\t<meta property=\"og:image:height\" content=\"2560\" \/>\n\t<meta property=\"og:image:type\" content=\"image\/jpeg\" \/>\n<meta name=\"twitter:card\" content=\"summary_large_image\" \/>\n<meta name=\"twitter:label1\" content=\"Predpokladan\u00fd \u010das \u010d\u00edtania\" \/>\n\t<meta name=\"twitter:data1\" content=\"2 min\u00faty\" \/>\n<script type=\"application\/ld+json\" class=\"yoast-schema-graph\">{\"@context\":\"https:\/\/schema.org\",\"@graph\":[{\"@type\":\"WebPage\",\"@id\":\"https:\/\/www.eko-bio-natura.sk\/shop\/produkt\/ruzova-voda-100-bio-prirodna-herbatica-objem-50-ml\/\",\"url\":\"https:\/\/www.eko-bio-natura.sk\/shop\/produkt\/ruzova-voda-100-bio-prirodna-herbatica-objem-50-ml\/\",\"name\":\"Ru\u017eov\u00e1 voda 100% BIO pr\u00edrodn\u00e1 - Herbatica Objem: 50 ml - EKO-BIO-NATURA BIO OBCHOD\",\"isPartOf\":{\"@id\":\"https:\/\/www.eko-bio-natura.sk\/shop\/#website\"},\"primaryImageOfPage\":{\"@id\":\"https:\/\/www.eko-bio-natura.sk\/shop\/produkt\/ruzova-voda-100-bio-prirodna-herbatica-objem-50-ml\/#primaryimage\"},\"image\":{\"@id\":\"https:\/\/www.eko-bio-natura.sk\/shop\/produkt\/ruzova-voda-100-bio-prirodna-herbatica-objem-50-ml\/#primaryimage\"},\"thumbnailUrl\":\"https:\/\/www.eko-bio-natura.sk\/shop\/wp-content\/uploads\/2021\/12\/14013-3_voj-8294-scaled.jpg\",\"datePublished\":\"2021-12-28T17:16:20+00:00\",\"dateModified\":\"2022-05-04T14:41:25+00:00\",\"breadcrumb\":{\"@id\":\"https:\/\/www.eko-bio-natura.sk\/shop\/produkt\/ruzova-voda-100-bio-prirodna-herbatica-objem-50-ml\/#breadcrumb\"},\"inLanguage\":\"sk-SK\",\"potentialAction\":[{\"@type\":\"ReadAction\",\"target\":[\"https:\/\/www.eko-bio-natura.sk\/shop\/produkt\/ruzova-voda-100-bio-prirodna-herbatica-objem-50-ml\/\"]}]},{\"@type\":\"ImageObject\",\"inLanguage\":\"sk-SK\",\"@id\":\"https:\/\/www.eko-bio-natura.sk\/shop\/produkt\/ruzova-voda-100-bio-prirodna-herbatica-objem-50-ml\/#primaryimage\",\"url\":\"https:\/\/www.eko-bio-natura.sk\/shop\/wp-content\/uploads\/2021\/12\/14013-3_voj-8294-scaled.jpg\",\"contentUrl\":\"https:\/\/www.eko-bio-natura.sk\/shop\/wp-content\/uploads\/2021\/12\/14013-3_voj-8294-scaled.jpg\",\"width\":2560,\"height\":2560},{\"@type\":\"BreadcrumbList\",\"@id\":\"https:\/\/www.eko-bio-natura.sk\/shop\/produkt\/ruzova-voda-100-bio-prirodna-herbatica-objem-50-ml\/#breadcrumb\",\"itemListElement\":[{\"@type\":\"ListItem\",\"position\":1,\"name\":\"Domovsk\u00e1 str\u00e1nka\",\"item\":\"https:\/\/www.eko-bio-natura.sk\/shop\/\"},{\"@type\":\"ListItem\",\"position\":2,\"name\":\"Obchod\",\"item\":\"https:\/\/www.eko-bio-natura.sk\/shop\/?page_id=6\"},{\"@type\":\"ListItem\",\"position\":3,\"name\":\"Ru\u017eov\u00e1 voda 100% BIO pr\u00edrodn\u00e1 &#8211; Herbatica Objem: 50 ml\"}]},{\"@type\":\"WebSite\",\"@id\":\"https:\/\/www.eko-bio-natura.sk\/shop\/#website\",\"url\":\"https:\/\/www.eko-bio-natura.sk\/shop\/\",\"name\":\"EKO-BIO-NATURA BIO OBCHOD\",\"description\":\"\",\"publisher\":{\"@id\":\"https:\/\/www.eko-bio-natura.sk\/shop\/#organization\"},\"potentialAction\":[{\"@type\":\"SearchAction\",\"target\":{\"@type\":\"EntryPoint\",\"urlTemplate\":\"https:\/\/www.eko-bio-natura.sk\/shop\/?s={search_term_string}\"},\"query-input\":{\"@type\":\"PropertyValueSpecification\",\"valueRequired\":true,\"valueName\":\"search_term_string\"}}],\"inLanguage\":\"sk-SK\"},{\"@type\":\"Organization\",\"@id\":\"https:\/\/www.eko-bio-natura.sk\/shop\/#organization\",\"name\":\"EKO-BIO-NATURA BIO OBCHOD\",\"url\":\"https:\/\/www.eko-bio-natura.sk\/shop\/\",\"logo\":{\"@type\":\"ImageObject\",\"inLanguage\":\"sk-SK\",\"@id\":\"https:\/\/www.eko-bio-natura.sk\/shop\/#\/schema\/logo\/image\/\",\"url\":\"https:\/\/www.eko-bio-natura.sk\/shop\/wp-content\/uploads\/2021\/04\/eko-bio-natura_logo.png\",\"contentUrl\":\"https:\/\/www.eko-bio-natura.sk\/shop\/wp-content\/uploads\/2021\/04\/eko-bio-natura_logo.png\",\"width\":552,\"height\":194,\"caption\":\"EKO-BIO-NATURA BIO OBCHOD\"},\"image\":{\"@id\":\"https:\/\/www.eko-bio-natura.sk\/shop\/#\/schema\/logo\/image\/\"}}]}<\/script>\n<!-- \/ Yoast SEO plugin. -->","yoast_head_json":{"title":"Ru\u017eov\u00e1 voda 100% BIO pr\u00edrodn\u00e1 - Herbatica Objem: 50 ml - EKO-BIO-NATURA BIO OBCHOD","robots":{"index":"index","follow":"follow","max-snippet":"max-snippet:-1","max-image-preview":"max-image-preview:large","max-video-preview":"max-video-preview:-1"},"canonical":"https:\/\/www.eko-bio-natura.sk\/shop\/produkt\/ruzova-voda-100-bio-prirodna-herbatica-objem-50-ml\/","og_locale":"sk_SK","og_type":"article","og_title":"Ru\u017eov\u00e1 voda 100% BIO pr\u00edrodn\u00e1 - Herbatica Objem: 50 ml - EKO-BIO-NATURA BIO OBCHOD","og_description":"BIO Ru\u017eov\u00e1 voda prin\u00e1\u0161a v\u00fdhody pre \u00faplne v\u0161etky typy pleti. Ple\u0165 upokojuje, omladzuje a zmier\u0148uje citlivos\u0165 \u010di podr\u00e1\u017edenos\u0165 poko\u017eky. Ru\u017eov\u00e1 voda z Maroka obsahuje antioxidanty a vitam\u00edny, ktor\u00e9 pom\u00e1haj\u00fa poko\u017eke udr\u017ea\u0165 mladistv\u00fd vzh\u013ead. Zabra\u0148uje zne\u010disteniu, vr\u00e1skam, vy\u017eivuje poko\u017eku a \u00fa\u010dinne ju odmast\u0148uje a zm\u00e4k\u010duje. Jej&nbsp;prenikav\u00e1 v\u00f4\u0148a podporuje pozit\u00edvny n\u00e1rast n\u00e1lady, podporuje emo\u010dn\u00fa pohodu, \u010d\u00edm sa [&hellip;]","og_url":"https:\/\/www.eko-bio-natura.sk\/shop\/produkt\/ruzova-voda-100-bio-prirodna-herbatica-objem-50-ml\/","og_site_name":"EKO-BIO-NATURA BIO OBCHOD","article_modified_time":"2022-05-04T14:41:25+00:00","og_image":[{"width":2560,"height":2560,"url":"https:\/\/www.eko-bio-natura.sk\/shop\/wp-content\/uploads\/2021\/12\/14013-3_voj-8294-scaled.jpg","type":"image\/jpeg"}],"twitter_card":"summary_large_image","twitter_misc":{"Predpokladan\u00fd \u010das \u010d\u00edtania":"2 min\u00faty"},"schema":{"@context":"https:\/\/schema.org","@graph":[{"@type":"WebPage","@id":"https:\/\/www.eko-bio-natura.sk\/shop\/produkt\/ruzova-voda-100-bio-prirodna-herbatica-objem-50-ml\/","url":"https:\/\/www.eko-bio-natura.sk\/shop\/produkt\/ruzova-voda-100-bio-prirodna-herbatica-objem-50-ml\/","name":"Ru\u017eov\u00e1 voda 100% BIO pr\u00edrodn\u00e1 - Herbatica Objem: 50 ml - EKO-BIO-NATURA BIO OBCHOD","isPartOf":{"@id":"https:\/\/www.eko-bio-natura.sk\/shop\/#website"},"primaryImageOfPage":{"@id":"https:\/\/www.eko-bio-natura.sk\/shop\/produkt\/ruzova-voda-100-bio-prirodna-herbatica-objem-50-ml\/#primaryimage"},"image":{"@id":"https:\/\/www.eko-bio-natura.sk\/shop\/produkt\/ruzova-voda-100-bio-prirodna-herbatica-objem-50-ml\/#primaryimage"},"thumbnailUrl":"https:\/\/www.eko-bio-natura.sk\/shop\/wp-content\/uploads\/2021\/12\/14013-3_voj-8294-scaled.jpg","datePublished":"2021-12-28T17:16:20+00:00","dateModified":"2022-05-04T14:41:25+00:00","breadcrumb":{"@id":"https:\/\/www.eko-bio-natura.sk\/shop\/produkt\/ruzova-voda-100-bio-prirodna-herbatica-objem-50-ml\/#breadcrumb"},"inLanguage":"sk-SK","potentialAction":[{"@type":"ReadAction","target":["https:\/\/www.eko-bio-natura.sk\/shop\/produkt\/ruzova-voda-100-bio-prirodna-herbatica-objem-50-ml\/"]}]},{"@type":"ImageObject","inLanguage":"sk-SK","@id":"https:\/\/www.eko-bio-natura.sk\/shop\/produkt\/ruzova-voda-100-bio-prirodna-herbatica-objem-50-ml\/#primaryimage","url":"https:\/\/www.eko-bio-natura.sk\/shop\/wp-content\/uploads\/2021\/12\/14013-3_voj-8294-scaled.jpg","contentUrl":"https:\/\/www.eko-bio-natura.sk\/shop\/wp-content\/uploads\/2021\/12\/14013-3_voj-8294-scaled.jpg","width":2560,"height":2560},{"@type":"BreadcrumbList","@id":"https:\/\/www.eko-bio-natura.sk\/shop\/produkt\/ruzova-voda-100-bio-prirodna-herbatica-objem-50-ml\/#breadcrumb","itemListElement":[{"@type":"ListItem","position":1,"name":"Domovsk\u00e1 str\u00e1nka","item":"https:\/\/www.eko-bio-natura.sk\/shop\/"},{"@type":"ListItem","position":2,"name":"Obchod","item":"https:\/\/www.eko-bio-natura.sk\/shop\/?page_id=6"},{"@type":"ListItem","position":3,"name":"Ru\u017eov\u00e1 voda 100% BIO pr\u00edrodn\u00e1 &#8211; Herbatica Objem: 50 ml"}]},{"@type":"WebSite","@id":"https:\/\/www.eko-bio-natura.sk\/shop\/#website","url":"https:\/\/www.eko-bio-natura.sk\/shop\/","name":"EKO-BIO-NATURA BIO OBCHOD","description":"","publisher":{"@id":"https:\/\/www.eko-bio-natura.sk\/shop\/#organization"},"potentialAction":[{"@type":"SearchAction","target":{"@type":"EntryPoint","urlTemplate":"https:\/\/www.eko-bio-natura.sk\/shop\/?s={search_term_string}"},"query-input":{"@type":"PropertyValueSpecification","valueRequired":true,"valueName":"search_term_string"}}],"inLanguage":"sk-SK"},{"@type":"Organization","@id":"https:\/\/www.eko-bio-natura.sk\/shop\/#organization","name":"EKO-BIO-NATURA BIO OBCHOD","url":"https:\/\/www.eko-bio-natura.sk\/shop\/","logo":{"@type":"ImageObject","inLanguage":"sk-SK","@id":"https:\/\/www.eko-bio-natura.sk\/shop\/#\/schema\/logo\/image\/","url":"https:\/\/www.eko-bio-natura.sk\/shop\/wp-content\/uploads\/2021\/04\/eko-bio-natura_logo.png","contentUrl":"https:\/\/www.eko-bio-natura.sk\/shop\/wp-content\/uploads\/2021\/04\/eko-bio-natura_logo.png","width":552,"height":194,"caption":"EKO-BIO-NATURA BIO OBCHOD"},"image":{"@id":"https:\/\/www.eko-bio-natura.sk\/shop\/#\/schema\/logo\/image\/"}}]}},"_links":{"self":[{"href":"https:\/\/www.eko-bio-natura.sk\/shop\/wp-json\/wp\/v2\/product\/7658","targetHints":{"allow":["GET"]}}],"collection":[{"href":"https:\/\/www.eko-bio-natura.sk\/shop\/wp-json\/wp\/v2\/product"}],"about":[{"href":"https:\/\/www.eko-bio-natura.sk\/shop\/wp-json\/wp\/v2\/types\/product"}],"replies":[{"embeddable":true,"href":"https:\/\/www.eko-bio-natura.sk\/shop\/wp-json\/wp\/v2\/comments?post=7658"}],"wp:featuredmedia":[{"embeddable":true,"href":"https:\/\/www.eko-bio-natura.sk\/shop\/wp-json\/wp\/v2\/media\/7659"}],"wp:attachment":[{"href":"https:\/\/www.eko-bio-natura.sk\/shop\/wp-json\/wp\/v2\/media?parent=7658"}],"wp:term":[{"taxonomy":"product_brand","embeddable":true,"href":"https:\/\/www.eko-bio-natura.sk\/shop\/wp-json\/wp\/v2\/product_brand?post=7658"},{"taxonomy":"product_cat","embeddable":true,"href":"https:\/\/www.eko-bio-natura.sk\/shop\/wp-json\/wp\/v2\/product_cat?post=7658"},{"taxonomy":"product_tag","embeddable":true,"href":"https:\/\/www.eko-bio-natura.sk\/shop\/wp-json\/wp\/v2\/product_tag?post=7658"}],"curies":[{"name":"wp","href":"https:\/\/api.w.org\/{rel}","templated":true}]}}