{"id":7655,"date":"2021-12-28T18:16:20","date_gmt":"2021-12-28T17:16:20","guid":{"rendered":"https:\/\/www.eko-bio-natura.sk\/shop\/index.php\/produkt\/zubna-pasta-s-rakytnikovym-olejom-ochranna-ecodenta-75ml\/"},"modified":"2022-05-04T16:41:24","modified_gmt":"2022-05-04T14:41:24","slug":"zubna-pasta-s-rakytnikovym-olejom-ochranna-ecodenta-75ml","status":"publish","type":"product","link":"https:\/\/www.eko-bio-natura.sk\/shop\/produkt\/zubna-pasta-s-rakytnikovym-olejom-ochranna-ecodenta-75ml\/","title":{"rendered":"Zubn\u00e1 pasta s rakytn\u00edkov\u00fdm olejom &#8211; ochrann\u00e1 &#8211; Ecodenta &#8211; 75ml"},"content":{"rendered":"<p><span style=\"font-weight: 400; font-family: verdana, geneva; font-size: 12pt;\">Pasta proti zubn\u00e9mu kazu obohaten\u00e1 o pr\u00edrodn\u00fd rakytn\u00edkov\u00fd olej. Chr\u00e1ni a zabra\u0148uje tvorbe kazu a \u00fa\u010dinne odstra\u0148uje zubn\u00fdkame\u0148. D\u00f4kladn\u00fdm um\u00fdvan\u00edm zubov touto zubnou pastou dvakr\u00e1t denne zabezpe\u010d\u00edte svojim zubom vynikaj\u00facu starostlivos\u0165 a primeran\u00fa ochranu po cel\u00fd de\u0148.<\/span><\/p>\n<p><span style=\"font-family: verdana, geneva; font-size: 12pt;\"><strong>Akt\u00edvne l\u00e1tky:<\/strong><\/span><\/p>\n<ul>\n<li style=\"font-weight: 400;\" aria-level=\"1\"><span style=\"font-family: verdana, geneva; font-size: 12pt;\"><strong>Rakytn\u00edkov\u00fd olej<\/strong><span style=\"font-weight: 400;\"> ochra\u0148uje \u010fasn\u00e1 a zubn\u00fa sklovinu a udr\u017eiava zuby zdrav\u00e9. Zabra\u0148uje tvorbe zubn\u00e9ho kazu.<\/span><\/span><\/li>\n<\/ul>\n<p><span style=\"font-weight: 400; font-family: verdana, geneva; font-size: 12pt;\">&nbsp;<\/span><\/p>\n<p><span style=\"font-family: verdana, geneva; font-size: 12pt;\"><strong>Pou\u017eitie: <\/strong><span style=\"font-weight: 400;\">Na kefku nanesiete mal\u00e9 mno\u017estvo pasty a potom zuby \u010distite kr\u00fa\u017eiv\u00fdm pohybom po dobu 2 min\u00fat.<\/span><\/span><\/p>\n<pre class=\"tw-data-text tw-text-large XcVN5d tw-ta\" dir=\"ltr\" data-placeholder=\"Preklad\"><span lang=\"sk\" style=\"font-family: verdana, geneva; font-size: 12pt;\"><img fetchpriority=\"high\" decoding=\"async\" src=\"\/user\/documents\/upload\/mceclip0-130.png?1617284161\" width=\"970\" height=\"66\" \/><\/span><\/pre>\n<p><span style=\"font-family: verdana, geneva; font-size: 12pt;\"><strong>Objem: <\/strong><span style=\"font-weight: 400;\">75 ml<\/span><\/span><\/p>\n<pre id=\"tw-target-text\" class=\"tw-data-text tw-text-large XcVN5d tw-ta\" dir=\"ltr\" data-placeholder=\"Preklad\"><span lang=\"sk\" style=\"font-family: verdana, geneva; font-size: 12pt;\"><strong>Krajina p\u00f4vodu: <\/strong><span style=\"font-weight: 400;\">EU<\/span><\/span><\/pre>\n","protected":false},"excerpt":{"rendered":"<p>Pasta proti zubn\u00e9mu kazu obohaten\u00e1 o pr\u00edrodn\u00fd rakytn\u00edkov\u00fd olej. Chr\u00e1ni a zabra\u0148uje tvorbe kazu a \u00fa\u010dinne odstra\u0148uje zubn\u00fdkame\u0148. D\u00f4kladn\u00fdm um\u00fdvan\u00edm zubov touto zubnou pastou dvakr\u00e1t denne zabezpe\u010d\u00edte svojim zubom vynikaj\u00facu starostlivos\u0165 a primeran\u00fa ochranu po cel\u00fd de\u0148. Akt\u00edvne l\u00e1tky: Rakytn\u00edkov\u00fd olej ochra\u0148uje \u010fasn\u00e1 a zubn\u00fa sklovinu a udr\u017eiava zuby zdrav\u00e9. Zabra\u0148uje tvorbe zubn\u00e9ho kazu. &nbsp; [&hellip;]<\/p>\n","protected":false},"featured_media":7656,"comment_status":"open","ping_status":"open","template":"","meta":{"site-sidebar-layout":"default","site-content-layout":"","ast-site-content-layout":"default","site-content-style":"default","site-sidebar-style":"default","ast-global-header-display":"","ast-banner-title-visibility":"","ast-main-header-display":"","ast-hfb-above-header-display":"","ast-hfb-below-header-display":"","ast-hfb-mobile-header-display":"","site-post-title":"","ast-breadcrumbs-content":"","ast-featured-img":"","footer-sml-layout":"","ast-disable-related-posts":"","theme-transparent-header-meta":"","adv-header-id-meta":"","stick-header-meta":"","header-above-stick-meta":"","header-main-stick-meta":"","header-below-stick-meta":"","astra-migrate-meta-layouts":"default","ast-page-background-enabled":"default","ast-page-background-meta":{"desktop":{"background-color":"","background-image":"","background-repeat":"repeat","background-position":"center center","background-size":"auto","background-attachment":"scroll","background-type":"","background-media":"","overlay-type":"","overlay-color":"","overlay-opacity":"","overlay-gradient":""},"tablet":{"background-color":"","background-image":"","background-repeat":"repeat","background-position":"center center","background-size":"auto","background-attachment":"scroll","background-type":"","background-media":"","overlay-type":"","overlay-color":"","overlay-opacity":"","overlay-gradient":""},"mobile":{"background-color":"","background-image":"","background-repeat":"repeat","background-position":"center center","background-size":"auto","background-attachment":"scroll","background-type":"","background-media":"","overlay-type":"","overlay-color":"","overlay-opacity":"","overlay-gradient":""}},"ast-content-background-meta":{"desktop":{"background-color":"var(--ast-global-color-5)","background-image":"","background-repeat":"repeat","background-position":"center center","background-size":"auto","background-attachment":"scroll","background-type":"","background-media":"","overlay-type":"","overlay-color":"","overlay-opacity":"","overlay-gradient":""},"tablet":{"background-color":"var(--ast-global-color-5)","background-image":"","background-repeat":"repeat","background-position":"center center","background-size":"auto","background-attachment":"scroll","background-type":"","background-media":"","overlay-type":"","overlay-color":"","overlay-opacity":"","overlay-gradient":""},"mobile":{"background-color":"var(--ast-global-color-5)","background-image":"","background-repeat":"repeat","background-position":"center center","background-size":"auto","background-attachment":"scroll","background-type":"","background-media":"","overlay-type":"","overlay-color":"","overlay-opacity":"","overlay-gradient":""}}},"product_brand":[],"product_cat":[38,224],"product_tag":[],"class_list":{"0":"post-7655","1":"product","2":"type-product","3":"status-publish","4":"has-post-thumbnail","6":"product_cat-starostlivost-o-zuby","7":"product_cat-zuby-a-dasna","8":"pa_cena-dopravy-367","9":"pa_doprava-zasilkovna","10":"pa_ean-999","11":"pa_typ-partnersky-predaj","12":"pa_znacka-ecodenta","13":"desktop-align-left","14":"tablet-align-left","15":"mobile-align-left","17":"first","18":"instock","19":"product-type-external"},"yoast_head":"<!-- This site is optimized with the Yoast SEO plugin v27.2 - https:\/\/yoast.com\/product\/yoast-seo-wordpress\/ -->\n<title>Zubn\u00e1 pasta s rakytn\u00edkov\u00fdm olejom - ochrann\u00e1 - Ecodenta - 75ml - EKO-BIO-NATURA BIO OBCHOD<\/title>\n<meta name=\"robots\" content=\"index, follow, max-snippet:-1, max-image-preview:large, max-video-preview:-1\" \/>\n<link rel=\"canonical\" href=\"https:\/\/www.eko-bio-natura.sk\/shop\/produkt\/zubna-pasta-s-rakytnikovym-olejom-ochranna-ecodenta-75ml\/\" \/>\n<meta property=\"og:locale\" content=\"sk_SK\" \/>\n<meta property=\"og:type\" content=\"article\" \/>\n<meta property=\"og:title\" content=\"Zubn\u00e1 pasta s rakytn\u00edkov\u00fdm olejom - ochrann\u00e1 - Ecodenta - 75ml - EKO-BIO-NATURA BIO OBCHOD\" \/>\n<meta property=\"og:description\" content=\"Pasta proti zubn\u00e9mu kazu obohaten\u00e1 o pr\u00edrodn\u00fd rakytn\u00edkov\u00fd olej. Chr\u00e1ni a zabra\u0148uje tvorbe kazu a \u00fa\u010dinne odstra\u0148uje zubn\u00fdkame\u0148. D\u00f4kladn\u00fdm um\u00fdvan\u00edm zubov touto zubnou pastou dvakr\u00e1t denne zabezpe\u010d\u00edte svojim zubom vynikaj\u00facu starostlivos\u0165 a primeran\u00fa ochranu po cel\u00fd de\u0148. Akt\u00edvne l\u00e1tky: Rakytn\u00edkov\u00fd olej ochra\u0148uje \u010fasn\u00e1 a zubn\u00fa sklovinu a udr\u017eiava zuby zdrav\u00e9. Zabra\u0148uje tvorbe zubn\u00e9ho kazu. &nbsp; [&hellip;]\" \/>\n<meta property=\"og:url\" content=\"https:\/\/www.eko-bio-natura.sk\/shop\/produkt\/zubna-pasta-s-rakytnikovym-olejom-ochranna-ecodenta-75ml\/\" \/>\n<meta property=\"og:site_name\" content=\"EKO-BIO-NATURA BIO OBCHOD\" \/>\n<meta property=\"article:modified_time\" content=\"2022-05-04T14:41:24+00:00\" \/>\n<meta property=\"og:image\" content=\"https:\/\/www.eko-bio-natura.sk\/shop\/wp-content\/uploads\/2021\/12\/13989_dantu-pasta-ecodenta-apsauga-nuo-karieso-75ml.jpg\" \/>\n\t<meta property=\"og:image:width\" content=\"800\" \/>\n\t<meta property=\"og:image:height\" content=\"800\" \/>\n\t<meta property=\"og:image:type\" content=\"image\/jpeg\" \/>\n<meta name=\"twitter:card\" content=\"summary_large_image\" \/>\n<meta name=\"twitter:label1\" content=\"Predpokladan\u00fd \u010das \u010d\u00edtania\" \/>\n\t<meta name=\"twitter:data1\" content=\"1 min\u00fata\" \/>\n<script type=\"application\/ld+json\" class=\"yoast-schema-graph\">{\"@context\":\"https:\/\/schema.org\",\"@graph\":[{\"@type\":\"WebPage\",\"@id\":\"https:\/\/www.eko-bio-natura.sk\/shop\/produkt\/zubna-pasta-s-rakytnikovym-olejom-ochranna-ecodenta-75ml\/\",\"url\":\"https:\/\/www.eko-bio-natura.sk\/shop\/produkt\/zubna-pasta-s-rakytnikovym-olejom-ochranna-ecodenta-75ml\/\",\"name\":\"Zubn\u00e1 pasta s rakytn\u00edkov\u00fdm olejom - ochrann\u00e1 - Ecodenta - 75ml - EKO-BIO-NATURA BIO OBCHOD\",\"isPartOf\":{\"@id\":\"https:\/\/www.eko-bio-natura.sk\/shop\/#website\"},\"primaryImageOfPage\":{\"@id\":\"https:\/\/www.eko-bio-natura.sk\/shop\/produkt\/zubna-pasta-s-rakytnikovym-olejom-ochranna-ecodenta-75ml\/#primaryimage\"},\"image\":{\"@id\":\"https:\/\/www.eko-bio-natura.sk\/shop\/produkt\/zubna-pasta-s-rakytnikovym-olejom-ochranna-ecodenta-75ml\/#primaryimage\"},\"thumbnailUrl\":\"https:\/\/www.eko-bio-natura.sk\/shop\/wp-content\/uploads\/2021\/12\/13989_dantu-pasta-ecodenta-apsauga-nuo-karieso-75ml.jpg\",\"datePublished\":\"2021-12-28T17:16:20+00:00\",\"dateModified\":\"2022-05-04T14:41:24+00:00\",\"breadcrumb\":{\"@id\":\"https:\/\/www.eko-bio-natura.sk\/shop\/produkt\/zubna-pasta-s-rakytnikovym-olejom-ochranna-ecodenta-75ml\/#breadcrumb\"},\"inLanguage\":\"sk-SK\",\"potentialAction\":[{\"@type\":\"ReadAction\",\"target\":[\"https:\/\/www.eko-bio-natura.sk\/shop\/produkt\/zubna-pasta-s-rakytnikovym-olejom-ochranna-ecodenta-75ml\/\"]}]},{\"@type\":\"ImageObject\",\"inLanguage\":\"sk-SK\",\"@id\":\"https:\/\/www.eko-bio-natura.sk\/shop\/produkt\/zubna-pasta-s-rakytnikovym-olejom-ochranna-ecodenta-75ml\/#primaryimage\",\"url\":\"https:\/\/www.eko-bio-natura.sk\/shop\/wp-content\/uploads\/2021\/12\/13989_dantu-pasta-ecodenta-apsauga-nuo-karieso-75ml.jpg\",\"contentUrl\":\"https:\/\/www.eko-bio-natura.sk\/shop\/wp-content\/uploads\/2021\/12\/13989_dantu-pasta-ecodenta-apsauga-nuo-karieso-75ml.jpg\",\"width\":800,\"height\":800},{\"@type\":\"BreadcrumbList\",\"@id\":\"https:\/\/www.eko-bio-natura.sk\/shop\/produkt\/zubna-pasta-s-rakytnikovym-olejom-ochranna-ecodenta-75ml\/#breadcrumb\",\"itemListElement\":[{\"@type\":\"ListItem\",\"position\":1,\"name\":\"Domovsk\u00e1 str\u00e1nka\",\"item\":\"https:\/\/www.eko-bio-natura.sk\/shop\/\"},{\"@type\":\"ListItem\",\"position\":2,\"name\":\"Obchod\",\"item\":\"https:\/\/www.eko-bio-natura.sk\/shop\/?page_id=6\"},{\"@type\":\"ListItem\",\"position\":3,\"name\":\"Zubn\u00e1 pasta s rakytn\u00edkov\u00fdm olejom &#8211; ochrann\u00e1 &#8211; Ecodenta &#8211; 75ml\"}]},{\"@type\":\"WebSite\",\"@id\":\"https:\/\/www.eko-bio-natura.sk\/shop\/#website\",\"url\":\"https:\/\/www.eko-bio-natura.sk\/shop\/\",\"name\":\"EKO-BIO-NATURA BIO OBCHOD\",\"description\":\"\",\"publisher\":{\"@id\":\"https:\/\/www.eko-bio-natura.sk\/shop\/#organization\"},\"potentialAction\":[{\"@type\":\"SearchAction\",\"target\":{\"@type\":\"EntryPoint\",\"urlTemplate\":\"https:\/\/www.eko-bio-natura.sk\/shop\/?s={search_term_string}\"},\"query-input\":{\"@type\":\"PropertyValueSpecification\",\"valueRequired\":true,\"valueName\":\"search_term_string\"}}],\"inLanguage\":\"sk-SK\"},{\"@type\":\"Organization\",\"@id\":\"https:\/\/www.eko-bio-natura.sk\/shop\/#organization\",\"name\":\"EKO-BIO-NATURA BIO OBCHOD\",\"url\":\"https:\/\/www.eko-bio-natura.sk\/shop\/\",\"logo\":{\"@type\":\"ImageObject\",\"inLanguage\":\"sk-SK\",\"@id\":\"https:\/\/www.eko-bio-natura.sk\/shop\/#\/schema\/logo\/image\/\",\"url\":\"https:\/\/www.eko-bio-natura.sk\/shop\/wp-content\/uploads\/2021\/04\/eko-bio-natura_logo.png\",\"contentUrl\":\"https:\/\/www.eko-bio-natura.sk\/shop\/wp-content\/uploads\/2021\/04\/eko-bio-natura_logo.png\",\"width\":552,\"height\":194,\"caption\":\"EKO-BIO-NATURA BIO OBCHOD\"},\"image\":{\"@id\":\"https:\/\/www.eko-bio-natura.sk\/shop\/#\/schema\/logo\/image\/\"}}]}<\/script>\n<!-- \/ Yoast SEO plugin. -->","yoast_head_json":{"title":"Zubn\u00e1 pasta s rakytn\u00edkov\u00fdm olejom - ochrann\u00e1 - Ecodenta - 75ml - EKO-BIO-NATURA BIO OBCHOD","robots":{"index":"index","follow":"follow","max-snippet":"max-snippet:-1","max-image-preview":"max-image-preview:large","max-video-preview":"max-video-preview:-1"},"canonical":"https:\/\/www.eko-bio-natura.sk\/shop\/produkt\/zubna-pasta-s-rakytnikovym-olejom-ochranna-ecodenta-75ml\/","og_locale":"sk_SK","og_type":"article","og_title":"Zubn\u00e1 pasta s rakytn\u00edkov\u00fdm olejom - ochrann\u00e1 - Ecodenta - 75ml - EKO-BIO-NATURA BIO OBCHOD","og_description":"Pasta proti zubn\u00e9mu kazu obohaten\u00e1 o pr\u00edrodn\u00fd rakytn\u00edkov\u00fd olej. Chr\u00e1ni a zabra\u0148uje tvorbe kazu a \u00fa\u010dinne odstra\u0148uje zubn\u00fdkame\u0148. D\u00f4kladn\u00fdm um\u00fdvan\u00edm zubov touto zubnou pastou dvakr\u00e1t denne zabezpe\u010d\u00edte svojim zubom vynikaj\u00facu starostlivos\u0165 a primeran\u00fa ochranu po cel\u00fd de\u0148. Akt\u00edvne l\u00e1tky: Rakytn\u00edkov\u00fd olej ochra\u0148uje \u010fasn\u00e1 a zubn\u00fa sklovinu a udr\u017eiava zuby zdrav\u00e9. Zabra\u0148uje tvorbe zubn\u00e9ho kazu. &nbsp; [&hellip;]","og_url":"https:\/\/www.eko-bio-natura.sk\/shop\/produkt\/zubna-pasta-s-rakytnikovym-olejom-ochranna-ecodenta-75ml\/","og_site_name":"EKO-BIO-NATURA BIO OBCHOD","article_modified_time":"2022-05-04T14:41:24+00:00","og_image":[{"width":800,"height":800,"url":"https:\/\/www.eko-bio-natura.sk\/shop\/wp-content\/uploads\/2021\/12\/13989_dantu-pasta-ecodenta-apsauga-nuo-karieso-75ml.jpg","type":"image\/jpeg"}],"twitter_card":"summary_large_image","twitter_misc":{"Predpokladan\u00fd \u010das \u010d\u00edtania":"1 min\u00fata"},"schema":{"@context":"https:\/\/schema.org","@graph":[{"@type":"WebPage","@id":"https:\/\/www.eko-bio-natura.sk\/shop\/produkt\/zubna-pasta-s-rakytnikovym-olejom-ochranna-ecodenta-75ml\/","url":"https:\/\/www.eko-bio-natura.sk\/shop\/produkt\/zubna-pasta-s-rakytnikovym-olejom-ochranna-ecodenta-75ml\/","name":"Zubn\u00e1 pasta s rakytn\u00edkov\u00fdm olejom - ochrann\u00e1 - Ecodenta - 75ml - EKO-BIO-NATURA BIO OBCHOD","isPartOf":{"@id":"https:\/\/www.eko-bio-natura.sk\/shop\/#website"},"primaryImageOfPage":{"@id":"https:\/\/www.eko-bio-natura.sk\/shop\/produkt\/zubna-pasta-s-rakytnikovym-olejom-ochranna-ecodenta-75ml\/#primaryimage"},"image":{"@id":"https:\/\/www.eko-bio-natura.sk\/shop\/produkt\/zubna-pasta-s-rakytnikovym-olejom-ochranna-ecodenta-75ml\/#primaryimage"},"thumbnailUrl":"https:\/\/www.eko-bio-natura.sk\/shop\/wp-content\/uploads\/2021\/12\/13989_dantu-pasta-ecodenta-apsauga-nuo-karieso-75ml.jpg","datePublished":"2021-12-28T17:16:20+00:00","dateModified":"2022-05-04T14:41:24+00:00","breadcrumb":{"@id":"https:\/\/www.eko-bio-natura.sk\/shop\/produkt\/zubna-pasta-s-rakytnikovym-olejom-ochranna-ecodenta-75ml\/#breadcrumb"},"inLanguage":"sk-SK","potentialAction":[{"@type":"ReadAction","target":["https:\/\/www.eko-bio-natura.sk\/shop\/produkt\/zubna-pasta-s-rakytnikovym-olejom-ochranna-ecodenta-75ml\/"]}]},{"@type":"ImageObject","inLanguage":"sk-SK","@id":"https:\/\/www.eko-bio-natura.sk\/shop\/produkt\/zubna-pasta-s-rakytnikovym-olejom-ochranna-ecodenta-75ml\/#primaryimage","url":"https:\/\/www.eko-bio-natura.sk\/shop\/wp-content\/uploads\/2021\/12\/13989_dantu-pasta-ecodenta-apsauga-nuo-karieso-75ml.jpg","contentUrl":"https:\/\/www.eko-bio-natura.sk\/shop\/wp-content\/uploads\/2021\/12\/13989_dantu-pasta-ecodenta-apsauga-nuo-karieso-75ml.jpg","width":800,"height":800},{"@type":"BreadcrumbList","@id":"https:\/\/www.eko-bio-natura.sk\/shop\/produkt\/zubna-pasta-s-rakytnikovym-olejom-ochranna-ecodenta-75ml\/#breadcrumb","itemListElement":[{"@type":"ListItem","position":1,"name":"Domovsk\u00e1 str\u00e1nka","item":"https:\/\/www.eko-bio-natura.sk\/shop\/"},{"@type":"ListItem","position":2,"name":"Obchod","item":"https:\/\/www.eko-bio-natura.sk\/shop\/?page_id=6"},{"@type":"ListItem","position":3,"name":"Zubn\u00e1 pasta s rakytn\u00edkov\u00fdm olejom &#8211; ochrann\u00e1 &#8211; Ecodenta &#8211; 75ml"}]},{"@type":"WebSite","@id":"https:\/\/www.eko-bio-natura.sk\/shop\/#website","url":"https:\/\/www.eko-bio-natura.sk\/shop\/","name":"EKO-BIO-NATURA BIO OBCHOD","description":"","publisher":{"@id":"https:\/\/www.eko-bio-natura.sk\/shop\/#organization"},"potentialAction":[{"@type":"SearchAction","target":{"@type":"EntryPoint","urlTemplate":"https:\/\/www.eko-bio-natura.sk\/shop\/?s={search_term_string}"},"query-input":{"@type":"PropertyValueSpecification","valueRequired":true,"valueName":"search_term_string"}}],"inLanguage":"sk-SK"},{"@type":"Organization","@id":"https:\/\/www.eko-bio-natura.sk\/shop\/#organization","name":"EKO-BIO-NATURA BIO OBCHOD","url":"https:\/\/www.eko-bio-natura.sk\/shop\/","logo":{"@type":"ImageObject","inLanguage":"sk-SK","@id":"https:\/\/www.eko-bio-natura.sk\/shop\/#\/schema\/logo\/image\/","url":"https:\/\/www.eko-bio-natura.sk\/shop\/wp-content\/uploads\/2021\/04\/eko-bio-natura_logo.png","contentUrl":"https:\/\/www.eko-bio-natura.sk\/shop\/wp-content\/uploads\/2021\/04\/eko-bio-natura_logo.png","width":552,"height":194,"caption":"EKO-BIO-NATURA BIO OBCHOD"},"image":{"@id":"https:\/\/www.eko-bio-natura.sk\/shop\/#\/schema\/logo\/image\/"}}]}},"_links":{"self":[{"href":"https:\/\/www.eko-bio-natura.sk\/shop\/wp-json\/wp\/v2\/product\/7655","targetHints":{"allow":["GET"]}}],"collection":[{"href":"https:\/\/www.eko-bio-natura.sk\/shop\/wp-json\/wp\/v2\/product"}],"about":[{"href":"https:\/\/www.eko-bio-natura.sk\/shop\/wp-json\/wp\/v2\/types\/product"}],"replies":[{"embeddable":true,"href":"https:\/\/www.eko-bio-natura.sk\/shop\/wp-json\/wp\/v2\/comments?post=7655"}],"wp:featuredmedia":[{"embeddable":true,"href":"https:\/\/www.eko-bio-natura.sk\/shop\/wp-json\/wp\/v2\/media\/7656"}],"wp:attachment":[{"href":"https:\/\/www.eko-bio-natura.sk\/shop\/wp-json\/wp\/v2\/media?parent=7655"}],"wp:term":[{"taxonomy":"product_brand","embeddable":true,"href":"https:\/\/www.eko-bio-natura.sk\/shop\/wp-json\/wp\/v2\/product_brand?post=7655"},{"taxonomy":"product_cat","embeddable":true,"href":"https:\/\/www.eko-bio-natura.sk\/shop\/wp-json\/wp\/v2\/product_cat?post=7655"},{"taxonomy":"product_tag","embeddable":true,"href":"https:\/\/www.eko-bio-natura.sk\/shop\/wp-json\/wp\/v2\/product_tag?post=7655"}],"curies":[{"name":"wp","href":"https:\/\/api.w.org\/{rel}","templated":true}]}}