{"id":7653,"date":"2021-12-28T18:16:20","date_gmt":"2021-12-28T17:16:20","guid":{"rendered":"https:\/\/www.eko-bio-natura.sk\/shop\/index.php\/produkt\/vlhcene-utierky-superfresh-15-ks\/"},"modified":"2021-12-28T18:16:27","modified_gmt":"2021-12-28T17:16:27","slug":"vlhcene-utierky-superfresh-15-ks","status":"publish","type":"product","link":"https:\/\/www.eko-bio-natura.sk\/shop\/produkt\/vlhcene-utierky-superfresh-15-ks\/","title":{"rendered":"Vlh\u010den\u00e9 utierky Superfresh &#8211; 15 ks"},"content":{"rendered":"<p><span style=\"font-weight: 400; font-family: verdana, geneva; font-size: 12pt;\">Vlh\u010den\u00e9 obr\u00fasky Superfresh obsahuj\u00fa <strong>antibakteri\u00e1lne l\u00e1tky a s\u00fa z jemn\u00e9ho netkan\u00e9ho materi\u00e1lu<\/strong>. S\u00fa ur\u010den\u00e9 pre ka\u017edodenn\u00fa jemn\u00fa starostlivos\u0165 o detsk\u00fa poko\u017eku, ale aj poko\u017eku dospel\u00fdch. S\u00fa ur\u010den\u00e9 pre <strong>r\u00fdchle \u010distenie poko\u017eky r\u00fak a tela<\/strong> a dod\u00e1vaj\u00fa jej pocit svie\u017eosti.<\/span><\/p>\n<p><span style=\"font-weight: 400; font-family: verdana, geneva; font-size: 12pt;\">Utierky s\u00fa <strong>bez alkoholu, dermatologicky a mikrobiologicky testovan\u00e9, hypoalerg\u00e9nne a pH neutr\u00e1lne.<\/strong><\/span><\/p>\n<p><span face=\"verdana, geneva\" size=\"3\" style=\"font-family: verdana, geneva; font-size: medium;\"><strong>Pou\u017eitie:&nbsp;<\/strong>Vyberte utierku z obalu a vy\u010distite si \u0148ou ruky, poko\u017eku tela.<\/span><\/p>\n<p><span face=\"verdana, geneva\" size=\"3\" style=\"font-family: verdana, geneva; font-size: medium;\"><strong>Zlo\u017eenie:<\/strong>&nbsp;voda, netkan\u00e1 text\u00edlia<\/span><\/p>\n<p><span face=\"verdana, geneva\" size=\"3\" style=\"font-family: verdana, geneva; font-size: medium;\"><strong>Obsah:<\/strong> 15 ks<\/span><\/p>\n<p><span face=\"verdana, geneva\" size=\"3\" style=\"font-family: verdana, geneva; font-size: medium;\"><strong>Krajina p\u00f4vodu:<\/strong> Ukrajina<\/span><\/p>\n<p>&nbsp;<\/p><\/p>\n","protected":false},"excerpt":{"rendered":"<p>Vlh\u010den\u00e9 obr\u00fasky Superfresh obsahuj\u00fa antibakteri\u00e1lne l\u00e1tky a s\u00fa z jemn\u00e9ho netkan\u00e9ho materi\u00e1lu. S\u00fa ur\u010den\u00e9 pre ka\u017edodenn\u00fa jemn\u00fa starostlivos\u0165 o detsk\u00fa poko\u017eku, ale aj poko\u017eku dospel\u00fdch. S\u00fa ur\u010den\u00e9 pre r\u00fdchle \u010distenie poko\u017eky r\u00fak a tela a dod\u00e1vaj\u00fa jej pocit svie\u017eosti. Utierky s\u00fa bez alkoholu, dermatologicky a mikrobiologicky testovan\u00e9, hypoalerg\u00e9nne a pH neutr\u00e1lne. Pou\u017eitie:&nbsp;Vyberte utierku z obalu [&hellip;]<\/p>\n","protected":false},"featured_media":7654,"comment_status":"open","ping_status":"open","template":"","meta":{"site-sidebar-layout":"default","site-content-layout":"","ast-site-content-layout":"default","site-content-style":"default","site-sidebar-style":"default","ast-global-header-display":"","ast-banner-title-visibility":"","ast-main-header-display":"","ast-hfb-above-header-display":"","ast-hfb-below-header-display":"","ast-hfb-mobile-header-display":"","site-post-title":"","ast-breadcrumbs-content":"","ast-featured-img":"","footer-sml-layout":"","ast-disable-related-posts":"","theme-transparent-header-meta":"","adv-header-id-meta":"","stick-header-meta":"","header-above-stick-meta":"","header-main-stick-meta":"","header-below-stick-meta":"","astra-migrate-meta-layouts":"default","ast-page-background-enabled":"default","ast-page-background-meta":{"desktop":{"background-color":"","background-image":"","background-repeat":"repeat","background-position":"center center","background-size":"auto","background-attachment":"scroll","background-type":"","background-media":"","overlay-type":"","overlay-color":"","overlay-opacity":"","overlay-gradient":""},"tablet":{"background-color":"","background-image":"","background-repeat":"repeat","background-position":"center center","background-size":"auto","background-attachment":"scroll","background-type":"","background-media":"","overlay-type":"","overlay-color":"","overlay-opacity":"","overlay-gradient":""},"mobile":{"background-color":"","background-image":"","background-repeat":"repeat","background-position":"center center","background-size":"auto","background-attachment":"scroll","background-type":"","background-media":"","overlay-type":"","overlay-color":"","overlay-opacity":"","overlay-gradient":""}},"ast-content-background-meta":{"desktop":{"background-color":"var(--ast-global-color-5)","background-image":"","background-repeat":"repeat","background-position":"center center","background-size":"auto","background-attachment":"scroll","background-type":"","background-media":"","overlay-type":"","overlay-color":"","overlay-opacity":"","overlay-gradient":""},"tablet":{"background-color":"var(--ast-global-color-5)","background-image":"","background-repeat":"repeat","background-position":"center center","background-size":"auto","background-attachment":"scroll","background-type":"","background-media":"","overlay-type":"","overlay-color":"","overlay-opacity":"","overlay-gradient":""},"mobile":{"background-color":"var(--ast-global-color-5)","background-image":"","background-repeat":"repeat","background-position":"center center","background-size":"auto","background-attachment":"scroll","background-type":"","background-media":"","overlay-type":"","overlay-color":"","overlay-opacity":"","overlay-gradient":""}}},"product_brand":[],"product_cat":[232],"product_tag":[],"class_list":{"0":"post-7653","1":"product","2":"type-product","3":"status-publish","4":"has-post-thumbnail","6":"product_cat-papierova-a-vatova-hygiena","7":"pa_cena-dopravy-367","8":"pa_doprava-zasilkovna","9":"pa_ean-998","10":"pa_typ-partnersky-predaj","11":"desktop-align-left","12":"tablet-align-left","13":"mobile-align-left","15":"first","16":"instock","17":"product-type-external"},"yoast_head":"<!-- This site is optimized with the Yoast SEO plugin v27.2 - https:\/\/yoast.com\/product\/yoast-seo-wordpress\/ -->\n<title>Vlh\u010den\u00e9 utierky Superfresh - 15 ks - EKO-BIO-NATURA BIO OBCHOD<\/title>\n<meta name=\"robots\" content=\"index, follow, max-snippet:-1, max-image-preview:large, max-video-preview:-1\" \/>\n<link rel=\"canonical\" href=\"https:\/\/www.eko-bio-natura.sk\/shop\/produkt\/vlhcene-utierky-superfresh-15-ks\/\" \/>\n<meta property=\"og:locale\" content=\"sk_SK\" \/>\n<meta property=\"og:type\" content=\"article\" \/>\n<meta property=\"og:title\" content=\"Vlh\u010den\u00e9 utierky Superfresh - 15 ks - EKO-BIO-NATURA BIO OBCHOD\" \/>\n<meta property=\"og:description\" content=\"Vlh\u010den\u00e9 obr\u00fasky Superfresh obsahuj\u00fa antibakteri\u00e1lne l\u00e1tky a s\u00fa z jemn\u00e9ho netkan\u00e9ho materi\u00e1lu. S\u00fa ur\u010den\u00e9 pre ka\u017edodenn\u00fa jemn\u00fa starostlivos\u0165 o detsk\u00fa poko\u017eku, ale aj poko\u017eku dospel\u00fdch. S\u00fa ur\u010den\u00e9 pre r\u00fdchle \u010distenie poko\u017eky r\u00fak a tela a dod\u00e1vaj\u00fa jej pocit svie\u017eosti. Utierky s\u00fa bez alkoholu, dermatologicky a mikrobiologicky testovan\u00e9, hypoalerg\u00e9nne a pH neutr\u00e1lne. Pou\u017eitie:&nbsp;Vyberte utierku z obalu [&hellip;]\" \/>\n<meta property=\"og:url\" content=\"https:\/\/www.eko-bio-natura.sk\/shop\/produkt\/vlhcene-utierky-superfresh-15-ks\/\" \/>\n<meta property=\"og:site_name\" content=\"EKO-BIO-NATURA BIO OBCHOD\" \/>\n<meta property=\"article:modified_time\" content=\"2021-12-28T17:16:27+00:00\" \/>\n<meta property=\"og:image\" content=\"https:\/\/www.eko-bio-natura.sk\/shop\/wp-content\/uploads\/2021\/12\/13986_superfrash-4823071630497-skq.jpg\" \/>\n\t<meta property=\"og:image:width\" content=\"500\" \/>\n\t<meta property=\"og:image:height\" content=\"500\" \/>\n\t<meta property=\"og:image:type\" content=\"image\/jpeg\" \/>\n<meta name=\"twitter:card\" content=\"summary_large_image\" \/>\n<meta name=\"twitter:label1\" content=\"Predpokladan\u00fd \u010das \u010d\u00edtania\" \/>\n\t<meta name=\"twitter:data1\" content=\"1 min\u00fata\" \/>\n<script type=\"application\/ld+json\" class=\"yoast-schema-graph\">{\"@context\":\"https:\/\/schema.org\",\"@graph\":[{\"@type\":\"WebPage\",\"@id\":\"https:\/\/www.eko-bio-natura.sk\/shop\/produkt\/vlhcene-utierky-superfresh-15-ks\/\",\"url\":\"https:\/\/www.eko-bio-natura.sk\/shop\/produkt\/vlhcene-utierky-superfresh-15-ks\/\",\"name\":\"Vlh\u010den\u00e9 utierky Superfresh - 15 ks - EKO-BIO-NATURA BIO OBCHOD\",\"isPartOf\":{\"@id\":\"https:\/\/www.eko-bio-natura.sk\/shop\/#website\"},\"primaryImageOfPage\":{\"@id\":\"https:\/\/www.eko-bio-natura.sk\/shop\/produkt\/vlhcene-utierky-superfresh-15-ks\/#primaryimage\"},\"image\":{\"@id\":\"https:\/\/www.eko-bio-natura.sk\/shop\/produkt\/vlhcene-utierky-superfresh-15-ks\/#primaryimage\"},\"thumbnailUrl\":\"https:\/\/www.eko-bio-natura.sk\/shop\/wp-content\/uploads\/2021\/12\/13986_superfrash-4823071630497-skq.jpg\",\"datePublished\":\"2021-12-28T17:16:20+00:00\",\"dateModified\":\"2021-12-28T17:16:27+00:00\",\"breadcrumb\":{\"@id\":\"https:\/\/www.eko-bio-natura.sk\/shop\/produkt\/vlhcene-utierky-superfresh-15-ks\/#breadcrumb\"},\"inLanguage\":\"sk-SK\",\"potentialAction\":[{\"@type\":\"ReadAction\",\"target\":[\"https:\/\/www.eko-bio-natura.sk\/shop\/produkt\/vlhcene-utierky-superfresh-15-ks\/\"]}]},{\"@type\":\"ImageObject\",\"inLanguage\":\"sk-SK\",\"@id\":\"https:\/\/www.eko-bio-natura.sk\/shop\/produkt\/vlhcene-utierky-superfresh-15-ks\/#primaryimage\",\"url\":\"https:\/\/www.eko-bio-natura.sk\/shop\/wp-content\/uploads\/2021\/12\/13986_superfrash-4823071630497-skq.jpg\",\"contentUrl\":\"https:\/\/www.eko-bio-natura.sk\/shop\/wp-content\/uploads\/2021\/12\/13986_superfrash-4823071630497-skq.jpg\",\"width\":500,\"height\":500},{\"@type\":\"BreadcrumbList\",\"@id\":\"https:\/\/www.eko-bio-natura.sk\/shop\/produkt\/vlhcene-utierky-superfresh-15-ks\/#breadcrumb\",\"itemListElement\":[{\"@type\":\"ListItem\",\"position\":1,\"name\":\"Domovsk\u00e1 str\u00e1nka\",\"item\":\"https:\/\/www.eko-bio-natura.sk\/shop\/\"},{\"@type\":\"ListItem\",\"position\":2,\"name\":\"Obchod\",\"item\":\"https:\/\/www.eko-bio-natura.sk\/shop\/?page_id=6\"},{\"@type\":\"ListItem\",\"position\":3,\"name\":\"Vlh\u010den\u00e9 utierky Superfresh &#8211; 15 ks\"}]},{\"@type\":\"WebSite\",\"@id\":\"https:\/\/www.eko-bio-natura.sk\/shop\/#website\",\"url\":\"https:\/\/www.eko-bio-natura.sk\/shop\/\",\"name\":\"EKO-BIO-NATURA BIO OBCHOD\",\"description\":\"\",\"publisher\":{\"@id\":\"https:\/\/www.eko-bio-natura.sk\/shop\/#organization\"},\"potentialAction\":[{\"@type\":\"SearchAction\",\"target\":{\"@type\":\"EntryPoint\",\"urlTemplate\":\"https:\/\/www.eko-bio-natura.sk\/shop\/?s={search_term_string}\"},\"query-input\":{\"@type\":\"PropertyValueSpecification\",\"valueRequired\":true,\"valueName\":\"search_term_string\"}}],\"inLanguage\":\"sk-SK\"},{\"@type\":\"Organization\",\"@id\":\"https:\/\/www.eko-bio-natura.sk\/shop\/#organization\",\"name\":\"EKO-BIO-NATURA BIO OBCHOD\",\"url\":\"https:\/\/www.eko-bio-natura.sk\/shop\/\",\"logo\":{\"@type\":\"ImageObject\",\"inLanguage\":\"sk-SK\",\"@id\":\"https:\/\/www.eko-bio-natura.sk\/shop\/#\/schema\/logo\/image\/\",\"url\":\"https:\/\/www.eko-bio-natura.sk\/shop\/wp-content\/uploads\/2021\/04\/eko-bio-natura_logo.png\",\"contentUrl\":\"https:\/\/www.eko-bio-natura.sk\/shop\/wp-content\/uploads\/2021\/04\/eko-bio-natura_logo.png\",\"width\":552,\"height\":194,\"caption\":\"EKO-BIO-NATURA BIO OBCHOD\"},\"image\":{\"@id\":\"https:\/\/www.eko-bio-natura.sk\/shop\/#\/schema\/logo\/image\/\"}}]}<\/script>\n<!-- \/ Yoast SEO plugin. -->","yoast_head_json":{"title":"Vlh\u010den\u00e9 utierky Superfresh - 15 ks - EKO-BIO-NATURA BIO OBCHOD","robots":{"index":"index","follow":"follow","max-snippet":"max-snippet:-1","max-image-preview":"max-image-preview:large","max-video-preview":"max-video-preview:-1"},"canonical":"https:\/\/www.eko-bio-natura.sk\/shop\/produkt\/vlhcene-utierky-superfresh-15-ks\/","og_locale":"sk_SK","og_type":"article","og_title":"Vlh\u010den\u00e9 utierky Superfresh - 15 ks - EKO-BIO-NATURA BIO OBCHOD","og_description":"Vlh\u010den\u00e9 obr\u00fasky Superfresh obsahuj\u00fa antibakteri\u00e1lne l\u00e1tky a s\u00fa z jemn\u00e9ho netkan\u00e9ho materi\u00e1lu. S\u00fa ur\u010den\u00e9 pre ka\u017edodenn\u00fa jemn\u00fa starostlivos\u0165 o detsk\u00fa poko\u017eku, ale aj poko\u017eku dospel\u00fdch. S\u00fa ur\u010den\u00e9 pre r\u00fdchle \u010distenie poko\u017eky r\u00fak a tela a dod\u00e1vaj\u00fa jej pocit svie\u017eosti. Utierky s\u00fa bez alkoholu, dermatologicky a mikrobiologicky testovan\u00e9, hypoalerg\u00e9nne a pH neutr\u00e1lne. Pou\u017eitie:&nbsp;Vyberte utierku z obalu [&hellip;]","og_url":"https:\/\/www.eko-bio-natura.sk\/shop\/produkt\/vlhcene-utierky-superfresh-15-ks\/","og_site_name":"EKO-BIO-NATURA BIO OBCHOD","article_modified_time":"2021-12-28T17:16:27+00:00","og_image":[{"width":500,"height":500,"url":"https:\/\/www.eko-bio-natura.sk\/shop\/wp-content\/uploads\/2021\/12\/13986_superfrash-4823071630497-skq.jpg","type":"image\/jpeg"}],"twitter_card":"summary_large_image","twitter_misc":{"Predpokladan\u00fd \u010das \u010d\u00edtania":"1 min\u00fata"},"schema":{"@context":"https:\/\/schema.org","@graph":[{"@type":"WebPage","@id":"https:\/\/www.eko-bio-natura.sk\/shop\/produkt\/vlhcene-utierky-superfresh-15-ks\/","url":"https:\/\/www.eko-bio-natura.sk\/shop\/produkt\/vlhcene-utierky-superfresh-15-ks\/","name":"Vlh\u010den\u00e9 utierky Superfresh - 15 ks - EKO-BIO-NATURA BIO OBCHOD","isPartOf":{"@id":"https:\/\/www.eko-bio-natura.sk\/shop\/#website"},"primaryImageOfPage":{"@id":"https:\/\/www.eko-bio-natura.sk\/shop\/produkt\/vlhcene-utierky-superfresh-15-ks\/#primaryimage"},"image":{"@id":"https:\/\/www.eko-bio-natura.sk\/shop\/produkt\/vlhcene-utierky-superfresh-15-ks\/#primaryimage"},"thumbnailUrl":"https:\/\/www.eko-bio-natura.sk\/shop\/wp-content\/uploads\/2021\/12\/13986_superfrash-4823071630497-skq.jpg","datePublished":"2021-12-28T17:16:20+00:00","dateModified":"2021-12-28T17:16:27+00:00","breadcrumb":{"@id":"https:\/\/www.eko-bio-natura.sk\/shop\/produkt\/vlhcene-utierky-superfresh-15-ks\/#breadcrumb"},"inLanguage":"sk-SK","potentialAction":[{"@type":"ReadAction","target":["https:\/\/www.eko-bio-natura.sk\/shop\/produkt\/vlhcene-utierky-superfresh-15-ks\/"]}]},{"@type":"ImageObject","inLanguage":"sk-SK","@id":"https:\/\/www.eko-bio-natura.sk\/shop\/produkt\/vlhcene-utierky-superfresh-15-ks\/#primaryimage","url":"https:\/\/www.eko-bio-natura.sk\/shop\/wp-content\/uploads\/2021\/12\/13986_superfrash-4823071630497-skq.jpg","contentUrl":"https:\/\/www.eko-bio-natura.sk\/shop\/wp-content\/uploads\/2021\/12\/13986_superfrash-4823071630497-skq.jpg","width":500,"height":500},{"@type":"BreadcrumbList","@id":"https:\/\/www.eko-bio-natura.sk\/shop\/produkt\/vlhcene-utierky-superfresh-15-ks\/#breadcrumb","itemListElement":[{"@type":"ListItem","position":1,"name":"Domovsk\u00e1 str\u00e1nka","item":"https:\/\/www.eko-bio-natura.sk\/shop\/"},{"@type":"ListItem","position":2,"name":"Obchod","item":"https:\/\/www.eko-bio-natura.sk\/shop\/?page_id=6"},{"@type":"ListItem","position":3,"name":"Vlh\u010den\u00e9 utierky Superfresh &#8211; 15 ks"}]},{"@type":"WebSite","@id":"https:\/\/www.eko-bio-natura.sk\/shop\/#website","url":"https:\/\/www.eko-bio-natura.sk\/shop\/","name":"EKO-BIO-NATURA BIO OBCHOD","description":"","publisher":{"@id":"https:\/\/www.eko-bio-natura.sk\/shop\/#organization"},"potentialAction":[{"@type":"SearchAction","target":{"@type":"EntryPoint","urlTemplate":"https:\/\/www.eko-bio-natura.sk\/shop\/?s={search_term_string}"},"query-input":{"@type":"PropertyValueSpecification","valueRequired":true,"valueName":"search_term_string"}}],"inLanguage":"sk-SK"},{"@type":"Organization","@id":"https:\/\/www.eko-bio-natura.sk\/shop\/#organization","name":"EKO-BIO-NATURA BIO OBCHOD","url":"https:\/\/www.eko-bio-natura.sk\/shop\/","logo":{"@type":"ImageObject","inLanguage":"sk-SK","@id":"https:\/\/www.eko-bio-natura.sk\/shop\/#\/schema\/logo\/image\/","url":"https:\/\/www.eko-bio-natura.sk\/shop\/wp-content\/uploads\/2021\/04\/eko-bio-natura_logo.png","contentUrl":"https:\/\/www.eko-bio-natura.sk\/shop\/wp-content\/uploads\/2021\/04\/eko-bio-natura_logo.png","width":552,"height":194,"caption":"EKO-BIO-NATURA BIO OBCHOD"},"image":{"@id":"https:\/\/www.eko-bio-natura.sk\/shop\/#\/schema\/logo\/image\/"}}]}},"_links":{"self":[{"href":"https:\/\/www.eko-bio-natura.sk\/shop\/wp-json\/wp\/v2\/product\/7653","targetHints":{"allow":["GET"]}}],"collection":[{"href":"https:\/\/www.eko-bio-natura.sk\/shop\/wp-json\/wp\/v2\/product"}],"about":[{"href":"https:\/\/www.eko-bio-natura.sk\/shop\/wp-json\/wp\/v2\/types\/product"}],"replies":[{"embeddable":true,"href":"https:\/\/www.eko-bio-natura.sk\/shop\/wp-json\/wp\/v2\/comments?post=7653"}],"wp:featuredmedia":[{"embeddable":true,"href":"https:\/\/www.eko-bio-natura.sk\/shop\/wp-json\/wp\/v2\/media\/7654"}],"wp:attachment":[{"href":"https:\/\/www.eko-bio-natura.sk\/shop\/wp-json\/wp\/v2\/media?parent=7653"}],"wp:term":[{"taxonomy":"product_brand","embeddable":true,"href":"https:\/\/www.eko-bio-natura.sk\/shop\/wp-json\/wp\/v2\/product_brand?post=7653"},{"taxonomy":"product_cat","embeddable":true,"href":"https:\/\/www.eko-bio-natura.sk\/shop\/wp-json\/wp\/v2\/product_cat?post=7653"},{"taxonomy":"product_tag","embeddable":true,"href":"https:\/\/www.eko-bio-natura.sk\/shop\/wp-json\/wp\/v2\/product_tag?post=7653"}],"curies":[{"name":"wp","href":"https:\/\/api.w.org\/{rel}","templated":true}]}}