{"id":7628,"date":"2021-12-28T18:15:28","date_gmt":"2021-12-28T17:15:28","guid":{"rendered":"https:\/\/www.eko-bio-natura.sk\/shop\/index.php\/produkt\/ivan-caj-sagan-dayla-sypany-herbatica-60g\/"},"modified":"2021-12-28T18:15:33","modified_gmt":"2021-12-28T17:15:33","slug":"ivan-caj-sagan-dayla-sypany-herbatica-60g","status":"publish","type":"product","link":"https:\/\/www.eko-bio-natura.sk\/shop\/produkt\/ivan-caj-sagan-dayla-sypany-herbatica-60g\/","title":{"rendered":"Ivan \u010daj &quot;Sagan Dayla&quot;- sypan\u00fd &#8211; Herbatica &#8211;  60g"},"content":{"rendered":"<p><span style=\"font-weight: 400; font-family: verdana, geneva; font-size: 12pt;\">Mu\u017ei sib\u00edrskej medic\u00edny a staroverci poznaj\u00fa ve\u013ea tajomstiev dlhovekosti. M\u00e1me sme \u0161\u0165astie, \u017ee pri\u0161li na z\u00e1zra\u010dn\u00e9 \u00fa\u010dinky vrbovky \u00fazkolistej. To je bylina, z ktorej sa Ivan \u010daj vyr\u00e1ba. Tento \u010daj m\u00e1 <strong>blahod\u00e1rne \u00fa\u010dinky na cel\u00e9 telo<\/strong>, ale najm\u00e4 na <strong>regener\u00e1ciu mysle a psychiku \u010dloveka<\/strong>. \u010caj Ivan je dedi\u010dstvom ruskej medic\u00edny, tento \u010daj sl\u00fa\u017ei predov\u0161etk\u00fdm proti mu\u017esk\u00fdm probl\u00e9mom. Je \u00fa\u010dinn\u00fd pri ochoreniach mo\u010dov\u00e9ho a pohlavn\u00e9ho \u00fastrojenstva, lie\u010di vredov\u00fa chorobu na \u017eal\u00fadku a dvan\u00e1stniku, zlep\u0161uje funk\u010dnos\u0165 imunitn\u00e9ho syst\u00e9mu, pom\u00e1ha pri prevencii zubn\u00e9ho kazu, zmen\u0161uje intoxik\u00e1ciu organizmu.<\/span><\/p>\n<p><span style=\"font-family: verdana, geneva; font-size: 12pt;\"><strong>Na\u010do je&nbsp; nepr\u00e1vom pozabudnut\u00fd&nbsp; IVAN-\u010cAJ dobr\u00fd?<\/strong><\/span><\/p>\n<p><span style=\"font-weight: 400; font-family: verdana, geneva; font-size: 12pt;\">Budem vych\u00e1dza\u0165 zo zlo\u017eenia v\u0155bovky:&nbsp; triesloviny, sliz, celul\u00f3za, vitam\u00edn C, \u017eelezo, me\u010f, mang\u00e1n, drasl\u00edk, v\u00e1pnik, tit\u00e1n, molybd\u00e9n,&nbsp; tan\u00edny a silice. V\u00fdsledky podrobn\u00e9ho v\u00fdskumu prin\u00e1\u0161aj\u00fa \u0161ir\u0161\u00ed zoznam l\u00e1tok, ktor\u00e9 s\u00fa u\u017eito\u010dn\u00e9, ale tu uveden\u00e9&nbsp; s\u00fa najpodstatnej\u0161ie, preto\u017ee v\u010faka nim IVAN-\u010cAJ:<\/span><\/p>\n<ul>\n<li style=\"font-weight: 400;\" aria-level=\"1\"><span style=\"font-weight: 400; font-family: verdana, geneva; font-size: 12pt;\">p\u00f4sob\u00ed protiz\u00e1palovo (vitam\u00edn C)<\/span><\/li>\n<li style=\"font-weight: 400;\" aria-level=\"1\"><span style=\"font-weight: 400; font-family: verdana, geneva; font-size: 12pt;\">m\u00e1 hojace \u00fa\u010dinky na podr\u00e1\u017eden\u00fa sliznicu \u017eal\u00fadka a \u010dreva (pom\u00e1ha pri vredovej chorobe \u017eal\u00fadka a dvan\u00e1stnika)<\/span><\/li>\n<li style=\"font-weight: 400;\" aria-level=\"1\"><span style=\"font-weight: 400; font-family: verdana, geneva; font-size: 12pt;\">v\u010faka obsahu niektor\u00fdch prvkov pom\u00e1ha pri ochoreniach prostaty a aj probl\u00e9moch s potenciou (nie je n\u00e1hradou klasickej lie\u010dby tak\u00fdchto ochoren\u00ed)<\/span><\/li>\n<li style=\"font-weight: 400;\" aria-level=\"1\"><span style=\"font-weight: 400; font-family: verdana, geneva; font-size: 12pt;\">p\u00f4sob\u00ed ako jemn\u00e9 sedat\u00edvum pri rozru\u0161en\u00ed, je vhodn\u00fd pre \u013eud\u00ed nadmerne podr\u00e1\u017eden\u00fdch, upokojuje a zlep\u0161uje n\u00e1ladu<\/span><\/li>\n<li style=\"font-weight: 400;\" aria-level=\"1\"><span style=\"font-weight: 400; font-family: verdana, geneva; font-size: 12pt;\">migr\u00e9ny a bolesti hlavy<\/span><\/li>\n<li style=\"font-weight: 400;\" aria-level=\"1\"><span style=\"font-weight: 400; font-family: verdana, geneva; font-size: 12pt;\">nedostatok \u017eeleza<\/span><\/li>\n<\/ul>\n<p>&nbsp;<\/p>\n<p><span style=\"font-weight: 400; font-family: verdana, geneva; font-size: 12pt;\">Tento \u010daj v\u00e1s prekvap\u00ed sladkou ar\u00f3mou, ale aj jemnou osvie\u017euj\u00facou chu\u0165ou. Nen\u00e1padn\u00e9 t\u00f3ny \u0161\u00edpok, n\u00e1tr\u017enica mo\u010diarna, medov\u00e1 pr\u00edchu\u0165 ohniv\u00fdch rias a dominantn\u00e1 sagan-daila. T\u00e1to kombin\u00e1cia v\u00e1m ur\u010dite nie je zn\u00e1ma, ale ur\u010dite sa stane va\u0161ou ob\u013e\u00fabenou!<\/span><\/p>\n<p>&nbsp;<\/p>\n<p><span style=\"font-family: verdana, geneva; font-size: 12pt;\"><strong>Akt\u00edvne zlo\u017eky:<\/strong><\/span><\/p>\n<p>&nbsp;<\/p>\n<ul>\n<li aria-level=\"1\"><span style=\"font-family: verdana, geneva; font-size: 12pt;\"><strong>Vrbovka \u00fazkolist\u00e1 <span style=\"font-weight: 400;\">pom\u00e1ha pri probl\u00e9moch tr\u00e1viaceho traktu, ochoreniach prostaty,&nbsp; upokojuje nervov\u00fd syst\u00e9m a zlep\u0161uje n\u00e1ladu.<\/span><\/strong><\/span><\/li>\n<\/ul>\n<ul>\n<li aria-level=\"1\"><span style=\"font-family: verdana, geneva; font-size: 12pt;\">N\u00e1tr\u017enica mo\u010diarna <span style=\"font-weight: 400;\">pom\u00e1ha pri z\u00e1paloch miechov\u00fdch nervov, k\u013abov\u00fdch \u0165a\u017ekostiach a bolestiach r\u00f4zneho p\u00f4vodu.<\/span><\/span><\/li>\n<\/ul>\n<ul>\n<li aria-level=\"1\"><span style=\"font-family: verdana, geneva; font-size: 12pt;\">Sagan daila <span style=\"font-weight: 400;\">je rastlina zn\u00e1ma aj pod n\u00e1zvom \u201cbiele kr\u00eddlo\u201d alebo \u201cvo\u0148av\u00fd rozmar\u00edn\u201d, ktor\u00e1 m\u00e1 siln\u00e9 stimula\u010dn\u00e9 vlastnosti ako k\u00e1va, \u010di\u017ee n\u00e1m dod\u00e1 energiu na cel\u00fd de\u0148. Mimo toho je zn\u00e1ma aj svoj\u00edmi priazniv\u00fdmi \u00fa\u010dinkami a pou\u017e\u00edva sa pri prechladnut\u00ed, respira\u010dn\u00fdch infekci\u00e1ch, ale aj pri ochoreniach kardiovaskul\u00e1rneho charakteru.<\/span><\/span><\/li>\n<\/ul>\n<ul>\n<li aria-level=\"1\"><span style=\"font-family: verdana, geneva; font-size: 12pt;\">\u0160\u00edpky <span style=\"font-weight: 400;\">podporuj\u00fa imunitu, obsahuj\u00fa v\u00e1pnik, rut\u00edn a vitam\u00edn C a pom\u00e1haj\u00fa pri spr\u00e1vnej funkcii \u017eliaz a tvoreniu horm\u00f3nov.<\/span><\/span><\/li>\n<\/ul>\n<p>&nbsp;<\/p>\n<p><span style=\"font-family: verdana, geneva; font-size: 12pt;\"><span face=\"verdana, geneva\" size=\"3\">\u010caj obsahuje 80% ivan \u010daju a 20% ostatn\u00fdch byl\u00edn.<\/span>&nbsp;&nbsp;<\/span><\/p>\n<p><span style=\"font-family: verdana, geneva; font-size: 12pt;\"><strong>Pou\u017eitie:<\/strong><span style=\"font-weight: 400;\"> Do hrn\u010deka (500 ml) nasypte 2-3 \u010dajov\u00e9 ly\u017ei\u010dky \u010daju, zalejte hor\u00facou vodou (70-80\u00b0C). Nechajte l\u00fahova\u0165 5-7 min\u00fat.&nbsp;<\/span><\/span><\/p>\n<p><span style=\"font-family: verdana, geneva; font-size: 12pt;\"><strong>Upozornenia:<\/strong><span style=\"font-weight: 400;\"> Nekonzumova\u0165 pri individu\u00e1lnej&nbsp; intolerancii na jednotliv\u00e9 zlo\u017eky.&nbsp;<\/span><\/span><\/p>\n<p><span style=\"font-family: verdana, geneva; font-size: 12pt;\"><strong>Skladovanie: <\/strong><span style=\"font-weight: 400;\">Skladujte na chladnom a suchom mieste s relat\u00edvnou vlhkos\u0165ou vzduchu najviac 70%.&nbsp;<\/span><\/span><\/p>\n<p><span style=\"font-family: verdana, geneva; font-size: 12pt;\"><strong>V\u00fd\u017eivov\u00e1 hodnota na 100 g v\u00fdrobku:<\/strong><span style=\"font-weight: 400;\"> <\/span><\/span><\/p>\n<table width=\"322\">\n<tbody>\n<tr style=\"height: 23px;\">\n<td style=\"height: 23px;\"><span style=\"font-size: 12pt;\">Sacharidy<\/span><\/td>\n<td style=\"height: 23px;\"><span style=\"font-size: 12pt;\">28,7 g&nbsp;<\/span><\/td>\n<\/tr>\n<tr style=\"height: 23px;\">\n<td style=\"height: 23px;\"><span style=\"font-size: 12pt;\">Bielkoviny<\/span><\/td>\n<td style=\"height: 23px;\"><span style=\"font-size: 12pt;\">6,9 g<\/span><\/td>\n<\/tr>\n<tr style=\"height: 30.62860107421875px;\">\n<td style=\"height: 30.62860107421875px;\"><span style=\"font-size: 12pt;\">Tuky<\/span><\/td>\n<td style=\"height: 30.62860107421875px;\"><span style=\"font-size: 12pt;\">1,4 g<\/span><\/td>\n<\/tr>\n<\/tbody>\n<\/table>\n<p>&nbsp;<\/p>\n<p><span style=\"font-family: verdana, geneva; font-size: 12pt;\"><span style=\"font-weight: 400;\"><strong>&nbsp;Energetick\u00e1 hodnota na 100 g v\u00fdrobku:<\/strong> <\/span><\/span><\/p>\n<p><span style=\"font-family: verdana, geneva; font-size: 12pt;\"><span style=\"font-weight: 400;\">200 kcal \/ 837,2 kJ&nbsp;<\/span><\/span><\/p>\n<p><img decoding=\"async\" src=\"\/user\/documents\/upload\/mceclip0-41.png?1613134171\" \/><\/p>\n<p><span style=\"font-family: verdana, geneva; font-size: 12pt;\"><strong>Hmotnos\u0165<\/strong><span style=\"font-weight: 400;\">: 60 g<\/span><\/span><\/p>\n<p><span style=\"font-family: verdana, geneva; font-size: 12pt;\"><strong>Krajina p\u00f4vodu: <\/strong><span style=\"font-weight: 400;\">Rusko<\/span><\/span><\/p>\n<p><span style=\"font-family: verdana, geneva; font-size: 12pt;\">Ak v\u00e1s zauj\u00edma tradi\u010dn\u00e1 rusk\u00e1 medic\u00edna, pre\u010d\u00edtajte si o nej viac <a href=\"https:\/\/www.herbatica.sk\/blog\/dedicstvo-ruskych-bylinkarov---spoznajte-tradicnu-medicinu\/\" target=\"_blank\" rel=\"noopener noreferrer\">v tomto \u010dl\u00e1nku<\/a>.&nbsp;<\/span><\/p>\n","protected":false},"excerpt":{"rendered":"<p>Mu\u017ei sib\u00edrskej medic\u00edny a staroverci poznaj\u00fa ve\u013ea tajomstiev dlhovekosti. M\u00e1me sme \u0161\u0165astie, \u017ee pri\u0161li na z\u00e1zra\u010dn\u00e9 \u00fa\u010dinky vrbovky \u00fazkolistej. To je bylina, z ktorej sa Ivan \u010daj vyr\u00e1ba. Tento \u010daj m\u00e1 blahod\u00e1rne \u00fa\u010dinky na cel\u00e9 telo, ale najm\u00e4 na regener\u00e1ciu mysle a psychiku \u010dloveka. \u010caj Ivan je dedi\u010dstvom ruskej medic\u00edny, tento \u010daj sl\u00fa\u017ei predov\u0161etk\u00fdm proti [&hellip;]<\/p>\n","protected":false},"featured_media":7629,"comment_status":"open","ping_status":"open","template":"","meta":{"site-sidebar-layout":"default","site-content-layout":"","ast-site-content-layout":"default","site-content-style":"default","site-sidebar-style":"default","ast-global-header-display":"","ast-banner-title-visibility":"","ast-main-header-display":"","ast-hfb-above-header-display":"","ast-hfb-below-header-display":"","ast-hfb-mobile-header-display":"","site-post-title":"","ast-breadcrumbs-content":"","ast-featured-img":"","footer-sml-layout":"","ast-disable-related-posts":"","theme-transparent-header-meta":"","adv-header-id-meta":"","stick-header-meta":"","header-above-stick-meta":"","header-main-stick-meta":"","header-below-stick-meta":"","astra-migrate-meta-layouts":"default","ast-page-background-enabled":"default","ast-page-background-meta":{"desktop":{"background-color":"","background-image":"","background-repeat":"repeat","background-position":"center center","background-size":"auto","background-attachment":"scroll","background-type":"","background-media":"","overlay-type":"","overlay-color":"","overlay-opacity":"","overlay-gradient":""},"tablet":{"background-color":"","background-image":"","background-repeat":"repeat","background-position":"center center","background-size":"auto","background-attachment":"scroll","background-type":"","background-media":"","overlay-type":"","overlay-color":"","overlay-opacity":"","overlay-gradient":""},"mobile":{"background-color":"","background-image":"","background-repeat":"repeat","background-position":"center center","background-size":"auto","background-attachment":"scroll","background-type":"","background-media":"","overlay-type":"","overlay-color":"","overlay-opacity":"","overlay-gradient":""}},"ast-content-background-meta":{"desktop":{"background-color":"var(--ast-global-color-5)","background-image":"","background-repeat":"repeat","background-position":"center center","background-size":"auto","background-attachment":"scroll","background-type":"","background-media":"","overlay-type":"","overlay-color":"","overlay-opacity":"","overlay-gradient":""},"tablet":{"background-color":"var(--ast-global-color-5)","background-image":"","background-repeat":"repeat","background-position":"center center","background-size":"auto","background-attachment":"scroll","background-type":"","background-media":"","overlay-type":"","overlay-color":"","overlay-opacity":"","overlay-gradient":""},"mobile":{"background-color":"var(--ast-global-color-5)","background-image":"","background-repeat":"repeat","background-position":"center center","background-size":"auto","background-attachment":"scroll","background-type":"","background-media":"","overlay-type":"","overlay-color":"","overlay-opacity":"","overlay-gradient":""}}},"product_brand":[],"product_cat":[218,211,18],"product_tag":[],"class_list":{"0":"post-7628","1":"product","2":"type-product","3":"status-publish","4":"has-post-thumbnail","6":"product_cat-bolesti-hlavy-a-migrena","7":"product_cat-muzske-problemy","8":"product_cat-prirodna-lekaren","9":"pa_cena-dopravy-367","10":"pa_doprava-zasilkovna","11":"pa_ean-944","12":"pa_typ-partnersky-predaj","13":"pa_znacka-herbatica","14":"desktop-align-left","15":"tablet-align-left","16":"mobile-align-left","18":"first","19":"instock","20":"product-type-external"},"yoast_head":"<!-- This site is optimized with the Yoast SEO plugin v27.2 - https:\/\/yoast.com\/product\/yoast-seo-wordpress\/ -->\n<title>Ivan \u010daj &quot;Sagan Dayla&quot;- sypan\u00fd - Herbatica - 60g - EKO-BIO-NATURA BIO OBCHOD<\/title>\n<meta name=\"robots\" content=\"index, follow, max-snippet:-1, max-image-preview:large, max-video-preview:-1\" \/>\n<link rel=\"canonical\" href=\"https:\/\/www.eko-bio-natura.sk\/shop\/produkt\/ivan-caj-sagan-dayla-sypany-herbatica-60g\/\" \/>\n<meta property=\"og:locale\" content=\"sk_SK\" \/>\n<meta property=\"og:type\" content=\"article\" \/>\n<meta property=\"og:title\" content=\"Ivan \u010daj &quot;Sagan Dayla&quot;- sypan\u00fd - Herbatica - 60g - EKO-BIO-NATURA BIO OBCHOD\" \/>\n<meta property=\"og:description\" content=\"Mu\u017ei sib\u00edrskej medic\u00edny a staroverci poznaj\u00fa ve\u013ea tajomstiev dlhovekosti. M\u00e1me sme \u0161\u0165astie, \u017ee pri\u0161li na z\u00e1zra\u010dn\u00e9 \u00fa\u010dinky vrbovky \u00fazkolistej. To je bylina, z ktorej sa Ivan \u010daj vyr\u00e1ba. Tento \u010daj m\u00e1 blahod\u00e1rne \u00fa\u010dinky na cel\u00e9 telo, ale najm\u00e4 na regener\u00e1ciu mysle a psychiku \u010dloveka. \u010caj Ivan je dedi\u010dstvom ruskej medic\u00edny, tento \u010daj sl\u00fa\u017ei predov\u0161etk\u00fdm proti [&hellip;]\" \/>\n<meta property=\"og:url\" content=\"https:\/\/www.eko-bio-natura.sk\/shop\/produkt\/ivan-caj-sagan-dayla-sypany-herbatica-60g\/\" \/>\n<meta property=\"og:site_name\" content=\"EKO-BIO-NATURA BIO OBCHOD\" \/>\n<meta property=\"article:modified_time\" content=\"2021-12-28T17:15:33+00:00\" \/>\n<meta property=\"og:image\" content=\"https:\/\/www.eko-bio-natura.sk\/shop\/wp-content\/uploads\/2021\/12\/13647-1_voj-5304.jpg\" \/>\n\t<meta property=\"og:image:width\" content=\"1200\" \/>\n\t<meta property=\"og:image:height\" content=\"1200\" \/>\n\t<meta property=\"og:image:type\" content=\"image\/jpeg\" \/>\n<meta name=\"twitter:card\" content=\"summary_large_image\" \/>\n<meta name=\"twitter:label1\" content=\"Predpokladan\u00fd \u010das \u010d\u00edtania\" \/>\n\t<meta name=\"twitter:data1\" content=\"3 min\u00faty\" \/>\n<script type=\"application\/ld+json\" class=\"yoast-schema-graph\">{\"@context\":\"https:\/\/schema.org\",\"@graph\":[{\"@type\":\"WebPage\",\"@id\":\"https:\/\/www.eko-bio-natura.sk\/shop\/produkt\/ivan-caj-sagan-dayla-sypany-herbatica-60g\/\",\"url\":\"https:\/\/www.eko-bio-natura.sk\/shop\/produkt\/ivan-caj-sagan-dayla-sypany-herbatica-60g\/\",\"name\":\"Ivan \u010daj &quot;Sagan Dayla&quot;- sypan\u00fd - Herbatica - 60g - EKO-BIO-NATURA BIO OBCHOD\",\"isPartOf\":{\"@id\":\"https:\/\/www.eko-bio-natura.sk\/shop\/#website\"},\"primaryImageOfPage\":{\"@id\":\"https:\/\/www.eko-bio-natura.sk\/shop\/produkt\/ivan-caj-sagan-dayla-sypany-herbatica-60g\/#primaryimage\"},\"image\":{\"@id\":\"https:\/\/www.eko-bio-natura.sk\/shop\/produkt\/ivan-caj-sagan-dayla-sypany-herbatica-60g\/#primaryimage\"},\"thumbnailUrl\":\"https:\/\/www.eko-bio-natura.sk\/shop\/wp-content\/uploads\/2021\/12\/13647-1_voj-5304.jpg\",\"datePublished\":\"2021-12-28T17:15:28+00:00\",\"dateModified\":\"2021-12-28T17:15:33+00:00\",\"breadcrumb\":{\"@id\":\"https:\/\/www.eko-bio-natura.sk\/shop\/produkt\/ivan-caj-sagan-dayla-sypany-herbatica-60g\/#breadcrumb\"},\"inLanguage\":\"sk-SK\",\"potentialAction\":[{\"@type\":\"ReadAction\",\"target\":[\"https:\/\/www.eko-bio-natura.sk\/shop\/produkt\/ivan-caj-sagan-dayla-sypany-herbatica-60g\/\"]}]},{\"@type\":\"ImageObject\",\"inLanguage\":\"sk-SK\",\"@id\":\"https:\/\/www.eko-bio-natura.sk\/shop\/produkt\/ivan-caj-sagan-dayla-sypany-herbatica-60g\/#primaryimage\",\"url\":\"https:\/\/www.eko-bio-natura.sk\/shop\/wp-content\/uploads\/2021\/12\/13647-1_voj-5304.jpg\",\"contentUrl\":\"https:\/\/www.eko-bio-natura.sk\/shop\/wp-content\/uploads\/2021\/12\/13647-1_voj-5304.jpg\",\"width\":1200,\"height\":1200},{\"@type\":\"BreadcrumbList\",\"@id\":\"https:\/\/www.eko-bio-natura.sk\/shop\/produkt\/ivan-caj-sagan-dayla-sypany-herbatica-60g\/#breadcrumb\",\"itemListElement\":[{\"@type\":\"ListItem\",\"position\":1,\"name\":\"Domovsk\u00e1 str\u00e1nka\",\"item\":\"https:\/\/www.eko-bio-natura.sk\/shop\/\"},{\"@type\":\"ListItem\",\"position\":2,\"name\":\"Obchod\",\"item\":\"https:\/\/www.eko-bio-natura.sk\/shop\/?page_id=6\"},{\"@type\":\"ListItem\",\"position\":3,\"name\":\"Ivan \u010daj &quot;Sagan Dayla&quot;- sypan\u00fd &#8211; Herbatica &#8211; 60g\"}]},{\"@type\":\"WebSite\",\"@id\":\"https:\/\/www.eko-bio-natura.sk\/shop\/#website\",\"url\":\"https:\/\/www.eko-bio-natura.sk\/shop\/\",\"name\":\"EKO-BIO-NATURA BIO OBCHOD\",\"description\":\"\",\"publisher\":{\"@id\":\"https:\/\/www.eko-bio-natura.sk\/shop\/#organization\"},\"potentialAction\":[{\"@type\":\"SearchAction\",\"target\":{\"@type\":\"EntryPoint\",\"urlTemplate\":\"https:\/\/www.eko-bio-natura.sk\/shop\/?s={search_term_string}\"},\"query-input\":{\"@type\":\"PropertyValueSpecification\",\"valueRequired\":true,\"valueName\":\"search_term_string\"}}],\"inLanguage\":\"sk-SK\"},{\"@type\":\"Organization\",\"@id\":\"https:\/\/www.eko-bio-natura.sk\/shop\/#organization\",\"name\":\"EKO-BIO-NATURA BIO OBCHOD\",\"url\":\"https:\/\/www.eko-bio-natura.sk\/shop\/\",\"logo\":{\"@type\":\"ImageObject\",\"inLanguage\":\"sk-SK\",\"@id\":\"https:\/\/www.eko-bio-natura.sk\/shop\/#\/schema\/logo\/image\/\",\"url\":\"https:\/\/www.eko-bio-natura.sk\/shop\/wp-content\/uploads\/2021\/04\/eko-bio-natura_logo.png\",\"contentUrl\":\"https:\/\/www.eko-bio-natura.sk\/shop\/wp-content\/uploads\/2021\/04\/eko-bio-natura_logo.png\",\"width\":552,\"height\":194,\"caption\":\"EKO-BIO-NATURA BIO OBCHOD\"},\"image\":{\"@id\":\"https:\/\/www.eko-bio-natura.sk\/shop\/#\/schema\/logo\/image\/\"}}]}<\/script>\n<!-- \/ Yoast SEO plugin. -->","yoast_head_json":{"title":"Ivan \u010daj &quot;Sagan Dayla&quot;- sypan\u00fd - Herbatica - 60g - EKO-BIO-NATURA BIO OBCHOD","robots":{"index":"index","follow":"follow","max-snippet":"max-snippet:-1","max-image-preview":"max-image-preview:large","max-video-preview":"max-video-preview:-1"},"canonical":"https:\/\/www.eko-bio-natura.sk\/shop\/produkt\/ivan-caj-sagan-dayla-sypany-herbatica-60g\/","og_locale":"sk_SK","og_type":"article","og_title":"Ivan \u010daj &quot;Sagan Dayla&quot;- sypan\u00fd - Herbatica - 60g - EKO-BIO-NATURA BIO OBCHOD","og_description":"Mu\u017ei sib\u00edrskej medic\u00edny a staroverci poznaj\u00fa ve\u013ea tajomstiev dlhovekosti. M\u00e1me sme \u0161\u0165astie, \u017ee pri\u0161li na z\u00e1zra\u010dn\u00e9 \u00fa\u010dinky vrbovky \u00fazkolistej. To je bylina, z ktorej sa Ivan \u010daj vyr\u00e1ba. Tento \u010daj m\u00e1 blahod\u00e1rne \u00fa\u010dinky na cel\u00e9 telo, ale najm\u00e4 na regener\u00e1ciu mysle a psychiku \u010dloveka. \u010caj Ivan je dedi\u010dstvom ruskej medic\u00edny, tento \u010daj sl\u00fa\u017ei predov\u0161etk\u00fdm proti [&hellip;]","og_url":"https:\/\/www.eko-bio-natura.sk\/shop\/produkt\/ivan-caj-sagan-dayla-sypany-herbatica-60g\/","og_site_name":"EKO-BIO-NATURA BIO OBCHOD","article_modified_time":"2021-12-28T17:15:33+00:00","og_image":[{"width":1200,"height":1200,"url":"https:\/\/www.eko-bio-natura.sk\/shop\/wp-content\/uploads\/2021\/12\/13647-1_voj-5304.jpg","type":"image\/jpeg"}],"twitter_card":"summary_large_image","twitter_misc":{"Predpokladan\u00fd \u010das \u010d\u00edtania":"3 min\u00faty"},"schema":{"@context":"https:\/\/schema.org","@graph":[{"@type":"WebPage","@id":"https:\/\/www.eko-bio-natura.sk\/shop\/produkt\/ivan-caj-sagan-dayla-sypany-herbatica-60g\/","url":"https:\/\/www.eko-bio-natura.sk\/shop\/produkt\/ivan-caj-sagan-dayla-sypany-herbatica-60g\/","name":"Ivan \u010daj &quot;Sagan Dayla&quot;- sypan\u00fd - Herbatica - 60g - EKO-BIO-NATURA BIO OBCHOD","isPartOf":{"@id":"https:\/\/www.eko-bio-natura.sk\/shop\/#website"},"primaryImageOfPage":{"@id":"https:\/\/www.eko-bio-natura.sk\/shop\/produkt\/ivan-caj-sagan-dayla-sypany-herbatica-60g\/#primaryimage"},"image":{"@id":"https:\/\/www.eko-bio-natura.sk\/shop\/produkt\/ivan-caj-sagan-dayla-sypany-herbatica-60g\/#primaryimage"},"thumbnailUrl":"https:\/\/www.eko-bio-natura.sk\/shop\/wp-content\/uploads\/2021\/12\/13647-1_voj-5304.jpg","datePublished":"2021-12-28T17:15:28+00:00","dateModified":"2021-12-28T17:15:33+00:00","breadcrumb":{"@id":"https:\/\/www.eko-bio-natura.sk\/shop\/produkt\/ivan-caj-sagan-dayla-sypany-herbatica-60g\/#breadcrumb"},"inLanguage":"sk-SK","potentialAction":[{"@type":"ReadAction","target":["https:\/\/www.eko-bio-natura.sk\/shop\/produkt\/ivan-caj-sagan-dayla-sypany-herbatica-60g\/"]}]},{"@type":"ImageObject","inLanguage":"sk-SK","@id":"https:\/\/www.eko-bio-natura.sk\/shop\/produkt\/ivan-caj-sagan-dayla-sypany-herbatica-60g\/#primaryimage","url":"https:\/\/www.eko-bio-natura.sk\/shop\/wp-content\/uploads\/2021\/12\/13647-1_voj-5304.jpg","contentUrl":"https:\/\/www.eko-bio-natura.sk\/shop\/wp-content\/uploads\/2021\/12\/13647-1_voj-5304.jpg","width":1200,"height":1200},{"@type":"BreadcrumbList","@id":"https:\/\/www.eko-bio-natura.sk\/shop\/produkt\/ivan-caj-sagan-dayla-sypany-herbatica-60g\/#breadcrumb","itemListElement":[{"@type":"ListItem","position":1,"name":"Domovsk\u00e1 str\u00e1nka","item":"https:\/\/www.eko-bio-natura.sk\/shop\/"},{"@type":"ListItem","position":2,"name":"Obchod","item":"https:\/\/www.eko-bio-natura.sk\/shop\/?page_id=6"},{"@type":"ListItem","position":3,"name":"Ivan \u010daj &quot;Sagan Dayla&quot;- sypan\u00fd &#8211; Herbatica &#8211; 60g"}]},{"@type":"WebSite","@id":"https:\/\/www.eko-bio-natura.sk\/shop\/#website","url":"https:\/\/www.eko-bio-natura.sk\/shop\/","name":"EKO-BIO-NATURA BIO OBCHOD","description":"","publisher":{"@id":"https:\/\/www.eko-bio-natura.sk\/shop\/#organization"},"potentialAction":[{"@type":"SearchAction","target":{"@type":"EntryPoint","urlTemplate":"https:\/\/www.eko-bio-natura.sk\/shop\/?s={search_term_string}"},"query-input":{"@type":"PropertyValueSpecification","valueRequired":true,"valueName":"search_term_string"}}],"inLanguage":"sk-SK"},{"@type":"Organization","@id":"https:\/\/www.eko-bio-natura.sk\/shop\/#organization","name":"EKO-BIO-NATURA BIO OBCHOD","url":"https:\/\/www.eko-bio-natura.sk\/shop\/","logo":{"@type":"ImageObject","inLanguage":"sk-SK","@id":"https:\/\/www.eko-bio-natura.sk\/shop\/#\/schema\/logo\/image\/","url":"https:\/\/www.eko-bio-natura.sk\/shop\/wp-content\/uploads\/2021\/04\/eko-bio-natura_logo.png","contentUrl":"https:\/\/www.eko-bio-natura.sk\/shop\/wp-content\/uploads\/2021\/04\/eko-bio-natura_logo.png","width":552,"height":194,"caption":"EKO-BIO-NATURA BIO OBCHOD"},"image":{"@id":"https:\/\/www.eko-bio-natura.sk\/shop\/#\/schema\/logo\/image\/"}}]}},"_links":{"self":[{"href":"https:\/\/www.eko-bio-natura.sk\/shop\/wp-json\/wp\/v2\/product\/7628","targetHints":{"allow":["GET"]}}],"collection":[{"href":"https:\/\/www.eko-bio-natura.sk\/shop\/wp-json\/wp\/v2\/product"}],"about":[{"href":"https:\/\/www.eko-bio-natura.sk\/shop\/wp-json\/wp\/v2\/types\/product"}],"replies":[{"embeddable":true,"href":"https:\/\/www.eko-bio-natura.sk\/shop\/wp-json\/wp\/v2\/comments?post=7628"}],"wp:featuredmedia":[{"embeddable":true,"href":"https:\/\/www.eko-bio-natura.sk\/shop\/wp-json\/wp\/v2\/media\/7629"}],"wp:attachment":[{"href":"https:\/\/www.eko-bio-natura.sk\/shop\/wp-json\/wp\/v2\/media?parent=7628"}],"wp:term":[{"taxonomy":"product_brand","embeddable":true,"href":"https:\/\/www.eko-bio-natura.sk\/shop\/wp-json\/wp\/v2\/product_brand?post=7628"},{"taxonomy":"product_cat","embeddable":true,"href":"https:\/\/www.eko-bio-natura.sk\/shop\/wp-json\/wp\/v2\/product_cat?post=7628"},{"taxonomy":"product_tag","embeddable":true,"href":"https:\/\/www.eko-bio-natura.sk\/shop\/wp-json\/wp\/v2\/product_tag?post=7628"}],"curies":[{"name":"wp","href":"https:\/\/api.w.org\/{rel}","templated":true}]}}