{"id":7624,"date":"2021-12-28T18:15:08","date_gmt":"2021-12-28T17:15:08","guid":{"rendered":"https:\/\/www.eko-bio-natura.sk\/shop\/index.php\/produkt\/zlate-mumio-mumio-altajske-ocistene-potravinovy-doplnok-stravy-evalar-balenie-20-tabliet\/"},"modified":"2022-05-04T16:41:07","modified_gmt":"2022-05-04T14:41:07","slug":"zlate-mumio-mumio-altajske-ocistene-potravinovy-doplnok-stravy-evalar-balenie-20-tabliet","status":"publish","type":"product","link":"https:\/\/www.eko-bio-natura.sk\/shop\/produkt\/zlate-mumio-mumio-altajske-ocistene-potravinovy-doplnok-stravy-evalar-balenie-20-tabliet\/","title":{"rendered":"&quot;Zlat\u00e9 mumio&quot; \u2013 mumio altajsk\u00e9 o\u010disten\u00e9 \u2013 potravinov\u00fd doplnok stravy &#8211; Evalar Balenie: 20 tabliet"},"content":{"rendered":"<p><span style=\"font-size: 16px;\"><strong><span style=\"font-family: verdana, geneva;\">\u010co je mumio:<\/span><\/strong><\/span><\/p>\n<p><span style=\"font-size: 16px;\"><span style=\"font-family: verdana, geneva;\">Mumio je pr\u00edrodn\u00e1 zmes organick\u00fdch aj anorganick\u00fdch l\u00e1tok, <strong>je to pr\u00edrodn\u00fd miner\u00e1l<\/strong>, ktor\u00fd vznik\u00e1 zlo\u017eit\u00fdm geologick\u00fdm procesom. Je to pr\u00edrodn\u00fd komplex, obsahuj\u00faci <strong>viac ako 50 \u017eivotne d\u00f4le\u017eit\u00fdch prvkov<\/strong>, medzi nimi je <strong>26 miner\u00e1lov, 6 aminokysel\u00edn,<\/strong> 10 r\u00f4znych oxidov kovov, steroidy, fosfolipidy, vitam\u00edny, v\u010del\u00ed vosk, \u00e9terick\u00e9 oleje a \u010fal\u0161ie biologicky akt\u00edvne l\u00e1tky.&nbsp;<\/span><\/span><\/p>\n<p><span style=\"font-family: verdana, geneva; font-size: 16px;\">Komplexom organick\u00fdch l\u00e1tok a mikroelementov ako je magn\u00e9zium, fosfor, krem\u00edk, \u017eelezo, zinok, s\u00edra, me\u010f \u010di b\u00f3r.<\/span><\/p>\n<p><span style=\"font-size: 12pt; font-family: verdana, geneva;\">Viac inform\u00e1ci\u00ed k tomuto produktu n\u00e1jdete na na\u0161om blogu, <a href=\"http:\/\/blog.herbatica.sk\/mumio-zazracny-liek\/\" target=\"_blank\" rel=\"noopener noreferrer\">tu.<\/a><\/span><\/p>\n<p><span style=\"font-size: 12pt; font-family: verdana, geneva;\"><strong>Sp\u00f4sob pou\u017eitia:<\/strong> dospel\u00ed a deti star\u0161ie 14 rokov 1 tabletka 2 kr\u00e1t denne v priebehu jedla, doba pr\u00edjmu 1 mesiac, pri zlomenin\u00e1ch a\u017e do dvoch mesiacov. Farba tabletiek od \u010diernej po hned\u00fa, z\u00e1le\u017e\u00ed od % vlhkosti okolia.<\/span><\/p>\n<p><span style=\"font-size: 12pt; font-family: verdana, geneva;\"><strong>Obsah:<\/strong>&nbsp;20 tabliet\/ 60 tabliet&nbsp;<\/span><\/p>\n<p><span style=\"font-size: 12pt; font-family: verdana, geneva;\"><strong>Upozornenie: <\/strong>Tento produkt je registrovan\u00fd ako doplnok stravy. Nem\u00e1 schv\u00e1len\u00e9 lie\u010div\u00e9 \u00fa\u010dinky a nejedn\u00e1 sa o liek. Nie je ur\u010den\u00e9 ako n\u00e1hrada pestrej stravy. Neprekra\u010dujte odpor\u00fa\u010dan\u00e9 d\u00e1vkovanie. Minim\u00e1lna trvanlivos\u0165 vyzna\u010den\u00e1 na obale.<\/span><\/p>\n<p><span style=\"font-size: 12pt; font-family: verdana, geneva;\"><strong>Krajina p\u00f4vodu:&nbsp;<\/strong>Rusko<\/span><\/p>\n<table>\n<tbody>\n<tr>\n<td colspan=\"2\">\n<p><b>Obsah jednotliv\u00fdch akt\u00edvnych zlo\u017eiek v&nbsp;dennej d\u00e1vke (1-2 tbl)&nbsp; a % odpor\u00fa\u010danej dennej spotreby&nbsp;&nbsp;<\/b><\/p>\n<\/td>\n<\/tr>\n<tr>\n<td>\n<p><span style=\"font-weight: 400;\">100 % \u010dist\u00e9 m\u00famio&nbsp; &nbsp; &nbsp; &nbsp; &nbsp; &nbsp; &nbsp; &nbsp; &nbsp; &nbsp; &nbsp; &nbsp; &nbsp; &nbsp; &nbsp; &nbsp; &nbsp; &nbsp; &nbsp; &nbsp; &nbsp; &nbsp; &nbsp; &nbsp; &nbsp; &nbsp; &nbsp; &nbsp; &nbsp; &nbsp; &nbsp; &nbsp; &nbsp; &nbsp; &nbsp; &nbsp; &nbsp; &nbsp; &nbsp; &nbsp; &nbsp; &nbsp; &nbsp; &nbsp; &nbsp; &nbsp; &nbsp; &nbsp; &nbsp; &nbsp; &nbsp; <\/span><b>1 tbl<\/b><span style=\"font-weight: 400;\"> &nbsp; &nbsp; &nbsp; &#8211;&nbsp; &nbsp; &nbsp; 200 mg\/-&nbsp;<\/span><\/p>\n<\/td>\n<td>\n<p><b>2 tbl<\/b><span style=\"font-weight: 400;\">&nbsp; &nbsp; &#8211; &nbsp; &nbsp; 400 mg\/-<\/span><\/p>\n<\/td>\n<\/tr>\n<tr>\n<td>\n<p><span style=\"font-weight: 400;\">Kyselina hum\u00ednov\u00e1&nbsp; &nbsp; &nbsp; &nbsp; &nbsp; &nbsp; &nbsp; &nbsp; &nbsp; &nbsp; &nbsp; &nbsp; &nbsp; &nbsp; &nbsp; &nbsp; &nbsp; &nbsp; &nbsp; &nbsp; &nbsp; &nbsp; &nbsp; &nbsp; &nbsp; &nbsp; &nbsp; &nbsp; &nbsp; &nbsp; &nbsp; &nbsp; &nbsp; &nbsp; &nbsp; &nbsp; &nbsp; &nbsp; &nbsp; &nbsp; &nbsp; &nbsp; &nbsp; &nbsp; &nbsp; &nbsp; &nbsp; &nbsp; &nbsp; &nbsp; &nbsp; <\/span><b>1 tbl &nbsp; &nbsp; &nbsp; <\/b><span style=\"font-weight: 400;\">&#8211; &nbsp; &nbsp; 12 mg\/24 % <\/span><span style=\"font-weight: 400;\">1<\/span><\/p>\n<\/td>\n<td>\n<p><b>2 tbl<\/b><span style=\"font-weight: 400;\">&nbsp; &nbsp; &#8211;&nbsp; &nbsp; &nbsp; 24 mg\/48 % <\/span><span style=\"font-weight: 400;\">1<\/span><\/p>\n<\/td>\n<\/tr>\n<tr>\n<td colspan=\"2\">\n<p><span style=\"font-weight: 400;\">1&nbsp; <\/span><span style=\"font-weight: 400;\">neprevy\u0161ujte najvy\u0161\u0161iu povolen\u00fa hranicu pr\u00edjmu<\/span><\/p>\n<\/td>\n<\/tr>\n<\/tbody>\n<\/table>\n<p><span style=\"font-size: 12pt; font-family: verdana, geneva;\"><img decoding=\"async\" src=\"https:\/\/www.herbatica.sk\/user\/documents\/upload\/zlozenia\/0190.png\" alt=\"0190\" \/><\/span><\/p>\n<p>&nbsp;<\/p>\n<p><span style=\"font-size: 12pt; font-family: verdana, geneva;\">Ak by ste si chceli pre\u010d\u00edta\u0165 aj osobn\u00fa sk\u00fasenos\u0165 s u\u017e\u00edvan\u00edm m\u00famia po zranen\u00ed, m\u00f4\u017eete tento \u010dl\u00e1nok tie\u017e n\u00e1js\u0165 na <a href=\"http:\/\/blog.herbatica.sk\/regeneracia-organizmu-pocas-zranenia-altajske-zlate-mumio\/\">na\u0161om blogu.<\/a><\/span><\/p>\n<p><span style=\"font-family: verdana, geneva; font-size: 12pt;\">Pre\u010d\u00edtajte si viac o tomto v\u00fdrobcovi <a href=\"http:\/\/blog.herbatica.sk\/evalar-doplnky-stravy-na-bylinnej-baze\/\" target=\"_blank\" rel=\"noopener noreferrer\">v \u010dl\u00e1nku na na\u0161om blogu.<\/a><\/span><\/p>\n<p><span style=\"font-family: verdana, geneva; font-size: 12pt;\"><span>Tr\u00e1pi V\u00e1s psori\u00e1za? M\u00famio V\u00e1m m\u00f4\u017ee pom\u00f4c\u0165. Podrobne sme sa tejto t\u00e9me venovali v komplexnom a <a href=\"https:\/\/www.herbatica.sk\/blog\/co-je-psoriaza-a-lupienka-priznaky-liecba\/\">odbornom \u010dl\u00e1nku<\/a>, ktor\u00fd n\u00e1m nap\u00edsala PhDr. Mgr. Eva Medveck\u00e1, PhD., DiS.<\/span><\/span><\/p>\n<p>&nbsp;<\/p>\n<p><span style=\"font-size: 12pt; font-family: verdana, geneva;\">&nbsp;<\/span><\/p>\n","protected":false},"excerpt":{"rendered":"<p>\u010co je mumio: Mumio je pr\u00edrodn\u00e1 zmes organick\u00fdch aj anorganick\u00fdch l\u00e1tok, je to pr\u00edrodn\u00fd miner\u00e1l, ktor\u00fd vznik\u00e1 zlo\u017eit\u00fdm geologick\u00fdm procesom. Je to pr\u00edrodn\u00fd komplex, obsahuj\u00faci viac ako 50 \u017eivotne d\u00f4le\u017eit\u00fdch prvkov, medzi nimi je 26 miner\u00e1lov, 6 aminokysel\u00edn, 10 r\u00f4znych oxidov kovov, steroidy, fosfolipidy, vitam\u00edny, v\u010del\u00ed vosk, \u00e9terick\u00e9 oleje a \u010fal\u0161ie biologicky akt\u00edvne l\u00e1tky.&nbsp; Komplexom [&hellip;]<\/p>\n","protected":false},"featured_media":7625,"comment_status":"open","ping_status":"open","template":"","meta":{"site-sidebar-layout":"default","site-content-layout":"","ast-site-content-layout":"default","site-content-style":"default","site-sidebar-style":"default","ast-global-header-display":"","ast-banner-title-visibility":"","ast-main-header-display":"","ast-hfb-above-header-display":"","ast-hfb-below-header-display":"","ast-hfb-mobile-header-display":"","site-post-title":"","ast-breadcrumbs-content":"","ast-featured-img":"","footer-sml-layout":"","ast-disable-related-posts":"","theme-transparent-header-meta":"","adv-header-id-meta":"","stick-header-meta":"","header-above-stick-meta":"","header-main-stick-meta":"","header-below-stick-meta":"","astra-migrate-meta-layouts":"default","ast-page-background-enabled":"default","ast-page-background-meta":{"desktop":{"background-color":"","background-image":"","background-repeat":"repeat","background-position":"center center","background-size":"auto","background-attachment":"scroll","background-type":"","background-media":"","overlay-type":"","overlay-color":"","overlay-opacity":"","overlay-gradient":""},"tablet":{"background-color":"","background-image":"","background-repeat":"repeat","background-position":"center center","background-size":"auto","background-attachment":"scroll","background-type":"","background-media":"","overlay-type":"","overlay-color":"","overlay-opacity":"","overlay-gradient":""},"mobile":{"background-color":"","background-image":"","background-repeat":"repeat","background-position":"center center","background-size":"auto","background-attachment":"scroll","background-type":"","background-media":"","overlay-type":"","overlay-color":"","overlay-opacity":"","overlay-gradient":""}},"ast-content-background-meta":{"desktop":{"background-color":"var(--ast-global-color-5)","background-image":"","background-repeat":"repeat","background-position":"center center","background-size":"auto","background-attachment":"scroll","background-type":"","background-media":"","overlay-type":"","overlay-color":"","overlay-opacity":"","overlay-gradient":""},"tablet":{"background-color":"var(--ast-global-color-5)","background-image":"","background-repeat":"repeat","background-position":"center center","background-size":"auto","background-attachment":"scroll","background-type":"","background-media":"","overlay-type":"","overlay-color":"","overlay-opacity":"","overlay-gradient":""},"mobile":{"background-color":"var(--ast-global-color-5)","background-image":"","background-repeat":"repeat","background-position":"center center","background-size":"auto","background-attachment":"scroll","background-type":"","background-media":"","overlay-type":"","overlay-color":"","overlay-opacity":"","overlay-gradient":""}}},"product_brand":[],"product_cat":[192],"product_tag":[],"class_list":{"0":"post-7624","1":"product","2":"type-product","3":"status-publish","4":"has-post-thumbnail","6":"product_cat-vyzivove-doplnky","7":"pa_cena-dopravy-367","8":"pa_doprava-zasilkovna","9":"pa_ean-927","10":"pa_typ-partnersky-predaj","11":"pa_znacka-evalar","12":"desktop-align-left","13":"tablet-align-left","14":"mobile-align-left","16":"first","17":"instock","18":"product-type-external"},"yoast_head":"<!-- This site is optimized with the Yoast SEO plugin v27.2 - https:\/\/yoast.com\/product\/yoast-seo-wordpress\/ -->\n<title>&quot;Zlat\u00e9 mumio&quot; \u2013 mumio altajsk\u00e9 o\u010disten\u00e9 \u2013 potravinov\u00fd doplnok stravy - Evalar Balenie: 20 tabliet - EKO-BIO-NATURA BIO OBCHOD<\/title>\n<meta name=\"robots\" content=\"index, follow, max-snippet:-1, max-image-preview:large, max-video-preview:-1\" \/>\n<link rel=\"canonical\" href=\"https:\/\/www.eko-bio-natura.sk\/shop\/produkt\/zlate-mumio-mumio-altajske-ocistene-potravinovy-doplnok-stravy-evalar-balenie-20-tabliet\/\" \/>\n<meta property=\"og:locale\" content=\"sk_SK\" \/>\n<meta property=\"og:type\" content=\"article\" \/>\n<meta property=\"og:title\" content=\"&quot;Zlat\u00e9 mumio&quot; \u2013 mumio altajsk\u00e9 o\u010disten\u00e9 \u2013 potravinov\u00fd doplnok stravy - Evalar Balenie: 20 tabliet - EKO-BIO-NATURA BIO OBCHOD\" \/>\n<meta property=\"og:description\" content=\"\u010co je mumio: Mumio je pr\u00edrodn\u00e1 zmes organick\u00fdch aj anorganick\u00fdch l\u00e1tok, je to pr\u00edrodn\u00fd miner\u00e1l, ktor\u00fd vznik\u00e1 zlo\u017eit\u00fdm geologick\u00fdm procesom. Je to pr\u00edrodn\u00fd komplex, obsahuj\u00faci viac ako 50 \u017eivotne d\u00f4le\u017eit\u00fdch prvkov, medzi nimi je 26 miner\u00e1lov, 6 aminokysel\u00edn, 10 r\u00f4znych oxidov kovov, steroidy, fosfolipidy, vitam\u00edny, v\u010del\u00ed vosk, \u00e9terick\u00e9 oleje a \u010fal\u0161ie biologicky akt\u00edvne l\u00e1tky.&nbsp; Komplexom [&hellip;]\" \/>\n<meta property=\"og:url\" content=\"https:\/\/www.eko-bio-natura.sk\/shop\/produkt\/zlate-mumio-mumio-altajske-ocistene-potravinovy-doplnok-stravy-evalar-balenie-20-tabliet\/\" \/>\n<meta property=\"og:site_name\" content=\"EKO-BIO-NATURA BIO OBCHOD\" \/>\n<meta property=\"article:modified_time\" content=\"2022-05-04T14:41:07+00:00\" \/>\n<meta property=\"og:image\" content=\"https:\/\/www.eko-bio-natura.sk\/shop\/wp-content\/uploads\/2021\/12\/13577_0190-mumio-tabletky-scaled.jpg\" \/>\n\t<meta property=\"og:image:width\" content=\"2560\" \/>\n\t<meta property=\"og:image:height\" content=\"1923\" \/>\n\t<meta property=\"og:image:type\" content=\"image\/jpeg\" \/>\n<meta name=\"twitter:card\" content=\"summary_large_image\" \/>\n<meta name=\"twitter:label1\" content=\"Predpokladan\u00fd \u010das \u010d\u00edtania\" \/>\n\t<meta name=\"twitter:data1\" content=\"2 min\u00faty\" \/>\n<script type=\"application\/ld+json\" class=\"yoast-schema-graph\">{\"@context\":\"https:\/\/schema.org\",\"@graph\":[{\"@type\":\"WebPage\",\"@id\":\"https:\/\/www.eko-bio-natura.sk\/shop\/produkt\/zlate-mumio-mumio-altajske-ocistene-potravinovy-doplnok-stravy-evalar-balenie-20-tabliet\/\",\"url\":\"https:\/\/www.eko-bio-natura.sk\/shop\/produkt\/zlate-mumio-mumio-altajske-ocistene-potravinovy-doplnok-stravy-evalar-balenie-20-tabliet\/\",\"name\":\"&quot;Zlat\u00e9 mumio&quot; \u2013 mumio altajsk\u00e9 o\u010disten\u00e9 \u2013 potravinov\u00fd doplnok stravy - Evalar Balenie: 20 tabliet - EKO-BIO-NATURA BIO OBCHOD\",\"isPartOf\":{\"@id\":\"https:\/\/www.eko-bio-natura.sk\/shop\/#website\"},\"primaryImageOfPage\":{\"@id\":\"https:\/\/www.eko-bio-natura.sk\/shop\/produkt\/zlate-mumio-mumio-altajske-ocistene-potravinovy-doplnok-stravy-evalar-balenie-20-tabliet\/#primaryimage\"},\"image\":{\"@id\":\"https:\/\/www.eko-bio-natura.sk\/shop\/produkt\/zlate-mumio-mumio-altajske-ocistene-potravinovy-doplnok-stravy-evalar-balenie-20-tabliet\/#primaryimage\"},\"thumbnailUrl\":\"https:\/\/www.eko-bio-natura.sk\/shop\/wp-content\/uploads\/2021\/12\/13577_0190-mumio-tabletky-scaled.jpg\",\"datePublished\":\"2021-12-28T17:15:08+00:00\",\"dateModified\":\"2022-05-04T14:41:07+00:00\",\"breadcrumb\":{\"@id\":\"https:\/\/www.eko-bio-natura.sk\/shop\/produkt\/zlate-mumio-mumio-altajske-ocistene-potravinovy-doplnok-stravy-evalar-balenie-20-tabliet\/#breadcrumb\"},\"inLanguage\":\"sk-SK\",\"potentialAction\":[{\"@type\":\"ReadAction\",\"target\":[\"https:\/\/www.eko-bio-natura.sk\/shop\/produkt\/zlate-mumio-mumio-altajske-ocistene-potravinovy-doplnok-stravy-evalar-balenie-20-tabliet\/\"]}]},{\"@type\":\"ImageObject\",\"inLanguage\":\"sk-SK\",\"@id\":\"https:\/\/www.eko-bio-natura.sk\/shop\/produkt\/zlate-mumio-mumio-altajske-ocistene-potravinovy-doplnok-stravy-evalar-balenie-20-tabliet\/#primaryimage\",\"url\":\"https:\/\/www.eko-bio-natura.sk\/shop\/wp-content\/uploads\/2021\/12\/13577_0190-mumio-tabletky-scaled.jpg\",\"contentUrl\":\"https:\/\/www.eko-bio-natura.sk\/shop\/wp-content\/uploads\/2021\/12\/13577_0190-mumio-tabletky-scaled.jpg\",\"width\":2560,\"height\":1923},{\"@type\":\"BreadcrumbList\",\"@id\":\"https:\/\/www.eko-bio-natura.sk\/shop\/produkt\/zlate-mumio-mumio-altajske-ocistene-potravinovy-doplnok-stravy-evalar-balenie-20-tabliet\/#breadcrumb\",\"itemListElement\":[{\"@type\":\"ListItem\",\"position\":1,\"name\":\"Domovsk\u00e1 str\u00e1nka\",\"item\":\"https:\/\/www.eko-bio-natura.sk\/shop\/\"},{\"@type\":\"ListItem\",\"position\":2,\"name\":\"Obchod\",\"item\":\"https:\/\/www.eko-bio-natura.sk\/shop\/?page_id=6\"},{\"@type\":\"ListItem\",\"position\":3,\"name\":\"&quot;Zlat\u00e9 mumio&quot; \u2013 mumio altajsk\u00e9 o\u010disten\u00e9 \u2013 potravinov\u00fd doplnok stravy &#8211; Evalar Balenie: 20 tabliet\"}]},{\"@type\":\"WebSite\",\"@id\":\"https:\/\/www.eko-bio-natura.sk\/shop\/#website\",\"url\":\"https:\/\/www.eko-bio-natura.sk\/shop\/\",\"name\":\"EKO-BIO-NATURA BIO OBCHOD\",\"description\":\"\",\"publisher\":{\"@id\":\"https:\/\/www.eko-bio-natura.sk\/shop\/#organization\"},\"potentialAction\":[{\"@type\":\"SearchAction\",\"target\":{\"@type\":\"EntryPoint\",\"urlTemplate\":\"https:\/\/www.eko-bio-natura.sk\/shop\/?s={search_term_string}\"},\"query-input\":{\"@type\":\"PropertyValueSpecification\",\"valueRequired\":true,\"valueName\":\"search_term_string\"}}],\"inLanguage\":\"sk-SK\"},{\"@type\":\"Organization\",\"@id\":\"https:\/\/www.eko-bio-natura.sk\/shop\/#organization\",\"name\":\"EKO-BIO-NATURA BIO OBCHOD\",\"url\":\"https:\/\/www.eko-bio-natura.sk\/shop\/\",\"logo\":{\"@type\":\"ImageObject\",\"inLanguage\":\"sk-SK\",\"@id\":\"https:\/\/www.eko-bio-natura.sk\/shop\/#\/schema\/logo\/image\/\",\"url\":\"https:\/\/www.eko-bio-natura.sk\/shop\/wp-content\/uploads\/2021\/04\/eko-bio-natura_logo.png\",\"contentUrl\":\"https:\/\/www.eko-bio-natura.sk\/shop\/wp-content\/uploads\/2021\/04\/eko-bio-natura_logo.png\",\"width\":552,\"height\":194,\"caption\":\"EKO-BIO-NATURA BIO OBCHOD\"},\"image\":{\"@id\":\"https:\/\/www.eko-bio-natura.sk\/shop\/#\/schema\/logo\/image\/\"}}]}<\/script>\n<!-- \/ Yoast SEO plugin. -->","yoast_head_json":{"title":"&quot;Zlat\u00e9 mumio&quot; \u2013 mumio altajsk\u00e9 o\u010disten\u00e9 \u2013 potravinov\u00fd doplnok stravy - Evalar Balenie: 20 tabliet - EKO-BIO-NATURA BIO OBCHOD","robots":{"index":"index","follow":"follow","max-snippet":"max-snippet:-1","max-image-preview":"max-image-preview:large","max-video-preview":"max-video-preview:-1"},"canonical":"https:\/\/www.eko-bio-natura.sk\/shop\/produkt\/zlate-mumio-mumio-altajske-ocistene-potravinovy-doplnok-stravy-evalar-balenie-20-tabliet\/","og_locale":"sk_SK","og_type":"article","og_title":"&quot;Zlat\u00e9 mumio&quot; \u2013 mumio altajsk\u00e9 o\u010disten\u00e9 \u2013 potravinov\u00fd doplnok stravy - Evalar Balenie: 20 tabliet - EKO-BIO-NATURA BIO OBCHOD","og_description":"\u010co je mumio: Mumio je pr\u00edrodn\u00e1 zmes organick\u00fdch aj anorganick\u00fdch l\u00e1tok, je to pr\u00edrodn\u00fd miner\u00e1l, ktor\u00fd vznik\u00e1 zlo\u017eit\u00fdm geologick\u00fdm procesom. Je to pr\u00edrodn\u00fd komplex, obsahuj\u00faci viac ako 50 \u017eivotne d\u00f4le\u017eit\u00fdch prvkov, medzi nimi je 26 miner\u00e1lov, 6 aminokysel\u00edn, 10 r\u00f4znych oxidov kovov, steroidy, fosfolipidy, vitam\u00edny, v\u010del\u00ed vosk, \u00e9terick\u00e9 oleje a \u010fal\u0161ie biologicky akt\u00edvne l\u00e1tky.&nbsp; Komplexom [&hellip;]","og_url":"https:\/\/www.eko-bio-natura.sk\/shop\/produkt\/zlate-mumio-mumio-altajske-ocistene-potravinovy-doplnok-stravy-evalar-balenie-20-tabliet\/","og_site_name":"EKO-BIO-NATURA BIO OBCHOD","article_modified_time":"2022-05-04T14:41:07+00:00","og_image":[{"width":2560,"height":1923,"url":"https:\/\/www.eko-bio-natura.sk\/shop\/wp-content\/uploads\/2021\/12\/13577_0190-mumio-tabletky-scaled.jpg","type":"image\/jpeg"}],"twitter_card":"summary_large_image","twitter_misc":{"Predpokladan\u00fd \u010das \u010d\u00edtania":"2 min\u00faty"},"schema":{"@context":"https:\/\/schema.org","@graph":[{"@type":"WebPage","@id":"https:\/\/www.eko-bio-natura.sk\/shop\/produkt\/zlate-mumio-mumio-altajske-ocistene-potravinovy-doplnok-stravy-evalar-balenie-20-tabliet\/","url":"https:\/\/www.eko-bio-natura.sk\/shop\/produkt\/zlate-mumio-mumio-altajske-ocistene-potravinovy-doplnok-stravy-evalar-balenie-20-tabliet\/","name":"&quot;Zlat\u00e9 mumio&quot; \u2013 mumio altajsk\u00e9 o\u010disten\u00e9 \u2013 potravinov\u00fd doplnok stravy - Evalar Balenie: 20 tabliet - EKO-BIO-NATURA BIO OBCHOD","isPartOf":{"@id":"https:\/\/www.eko-bio-natura.sk\/shop\/#website"},"primaryImageOfPage":{"@id":"https:\/\/www.eko-bio-natura.sk\/shop\/produkt\/zlate-mumio-mumio-altajske-ocistene-potravinovy-doplnok-stravy-evalar-balenie-20-tabliet\/#primaryimage"},"image":{"@id":"https:\/\/www.eko-bio-natura.sk\/shop\/produkt\/zlate-mumio-mumio-altajske-ocistene-potravinovy-doplnok-stravy-evalar-balenie-20-tabliet\/#primaryimage"},"thumbnailUrl":"https:\/\/www.eko-bio-natura.sk\/shop\/wp-content\/uploads\/2021\/12\/13577_0190-mumio-tabletky-scaled.jpg","datePublished":"2021-12-28T17:15:08+00:00","dateModified":"2022-05-04T14:41:07+00:00","breadcrumb":{"@id":"https:\/\/www.eko-bio-natura.sk\/shop\/produkt\/zlate-mumio-mumio-altajske-ocistene-potravinovy-doplnok-stravy-evalar-balenie-20-tabliet\/#breadcrumb"},"inLanguage":"sk-SK","potentialAction":[{"@type":"ReadAction","target":["https:\/\/www.eko-bio-natura.sk\/shop\/produkt\/zlate-mumio-mumio-altajske-ocistene-potravinovy-doplnok-stravy-evalar-balenie-20-tabliet\/"]}]},{"@type":"ImageObject","inLanguage":"sk-SK","@id":"https:\/\/www.eko-bio-natura.sk\/shop\/produkt\/zlate-mumio-mumio-altajske-ocistene-potravinovy-doplnok-stravy-evalar-balenie-20-tabliet\/#primaryimage","url":"https:\/\/www.eko-bio-natura.sk\/shop\/wp-content\/uploads\/2021\/12\/13577_0190-mumio-tabletky-scaled.jpg","contentUrl":"https:\/\/www.eko-bio-natura.sk\/shop\/wp-content\/uploads\/2021\/12\/13577_0190-mumio-tabletky-scaled.jpg","width":2560,"height":1923},{"@type":"BreadcrumbList","@id":"https:\/\/www.eko-bio-natura.sk\/shop\/produkt\/zlate-mumio-mumio-altajske-ocistene-potravinovy-doplnok-stravy-evalar-balenie-20-tabliet\/#breadcrumb","itemListElement":[{"@type":"ListItem","position":1,"name":"Domovsk\u00e1 str\u00e1nka","item":"https:\/\/www.eko-bio-natura.sk\/shop\/"},{"@type":"ListItem","position":2,"name":"Obchod","item":"https:\/\/www.eko-bio-natura.sk\/shop\/?page_id=6"},{"@type":"ListItem","position":3,"name":"&quot;Zlat\u00e9 mumio&quot; \u2013 mumio altajsk\u00e9 o\u010disten\u00e9 \u2013 potravinov\u00fd doplnok stravy &#8211; Evalar Balenie: 20 tabliet"}]},{"@type":"WebSite","@id":"https:\/\/www.eko-bio-natura.sk\/shop\/#website","url":"https:\/\/www.eko-bio-natura.sk\/shop\/","name":"EKO-BIO-NATURA BIO OBCHOD","description":"","publisher":{"@id":"https:\/\/www.eko-bio-natura.sk\/shop\/#organization"},"potentialAction":[{"@type":"SearchAction","target":{"@type":"EntryPoint","urlTemplate":"https:\/\/www.eko-bio-natura.sk\/shop\/?s={search_term_string}"},"query-input":{"@type":"PropertyValueSpecification","valueRequired":true,"valueName":"search_term_string"}}],"inLanguage":"sk-SK"},{"@type":"Organization","@id":"https:\/\/www.eko-bio-natura.sk\/shop\/#organization","name":"EKO-BIO-NATURA BIO OBCHOD","url":"https:\/\/www.eko-bio-natura.sk\/shop\/","logo":{"@type":"ImageObject","inLanguage":"sk-SK","@id":"https:\/\/www.eko-bio-natura.sk\/shop\/#\/schema\/logo\/image\/","url":"https:\/\/www.eko-bio-natura.sk\/shop\/wp-content\/uploads\/2021\/04\/eko-bio-natura_logo.png","contentUrl":"https:\/\/www.eko-bio-natura.sk\/shop\/wp-content\/uploads\/2021\/04\/eko-bio-natura_logo.png","width":552,"height":194,"caption":"EKO-BIO-NATURA BIO OBCHOD"},"image":{"@id":"https:\/\/www.eko-bio-natura.sk\/shop\/#\/schema\/logo\/image\/"}}]}},"_links":{"self":[{"href":"https:\/\/www.eko-bio-natura.sk\/shop\/wp-json\/wp\/v2\/product\/7624","targetHints":{"allow":["GET"]}}],"collection":[{"href":"https:\/\/www.eko-bio-natura.sk\/shop\/wp-json\/wp\/v2\/product"}],"about":[{"href":"https:\/\/www.eko-bio-natura.sk\/shop\/wp-json\/wp\/v2\/types\/product"}],"replies":[{"embeddable":true,"href":"https:\/\/www.eko-bio-natura.sk\/shop\/wp-json\/wp\/v2\/comments?post=7624"}],"wp:featuredmedia":[{"embeddable":true,"href":"https:\/\/www.eko-bio-natura.sk\/shop\/wp-json\/wp\/v2\/media\/7625"}],"wp:attachment":[{"href":"https:\/\/www.eko-bio-natura.sk\/shop\/wp-json\/wp\/v2\/media?parent=7624"}],"wp:term":[{"taxonomy":"product_brand","embeddable":true,"href":"https:\/\/www.eko-bio-natura.sk\/shop\/wp-json\/wp\/v2\/product_brand?post=7624"},{"taxonomy":"product_cat","embeddable":true,"href":"https:\/\/www.eko-bio-natura.sk\/shop\/wp-json\/wp\/v2\/product_cat?post=7624"},{"taxonomy":"product_tag","embeddable":true,"href":"https:\/\/www.eko-bio-natura.sk\/shop\/wp-json\/wp\/v2\/product_tag?post=7624"}],"curies":[{"name":"wp","href":"https:\/\/api.w.org\/{rel}","templated":true}]}}