{"id":7622,"date":"2021-12-28T18:15:08","date_gmt":"2021-12-28T17:15:08","guid":{"rendered":"https:\/\/www.eko-bio-natura.sk\/shop\/index.php\/produkt\/prirodny-chlorofyl-dietmarket-500-ml\/"},"modified":"2022-05-04T16:41:06","modified_gmt":"2022-05-04T14:41:06","slug":"prirodny-chlorofyl-dietmarket-500-ml","status":"publish","type":"product","link":"https:\/\/www.eko-bio-natura.sk\/shop\/produkt\/prirodny-chlorofyl-dietmarket-500-ml\/","title":{"rendered":"Pr\u00edrodn\u00fd chlorofyl &#8211; Dietmarket &#8211; 500 ml"},"content":{"rendered":"<p><meta charset=\"utf-8\" \/><span style=\"font-family: verdana, geneva; font-size: 12pt;\">Chlorofyl je tmavo-zelen\u00e9 farbivo, ktor\u00e9 obsahuj\u00fa v\u0161etky zelen\u00e9 rastliny.&nbsp;<meta charset=\"utf-8\" \/>N\u00e1\u0161mu telu poskytuje <strong>antioxida\u010dn\u00e9 l\u00e1tky<\/strong>, ktor\u00e9 sa v s\u00fa\u010dasnosti prezentuj\u00fa ako l\u00e1tky predl\u017euj\u00face \u017eivot a nevyhnutn\u00e9 pre o\u010distu organizmu a jeho spr\u00e1vne fungovanie. \u010ealej n\u00e1m chlorofyl pon\u00faka <strong>vitam\u00edny<\/strong> ako vitam\u00edn K a C, kyselinu listov\u00fa a l\u00e1tky ako je \u017eelezo, hor\u010d\u00edk, v\u00e1pnik alebo aj bielkoviny.&nbsp;<\/span><\/p>\n<p><span style=\"font-family: verdana, geneva; font-size: 12pt;\"><strong>\u00da\u010dinky chlorofylu:<\/strong><\/span><\/p>\n<p><span style=\"font-family: verdana, geneva; font-size: 12pt;\"><meta charset=\"utf-8\" \/><\/span><\/p>\n<ul>\n<li><span style=\"font-family: verdana, geneva; font-size: 12pt;\">Pom\u00e1ha zlep\u0161ova\u0165 prenos kysl\u00edka v tele<\/span><\/li>\n<li><span style=\"font-family: verdana, geneva; font-size: 12pt;\">Dod\u00e1va energiu<\/span><\/li>\n<li><span style=\"font-family: verdana, geneva; font-size: 12pt;\">P\u00f4sob\u00ed antioxida\u010dne<\/span><\/li>\n<li><span style=\"font-family: verdana, geneva; font-size: 12pt;\">M\u00e1 antiseptick\u00e9 a protiz\u00e1palov\u00e9 \u00fa\u010dinky<\/span><\/li>\n<li><span style=\"font-family: verdana, geneva; font-size: 12pt;\">Podporuje krvn\u00fd obeh<\/span><\/li>\n<li><span style=\"font-family: verdana, geneva; font-size: 12pt;\">Pozit\u00edvne ovplyv\u0148uje tr\u00e1venie<\/span><\/li>\n<li><span style=\"font-family: verdana, geneva; font-size: 12pt;\">Pom\u00e1ha lep\u0161iemu dychu<\/span><\/li>\n<li><span style=\"font-family: verdana, geneva; font-size: 12pt;\">Pom\u00e1ha s prekyslen\u00edm organizmu<\/span><\/li>\n<li><span style=\"font-family: verdana, geneva; font-size: 12pt;\">Chr\u00e1ni vn\u00fatorn\u00e9 org\u00e1ny<\/span><\/li>\n<li><span style=\"font-family: verdana, geneva; font-size: 12pt;\">Pom\u00e1ha predch\u00e1dza\u0165 hromadeniu \u0161kodliv\u00edn v tele<\/span><\/li>\n<\/ul>\n<p><meta charset=\"UTF-8\" \/><span style=\"font-family: verdana, geneva; font-size: 12pt;\"><strong>Pou\u017eitie:&nbsp;<\/strong> 10-15 ml chlorofylu zriedi\u0165 v 200 ml vody. Pred pou\u017eit\u00edm f\u013ea\u0161u pretrepte!<\/span><\/p>\n<p><span style=\"font-family: verdana, geneva; font-size: 12pt;\"><meta charset=\"UTF-8\" \/><span><strong>Upozornenia:<\/strong> Produkt nepou\u017e\u00edvajte pri individu\u00e1lnej nezn\u00e1\u0161anlivosti na jednotliv\u00e9 zlo\u017eky, po\u010das tehotenstva a doj\u010denia. Nevhodn\u00e9 pre deti.<\/span><\/span><\/p>\n<p><span style=\"font-size: 12pt;\"><span style=\"font-family: verdana, geneva;\"><img decoding=\"async\" src=\"\/user\/documents\/upload\/mceclip0-15.png?1611240946\" \/><\/span><\/span><\/p>\n<p><span style=\"font-family: verdana, geneva; font-size: 12pt;\"><\/span><span style=\"font-family: verdana, geneva; font-size: 12pt;\"><strong>Objem:&nbsp;<\/strong>500 ml<\/span><\/p>\n<p><span style=\"font-family: verdana, geneva; font-size: 12pt;\"><strong>Krajina p\u00f4vodu:&nbsp;<\/strong>Rusko<\/span><\/p>\n","protected":false},"excerpt":{"rendered":"<p>Chlorofyl je tmavo-zelen\u00e9 farbivo, ktor\u00e9 obsahuj\u00fa v\u0161etky zelen\u00e9 rastliny.&nbsp;N\u00e1\u0161mu telu poskytuje antioxida\u010dn\u00e9 l\u00e1tky, ktor\u00e9 sa v s\u00fa\u010dasnosti prezentuj\u00fa ako l\u00e1tky predl\u017euj\u00face \u017eivot a nevyhnutn\u00e9 pre o\u010distu organizmu a jeho spr\u00e1vne fungovanie. \u010ealej n\u00e1m chlorofyl pon\u00faka vitam\u00edny ako vitam\u00edn K a C, kyselinu listov\u00fa a l\u00e1tky ako je \u017eelezo, hor\u010d\u00edk, v\u00e1pnik alebo aj bielkoviny.&nbsp; \u00da\u010dinky chlorofylu: [&hellip;]<\/p>\n","protected":false},"featured_media":7623,"comment_status":"open","ping_status":"open","template":"","meta":{"site-sidebar-layout":"default","site-content-layout":"","ast-site-content-layout":"default","site-content-style":"default","site-sidebar-style":"default","ast-global-header-display":"","ast-banner-title-visibility":"","ast-main-header-display":"","ast-hfb-above-header-display":"","ast-hfb-below-header-display":"","ast-hfb-mobile-header-display":"","site-post-title":"","ast-breadcrumbs-content":"","ast-featured-img":"","footer-sml-layout":"","ast-disable-related-posts":"","theme-transparent-header-meta":"","adv-header-id-meta":"","stick-header-meta":"","header-above-stick-meta":"","header-main-stick-meta":"","header-below-stick-meta":"","astra-migrate-meta-layouts":"default","ast-page-background-enabled":"default","ast-page-background-meta":{"desktop":{"background-color":"","background-image":"","background-repeat":"repeat","background-position":"center center","background-size":"auto","background-attachment":"scroll","background-type":"","background-media":"","overlay-type":"","overlay-color":"","overlay-opacity":"","overlay-gradient":""},"tablet":{"background-color":"","background-image":"","background-repeat":"repeat","background-position":"center center","background-size":"auto","background-attachment":"scroll","background-type":"","background-media":"","overlay-type":"","overlay-color":"","overlay-opacity":"","overlay-gradient":""},"mobile":{"background-color":"","background-image":"","background-repeat":"repeat","background-position":"center center","background-size":"auto","background-attachment":"scroll","background-type":"","background-media":"","overlay-type":"","overlay-color":"","overlay-opacity":"","overlay-gradient":""}},"ast-content-background-meta":{"desktop":{"background-color":"var(--ast-global-color-5)","background-image":"","background-repeat":"repeat","background-position":"center center","background-size":"auto","background-attachment":"scroll","background-type":"","background-media":"","overlay-type":"","overlay-color":"","overlay-opacity":"","overlay-gradient":""},"tablet":{"background-color":"var(--ast-global-color-5)","background-image":"","background-repeat":"repeat","background-position":"center center","background-size":"auto","background-attachment":"scroll","background-type":"","background-media":"","overlay-type":"","overlay-color":"","overlay-opacity":"","overlay-gradient":""},"mobile":{"background-color":"var(--ast-global-color-5)","background-image":"","background-repeat":"repeat","background-position":"center center","background-size":"auto","background-attachment":"scroll","background-type":"","background-media":"","overlay-type":"","overlay-color":"","overlay-opacity":"","overlay-gradient":""}}},"product_brand":[],"product_cat":[208],"product_tag":[],"class_list":{"0":"post-7622","1":"product","2":"type-product","3":"status-publish","4":"has-post-thumbnail","6":"product_cat-traviaca-sustava","7":"pa_cena-dopravy-367","8":"pa_doprava-zasilkovna","9":"pa_ean-918","10":"pa_typ-partnersky-predaj","11":"pa_znacka-dietmarket","12":"desktop-align-left","13":"tablet-align-left","14":"mobile-align-left","16":"first","17":"instock","18":"product-type-external"},"yoast_head":"<!-- This site is optimized with the Yoast SEO plugin v27.2 - https:\/\/yoast.com\/product\/yoast-seo-wordpress\/ -->\n<title>Pr\u00edrodn\u00fd chlorofyl - Dietmarket - 500 ml - EKO-BIO-NATURA BIO OBCHOD<\/title>\n<meta name=\"robots\" content=\"index, follow, max-snippet:-1, max-image-preview:large, max-video-preview:-1\" \/>\n<link rel=\"canonical\" href=\"https:\/\/www.eko-bio-natura.sk\/shop\/produkt\/prirodny-chlorofyl-dietmarket-500-ml\/\" \/>\n<meta property=\"og:locale\" content=\"sk_SK\" \/>\n<meta property=\"og:type\" content=\"article\" \/>\n<meta property=\"og:title\" content=\"Pr\u00edrodn\u00fd chlorofyl - Dietmarket - 500 ml - EKO-BIO-NATURA BIO OBCHOD\" \/>\n<meta property=\"og:description\" content=\"Chlorofyl je tmavo-zelen\u00e9 farbivo, ktor\u00e9 obsahuj\u00fa v\u0161etky zelen\u00e9 rastliny.&nbsp;N\u00e1\u0161mu telu poskytuje antioxida\u010dn\u00e9 l\u00e1tky, ktor\u00e9 sa v s\u00fa\u010dasnosti prezentuj\u00fa ako l\u00e1tky predl\u017euj\u00face \u017eivot a nevyhnutn\u00e9 pre o\u010distu organizmu a jeho spr\u00e1vne fungovanie. \u010ealej n\u00e1m chlorofyl pon\u00faka vitam\u00edny ako vitam\u00edn K a C, kyselinu listov\u00fa a l\u00e1tky ako je \u017eelezo, hor\u010d\u00edk, v\u00e1pnik alebo aj bielkoviny.&nbsp; \u00da\u010dinky chlorofylu: [&hellip;]\" \/>\n<meta property=\"og:url\" content=\"https:\/\/www.eko-bio-natura.sk\/shop\/produkt\/prirodny-chlorofyl-dietmarket-500-ml\/\" \/>\n<meta property=\"og:site_name\" content=\"EKO-BIO-NATURA BIO OBCHOD\" \/>\n<meta property=\"article:modified_time\" content=\"2022-05-04T14:41:06+00:00\" \/>\n<meta property=\"og:image\" content=\"https:\/\/www.eko-bio-natura.sk\/shop\/wp-content\/uploads\/2021\/12\/13529_hlor-7c2da2fe52233f0ca1555c5d4b6ceac8.png\" \/>\n\t<meta property=\"og:image:width\" content=\"600\" \/>\n\t<meta property=\"og:image:height\" content=\"600\" \/>\n\t<meta property=\"og:image:type\" content=\"image\/png\" \/>\n<meta name=\"twitter:card\" content=\"summary_large_image\" \/>\n<meta name=\"twitter:label1\" content=\"Predpokladan\u00fd \u010das \u010d\u00edtania\" \/>\n\t<meta name=\"twitter:data1\" content=\"1 min\u00fata\" \/>\n<script type=\"application\/ld+json\" class=\"yoast-schema-graph\">{\"@context\":\"https:\/\/schema.org\",\"@graph\":[{\"@type\":\"WebPage\",\"@id\":\"https:\/\/www.eko-bio-natura.sk\/shop\/produkt\/prirodny-chlorofyl-dietmarket-500-ml\/\",\"url\":\"https:\/\/www.eko-bio-natura.sk\/shop\/produkt\/prirodny-chlorofyl-dietmarket-500-ml\/\",\"name\":\"Pr\u00edrodn\u00fd chlorofyl - Dietmarket - 500 ml - EKO-BIO-NATURA BIO OBCHOD\",\"isPartOf\":{\"@id\":\"https:\/\/www.eko-bio-natura.sk\/shop\/#website\"},\"primaryImageOfPage\":{\"@id\":\"https:\/\/www.eko-bio-natura.sk\/shop\/produkt\/prirodny-chlorofyl-dietmarket-500-ml\/#primaryimage\"},\"image\":{\"@id\":\"https:\/\/www.eko-bio-natura.sk\/shop\/produkt\/prirodny-chlorofyl-dietmarket-500-ml\/#primaryimage\"},\"thumbnailUrl\":\"https:\/\/www.eko-bio-natura.sk\/shop\/wp-content\/uploads\/2021\/12\/13529_hlor-7c2da2fe52233f0ca1555c5d4b6ceac8.png\",\"datePublished\":\"2021-12-28T17:15:08+00:00\",\"dateModified\":\"2022-05-04T14:41:06+00:00\",\"breadcrumb\":{\"@id\":\"https:\/\/www.eko-bio-natura.sk\/shop\/produkt\/prirodny-chlorofyl-dietmarket-500-ml\/#breadcrumb\"},\"inLanguage\":\"sk-SK\",\"potentialAction\":[{\"@type\":\"ReadAction\",\"target\":[\"https:\/\/www.eko-bio-natura.sk\/shop\/produkt\/prirodny-chlorofyl-dietmarket-500-ml\/\"]}]},{\"@type\":\"ImageObject\",\"inLanguage\":\"sk-SK\",\"@id\":\"https:\/\/www.eko-bio-natura.sk\/shop\/produkt\/prirodny-chlorofyl-dietmarket-500-ml\/#primaryimage\",\"url\":\"https:\/\/www.eko-bio-natura.sk\/shop\/wp-content\/uploads\/2021\/12\/13529_hlor-7c2da2fe52233f0ca1555c5d4b6ceac8.png\",\"contentUrl\":\"https:\/\/www.eko-bio-natura.sk\/shop\/wp-content\/uploads\/2021\/12\/13529_hlor-7c2da2fe52233f0ca1555c5d4b6ceac8.png\",\"width\":600,\"height\":600},{\"@type\":\"BreadcrumbList\",\"@id\":\"https:\/\/www.eko-bio-natura.sk\/shop\/produkt\/prirodny-chlorofyl-dietmarket-500-ml\/#breadcrumb\",\"itemListElement\":[{\"@type\":\"ListItem\",\"position\":1,\"name\":\"Domovsk\u00e1 str\u00e1nka\",\"item\":\"https:\/\/www.eko-bio-natura.sk\/shop\/\"},{\"@type\":\"ListItem\",\"position\":2,\"name\":\"Obchod\",\"item\":\"https:\/\/www.eko-bio-natura.sk\/shop\/?page_id=6\"},{\"@type\":\"ListItem\",\"position\":3,\"name\":\"Pr\u00edrodn\u00fd chlorofyl &#8211; Dietmarket &#8211; 500 ml\"}]},{\"@type\":\"WebSite\",\"@id\":\"https:\/\/www.eko-bio-natura.sk\/shop\/#website\",\"url\":\"https:\/\/www.eko-bio-natura.sk\/shop\/\",\"name\":\"EKO-BIO-NATURA BIO OBCHOD\",\"description\":\"\",\"publisher\":{\"@id\":\"https:\/\/www.eko-bio-natura.sk\/shop\/#organization\"},\"potentialAction\":[{\"@type\":\"SearchAction\",\"target\":{\"@type\":\"EntryPoint\",\"urlTemplate\":\"https:\/\/www.eko-bio-natura.sk\/shop\/?s={search_term_string}\"},\"query-input\":{\"@type\":\"PropertyValueSpecification\",\"valueRequired\":true,\"valueName\":\"search_term_string\"}}],\"inLanguage\":\"sk-SK\"},{\"@type\":\"Organization\",\"@id\":\"https:\/\/www.eko-bio-natura.sk\/shop\/#organization\",\"name\":\"EKO-BIO-NATURA BIO OBCHOD\",\"url\":\"https:\/\/www.eko-bio-natura.sk\/shop\/\",\"logo\":{\"@type\":\"ImageObject\",\"inLanguage\":\"sk-SK\",\"@id\":\"https:\/\/www.eko-bio-natura.sk\/shop\/#\/schema\/logo\/image\/\",\"url\":\"https:\/\/www.eko-bio-natura.sk\/shop\/wp-content\/uploads\/2021\/04\/eko-bio-natura_logo.png\",\"contentUrl\":\"https:\/\/www.eko-bio-natura.sk\/shop\/wp-content\/uploads\/2021\/04\/eko-bio-natura_logo.png\",\"width\":552,\"height\":194,\"caption\":\"EKO-BIO-NATURA BIO OBCHOD\"},\"image\":{\"@id\":\"https:\/\/www.eko-bio-natura.sk\/shop\/#\/schema\/logo\/image\/\"}}]}<\/script>\n<!-- \/ Yoast SEO plugin. -->","yoast_head_json":{"title":"Pr\u00edrodn\u00fd chlorofyl - Dietmarket - 500 ml - EKO-BIO-NATURA BIO OBCHOD","robots":{"index":"index","follow":"follow","max-snippet":"max-snippet:-1","max-image-preview":"max-image-preview:large","max-video-preview":"max-video-preview:-1"},"canonical":"https:\/\/www.eko-bio-natura.sk\/shop\/produkt\/prirodny-chlorofyl-dietmarket-500-ml\/","og_locale":"sk_SK","og_type":"article","og_title":"Pr\u00edrodn\u00fd chlorofyl - Dietmarket - 500 ml - EKO-BIO-NATURA BIO OBCHOD","og_description":"Chlorofyl je tmavo-zelen\u00e9 farbivo, ktor\u00e9 obsahuj\u00fa v\u0161etky zelen\u00e9 rastliny.&nbsp;N\u00e1\u0161mu telu poskytuje antioxida\u010dn\u00e9 l\u00e1tky, ktor\u00e9 sa v s\u00fa\u010dasnosti prezentuj\u00fa ako l\u00e1tky predl\u017euj\u00face \u017eivot a nevyhnutn\u00e9 pre o\u010distu organizmu a jeho spr\u00e1vne fungovanie. \u010ealej n\u00e1m chlorofyl pon\u00faka vitam\u00edny ako vitam\u00edn K a C, kyselinu listov\u00fa a l\u00e1tky ako je \u017eelezo, hor\u010d\u00edk, v\u00e1pnik alebo aj bielkoviny.&nbsp; \u00da\u010dinky chlorofylu: [&hellip;]","og_url":"https:\/\/www.eko-bio-natura.sk\/shop\/produkt\/prirodny-chlorofyl-dietmarket-500-ml\/","og_site_name":"EKO-BIO-NATURA BIO OBCHOD","article_modified_time":"2022-05-04T14:41:06+00:00","og_image":[{"width":600,"height":600,"url":"https:\/\/www.eko-bio-natura.sk\/shop\/wp-content\/uploads\/2021\/12\/13529_hlor-7c2da2fe52233f0ca1555c5d4b6ceac8.png","type":"image\/png"}],"twitter_card":"summary_large_image","twitter_misc":{"Predpokladan\u00fd \u010das \u010d\u00edtania":"1 min\u00fata"},"schema":{"@context":"https:\/\/schema.org","@graph":[{"@type":"WebPage","@id":"https:\/\/www.eko-bio-natura.sk\/shop\/produkt\/prirodny-chlorofyl-dietmarket-500-ml\/","url":"https:\/\/www.eko-bio-natura.sk\/shop\/produkt\/prirodny-chlorofyl-dietmarket-500-ml\/","name":"Pr\u00edrodn\u00fd chlorofyl - Dietmarket - 500 ml - EKO-BIO-NATURA BIO OBCHOD","isPartOf":{"@id":"https:\/\/www.eko-bio-natura.sk\/shop\/#website"},"primaryImageOfPage":{"@id":"https:\/\/www.eko-bio-natura.sk\/shop\/produkt\/prirodny-chlorofyl-dietmarket-500-ml\/#primaryimage"},"image":{"@id":"https:\/\/www.eko-bio-natura.sk\/shop\/produkt\/prirodny-chlorofyl-dietmarket-500-ml\/#primaryimage"},"thumbnailUrl":"https:\/\/www.eko-bio-natura.sk\/shop\/wp-content\/uploads\/2021\/12\/13529_hlor-7c2da2fe52233f0ca1555c5d4b6ceac8.png","datePublished":"2021-12-28T17:15:08+00:00","dateModified":"2022-05-04T14:41:06+00:00","breadcrumb":{"@id":"https:\/\/www.eko-bio-natura.sk\/shop\/produkt\/prirodny-chlorofyl-dietmarket-500-ml\/#breadcrumb"},"inLanguage":"sk-SK","potentialAction":[{"@type":"ReadAction","target":["https:\/\/www.eko-bio-natura.sk\/shop\/produkt\/prirodny-chlorofyl-dietmarket-500-ml\/"]}]},{"@type":"ImageObject","inLanguage":"sk-SK","@id":"https:\/\/www.eko-bio-natura.sk\/shop\/produkt\/prirodny-chlorofyl-dietmarket-500-ml\/#primaryimage","url":"https:\/\/www.eko-bio-natura.sk\/shop\/wp-content\/uploads\/2021\/12\/13529_hlor-7c2da2fe52233f0ca1555c5d4b6ceac8.png","contentUrl":"https:\/\/www.eko-bio-natura.sk\/shop\/wp-content\/uploads\/2021\/12\/13529_hlor-7c2da2fe52233f0ca1555c5d4b6ceac8.png","width":600,"height":600},{"@type":"BreadcrumbList","@id":"https:\/\/www.eko-bio-natura.sk\/shop\/produkt\/prirodny-chlorofyl-dietmarket-500-ml\/#breadcrumb","itemListElement":[{"@type":"ListItem","position":1,"name":"Domovsk\u00e1 str\u00e1nka","item":"https:\/\/www.eko-bio-natura.sk\/shop\/"},{"@type":"ListItem","position":2,"name":"Obchod","item":"https:\/\/www.eko-bio-natura.sk\/shop\/?page_id=6"},{"@type":"ListItem","position":3,"name":"Pr\u00edrodn\u00fd chlorofyl &#8211; Dietmarket &#8211; 500 ml"}]},{"@type":"WebSite","@id":"https:\/\/www.eko-bio-natura.sk\/shop\/#website","url":"https:\/\/www.eko-bio-natura.sk\/shop\/","name":"EKO-BIO-NATURA BIO OBCHOD","description":"","publisher":{"@id":"https:\/\/www.eko-bio-natura.sk\/shop\/#organization"},"potentialAction":[{"@type":"SearchAction","target":{"@type":"EntryPoint","urlTemplate":"https:\/\/www.eko-bio-natura.sk\/shop\/?s={search_term_string}"},"query-input":{"@type":"PropertyValueSpecification","valueRequired":true,"valueName":"search_term_string"}}],"inLanguage":"sk-SK"},{"@type":"Organization","@id":"https:\/\/www.eko-bio-natura.sk\/shop\/#organization","name":"EKO-BIO-NATURA BIO OBCHOD","url":"https:\/\/www.eko-bio-natura.sk\/shop\/","logo":{"@type":"ImageObject","inLanguage":"sk-SK","@id":"https:\/\/www.eko-bio-natura.sk\/shop\/#\/schema\/logo\/image\/","url":"https:\/\/www.eko-bio-natura.sk\/shop\/wp-content\/uploads\/2021\/04\/eko-bio-natura_logo.png","contentUrl":"https:\/\/www.eko-bio-natura.sk\/shop\/wp-content\/uploads\/2021\/04\/eko-bio-natura_logo.png","width":552,"height":194,"caption":"EKO-BIO-NATURA BIO OBCHOD"},"image":{"@id":"https:\/\/www.eko-bio-natura.sk\/shop\/#\/schema\/logo\/image\/"}}]}},"_links":{"self":[{"href":"https:\/\/www.eko-bio-natura.sk\/shop\/wp-json\/wp\/v2\/product\/7622","targetHints":{"allow":["GET"]}}],"collection":[{"href":"https:\/\/www.eko-bio-natura.sk\/shop\/wp-json\/wp\/v2\/product"}],"about":[{"href":"https:\/\/www.eko-bio-natura.sk\/shop\/wp-json\/wp\/v2\/types\/product"}],"replies":[{"embeddable":true,"href":"https:\/\/www.eko-bio-natura.sk\/shop\/wp-json\/wp\/v2\/comments?post=7622"}],"wp:featuredmedia":[{"embeddable":true,"href":"https:\/\/www.eko-bio-natura.sk\/shop\/wp-json\/wp\/v2\/media\/7623"}],"wp:attachment":[{"href":"https:\/\/www.eko-bio-natura.sk\/shop\/wp-json\/wp\/v2\/media?parent=7622"}],"wp:term":[{"taxonomy":"product_brand","embeddable":true,"href":"https:\/\/www.eko-bio-natura.sk\/shop\/wp-json\/wp\/v2\/product_brand?post=7622"},{"taxonomy":"product_cat","embeddable":true,"href":"https:\/\/www.eko-bio-natura.sk\/shop\/wp-json\/wp\/v2\/product_cat?post=7622"},{"taxonomy":"product_tag","embeddable":true,"href":"https:\/\/www.eko-bio-natura.sk\/shop\/wp-json\/wp\/v2\/product_tag?post=7622"}],"curies":[{"name":"wp","href":"https:\/\/api.w.org\/{rel}","templated":true}]}}