{"id":7618,"date":"2021-12-28T18:15:08","date_gmt":"2021-12-28T17:15:08","guid":{"rendered":"https:\/\/www.eko-bio-natura.sk\/shop\/index.php\/produkt\/exktrakt-zo-srdcovnika-obycajneho-vifiteh-30-tabliet\/"},"modified":"2021-12-28T18:15:13","modified_gmt":"2021-12-28T17:15:13","slug":"exktrakt-zo-srdcovnika-obycajneho-vifiteh-30-tabliet","status":"publish","type":"product","link":"https:\/\/www.eko-bio-natura.sk\/shop\/produkt\/exktrakt-zo-srdcovnika-obycajneho-vifiteh-30-tabliet\/","title":{"rendered":"Exktrakt zo srdcovn\u00edka oby\u010dajn\u00e9ho &#8211; Vifiteh &#8211; 30 tabliet"},"content":{"rendered":"<p><span style=\"font-family: verdana, geneva; font-size: 12pt;\">Srdcovn\u00edk oby\u010dajn\u00fd je bylina, ktor\u00e1 priaznivo p\u00f4sob\u00ed na <strong>kardiovaskul\u00e1rny syst\u00e9m<\/strong>. M\u00e1 v\u0161ak svoj v\u00fdznam aj pri probl\u00e9moch e<strong>rekcie, ochoren\u00ed prostraty<\/strong>&nbsp; a podporuje <strong>spr\u00e1vnu funkciu maternice<\/strong>. M\u00e1 upokojuj\u00face \u00fa\u010dinky na <strong>nervov\u00fd syst\u00e9m<\/strong> a <strong>zmier\u0148uje nap\u00e4tie a stres<\/strong>. Svojimi skvel\u00fdmi vlastnos\u0165ami dopom\u00e1ha aj k <strong>spr\u00e1vnej funkcii prostraty<\/strong> a hovor\u00ed sa, \u017ee je liekom na neplodnos\u0165.<\/span><\/p>\n<p><span style=\"font-family: verdana, geneva; font-size: 12pt;\"><meta charset=\"utf-8\" \/><span><strong>Pou\u017eitie:<\/strong> Dospel\u00ed 1 tabletku 2x denne hodinu pred jedlom. <\/span><\/span><\/p>\n<p><span style=\"font-family: verdana, geneva; font-size: 12pt;\"><span><strong>Upozornenia:<\/strong> Produkt nepou\u017e\u00edvajte pri individu\u00e1lnej nezn\u00e1\u0161anlivosti na jednotliv\u00e9 zlo\u017eky, po\u010das tehotenstva a doj\u010denia. Nevhodn\u00e9 pre deti.<\/span><\/span><span style=\"font-size: 12pt;\"><strong><span style=\"font-family: verdana, geneva;\"><img fetchpriority=\"high\" decoding=\"async\" src=\"\/user\/documents\/upload\/mceclip0-9.png?1611188131\" width=\"1079\" height=\"72\" \/><\/span><\/strong><\/span><\/p>\n<p><span style=\"font-size: 12pt;\"><span style=\"font-family: verdana, geneva;\"><strong>Obsah:<\/strong> 30 tabliet<\/span><\/span><\/p>\n<p><span style=\"font-size: 12pt;\"><span style=\"font-family: verdana, geneva;\"><strong>Krajina p\u00f4vodu:<\/strong> Rusko<\/span><\/span><\/p>\n<p><meta charset=\"utf-8\" \/><\/p>\n<p>&nbsp;<\/p>\n","protected":false},"excerpt":{"rendered":"<p>Srdcovn\u00edk oby\u010dajn\u00fd je bylina, ktor\u00e1 priaznivo p\u00f4sob\u00ed na kardiovaskul\u00e1rny syst\u00e9m. M\u00e1 v\u0161ak svoj v\u00fdznam aj pri probl\u00e9moch erekcie, ochoren\u00ed prostraty&nbsp; a podporuje spr\u00e1vnu funkciu maternice. M\u00e1 upokojuj\u00face \u00fa\u010dinky na nervov\u00fd syst\u00e9m a zmier\u0148uje nap\u00e4tie a stres. Svojimi skvel\u00fdmi vlastnos\u0165ami dopom\u00e1ha aj k spr\u00e1vnej funkcii prostraty a hovor\u00ed sa, \u017ee je liekom na neplodnos\u0165. Pou\u017eitie: Dospel\u00ed [&hellip;]<\/p>\n","protected":false},"featured_media":7619,"comment_status":"open","ping_status":"open","template":"","meta":{"site-sidebar-layout":"default","site-content-layout":"","ast-site-content-layout":"default","site-content-style":"default","site-sidebar-style":"default","ast-global-header-display":"","ast-banner-title-visibility":"","ast-main-header-display":"","ast-hfb-above-header-display":"","ast-hfb-below-header-display":"","ast-hfb-mobile-header-display":"","site-post-title":"","ast-breadcrumbs-content":"","ast-featured-img":"","footer-sml-layout":"","ast-disable-related-posts":"","theme-transparent-header-meta":"","adv-header-id-meta":"","stick-header-meta":"","header-above-stick-meta":"","header-main-stick-meta":"","header-below-stick-meta":"","astra-migrate-meta-layouts":"default","ast-page-background-enabled":"default","ast-page-background-meta":{"desktop":{"background-color":"","background-image":"","background-repeat":"repeat","background-position":"center center","background-size":"auto","background-attachment":"scroll","background-type":"","background-media":"","overlay-type":"","overlay-color":"","overlay-opacity":"","overlay-gradient":""},"tablet":{"background-color":"","background-image":"","background-repeat":"repeat","background-position":"center center","background-size":"auto","background-attachment":"scroll","background-type":"","background-media":"","overlay-type":"","overlay-color":"","overlay-opacity":"","overlay-gradient":""},"mobile":{"background-color":"","background-image":"","background-repeat":"repeat","background-position":"center center","background-size":"auto","background-attachment":"scroll","background-type":"","background-media":"","overlay-type":"","overlay-color":"","overlay-opacity":"","overlay-gradient":""}},"ast-content-background-meta":{"desktop":{"background-color":"var(--ast-global-color-5)","background-image":"","background-repeat":"repeat","background-position":"center center","background-size":"auto","background-attachment":"scroll","background-type":"","background-media":"","overlay-type":"","overlay-color":"","overlay-opacity":"","overlay-gradient":""},"tablet":{"background-color":"var(--ast-global-color-5)","background-image":"","background-repeat":"repeat","background-position":"center center","background-size":"auto","background-attachment":"scroll","background-type":"","background-media":"","overlay-type":"","overlay-color":"","overlay-opacity":"","overlay-gradient":""},"mobile":{"background-color":"var(--ast-global-color-5)","background-image":"","background-repeat":"repeat","background-position":"center center","background-size":"auto","background-attachment":"scroll","background-type":"","background-media":"","overlay-type":"","overlay-color":"","overlay-opacity":"","overlay-gradient":""}}},"product_brand":[],"product_cat":[214],"product_tag":[],"class_list":{"0":"post-7618","1":"product","2":"type-product","3":"status-publish","4":"has-post-thumbnail","6":"product_cat-plodnost-a-otehotnenie","7":"pa_cena-dopravy-367","8":"pa_doprava-zasilkovna","9":"pa_ean-915","10":"pa_typ-partnersky-predaj","11":"pa_znacka-vifiteh","12":"desktop-align-left","13":"tablet-align-left","14":"mobile-align-left","16":"first","17":"instock","18":"product-type-external"},"yoast_head":"<!-- This site is optimized with the Yoast SEO plugin v27.2 - https:\/\/yoast.com\/product\/yoast-seo-wordpress\/ -->\n<title>Exktrakt zo srdcovn\u00edka oby\u010dajn\u00e9ho - Vifiteh - 30 tabliet - EKO-BIO-NATURA BIO OBCHOD<\/title>\n<meta name=\"robots\" content=\"index, follow, max-snippet:-1, max-image-preview:large, max-video-preview:-1\" \/>\n<link rel=\"canonical\" href=\"https:\/\/www.eko-bio-natura.sk\/shop\/produkt\/exktrakt-zo-srdcovnika-obycajneho-vifiteh-30-tabliet\/\" \/>\n<meta property=\"og:locale\" content=\"sk_SK\" \/>\n<meta property=\"og:type\" content=\"article\" \/>\n<meta property=\"og:title\" content=\"Exktrakt zo srdcovn\u00edka oby\u010dajn\u00e9ho - Vifiteh - 30 tabliet - EKO-BIO-NATURA BIO OBCHOD\" \/>\n<meta property=\"og:description\" content=\"Srdcovn\u00edk oby\u010dajn\u00fd je bylina, ktor\u00e1 priaznivo p\u00f4sob\u00ed na kardiovaskul\u00e1rny syst\u00e9m. M\u00e1 v\u0161ak svoj v\u00fdznam aj pri probl\u00e9moch erekcie, ochoren\u00ed prostraty&nbsp; a podporuje spr\u00e1vnu funkciu maternice. M\u00e1 upokojuj\u00face \u00fa\u010dinky na nervov\u00fd syst\u00e9m a zmier\u0148uje nap\u00e4tie a stres. Svojimi skvel\u00fdmi vlastnos\u0165ami dopom\u00e1ha aj k spr\u00e1vnej funkcii prostraty a hovor\u00ed sa, \u017ee je liekom na neplodnos\u0165. Pou\u017eitie: Dospel\u00ed [&hellip;]\" \/>\n<meta property=\"og:url\" content=\"https:\/\/www.eko-bio-natura.sk\/shop\/produkt\/exktrakt-zo-srdcovnika-obycajneho-vifiteh-30-tabliet\/\" \/>\n<meta property=\"og:site_name\" content=\"EKO-BIO-NATURA BIO OBCHOD\" \/>\n<meta property=\"article:modified_time\" content=\"2021-12-28T17:15:13+00:00\" \/>\n<meta property=\"og:image\" content=\"https:\/\/www.eko-bio-natura.sk\/shop\/wp-content\/uploads\/2021\/12\/13517_unnamed.png\" \/>\n\t<meta property=\"og:image:width\" content=\"506\" \/>\n\t<meta property=\"og:image:height\" content=\"506\" \/>\n\t<meta property=\"og:image:type\" content=\"image\/png\" \/>\n<meta name=\"twitter:card\" content=\"summary_large_image\" \/>\n<meta name=\"twitter:label1\" content=\"Predpokladan\u00fd \u010das \u010d\u00edtania\" \/>\n\t<meta name=\"twitter:data1\" content=\"1 min\u00fata\" \/>\n<script type=\"application\/ld+json\" class=\"yoast-schema-graph\">{\"@context\":\"https:\/\/schema.org\",\"@graph\":[{\"@type\":\"WebPage\",\"@id\":\"https:\/\/www.eko-bio-natura.sk\/shop\/produkt\/exktrakt-zo-srdcovnika-obycajneho-vifiteh-30-tabliet\/\",\"url\":\"https:\/\/www.eko-bio-natura.sk\/shop\/produkt\/exktrakt-zo-srdcovnika-obycajneho-vifiteh-30-tabliet\/\",\"name\":\"Exktrakt zo srdcovn\u00edka oby\u010dajn\u00e9ho - Vifiteh - 30 tabliet - EKO-BIO-NATURA BIO OBCHOD\",\"isPartOf\":{\"@id\":\"https:\/\/www.eko-bio-natura.sk\/shop\/#website\"},\"primaryImageOfPage\":{\"@id\":\"https:\/\/www.eko-bio-natura.sk\/shop\/produkt\/exktrakt-zo-srdcovnika-obycajneho-vifiteh-30-tabliet\/#primaryimage\"},\"image\":{\"@id\":\"https:\/\/www.eko-bio-natura.sk\/shop\/produkt\/exktrakt-zo-srdcovnika-obycajneho-vifiteh-30-tabliet\/#primaryimage\"},\"thumbnailUrl\":\"https:\/\/www.eko-bio-natura.sk\/shop\/wp-content\/uploads\/2021\/12\/13517_unnamed.png\",\"datePublished\":\"2021-12-28T17:15:08+00:00\",\"dateModified\":\"2021-12-28T17:15:13+00:00\",\"breadcrumb\":{\"@id\":\"https:\/\/www.eko-bio-natura.sk\/shop\/produkt\/exktrakt-zo-srdcovnika-obycajneho-vifiteh-30-tabliet\/#breadcrumb\"},\"inLanguage\":\"sk-SK\",\"potentialAction\":[{\"@type\":\"ReadAction\",\"target\":[\"https:\/\/www.eko-bio-natura.sk\/shop\/produkt\/exktrakt-zo-srdcovnika-obycajneho-vifiteh-30-tabliet\/\"]}]},{\"@type\":\"ImageObject\",\"inLanguage\":\"sk-SK\",\"@id\":\"https:\/\/www.eko-bio-natura.sk\/shop\/produkt\/exktrakt-zo-srdcovnika-obycajneho-vifiteh-30-tabliet\/#primaryimage\",\"url\":\"https:\/\/www.eko-bio-natura.sk\/shop\/wp-content\/uploads\/2021\/12\/13517_unnamed.png\",\"contentUrl\":\"https:\/\/www.eko-bio-natura.sk\/shop\/wp-content\/uploads\/2021\/12\/13517_unnamed.png\",\"width\":506,\"height\":506},{\"@type\":\"BreadcrumbList\",\"@id\":\"https:\/\/www.eko-bio-natura.sk\/shop\/produkt\/exktrakt-zo-srdcovnika-obycajneho-vifiteh-30-tabliet\/#breadcrumb\",\"itemListElement\":[{\"@type\":\"ListItem\",\"position\":1,\"name\":\"Domovsk\u00e1 str\u00e1nka\",\"item\":\"https:\/\/www.eko-bio-natura.sk\/shop\/\"},{\"@type\":\"ListItem\",\"position\":2,\"name\":\"Obchod\",\"item\":\"https:\/\/www.eko-bio-natura.sk\/shop\/?page_id=6\"},{\"@type\":\"ListItem\",\"position\":3,\"name\":\"Exktrakt zo srdcovn\u00edka oby\u010dajn\u00e9ho &#8211; Vifiteh &#8211; 30 tabliet\"}]},{\"@type\":\"WebSite\",\"@id\":\"https:\/\/www.eko-bio-natura.sk\/shop\/#website\",\"url\":\"https:\/\/www.eko-bio-natura.sk\/shop\/\",\"name\":\"EKO-BIO-NATURA BIO OBCHOD\",\"description\":\"\",\"publisher\":{\"@id\":\"https:\/\/www.eko-bio-natura.sk\/shop\/#organization\"},\"potentialAction\":[{\"@type\":\"SearchAction\",\"target\":{\"@type\":\"EntryPoint\",\"urlTemplate\":\"https:\/\/www.eko-bio-natura.sk\/shop\/?s={search_term_string}\"},\"query-input\":{\"@type\":\"PropertyValueSpecification\",\"valueRequired\":true,\"valueName\":\"search_term_string\"}}],\"inLanguage\":\"sk-SK\"},{\"@type\":\"Organization\",\"@id\":\"https:\/\/www.eko-bio-natura.sk\/shop\/#organization\",\"name\":\"EKO-BIO-NATURA BIO OBCHOD\",\"url\":\"https:\/\/www.eko-bio-natura.sk\/shop\/\",\"logo\":{\"@type\":\"ImageObject\",\"inLanguage\":\"sk-SK\",\"@id\":\"https:\/\/www.eko-bio-natura.sk\/shop\/#\/schema\/logo\/image\/\",\"url\":\"https:\/\/www.eko-bio-natura.sk\/shop\/wp-content\/uploads\/2021\/04\/eko-bio-natura_logo.png\",\"contentUrl\":\"https:\/\/www.eko-bio-natura.sk\/shop\/wp-content\/uploads\/2021\/04\/eko-bio-natura_logo.png\",\"width\":552,\"height\":194,\"caption\":\"EKO-BIO-NATURA BIO OBCHOD\"},\"image\":{\"@id\":\"https:\/\/www.eko-bio-natura.sk\/shop\/#\/schema\/logo\/image\/\"}}]}<\/script>\n<!-- \/ Yoast SEO plugin. -->","yoast_head_json":{"title":"Exktrakt zo srdcovn\u00edka oby\u010dajn\u00e9ho - Vifiteh - 30 tabliet - EKO-BIO-NATURA BIO OBCHOD","robots":{"index":"index","follow":"follow","max-snippet":"max-snippet:-1","max-image-preview":"max-image-preview:large","max-video-preview":"max-video-preview:-1"},"canonical":"https:\/\/www.eko-bio-natura.sk\/shop\/produkt\/exktrakt-zo-srdcovnika-obycajneho-vifiteh-30-tabliet\/","og_locale":"sk_SK","og_type":"article","og_title":"Exktrakt zo srdcovn\u00edka oby\u010dajn\u00e9ho - Vifiteh - 30 tabliet - EKO-BIO-NATURA BIO OBCHOD","og_description":"Srdcovn\u00edk oby\u010dajn\u00fd je bylina, ktor\u00e1 priaznivo p\u00f4sob\u00ed na kardiovaskul\u00e1rny syst\u00e9m. M\u00e1 v\u0161ak svoj v\u00fdznam aj pri probl\u00e9moch erekcie, ochoren\u00ed prostraty&nbsp; a podporuje spr\u00e1vnu funkciu maternice. M\u00e1 upokojuj\u00face \u00fa\u010dinky na nervov\u00fd syst\u00e9m a zmier\u0148uje nap\u00e4tie a stres. Svojimi skvel\u00fdmi vlastnos\u0165ami dopom\u00e1ha aj k spr\u00e1vnej funkcii prostraty a hovor\u00ed sa, \u017ee je liekom na neplodnos\u0165. Pou\u017eitie: Dospel\u00ed [&hellip;]","og_url":"https:\/\/www.eko-bio-natura.sk\/shop\/produkt\/exktrakt-zo-srdcovnika-obycajneho-vifiteh-30-tabliet\/","og_site_name":"EKO-BIO-NATURA BIO OBCHOD","article_modified_time":"2021-12-28T17:15:13+00:00","og_image":[{"width":506,"height":506,"url":"https:\/\/www.eko-bio-natura.sk\/shop\/wp-content\/uploads\/2021\/12\/13517_unnamed.png","type":"image\/png"}],"twitter_card":"summary_large_image","twitter_misc":{"Predpokladan\u00fd \u010das \u010d\u00edtania":"1 min\u00fata"},"schema":{"@context":"https:\/\/schema.org","@graph":[{"@type":"WebPage","@id":"https:\/\/www.eko-bio-natura.sk\/shop\/produkt\/exktrakt-zo-srdcovnika-obycajneho-vifiteh-30-tabliet\/","url":"https:\/\/www.eko-bio-natura.sk\/shop\/produkt\/exktrakt-zo-srdcovnika-obycajneho-vifiteh-30-tabliet\/","name":"Exktrakt zo srdcovn\u00edka oby\u010dajn\u00e9ho - Vifiteh - 30 tabliet - EKO-BIO-NATURA BIO OBCHOD","isPartOf":{"@id":"https:\/\/www.eko-bio-natura.sk\/shop\/#website"},"primaryImageOfPage":{"@id":"https:\/\/www.eko-bio-natura.sk\/shop\/produkt\/exktrakt-zo-srdcovnika-obycajneho-vifiteh-30-tabliet\/#primaryimage"},"image":{"@id":"https:\/\/www.eko-bio-natura.sk\/shop\/produkt\/exktrakt-zo-srdcovnika-obycajneho-vifiteh-30-tabliet\/#primaryimage"},"thumbnailUrl":"https:\/\/www.eko-bio-natura.sk\/shop\/wp-content\/uploads\/2021\/12\/13517_unnamed.png","datePublished":"2021-12-28T17:15:08+00:00","dateModified":"2021-12-28T17:15:13+00:00","breadcrumb":{"@id":"https:\/\/www.eko-bio-natura.sk\/shop\/produkt\/exktrakt-zo-srdcovnika-obycajneho-vifiteh-30-tabliet\/#breadcrumb"},"inLanguage":"sk-SK","potentialAction":[{"@type":"ReadAction","target":["https:\/\/www.eko-bio-natura.sk\/shop\/produkt\/exktrakt-zo-srdcovnika-obycajneho-vifiteh-30-tabliet\/"]}]},{"@type":"ImageObject","inLanguage":"sk-SK","@id":"https:\/\/www.eko-bio-natura.sk\/shop\/produkt\/exktrakt-zo-srdcovnika-obycajneho-vifiteh-30-tabliet\/#primaryimage","url":"https:\/\/www.eko-bio-natura.sk\/shop\/wp-content\/uploads\/2021\/12\/13517_unnamed.png","contentUrl":"https:\/\/www.eko-bio-natura.sk\/shop\/wp-content\/uploads\/2021\/12\/13517_unnamed.png","width":506,"height":506},{"@type":"BreadcrumbList","@id":"https:\/\/www.eko-bio-natura.sk\/shop\/produkt\/exktrakt-zo-srdcovnika-obycajneho-vifiteh-30-tabliet\/#breadcrumb","itemListElement":[{"@type":"ListItem","position":1,"name":"Domovsk\u00e1 str\u00e1nka","item":"https:\/\/www.eko-bio-natura.sk\/shop\/"},{"@type":"ListItem","position":2,"name":"Obchod","item":"https:\/\/www.eko-bio-natura.sk\/shop\/?page_id=6"},{"@type":"ListItem","position":3,"name":"Exktrakt zo srdcovn\u00edka oby\u010dajn\u00e9ho &#8211; Vifiteh &#8211; 30 tabliet"}]},{"@type":"WebSite","@id":"https:\/\/www.eko-bio-natura.sk\/shop\/#website","url":"https:\/\/www.eko-bio-natura.sk\/shop\/","name":"EKO-BIO-NATURA BIO OBCHOD","description":"","publisher":{"@id":"https:\/\/www.eko-bio-natura.sk\/shop\/#organization"},"potentialAction":[{"@type":"SearchAction","target":{"@type":"EntryPoint","urlTemplate":"https:\/\/www.eko-bio-natura.sk\/shop\/?s={search_term_string}"},"query-input":{"@type":"PropertyValueSpecification","valueRequired":true,"valueName":"search_term_string"}}],"inLanguage":"sk-SK"},{"@type":"Organization","@id":"https:\/\/www.eko-bio-natura.sk\/shop\/#organization","name":"EKO-BIO-NATURA BIO OBCHOD","url":"https:\/\/www.eko-bio-natura.sk\/shop\/","logo":{"@type":"ImageObject","inLanguage":"sk-SK","@id":"https:\/\/www.eko-bio-natura.sk\/shop\/#\/schema\/logo\/image\/","url":"https:\/\/www.eko-bio-natura.sk\/shop\/wp-content\/uploads\/2021\/04\/eko-bio-natura_logo.png","contentUrl":"https:\/\/www.eko-bio-natura.sk\/shop\/wp-content\/uploads\/2021\/04\/eko-bio-natura_logo.png","width":552,"height":194,"caption":"EKO-BIO-NATURA BIO OBCHOD"},"image":{"@id":"https:\/\/www.eko-bio-natura.sk\/shop\/#\/schema\/logo\/image\/"}}]}},"_links":{"self":[{"href":"https:\/\/www.eko-bio-natura.sk\/shop\/wp-json\/wp\/v2\/product\/7618","targetHints":{"allow":["GET"]}}],"collection":[{"href":"https:\/\/www.eko-bio-natura.sk\/shop\/wp-json\/wp\/v2\/product"}],"about":[{"href":"https:\/\/www.eko-bio-natura.sk\/shop\/wp-json\/wp\/v2\/types\/product"}],"replies":[{"embeddable":true,"href":"https:\/\/www.eko-bio-natura.sk\/shop\/wp-json\/wp\/v2\/comments?post=7618"}],"wp:featuredmedia":[{"embeddable":true,"href":"https:\/\/www.eko-bio-natura.sk\/shop\/wp-json\/wp\/v2\/media\/7619"}],"wp:attachment":[{"href":"https:\/\/www.eko-bio-natura.sk\/shop\/wp-json\/wp\/v2\/media?parent=7618"}],"wp:term":[{"taxonomy":"product_brand","embeddable":true,"href":"https:\/\/www.eko-bio-natura.sk\/shop\/wp-json\/wp\/v2\/product_brand?post=7618"},{"taxonomy":"product_cat","embeddable":true,"href":"https:\/\/www.eko-bio-natura.sk\/shop\/wp-json\/wp\/v2\/product_cat?post=7618"},{"taxonomy":"product_tag","embeddable":true,"href":"https:\/\/www.eko-bio-natura.sk\/shop\/wp-json\/wp\/v2\/product_tag?post=7618"}],"curies":[{"name":"wp","href":"https:\/\/api.w.org\/{rel}","templated":true}]}}