{"id":7616,"date":"2021-12-28T18:15:08","date_gmt":"2021-12-28T17:15:08","guid":{"rendered":"https:\/\/www.eko-bio-natura.sk\/shop\/index.php\/produkt\/specialist-caj-senovka-grecka-90-g\/"},"modified":"2022-05-04T16:41:06","modified_gmt":"2022-05-04T14:41:06","slug":"specialist-caj-senovka-grecka-90-g","status":"publish","type":"product","link":"https:\/\/www.eko-bio-natura.sk\/shop\/produkt\/specialist-caj-senovka-grecka-90-g\/","title":{"rendered":"Specialist \u010caj Senovka gr\u00e9cka &#8211; 90 g"},"content":{"rendered":"<p><meta charset=\"utf-8\" \/><span style=\"font-family: verdana, geneva; font-size: 12pt;\"><\/span><\/p>\n<p><span style=\"font-family: verdana, geneva; font-size: 12pt;\"><meta charset=\"utf-8\" \/><span>Hrejiv\u00e9 n\u00e1poje z pr\u00edrodn\u00fdch surov\u00edn sa zrodili d\u00e1vno pred pr\u00edchodom \u010daju. Na\u0161i predkovia pripravovali \u010dajov\u00e9 zmesy z pr\u00edrodn\u00fdch surov\u00edn, v ktor\u00fdch sa mie\u0161alo najr\u00f4znej\u0161ie ovocie, semen\u00e1, korene a bylinky.&nbsp; \u010caj zo senovky gr\u00e9ckej je aromatick\u00fd vyroben\u00fd pod\u013ea tradi\u010dnej recept\u00fary. \u010caj z divok\u00e9ho p\u00edskavice osvie\u017ei v\u00e1\u0161 de\u0148 \u017eiarivou vo\u0148avou ar\u00f3mou a \u013eahkou orie\u0161kovou pr\u00edchu\u0165ou s horkou chu\u0165ou.&nbsp;<\/span><\/span><span style=\"font-family: verdana, geneva; font-size: 12pt;\">Senovka gr\u00e9cka, ostropestrec mari\u00e1nsky a semen\u00e1 kurkumy tvoria harmonick\u00fa jedine\u010dn\u00fa zmes byl\u00edn, ktor\u00e1 m\u00e1 blahod\u00e1rne \u00fa\u010dinky pre va\u0161e telo.<\/span><span style=\"font-size: 12pt;\"><span style=\"font-family: verdana, geneva;\"><\/span><\/span><\/p>\n<p><span style=\"font-size: 12pt;\"><strong><span style=\"font-family: verdana, geneva;\">Akt\u00edvne zlo\u017eky:<\/span><\/strong><\/span><\/p>\n<ul>\n<li><span style=\"font-size: 12pt;\"><strong><span style=\"font-family: verdana, geneva;\">senovka gr\u00e9cka &#8211;&nbsp;<\/span><\/strong><span style=\"font-family: verdana, geneva;\"><\/span><span style=\"font-family: verdana, geneva;\">pom\u00e1ha pri tr\u00e1ven\u00ed, zn\u00ed\u017een\u00ed hladiny krvn\u00e9ho cukru, u\u013eah\u010duje vyka\u0161lievanie<\/span><\/span><\/li>\n<li><span style=\"font-size: 12pt;\"><strong><span style=\"font-family: verdana, geneva;\">ostropestrec mari\u00e1nsky &#8211;&nbsp;<\/span><\/strong><span style=\"font-family: verdana, geneva;\">chr\u00e1ni pe\u010de\u0148, je siln\u00fdm antioxidantom, z\u00e1sobuje telo \u017eivinami<\/span><\/span><\/li>\n<li><span style=\"font-size: 12pt;\"><strong><span style=\"font-family: verdana, geneva;\">semen\u00e1 kurkumy &#8211;&nbsp;<\/span><\/strong><span style=\"font-family: verdana, geneva;\">obsahuj\u00fa vz\u00e1cne l\u00e1tky, ktor\u00e9 pom\u00e1haj\u00fa predch\u00e1dza\u0165 r\u00f4znym ochoreniam<\/span><\/span><span style=\"font-size: 12pt;\"><span style=\"font-family: verdana, geneva;\"><\/span><\/span><\/li>\n<\/ul>\n<p><span style=\"font-size: 12pt;\"><span style=\"font-family: verdana, geneva;\"><meta charset=\"utf-8\" \/><span><strong>Pou\u017eitie:<\/strong> 1 \u010dajov\u00fa ly\u017ei\u010dku zalejeme 200ml hor\u00facej vody. <\/span><\/span><\/span><\/p>\n<p><span style=\"font-size: 12pt;\"><span style=\"font-family: verdana, geneva;\"><span><strong>Upozornenia:<\/strong> Ustanoven\u00e9 odpor\u00fa\u010dan\u00e9 d\u00e1vkovanie sa nesmie prekra\u010dova\u0165. V\u00fd\u017eivov\u00fd doplnok sa nesmie pou\u017e\u00edva\u0165 ako n\u00e1hrada pestrej stravy. Skladova\u0165 mimo dosah det\u00ed. Nie je vhodn\u00e9 pre deti do 3 rokov, tehotn\u00e9 a doj\u010diace \u017eeny.<\/span><\/span><\/span><\/p>\n<p><span style=\"font-size: 12pt;\"><strong><span style=\"font-family: verdana, geneva;\">Zlo\u017eenie: <\/span><\/strong><span style=\"font-family: verdana, geneva;\">su\u0161en\u00e1 senovka gr\u00e1cka &#8211; drven\u00e1, su\u0161en\u00fd ostropestrec mari\u00e1nsky &#8211; drven\u00fd, semen\u00e1 kurkumy<\/span><span style=\"font-family: verdana, geneva;\"><\/span><\/span><\/p>\n<p><span style=\"font-size: 12pt;\"><strong><span style=\"font-family: verdana, geneva;\">Objem:&nbsp;<\/span><\/strong><span style=\"font-family: verdana, geneva;\">90g<\/span><\/span><\/p>\n<p><span style=\"font-size: 12pt;\"><strong><span style=\"font-family: verdana, geneva;\">Krajina p\u00f4voduu:&nbsp;<\/span><\/strong><span style=\"font-family: verdana, geneva;\">Rusko<\/span><\/span><\/p>\n","protected":false},"excerpt":{"rendered":"<p>Hrejiv\u00e9 n\u00e1poje z pr\u00edrodn\u00fdch surov\u00edn sa zrodili d\u00e1vno pred pr\u00edchodom \u010daju. Na\u0161i predkovia pripravovali \u010dajov\u00e9 zmesy z pr\u00edrodn\u00fdch surov\u00edn, v ktor\u00fdch sa mie\u0161alo najr\u00f4znej\u0161ie ovocie, semen\u00e1, korene a bylinky.&nbsp; \u010caj zo senovky gr\u00e9ckej je aromatick\u00fd vyroben\u00fd pod\u013ea tradi\u010dnej recept\u00fary. \u010caj z divok\u00e9ho p\u00edskavice osvie\u017ei v\u00e1\u0161 de\u0148 \u017eiarivou vo\u0148avou ar\u00f3mou a \u013eahkou orie\u0161kovou pr\u00edchu\u0165ou s horkou [&hellip;]<\/p>\n","protected":false},"featured_media":7617,"comment_status":"open","ping_status":"open","template":"","meta":{"site-sidebar-layout":"default","site-content-layout":"","ast-site-content-layout":"default","site-content-style":"default","site-sidebar-style":"default","ast-global-header-display":"","ast-banner-title-visibility":"","ast-main-header-display":"","ast-hfb-above-header-display":"","ast-hfb-below-header-display":"","ast-hfb-mobile-header-display":"","site-post-title":"","ast-breadcrumbs-content":"","ast-featured-img":"","footer-sml-layout":"","ast-disable-related-posts":"","theme-transparent-header-meta":"","adv-header-id-meta":"","stick-header-meta":"","header-above-stick-meta":"","header-main-stick-meta":"","header-below-stick-meta":"","astra-migrate-meta-layouts":"default","ast-page-background-enabled":"default","ast-page-background-meta":{"desktop":{"background-color":"","background-image":"","background-repeat":"repeat","background-position":"center center","background-size":"auto","background-attachment":"scroll","background-type":"","background-media":"","overlay-type":"","overlay-color":"","overlay-opacity":"","overlay-gradient":""},"tablet":{"background-color":"","background-image":"","background-repeat":"repeat","background-position":"center center","background-size":"auto","background-attachment":"scroll","background-type":"","background-media":"","overlay-type":"","overlay-color":"","overlay-opacity":"","overlay-gradient":""},"mobile":{"background-color":"","background-image":"","background-repeat":"repeat","background-position":"center center","background-size":"auto","background-attachment":"scroll","background-type":"","background-media":"","overlay-type":"","overlay-color":"","overlay-opacity":"","overlay-gradient":""}},"ast-content-background-meta":{"desktop":{"background-color":"var(--ast-global-color-5)","background-image":"","background-repeat":"repeat","background-position":"center center","background-size":"auto","background-attachment":"scroll","background-type":"","background-media":"","overlay-type":"","overlay-color":"","overlay-opacity":"","overlay-gradient":""},"tablet":{"background-color":"var(--ast-global-color-5)","background-image":"","background-repeat":"repeat","background-position":"center center","background-size":"auto","background-attachment":"scroll","background-type":"","background-media":"","overlay-type":"","overlay-color":"","overlay-opacity":"","overlay-gradient":""},"mobile":{"background-color":"var(--ast-global-color-5)","background-image":"","background-repeat":"repeat","background-position":"center center","background-size":"auto","background-attachment":"scroll","background-type":"","background-media":"","overlay-type":"","overlay-color":"","overlay-opacity":"","overlay-gradient":""}}},"product_brand":[],"product_cat":[71,16,172,181],"product_tag":[],"class_list":{"0":"post-7616","1":"product","2":"type-product","3":"status-publish","4":"has-post-thumbnail","6":"product_cat-alko-a-nealko-napoje","7":"product_cat-bio-potraviny","8":"product_cat-caje","9":"product_cat-caje-a-bylinky","10":"pa_cena-dopravy-367","11":"pa_doprava-zasilkovna","12":"pa_ean-914","13":"pa_typ-partnersky-predaj","14":"pa_znacka-specialist","15":"desktop-align-left","16":"tablet-align-left","17":"mobile-align-left","19":"first","20":"instock","21":"product-type-external"},"yoast_head":"<!-- This site is optimized with the Yoast SEO plugin v27.2 - https:\/\/yoast.com\/product\/yoast-seo-wordpress\/ -->\n<title>Specialist \u010caj Senovka gr\u00e9cka - 90 g - EKO-BIO-NATURA BIO OBCHOD<\/title>\n<meta name=\"robots\" content=\"index, follow, max-snippet:-1, max-image-preview:large, max-video-preview:-1\" \/>\n<link rel=\"canonical\" href=\"https:\/\/www.eko-bio-natura.sk\/shop\/produkt\/specialist-caj-senovka-grecka-90-g\/\" \/>\n<meta property=\"og:locale\" content=\"sk_SK\" \/>\n<meta property=\"og:type\" content=\"article\" \/>\n<meta property=\"og:title\" content=\"Specialist \u010caj Senovka gr\u00e9cka - 90 g - EKO-BIO-NATURA BIO OBCHOD\" \/>\n<meta property=\"og:description\" content=\"Hrejiv\u00e9 n\u00e1poje z pr\u00edrodn\u00fdch surov\u00edn sa zrodili d\u00e1vno pred pr\u00edchodom \u010daju. Na\u0161i predkovia pripravovali \u010dajov\u00e9 zmesy z pr\u00edrodn\u00fdch surov\u00edn, v ktor\u00fdch sa mie\u0161alo najr\u00f4znej\u0161ie ovocie, semen\u00e1, korene a bylinky.&nbsp; \u010caj zo senovky gr\u00e9ckej je aromatick\u00fd vyroben\u00fd pod\u013ea tradi\u010dnej recept\u00fary. \u010caj z divok\u00e9ho p\u00edskavice osvie\u017ei v\u00e1\u0161 de\u0148 \u017eiarivou vo\u0148avou ar\u00f3mou a \u013eahkou orie\u0161kovou pr\u00edchu\u0165ou s horkou [&hellip;]\" \/>\n<meta property=\"og:url\" content=\"https:\/\/www.eko-bio-natura.sk\/shop\/produkt\/specialist-caj-senovka-grecka-90-g\/\" \/>\n<meta property=\"og:site_name\" content=\"EKO-BIO-NATURA BIO OBCHOD\" \/>\n<meta property=\"article:modified_time\" content=\"2022-05-04T14:41:06+00:00\" \/>\n<meta property=\"og:image\" content=\"https:\/\/www.eko-bio-natura.sk\/shop\/wp-content\/uploads\/2021\/12\/13511_csenka.jpg\" \/>\n\t<meta property=\"og:image:width\" content=\"900\" \/>\n\t<meta property=\"og:image:height\" content=\"900\" \/>\n\t<meta property=\"og:image:type\" content=\"image\/jpeg\" \/>\n<meta name=\"twitter:card\" content=\"summary_large_image\" \/>\n<meta name=\"twitter:label1\" content=\"Predpokladan\u00fd \u010das \u010d\u00edtania\" \/>\n\t<meta name=\"twitter:data1\" content=\"1 min\u00fata\" \/>\n<script type=\"application\/ld+json\" class=\"yoast-schema-graph\">{\"@context\":\"https:\/\/schema.org\",\"@graph\":[{\"@type\":\"WebPage\",\"@id\":\"https:\/\/www.eko-bio-natura.sk\/shop\/produkt\/specialist-caj-senovka-grecka-90-g\/\",\"url\":\"https:\/\/www.eko-bio-natura.sk\/shop\/produkt\/specialist-caj-senovka-grecka-90-g\/\",\"name\":\"Specialist \u010caj Senovka gr\u00e9cka - 90 g - EKO-BIO-NATURA BIO OBCHOD\",\"isPartOf\":{\"@id\":\"https:\/\/www.eko-bio-natura.sk\/shop\/#website\"},\"primaryImageOfPage\":{\"@id\":\"https:\/\/www.eko-bio-natura.sk\/shop\/produkt\/specialist-caj-senovka-grecka-90-g\/#primaryimage\"},\"image\":{\"@id\":\"https:\/\/www.eko-bio-natura.sk\/shop\/produkt\/specialist-caj-senovka-grecka-90-g\/#primaryimage\"},\"thumbnailUrl\":\"https:\/\/www.eko-bio-natura.sk\/shop\/wp-content\/uploads\/2021\/12\/13511_csenka.jpg\",\"datePublished\":\"2021-12-28T17:15:08+00:00\",\"dateModified\":\"2022-05-04T14:41:06+00:00\",\"breadcrumb\":{\"@id\":\"https:\/\/www.eko-bio-natura.sk\/shop\/produkt\/specialist-caj-senovka-grecka-90-g\/#breadcrumb\"},\"inLanguage\":\"sk-SK\",\"potentialAction\":[{\"@type\":\"ReadAction\",\"target\":[\"https:\/\/www.eko-bio-natura.sk\/shop\/produkt\/specialist-caj-senovka-grecka-90-g\/\"]}]},{\"@type\":\"ImageObject\",\"inLanguage\":\"sk-SK\",\"@id\":\"https:\/\/www.eko-bio-natura.sk\/shop\/produkt\/specialist-caj-senovka-grecka-90-g\/#primaryimage\",\"url\":\"https:\/\/www.eko-bio-natura.sk\/shop\/wp-content\/uploads\/2021\/12\/13511_csenka.jpg\",\"contentUrl\":\"https:\/\/www.eko-bio-natura.sk\/shop\/wp-content\/uploads\/2021\/12\/13511_csenka.jpg\",\"width\":900,\"height\":900},{\"@type\":\"BreadcrumbList\",\"@id\":\"https:\/\/www.eko-bio-natura.sk\/shop\/produkt\/specialist-caj-senovka-grecka-90-g\/#breadcrumb\",\"itemListElement\":[{\"@type\":\"ListItem\",\"position\":1,\"name\":\"Domovsk\u00e1 str\u00e1nka\",\"item\":\"https:\/\/www.eko-bio-natura.sk\/shop\/\"},{\"@type\":\"ListItem\",\"position\":2,\"name\":\"Obchod\",\"item\":\"https:\/\/www.eko-bio-natura.sk\/shop\/?page_id=6\"},{\"@type\":\"ListItem\",\"position\":3,\"name\":\"Specialist \u010caj Senovka gr\u00e9cka &#8211; 90 g\"}]},{\"@type\":\"WebSite\",\"@id\":\"https:\/\/www.eko-bio-natura.sk\/shop\/#website\",\"url\":\"https:\/\/www.eko-bio-natura.sk\/shop\/\",\"name\":\"EKO-BIO-NATURA BIO OBCHOD\",\"description\":\"\",\"publisher\":{\"@id\":\"https:\/\/www.eko-bio-natura.sk\/shop\/#organization\"},\"potentialAction\":[{\"@type\":\"SearchAction\",\"target\":{\"@type\":\"EntryPoint\",\"urlTemplate\":\"https:\/\/www.eko-bio-natura.sk\/shop\/?s={search_term_string}\"},\"query-input\":{\"@type\":\"PropertyValueSpecification\",\"valueRequired\":true,\"valueName\":\"search_term_string\"}}],\"inLanguage\":\"sk-SK\"},{\"@type\":\"Organization\",\"@id\":\"https:\/\/www.eko-bio-natura.sk\/shop\/#organization\",\"name\":\"EKO-BIO-NATURA BIO OBCHOD\",\"url\":\"https:\/\/www.eko-bio-natura.sk\/shop\/\",\"logo\":{\"@type\":\"ImageObject\",\"inLanguage\":\"sk-SK\",\"@id\":\"https:\/\/www.eko-bio-natura.sk\/shop\/#\/schema\/logo\/image\/\",\"url\":\"https:\/\/www.eko-bio-natura.sk\/shop\/wp-content\/uploads\/2021\/04\/eko-bio-natura_logo.png\",\"contentUrl\":\"https:\/\/www.eko-bio-natura.sk\/shop\/wp-content\/uploads\/2021\/04\/eko-bio-natura_logo.png\",\"width\":552,\"height\":194,\"caption\":\"EKO-BIO-NATURA BIO OBCHOD\"},\"image\":{\"@id\":\"https:\/\/www.eko-bio-natura.sk\/shop\/#\/schema\/logo\/image\/\"}}]}<\/script>\n<!-- \/ Yoast SEO plugin. -->","yoast_head_json":{"title":"Specialist \u010caj Senovka gr\u00e9cka - 90 g - EKO-BIO-NATURA BIO OBCHOD","robots":{"index":"index","follow":"follow","max-snippet":"max-snippet:-1","max-image-preview":"max-image-preview:large","max-video-preview":"max-video-preview:-1"},"canonical":"https:\/\/www.eko-bio-natura.sk\/shop\/produkt\/specialist-caj-senovka-grecka-90-g\/","og_locale":"sk_SK","og_type":"article","og_title":"Specialist \u010caj Senovka gr\u00e9cka - 90 g - EKO-BIO-NATURA BIO OBCHOD","og_description":"Hrejiv\u00e9 n\u00e1poje z pr\u00edrodn\u00fdch surov\u00edn sa zrodili d\u00e1vno pred pr\u00edchodom \u010daju. Na\u0161i predkovia pripravovali \u010dajov\u00e9 zmesy z pr\u00edrodn\u00fdch surov\u00edn, v ktor\u00fdch sa mie\u0161alo najr\u00f4znej\u0161ie ovocie, semen\u00e1, korene a bylinky.&nbsp; \u010caj zo senovky gr\u00e9ckej je aromatick\u00fd vyroben\u00fd pod\u013ea tradi\u010dnej recept\u00fary. \u010caj z divok\u00e9ho p\u00edskavice osvie\u017ei v\u00e1\u0161 de\u0148 \u017eiarivou vo\u0148avou ar\u00f3mou a \u013eahkou orie\u0161kovou pr\u00edchu\u0165ou s horkou [&hellip;]","og_url":"https:\/\/www.eko-bio-natura.sk\/shop\/produkt\/specialist-caj-senovka-grecka-90-g\/","og_site_name":"EKO-BIO-NATURA BIO OBCHOD","article_modified_time":"2022-05-04T14:41:06+00:00","og_image":[{"width":900,"height":900,"url":"https:\/\/www.eko-bio-natura.sk\/shop\/wp-content\/uploads\/2021\/12\/13511_csenka.jpg","type":"image\/jpeg"}],"twitter_card":"summary_large_image","twitter_misc":{"Predpokladan\u00fd \u010das \u010d\u00edtania":"1 min\u00fata"},"schema":{"@context":"https:\/\/schema.org","@graph":[{"@type":"WebPage","@id":"https:\/\/www.eko-bio-natura.sk\/shop\/produkt\/specialist-caj-senovka-grecka-90-g\/","url":"https:\/\/www.eko-bio-natura.sk\/shop\/produkt\/specialist-caj-senovka-grecka-90-g\/","name":"Specialist \u010caj Senovka gr\u00e9cka - 90 g - EKO-BIO-NATURA BIO OBCHOD","isPartOf":{"@id":"https:\/\/www.eko-bio-natura.sk\/shop\/#website"},"primaryImageOfPage":{"@id":"https:\/\/www.eko-bio-natura.sk\/shop\/produkt\/specialist-caj-senovka-grecka-90-g\/#primaryimage"},"image":{"@id":"https:\/\/www.eko-bio-natura.sk\/shop\/produkt\/specialist-caj-senovka-grecka-90-g\/#primaryimage"},"thumbnailUrl":"https:\/\/www.eko-bio-natura.sk\/shop\/wp-content\/uploads\/2021\/12\/13511_csenka.jpg","datePublished":"2021-12-28T17:15:08+00:00","dateModified":"2022-05-04T14:41:06+00:00","breadcrumb":{"@id":"https:\/\/www.eko-bio-natura.sk\/shop\/produkt\/specialist-caj-senovka-grecka-90-g\/#breadcrumb"},"inLanguage":"sk-SK","potentialAction":[{"@type":"ReadAction","target":["https:\/\/www.eko-bio-natura.sk\/shop\/produkt\/specialist-caj-senovka-grecka-90-g\/"]}]},{"@type":"ImageObject","inLanguage":"sk-SK","@id":"https:\/\/www.eko-bio-natura.sk\/shop\/produkt\/specialist-caj-senovka-grecka-90-g\/#primaryimage","url":"https:\/\/www.eko-bio-natura.sk\/shop\/wp-content\/uploads\/2021\/12\/13511_csenka.jpg","contentUrl":"https:\/\/www.eko-bio-natura.sk\/shop\/wp-content\/uploads\/2021\/12\/13511_csenka.jpg","width":900,"height":900},{"@type":"BreadcrumbList","@id":"https:\/\/www.eko-bio-natura.sk\/shop\/produkt\/specialist-caj-senovka-grecka-90-g\/#breadcrumb","itemListElement":[{"@type":"ListItem","position":1,"name":"Domovsk\u00e1 str\u00e1nka","item":"https:\/\/www.eko-bio-natura.sk\/shop\/"},{"@type":"ListItem","position":2,"name":"Obchod","item":"https:\/\/www.eko-bio-natura.sk\/shop\/?page_id=6"},{"@type":"ListItem","position":3,"name":"Specialist \u010caj Senovka gr\u00e9cka &#8211; 90 g"}]},{"@type":"WebSite","@id":"https:\/\/www.eko-bio-natura.sk\/shop\/#website","url":"https:\/\/www.eko-bio-natura.sk\/shop\/","name":"EKO-BIO-NATURA BIO OBCHOD","description":"","publisher":{"@id":"https:\/\/www.eko-bio-natura.sk\/shop\/#organization"},"potentialAction":[{"@type":"SearchAction","target":{"@type":"EntryPoint","urlTemplate":"https:\/\/www.eko-bio-natura.sk\/shop\/?s={search_term_string}"},"query-input":{"@type":"PropertyValueSpecification","valueRequired":true,"valueName":"search_term_string"}}],"inLanguage":"sk-SK"},{"@type":"Organization","@id":"https:\/\/www.eko-bio-natura.sk\/shop\/#organization","name":"EKO-BIO-NATURA BIO OBCHOD","url":"https:\/\/www.eko-bio-natura.sk\/shop\/","logo":{"@type":"ImageObject","inLanguage":"sk-SK","@id":"https:\/\/www.eko-bio-natura.sk\/shop\/#\/schema\/logo\/image\/","url":"https:\/\/www.eko-bio-natura.sk\/shop\/wp-content\/uploads\/2021\/04\/eko-bio-natura_logo.png","contentUrl":"https:\/\/www.eko-bio-natura.sk\/shop\/wp-content\/uploads\/2021\/04\/eko-bio-natura_logo.png","width":552,"height":194,"caption":"EKO-BIO-NATURA BIO OBCHOD"},"image":{"@id":"https:\/\/www.eko-bio-natura.sk\/shop\/#\/schema\/logo\/image\/"}}]}},"_links":{"self":[{"href":"https:\/\/www.eko-bio-natura.sk\/shop\/wp-json\/wp\/v2\/product\/7616","targetHints":{"allow":["GET"]}}],"collection":[{"href":"https:\/\/www.eko-bio-natura.sk\/shop\/wp-json\/wp\/v2\/product"}],"about":[{"href":"https:\/\/www.eko-bio-natura.sk\/shop\/wp-json\/wp\/v2\/types\/product"}],"replies":[{"embeddable":true,"href":"https:\/\/www.eko-bio-natura.sk\/shop\/wp-json\/wp\/v2\/comments?post=7616"}],"wp:featuredmedia":[{"embeddable":true,"href":"https:\/\/www.eko-bio-natura.sk\/shop\/wp-json\/wp\/v2\/media\/7617"}],"wp:attachment":[{"href":"https:\/\/www.eko-bio-natura.sk\/shop\/wp-json\/wp\/v2\/media?parent=7616"}],"wp:term":[{"taxonomy":"product_brand","embeddable":true,"href":"https:\/\/www.eko-bio-natura.sk\/shop\/wp-json\/wp\/v2\/product_brand?post=7616"},{"taxonomy":"product_cat","embeddable":true,"href":"https:\/\/www.eko-bio-natura.sk\/shop\/wp-json\/wp\/v2\/product_cat?post=7616"},{"taxonomy":"product_tag","embeddable":true,"href":"https:\/\/www.eko-bio-natura.sk\/shop\/wp-json\/wp\/v2\/product_tag?post=7616"}],"curies":[{"name":"wp","href":"https:\/\/api.w.org\/{rel}","templated":true}]}}