{"id":7614,"date":"2021-12-28T18:15:08","date_gmt":"2021-12-28T17:15:08","guid":{"rendered":"https:\/\/www.eko-bio-natura.sk\/shop\/index.php\/produkt\/kava-s-cedrom-taiga-kedrolub-klasik-specialist-hmotnost-130-g\/"},"modified":"2022-05-04T16:41:05","modified_gmt":"2022-05-04T14:41:05","slug":"kava-s-cedrom-taiga-kedrolub-klasik-specialist-hmotnost-130-g","status":"publish","type":"product","link":"https:\/\/www.eko-bio-natura.sk\/shop\/produkt\/kava-s-cedrom-taiga-kedrolub-klasik-specialist-hmotnost-130-g\/","title":{"rendered":"K\u00e1va s c\u00e9drom \u201cTaiga Kedrolub\u201d  &#8211; klasik &#8211; Specialist Hmotnos\u0165: 130 g"},"content":{"rendered":"<p><meta charset=\"utf-8\" \/><span style=\"font-family: verdana, geneva; font-size: 12pt;\">K\u00e1va &#8222;Taiga kedrolub&#8220; je<span>&nbsp;ako sp\u00f4sob \u017eivota, pokia\u013e ide o l\u00e1sku k horkastej k\u00e1vovej chuti a l\u00e1kavej ar\u00f3my. V staroveku bolo medzi severn\u00fdm a ju\u017en\u00fdm n\u00e1rodom Sib\u00edri zvykom d\u00f4verova\u0165 matke pr\u00edrode a v\u010fa\u010dne prij\u00edma\u0165 jej dary, ktor\u00e9 pomohli pre\u017ei\u0165 v drsnom sib\u00edrskom podneb\u00ed. Ako jedlo sa pou\u017e\u00edvali v\u0161etky jedl\u00e9 rastliny, bobule, byliny, korene a orechy. Takto vznikol aj tento povzbudzuj\u00faci a hrejiv\u00fd n\u00e1poj z pr\u00edrodn\u00fdch surov\u00edn. Od prv\u00e9ho d\u00fa\u0161ku c\u00e9der dod\u00e1va v\u0161etku svoju \u00fa\u017easn\u00fa silu, p\u00f4sob\u00ed povzbudzuj\u00faco na na\u0161e telo, nab\u00edja n\u00e1s energiou a optimizmom.&nbsp;<\/span><\/span><\/p>\n<p><span style=\"font-size: 12pt;\"><strong><span style=\"font-family: verdana, geneva;\">Akt\u00edvne zlo\u017eky:<\/span><\/strong><\/span><span style=\"font-family: verdana, geneva; font-size: 12pt;\"><span><\/span><\/span><\/p>\n<ul>\n<li><span style=\"font-size: 12pt;\"><strong><span style=\"font-family: verdana, geneva;\"><span>Extrakt z c\u00e9drov\u00e9ho dreva &#8211; <\/span><\/span><\/strong><span style=\"font-family: verdana, geneva;\">prispieva k posilneniu imunitn\u00e9ho syst\u00e9mu, m\u00e1 priazniv\u00e9 \u00fa\u010dinky na nervov\u00fd syst\u00e9m, dodanie energie<\/span><\/span><\/li>\n<li><span style=\"font-size: 12pt;\"><span style=\"font-family: verdana, geneva;\"><meta charset=\"utf-8\" \/><span><strong>\u010cerven\u00fd kore\u0148<\/strong> &#8211; prispieva k posilneniu vitality, m\u00e1 pozit\u00edvny vplyv na na\u0161e telo, je to siln\u00fd antioxidant<\/span><\/span><\/span><\/li>\n<li><span style=\"font-size: 12pt;\"><span style=\"font-family: verdana, geneva;\"><span><meta charset=\"utf-8\" \/><strong>Chaga<\/strong> &#8211; posil\u0148uje obranyschopnos\u0165 , zr\u00fdch\u013euje metabolizmus, detoxikuje telo <\/span><\/span><\/span><\/li>\n<li><span style=\"font-size: 12pt;\"><span style=\"font-family: verdana, geneva;\"><span><strong>\u010cakanka<\/strong>&nbsp;&#8211; zlep\u0161uje proces tr\u00e1venia, pom\u00e1ha pri funkcii kardiovaskul\u00e1rneho syst\u00e9mu, zni\u017euje \u00fanavu<\/span><\/span><\/span><span style=\"font-size: 12pt;\"><span style=\"font-family: verdana, geneva;\"><span><\/span><\/span><\/span><\/li>\n<\/ul>\n<p>&nbsp;<\/p>\n<p><span style=\"font-size: 12pt;\"><span style=\"font-family: verdana, geneva;\"><span><meta charset=\"utf-8\" \/><strong>Pou\u017eitie:<\/strong> Zmie\u0161a\u0165 1 \u010dajov\u00fa ly\u017eicku so 100 ml hor\u00facej vody.<\/span><\/span><\/span><\/p>\n<p><span style=\"font-size: 12pt;\"><span style=\"font-family: verdana, geneva;\"><span><strong> Skladovanie:<\/strong> Skladova\u0165 na suchom mieste, pri izbovej teplote. <\/span><\/span><\/span><\/p>\n<p><span style=\"font-size: 12pt;\"><span style=\"font-family: verdana, geneva;\"><span><strong>Upozornenia:<\/strong> Nekonzumova\u0165 pri individu\u00e1lnej nezn\u00e1\u0161anlivosti na jednotliv\u00e9 zlo\u017eky produktu.<\/span><\/span><\/span><\/p>\n<p><span style=\"font-size: 12pt;\"><span style=\"font-family: verdana, geneva;\"><\/span><\/span><span style=\"font-size: 12pt;\"><span style=\"font-family: verdana, geneva;\"><img decoding=\"async\" src=\"\/user\/documents\/upload\/mceclip0-8.png?1611180149\" \/><\/span><\/span><\/p>\n<p><span face=\"verdana, geneva\" style=\"font-family: verdana, geneva;\"><span style=\"font-size: 16px;\"><strong>Objem:<\/strong> 85 g \/ 130 g<\/span><\/span><\/p>\n<p><span face=\"verdana, geneva\" style=\"font-family: verdana, geneva;\"><span style=\"font-size: 16px;\"><strong>Krajina p\u00f4vodu:<\/strong> Rusko<\/span><\/span><\/p>\n","protected":false},"excerpt":{"rendered":"<p>K\u00e1va &#8222;Taiga kedrolub&#8220; je&nbsp;ako sp\u00f4sob \u017eivota, pokia\u013e ide o l\u00e1sku k horkastej k\u00e1vovej chuti a l\u00e1kavej ar\u00f3my. V staroveku bolo medzi severn\u00fdm a ju\u017en\u00fdm n\u00e1rodom Sib\u00edri zvykom d\u00f4verova\u0165 matke pr\u00edrode a v\u010fa\u010dne prij\u00edma\u0165 jej dary, ktor\u00e9 pomohli pre\u017ei\u0165 v drsnom sib\u00edrskom podneb\u00ed. Ako jedlo sa pou\u017e\u00edvali v\u0161etky jedl\u00e9 rastliny, bobule, byliny, korene a orechy. Takto [&hellip;]<\/p>\n","protected":false},"featured_media":7615,"comment_status":"open","ping_status":"open","template":"","meta":{"site-sidebar-layout":"default","site-content-layout":"","ast-site-content-layout":"default","site-content-style":"default","site-sidebar-style":"default","ast-global-header-display":"","ast-banner-title-visibility":"","ast-main-header-display":"","ast-hfb-above-header-display":"","ast-hfb-below-header-display":"","ast-hfb-mobile-header-display":"","site-post-title":"","ast-breadcrumbs-content":"","ast-featured-img":"","footer-sml-layout":"","ast-disable-related-posts":"","theme-transparent-header-meta":"","adv-header-id-meta":"","stick-header-meta":"","header-above-stick-meta":"","header-main-stick-meta":"","header-below-stick-meta":"","astra-migrate-meta-layouts":"default","ast-page-background-enabled":"default","ast-page-background-meta":{"desktop":{"background-color":"","background-image":"","background-repeat":"repeat","background-position":"center center","background-size":"auto","background-attachment":"scroll","background-type":"","background-media":"","overlay-type":"","overlay-color":"","overlay-opacity":"","overlay-gradient":""},"tablet":{"background-color":"","background-image":"","background-repeat":"repeat","background-position":"center center","background-size":"auto","background-attachment":"scroll","background-type":"","background-media":"","overlay-type":"","overlay-color":"","overlay-opacity":"","overlay-gradient":""},"mobile":{"background-color":"","background-image":"","background-repeat":"repeat","background-position":"center center","background-size":"auto","background-attachment":"scroll","background-type":"","background-media":"","overlay-type":"","overlay-color":"","overlay-opacity":"","overlay-gradient":""}},"ast-content-background-meta":{"desktop":{"background-color":"var(--ast-global-color-5)","background-image":"","background-repeat":"repeat","background-position":"center center","background-size":"auto","background-attachment":"scroll","background-type":"","background-media":"","overlay-type":"","overlay-color":"","overlay-opacity":"","overlay-gradient":""},"tablet":{"background-color":"var(--ast-global-color-5)","background-image":"","background-repeat":"repeat","background-position":"center center","background-size":"auto","background-attachment":"scroll","background-type":"","background-media":"","overlay-type":"","overlay-color":"","overlay-opacity":"","overlay-gradient":""},"mobile":{"background-color":"var(--ast-global-color-5)","background-image":"","background-repeat":"repeat","background-position":"center center","background-size":"auto","background-attachment":"scroll","background-type":"","background-media":"","overlay-type":"","overlay-color":"","overlay-opacity":"","overlay-gradient":""}}},"product_brand":[],"product_cat":[71,16,173],"product_tag":[],"class_list":{"0":"post-7614","1":"product","2":"type-product","3":"status-publish","4":"has-post-thumbnail","6":"product_cat-alko-a-nealko-napoje","7":"product_cat-bio-potraviny","8":"product_cat-kava-a-kavoviny","9":"pa_cena-dopravy-367","10":"pa_doprava-zasilkovna","11":"pa_typ-partnersky-predaj","12":"pa_znacka-specialist","13":"desktop-align-left","14":"tablet-align-left","15":"mobile-align-left","17":"first","18":"instock","19":"product-type-external"},"yoast_head":"<!-- This site is optimized with the Yoast SEO plugin v27.2 - https:\/\/yoast.com\/product\/yoast-seo-wordpress\/ -->\n<title>K\u00e1va s c\u00e9drom \u201cTaiga Kedrolub\u201d - klasik - Specialist Hmotnos\u0165: 130 g - EKO-BIO-NATURA BIO OBCHOD<\/title>\n<meta name=\"robots\" content=\"index, follow, max-snippet:-1, max-image-preview:large, max-video-preview:-1\" \/>\n<link rel=\"canonical\" href=\"https:\/\/www.eko-bio-natura.sk\/shop\/produkt\/kava-s-cedrom-taiga-kedrolub-klasik-specialist-hmotnost-130-g\/\" \/>\n<meta property=\"og:locale\" content=\"sk_SK\" \/>\n<meta property=\"og:type\" content=\"article\" \/>\n<meta property=\"og:title\" content=\"K\u00e1va s c\u00e9drom \u201cTaiga Kedrolub\u201d - klasik - Specialist Hmotnos\u0165: 130 g - EKO-BIO-NATURA BIO OBCHOD\" \/>\n<meta property=\"og:description\" content=\"K\u00e1va &#8222;Taiga kedrolub&#8220; je&nbsp;ako sp\u00f4sob \u017eivota, pokia\u013e ide o l\u00e1sku k horkastej k\u00e1vovej chuti a l\u00e1kavej ar\u00f3my. V staroveku bolo medzi severn\u00fdm a ju\u017en\u00fdm n\u00e1rodom Sib\u00edri zvykom d\u00f4verova\u0165 matke pr\u00edrode a v\u010fa\u010dne prij\u00edma\u0165 jej dary, ktor\u00e9 pomohli pre\u017ei\u0165 v drsnom sib\u00edrskom podneb\u00ed. Ako jedlo sa pou\u017e\u00edvali v\u0161etky jedl\u00e9 rastliny, bobule, byliny, korene a orechy. Takto [&hellip;]\" \/>\n<meta property=\"og:url\" content=\"https:\/\/www.eko-bio-natura.sk\/shop\/produkt\/kava-s-cedrom-taiga-kedrolub-klasik-specialist-hmotnost-130-g\/\" \/>\n<meta property=\"og:site_name\" content=\"EKO-BIO-NATURA BIO OBCHOD\" \/>\n<meta property=\"article:modified_time\" content=\"2022-05-04T14:41:05+00:00\" \/>\n<meta property=\"og:image\" content=\"https:\/\/www.eko-bio-natura.sk\/shop\/wp-content\/uploads\/2021\/12\/13508-1_90cdabcf34490503f0a6a86627f8ca9f.jpg\" \/>\n\t<meta property=\"og:image:width\" content=\"1024\" \/>\n\t<meta property=\"og:image:height\" content=\"850\" \/>\n\t<meta property=\"og:image:type\" content=\"image\/jpeg\" \/>\n<meta name=\"twitter:card\" content=\"summary_large_image\" \/>\n<meta name=\"twitter:label1\" content=\"Predpokladan\u00fd \u010das \u010d\u00edtania\" \/>\n\t<meta name=\"twitter:data1\" content=\"1 min\u00fata\" \/>\n<script type=\"application\/ld+json\" class=\"yoast-schema-graph\">{\"@context\":\"https:\/\/schema.org\",\"@graph\":[{\"@type\":\"WebPage\",\"@id\":\"https:\/\/www.eko-bio-natura.sk\/shop\/produkt\/kava-s-cedrom-taiga-kedrolub-klasik-specialist-hmotnost-130-g\/\",\"url\":\"https:\/\/www.eko-bio-natura.sk\/shop\/produkt\/kava-s-cedrom-taiga-kedrolub-klasik-specialist-hmotnost-130-g\/\",\"name\":\"K\u00e1va s c\u00e9drom \u201cTaiga Kedrolub\u201d - klasik - Specialist Hmotnos\u0165: 130 g - EKO-BIO-NATURA BIO OBCHOD\",\"isPartOf\":{\"@id\":\"https:\/\/www.eko-bio-natura.sk\/shop\/#website\"},\"primaryImageOfPage\":{\"@id\":\"https:\/\/www.eko-bio-natura.sk\/shop\/produkt\/kava-s-cedrom-taiga-kedrolub-klasik-specialist-hmotnost-130-g\/#primaryimage\"},\"image\":{\"@id\":\"https:\/\/www.eko-bio-natura.sk\/shop\/produkt\/kava-s-cedrom-taiga-kedrolub-klasik-specialist-hmotnost-130-g\/#primaryimage\"},\"thumbnailUrl\":\"https:\/\/www.eko-bio-natura.sk\/shop\/wp-content\/uploads\/2021\/12\/13508-1_90cdabcf34490503f0a6a86627f8ca9f.jpg\",\"datePublished\":\"2021-12-28T17:15:08+00:00\",\"dateModified\":\"2022-05-04T14:41:05+00:00\",\"breadcrumb\":{\"@id\":\"https:\/\/www.eko-bio-natura.sk\/shop\/produkt\/kava-s-cedrom-taiga-kedrolub-klasik-specialist-hmotnost-130-g\/#breadcrumb\"},\"inLanguage\":\"sk-SK\",\"potentialAction\":[{\"@type\":\"ReadAction\",\"target\":[\"https:\/\/www.eko-bio-natura.sk\/shop\/produkt\/kava-s-cedrom-taiga-kedrolub-klasik-specialist-hmotnost-130-g\/\"]}]},{\"@type\":\"ImageObject\",\"inLanguage\":\"sk-SK\",\"@id\":\"https:\/\/www.eko-bio-natura.sk\/shop\/produkt\/kava-s-cedrom-taiga-kedrolub-klasik-specialist-hmotnost-130-g\/#primaryimage\",\"url\":\"https:\/\/www.eko-bio-natura.sk\/shop\/wp-content\/uploads\/2021\/12\/13508-1_90cdabcf34490503f0a6a86627f8ca9f.jpg\",\"contentUrl\":\"https:\/\/www.eko-bio-natura.sk\/shop\/wp-content\/uploads\/2021\/12\/13508-1_90cdabcf34490503f0a6a86627f8ca9f.jpg\",\"width\":1024,\"height\":850},{\"@type\":\"BreadcrumbList\",\"@id\":\"https:\/\/www.eko-bio-natura.sk\/shop\/produkt\/kava-s-cedrom-taiga-kedrolub-klasik-specialist-hmotnost-130-g\/#breadcrumb\",\"itemListElement\":[{\"@type\":\"ListItem\",\"position\":1,\"name\":\"Domovsk\u00e1 str\u00e1nka\",\"item\":\"https:\/\/www.eko-bio-natura.sk\/shop\/\"},{\"@type\":\"ListItem\",\"position\":2,\"name\":\"Obchod\",\"item\":\"https:\/\/www.eko-bio-natura.sk\/shop\/?page_id=6\"},{\"@type\":\"ListItem\",\"position\":3,\"name\":\"K\u00e1va s c\u00e9drom \u201cTaiga Kedrolub\u201d &#8211; klasik &#8211; Specialist Hmotnos\u0165: 130 g\"}]},{\"@type\":\"WebSite\",\"@id\":\"https:\/\/www.eko-bio-natura.sk\/shop\/#website\",\"url\":\"https:\/\/www.eko-bio-natura.sk\/shop\/\",\"name\":\"EKO-BIO-NATURA BIO OBCHOD\",\"description\":\"\",\"publisher\":{\"@id\":\"https:\/\/www.eko-bio-natura.sk\/shop\/#organization\"},\"potentialAction\":[{\"@type\":\"SearchAction\",\"target\":{\"@type\":\"EntryPoint\",\"urlTemplate\":\"https:\/\/www.eko-bio-natura.sk\/shop\/?s={search_term_string}\"},\"query-input\":{\"@type\":\"PropertyValueSpecification\",\"valueRequired\":true,\"valueName\":\"search_term_string\"}}],\"inLanguage\":\"sk-SK\"},{\"@type\":\"Organization\",\"@id\":\"https:\/\/www.eko-bio-natura.sk\/shop\/#organization\",\"name\":\"EKO-BIO-NATURA BIO OBCHOD\",\"url\":\"https:\/\/www.eko-bio-natura.sk\/shop\/\",\"logo\":{\"@type\":\"ImageObject\",\"inLanguage\":\"sk-SK\",\"@id\":\"https:\/\/www.eko-bio-natura.sk\/shop\/#\/schema\/logo\/image\/\",\"url\":\"https:\/\/www.eko-bio-natura.sk\/shop\/wp-content\/uploads\/2021\/04\/eko-bio-natura_logo.png\",\"contentUrl\":\"https:\/\/www.eko-bio-natura.sk\/shop\/wp-content\/uploads\/2021\/04\/eko-bio-natura_logo.png\",\"width\":552,\"height\":194,\"caption\":\"EKO-BIO-NATURA BIO OBCHOD\"},\"image\":{\"@id\":\"https:\/\/www.eko-bio-natura.sk\/shop\/#\/schema\/logo\/image\/\"}}]}<\/script>\n<!-- \/ Yoast SEO plugin. -->","yoast_head_json":{"title":"K\u00e1va s c\u00e9drom \u201cTaiga Kedrolub\u201d - klasik - Specialist Hmotnos\u0165: 130 g - EKO-BIO-NATURA BIO OBCHOD","robots":{"index":"index","follow":"follow","max-snippet":"max-snippet:-1","max-image-preview":"max-image-preview:large","max-video-preview":"max-video-preview:-1"},"canonical":"https:\/\/www.eko-bio-natura.sk\/shop\/produkt\/kava-s-cedrom-taiga-kedrolub-klasik-specialist-hmotnost-130-g\/","og_locale":"sk_SK","og_type":"article","og_title":"K\u00e1va s c\u00e9drom \u201cTaiga Kedrolub\u201d - klasik - Specialist Hmotnos\u0165: 130 g - EKO-BIO-NATURA BIO OBCHOD","og_description":"K\u00e1va &#8222;Taiga kedrolub&#8220; je&nbsp;ako sp\u00f4sob \u017eivota, pokia\u013e ide o l\u00e1sku k horkastej k\u00e1vovej chuti a l\u00e1kavej ar\u00f3my. V staroveku bolo medzi severn\u00fdm a ju\u017en\u00fdm n\u00e1rodom Sib\u00edri zvykom d\u00f4verova\u0165 matke pr\u00edrode a v\u010fa\u010dne prij\u00edma\u0165 jej dary, ktor\u00e9 pomohli pre\u017ei\u0165 v drsnom sib\u00edrskom podneb\u00ed. Ako jedlo sa pou\u017e\u00edvali v\u0161etky jedl\u00e9 rastliny, bobule, byliny, korene a orechy. Takto [&hellip;]","og_url":"https:\/\/www.eko-bio-natura.sk\/shop\/produkt\/kava-s-cedrom-taiga-kedrolub-klasik-specialist-hmotnost-130-g\/","og_site_name":"EKO-BIO-NATURA BIO OBCHOD","article_modified_time":"2022-05-04T14:41:05+00:00","og_image":[{"width":1024,"height":850,"url":"https:\/\/www.eko-bio-natura.sk\/shop\/wp-content\/uploads\/2021\/12\/13508-1_90cdabcf34490503f0a6a86627f8ca9f.jpg","type":"image\/jpeg"}],"twitter_card":"summary_large_image","twitter_misc":{"Predpokladan\u00fd \u010das \u010d\u00edtania":"1 min\u00fata"},"schema":{"@context":"https:\/\/schema.org","@graph":[{"@type":"WebPage","@id":"https:\/\/www.eko-bio-natura.sk\/shop\/produkt\/kava-s-cedrom-taiga-kedrolub-klasik-specialist-hmotnost-130-g\/","url":"https:\/\/www.eko-bio-natura.sk\/shop\/produkt\/kava-s-cedrom-taiga-kedrolub-klasik-specialist-hmotnost-130-g\/","name":"K\u00e1va s c\u00e9drom \u201cTaiga Kedrolub\u201d - klasik - Specialist Hmotnos\u0165: 130 g - EKO-BIO-NATURA BIO OBCHOD","isPartOf":{"@id":"https:\/\/www.eko-bio-natura.sk\/shop\/#website"},"primaryImageOfPage":{"@id":"https:\/\/www.eko-bio-natura.sk\/shop\/produkt\/kava-s-cedrom-taiga-kedrolub-klasik-specialist-hmotnost-130-g\/#primaryimage"},"image":{"@id":"https:\/\/www.eko-bio-natura.sk\/shop\/produkt\/kava-s-cedrom-taiga-kedrolub-klasik-specialist-hmotnost-130-g\/#primaryimage"},"thumbnailUrl":"https:\/\/www.eko-bio-natura.sk\/shop\/wp-content\/uploads\/2021\/12\/13508-1_90cdabcf34490503f0a6a86627f8ca9f.jpg","datePublished":"2021-12-28T17:15:08+00:00","dateModified":"2022-05-04T14:41:05+00:00","breadcrumb":{"@id":"https:\/\/www.eko-bio-natura.sk\/shop\/produkt\/kava-s-cedrom-taiga-kedrolub-klasik-specialist-hmotnost-130-g\/#breadcrumb"},"inLanguage":"sk-SK","potentialAction":[{"@type":"ReadAction","target":["https:\/\/www.eko-bio-natura.sk\/shop\/produkt\/kava-s-cedrom-taiga-kedrolub-klasik-specialist-hmotnost-130-g\/"]}]},{"@type":"ImageObject","inLanguage":"sk-SK","@id":"https:\/\/www.eko-bio-natura.sk\/shop\/produkt\/kava-s-cedrom-taiga-kedrolub-klasik-specialist-hmotnost-130-g\/#primaryimage","url":"https:\/\/www.eko-bio-natura.sk\/shop\/wp-content\/uploads\/2021\/12\/13508-1_90cdabcf34490503f0a6a86627f8ca9f.jpg","contentUrl":"https:\/\/www.eko-bio-natura.sk\/shop\/wp-content\/uploads\/2021\/12\/13508-1_90cdabcf34490503f0a6a86627f8ca9f.jpg","width":1024,"height":850},{"@type":"BreadcrumbList","@id":"https:\/\/www.eko-bio-natura.sk\/shop\/produkt\/kava-s-cedrom-taiga-kedrolub-klasik-specialist-hmotnost-130-g\/#breadcrumb","itemListElement":[{"@type":"ListItem","position":1,"name":"Domovsk\u00e1 str\u00e1nka","item":"https:\/\/www.eko-bio-natura.sk\/shop\/"},{"@type":"ListItem","position":2,"name":"Obchod","item":"https:\/\/www.eko-bio-natura.sk\/shop\/?page_id=6"},{"@type":"ListItem","position":3,"name":"K\u00e1va s c\u00e9drom \u201cTaiga Kedrolub\u201d &#8211; klasik &#8211; Specialist Hmotnos\u0165: 130 g"}]},{"@type":"WebSite","@id":"https:\/\/www.eko-bio-natura.sk\/shop\/#website","url":"https:\/\/www.eko-bio-natura.sk\/shop\/","name":"EKO-BIO-NATURA BIO OBCHOD","description":"","publisher":{"@id":"https:\/\/www.eko-bio-natura.sk\/shop\/#organization"},"potentialAction":[{"@type":"SearchAction","target":{"@type":"EntryPoint","urlTemplate":"https:\/\/www.eko-bio-natura.sk\/shop\/?s={search_term_string}"},"query-input":{"@type":"PropertyValueSpecification","valueRequired":true,"valueName":"search_term_string"}}],"inLanguage":"sk-SK"},{"@type":"Organization","@id":"https:\/\/www.eko-bio-natura.sk\/shop\/#organization","name":"EKO-BIO-NATURA BIO OBCHOD","url":"https:\/\/www.eko-bio-natura.sk\/shop\/","logo":{"@type":"ImageObject","inLanguage":"sk-SK","@id":"https:\/\/www.eko-bio-natura.sk\/shop\/#\/schema\/logo\/image\/","url":"https:\/\/www.eko-bio-natura.sk\/shop\/wp-content\/uploads\/2021\/04\/eko-bio-natura_logo.png","contentUrl":"https:\/\/www.eko-bio-natura.sk\/shop\/wp-content\/uploads\/2021\/04\/eko-bio-natura_logo.png","width":552,"height":194,"caption":"EKO-BIO-NATURA BIO OBCHOD"},"image":{"@id":"https:\/\/www.eko-bio-natura.sk\/shop\/#\/schema\/logo\/image\/"}}]}},"_links":{"self":[{"href":"https:\/\/www.eko-bio-natura.sk\/shop\/wp-json\/wp\/v2\/product\/7614","targetHints":{"allow":["GET"]}}],"collection":[{"href":"https:\/\/www.eko-bio-natura.sk\/shop\/wp-json\/wp\/v2\/product"}],"about":[{"href":"https:\/\/www.eko-bio-natura.sk\/shop\/wp-json\/wp\/v2\/types\/product"}],"replies":[{"embeddable":true,"href":"https:\/\/www.eko-bio-natura.sk\/shop\/wp-json\/wp\/v2\/comments?post=7614"}],"wp:featuredmedia":[{"embeddable":true,"href":"https:\/\/www.eko-bio-natura.sk\/shop\/wp-json\/wp\/v2\/media\/7615"}],"wp:attachment":[{"href":"https:\/\/www.eko-bio-natura.sk\/shop\/wp-json\/wp\/v2\/media?parent=7614"}],"wp:term":[{"taxonomy":"product_brand","embeddable":true,"href":"https:\/\/www.eko-bio-natura.sk\/shop\/wp-json\/wp\/v2\/product_brand?post=7614"},{"taxonomy":"product_cat","embeddable":true,"href":"https:\/\/www.eko-bio-natura.sk\/shop\/wp-json\/wp\/v2\/product_cat?post=7614"},{"taxonomy":"product_tag","embeddable":true,"href":"https:\/\/www.eko-bio-natura.sk\/shop\/wp-json\/wp\/v2\/product_tag?post=7614"}],"curies":[{"name":"wp","href":"https:\/\/api.w.org\/{rel}","templated":true}]}}