{"id":7608,"date":"2021-12-28T18:14:51","date_gmt":"2021-12-28T17:14:51","guid":{"rendered":"https:\/\/www.eko-bio-natura.sk\/shop\/index.php\/produkt\/herbatica-set-krala-lieciv-biele-a-zlate-mumio\/"},"modified":"2022-05-04T16:41:03","modified_gmt":"2022-05-04T14:41:03","slug":"herbatica-set-krala-lieciv-biele-a-zlate-mumio","status":"publish","type":"product","link":"https:\/\/www.eko-bio-natura.sk\/shop\/produkt\/herbatica-set-krala-lieciv-biele-a-zlate-mumio\/","title":{"rendered":"Herbatica Set kr\u00e1\u013ea lie\u010div &#8211; biele a zlat\u00e9 mumio"},"content":{"rendered":"<p><span style=\"font-family: verdana, geneva; font-size: 12pt;\"><strong>1)&nbsp;Biele Mumio &#8211; kr\u00e9m-balzam na regener\u00e1ciu k\u013abov &#8211; Eliks\u00edr &#8211; 75 ml<\/strong><\/span><\/p>\n<p><span style=\"font-family: verdana, geneva; font-size: 12pt;\">Biele MUMIO (kamenn\u00fd olej) je ve\u013emi zriedkav\u00e1 a vz\u00e1cna pr\u00edrodn\u00e1 l\u00e1tka.&nbsp;<strong>Aj tie naj\u0165a\u017e\u0161ie zlomeniny sa hoja 1,5 a\u017e 2x r\u00fdchlej\u0161ie<\/strong>&nbsp;ako pri klasickej lie\u010dbe. Podporuje zrast kost\u00ed a hojenie r\u00e1n.&nbsp;<\/span><\/p>\n<p><span style=\"font-family: verdana, geneva; font-size: 12pt;\">Jeho lie\u010debn\u00e9 \u00fa\u010dinky s\u00fa nato\u013eko rozsiahle, \u017ee ho mo\u017eno pou\u017ei\u0165 prakticky na v\u0161etky ochorenia aj na ko\u017en\u00e9 &#8211; ako seborea, kez\u00e9my \u010di psori\u00e1za.&nbsp;<strong>Posil\u0148uje imunitn\u00fd syst\u00e9m organizmu<\/strong>, \u010d\u00edm zvy\u0161uje jeho vlastn\u00fa obranyschopnos\u0165. V jeho zlo\u017een\u00ed sa nach\u00e1dza nieko\u013eko desiatok \u017eivotne d\u00f4le\u017eit\u00fdch mikroelementov.<strong>&nbsp;<\/strong><\/span><\/p>\n<p><span style=\"font-family: verdana, geneva; font-size: 12pt;\"><strong>Sp\u00f4sob po\u017eitia<\/strong>: nanies\u0165 na bolestiv\u00fa alebo po\u0161koden\u00fa \u010das\u0165 tela a&nbsp;vtiera\u0165 mas\u00e1\u017enymi pohybmi do \u00fapln\u00e9ho vstrebania. Opakova\u0165 2-3x denne Doba pou\u017e\u00edvania z\u00e1vis\u00ed od typu ochorenia a&nbsp;intenzity jeho prejavov<\/span><\/p>\n<p><span style=\"font-family: verdana, geneva; font-size: 12pt;\"><strong>Odpor\u00fa\u010dania:<\/strong>&nbsp;pou\u017e\u00edva\u0165 ako podporn\u00fd prostriedok v&nbsp;komplexn\u00fdch lie\u010debno-prevent\u00edvnych opatreniach pri neuralgi\u00e1ch, chondrit\u00edde, tromboflebit\u00edde, r\u00f4znych ochoreniach&nbsp; pohybovej s\u00fastavy, zlomenin\u00e1ch, poraneniach sp\u00f4soben\u00fdch uhryznut\u00edm, u\u0161tipnut\u00edm hmyzon, dne, artrit\u00edde, artr\u00f3ze, pop\u00e1lenin\u00e1ch.<\/span><\/p>\n<p><span style=\"font-family: verdana, geneva; font-size: 12pt;\"><strong>\u00da\u010dinky:<\/strong>&nbsp;Preuk\u00e1zate\u013ene zni\u017euje bolestivos\u0165.&nbsp;Odv\u00e1dza z tela \u0161kodliv\u00e9 soli.&nbsp;Stimuluje regener\u00e1ciu tkan\u00edv.&nbsp;Zlep\u0161uje krvn\u00fd obeh v mieste pou\u017eitia.&nbsp;M\u00e1 upokojuj\u00face a antiseptick\u00e9 \u00fa\u010dinky.<\/span><\/p>\n<p><span style=\"font-family: verdana, geneva; font-size: 12pt;\"><strong>Upozornenie:&nbsp;<\/strong>Nepou\u017e\u00edva\u0165 na sliznice a&nbsp;otvoren\u00e9 rany, pri kontakte s&nbsp;o\u010dami okam\u017eite vymy\u0165 ve\u013ek\u00fdm mno\u017estvom vody<\/span><\/p>\n<p><span style=\"font-family: verdana, geneva; font-size: 12pt;\"><strong>Obsah balenia<\/strong>: 75 ml<\/span><\/p>\n<p><span style=\"font-family: verdana, geneva; font-size: 12pt;\"><strong>Krajina p\u00f4vodu:&nbsp;<\/strong>Ukrajina<\/span><\/p>\n<p><span style=\"font-family: verdana, geneva; font-size: 12pt;\"><img decoding=\"async\" src=\"https:\/\/www.herbatica.sk\/user\/documents\/upload\/zlozenia\/0474.png\" alt=\"0474\" \/><\/span><\/p>\n<p><span style=\"font-family: verdana, geneva; font-size: 12pt;\">Viac o Mumiu a jeho \u00fa\u010dinkoch si m\u00f4\u017eete pre\u010d\u00edta\u0165 <a title=\"Mumio\" href=\"http:\/\/blog.herbatica.sk\/mumio-zazracny-liek\/\" target=\"_blank\" rel=\"noopener noreferrer\">tu!<\/a><\/span><\/p>\n<p><span style=\"font-family: verdana, geneva; font-size: 12pt;\">Ak by ste si chceli pre\u010d\u00edta\u0165 aj osobn\u00fa sk\u00fasenos\u0165 s u\u017e\u00edvan\u00edm m\u00famia po zranen\u00ed, m\u00f4\u017eete tento \u010dl\u00e1nok tie\u017e n\u00e1js\u0165 na&nbsp;<a href=\"http:\/\/blog.herbatica.sk\/regeneracia-organizmu-pocas-zranenia-altajske-zlate-mumio\/\">na\u0161om blogu<\/a>&nbsp;\ud83d\ude42<\/span><\/p>\n<p>&nbsp;<\/p>\n<p><span style=\"font-family: verdana, geneva; font-size: 12pt;\"><strong>2)&nbsp;&#8222;Zlat\u00e9 mumio&#8220; \u2013 mumio altajsk\u00e9 o\u010disten\u00e9 \u2013 potravinov\u00fd doplnok stravy &#8211; Evalar<\/strong><\/span><\/p>\n<p><span style=\"font-family: verdana, geneva; font-size: 12pt;\">Mumio je pr\u00edrodn\u00fd biostimul\u00e1tor, ktor\u00fd sa odd\u00e1vna pou\u017e\u00edval v strednej \u00c1zii a na v\u00fdchode k posilneniu zdravia. N\u00e1lezisk\u00e1 mumia sa nach\u00e1dzaj\u00fa vysoko v hor\u00e1ch \u00c1zie a \u010ealek\u00e9ho v\u00fdchodu. Tam ho miestni \u013eudia zbieraj\u00fa v \u0165a\u017eko dostupn\u00fdch ter\u00e9noch vo v\u00fd\u0161kach nad 3000 metrov. V d\u00e1vnych \u010dasoch bolo mumio v Tibete naz\u00fdvan\u00e9 &#8222;kr\u00e1\u013eom lie\u010div&#8220;.<\/span><\/p>\n<p><span style=\"font-family: verdana, geneva; font-size: 12pt;\"><strong>\u010co je mumio:<\/strong><\/span><\/p>\n<p><span style=\"font-family: verdana, geneva; font-size: 12pt;\">Mumio je pr\u00edrodn\u00e1 zmes organick\u00fdch aj anorganick\u00fdch l\u00e1tok, <strong>je to pr\u00edrodn\u00fd miner\u00e1l<\/strong>, ktor\u00fd vznik\u00e1 zlo\u017eit\u00fdm geologick\u00fdm procesom. Je to pr\u00edrodn\u00fd komplex, obsahuj\u00faci <strong>viac ako 50 \u017eivotne d\u00f4le\u017eit\u00fdch prvkov<\/strong>, medzi nimi je <strong>26 miner\u00e1lov, 6 aminokysel\u00edn,<\/strong> 10 r\u00f4znych oxidov kovov, steroidy, fosfolipidy, vitam\u00edny, v\u010del\u00ed vosk, \u00e9terick\u00e9 oleje a \u010fal\u0161ie biologicky akt\u00edvne l\u00e1tky.&nbsp;<\/span><\/p>\n<p><span style=\"font-family: verdana, geneva; font-size: 12pt;\">Komplexom organick\u00fdch l\u00e1tok a mikroelementov ako je magn\u00e9zium, fosfor, krem\u00edk, \u017eelezo, zinok, s\u00edra, me\u010f \u010di b\u00f3r.<\/span><\/p>\n<p><span style=\"font-family: verdana, geneva; font-size: 12pt;\">Viac inform\u00e1ci\u00ed k tomuto produktu n\u00e1jdete na na\u0161om blogu, <a href=\"http:\/\/blog.herbatica.sk\/mumio-zazracny-liek\/\" target=\"_blank\" rel=\"noopener noreferrer\">tu.<\/a><\/span><\/p>\n<p><span style=\"font-family: verdana, geneva; font-size: 12pt;\"><strong>Sp\u00f4sob pou\u017eitia:<\/strong> dospel\u00ed a deti star\u0161ie 14 rokov 1 tabletka 2 kr\u00e1t denne v priebehu jedla, doba pr\u00edjmu 1 mesiac, pri zlomenin\u00e1ch a\u017e do dvoch mesiacov. Farba tabletiek od \u010diernej po hned\u00fa, z\u00e1le\u017e\u00ed od % vlhkosti okolia.<\/span><\/p>\n<p><span style=\"font-family: verdana, geneva; font-size: 12pt;\"><strong>Obsah:<\/strong>&nbsp;20 tabliet\/200mg<\/span><\/p>\n<p><span style=\"font-family: verdana, geneva; font-size: 12pt;\"><strong>Upozornenie: <\/strong>Tento produkt je registrovan\u00fd ako doplnok stravy. Nem\u00e1 schv\u00e1len\u00e9 lie\u010div\u00e9 \u00fa\u010dinky a nejedn\u00e1 sa o liek. Nie je ur\u010den\u00e9 ako n\u00e1hrada pestrej stravy. Neprekra\u010dujte odpor\u00fa\u010dan\u00e9 d\u00e1vkovanie. Minim\u00e1lna trvanlivos\u0165 vyzna\u010den\u00e1 na obale.<\/span><\/p>\n<p><span style=\"font-family: verdana, geneva; font-size: 12pt;\"><strong>Krajina p\u00f4vodu:&nbsp;<\/strong>Rusko<\/span><\/p>\n<p><span style=\"font-family: verdana, geneva; font-size: 12pt;\"><img decoding=\"async\" src=\"https:\/\/www.herbatica.sk\/user\/documents\/upload\/zlozenia\/0190.png\" alt=\"0190\" \/><\/span><\/p>\n<p><span style=\"font-family: verdana, geneva; font-size: 12pt;\">Ak by ste si chceli pre\u010d\u00edta\u0165 aj osobn\u00fa sk\u00fasenos\u0165 s u\u017e\u00edvan\u00edm m\u00famia po zranen\u00ed, m\u00f4\u017eete tento \u010dl\u00e1nok tie\u017e n\u00e1js\u0165 na <a href=\"http:\/\/blog.herbatica.sk\/regeneracia-organizmu-pocas-zranenia-altajske-zlate-mumio\/\">na\u0161om blogu<\/a> \ud83d\ude42<\/span><\/p>\n<p><span style=\"font-family: verdana, geneva; font-size: 12pt;\">Pre\u010d\u00edtajte si viac o tomto v\u00fdrobcovi <a href=\"http:\/\/blog.herbatica.sk\/evalar-doplnky-stravy-na-bylinnej-baze\/\" target=\"_blank\" rel=\"noopener noreferrer\">v \u010dl\u00e1nku na na\u0161om blogu.<\/a><\/span><\/p>\n<p><span style=\"font-family: verdana, geneva; font-size: 12pt;\"><span>Tr\u00e1pi V\u00e1s psori\u00e1za? Podrobne sme sa tejto t\u00e9me venovali v komplexnom a <a href=\"https:\/\/www.herbatica.sk\/blog\/co-je-psoriaza-a-lupienka-priznaky-liecba\/\">odbornom \u010dl\u00e1nku<\/a>, ktor\u00fd n\u00e1m nap\u00edsala PhDr. Mgr. Eva Medveck\u00e1, PhD., DiS.<\/span><\/span><\/p>\n<p><span style=\"font-family: verdana, geneva; font-size: 12pt;\">&nbsp;<\/span><\/p>\n<p><span style=\"font-family: verdana, geneva; font-size: 12pt;\">&nbsp;<\/span><\/p>\n","protected":false},"excerpt":{"rendered":"<p>1)&nbsp;Biele Mumio &#8211; kr\u00e9m-balzam na regener\u00e1ciu k\u013abov &#8211; Eliks\u00edr &#8211; 75 ml Biele MUMIO (kamenn\u00fd olej) je ve\u013emi zriedkav\u00e1 a vz\u00e1cna pr\u00edrodn\u00e1 l\u00e1tka.&nbsp;Aj tie naj\u0165a\u017e\u0161ie zlomeniny sa hoja 1,5 a\u017e 2x r\u00fdchlej\u0161ie&nbsp;ako pri klasickej lie\u010dbe. Podporuje zrast kost\u00ed a hojenie r\u00e1n.&nbsp; Jeho lie\u010debn\u00e9 \u00fa\u010dinky s\u00fa nato\u013eko rozsiahle, \u017ee ho mo\u017eno pou\u017ei\u0165 prakticky na v\u0161etky ochorenia [&hellip;]<\/p>\n","protected":false},"featured_media":7609,"comment_status":"open","ping_status":"open","template":"","meta":{"site-sidebar-layout":"default","site-content-layout":"","ast-site-content-layout":"default","site-content-style":"default","site-sidebar-style":"default","ast-global-header-display":"","ast-banner-title-visibility":"","ast-main-header-display":"","ast-hfb-above-header-display":"","ast-hfb-below-header-display":"","ast-hfb-mobile-header-display":"","site-post-title":"","ast-breadcrumbs-content":"","ast-featured-img":"","footer-sml-layout":"","ast-disable-related-posts":"","theme-transparent-header-meta":"","adv-header-id-meta":"","stick-header-meta":"","header-above-stick-meta":"","header-main-stick-meta":"","header-below-stick-meta":"","astra-migrate-meta-layouts":"default","ast-page-background-enabled":"default","ast-page-background-meta":{"desktop":{"background-color":"","background-image":"","background-repeat":"repeat","background-position":"center center","background-size":"auto","background-attachment":"scroll","background-type":"","background-media":"","overlay-type":"","overlay-color":"","overlay-opacity":"","overlay-gradient":""},"tablet":{"background-color":"","background-image":"","background-repeat":"repeat","background-position":"center center","background-size":"auto","background-attachment":"scroll","background-type":"","background-media":"","overlay-type":"","overlay-color":"","overlay-opacity":"","overlay-gradient":""},"mobile":{"background-color":"","background-image":"","background-repeat":"repeat","background-position":"center center","background-size":"auto","background-attachment":"scroll","background-type":"","background-media":"","overlay-type":"","overlay-color":"","overlay-opacity":"","overlay-gradient":""}},"ast-content-background-meta":{"desktop":{"background-color":"var(--ast-global-color-5)","background-image":"","background-repeat":"repeat","background-position":"center center","background-size":"auto","background-attachment":"scroll","background-type":"","background-media":"","overlay-type":"","overlay-color":"","overlay-opacity":"","overlay-gradient":""},"tablet":{"background-color":"var(--ast-global-color-5)","background-image":"","background-repeat":"repeat","background-position":"center center","background-size":"auto","background-attachment":"scroll","background-type":"","background-media":"","overlay-type":"","overlay-color":"","overlay-opacity":"","overlay-gradient":""},"mobile":{"background-color":"var(--ast-global-color-5)","background-image":"","background-repeat":"repeat","background-position":"center center","background-size":"auto","background-attachment":"scroll","background-type":"","background-media":"","overlay-type":"","overlay-color":"","overlay-opacity":"","overlay-gradient":""}}},"product_brand":[],"product_cat":[192],"product_tag":[],"class_list":{"0":"post-7608","1":"product","2":"type-product","3":"status-publish","4":"has-post-thumbnail","6":"product_cat-vyzivove-doplnky","7":"pa_cena-dopravy-367","8":"pa_doprava-zasilkovna","9":"pa_typ-partnersky-predaj","10":"pa_znacka-herbatica","11":"desktop-align-left","12":"tablet-align-left","13":"mobile-align-left","15":"first","16":"instock","17":"product-type-external"},"yoast_head":"<!-- This site is optimized with the Yoast SEO plugin v27.2 - https:\/\/yoast.com\/product\/yoast-seo-wordpress\/ -->\n<title>Herbatica Set kr\u00e1\u013ea lie\u010div - biele a zlat\u00e9 mumio - EKO-BIO-NATURA BIO OBCHOD<\/title>\n<meta name=\"robots\" content=\"index, follow, max-snippet:-1, max-image-preview:large, max-video-preview:-1\" \/>\n<link rel=\"canonical\" href=\"https:\/\/www.eko-bio-natura.sk\/shop\/produkt\/herbatica-set-krala-lieciv-biele-a-zlate-mumio\/\" \/>\n<meta property=\"og:locale\" content=\"sk_SK\" \/>\n<meta property=\"og:type\" content=\"article\" \/>\n<meta property=\"og:title\" content=\"Herbatica Set kr\u00e1\u013ea lie\u010div - biele a zlat\u00e9 mumio - EKO-BIO-NATURA BIO OBCHOD\" \/>\n<meta property=\"og:description\" content=\"1)&nbsp;Biele Mumio &#8211; kr\u00e9m-balzam na regener\u00e1ciu k\u013abov &#8211; Eliks\u00edr &#8211; 75 ml Biele MUMIO (kamenn\u00fd olej) je ve\u013emi zriedkav\u00e1 a vz\u00e1cna pr\u00edrodn\u00e1 l\u00e1tka.&nbsp;Aj tie naj\u0165a\u017e\u0161ie zlomeniny sa hoja 1,5 a\u017e 2x r\u00fdchlej\u0161ie&nbsp;ako pri klasickej lie\u010dbe. Podporuje zrast kost\u00ed a hojenie r\u00e1n.&nbsp; Jeho lie\u010debn\u00e9 \u00fa\u010dinky s\u00fa nato\u013eko rozsiahle, \u017ee ho mo\u017eno pou\u017ei\u0165 prakticky na v\u0161etky ochorenia [&hellip;]\" \/>\n<meta property=\"og:url\" content=\"https:\/\/www.eko-bio-natura.sk\/shop\/produkt\/herbatica-set-krala-lieciv-biele-a-zlate-mumio\/\" \/>\n<meta property=\"og:site_name\" content=\"EKO-BIO-NATURA BIO OBCHOD\" \/>\n<meta property=\"article:modified_time\" content=\"2022-05-04T14:41:03+00:00\" \/>\n<meta property=\"og:image\" content=\"https:\/\/www.eko-bio-natura.sk\/shop\/wp-content\/uploads\/2021\/12\/13394_set-krala-lieciv-biele-a-zlate-mumio.jpg\" \/>\n\t<meta property=\"og:image:width\" content=\"1200\" \/>\n\t<meta property=\"og:image:height\" content=\"799\" \/>\n\t<meta property=\"og:image:type\" content=\"image\/jpeg\" \/>\n<meta name=\"twitter:card\" content=\"summary_large_image\" \/>\n<meta name=\"twitter:label1\" content=\"Predpokladan\u00fd \u010das \u010d\u00edtania\" \/>\n\t<meta name=\"twitter:data1\" content=\"3 min\u00faty\" \/>\n<script type=\"application\/ld+json\" class=\"yoast-schema-graph\">{\"@context\":\"https:\/\/schema.org\",\"@graph\":[{\"@type\":\"WebPage\",\"@id\":\"https:\/\/www.eko-bio-natura.sk\/shop\/produkt\/herbatica-set-krala-lieciv-biele-a-zlate-mumio\/\",\"url\":\"https:\/\/www.eko-bio-natura.sk\/shop\/produkt\/herbatica-set-krala-lieciv-biele-a-zlate-mumio\/\",\"name\":\"Herbatica Set kr\u00e1\u013ea lie\u010div - biele a zlat\u00e9 mumio - EKO-BIO-NATURA BIO OBCHOD\",\"isPartOf\":{\"@id\":\"https:\/\/www.eko-bio-natura.sk\/shop\/#website\"},\"primaryImageOfPage\":{\"@id\":\"https:\/\/www.eko-bio-natura.sk\/shop\/produkt\/herbatica-set-krala-lieciv-biele-a-zlate-mumio\/#primaryimage\"},\"image\":{\"@id\":\"https:\/\/www.eko-bio-natura.sk\/shop\/produkt\/herbatica-set-krala-lieciv-biele-a-zlate-mumio\/#primaryimage\"},\"thumbnailUrl\":\"https:\/\/www.eko-bio-natura.sk\/shop\/wp-content\/uploads\/2021\/12\/13394_set-krala-lieciv-biele-a-zlate-mumio.jpg\",\"datePublished\":\"2021-12-28T17:14:51+00:00\",\"dateModified\":\"2022-05-04T14:41:03+00:00\",\"breadcrumb\":{\"@id\":\"https:\/\/www.eko-bio-natura.sk\/shop\/produkt\/herbatica-set-krala-lieciv-biele-a-zlate-mumio\/#breadcrumb\"},\"inLanguage\":\"sk-SK\",\"potentialAction\":[{\"@type\":\"ReadAction\",\"target\":[\"https:\/\/www.eko-bio-natura.sk\/shop\/produkt\/herbatica-set-krala-lieciv-biele-a-zlate-mumio\/\"]}]},{\"@type\":\"ImageObject\",\"inLanguage\":\"sk-SK\",\"@id\":\"https:\/\/www.eko-bio-natura.sk\/shop\/produkt\/herbatica-set-krala-lieciv-biele-a-zlate-mumio\/#primaryimage\",\"url\":\"https:\/\/www.eko-bio-natura.sk\/shop\/wp-content\/uploads\/2021\/12\/13394_set-krala-lieciv-biele-a-zlate-mumio.jpg\",\"contentUrl\":\"https:\/\/www.eko-bio-natura.sk\/shop\/wp-content\/uploads\/2021\/12\/13394_set-krala-lieciv-biele-a-zlate-mumio.jpg\",\"width\":1200,\"height\":799},{\"@type\":\"BreadcrumbList\",\"@id\":\"https:\/\/www.eko-bio-natura.sk\/shop\/produkt\/herbatica-set-krala-lieciv-biele-a-zlate-mumio\/#breadcrumb\",\"itemListElement\":[{\"@type\":\"ListItem\",\"position\":1,\"name\":\"Domovsk\u00e1 str\u00e1nka\",\"item\":\"https:\/\/www.eko-bio-natura.sk\/shop\/\"},{\"@type\":\"ListItem\",\"position\":2,\"name\":\"Obchod\",\"item\":\"https:\/\/www.eko-bio-natura.sk\/shop\/?page_id=6\"},{\"@type\":\"ListItem\",\"position\":3,\"name\":\"Herbatica Set kr\u00e1\u013ea lie\u010div &#8211; biele a zlat\u00e9 mumio\"}]},{\"@type\":\"WebSite\",\"@id\":\"https:\/\/www.eko-bio-natura.sk\/shop\/#website\",\"url\":\"https:\/\/www.eko-bio-natura.sk\/shop\/\",\"name\":\"EKO-BIO-NATURA BIO OBCHOD\",\"description\":\"\",\"publisher\":{\"@id\":\"https:\/\/www.eko-bio-natura.sk\/shop\/#organization\"},\"potentialAction\":[{\"@type\":\"SearchAction\",\"target\":{\"@type\":\"EntryPoint\",\"urlTemplate\":\"https:\/\/www.eko-bio-natura.sk\/shop\/?s={search_term_string}\"},\"query-input\":{\"@type\":\"PropertyValueSpecification\",\"valueRequired\":true,\"valueName\":\"search_term_string\"}}],\"inLanguage\":\"sk-SK\"},{\"@type\":\"Organization\",\"@id\":\"https:\/\/www.eko-bio-natura.sk\/shop\/#organization\",\"name\":\"EKO-BIO-NATURA BIO OBCHOD\",\"url\":\"https:\/\/www.eko-bio-natura.sk\/shop\/\",\"logo\":{\"@type\":\"ImageObject\",\"inLanguage\":\"sk-SK\",\"@id\":\"https:\/\/www.eko-bio-natura.sk\/shop\/#\/schema\/logo\/image\/\",\"url\":\"https:\/\/www.eko-bio-natura.sk\/shop\/wp-content\/uploads\/2021\/04\/eko-bio-natura_logo.png\",\"contentUrl\":\"https:\/\/www.eko-bio-natura.sk\/shop\/wp-content\/uploads\/2021\/04\/eko-bio-natura_logo.png\",\"width\":552,\"height\":194,\"caption\":\"EKO-BIO-NATURA BIO OBCHOD\"},\"image\":{\"@id\":\"https:\/\/www.eko-bio-natura.sk\/shop\/#\/schema\/logo\/image\/\"}}]}<\/script>\n<!-- \/ Yoast SEO plugin. -->","yoast_head_json":{"title":"Herbatica Set kr\u00e1\u013ea lie\u010div - biele a zlat\u00e9 mumio - EKO-BIO-NATURA BIO OBCHOD","robots":{"index":"index","follow":"follow","max-snippet":"max-snippet:-1","max-image-preview":"max-image-preview:large","max-video-preview":"max-video-preview:-1"},"canonical":"https:\/\/www.eko-bio-natura.sk\/shop\/produkt\/herbatica-set-krala-lieciv-biele-a-zlate-mumio\/","og_locale":"sk_SK","og_type":"article","og_title":"Herbatica Set kr\u00e1\u013ea lie\u010div - biele a zlat\u00e9 mumio - EKO-BIO-NATURA BIO OBCHOD","og_description":"1)&nbsp;Biele Mumio &#8211; kr\u00e9m-balzam na regener\u00e1ciu k\u013abov &#8211; Eliks\u00edr &#8211; 75 ml Biele MUMIO (kamenn\u00fd olej) je ve\u013emi zriedkav\u00e1 a vz\u00e1cna pr\u00edrodn\u00e1 l\u00e1tka.&nbsp;Aj tie naj\u0165a\u017e\u0161ie zlomeniny sa hoja 1,5 a\u017e 2x r\u00fdchlej\u0161ie&nbsp;ako pri klasickej lie\u010dbe. Podporuje zrast kost\u00ed a hojenie r\u00e1n.&nbsp; Jeho lie\u010debn\u00e9 \u00fa\u010dinky s\u00fa nato\u013eko rozsiahle, \u017ee ho mo\u017eno pou\u017ei\u0165 prakticky na v\u0161etky ochorenia [&hellip;]","og_url":"https:\/\/www.eko-bio-natura.sk\/shop\/produkt\/herbatica-set-krala-lieciv-biele-a-zlate-mumio\/","og_site_name":"EKO-BIO-NATURA BIO OBCHOD","article_modified_time":"2022-05-04T14:41:03+00:00","og_image":[{"width":1200,"height":799,"url":"https:\/\/www.eko-bio-natura.sk\/shop\/wp-content\/uploads\/2021\/12\/13394_set-krala-lieciv-biele-a-zlate-mumio.jpg","type":"image\/jpeg"}],"twitter_card":"summary_large_image","twitter_misc":{"Predpokladan\u00fd \u010das \u010d\u00edtania":"3 min\u00faty"},"schema":{"@context":"https:\/\/schema.org","@graph":[{"@type":"WebPage","@id":"https:\/\/www.eko-bio-natura.sk\/shop\/produkt\/herbatica-set-krala-lieciv-biele-a-zlate-mumio\/","url":"https:\/\/www.eko-bio-natura.sk\/shop\/produkt\/herbatica-set-krala-lieciv-biele-a-zlate-mumio\/","name":"Herbatica Set kr\u00e1\u013ea lie\u010div - biele a zlat\u00e9 mumio - EKO-BIO-NATURA BIO OBCHOD","isPartOf":{"@id":"https:\/\/www.eko-bio-natura.sk\/shop\/#website"},"primaryImageOfPage":{"@id":"https:\/\/www.eko-bio-natura.sk\/shop\/produkt\/herbatica-set-krala-lieciv-biele-a-zlate-mumio\/#primaryimage"},"image":{"@id":"https:\/\/www.eko-bio-natura.sk\/shop\/produkt\/herbatica-set-krala-lieciv-biele-a-zlate-mumio\/#primaryimage"},"thumbnailUrl":"https:\/\/www.eko-bio-natura.sk\/shop\/wp-content\/uploads\/2021\/12\/13394_set-krala-lieciv-biele-a-zlate-mumio.jpg","datePublished":"2021-12-28T17:14:51+00:00","dateModified":"2022-05-04T14:41:03+00:00","breadcrumb":{"@id":"https:\/\/www.eko-bio-natura.sk\/shop\/produkt\/herbatica-set-krala-lieciv-biele-a-zlate-mumio\/#breadcrumb"},"inLanguage":"sk-SK","potentialAction":[{"@type":"ReadAction","target":["https:\/\/www.eko-bio-natura.sk\/shop\/produkt\/herbatica-set-krala-lieciv-biele-a-zlate-mumio\/"]}]},{"@type":"ImageObject","inLanguage":"sk-SK","@id":"https:\/\/www.eko-bio-natura.sk\/shop\/produkt\/herbatica-set-krala-lieciv-biele-a-zlate-mumio\/#primaryimage","url":"https:\/\/www.eko-bio-natura.sk\/shop\/wp-content\/uploads\/2021\/12\/13394_set-krala-lieciv-biele-a-zlate-mumio.jpg","contentUrl":"https:\/\/www.eko-bio-natura.sk\/shop\/wp-content\/uploads\/2021\/12\/13394_set-krala-lieciv-biele-a-zlate-mumio.jpg","width":1200,"height":799},{"@type":"BreadcrumbList","@id":"https:\/\/www.eko-bio-natura.sk\/shop\/produkt\/herbatica-set-krala-lieciv-biele-a-zlate-mumio\/#breadcrumb","itemListElement":[{"@type":"ListItem","position":1,"name":"Domovsk\u00e1 str\u00e1nka","item":"https:\/\/www.eko-bio-natura.sk\/shop\/"},{"@type":"ListItem","position":2,"name":"Obchod","item":"https:\/\/www.eko-bio-natura.sk\/shop\/?page_id=6"},{"@type":"ListItem","position":3,"name":"Herbatica Set kr\u00e1\u013ea lie\u010div &#8211; biele a zlat\u00e9 mumio"}]},{"@type":"WebSite","@id":"https:\/\/www.eko-bio-natura.sk\/shop\/#website","url":"https:\/\/www.eko-bio-natura.sk\/shop\/","name":"EKO-BIO-NATURA BIO OBCHOD","description":"","publisher":{"@id":"https:\/\/www.eko-bio-natura.sk\/shop\/#organization"},"potentialAction":[{"@type":"SearchAction","target":{"@type":"EntryPoint","urlTemplate":"https:\/\/www.eko-bio-natura.sk\/shop\/?s={search_term_string}"},"query-input":{"@type":"PropertyValueSpecification","valueRequired":true,"valueName":"search_term_string"}}],"inLanguage":"sk-SK"},{"@type":"Organization","@id":"https:\/\/www.eko-bio-natura.sk\/shop\/#organization","name":"EKO-BIO-NATURA BIO OBCHOD","url":"https:\/\/www.eko-bio-natura.sk\/shop\/","logo":{"@type":"ImageObject","inLanguage":"sk-SK","@id":"https:\/\/www.eko-bio-natura.sk\/shop\/#\/schema\/logo\/image\/","url":"https:\/\/www.eko-bio-natura.sk\/shop\/wp-content\/uploads\/2021\/04\/eko-bio-natura_logo.png","contentUrl":"https:\/\/www.eko-bio-natura.sk\/shop\/wp-content\/uploads\/2021\/04\/eko-bio-natura_logo.png","width":552,"height":194,"caption":"EKO-BIO-NATURA BIO OBCHOD"},"image":{"@id":"https:\/\/www.eko-bio-natura.sk\/shop\/#\/schema\/logo\/image\/"}}]}},"_links":{"self":[{"href":"https:\/\/www.eko-bio-natura.sk\/shop\/wp-json\/wp\/v2\/product\/7608","targetHints":{"allow":["GET"]}}],"collection":[{"href":"https:\/\/www.eko-bio-natura.sk\/shop\/wp-json\/wp\/v2\/product"}],"about":[{"href":"https:\/\/www.eko-bio-natura.sk\/shop\/wp-json\/wp\/v2\/types\/product"}],"replies":[{"embeddable":true,"href":"https:\/\/www.eko-bio-natura.sk\/shop\/wp-json\/wp\/v2\/comments?post=7608"}],"wp:featuredmedia":[{"embeddable":true,"href":"https:\/\/www.eko-bio-natura.sk\/shop\/wp-json\/wp\/v2\/media\/7609"}],"wp:attachment":[{"href":"https:\/\/www.eko-bio-natura.sk\/shop\/wp-json\/wp\/v2\/media?parent=7608"}],"wp:term":[{"taxonomy":"product_brand","embeddable":true,"href":"https:\/\/www.eko-bio-natura.sk\/shop\/wp-json\/wp\/v2\/product_brand?post=7608"},{"taxonomy":"product_cat","embeddable":true,"href":"https:\/\/www.eko-bio-natura.sk\/shop\/wp-json\/wp\/v2\/product_cat?post=7608"},{"taxonomy":"product_tag","embeddable":true,"href":"https:\/\/www.eko-bio-natura.sk\/shop\/wp-json\/wp\/v2\/product_tag?post=7608"}],"curies":[{"name":"wp","href":"https:\/\/api.w.org\/{rel}","templated":true}]}}