{"id":7606,"date":"2021-12-28T18:14:51","date_gmt":"2021-12-28T17:14:51","guid":{"rendered":"https:\/\/www.eko-bio-natura.sk\/shop\/index.php\/produkt\/prirodny-sibirsky-rakytnikovy-olej-aveo-100-ml\/"},"modified":"2022-05-04T16:41:02","modified_gmt":"2022-05-04T14:41:02","slug":"prirodny-sibirsky-rakytnikovy-olej-aveo-100-ml","status":"publish","type":"product","link":"https:\/\/www.eko-bio-natura.sk\/shop\/produkt\/prirodny-sibirsky-rakytnikovy-olej-aveo-100-ml\/","title":{"rendered":"Pr\u00edrodn\u00fd sib\u00edrsky rakytn\u00edkov\u00fd olej \u2013 Aveo \u2013 100 ml"},"content":{"rendered":"<p><span style=\"font-family: verdana, geneva; font-size: 12pt;\">Rakytn\u00edkov\u00fd olej sa z\u00edskava z&nbsp;plodov rakytn\u00edka re\u0161etliakov\u00e9ho.<\/span><\/p>\n<p><span style=\"font-family: verdana, geneva; font-size: 12pt;\"><strong>Vyu\u017eitie:<\/strong><\/span><\/p>\n<ul>\n<li><span style=\"font-family: verdana, geneva; font-size: 12pt;\"><strong>Tento lie\u010div\u00fd pr\u00edpravok sa \u010dasto a&nbsp;\u00fa\u010dinne pou\u017e\u00edva ako multivitam\u00edn.<\/strong><\/span><\/li>\n<li><span style=\"font-family: verdana, geneva; font-size: 12pt;\"><strong>Regenera\u010dn\u00e1 schopnos\u0165<\/strong> oleja z&nbsp;rakytn\u00edka v\u00fdznamne <strong>zvy\u0161uje odolnos\u0165 tela.<\/strong><\/span><\/li>\n<li><span style=\"font-family: verdana, geneva; font-size: 12pt;\">Olej pom\u00e1ha <strong>vyrovna\u0165 sa s&nbsp;nedostatkom vitam\u00ednov,<\/strong> zvy\u0161uje fyzick\u00fa aktivitu pri ast\u00e9nii a&nbsp;<strong>posil\u0148uje imunitn\u00fd syst\u00e9m.<\/strong><\/span><\/li>\n<li><span style=\"font-family: verdana, geneva; font-size: 12pt;\">Toto hojiv\u00e9 \u010dinidlo je u\u017eito\u010dn\u00e9 v&nbsp;pr\u00edpadoch, kedy do\u0161lo k&nbsp;prenosu z\u00e1va\u017en\u00fdch infek\u010dn\u00fdch ochoreniach.<\/span><\/li>\n<li><span style=\"font-family: verdana, geneva; font-size: 12pt;\">Pokia\u013e dostanete chr\u00edpku, mo\u017eno ju u\u017ei\u0165 \u00fastami a&nbsp;lok\u00e1lne <strong>(k lie\u010dbe dut\u00edn).<\/strong><\/span><\/li>\n<li><span style=\"font-family: verdana, geneva; font-size: 12pt;\">Rakytn\u00edkov\u00fd olej m\u00f4\u017ee by\u0165 <strong>s\u00fa\u010das\u0165ou mno\u017estva terapeutick\u00fdch opatren\u00ed<\/strong> pre in\u00e9 <strong>ak\u00fatne respira\u010dn\u00e9 infekcie.<\/strong><\/span><\/li>\n<li><span style=\"font-family: verdana, geneva; font-size: 12pt;\">V\u010faka mno\u017estvu vitam\u00ednov obsiahnut\u00fdch v&nbsp;rakytn\u00edkovom oleji <strong>pom\u00e1ha pri lie\u010dbe ateroskler\u00f3zy.<\/strong><\/span><\/li>\n<li><span style=\"font-family: verdana, geneva; font-size: 12pt;\">Medic\u00edna ho pou\u017e\u00edva <strong>k&nbsp;lie\u010dbe stomatit\u00eddy, chronickej ang\u00edny<\/strong> a&nbsp;r\u00f4znych gastrointestin\u00e1lnych ochoreniach.<\/span><\/li>\n<\/ul>\n<p><span style=\"font-family: verdana, geneva; font-size: 12pt;\"><strong>Pou\u017eitie rakytn\u00edkov\u00e9ho oleja v&nbsp;kuchyni:<\/strong> Rakytn\u00edkov\u00fd olej dod\u00e1va jedlu \u00fa\u017easn\u00fa a&nbsp;intenz\u00edvnu v\u00f4\u0148u. M\u00f4\u017eete ho pou\u017ei\u0165 ako doplnok dipov, \u0161al\u00e1tov.<\/span><\/p>\n<p><span style=\"font-family: verdana, geneva; font-size: 12pt;\"><strong>Pou\u017eitie rakytn\u00edkov\u00e9ho oleja v&nbsp;kozmetike:<\/strong> Rakytn\u00edkov\u00fd olej je ide\u00e1lny pre starostlivos\u0165 o&nbsp;rany a&nbsp;pop\u00e1leniny, predch\u00e1dza pred\u010dasn\u00e9mu starnutiu poko\u017eky a&nbsp;posil\u0148uje vlasy.<\/span><\/p>\n<p><span style=\"font-family: verdana, geneva; font-size: 12pt;\"><strong>Skladovanie:<\/strong> Skladujte na suchom, chladnom a&nbsp;tmavom mieste pri teplote 0 a\u017e 20 stup\u0148ov Celzia.<\/span><\/p>\n<p><img decoding=\"async\" src=\"https:\/\/www.herbatica.sk\/user\/documents\/upload\/zlozenia\/3226.jpg\" alt=\"3226\" \/><\/p>\n<p><span style=\"font-family: verdana, geneva; font-size: 12pt;\"><strong>Obsah balenia:<\/strong> 100 ml<\/span><\/p>\n<p><span style=\"font-family: verdana, geneva; font-size: 12pt;\"><strong>Krajina p\u00f4vodu:<\/strong> Rusko<\/span><\/p>\n","protected":false},"excerpt":{"rendered":"<p>Rakytn\u00edkov\u00fd olej sa z\u00edskava z&nbsp;plodov rakytn\u00edka re\u0161etliakov\u00e9ho. Vyu\u017eitie: Tento lie\u010div\u00fd pr\u00edpravok sa \u010dasto a&nbsp;\u00fa\u010dinne pou\u017e\u00edva ako multivitam\u00edn. Regenera\u010dn\u00e1 schopnos\u0165 oleja z&nbsp;rakytn\u00edka v\u00fdznamne zvy\u0161uje odolnos\u0165 tela. Olej pom\u00e1ha vyrovna\u0165 sa s&nbsp;nedostatkom vitam\u00ednov, zvy\u0161uje fyzick\u00fa aktivitu pri ast\u00e9nii a&nbsp;posil\u0148uje imunitn\u00fd syst\u00e9m. Toto hojiv\u00e9 \u010dinidlo je u\u017eito\u010dn\u00e9 v&nbsp;pr\u00edpadoch, kedy do\u0161lo k&nbsp;prenosu z\u00e1va\u017en\u00fdch infek\u010dn\u00fdch ochoreniach. Pokia\u013e dostanete chr\u00edpku, mo\u017eno [&hellip;]<\/p>\n","protected":false},"featured_media":7607,"comment_status":"open","ping_status":"open","template":"","meta":{"site-sidebar-layout":"default","site-content-layout":"","ast-site-content-layout":"default","site-content-style":"default","site-sidebar-style":"default","ast-global-header-display":"","ast-banner-title-visibility":"","ast-main-header-display":"","ast-hfb-above-header-display":"","ast-hfb-below-header-display":"","ast-hfb-mobile-header-display":"","site-post-title":"","ast-breadcrumbs-content":"","ast-featured-img":"","footer-sml-layout":"","ast-disable-related-posts":"","theme-transparent-header-meta":"","adv-header-id-meta":"","stick-header-meta":"","header-above-stick-meta":"","header-main-stick-meta":"","header-below-stick-meta":"","astra-migrate-meta-layouts":"default","ast-page-background-enabled":"default","ast-page-background-meta":{"desktop":{"background-color":"","background-image":"","background-repeat":"repeat","background-position":"center center","background-size":"auto","background-attachment":"scroll","background-type":"","background-media":"","overlay-type":"","overlay-color":"","overlay-opacity":"","overlay-gradient":""},"tablet":{"background-color":"","background-image":"","background-repeat":"repeat","background-position":"center center","background-size":"auto","background-attachment":"scroll","background-type":"","background-media":"","overlay-type":"","overlay-color":"","overlay-opacity":"","overlay-gradient":""},"mobile":{"background-color":"","background-image":"","background-repeat":"repeat","background-position":"center center","background-size":"auto","background-attachment":"scroll","background-type":"","background-media":"","overlay-type":"","overlay-color":"","overlay-opacity":"","overlay-gradient":""}},"ast-content-background-meta":{"desktop":{"background-color":"var(--ast-global-color-5)","background-image":"","background-repeat":"repeat","background-position":"center center","background-size":"auto","background-attachment":"scroll","background-type":"","background-media":"","overlay-type":"","overlay-color":"","overlay-opacity":"","overlay-gradient":""},"tablet":{"background-color":"var(--ast-global-color-5)","background-image":"","background-repeat":"repeat","background-position":"center center","background-size":"auto","background-attachment":"scroll","background-type":"","background-media":"","overlay-type":"","overlay-color":"","overlay-opacity":"","overlay-gradient":""},"mobile":{"background-color":"var(--ast-global-color-5)","background-image":"","background-repeat":"repeat","background-position":"center center","background-size":"auto","background-attachment":"scroll","background-type":"","background-media":"","overlay-type":"","overlay-color":"","overlay-opacity":"","overlay-gradient":""}}},"product_brand":[],"product_cat":[184],"product_tag":[],"class_list":{"0":"post-7606","1":"product","2":"type-product","3":"status-publish","4":"has-post-thumbnail","6":"product_cat-zdrave-oleje","7":"pa_cena-dopravy-367","8":"pa_doprava-zasilkovna","9":"pa_ean-906","10":"pa_typ-partnersky-predaj","11":"pa_znacka-aveo","12":"desktop-align-left","13":"tablet-align-left","14":"mobile-align-left","16":"first","17":"instock","18":"product-type-external"},"yoast_head":"<!-- This site is optimized with the Yoast SEO plugin v27.2 - https:\/\/yoast.com\/product\/yoast-seo-wordpress\/ -->\n<title>Pr\u00edrodn\u00fd sib\u00edrsky rakytn\u00edkov\u00fd olej \u2013 Aveo \u2013 100 ml - EKO-BIO-NATURA BIO OBCHOD<\/title>\n<meta name=\"robots\" content=\"index, follow, max-snippet:-1, max-image-preview:large, max-video-preview:-1\" \/>\n<link rel=\"canonical\" href=\"https:\/\/www.eko-bio-natura.sk\/shop\/produkt\/prirodny-sibirsky-rakytnikovy-olej-aveo-100-ml\/\" \/>\n<meta property=\"og:locale\" content=\"sk_SK\" \/>\n<meta property=\"og:type\" content=\"article\" \/>\n<meta property=\"og:title\" content=\"Pr\u00edrodn\u00fd sib\u00edrsky rakytn\u00edkov\u00fd olej \u2013 Aveo \u2013 100 ml - EKO-BIO-NATURA BIO OBCHOD\" \/>\n<meta property=\"og:description\" content=\"Rakytn\u00edkov\u00fd olej sa z\u00edskava z&nbsp;plodov rakytn\u00edka re\u0161etliakov\u00e9ho. Vyu\u017eitie: Tento lie\u010div\u00fd pr\u00edpravok sa \u010dasto a&nbsp;\u00fa\u010dinne pou\u017e\u00edva ako multivitam\u00edn. Regenera\u010dn\u00e1 schopnos\u0165 oleja z&nbsp;rakytn\u00edka v\u00fdznamne zvy\u0161uje odolnos\u0165 tela. Olej pom\u00e1ha vyrovna\u0165 sa s&nbsp;nedostatkom vitam\u00ednov, zvy\u0161uje fyzick\u00fa aktivitu pri ast\u00e9nii a&nbsp;posil\u0148uje imunitn\u00fd syst\u00e9m. Toto hojiv\u00e9 \u010dinidlo je u\u017eito\u010dn\u00e9 v&nbsp;pr\u00edpadoch, kedy do\u0161lo k&nbsp;prenosu z\u00e1va\u017en\u00fdch infek\u010dn\u00fdch ochoreniach. Pokia\u013e dostanete chr\u00edpku, mo\u017eno [&hellip;]\" \/>\n<meta property=\"og:url\" content=\"https:\/\/www.eko-bio-natura.sk\/shop\/produkt\/prirodny-sibirsky-rakytnikovy-olej-aveo-100-ml\/\" \/>\n<meta property=\"og:site_name\" content=\"EKO-BIO-NATURA BIO OBCHOD\" \/>\n<meta property=\"article:modified_time\" content=\"2022-05-04T14:41:02+00:00\" \/>\n<meta property=\"og:image\" content=\"https:\/\/www.eko-bio-natura.sk\/shop\/wp-content\/uploads\/2021\/12\/13382-3_voi-1285.jpg\" \/>\n\t<meta property=\"og:image:width\" content=\"1524\" \/>\n\t<meta property=\"og:image:height\" content=\"2284\" \/>\n\t<meta property=\"og:image:type\" content=\"image\/jpeg\" \/>\n<meta name=\"twitter:card\" content=\"summary_large_image\" \/>\n<meta name=\"twitter:label1\" content=\"Predpokladan\u00fd \u010das \u010d\u00edtania\" \/>\n\t<meta name=\"twitter:data1\" content=\"1 min\u00fata\" \/>\n<script type=\"application\/ld+json\" class=\"yoast-schema-graph\">{\"@context\":\"https:\/\/schema.org\",\"@graph\":[{\"@type\":\"WebPage\",\"@id\":\"https:\/\/www.eko-bio-natura.sk\/shop\/produkt\/prirodny-sibirsky-rakytnikovy-olej-aveo-100-ml\/\",\"url\":\"https:\/\/www.eko-bio-natura.sk\/shop\/produkt\/prirodny-sibirsky-rakytnikovy-olej-aveo-100-ml\/\",\"name\":\"Pr\u00edrodn\u00fd sib\u00edrsky rakytn\u00edkov\u00fd olej \u2013 Aveo \u2013 100 ml - EKO-BIO-NATURA BIO OBCHOD\",\"isPartOf\":{\"@id\":\"https:\/\/www.eko-bio-natura.sk\/shop\/#website\"},\"primaryImageOfPage\":{\"@id\":\"https:\/\/www.eko-bio-natura.sk\/shop\/produkt\/prirodny-sibirsky-rakytnikovy-olej-aveo-100-ml\/#primaryimage\"},\"image\":{\"@id\":\"https:\/\/www.eko-bio-natura.sk\/shop\/produkt\/prirodny-sibirsky-rakytnikovy-olej-aveo-100-ml\/#primaryimage\"},\"thumbnailUrl\":\"https:\/\/www.eko-bio-natura.sk\/shop\/wp-content\/uploads\/2021\/12\/13382-3_voi-1285.jpg\",\"datePublished\":\"2021-12-28T17:14:51+00:00\",\"dateModified\":\"2022-05-04T14:41:02+00:00\",\"breadcrumb\":{\"@id\":\"https:\/\/www.eko-bio-natura.sk\/shop\/produkt\/prirodny-sibirsky-rakytnikovy-olej-aveo-100-ml\/#breadcrumb\"},\"inLanguage\":\"sk-SK\",\"potentialAction\":[{\"@type\":\"ReadAction\",\"target\":[\"https:\/\/www.eko-bio-natura.sk\/shop\/produkt\/prirodny-sibirsky-rakytnikovy-olej-aveo-100-ml\/\"]}]},{\"@type\":\"ImageObject\",\"inLanguage\":\"sk-SK\",\"@id\":\"https:\/\/www.eko-bio-natura.sk\/shop\/produkt\/prirodny-sibirsky-rakytnikovy-olej-aveo-100-ml\/#primaryimage\",\"url\":\"https:\/\/www.eko-bio-natura.sk\/shop\/wp-content\/uploads\/2021\/12\/13382-3_voi-1285.jpg\",\"contentUrl\":\"https:\/\/www.eko-bio-natura.sk\/shop\/wp-content\/uploads\/2021\/12\/13382-3_voi-1285.jpg\",\"width\":1524,\"height\":2284},{\"@type\":\"BreadcrumbList\",\"@id\":\"https:\/\/www.eko-bio-natura.sk\/shop\/produkt\/prirodny-sibirsky-rakytnikovy-olej-aveo-100-ml\/#breadcrumb\",\"itemListElement\":[{\"@type\":\"ListItem\",\"position\":1,\"name\":\"Domovsk\u00e1 str\u00e1nka\",\"item\":\"https:\/\/www.eko-bio-natura.sk\/shop\/\"},{\"@type\":\"ListItem\",\"position\":2,\"name\":\"Obchod\",\"item\":\"https:\/\/www.eko-bio-natura.sk\/shop\/?page_id=6\"},{\"@type\":\"ListItem\",\"position\":3,\"name\":\"Pr\u00edrodn\u00fd sib\u00edrsky rakytn\u00edkov\u00fd olej \u2013 Aveo \u2013 100 ml\"}]},{\"@type\":\"WebSite\",\"@id\":\"https:\/\/www.eko-bio-natura.sk\/shop\/#website\",\"url\":\"https:\/\/www.eko-bio-natura.sk\/shop\/\",\"name\":\"EKO-BIO-NATURA BIO OBCHOD\",\"description\":\"\",\"publisher\":{\"@id\":\"https:\/\/www.eko-bio-natura.sk\/shop\/#organization\"},\"potentialAction\":[{\"@type\":\"SearchAction\",\"target\":{\"@type\":\"EntryPoint\",\"urlTemplate\":\"https:\/\/www.eko-bio-natura.sk\/shop\/?s={search_term_string}\"},\"query-input\":{\"@type\":\"PropertyValueSpecification\",\"valueRequired\":true,\"valueName\":\"search_term_string\"}}],\"inLanguage\":\"sk-SK\"},{\"@type\":\"Organization\",\"@id\":\"https:\/\/www.eko-bio-natura.sk\/shop\/#organization\",\"name\":\"EKO-BIO-NATURA BIO OBCHOD\",\"url\":\"https:\/\/www.eko-bio-natura.sk\/shop\/\",\"logo\":{\"@type\":\"ImageObject\",\"inLanguage\":\"sk-SK\",\"@id\":\"https:\/\/www.eko-bio-natura.sk\/shop\/#\/schema\/logo\/image\/\",\"url\":\"https:\/\/www.eko-bio-natura.sk\/shop\/wp-content\/uploads\/2021\/04\/eko-bio-natura_logo.png\",\"contentUrl\":\"https:\/\/www.eko-bio-natura.sk\/shop\/wp-content\/uploads\/2021\/04\/eko-bio-natura_logo.png\",\"width\":552,\"height\":194,\"caption\":\"EKO-BIO-NATURA BIO OBCHOD\"},\"image\":{\"@id\":\"https:\/\/www.eko-bio-natura.sk\/shop\/#\/schema\/logo\/image\/\"}}]}<\/script>\n<!-- \/ Yoast SEO plugin. -->","yoast_head_json":{"title":"Pr\u00edrodn\u00fd sib\u00edrsky rakytn\u00edkov\u00fd olej \u2013 Aveo \u2013 100 ml - EKO-BIO-NATURA BIO OBCHOD","robots":{"index":"index","follow":"follow","max-snippet":"max-snippet:-1","max-image-preview":"max-image-preview:large","max-video-preview":"max-video-preview:-1"},"canonical":"https:\/\/www.eko-bio-natura.sk\/shop\/produkt\/prirodny-sibirsky-rakytnikovy-olej-aveo-100-ml\/","og_locale":"sk_SK","og_type":"article","og_title":"Pr\u00edrodn\u00fd sib\u00edrsky rakytn\u00edkov\u00fd olej \u2013 Aveo \u2013 100 ml - EKO-BIO-NATURA BIO OBCHOD","og_description":"Rakytn\u00edkov\u00fd olej sa z\u00edskava z&nbsp;plodov rakytn\u00edka re\u0161etliakov\u00e9ho. Vyu\u017eitie: Tento lie\u010div\u00fd pr\u00edpravok sa \u010dasto a&nbsp;\u00fa\u010dinne pou\u017e\u00edva ako multivitam\u00edn. Regenera\u010dn\u00e1 schopnos\u0165 oleja z&nbsp;rakytn\u00edka v\u00fdznamne zvy\u0161uje odolnos\u0165 tela. Olej pom\u00e1ha vyrovna\u0165 sa s&nbsp;nedostatkom vitam\u00ednov, zvy\u0161uje fyzick\u00fa aktivitu pri ast\u00e9nii a&nbsp;posil\u0148uje imunitn\u00fd syst\u00e9m. Toto hojiv\u00e9 \u010dinidlo je u\u017eito\u010dn\u00e9 v&nbsp;pr\u00edpadoch, kedy do\u0161lo k&nbsp;prenosu z\u00e1va\u017en\u00fdch infek\u010dn\u00fdch ochoreniach. Pokia\u013e dostanete chr\u00edpku, mo\u017eno [&hellip;]","og_url":"https:\/\/www.eko-bio-natura.sk\/shop\/produkt\/prirodny-sibirsky-rakytnikovy-olej-aveo-100-ml\/","og_site_name":"EKO-BIO-NATURA BIO OBCHOD","article_modified_time":"2022-05-04T14:41:02+00:00","og_image":[{"width":1524,"height":2284,"url":"https:\/\/www.eko-bio-natura.sk\/shop\/wp-content\/uploads\/2021\/12\/13382-3_voi-1285.jpg","type":"image\/jpeg"}],"twitter_card":"summary_large_image","twitter_misc":{"Predpokladan\u00fd \u010das \u010d\u00edtania":"1 min\u00fata"},"schema":{"@context":"https:\/\/schema.org","@graph":[{"@type":"WebPage","@id":"https:\/\/www.eko-bio-natura.sk\/shop\/produkt\/prirodny-sibirsky-rakytnikovy-olej-aveo-100-ml\/","url":"https:\/\/www.eko-bio-natura.sk\/shop\/produkt\/prirodny-sibirsky-rakytnikovy-olej-aveo-100-ml\/","name":"Pr\u00edrodn\u00fd sib\u00edrsky rakytn\u00edkov\u00fd olej \u2013 Aveo \u2013 100 ml - EKO-BIO-NATURA BIO OBCHOD","isPartOf":{"@id":"https:\/\/www.eko-bio-natura.sk\/shop\/#website"},"primaryImageOfPage":{"@id":"https:\/\/www.eko-bio-natura.sk\/shop\/produkt\/prirodny-sibirsky-rakytnikovy-olej-aveo-100-ml\/#primaryimage"},"image":{"@id":"https:\/\/www.eko-bio-natura.sk\/shop\/produkt\/prirodny-sibirsky-rakytnikovy-olej-aveo-100-ml\/#primaryimage"},"thumbnailUrl":"https:\/\/www.eko-bio-natura.sk\/shop\/wp-content\/uploads\/2021\/12\/13382-3_voi-1285.jpg","datePublished":"2021-12-28T17:14:51+00:00","dateModified":"2022-05-04T14:41:02+00:00","breadcrumb":{"@id":"https:\/\/www.eko-bio-natura.sk\/shop\/produkt\/prirodny-sibirsky-rakytnikovy-olej-aveo-100-ml\/#breadcrumb"},"inLanguage":"sk-SK","potentialAction":[{"@type":"ReadAction","target":["https:\/\/www.eko-bio-natura.sk\/shop\/produkt\/prirodny-sibirsky-rakytnikovy-olej-aveo-100-ml\/"]}]},{"@type":"ImageObject","inLanguage":"sk-SK","@id":"https:\/\/www.eko-bio-natura.sk\/shop\/produkt\/prirodny-sibirsky-rakytnikovy-olej-aveo-100-ml\/#primaryimage","url":"https:\/\/www.eko-bio-natura.sk\/shop\/wp-content\/uploads\/2021\/12\/13382-3_voi-1285.jpg","contentUrl":"https:\/\/www.eko-bio-natura.sk\/shop\/wp-content\/uploads\/2021\/12\/13382-3_voi-1285.jpg","width":1524,"height":2284},{"@type":"BreadcrumbList","@id":"https:\/\/www.eko-bio-natura.sk\/shop\/produkt\/prirodny-sibirsky-rakytnikovy-olej-aveo-100-ml\/#breadcrumb","itemListElement":[{"@type":"ListItem","position":1,"name":"Domovsk\u00e1 str\u00e1nka","item":"https:\/\/www.eko-bio-natura.sk\/shop\/"},{"@type":"ListItem","position":2,"name":"Obchod","item":"https:\/\/www.eko-bio-natura.sk\/shop\/?page_id=6"},{"@type":"ListItem","position":3,"name":"Pr\u00edrodn\u00fd sib\u00edrsky rakytn\u00edkov\u00fd olej \u2013 Aveo \u2013 100 ml"}]},{"@type":"WebSite","@id":"https:\/\/www.eko-bio-natura.sk\/shop\/#website","url":"https:\/\/www.eko-bio-natura.sk\/shop\/","name":"EKO-BIO-NATURA BIO OBCHOD","description":"","publisher":{"@id":"https:\/\/www.eko-bio-natura.sk\/shop\/#organization"},"potentialAction":[{"@type":"SearchAction","target":{"@type":"EntryPoint","urlTemplate":"https:\/\/www.eko-bio-natura.sk\/shop\/?s={search_term_string}"},"query-input":{"@type":"PropertyValueSpecification","valueRequired":true,"valueName":"search_term_string"}}],"inLanguage":"sk-SK"},{"@type":"Organization","@id":"https:\/\/www.eko-bio-natura.sk\/shop\/#organization","name":"EKO-BIO-NATURA BIO OBCHOD","url":"https:\/\/www.eko-bio-natura.sk\/shop\/","logo":{"@type":"ImageObject","inLanguage":"sk-SK","@id":"https:\/\/www.eko-bio-natura.sk\/shop\/#\/schema\/logo\/image\/","url":"https:\/\/www.eko-bio-natura.sk\/shop\/wp-content\/uploads\/2021\/04\/eko-bio-natura_logo.png","contentUrl":"https:\/\/www.eko-bio-natura.sk\/shop\/wp-content\/uploads\/2021\/04\/eko-bio-natura_logo.png","width":552,"height":194,"caption":"EKO-BIO-NATURA BIO OBCHOD"},"image":{"@id":"https:\/\/www.eko-bio-natura.sk\/shop\/#\/schema\/logo\/image\/"}}]}},"_links":{"self":[{"href":"https:\/\/www.eko-bio-natura.sk\/shop\/wp-json\/wp\/v2\/product\/7606","targetHints":{"allow":["GET"]}}],"collection":[{"href":"https:\/\/www.eko-bio-natura.sk\/shop\/wp-json\/wp\/v2\/product"}],"about":[{"href":"https:\/\/www.eko-bio-natura.sk\/shop\/wp-json\/wp\/v2\/types\/product"}],"replies":[{"embeddable":true,"href":"https:\/\/www.eko-bio-natura.sk\/shop\/wp-json\/wp\/v2\/comments?post=7606"}],"wp:featuredmedia":[{"embeddable":true,"href":"https:\/\/www.eko-bio-natura.sk\/shop\/wp-json\/wp\/v2\/media\/7607"}],"wp:attachment":[{"href":"https:\/\/www.eko-bio-natura.sk\/shop\/wp-json\/wp\/v2\/media?parent=7606"}],"wp:term":[{"taxonomy":"product_brand","embeddable":true,"href":"https:\/\/www.eko-bio-natura.sk\/shop\/wp-json\/wp\/v2\/product_brand?post=7606"},{"taxonomy":"product_cat","embeddable":true,"href":"https:\/\/www.eko-bio-natura.sk\/shop\/wp-json\/wp\/v2\/product_cat?post=7606"},{"taxonomy":"product_tag","embeddable":true,"href":"https:\/\/www.eko-bio-natura.sk\/shop\/wp-json\/wp\/v2\/product_tag?post=7606"}],"curies":[{"name":"wp","href":"https:\/\/api.w.org\/{rel}","templated":true}]}}