{"id":7604,"date":"2021-12-28T18:14:51","date_gmt":"2021-12-28T17:14:51","guid":{"rendered":"https:\/\/www.eko-bio-natura.sk\/shop\/index.php\/produkt\/cistiaci-a-odlicovaci-olej-anti-age-solution-by-kvitok-100-ml\/"},"modified":"2021-12-28T18:14:54","modified_gmt":"2021-12-28T17:14:54","slug":"cistiaci-a-odlicovaci-olej-anti-age-solution-by-kvitok-100-ml","status":"publish","type":"product","link":"https:\/\/www.eko-bio-natura.sk\/shop\/produkt\/cistiaci-a-odlicovaci-olej-anti-age-solution-by-kvitok-100-ml\/","title":{"rendered":"\u010cistiaci a odli\u010dovac\u00ed olej \u2013 ANTI AGE &#8211; Solution by Kvitok &#8211; 100 ml"},"content":{"rendered":"<p><span style=\"font-family: verdana, geneva; font-size: 12pt;\"><strong>Jemn\u00fd hydrata\u010dn\u00fd \u010distiaci olej ANTI AGE z kolekcie Solution:<\/strong><\/span><\/p>\n<ul>\n<li><span style=\"font-family: verdana, geneva; font-size: 12pt;\">jemne a d\u00f4kladne zbavuje ple\u0165&nbsp;ne\u010dist\u00f4t z vonkaj\u0161ieho prostredia&nbsp;a zvy\u0161kov dekorat\u00edvnej kozmetiky&nbsp;\u010d\u00edm zvy\u0161uje efekt\u00edvnos\u0165 \u010fal\u0161ieho&nbsp;o\u0161etrenia<\/span><\/li>\n<li><span style=\"font-family: verdana, geneva; font-size: 12pt;\">zabra\u0148uje vys\u00fa\u0161aniu s oh\u013eadom&nbsp;na prirodzen\u00fd ochrann\u00fd film&nbsp;poko\u017eky, \u010d\u00edm predch\u00e1dza&nbsp;starnutiu ko\u017ee<\/span><\/li>\n<li><span style=\"font-family: verdana, geneva; font-size: 12pt;\">v\u010faka obsahu klinicky testovanej&nbsp;l\u00e1tky Aquacacteen spev\u0148uje,&nbsp;upokojuje a napom\u00e1ha hydrat\u00e1cii<\/span><\/li>\n<\/ul>\n<p><span style=\"font-family: verdana, geneva; font-size: 12pt;\"><strong>Kolekcia Anti Age je ur\u010den\u00e1 pre:<\/strong><\/span><\/p>\n<p><span style=\"font-family: verdana, geneva; font-size: 12pt;\">VEK:&nbsp;28 rokov a viac<\/span><\/p>\n<p><span style=\"font-family: verdana, geneva; font-size: 12pt;\">TYP PLETI:&nbsp;zrel\u00e1, citliv\u00e1, dehydrovan\u00e1, such\u00e1 alebo naopak nadmerne sa mastiaca s v\u00fdskytom vyr\u00e1\u017eok<\/span><\/p>\n<p><span style=\"font-family: verdana, geneva; font-size: 12pt;\">RIE\u0160ENIE PRE:&nbsp;\u201es\u0165ahovanie\u201c pleti, strata pru\u017enosti, roz\u0161\u00edren\u00e9 p\u00f3ry, pigmentov\u00e9 \u0161kvrny, vr\u00e1sky, dehydrat\u00e1cia<\/span><\/p>\n<p><span style=\"font-family: verdana, geneva; font-size: 12pt;\">Odl\u00ed\u010denie a&nbsp;\u010distenie pleti je&nbsp;z\u00e1sadn\u00fdm krokom&nbsp;pri&nbsp;starostlivosti o&nbsp;ple\u0165.&nbsp;Ak tento krok vynech\u00e1te, \u010fal\u0161ia starostlivos\u0165 o ple\u0165 u\u017e nem\u00e1 zmysel. Ak ple\u0165 nie je \u010dist\u00e1, doch\u00e1dza k zan\u00e1\u0161aniu p\u00f3rov, vzniku z\u00e1palov, vyr\u00e1\u017eok, akn\u00e9, spomaleniu regener\u00e1cie poko\u017eky, \u010di zn\u00ed\u017eeniu \u00fa\u010dinkov kr\u00e9mov a in\u00fdch kozmetick\u00fdch produktov, ke\u010f\u017ee akt\u00edvne l\u00e1tky cez upchat\u00e9 p\u00f3ry nedok\u00e1\u017eu prech\u00e1dza\u0165.<\/span><\/p>\n<p><span style=\"font-family: verdana, geneva; font-size: 12pt;\">\u010cistiace oleje&nbsp;jemne a&nbsp;\u0161etrne \u010distia a z\u00e1rove\u0148 nenar\u00fa\u0161aj\u00fa prirodzen\u00fd ochrann\u00fd film na\u0161ej poko\u017eky, na rozdiel od mydiel, tenzidov\u00fdch \u010distiacich pr\u00edpravkov (napr. micel\u00e1rne vody) \u010di pr\u00edpravkov s obsahom alkoholu. V&nbsp;olejovej f\u00e1ze sa rozp\u00fa\u0161\u0165aj\u00fa ne\u010distoty rozpustn\u00e9 v&nbsp;tukoch (napr.&nbsp;odpadov\u00e9 l\u00e1tky, ktor\u00e9 vylu\u010duje na\u0161e telo cez poko\u017eku), preto je d\u00f4le\u017eit\u00e9 olej z&nbsp;poko\u017eky odstr\u00e1ni\u0165 vodou, ktor\u00e1 z\u00e1rove\u0148 odstr\u00e1ni ne\u010distoty v nej rozpustn\u00e9 (napr.&nbsp;ne\u010distoty z&nbsp;vonkaj\u0161ieho prostredia).<\/span><\/p>\n<p><span style=\"font-family: verdana, geneva; font-size: 12pt;\"><strong>\u010cistiaci a odli\u010dovac\u00ed olej Anti Age obsahuje:&nbsp;<\/strong><\/span><\/p>\n<ul>\n<li><span style=\"font-family: verdana, geneva; font-size: 12pt;\"><strong>Zmes&nbsp;rastlinn\u00fdch olejov&nbsp;(mand\u013eov\u00fd, marhu\u013eov\u00fd, makov\u00fd a jahodov\u00fd)<\/strong>&nbsp;jemne a d\u00f4kladne zbavuje ple\u0165&nbsp;ne\u010dist\u00f4t z vonkaj\u0161ieho prostredia&nbsp;a zvy\u0161kov dekorat\u00edvnej kozmetiky. <\/span><\/li>\n<li><span style=\"font-family: verdana, geneva; font-size: 12pt;\">Je obohaten\u00e1 o klinicky testovan\u00fa akt\u00edvnu l\u00e1tku <strong>Aquacacteen<\/strong> \u2013&nbsp;<strong>extrakt z kaktusu Opuncia mexick\u00e1<\/strong>,&nbsp;ktor\u00fd upokojuje podr\u00e1\u017eden\u00fa poko\u017eku, zmier\u0148uje jej za\u010dervenanie a svrbenie. Ochra\u0148uje a&nbsp;spev\u0148uje ko\u017eu po vystaven\u00ed UV \u017eiareniu.<\/span><\/li>\n<\/ul>\n<p><span style=\"font-family: verdana, geneva; font-size: 12pt;\">Dod\u00e1va poko\u017eke vodu via\u017e\u00face l\u00e1tky, v\u010faka ktor\u00fdm je zabezpe\u010den\u00e1 dlhotrvaj\u00faca hydrat\u00e1cia, pevnej\u0161ia a&nbsp;vit\u00e1lnej\u0161ia ple\u0165, a to dokonca aj po opl\u00e1chnut\u00ed.<\/span><\/p>\n<p><span style=\"font-family: verdana, geneva; font-size: 12pt;\"><\/span><span style=\"font-family: verdana, geneva; font-size: 12pt;\"><strong>Sp\u00f4sob pou\u017eitia<\/strong>:&nbsp;Naneste mal\u00e9 mno\u017estvo oleja na such\u00fa ple\u0165, d\u00f4kladne premas\u00edrujte, aby sa ne\u010distoty zachytili v oleji. Olej zotrite vlhk\u00fdm tamp\u00f3nom alebo opl\u00e1chnite teplou vodou. Do\u010distite toniza\u010dnou ple\u0165ovou vodou, naneste s\u00e9rum a ple\u0165ov\u00fd kr\u00e9m pod\u013ea V\u00e1\u0161ho typu pleti. Pre odstr\u00e1nenie o\u010dn\u00e9ho make-upu naneste olej priamo na navlh\u010den\u00fd tamp\u00f3n a jemne odstr\u00e1\u0148te make-up. Pou\u017e\u00edvajte r\u00e1no a ve\u010der.<\/span><\/p>\n<p><span style=\"font-family: verdana, geneva; font-size: 12pt;\">Pri styku s vodou sa olej men\u00ed na jemn\u00fa mlie\u010dnu emulziu, ktor\u00e1 odstra\u0148uje ne\u010distoty z poko\u017eky, pri\u010dom rastlinn\u00e9 oleje lisovan\u00e9 za studena ju zbavuj\u00fa ne\u010dist\u00f4t, ktor\u00e9 s\u00fa rozpustn\u00e9 v tukoch, udr\u017eiavaj\u00fa jej hydrat\u00e1ciu, zabra\u0148uj\u00fa vys\u00fa\u0161aniu a zanech\u00e1vaj\u00fa ju jemn\u00fa a hebk\u00fa.<\/span><\/p>\n<p><span style=\"font-family: verdana, geneva; font-size: 12pt;\"><strong>Skladovanie:&nbsp;<\/strong>Skladujte na suchom a tmavom mieste, mimo dosahu det\u00ed. Vyhnite sa priamemu kontaktu s o\u010dami. Pri zasiahnut\u00ed o\u010d\u00ed vypl\u00e1chnite vodou.<\/span><\/p>\n<p><span face=\"verdana, geneva\" style=\"font-family: verdana, geneva; font-size: 12pt;\"><strong>Upozornenie:&nbsp;<\/strong>Pred prv\u00fdm pou\u017eit\u00edm produktu odpor\u00fa\u010dame urobi\u0165 test citlivosti.&nbsp;<\/span><\/p>\n<p>&nbsp;<\/p>\n<p><span style=\"font-family: verdana, geneva; font-size: 12pt;\"><strong><img decoding=\"async\" src=\"https:\/\/www.herbatica.sk\/user\/documents\/upload\/zlozenia\/3219.jpg\" alt=\"3219\" \/><\/strong><\/span><\/p>\n<p><span style=\"font-family: verdana, geneva; font-size: 12pt;\"><strong>Objem<\/strong>: 100 ml <\/span><\/p>\n<p><span style=\"font-family: verdana, geneva; font-size: 12pt;\"><strong>Krajina p\u00f4vodu:<\/strong> Slovensko<\/span><\/p>\n<p><span style=\"font-family: verdana, geneva; font-size: 12pt;\">&nbsp;<\/span><\/p>\n","protected":false},"excerpt":{"rendered":"<p>Jemn\u00fd hydrata\u010dn\u00fd \u010distiaci olej ANTI AGE z kolekcie Solution: jemne a d\u00f4kladne zbavuje ple\u0165&nbsp;ne\u010dist\u00f4t z vonkaj\u0161ieho prostredia&nbsp;a zvy\u0161kov dekorat\u00edvnej kozmetiky&nbsp;\u010d\u00edm zvy\u0161uje efekt\u00edvnos\u0165 \u010fal\u0161ieho&nbsp;o\u0161etrenia zabra\u0148uje vys\u00fa\u0161aniu s oh\u013eadom&nbsp;na prirodzen\u00fd ochrann\u00fd film&nbsp;poko\u017eky, \u010d\u00edm predch\u00e1dza&nbsp;starnutiu ko\u017ee v\u010faka obsahu klinicky testovanej&nbsp;l\u00e1tky Aquacacteen spev\u0148uje,&nbsp;upokojuje a napom\u00e1ha hydrat\u00e1cii Kolekcia Anti Age je ur\u010den\u00e1 pre: VEK:&nbsp;28 rokov a viac TYP PLETI:&nbsp;zrel\u00e1, citliv\u00e1, [&hellip;]<\/p>\n","protected":false},"featured_media":7605,"comment_status":"open","ping_status":"open","template":"","meta":{"site-sidebar-layout":"default","site-content-layout":"","ast-site-content-layout":"default","site-content-style":"default","site-sidebar-style":"default","ast-global-header-display":"","ast-banner-title-visibility":"","ast-main-header-display":"","ast-hfb-above-header-display":"","ast-hfb-below-header-display":"","ast-hfb-mobile-header-display":"","site-post-title":"","ast-breadcrumbs-content":"","ast-featured-img":"","footer-sml-layout":"","ast-disable-related-posts":"","theme-transparent-header-meta":"","adv-header-id-meta":"","stick-header-meta":"","header-above-stick-meta":"","header-main-stick-meta":"","header-below-stick-meta":"","astra-migrate-meta-layouts":"default","ast-page-background-enabled":"default","ast-page-background-meta":{"desktop":{"background-color":"","background-image":"","background-repeat":"repeat","background-position":"center center","background-size":"auto","background-attachment":"scroll","background-type":"","background-media":"","overlay-type":"","overlay-color":"","overlay-opacity":"","overlay-gradient":""},"tablet":{"background-color":"","background-image":"","background-repeat":"repeat","background-position":"center center","background-size":"auto","background-attachment":"scroll","background-type":"","background-media":"","overlay-type":"","overlay-color":"","overlay-opacity":"","overlay-gradient":""},"mobile":{"background-color":"","background-image":"","background-repeat":"repeat","background-position":"center center","background-size":"auto","background-attachment":"scroll","background-type":"","background-media":"","overlay-type":"","overlay-color":"","overlay-opacity":"","overlay-gradient":""}},"ast-content-background-meta":{"desktop":{"background-color":"var(--ast-global-color-5)","background-image":"","background-repeat":"repeat","background-position":"center center","background-size":"auto","background-attachment":"scroll","background-type":"","background-media":"","overlay-type":"","overlay-color":"","overlay-opacity":"","overlay-gradient":""},"tablet":{"background-color":"var(--ast-global-color-5)","background-image":"","background-repeat":"repeat","background-position":"center center","background-size":"auto","background-attachment":"scroll","background-type":"","background-media":"","overlay-type":"","overlay-color":"","overlay-opacity":"","overlay-gradient":""},"mobile":{"background-color":"var(--ast-global-color-5)","background-image":"","background-repeat":"repeat","background-position":"center center","background-size":"auto","background-attachment":"scroll","background-type":"","background-media":"","overlay-type":"","overlay-color":"","overlay-opacity":"","overlay-gradient":""}}},"product_brand":[],"product_cat":[31],"product_tag":[],"class_list":{"0":"post-7604","1":"product","2":"type-product","3":"status-publish","4":"has-post-thumbnail","6":"product_cat-pletova-kozmetika","7":"pa_cena-dopravy-367","8":"pa_doprava-zasilkovna","9":"pa_ean-897","10":"pa_typ-partnersky-predaj","11":"pa_znacka-kvitok","12":"desktop-align-left","13":"tablet-align-left","14":"mobile-align-left","16":"first","17":"instock","18":"product-type-external"},"yoast_head":"<!-- This site is optimized with the Yoast SEO plugin v27.2 - https:\/\/yoast.com\/product\/yoast-seo-wordpress\/ -->\n<title>\u010cistiaci a odli\u010dovac\u00ed olej \u2013 ANTI AGE - Solution by Kvitok - 100 ml - EKO-BIO-NATURA BIO OBCHOD<\/title>\n<meta name=\"robots\" content=\"index, follow, max-snippet:-1, max-image-preview:large, max-video-preview:-1\" \/>\n<link rel=\"canonical\" href=\"https:\/\/www.eko-bio-natura.sk\/shop\/produkt\/cistiaci-a-odlicovaci-olej-anti-age-solution-by-kvitok-100-ml\/\" \/>\n<meta property=\"og:locale\" content=\"sk_SK\" \/>\n<meta property=\"og:type\" content=\"article\" \/>\n<meta property=\"og:title\" content=\"\u010cistiaci a odli\u010dovac\u00ed olej \u2013 ANTI AGE - Solution by Kvitok - 100 ml - EKO-BIO-NATURA BIO OBCHOD\" \/>\n<meta property=\"og:description\" content=\"Jemn\u00fd hydrata\u010dn\u00fd \u010distiaci olej ANTI AGE z kolekcie Solution: jemne a d\u00f4kladne zbavuje ple\u0165&nbsp;ne\u010dist\u00f4t z vonkaj\u0161ieho prostredia&nbsp;a zvy\u0161kov dekorat\u00edvnej kozmetiky&nbsp;\u010d\u00edm zvy\u0161uje efekt\u00edvnos\u0165 \u010fal\u0161ieho&nbsp;o\u0161etrenia zabra\u0148uje vys\u00fa\u0161aniu s oh\u013eadom&nbsp;na prirodzen\u00fd ochrann\u00fd film&nbsp;poko\u017eky, \u010d\u00edm predch\u00e1dza&nbsp;starnutiu ko\u017ee v\u010faka obsahu klinicky testovanej&nbsp;l\u00e1tky Aquacacteen spev\u0148uje,&nbsp;upokojuje a napom\u00e1ha hydrat\u00e1cii Kolekcia Anti Age je ur\u010den\u00e1 pre: VEK:&nbsp;28 rokov a viac TYP PLETI:&nbsp;zrel\u00e1, citliv\u00e1, [&hellip;]\" \/>\n<meta property=\"og:url\" content=\"https:\/\/www.eko-bio-natura.sk\/shop\/produkt\/cistiaci-a-odlicovaci-olej-anti-age-solution-by-kvitok-100-ml\/\" \/>\n<meta property=\"og:site_name\" content=\"EKO-BIO-NATURA BIO OBCHOD\" \/>\n<meta property=\"article:modified_time\" content=\"2021-12-28T17:14:54+00:00\" \/>\n<meta property=\"og:image\" content=\"https:\/\/www.eko-bio-natura.sk\/shop\/wp-content\/uploads\/2021\/12\/13346_cistiaci-olej-anti-age.jpg\" \/>\n\t<meta property=\"og:image:width\" content=\"1500\" \/>\n\t<meta property=\"og:image:height\" content=\"1000\" \/>\n\t<meta property=\"og:image:type\" content=\"image\/jpeg\" \/>\n<meta name=\"twitter:card\" content=\"summary_large_image\" \/>\n<meta name=\"twitter:label1\" content=\"Predpokladan\u00fd \u010das \u010d\u00edtania\" \/>\n\t<meta name=\"twitter:data1\" content=\"3 min\u00faty\" \/>\n<script type=\"application\/ld+json\" class=\"yoast-schema-graph\">{\"@context\":\"https:\/\/schema.org\",\"@graph\":[{\"@type\":\"WebPage\",\"@id\":\"https:\/\/www.eko-bio-natura.sk\/shop\/produkt\/cistiaci-a-odlicovaci-olej-anti-age-solution-by-kvitok-100-ml\/\",\"url\":\"https:\/\/www.eko-bio-natura.sk\/shop\/produkt\/cistiaci-a-odlicovaci-olej-anti-age-solution-by-kvitok-100-ml\/\",\"name\":\"\u010cistiaci a odli\u010dovac\u00ed olej \u2013 ANTI AGE - Solution by Kvitok - 100 ml - EKO-BIO-NATURA BIO OBCHOD\",\"isPartOf\":{\"@id\":\"https:\/\/www.eko-bio-natura.sk\/shop\/#website\"},\"primaryImageOfPage\":{\"@id\":\"https:\/\/www.eko-bio-natura.sk\/shop\/produkt\/cistiaci-a-odlicovaci-olej-anti-age-solution-by-kvitok-100-ml\/#primaryimage\"},\"image\":{\"@id\":\"https:\/\/www.eko-bio-natura.sk\/shop\/produkt\/cistiaci-a-odlicovaci-olej-anti-age-solution-by-kvitok-100-ml\/#primaryimage\"},\"thumbnailUrl\":\"https:\/\/www.eko-bio-natura.sk\/shop\/wp-content\/uploads\/2021\/12\/13346_cistiaci-olej-anti-age.jpg\",\"datePublished\":\"2021-12-28T17:14:51+00:00\",\"dateModified\":\"2021-12-28T17:14:54+00:00\",\"breadcrumb\":{\"@id\":\"https:\/\/www.eko-bio-natura.sk\/shop\/produkt\/cistiaci-a-odlicovaci-olej-anti-age-solution-by-kvitok-100-ml\/#breadcrumb\"},\"inLanguage\":\"sk-SK\",\"potentialAction\":[{\"@type\":\"ReadAction\",\"target\":[\"https:\/\/www.eko-bio-natura.sk\/shop\/produkt\/cistiaci-a-odlicovaci-olej-anti-age-solution-by-kvitok-100-ml\/\"]}]},{\"@type\":\"ImageObject\",\"inLanguage\":\"sk-SK\",\"@id\":\"https:\/\/www.eko-bio-natura.sk\/shop\/produkt\/cistiaci-a-odlicovaci-olej-anti-age-solution-by-kvitok-100-ml\/#primaryimage\",\"url\":\"https:\/\/www.eko-bio-natura.sk\/shop\/wp-content\/uploads\/2021\/12\/13346_cistiaci-olej-anti-age.jpg\",\"contentUrl\":\"https:\/\/www.eko-bio-natura.sk\/shop\/wp-content\/uploads\/2021\/12\/13346_cistiaci-olej-anti-age.jpg\",\"width\":1500,\"height\":1000},{\"@type\":\"BreadcrumbList\",\"@id\":\"https:\/\/www.eko-bio-natura.sk\/shop\/produkt\/cistiaci-a-odlicovaci-olej-anti-age-solution-by-kvitok-100-ml\/#breadcrumb\",\"itemListElement\":[{\"@type\":\"ListItem\",\"position\":1,\"name\":\"Domovsk\u00e1 str\u00e1nka\",\"item\":\"https:\/\/www.eko-bio-natura.sk\/shop\/\"},{\"@type\":\"ListItem\",\"position\":2,\"name\":\"Obchod\",\"item\":\"https:\/\/www.eko-bio-natura.sk\/shop\/?page_id=6\"},{\"@type\":\"ListItem\",\"position\":3,\"name\":\"\u010cistiaci a odli\u010dovac\u00ed olej \u2013 ANTI AGE &#8211; Solution by Kvitok &#8211; 100 ml\"}]},{\"@type\":\"WebSite\",\"@id\":\"https:\/\/www.eko-bio-natura.sk\/shop\/#website\",\"url\":\"https:\/\/www.eko-bio-natura.sk\/shop\/\",\"name\":\"EKO-BIO-NATURA BIO OBCHOD\",\"description\":\"\",\"publisher\":{\"@id\":\"https:\/\/www.eko-bio-natura.sk\/shop\/#organization\"},\"potentialAction\":[{\"@type\":\"SearchAction\",\"target\":{\"@type\":\"EntryPoint\",\"urlTemplate\":\"https:\/\/www.eko-bio-natura.sk\/shop\/?s={search_term_string}\"},\"query-input\":{\"@type\":\"PropertyValueSpecification\",\"valueRequired\":true,\"valueName\":\"search_term_string\"}}],\"inLanguage\":\"sk-SK\"},{\"@type\":\"Organization\",\"@id\":\"https:\/\/www.eko-bio-natura.sk\/shop\/#organization\",\"name\":\"EKO-BIO-NATURA BIO OBCHOD\",\"url\":\"https:\/\/www.eko-bio-natura.sk\/shop\/\",\"logo\":{\"@type\":\"ImageObject\",\"inLanguage\":\"sk-SK\",\"@id\":\"https:\/\/www.eko-bio-natura.sk\/shop\/#\/schema\/logo\/image\/\",\"url\":\"https:\/\/www.eko-bio-natura.sk\/shop\/wp-content\/uploads\/2021\/04\/eko-bio-natura_logo.png\",\"contentUrl\":\"https:\/\/www.eko-bio-natura.sk\/shop\/wp-content\/uploads\/2021\/04\/eko-bio-natura_logo.png\",\"width\":552,\"height\":194,\"caption\":\"EKO-BIO-NATURA BIO OBCHOD\"},\"image\":{\"@id\":\"https:\/\/www.eko-bio-natura.sk\/shop\/#\/schema\/logo\/image\/\"}}]}<\/script>\n<!-- \/ Yoast SEO plugin. -->","yoast_head_json":{"title":"\u010cistiaci a odli\u010dovac\u00ed olej \u2013 ANTI AGE - Solution by Kvitok - 100 ml - EKO-BIO-NATURA BIO OBCHOD","robots":{"index":"index","follow":"follow","max-snippet":"max-snippet:-1","max-image-preview":"max-image-preview:large","max-video-preview":"max-video-preview:-1"},"canonical":"https:\/\/www.eko-bio-natura.sk\/shop\/produkt\/cistiaci-a-odlicovaci-olej-anti-age-solution-by-kvitok-100-ml\/","og_locale":"sk_SK","og_type":"article","og_title":"\u010cistiaci a odli\u010dovac\u00ed olej \u2013 ANTI AGE - Solution by Kvitok - 100 ml - EKO-BIO-NATURA BIO OBCHOD","og_description":"Jemn\u00fd hydrata\u010dn\u00fd \u010distiaci olej ANTI AGE z kolekcie Solution: jemne a d\u00f4kladne zbavuje ple\u0165&nbsp;ne\u010dist\u00f4t z vonkaj\u0161ieho prostredia&nbsp;a zvy\u0161kov dekorat\u00edvnej kozmetiky&nbsp;\u010d\u00edm zvy\u0161uje efekt\u00edvnos\u0165 \u010fal\u0161ieho&nbsp;o\u0161etrenia zabra\u0148uje vys\u00fa\u0161aniu s oh\u013eadom&nbsp;na prirodzen\u00fd ochrann\u00fd film&nbsp;poko\u017eky, \u010d\u00edm predch\u00e1dza&nbsp;starnutiu ko\u017ee v\u010faka obsahu klinicky testovanej&nbsp;l\u00e1tky Aquacacteen spev\u0148uje,&nbsp;upokojuje a napom\u00e1ha hydrat\u00e1cii Kolekcia Anti Age je ur\u010den\u00e1 pre: VEK:&nbsp;28 rokov a viac TYP PLETI:&nbsp;zrel\u00e1, citliv\u00e1, [&hellip;]","og_url":"https:\/\/www.eko-bio-natura.sk\/shop\/produkt\/cistiaci-a-odlicovaci-olej-anti-age-solution-by-kvitok-100-ml\/","og_site_name":"EKO-BIO-NATURA BIO OBCHOD","article_modified_time":"2021-12-28T17:14:54+00:00","og_image":[{"width":1500,"height":1000,"url":"https:\/\/www.eko-bio-natura.sk\/shop\/wp-content\/uploads\/2021\/12\/13346_cistiaci-olej-anti-age.jpg","type":"image\/jpeg"}],"twitter_card":"summary_large_image","twitter_misc":{"Predpokladan\u00fd \u010das \u010d\u00edtania":"3 min\u00faty"},"schema":{"@context":"https:\/\/schema.org","@graph":[{"@type":"WebPage","@id":"https:\/\/www.eko-bio-natura.sk\/shop\/produkt\/cistiaci-a-odlicovaci-olej-anti-age-solution-by-kvitok-100-ml\/","url":"https:\/\/www.eko-bio-natura.sk\/shop\/produkt\/cistiaci-a-odlicovaci-olej-anti-age-solution-by-kvitok-100-ml\/","name":"\u010cistiaci a odli\u010dovac\u00ed olej \u2013 ANTI AGE - Solution by Kvitok - 100 ml - EKO-BIO-NATURA BIO OBCHOD","isPartOf":{"@id":"https:\/\/www.eko-bio-natura.sk\/shop\/#website"},"primaryImageOfPage":{"@id":"https:\/\/www.eko-bio-natura.sk\/shop\/produkt\/cistiaci-a-odlicovaci-olej-anti-age-solution-by-kvitok-100-ml\/#primaryimage"},"image":{"@id":"https:\/\/www.eko-bio-natura.sk\/shop\/produkt\/cistiaci-a-odlicovaci-olej-anti-age-solution-by-kvitok-100-ml\/#primaryimage"},"thumbnailUrl":"https:\/\/www.eko-bio-natura.sk\/shop\/wp-content\/uploads\/2021\/12\/13346_cistiaci-olej-anti-age.jpg","datePublished":"2021-12-28T17:14:51+00:00","dateModified":"2021-12-28T17:14:54+00:00","breadcrumb":{"@id":"https:\/\/www.eko-bio-natura.sk\/shop\/produkt\/cistiaci-a-odlicovaci-olej-anti-age-solution-by-kvitok-100-ml\/#breadcrumb"},"inLanguage":"sk-SK","potentialAction":[{"@type":"ReadAction","target":["https:\/\/www.eko-bio-natura.sk\/shop\/produkt\/cistiaci-a-odlicovaci-olej-anti-age-solution-by-kvitok-100-ml\/"]}]},{"@type":"ImageObject","inLanguage":"sk-SK","@id":"https:\/\/www.eko-bio-natura.sk\/shop\/produkt\/cistiaci-a-odlicovaci-olej-anti-age-solution-by-kvitok-100-ml\/#primaryimage","url":"https:\/\/www.eko-bio-natura.sk\/shop\/wp-content\/uploads\/2021\/12\/13346_cistiaci-olej-anti-age.jpg","contentUrl":"https:\/\/www.eko-bio-natura.sk\/shop\/wp-content\/uploads\/2021\/12\/13346_cistiaci-olej-anti-age.jpg","width":1500,"height":1000},{"@type":"BreadcrumbList","@id":"https:\/\/www.eko-bio-natura.sk\/shop\/produkt\/cistiaci-a-odlicovaci-olej-anti-age-solution-by-kvitok-100-ml\/#breadcrumb","itemListElement":[{"@type":"ListItem","position":1,"name":"Domovsk\u00e1 str\u00e1nka","item":"https:\/\/www.eko-bio-natura.sk\/shop\/"},{"@type":"ListItem","position":2,"name":"Obchod","item":"https:\/\/www.eko-bio-natura.sk\/shop\/?page_id=6"},{"@type":"ListItem","position":3,"name":"\u010cistiaci a odli\u010dovac\u00ed olej \u2013 ANTI AGE &#8211; Solution by Kvitok &#8211; 100 ml"}]},{"@type":"WebSite","@id":"https:\/\/www.eko-bio-natura.sk\/shop\/#website","url":"https:\/\/www.eko-bio-natura.sk\/shop\/","name":"EKO-BIO-NATURA BIO OBCHOD","description":"","publisher":{"@id":"https:\/\/www.eko-bio-natura.sk\/shop\/#organization"},"potentialAction":[{"@type":"SearchAction","target":{"@type":"EntryPoint","urlTemplate":"https:\/\/www.eko-bio-natura.sk\/shop\/?s={search_term_string}"},"query-input":{"@type":"PropertyValueSpecification","valueRequired":true,"valueName":"search_term_string"}}],"inLanguage":"sk-SK"},{"@type":"Organization","@id":"https:\/\/www.eko-bio-natura.sk\/shop\/#organization","name":"EKO-BIO-NATURA BIO OBCHOD","url":"https:\/\/www.eko-bio-natura.sk\/shop\/","logo":{"@type":"ImageObject","inLanguage":"sk-SK","@id":"https:\/\/www.eko-bio-natura.sk\/shop\/#\/schema\/logo\/image\/","url":"https:\/\/www.eko-bio-natura.sk\/shop\/wp-content\/uploads\/2021\/04\/eko-bio-natura_logo.png","contentUrl":"https:\/\/www.eko-bio-natura.sk\/shop\/wp-content\/uploads\/2021\/04\/eko-bio-natura_logo.png","width":552,"height":194,"caption":"EKO-BIO-NATURA BIO OBCHOD"},"image":{"@id":"https:\/\/www.eko-bio-natura.sk\/shop\/#\/schema\/logo\/image\/"}}]}},"_links":{"self":[{"href":"https:\/\/www.eko-bio-natura.sk\/shop\/wp-json\/wp\/v2\/product\/7604","targetHints":{"allow":["GET"]}}],"collection":[{"href":"https:\/\/www.eko-bio-natura.sk\/shop\/wp-json\/wp\/v2\/product"}],"about":[{"href":"https:\/\/www.eko-bio-natura.sk\/shop\/wp-json\/wp\/v2\/types\/product"}],"replies":[{"embeddable":true,"href":"https:\/\/www.eko-bio-natura.sk\/shop\/wp-json\/wp\/v2\/comments?post=7604"}],"wp:featuredmedia":[{"embeddable":true,"href":"https:\/\/www.eko-bio-natura.sk\/shop\/wp-json\/wp\/v2\/media\/7605"}],"wp:attachment":[{"href":"https:\/\/www.eko-bio-natura.sk\/shop\/wp-json\/wp\/v2\/media?parent=7604"}],"wp:term":[{"taxonomy":"product_brand","embeddable":true,"href":"https:\/\/www.eko-bio-natura.sk\/shop\/wp-json\/wp\/v2\/product_brand?post=7604"},{"taxonomy":"product_cat","embeddable":true,"href":"https:\/\/www.eko-bio-natura.sk\/shop\/wp-json\/wp\/v2\/product_cat?post=7604"},{"taxonomy":"product_tag","embeddable":true,"href":"https:\/\/www.eko-bio-natura.sk\/shop\/wp-json\/wp\/v2\/product_tag?post=7604"}],"curies":[{"name":"wp","href":"https:\/\/api.w.org\/{rel}","templated":true}]}}