{"id":7601,"date":"2021-12-28T18:14:51","date_gmt":"2021-12-28T17:14:51","guid":{"rendered":"https:\/\/www.eko-bio-natura.sk\/shop\/index.php\/produkt\/masticha-terapia-mastichove-zuvacky-s-prichutou-10ks-varianta-skorica\/"},"modified":"2022-05-04T16:41:01","modified_gmt":"2022-05-04T14:41:01","slug":"masticha-terapia-mastichove-zuvacky-s-prichutou-10ks-varianta-skorica","status":"publish","type":"product","link":"https:\/\/www.eko-bio-natura.sk\/shop\/produkt\/masticha-terapia-mastichove-zuvacky-s-prichutou-10ks-varianta-skorica\/","title":{"rendered":"Masticha Terapia Mastichov\u00e9 \u017euva\u010dky s pr\u00edchu\u0165ou &#8211; 10ks Varianta: \u0160korica"},"content":{"rendered":"<p><span style=\"font-family: verdana, geneva; font-size: 12pt;\">Mastichov\u00e9 \u017euva\u010dky&nbsp;maj\u00fa ove\u013ea <strong>\u0161ir\u0161ie pole p\u00f4sobnosti ne\u017e len zabezpe\u010denie svie\u017eeho dychu<\/strong> a chutnej pr\u00edchuti. Pr\u00e1ve v\u010faka obsahu&nbsp;<em>mastichy&nbsp;<\/em>p\u00f4sobia aj na zdravie \u00fastnej dutiny a m\u00f4\u017eu dopom\u00f4c\u0165 k zdrav\u00e9mu chrupu. Medzi naj\u010dastej\u0161ie znaky probl\u00e9mov v \u00fastnej dutine patr\u00ed zubn\u00fd kaz, zubn\u00fd povlak, nepr\u00edjemn\u00fd z\u00e1pach z \u00fast, \u010di paradent\u00f3za.<\/span><\/p>\n<p><span style=\"font-family: verdana, geneva; font-size: 12pt;\">\u010eal\u0161\u00ed v\u00fdznam&nbsp;mastichov\u00fdch \u017euva\u010diek&nbsp;mo\u017eno h\u013eada\u0165 v tom, \u017ee v\u010faka obsahu&nbsp;mastichy&nbsp;ich mo\u017eno pova\u017eova\u0165 za v\u00fd\u017eivov\u00fd doplnok, ktor\u00fd sa <strong>odpor\u00fa\u010da u\u017e\u00edva\u0165 aj pri \u017eal\u00fado\u010dn\u00fdch probl\u00e9moch<\/strong>.&nbsp;<em>Chiosk\u00e1 masticha<\/em>&nbsp;ako tak\u00e1 sa naj\u010dastej\u0161ie u\u017e\u00edva <strong>pri probl\u00e9moch s tr\u00e1viacim traktom za\u010d\u00ednaj\u00facim u\u017e v \u00fastnej dutine<\/strong>, preto \u017eut\u00edm&nbsp;mastichov\u00fdch \u017euva\u010diek&nbsp;m\u00f4\u017eeme prispie\u0165 k zdraviu \u017eal\u00fadka.<\/span><\/p>\n<p><span style=\"font-family: verdana, geneva; font-size: 12pt;\">Pre zv\u00fd\u0161enie \u00fa\u010dinkov mastichy sa odpor\u00fa\u010da okrem mastichov\u00fdch \u017euva\u010diek \u017eu\u0165 aj surov\u00fa (priemyselne neupraven\u00fa) chiosk\u00fa mastichu, \u010do je 100% masticha v podobe mastichov\u00fdch kry\u0161t\u00e1lov, naz\u00fdvan\u00fdch aj mastichov\u00e9 slzy, ktor\u00e9 poch\u00e1dzaj\u00fa priamo z ostrova Chios.<\/span><\/p>\n<p><span style=\"font-family: verdana, geneva; font-size: 12pt;\">Vybera\u0165 je mo\u017en\u00e9 zo 3 pr\u00edchut\u00ed, a to citr\u00f3n, \u0161korica, m\u00e4ta.<\/span><\/p>\n<h3><span style=\"font-family: verdana, geneva; font-size: 12pt;\"><strong>Odpor\u00fa\u010dan\u00e9 u\u017e\u00edvanie<\/strong>: 1-2 mastichov\u00e9 \u017euva\u010dky&nbsp;po ka\u017edom jedle<\/span><\/h3>\n<h3><span style=\"font-family: verdana, geneva; font-size: 12pt;\"><strong>Upozornenie:&nbsp;<\/strong>Stanoven\u00e1 denn\u00e1 d\u00e1vka sa nesmie presiahnu\u0165. Masticha sa neodpor\u00fa\u010da po\u017e\u00edva\u0165 tehotn\u00fdm \u017een\u00e1m, mal\u00fdm de\u0165om a osob\u00e1m alergick\u00fdm na \u017eivicu. Masticha nie je n\u00e1hradou pestrej stravy. Uchov\u00e1va\u0165 mimo dosahu mal\u00fdch det\u00ed.<\/span><\/h3>\n<p><span style=\"font-family: verdana, geneva; font-size: 12pt;\"><strong>Skladovanie:&nbsp;<\/strong>Mastichov\u00e9 \u017euva\u010dky skladujte v suchu pri teplote max 25\u00b0C v uzavretom obale.<\/span><\/p>\n<p>&nbsp;<\/p>\n<p><span style=\"font-family: verdana, geneva; font-size: 12pt;\"><strong><img decoding=\"async\" src=\"https:\/\/www.herbatica.sk\/user\/documents\/upload\/zlozenia\/3205.jpg\" alt=\"3205\" \/><\/strong><\/span><\/p>\n<p><span style=\"font-family: verdana, geneva; font-size: 12pt;\"><strong>Obsah balenia:<\/strong>&nbsp;13g &#8211; 10 ks&nbsp;<span lang=\"sk\">mastichov\u00fdch \u017euva\u010diek v jednom balen\u00ed<\/span><\/span><\/p>\n<p><span style=\"font-family: verdana, geneva; font-size: 12pt;\"><strong>Krajina p\u00f4vodu:<\/strong> Gr\u00e9cko<\/span><\/p>\n<p><span style=\"font-family: verdana, geneva; font-size: 12pt;\">&nbsp;<\/span><\/p>\n","protected":false},"excerpt":{"rendered":"<p>Mastichov\u00e9 \u017euva\u010dky&nbsp;maj\u00fa ove\u013ea \u0161ir\u0161ie pole p\u00f4sobnosti ne\u017e len zabezpe\u010denie svie\u017eeho dychu a chutnej pr\u00edchuti. Pr\u00e1ve v\u010faka obsahu&nbsp;mastichy&nbsp;p\u00f4sobia aj na zdravie \u00fastnej dutiny a m\u00f4\u017eu dopom\u00f4c\u0165 k zdrav\u00e9mu chrupu. Medzi naj\u010dastej\u0161ie znaky probl\u00e9mov v \u00fastnej dutine patr\u00ed zubn\u00fd kaz, zubn\u00fd povlak, nepr\u00edjemn\u00fd z\u00e1pach z \u00fast, \u010di paradent\u00f3za. \u010eal\u0161\u00ed v\u00fdznam&nbsp;mastichov\u00fdch \u017euva\u010diek&nbsp;mo\u017eno h\u013eada\u0165 v tom, \u017ee v\u010faka obsahu&nbsp;mastichy&nbsp;ich [&hellip;]<\/p>\n","protected":false},"featured_media":1284,"comment_status":"open","ping_status":"open","template":"","meta":{"site-sidebar-layout":"default","site-content-layout":"","ast-site-content-layout":"default","site-content-style":"default","site-sidebar-style":"default","ast-global-header-display":"","ast-banner-title-visibility":"","ast-main-header-display":"","ast-hfb-above-header-display":"","ast-hfb-below-header-display":"","ast-hfb-mobile-header-display":"","site-post-title":"","ast-breadcrumbs-content":"","ast-featured-img":"","footer-sml-layout":"","ast-disable-related-posts":"","theme-transparent-header-meta":"","adv-header-id-meta":"","stick-header-meta":"","header-above-stick-meta":"","header-main-stick-meta":"","header-below-stick-meta":"","astra-migrate-meta-layouts":"default","ast-page-background-enabled":"default","ast-page-background-meta":{"desktop":{"background-color":"","background-image":"","background-repeat":"repeat","background-position":"center center","background-size":"auto","background-attachment":"scroll","background-type":"","background-media":"","overlay-type":"","overlay-color":"","overlay-opacity":"","overlay-gradient":""},"tablet":{"background-color":"","background-image":"","background-repeat":"repeat","background-position":"center center","background-size":"auto","background-attachment":"scroll","background-type":"","background-media":"","overlay-type":"","overlay-color":"","overlay-opacity":"","overlay-gradient":""},"mobile":{"background-color":"","background-image":"","background-repeat":"repeat","background-position":"center center","background-size":"auto","background-attachment":"scroll","background-type":"","background-media":"","overlay-type":"","overlay-color":"","overlay-opacity":"","overlay-gradient":""}},"ast-content-background-meta":{"desktop":{"background-color":"var(--ast-global-color-5)","background-image":"","background-repeat":"repeat","background-position":"center center","background-size":"auto","background-attachment":"scroll","background-type":"","background-media":"","overlay-type":"","overlay-color":"","overlay-opacity":"","overlay-gradient":""},"tablet":{"background-color":"var(--ast-global-color-5)","background-image":"","background-repeat":"repeat","background-position":"center center","background-size":"auto","background-attachment":"scroll","background-type":"","background-media":"","overlay-type":"","overlay-color":"","overlay-opacity":"","overlay-gradient":""},"mobile":{"background-color":"var(--ast-global-color-5)","background-image":"","background-repeat":"repeat","background-position":"center center","background-size":"auto","background-attachment":"scroll","background-type":"","background-media":"","overlay-type":"","overlay-color":"","overlay-opacity":"","overlay-gradient":""}}},"product_brand":[],"product_cat":[109,47,192],"product_tag":[],"class_list":{"0":"post-7601","1":"product","2":"type-product","3":"status-publish","4":"has-post-thumbnail","6":"product_cat-sladkosti","7":"product_cat-slane-pochutiny-a-sladkosti","8":"product_cat-vyzivove-doplnky","9":"pa_cena-dopravy-367","10":"pa_doprava-zasilkovna","11":"pa_typ-partnersky-predaj","12":"pa_znacka-masticha-terapia","13":"desktop-align-left","14":"tablet-align-left","15":"mobile-align-left","17":"first","18":"instock","19":"product-type-external"},"yoast_head":"<!-- This site is optimized with the Yoast SEO plugin v27.2 - https:\/\/yoast.com\/product\/yoast-seo-wordpress\/ -->\n<title>Masticha Terapia Mastichov\u00e9 \u017euva\u010dky s pr\u00edchu\u0165ou - 10ks Varianta: \u0160korica - EKO-BIO-NATURA BIO OBCHOD<\/title>\n<meta name=\"robots\" content=\"index, follow, max-snippet:-1, max-image-preview:large, max-video-preview:-1\" \/>\n<link rel=\"canonical\" href=\"https:\/\/www.eko-bio-natura.sk\/shop\/produkt\/masticha-terapia-mastichove-zuvacky-s-prichutou-10ks-varianta-skorica\/\" \/>\n<meta property=\"og:locale\" content=\"sk_SK\" \/>\n<meta property=\"og:type\" content=\"article\" \/>\n<meta property=\"og:title\" content=\"Masticha Terapia Mastichov\u00e9 \u017euva\u010dky s pr\u00edchu\u0165ou - 10ks Varianta: \u0160korica - EKO-BIO-NATURA BIO OBCHOD\" \/>\n<meta property=\"og:description\" content=\"Mastichov\u00e9 \u017euva\u010dky&nbsp;maj\u00fa ove\u013ea \u0161ir\u0161ie pole p\u00f4sobnosti ne\u017e len zabezpe\u010denie svie\u017eeho dychu a chutnej pr\u00edchuti. Pr\u00e1ve v\u010faka obsahu&nbsp;mastichy&nbsp;p\u00f4sobia aj na zdravie \u00fastnej dutiny a m\u00f4\u017eu dopom\u00f4c\u0165 k zdrav\u00e9mu chrupu. Medzi naj\u010dastej\u0161ie znaky probl\u00e9mov v \u00fastnej dutine patr\u00ed zubn\u00fd kaz, zubn\u00fd povlak, nepr\u00edjemn\u00fd z\u00e1pach z \u00fast, \u010di paradent\u00f3za. \u010eal\u0161\u00ed v\u00fdznam&nbsp;mastichov\u00fdch \u017euva\u010diek&nbsp;mo\u017eno h\u013eada\u0165 v tom, \u017ee v\u010faka obsahu&nbsp;mastichy&nbsp;ich [&hellip;]\" \/>\n<meta property=\"og:url\" content=\"https:\/\/www.eko-bio-natura.sk\/shop\/produkt\/masticha-terapia-mastichove-zuvacky-s-prichutou-10ks-varianta-skorica\/\" \/>\n<meta property=\"og:site_name\" content=\"EKO-BIO-NATURA BIO OBCHOD\" \/>\n<meta property=\"article:modified_time\" content=\"2022-05-04T14:41:01+00:00\" \/>\n<meta property=\"og:image\" content=\"https:\/\/www.eko-bio-natura.sk\/shop\/wp-content\/uploads\/2021\/03\/13331-1_zuvacky-skorica-sq.jpg\" \/>\n\t<meta property=\"og:image:width\" content=\"1200\" \/>\n\t<meta property=\"og:image:height\" content=\"1200\" \/>\n\t<meta property=\"og:image:type\" content=\"image\/jpeg\" \/>\n<meta name=\"twitter:card\" content=\"summary_large_image\" \/>\n<meta name=\"twitter:label1\" content=\"Predpokladan\u00fd \u010das \u010d\u00edtania\" \/>\n\t<meta name=\"twitter:data1\" content=\"2 min\u00faty\" \/>\n<script type=\"application\/ld+json\" class=\"yoast-schema-graph\">{\"@context\":\"https:\/\/schema.org\",\"@graph\":[{\"@type\":\"WebPage\",\"@id\":\"https:\/\/www.eko-bio-natura.sk\/shop\/produkt\/masticha-terapia-mastichove-zuvacky-s-prichutou-10ks-varianta-skorica\/\",\"url\":\"https:\/\/www.eko-bio-natura.sk\/shop\/produkt\/masticha-terapia-mastichove-zuvacky-s-prichutou-10ks-varianta-skorica\/\",\"name\":\"Masticha Terapia Mastichov\u00e9 \u017euva\u010dky s pr\u00edchu\u0165ou - 10ks Varianta: \u0160korica - EKO-BIO-NATURA BIO OBCHOD\",\"isPartOf\":{\"@id\":\"https:\/\/www.eko-bio-natura.sk\/shop\/#website\"},\"primaryImageOfPage\":{\"@id\":\"https:\/\/www.eko-bio-natura.sk\/shop\/produkt\/masticha-terapia-mastichove-zuvacky-s-prichutou-10ks-varianta-skorica\/#primaryimage\"},\"image\":{\"@id\":\"https:\/\/www.eko-bio-natura.sk\/shop\/produkt\/masticha-terapia-mastichove-zuvacky-s-prichutou-10ks-varianta-skorica\/#primaryimage\"},\"thumbnailUrl\":\"https:\/\/www.eko-bio-natura.sk\/shop\/wp-content\/uploads\/2021\/03\/13331-1_zuvacky-skorica-sq.jpg\",\"datePublished\":\"2021-12-28T17:14:51+00:00\",\"dateModified\":\"2022-05-04T14:41:01+00:00\",\"breadcrumb\":{\"@id\":\"https:\/\/www.eko-bio-natura.sk\/shop\/produkt\/masticha-terapia-mastichove-zuvacky-s-prichutou-10ks-varianta-skorica\/#breadcrumb\"},\"inLanguage\":\"sk-SK\",\"potentialAction\":[{\"@type\":\"ReadAction\",\"target\":[\"https:\/\/www.eko-bio-natura.sk\/shop\/produkt\/masticha-terapia-mastichove-zuvacky-s-prichutou-10ks-varianta-skorica\/\"]}]},{\"@type\":\"ImageObject\",\"inLanguage\":\"sk-SK\",\"@id\":\"https:\/\/www.eko-bio-natura.sk\/shop\/produkt\/masticha-terapia-mastichove-zuvacky-s-prichutou-10ks-varianta-skorica\/#primaryimage\",\"url\":\"https:\/\/www.eko-bio-natura.sk\/shop\/wp-content\/uploads\/2021\/03\/13331-1_zuvacky-skorica-sq.jpg\",\"contentUrl\":\"https:\/\/www.eko-bio-natura.sk\/shop\/wp-content\/uploads\/2021\/03\/13331-1_zuvacky-skorica-sq.jpg\",\"width\":1200,\"height\":1200},{\"@type\":\"BreadcrumbList\",\"@id\":\"https:\/\/www.eko-bio-natura.sk\/shop\/produkt\/masticha-terapia-mastichove-zuvacky-s-prichutou-10ks-varianta-skorica\/#breadcrumb\",\"itemListElement\":[{\"@type\":\"ListItem\",\"position\":1,\"name\":\"Domovsk\u00e1 str\u00e1nka\",\"item\":\"https:\/\/www.eko-bio-natura.sk\/shop\/\"},{\"@type\":\"ListItem\",\"position\":2,\"name\":\"Obchod\",\"item\":\"https:\/\/www.eko-bio-natura.sk\/shop\/?page_id=6\"},{\"@type\":\"ListItem\",\"position\":3,\"name\":\"Masticha Terapia Mastichov\u00e9 \u017euva\u010dky s pr\u00edchu\u0165ou &#8211; 10ks Varianta: \u0160korica\"}]},{\"@type\":\"WebSite\",\"@id\":\"https:\/\/www.eko-bio-natura.sk\/shop\/#website\",\"url\":\"https:\/\/www.eko-bio-natura.sk\/shop\/\",\"name\":\"EKO-BIO-NATURA BIO OBCHOD\",\"description\":\"\",\"publisher\":{\"@id\":\"https:\/\/www.eko-bio-natura.sk\/shop\/#organization\"},\"potentialAction\":[{\"@type\":\"SearchAction\",\"target\":{\"@type\":\"EntryPoint\",\"urlTemplate\":\"https:\/\/www.eko-bio-natura.sk\/shop\/?s={search_term_string}\"},\"query-input\":{\"@type\":\"PropertyValueSpecification\",\"valueRequired\":true,\"valueName\":\"search_term_string\"}}],\"inLanguage\":\"sk-SK\"},{\"@type\":\"Organization\",\"@id\":\"https:\/\/www.eko-bio-natura.sk\/shop\/#organization\",\"name\":\"EKO-BIO-NATURA BIO OBCHOD\",\"url\":\"https:\/\/www.eko-bio-natura.sk\/shop\/\",\"logo\":{\"@type\":\"ImageObject\",\"inLanguage\":\"sk-SK\",\"@id\":\"https:\/\/www.eko-bio-natura.sk\/shop\/#\/schema\/logo\/image\/\",\"url\":\"https:\/\/www.eko-bio-natura.sk\/shop\/wp-content\/uploads\/2021\/04\/eko-bio-natura_logo.png\",\"contentUrl\":\"https:\/\/www.eko-bio-natura.sk\/shop\/wp-content\/uploads\/2021\/04\/eko-bio-natura_logo.png\",\"width\":552,\"height\":194,\"caption\":\"EKO-BIO-NATURA BIO OBCHOD\"},\"image\":{\"@id\":\"https:\/\/www.eko-bio-natura.sk\/shop\/#\/schema\/logo\/image\/\"}}]}<\/script>\n<!-- \/ Yoast SEO plugin. -->","yoast_head_json":{"title":"Masticha Terapia Mastichov\u00e9 \u017euva\u010dky s pr\u00edchu\u0165ou - 10ks Varianta: \u0160korica - EKO-BIO-NATURA BIO OBCHOD","robots":{"index":"index","follow":"follow","max-snippet":"max-snippet:-1","max-image-preview":"max-image-preview:large","max-video-preview":"max-video-preview:-1"},"canonical":"https:\/\/www.eko-bio-natura.sk\/shop\/produkt\/masticha-terapia-mastichove-zuvacky-s-prichutou-10ks-varianta-skorica\/","og_locale":"sk_SK","og_type":"article","og_title":"Masticha Terapia Mastichov\u00e9 \u017euva\u010dky s pr\u00edchu\u0165ou - 10ks Varianta: \u0160korica - EKO-BIO-NATURA BIO OBCHOD","og_description":"Mastichov\u00e9 \u017euva\u010dky&nbsp;maj\u00fa ove\u013ea \u0161ir\u0161ie pole p\u00f4sobnosti ne\u017e len zabezpe\u010denie svie\u017eeho dychu a chutnej pr\u00edchuti. Pr\u00e1ve v\u010faka obsahu&nbsp;mastichy&nbsp;p\u00f4sobia aj na zdravie \u00fastnej dutiny a m\u00f4\u017eu dopom\u00f4c\u0165 k zdrav\u00e9mu chrupu. Medzi naj\u010dastej\u0161ie znaky probl\u00e9mov v \u00fastnej dutine patr\u00ed zubn\u00fd kaz, zubn\u00fd povlak, nepr\u00edjemn\u00fd z\u00e1pach z \u00fast, \u010di paradent\u00f3za. \u010eal\u0161\u00ed v\u00fdznam&nbsp;mastichov\u00fdch \u017euva\u010diek&nbsp;mo\u017eno h\u013eada\u0165 v tom, \u017ee v\u010faka obsahu&nbsp;mastichy&nbsp;ich [&hellip;]","og_url":"https:\/\/www.eko-bio-natura.sk\/shop\/produkt\/masticha-terapia-mastichove-zuvacky-s-prichutou-10ks-varianta-skorica\/","og_site_name":"EKO-BIO-NATURA BIO OBCHOD","article_modified_time":"2022-05-04T14:41:01+00:00","og_image":[{"width":1200,"height":1200,"url":"https:\/\/www.eko-bio-natura.sk\/shop\/wp-content\/uploads\/2021\/03\/13331-1_zuvacky-skorica-sq.jpg","type":"image\/jpeg"}],"twitter_card":"summary_large_image","twitter_misc":{"Predpokladan\u00fd \u010das \u010d\u00edtania":"2 min\u00faty"},"schema":{"@context":"https:\/\/schema.org","@graph":[{"@type":"WebPage","@id":"https:\/\/www.eko-bio-natura.sk\/shop\/produkt\/masticha-terapia-mastichove-zuvacky-s-prichutou-10ks-varianta-skorica\/","url":"https:\/\/www.eko-bio-natura.sk\/shop\/produkt\/masticha-terapia-mastichove-zuvacky-s-prichutou-10ks-varianta-skorica\/","name":"Masticha Terapia Mastichov\u00e9 \u017euva\u010dky s pr\u00edchu\u0165ou - 10ks Varianta: \u0160korica - EKO-BIO-NATURA BIO OBCHOD","isPartOf":{"@id":"https:\/\/www.eko-bio-natura.sk\/shop\/#website"},"primaryImageOfPage":{"@id":"https:\/\/www.eko-bio-natura.sk\/shop\/produkt\/masticha-terapia-mastichove-zuvacky-s-prichutou-10ks-varianta-skorica\/#primaryimage"},"image":{"@id":"https:\/\/www.eko-bio-natura.sk\/shop\/produkt\/masticha-terapia-mastichove-zuvacky-s-prichutou-10ks-varianta-skorica\/#primaryimage"},"thumbnailUrl":"https:\/\/www.eko-bio-natura.sk\/shop\/wp-content\/uploads\/2021\/03\/13331-1_zuvacky-skorica-sq.jpg","datePublished":"2021-12-28T17:14:51+00:00","dateModified":"2022-05-04T14:41:01+00:00","breadcrumb":{"@id":"https:\/\/www.eko-bio-natura.sk\/shop\/produkt\/masticha-terapia-mastichove-zuvacky-s-prichutou-10ks-varianta-skorica\/#breadcrumb"},"inLanguage":"sk-SK","potentialAction":[{"@type":"ReadAction","target":["https:\/\/www.eko-bio-natura.sk\/shop\/produkt\/masticha-terapia-mastichove-zuvacky-s-prichutou-10ks-varianta-skorica\/"]}]},{"@type":"ImageObject","inLanguage":"sk-SK","@id":"https:\/\/www.eko-bio-natura.sk\/shop\/produkt\/masticha-terapia-mastichove-zuvacky-s-prichutou-10ks-varianta-skorica\/#primaryimage","url":"https:\/\/www.eko-bio-natura.sk\/shop\/wp-content\/uploads\/2021\/03\/13331-1_zuvacky-skorica-sq.jpg","contentUrl":"https:\/\/www.eko-bio-natura.sk\/shop\/wp-content\/uploads\/2021\/03\/13331-1_zuvacky-skorica-sq.jpg","width":1200,"height":1200},{"@type":"BreadcrumbList","@id":"https:\/\/www.eko-bio-natura.sk\/shop\/produkt\/masticha-terapia-mastichove-zuvacky-s-prichutou-10ks-varianta-skorica\/#breadcrumb","itemListElement":[{"@type":"ListItem","position":1,"name":"Domovsk\u00e1 str\u00e1nka","item":"https:\/\/www.eko-bio-natura.sk\/shop\/"},{"@type":"ListItem","position":2,"name":"Obchod","item":"https:\/\/www.eko-bio-natura.sk\/shop\/?page_id=6"},{"@type":"ListItem","position":3,"name":"Masticha Terapia Mastichov\u00e9 \u017euva\u010dky s pr\u00edchu\u0165ou &#8211; 10ks Varianta: \u0160korica"}]},{"@type":"WebSite","@id":"https:\/\/www.eko-bio-natura.sk\/shop\/#website","url":"https:\/\/www.eko-bio-natura.sk\/shop\/","name":"EKO-BIO-NATURA BIO OBCHOD","description":"","publisher":{"@id":"https:\/\/www.eko-bio-natura.sk\/shop\/#organization"},"potentialAction":[{"@type":"SearchAction","target":{"@type":"EntryPoint","urlTemplate":"https:\/\/www.eko-bio-natura.sk\/shop\/?s={search_term_string}"},"query-input":{"@type":"PropertyValueSpecification","valueRequired":true,"valueName":"search_term_string"}}],"inLanguage":"sk-SK"},{"@type":"Organization","@id":"https:\/\/www.eko-bio-natura.sk\/shop\/#organization","name":"EKO-BIO-NATURA BIO OBCHOD","url":"https:\/\/www.eko-bio-natura.sk\/shop\/","logo":{"@type":"ImageObject","inLanguage":"sk-SK","@id":"https:\/\/www.eko-bio-natura.sk\/shop\/#\/schema\/logo\/image\/","url":"https:\/\/www.eko-bio-natura.sk\/shop\/wp-content\/uploads\/2021\/04\/eko-bio-natura_logo.png","contentUrl":"https:\/\/www.eko-bio-natura.sk\/shop\/wp-content\/uploads\/2021\/04\/eko-bio-natura_logo.png","width":552,"height":194,"caption":"EKO-BIO-NATURA BIO OBCHOD"},"image":{"@id":"https:\/\/www.eko-bio-natura.sk\/shop\/#\/schema\/logo\/image\/"}}]}},"_links":{"self":[{"href":"https:\/\/www.eko-bio-natura.sk\/shop\/wp-json\/wp\/v2\/product\/7601","targetHints":{"allow":["GET"]}}],"collection":[{"href":"https:\/\/www.eko-bio-natura.sk\/shop\/wp-json\/wp\/v2\/product"}],"about":[{"href":"https:\/\/www.eko-bio-natura.sk\/shop\/wp-json\/wp\/v2\/types\/product"}],"replies":[{"embeddable":true,"href":"https:\/\/www.eko-bio-natura.sk\/shop\/wp-json\/wp\/v2\/comments?post=7601"}],"wp:featuredmedia":[{"embeddable":true,"href":"https:\/\/www.eko-bio-natura.sk\/shop\/wp-json\/wp\/v2\/media\/1284"}],"wp:attachment":[{"href":"https:\/\/www.eko-bio-natura.sk\/shop\/wp-json\/wp\/v2\/media?parent=7601"}],"wp:term":[{"taxonomy":"product_brand","embeddable":true,"href":"https:\/\/www.eko-bio-natura.sk\/shop\/wp-json\/wp\/v2\/product_brand?post=7601"},{"taxonomy":"product_cat","embeddable":true,"href":"https:\/\/www.eko-bio-natura.sk\/shop\/wp-json\/wp\/v2\/product_cat?post=7601"},{"taxonomy":"product_tag","embeddable":true,"href":"https:\/\/www.eko-bio-natura.sk\/shop\/wp-json\/wp\/v2\/product_tag?post=7601"}],"curies":[{"name":"wp","href":"https:\/\/api.w.org\/{rel}","templated":true}]}}