{"id":7599,"date":"2021-12-28T18:14:39","date_gmt":"2021-12-28T17:14:39","guid":{"rendered":"https:\/\/www.eko-bio-natura.sk\/shop\/index.php\/produkt\/masticha-terapia-masticha-vena-pri-problemoch-s-vysokym-tlakom-a-cholesterolom-100-tabliet\/"},"modified":"2022-05-04T16:41:00","modified_gmt":"2022-05-04T14:41:00","slug":"masticha-terapia-masticha-vena-pri-problemoch-s-vysokym-tlakom-a-cholesterolom-100-tabliet","status":"publish","type":"product","link":"https:\/\/www.eko-bio-natura.sk\/shop\/produkt\/masticha-terapia-masticha-vena-pri-problemoch-s-vysokym-tlakom-a-cholesterolom-100-tabliet\/","title":{"rendered":"Masticha Terapia Masticha Vena pri probl\u00e9moch s vysok\u00fdm tlakom a cholesterolom &#8211; 100 tabliet"},"content":{"rendered":"<p><span style=\"font-family: verdana, geneva; font-size: 12pt;\">Masticha Vena prin\u00e1\u0161a jedine\u010dn\u00e9 spojenie chioskej mastichy s v\u00fdnimo\u010dn\u00fdmi pr\u00edrodn\u00fdmi v\u00fdta\u017ekazmi z gran\u00e1tov\u00e9ho jablka a ol\u00edv. Ich spojen\u00edm vznik\u00e1 unik\u00e1tny produkt pre va\u0161e srdce a to celkom bez ved\u013eaj\u0161\u00edch \u00fa\u010dinkov.<\/span><\/p>\n<p><span style=\"font-family: verdana, geneva; font-size: 12pt;\"><strong>Masticha a cholesterol <\/strong><\/span><\/p>\n<p><span style=\"font-family: verdana, geneva; font-size: 12pt;\">Viacer\u00e9 \u0161t\u00fadie venovan\u00e9 sk\u00famaniu chioskej mastichy poukazuj\u00fa na jej protiz\u00e1palov\u00fa aktivitu v endotelov\u00fdch bunk\u00e1ch \u013eudskej aorty. Za tieto \u00fa\u010dinky v\u010fa\u010d\u00edme pravdepodobne \u0161pecifick\u00e9mu obsahu terp\u00e9nov a fytosterolov, ktor\u00e9 s\u00fa obsiahnut\u00e9 v chioskej mastiche a ktor\u00e9 s\u00fa zopovedn\u00e9 za jej antioxida\u010dn\u00e9 \u00fa\u010dinky. Vedeck\u00e9 v\u00fdskumy uskuto\u010dnen\u00e9 v poslednom desa\u0165ro\u010d\u00ed hovoria o klinicky overen\u00fdch pozit\u00edvnych \u00fa\u010dinkoch na zn\u00ed\u017eenie hladiny cholesterolu a\u017e o v priemere o 11,5 mg\/dl. Tento efekt zni\u017eovania cholesterolu bol e\u0161te v\u00fdraznej\u0161\u00ed u \u013eud\u00ed s nadv\u00e1hou a vysok\u00fdm BMI indexom.<\/span><\/p>\n<h2><span style=\"font-family: verdana, geneva; font-size: 12pt;\"><strong>Olivovn\u00edk eur\u00f3psky&nbsp;&nbsp;<\/strong><\/span><\/h2>\n<p><span style=\"font-family: verdana, geneva; font-size: 12pt;\">Zn\u00e1my strom, ktor\u00fd sa na eur\u00f3pskom \u00fazem\u00ed pestuje hlavne v Stredomor\u00ed skr\u00fdva v sebe viac zdravotn\u00fdch \u00fa\u010dinkov ako by sme mu na prv\u00fd poh\u013ead prisudzovali. Zn\u00e1me s\u00fa jeho \u00fa\u010dinky na ple\u0165 a ko\u017en\u00e9 ochorenia, preto sa \u010dasto prid\u00e1va do kozmetick\u00fdch pr\u00edpravkov. Ove\u013ea v\u00fdznamnej\u0161ie s\u00fa v\u0161ak jeho antioxida\u010dn\u00e9 \u00fa\u010dinky, ktor\u00e9 p\u00f4sobia proti starnutiu a maj\u00fa pozit\u00edvny efekt na srdce a jeho spr\u00e1vne fungovanie.&nbsp;Chemick\u00e1 l\u00e1tka, ktor\u00e1 je zodpovedn\u00e1 za tieto pozit\u00edvne \u00fa\u010dinky olivov\u00e9ho extraktu sa naz\u00fdva hydroxytyrozol. Je to \u0161pecifick\u00fd polyfenol, ktor\u00fd prispieva k ochrane krvn\u00fdch lipidov (LDL cholesterol) pred po\u0161koden\u00edm oxidat\u00edvnym stresom.<\/span><\/p>\n<p><span style=\"font-family: verdana, geneva; font-size: 12pt;\"><strong>Olivov\u00fd extrakt s obsahom polyfenolov:<\/strong><\/span><\/p>\n<ul>\n<li><span style=\"font-family: verdana, geneva; font-size: 12pt;\"><strong>pom\u00e1ha udr\u017eiava\u0165 norm\u00e1lnu hladinu krvn\u00e9ho tlaku<\/strong><\/span><\/li>\n<li><span style=\"font-family: verdana, geneva; font-size: 12pt;\"><strong>m\u00e1 priazniv\u00fd vplyv na oxid\u00e1ciu LDL cholesterol<\/strong><\/span><\/li>\n<li><span style=\"font-family: verdana, geneva; font-size: 12pt;\"><strong>podporuje cirkul\u00e1ciu krvi v cievach<\/strong><\/span><\/li>\n<\/ul>\n<p><span style=\"font-family: verdana, geneva; font-size: 12pt;\"><strong>Extrakt z gran\u00e1tov\u00e9ho jablka <\/strong><\/span><\/p>\n<p><span style=\"font-family: verdana, geneva; font-size: 12pt;\">Gran\u00e1tov\u00e9 jablko obsahuje \u0161pecifick\u00fd polyfenol punicalag\u00edn, ktor\u00e9ho \u00fa\u010dinky sa preuk\u00e1zali hlavne pri ochrane vn\u00fatorn\u00e9ho epitelu ciev. Deje sa tak prostredn\u00edctvom zv\u00fd\u0161enej aktivity endoteli\u00e1lnej synt\u00e1zy oxidu dusnat\u00e9ho, \u010do priaznivo p\u00f4sob\u00ed proti z\u00e1palu ciev a oxida\u010dn\u00e9mu po\u0161kodeniu ciev. Denn\u00fd pr\u00edjem polyfenolov obsiahnut\u00fdch v extrakte (aj d\u017e\u00fase) z gran\u00e1tov\u00fdch jab\u013ak pod\u013ea v\u00fdskumov zmier\u0148uje ateroskler\u00f3zu. In\u00e9 \u0161t\u00fadie hovoria o zni\u017eovan\u00ed LDL cholesterolu. \u0160t\u00fadie zameran\u00e9 na vysok\u00fd tlak poukazuj\u00fa na dlhodob\u00e9 zn\u00ed\u017eenie systolick\u00e9ho krvn\u00e9ho tlaku aj dyastolick\u00e9ho krvn\u00e9ho tlaku.&nbsp;<\/span><\/p>\n<p><span style=\"font-family: verdana, geneva; font-size: 12pt;\">Masticha Vena je v\u00fd\u017eivov\u00fd doplnok s obsahom chioskej mastichy. Ide o slovensk\u00fd produkt, ktor\u00fd vznikol jedine\u010dn\u00fdm spojen\u00edm chioskej mastichy a dvoch pr\u00edrodn\u00fdch l\u00e1tok s preuk\u00e1zate\u013en\u00fdmi \u00fa\u010dinkami na srdce a cievy.<\/span><\/p>\n<p><span style=\"font-family: verdana, geneva; font-size: 12pt;\">Masticha Vena obsahuje tieto zlo\u017eky:<\/span><\/p>\n<ul>\n<li><span style=\"font-family: verdana, geneva; font-size: 12pt;\">chiosk\u00e1 masticha<\/span><\/li>\n<li><span style=\"font-family: verdana, geneva; font-size: 12pt;\">v\u00fd\u0165a\u017eok z ol\u00edv s vysok\u00fdm obsahom hydroxytyrosolu<\/span><\/li>\n<li><span style=\"font-family: verdana, geneva; font-size: 12pt;\">v\u00fd\u0165a\u017eok z gran\u00e1tov\u00e9ho jablka&nbsp;Pomanox\u00ae<\/span><\/li>\n<\/ul>\n<p><span style=\"font-family: verdana, geneva; font-size: 12pt;\">Synergick\u00e9 p\u00f4sobenie t\u00fdchto pr\u00edrodn\u00fdch l\u00e1tok m\u00e1 pozit\u00edvne \u00fa\u010dinky pri \u0165a\u017ekostiach ako je&nbsp;<strong>vysok\u00fd tlak<\/strong>&nbsp;a&nbsp;<strong>vysok\u00fd cholesterol.<\/strong><\/span><\/p>\n<p><span style=\"font-family: verdana, geneva; font-size: 12pt;\"><strong>Masticha Vena<\/strong>&nbsp;je v\u00fd\u017eivov\u00fd doplnok, ktor\u00fd&nbsp;&nbsp;<\/span><span style=\"font-family: verdana, geneva; font-size: 16px;\">pr\u00edrodnou cestou ako pom\u00f4c\u0165 v\u00e1\u0161mu telu vyrovna\u0165 sa s vy\u0161\u0161ie spom\u00ednan\u00fdmi probl\u00e9mami. Masticha Vena mo\u017eno u\u017e\u00edva\u0165 aj ako prevencia proti t\u00fdmto ochoreniam.<\/span><\/p>\n<p><img decoding=\"async\" src=\"https:\/\/www.herbatica.sk\/user\/documents\/upload\/zlozenia\/3213.jpg\" alt=\"3213\" \/><\/p>\n<h2><span style=\"font-family: verdana, geneva; font-size: 12pt;\"><strong>D\u00e1vkovanie<\/strong>: Masticha Vena&nbsp;2 kapsuly 2x denne zapi\u0165 vodou.&nbsp;Obsah polyfenolov v dennej d\u00e1vke zodpovedn\u00e1 2dcl kvalitn\u00e9ho panensk\u00e9ho olivov\u00e9ho oleja.<\/span><\/h2>\n<p><span style=\"font-family: verdana, geneva; font-size: 12pt;\"><strong>Ne\u017eiad\u00face \u00fa\u010dinky a kontraindik\u00e1cie Masticha Vena nie s\u00fa zn\u00e1me.<\/strong><\/span><\/p>\n<p><span style=\"font-family: verdana, geneva; font-size: 12pt;\"><strong>Obsah balenia<\/strong>: 100 kaps\u00fal<\/span><\/p>\n<p><span style=\"font-family: verdana, geneva; font-size: 12pt;\"><strong>Krajina p\u00f4vodu<\/strong>: Gr\u00e9cko, Slovensko<\/span><\/p>\n","protected":false},"excerpt":{"rendered":"<p>Masticha Vena prin\u00e1\u0161a jedine\u010dn\u00e9 spojenie chioskej mastichy s v\u00fdnimo\u010dn\u00fdmi pr\u00edrodn\u00fdmi v\u00fdta\u017ekazmi z gran\u00e1tov\u00e9ho jablka a ol\u00edv. Ich spojen\u00edm vznik\u00e1 unik\u00e1tny produkt pre va\u0161e srdce a to celkom bez ved\u013eaj\u0161\u00edch \u00fa\u010dinkov. Masticha a cholesterol Viacer\u00e9 \u0161t\u00fadie venovan\u00e9 sk\u00famaniu chioskej mastichy poukazuj\u00fa na jej protiz\u00e1palov\u00fa aktivitu v endotelov\u00fdch bunk\u00e1ch \u013eudskej aorty. Za tieto \u00fa\u010dinky v\u010fa\u010d\u00edme pravdepodobne \u0161pecifick\u00e9mu [&hellip;]<\/p>\n","protected":false},"featured_media":7600,"comment_status":"open","ping_status":"open","template":"","meta":{"site-sidebar-layout":"default","site-content-layout":"","ast-site-content-layout":"default","site-content-style":"default","site-sidebar-style":"default","ast-global-header-display":"","ast-banner-title-visibility":"","ast-main-header-display":"","ast-hfb-above-header-display":"","ast-hfb-below-header-display":"","ast-hfb-mobile-header-display":"","site-post-title":"","ast-breadcrumbs-content":"","ast-featured-img":"","footer-sml-layout":"","ast-disable-related-posts":"","theme-transparent-header-meta":"","adv-header-id-meta":"","stick-header-meta":"","header-above-stick-meta":"","header-main-stick-meta":"","header-below-stick-meta":"","astra-migrate-meta-layouts":"default","ast-page-background-enabled":"default","ast-page-background-meta":{"desktop":{"background-color":"","background-image":"","background-repeat":"repeat","background-position":"center center","background-size":"auto","background-attachment":"scroll","background-type":"","background-media":"","overlay-type":"","overlay-color":"","overlay-opacity":"","overlay-gradient":""},"tablet":{"background-color":"","background-image":"","background-repeat":"repeat","background-position":"center center","background-size":"auto","background-attachment":"scroll","background-type":"","background-media":"","overlay-type":"","overlay-color":"","overlay-opacity":"","overlay-gradient":""},"mobile":{"background-color":"","background-image":"","background-repeat":"repeat","background-position":"center center","background-size":"auto","background-attachment":"scroll","background-type":"","background-media":"","overlay-type":"","overlay-color":"","overlay-opacity":"","overlay-gradient":""}},"ast-content-background-meta":{"desktop":{"background-color":"var(--ast-global-color-5)","background-image":"","background-repeat":"repeat","background-position":"center center","background-size":"auto","background-attachment":"scroll","background-type":"","background-media":"","overlay-type":"","overlay-color":"","overlay-opacity":"","overlay-gradient":""},"tablet":{"background-color":"var(--ast-global-color-5)","background-image":"","background-repeat":"repeat","background-position":"center center","background-size":"auto","background-attachment":"scroll","background-type":"","background-media":"","overlay-type":"","overlay-color":"","overlay-opacity":"","overlay-gradient":""},"mobile":{"background-color":"var(--ast-global-color-5)","background-image":"","background-repeat":"repeat","background-position":"center center","background-size":"auto","background-attachment":"scroll","background-type":"","background-media":"","overlay-type":"","overlay-color":"","overlay-opacity":"","overlay-gradient":""}}},"product_brand":[],"product_cat":[217,192],"product_tag":[],"class_list":{"0":"post-7599","1":"product","2":"type-product","3":"status-publish","4":"has-post-thumbnail","6":"product_cat-cholesterol-a-obezita","7":"product_cat-vyzivove-doplnky","8":"pa_cena-dopravy-367","9":"pa_doprava-zasilkovna","10":"pa_ean-893","11":"pa_typ-partnersky-predaj","12":"pa_znacka-masticha-terapia","13":"desktop-align-left","14":"tablet-align-left","15":"mobile-align-left","17":"first","18":"instock","19":"product-type-external"},"yoast_head":"<!-- This site is optimized with the Yoast SEO plugin v27.2 - https:\/\/yoast.com\/product\/yoast-seo-wordpress\/ -->\n<title>Masticha Terapia Masticha Vena pri probl\u00e9moch s vysok\u00fdm tlakom a cholesterolom - 100 tabliet - EKO-BIO-NATURA BIO OBCHOD<\/title>\n<meta name=\"robots\" content=\"index, follow, max-snippet:-1, max-image-preview:large, max-video-preview:-1\" \/>\n<link rel=\"canonical\" href=\"https:\/\/www.eko-bio-natura.sk\/shop\/produkt\/masticha-terapia-masticha-vena-pri-problemoch-s-vysokym-tlakom-a-cholesterolom-100-tabliet\/\" \/>\n<meta property=\"og:locale\" content=\"sk_SK\" \/>\n<meta property=\"og:type\" content=\"article\" \/>\n<meta property=\"og:title\" content=\"Masticha Terapia Masticha Vena pri probl\u00e9moch s vysok\u00fdm tlakom a cholesterolom - 100 tabliet - EKO-BIO-NATURA BIO OBCHOD\" \/>\n<meta property=\"og:description\" content=\"Masticha Vena prin\u00e1\u0161a jedine\u010dn\u00e9 spojenie chioskej mastichy s v\u00fdnimo\u010dn\u00fdmi pr\u00edrodn\u00fdmi v\u00fdta\u017ekazmi z gran\u00e1tov\u00e9ho jablka a ol\u00edv. Ich spojen\u00edm vznik\u00e1 unik\u00e1tny produkt pre va\u0161e srdce a to celkom bez ved\u013eaj\u0161\u00edch \u00fa\u010dinkov. Masticha a cholesterol Viacer\u00e9 \u0161t\u00fadie venovan\u00e9 sk\u00famaniu chioskej mastichy poukazuj\u00fa na jej protiz\u00e1palov\u00fa aktivitu v endotelov\u00fdch bunk\u00e1ch \u013eudskej aorty. Za tieto \u00fa\u010dinky v\u010fa\u010d\u00edme pravdepodobne \u0161pecifick\u00e9mu [&hellip;]\" \/>\n<meta property=\"og:url\" content=\"https:\/\/www.eko-bio-natura.sk\/shop\/produkt\/masticha-terapia-masticha-vena-pri-problemoch-s-vysokym-tlakom-a-cholesterolom-100-tabliet\/\" \/>\n<meta property=\"og:site_name\" content=\"EKO-BIO-NATURA BIO OBCHOD\" \/>\n<meta property=\"article:modified_time\" content=\"2022-05-04T14:41:00+00:00\" \/>\n<meta property=\"og:image\" content=\"https:\/\/www.eko-bio-natura.sk\/shop\/wp-content\/uploads\/2021\/12\/13325_masticha-vena-v4-2-red.jpg\" \/>\n\t<meta property=\"og:image:width\" content=\"1692\" \/>\n\t<meta property=\"og:image:height\" content=\"2048\" \/>\n\t<meta property=\"og:image:type\" content=\"image\/jpeg\" \/>\n<meta name=\"twitter:card\" content=\"summary_large_image\" \/>\n<meta name=\"twitter:label1\" content=\"Predpokladan\u00fd \u010das \u010d\u00edtania\" \/>\n\t<meta name=\"twitter:data1\" content=\"3 min\u00faty\" \/>\n<script type=\"application\/ld+json\" class=\"yoast-schema-graph\">{\"@context\":\"https:\/\/schema.org\",\"@graph\":[{\"@type\":\"WebPage\",\"@id\":\"https:\/\/www.eko-bio-natura.sk\/shop\/produkt\/masticha-terapia-masticha-vena-pri-problemoch-s-vysokym-tlakom-a-cholesterolom-100-tabliet\/\",\"url\":\"https:\/\/www.eko-bio-natura.sk\/shop\/produkt\/masticha-terapia-masticha-vena-pri-problemoch-s-vysokym-tlakom-a-cholesterolom-100-tabliet\/\",\"name\":\"Masticha Terapia Masticha Vena pri probl\u00e9moch s vysok\u00fdm tlakom a cholesterolom - 100 tabliet - EKO-BIO-NATURA BIO OBCHOD\",\"isPartOf\":{\"@id\":\"https:\/\/www.eko-bio-natura.sk\/shop\/#website\"},\"primaryImageOfPage\":{\"@id\":\"https:\/\/www.eko-bio-natura.sk\/shop\/produkt\/masticha-terapia-masticha-vena-pri-problemoch-s-vysokym-tlakom-a-cholesterolom-100-tabliet\/#primaryimage\"},\"image\":{\"@id\":\"https:\/\/www.eko-bio-natura.sk\/shop\/produkt\/masticha-terapia-masticha-vena-pri-problemoch-s-vysokym-tlakom-a-cholesterolom-100-tabliet\/#primaryimage\"},\"thumbnailUrl\":\"https:\/\/www.eko-bio-natura.sk\/shop\/wp-content\/uploads\/2021\/12\/13325_masticha-vena-v4-2-red.jpg\",\"datePublished\":\"2021-12-28T17:14:39+00:00\",\"dateModified\":\"2022-05-04T14:41:00+00:00\",\"breadcrumb\":{\"@id\":\"https:\/\/www.eko-bio-natura.sk\/shop\/produkt\/masticha-terapia-masticha-vena-pri-problemoch-s-vysokym-tlakom-a-cholesterolom-100-tabliet\/#breadcrumb\"},\"inLanguage\":\"sk-SK\",\"potentialAction\":[{\"@type\":\"ReadAction\",\"target\":[\"https:\/\/www.eko-bio-natura.sk\/shop\/produkt\/masticha-terapia-masticha-vena-pri-problemoch-s-vysokym-tlakom-a-cholesterolom-100-tabliet\/\"]}]},{\"@type\":\"ImageObject\",\"inLanguage\":\"sk-SK\",\"@id\":\"https:\/\/www.eko-bio-natura.sk\/shop\/produkt\/masticha-terapia-masticha-vena-pri-problemoch-s-vysokym-tlakom-a-cholesterolom-100-tabliet\/#primaryimage\",\"url\":\"https:\/\/www.eko-bio-natura.sk\/shop\/wp-content\/uploads\/2021\/12\/13325_masticha-vena-v4-2-red.jpg\",\"contentUrl\":\"https:\/\/www.eko-bio-natura.sk\/shop\/wp-content\/uploads\/2021\/12\/13325_masticha-vena-v4-2-red.jpg\",\"width\":1692,\"height\":2048},{\"@type\":\"BreadcrumbList\",\"@id\":\"https:\/\/www.eko-bio-natura.sk\/shop\/produkt\/masticha-terapia-masticha-vena-pri-problemoch-s-vysokym-tlakom-a-cholesterolom-100-tabliet\/#breadcrumb\",\"itemListElement\":[{\"@type\":\"ListItem\",\"position\":1,\"name\":\"Domovsk\u00e1 str\u00e1nka\",\"item\":\"https:\/\/www.eko-bio-natura.sk\/shop\/\"},{\"@type\":\"ListItem\",\"position\":2,\"name\":\"Obchod\",\"item\":\"https:\/\/www.eko-bio-natura.sk\/shop\/?page_id=6\"},{\"@type\":\"ListItem\",\"position\":3,\"name\":\"Masticha Terapia Masticha Vena pri probl\u00e9moch s vysok\u00fdm tlakom a cholesterolom &#8211; 100 tabliet\"}]},{\"@type\":\"WebSite\",\"@id\":\"https:\/\/www.eko-bio-natura.sk\/shop\/#website\",\"url\":\"https:\/\/www.eko-bio-natura.sk\/shop\/\",\"name\":\"EKO-BIO-NATURA BIO OBCHOD\",\"description\":\"\",\"publisher\":{\"@id\":\"https:\/\/www.eko-bio-natura.sk\/shop\/#organization\"},\"potentialAction\":[{\"@type\":\"SearchAction\",\"target\":{\"@type\":\"EntryPoint\",\"urlTemplate\":\"https:\/\/www.eko-bio-natura.sk\/shop\/?s={search_term_string}\"},\"query-input\":{\"@type\":\"PropertyValueSpecification\",\"valueRequired\":true,\"valueName\":\"search_term_string\"}}],\"inLanguage\":\"sk-SK\"},{\"@type\":\"Organization\",\"@id\":\"https:\/\/www.eko-bio-natura.sk\/shop\/#organization\",\"name\":\"EKO-BIO-NATURA BIO OBCHOD\",\"url\":\"https:\/\/www.eko-bio-natura.sk\/shop\/\",\"logo\":{\"@type\":\"ImageObject\",\"inLanguage\":\"sk-SK\",\"@id\":\"https:\/\/www.eko-bio-natura.sk\/shop\/#\/schema\/logo\/image\/\",\"url\":\"https:\/\/www.eko-bio-natura.sk\/shop\/wp-content\/uploads\/2021\/04\/eko-bio-natura_logo.png\",\"contentUrl\":\"https:\/\/www.eko-bio-natura.sk\/shop\/wp-content\/uploads\/2021\/04\/eko-bio-natura_logo.png\",\"width\":552,\"height\":194,\"caption\":\"EKO-BIO-NATURA BIO OBCHOD\"},\"image\":{\"@id\":\"https:\/\/www.eko-bio-natura.sk\/shop\/#\/schema\/logo\/image\/\"}}]}<\/script>\n<!-- \/ Yoast SEO plugin. -->","yoast_head_json":{"title":"Masticha Terapia Masticha Vena pri probl\u00e9moch s vysok\u00fdm tlakom a cholesterolom - 100 tabliet - EKO-BIO-NATURA BIO OBCHOD","robots":{"index":"index","follow":"follow","max-snippet":"max-snippet:-1","max-image-preview":"max-image-preview:large","max-video-preview":"max-video-preview:-1"},"canonical":"https:\/\/www.eko-bio-natura.sk\/shop\/produkt\/masticha-terapia-masticha-vena-pri-problemoch-s-vysokym-tlakom-a-cholesterolom-100-tabliet\/","og_locale":"sk_SK","og_type":"article","og_title":"Masticha Terapia Masticha Vena pri probl\u00e9moch s vysok\u00fdm tlakom a cholesterolom - 100 tabliet - EKO-BIO-NATURA BIO OBCHOD","og_description":"Masticha Vena prin\u00e1\u0161a jedine\u010dn\u00e9 spojenie chioskej mastichy s v\u00fdnimo\u010dn\u00fdmi pr\u00edrodn\u00fdmi v\u00fdta\u017ekazmi z gran\u00e1tov\u00e9ho jablka a ol\u00edv. Ich spojen\u00edm vznik\u00e1 unik\u00e1tny produkt pre va\u0161e srdce a to celkom bez ved\u013eaj\u0161\u00edch \u00fa\u010dinkov. Masticha a cholesterol Viacer\u00e9 \u0161t\u00fadie venovan\u00e9 sk\u00famaniu chioskej mastichy poukazuj\u00fa na jej protiz\u00e1palov\u00fa aktivitu v endotelov\u00fdch bunk\u00e1ch \u013eudskej aorty. Za tieto \u00fa\u010dinky v\u010fa\u010d\u00edme pravdepodobne \u0161pecifick\u00e9mu [&hellip;]","og_url":"https:\/\/www.eko-bio-natura.sk\/shop\/produkt\/masticha-terapia-masticha-vena-pri-problemoch-s-vysokym-tlakom-a-cholesterolom-100-tabliet\/","og_site_name":"EKO-BIO-NATURA BIO OBCHOD","article_modified_time":"2022-05-04T14:41:00+00:00","og_image":[{"width":1692,"height":2048,"url":"https:\/\/www.eko-bio-natura.sk\/shop\/wp-content\/uploads\/2021\/12\/13325_masticha-vena-v4-2-red.jpg","type":"image\/jpeg"}],"twitter_card":"summary_large_image","twitter_misc":{"Predpokladan\u00fd \u010das \u010d\u00edtania":"3 min\u00faty"},"schema":{"@context":"https:\/\/schema.org","@graph":[{"@type":"WebPage","@id":"https:\/\/www.eko-bio-natura.sk\/shop\/produkt\/masticha-terapia-masticha-vena-pri-problemoch-s-vysokym-tlakom-a-cholesterolom-100-tabliet\/","url":"https:\/\/www.eko-bio-natura.sk\/shop\/produkt\/masticha-terapia-masticha-vena-pri-problemoch-s-vysokym-tlakom-a-cholesterolom-100-tabliet\/","name":"Masticha Terapia Masticha Vena pri probl\u00e9moch s vysok\u00fdm tlakom a cholesterolom - 100 tabliet - EKO-BIO-NATURA BIO OBCHOD","isPartOf":{"@id":"https:\/\/www.eko-bio-natura.sk\/shop\/#website"},"primaryImageOfPage":{"@id":"https:\/\/www.eko-bio-natura.sk\/shop\/produkt\/masticha-terapia-masticha-vena-pri-problemoch-s-vysokym-tlakom-a-cholesterolom-100-tabliet\/#primaryimage"},"image":{"@id":"https:\/\/www.eko-bio-natura.sk\/shop\/produkt\/masticha-terapia-masticha-vena-pri-problemoch-s-vysokym-tlakom-a-cholesterolom-100-tabliet\/#primaryimage"},"thumbnailUrl":"https:\/\/www.eko-bio-natura.sk\/shop\/wp-content\/uploads\/2021\/12\/13325_masticha-vena-v4-2-red.jpg","datePublished":"2021-12-28T17:14:39+00:00","dateModified":"2022-05-04T14:41:00+00:00","breadcrumb":{"@id":"https:\/\/www.eko-bio-natura.sk\/shop\/produkt\/masticha-terapia-masticha-vena-pri-problemoch-s-vysokym-tlakom-a-cholesterolom-100-tabliet\/#breadcrumb"},"inLanguage":"sk-SK","potentialAction":[{"@type":"ReadAction","target":["https:\/\/www.eko-bio-natura.sk\/shop\/produkt\/masticha-terapia-masticha-vena-pri-problemoch-s-vysokym-tlakom-a-cholesterolom-100-tabliet\/"]}]},{"@type":"ImageObject","inLanguage":"sk-SK","@id":"https:\/\/www.eko-bio-natura.sk\/shop\/produkt\/masticha-terapia-masticha-vena-pri-problemoch-s-vysokym-tlakom-a-cholesterolom-100-tabliet\/#primaryimage","url":"https:\/\/www.eko-bio-natura.sk\/shop\/wp-content\/uploads\/2021\/12\/13325_masticha-vena-v4-2-red.jpg","contentUrl":"https:\/\/www.eko-bio-natura.sk\/shop\/wp-content\/uploads\/2021\/12\/13325_masticha-vena-v4-2-red.jpg","width":1692,"height":2048},{"@type":"BreadcrumbList","@id":"https:\/\/www.eko-bio-natura.sk\/shop\/produkt\/masticha-terapia-masticha-vena-pri-problemoch-s-vysokym-tlakom-a-cholesterolom-100-tabliet\/#breadcrumb","itemListElement":[{"@type":"ListItem","position":1,"name":"Domovsk\u00e1 str\u00e1nka","item":"https:\/\/www.eko-bio-natura.sk\/shop\/"},{"@type":"ListItem","position":2,"name":"Obchod","item":"https:\/\/www.eko-bio-natura.sk\/shop\/?page_id=6"},{"@type":"ListItem","position":3,"name":"Masticha Terapia Masticha Vena pri probl\u00e9moch s vysok\u00fdm tlakom a cholesterolom &#8211; 100 tabliet"}]},{"@type":"WebSite","@id":"https:\/\/www.eko-bio-natura.sk\/shop\/#website","url":"https:\/\/www.eko-bio-natura.sk\/shop\/","name":"EKO-BIO-NATURA BIO OBCHOD","description":"","publisher":{"@id":"https:\/\/www.eko-bio-natura.sk\/shop\/#organization"},"potentialAction":[{"@type":"SearchAction","target":{"@type":"EntryPoint","urlTemplate":"https:\/\/www.eko-bio-natura.sk\/shop\/?s={search_term_string}"},"query-input":{"@type":"PropertyValueSpecification","valueRequired":true,"valueName":"search_term_string"}}],"inLanguage":"sk-SK"},{"@type":"Organization","@id":"https:\/\/www.eko-bio-natura.sk\/shop\/#organization","name":"EKO-BIO-NATURA BIO OBCHOD","url":"https:\/\/www.eko-bio-natura.sk\/shop\/","logo":{"@type":"ImageObject","inLanguage":"sk-SK","@id":"https:\/\/www.eko-bio-natura.sk\/shop\/#\/schema\/logo\/image\/","url":"https:\/\/www.eko-bio-natura.sk\/shop\/wp-content\/uploads\/2021\/04\/eko-bio-natura_logo.png","contentUrl":"https:\/\/www.eko-bio-natura.sk\/shop\/wp-content\/uploads\/2021\/04\/eko-bio-natura_logo.png","width":552,"height":194,"caption":"EKO-BIO-NATURA BIO OBCHOD"},"image":{"@id":"https:\/\/www.eko-bio-natura.sk\/shop\/#\/schema\/logo\/image\/"}}]}},"_links":{"self":[{"href":"https:\/\/www.eko-bio-natura.sk\/shop\/wp-json\/wp\/v2\/product\/7599","targetHints":{"allow":["GET"]}}],"collection":[{"href":"https:\/\/www.eko-bio-natura.sk\/shop\/wp-json\/wp\/v2\/product"}],"about":[{"href":"https:\/\/www.eko-bio-natura.sk\/shop\/wp-json\/wp\/v2\/types\/product"}],"replies":[{"embeddable":true,"href":"https:\/\/www.eko-bio-natura.sk\/shop\/wp-json\/wp\/v2\/comments?post=7599"}],"wp:featuredmedia":[{"embeddable":true,"href":"https:\/\/www.eko-bio-natura.sk\/shop\/wp-json\/wp\/v2\/media\/7600"}],"wp:attachment":[{"href":"https:\/\/www.eko-bio-natura.sk\/shop\/wp-json\/wp\/v2\/media?parent=7599"}],"wp:term":[{"taxonomy":"product_brand","embeddable":true,"href":"https:\/\/www.eko-bio-natura.sk\/shop\/wp-json\/wp\/v2\/product_brand?post=7599"},{"taxonomy":"product_cat","embeddable":true,"href":"https:\/\/www.eko-bio-natura.sk\/shop\/wp-json\/wp\/v2\/product_cat?post=7599"},{"taxonomy":"product_tag","embeddable":true,"href":"https:\/\/www.eko-bio-natura.sk\/shop\/wp-json\/wp\/v2\/product_tag?post=7599"}],"curies":[{"name":"wp","href":"https:\/\/api.w.org\/{rel}","templated":true}]}}