{"id":7589,"date":"2021-12-28T18:14:39","date_gmt":"2021-12-28T17:14:39","guid":{"rendered":"https:\/\/www.eko-bio-natura.sk\/shop\/index.php\/produkt\/pupalkovy-olej-eliksir-60-kapsul-1-300-mg\/"},"modified":"2022-05-04T16:40:56","modified_gmt":"2022-05-04T14:40:56","slug":"pupalkovy-olej-eliksir-60-kapsul-1-300-mg","status":"publish","type":"product","link":"https:\/\/www.eko-bio-natura.sk\/shop\/produkt\/pupalkovy-olej-eliksir-60-kapsul-1-300-mg\/","title":{"rendered":"Pupalkov\u00fd olej &#8211; Eliks\u00edr &#8211; 60 kaps\u00fal &#8211; (1\/300 mg)"},"content":{"rendered":"<p><span style=\"font-size: 12pt; font-family: verdana, geneva;\"><\/span><span style=\"font-size: 12pt; font-family: verdana, geneva;\"><strong>Pupalkov\u00fd olej <\/strong><span>sa z\u00edskava zo semien pupalky dvojro\u010dnej&nbsp;<\/span><em>Oenothera biennis<\/em><span>. T\u00e1to rastlina poch\u00e1dza zo Severnej Ameriky, kde ju p\u00f4vodn\u00fd obyvatelia poznaj\u00fa u\u017e po st\u00e1ro\u010dia. Je s\u00fa\u010das\u0165ou tamoj\u0161ej tradi\u010dne medic\u00edny.&nbsp;<\/span><em>Pupalkov\u00fd olej <\/em><span>sa vyr\u00e1ba lisovan\u00edm semien za studena. T\u00fdm si zachov\u00e1va prirodzene zlo\u017eenie a nedoch\u00e1dza ku strate v\u00fdznamn\u00fdch l\u00e1tok.<\/span><\/span><\/p>\n<p><span style=\"font-size: 12pt; font-family: verdana, geneva;\"><span><strong>Pupalkov\u00fd olej <\/strong>obsahuje omega 6 nenas\u00fdten\u00e9 mastn\u00e9 kyseliny, vitam\u00edny skupiny B a z miner\u00e1lnych l\u00e1tok v\u00e1pnik a hor\u010d\u00edk. V\u010faka zlo\u017eeniu je&nbsp;<em>pupalkov\u00fd olej&nbsp;<\/em>pomocn\u00edkom organizmu v udr\u017ean\u00ed optim\u00e1lnej hladiny cholesterolu a krvn\u00e9ho tlaku. M\u00e1 blahodarn\u00fd vplyv na bunky poko\u017eky. Podporuje telo v dokonalom vyu\u017e\u00edvan\u00ed prij\u00edman\u00fdch a ulo\u017een\u00fdch tukov.<\/span><\/span><\/p>\n<p><span style=\"font-size: 12pt;\"><strong><span style=\"font-family: verdana, geneva;\">\u0160irok\u00e9 vyu\u017eitie:<\/span><\/strong><\/span><\/p>\n<ul>\n<li><span style=\"font-size: 12pt; font-family: verdana, geneva;\">Priazniv\u00e9 \u00fa\u010dinky pupalkov\u00e9ho oleja priv\u00edtaj\u00fa hlavne \u017eeny, a to pri men\u0161trua\u010dn\u00fdch \u0165a\u017ekostiach alebo v obdob\u00ed klimakt\u00e9ria, preto\u017ee optimalizuje hormon\u00e1lnu rovnov\u00e1hu<\/span><\/li>\n<li><span style=\"font-size: 12pt; font-family: verdana, geneva;\">U\u013eah\u010duj\u00fa priebeh menopauz\u00e1lnych a premen\u0161trua\u010dn\u00fdch syndr\u00f3mov a pom\u00e1haj\u00fa pri chorob\u00e1ch \u017eensk\u00fdch pohlavn\u00fdch org\u00e1nov<\/span><\/li>\n<li><span style=\"font-size: 12pt; font-family: verdana, geneva;\">Pri redukcii v\u00e1hy p\u00f4sob\u00ed na metabolizmus tukov, zr\u00fdch\u013euje ich spa\u013eovanie a zabra\u0148uje ukladaniu<\/span><\/li>\n<li><span style=\"font-size: 12pt; font-family: verdana, geneva;\">Dobr\u00fdm pomocn\u00edkom je pri bolestiach hlavy a depresi\u00e1ch<\/span><\/li>\n<li><span style=\"font-size: 12pt; font-family: verdana, geneva;\">Vonkaj\u0161\u00edm u\u017e\u00edvan\u00edm zlep\u0161\u00edte prekrvenie horn\u00fdch i doln\u00fdch kon\u010dat\u00edn, zmiernite tak mo\u017en\u00fd vznik k\u0155\u010dov\u00fdch \u017e\u00edl<\/span><\/li>\n<li><span style=\"font-size: 12pt; font-family: verdana, geneva;\">Je bohat\u00fdm zdrojom esenci\u00e1lnych nenas\u00fdten\u00fdch mastn\u00fdch kysel\u00edn, predov\u0161etk\u00fdm kyseliny linolovej a kyseliny gama-linol\u00e9novej<\/span><\/li>\n<li><span style=\"font-size: 12pt; font-family: verdana, geneva;\">Pom\u00e1ha s probl\u00e9mami s akn\u00e9<\/span><\/li>\n<li><span face=\"verdana, geneva\" style=\"font-family: verdana, geneva;\"><span style=\"font-size: 16px;\">hustej\u0161ie a zdrav\u0161ie vlasy<\/span><\/span><\/li>\n<\/ul>\n<p><span style=\"font-size: 12pt; font-family: verdana, geneva;\"><strong>Sp\u00f4sob pou\u017eitia:<\/strong> dospel\u00ed a deti od 12 rokov 1 &#8211; 2 kapsuly s hmotnos\u0165ou 300 mg (mg)&nbsp; 3-kr\u00e1t denne s jedlom. Priebeh prij\u00edmania je 30 dn\u00ed. \u010eal\u0161\u00ed priebeh u\u017e\u00edvania a mo\u017enos\u0165 druh\u00e9ho cyklu dohodn\u00fa\u0165 so svoj\u00edm lek\u00e1rom. Priebeh prij\u00edmania sa m\u00f4\u017ee opakova\u0165 2 &#8211; 3-kr\u00e1t do roka.<\/span><\/p>\n<p><span style=\"font-size: 12pt; font-family: verdana, geneva;\"><strong>Kontraindik\u00e1cie<\/strong>: <\/span><\/p>\n<ul>\n<li><span style=\"font-size: 12pt; font-family: verdana, geneva;\">deti mlad\u0161ie ako 12 rokov, tehotn\u00e9 a doj\u010diace \u017eeny<\/span><\/li>\n<li><span style=\"font-size: 12pt; font-family: verdana, geneva;\">zv\u00fd\u0161en\u00e1 individu\u00e1lna citlivos\u0165 na ur\u010dit\u00e9 zlo\u017eky lieku<\/span><\/li>\n<li><span style=\"font-size: 12pt; font-family: verdana, geneva;\">neprekra\u010dujte odpor\u00fa\u010dan\u00fa d\u00e1vku na denn\u00e9 pou\u017eitie.<\/span><\/li>\n<li><span style=\"font-size: 12pt; font-family: verdana, geneva;\">odpor\u00fa\u010da sa dodr\u017eiava\u0165 vyv\u00e1\u017een\u00fa stravu, obmedzi\u0165 \u017eivo\u010d\u00ed\u0161ne tuky, cukor, so\u013e, sladkosti, alkohol. <\/span><\/li>\n<li><span style=\"font-size: 12pt; font-family: verdana, geneva;\">nemal by sa pou\u017e\u00edva\u0165 ako n\u00e1hrada za kompletn\u00fa stravu<\/span><\/li>\n<li><span style=\"font-size: 12pt; font-family: verdana, geneva;\">pred pou\u017eit\u00edm sa odpor\u00fa\u010da konzultova\u0165 s lek\u00e1rom.<\/span><\/li>\n<\/ul>\n<p><span style=\"font-size: 12pt; font-family: verdana, geneva;\"><strong>Podmienky skladovania<\/strong>: pri teplote od + 5 \u00b0 C do + 25 \u00b0 C a pri relat\u00edvnej vlhkosti vzduchu najviac 85% v suchu, ch\u00e1\u0148te pred priamym slne\u010dn\u00fdm \u017eiaren\u00edm a mimo dosahu det\u00ed.<\/span><\/p>\n<p><span style=\"font-size: 12pt; font-family: verdana, geneva;\"><strong>Zlo\u017eenie:<\/strong> na 1 kapsulu s hmotnos\u0165ou 300 mg (mg): pupalkov\u00fd olej &#8211; 300 mg (mg), \u017eelat\u00edna<\/span><\/p>\n<p>&nbsp;<\/p>\n","protected":false},"excerpt":{"rendered":"<p>Pupalkov\u00fd olej sa z\u00edskava zo semien pupalky dvojro\u010dnej&nbsp;Oenothera biennis. T\u00e1to rastlina poch\u00e1dza zo Severnej Ameriky, kde ju p\u00f4vodn\u00fd obyvatelia poznaj\u00fa u\u017e po st\u00e1ro\u010dia. Je s\u00fa\u010das\u0165ou tamoj\u0161ej tradi\u010dne medic\u00edny.&nbsp;Pupalkov\u00fd olej sa vyr\u00e1ba lisovan\u00edm semien za studena. T\u00fdm si zachov\u00e1va prirodzene zlo\u017eenie a nedoch\u00e1dza ku strate v\u00fdznamn\u00fdch l\u00e1tok. Pupalkov\u00fd olej obsahuje omega 6 nenas\u00fdten\u00e9 mastn\u00e9 kyseliny, vitam\u00edny [&hellip;]<\/p>\n","protected":false},"featured_media":7590,"comment_status":"open","ping_status":"open","template":"","meta":{"site-sidebar-layout":"default","site-content-layout":"","ast-site-content-layout":"default","site-content-style":"default","site-sidebar-style":"default","ast-global-header-display":"","ast-banner-title-visibility":"","ast-main-header-display":"","ast-hfb-above-header-display":"","ast-hfb-below-header-display":"","ast-hfb-mobile-header-display":"","site-post-title":"","ast-breadcrumbs-content":"","ast-featured-img":"","footer-sml-layout":"","ast-disable-related-posts":"","theme-transparent-header-meta":"","adv-header-id-meta":"","stick-header-meta":"","header-above-stick-meta":"","header-main-stick-meta":"","header-below-stick-meta":"","astra-migrate-meta-layouts":"default","ast-page-background-enabled":"default","ast-page-background-meta":{"desktop":{"background-color":"","background-image":"","background-repeat":"repeat","background-position":"center center","background-size":"auto","background-attachment":"scroll","background-type":"","background-media":"","overlay-type":"","overlay-color":"","overlay-opacity":"","overlay-gradient":""},"tablet":{"background-color":"","background-image":"","background-repeat":"repeat","background-position":"center center","background-size":"auto","background-attachment":"scroll","background-type":"","background-media":"","overlay-type":"","overlay-color":"","overlay-opacity":"","overlay-gradient":""},"mobile":{"background-color":"","background-image":"","background-repeat":"repeat","background-position":"center center","background-size":"auto","background-attachment":"scroll","background-type":"","background-media":"","overlay-type":"","overlay-color":"","overlay-opacity":"","overlay-gradient":""}},"ast-content-background-meta":{"desktop":{"background-color":"var(--ast-global-color-5)","background-image":"","background-repeat":"repeat","background-position":"center center","background-size":"auto","background-attachment":"scroll","background-type":"","background-media":"","overlay-type":"","overlay-color":"","overlay-opacity":"","overlay-gradient":""},"tablet":{"background-color":"var(--ast-global-color-5)","background-image":"","background-repeat":"repeat","background-position":"center center","background-size":"auto","background-attachment":"scroll","background-type":"","background-media":"","overlay-type":"","overlay-color":"","overlay-opacity":"","overlay-gradient":""},"mobile":{"background-color":"var(--ast-global-color-5)","background-image":"","background-repeat":"repeat","background-position":"center center","background-size":"auto","background-attachment":"scroll","background-type":"","background-media":"","overlay-type":"","overlay-color":"","overlay-opacity":"","overlay-gradient":""}}},"product_brand":[],"product_cat":[217,219],"product_tag":[],"class_list":{"0":"post-7589","1":"product","2":"type-product","3":"status-publish","4":"has-post-thumbnail","6":"product_cat-cholesterol-a-obezita","7":"product_cat-stres","8":"pa_cena-dopravy-367","9":"pa_doprava-zasilkovna","10":"pa_typ-partnersky-predaj","11":"pa_znacka-eliksir","12":"desktop-align-left","13":"tablet-align-left","14":"mobile-align-left","16":"first","17":"instock","18":"product-type-external"},"yoast_head":"<!-- This site is optimized with the Yoast SEO plugin v27.2 - https:\/\/yoast.com\/product\/yoast-seo-wordpress\/ -->\n<title>Pupalkov\u00fd olej - Eliks\u00edr - 60 kaps\u00fal - (1\/300 mg) - EKO-BIO-NATURA BIO OBCHOD<\/title>\n<meta name=\"robots\" content=\"index, follow, max-snippet:-1, max-image-preview:large, max-video-preview:-1\" \/>\n<link rel=\"canonical\" href=\"https:\/\/www.eko-bio-natura.sk\/shop\/produkt\/pupalkovy-olej-eliksir-60-kapsul-1-300-mg\/\" \/>\n<meta property=\"og:locale\" content=\"sk_SK\" \/>\n<meta property=\"og:type\" content=\"article\" \/>\n<meta property=\"og:title\" content=\"Pupalkov\u00fd olej - Eliks\u00edr - 60 kaps\u00fal - (1\/300 mg) - EKO-BIO-NATURA BIO OBCHOD\" \/>\n<meta property=\"og:description\" content=\"Pupalkov\u00fd olej sa z\u00edskava zo semien pupalky dvojro\u010dnej&nbsp;Oenothera biennis. T\u00e1to rastlina poch\u00e1dza zo Severnej Ameriky, kde ju p\u00f4vodn\u00fd obyvatelia poznaj\u00fa u\u017e po st\u00e1ro\u010dia. Je s\u00fa\u010das\u0165ou tamoj\u0161ej tradi\u010dne medic\u00edny.&nbsp;Pupalkov\u00fd olej sa vyr\u00e1ba lisovan\u00edm semien za studena. T\u00fdm si zachov\u00e1va prirodzene zlo\u017eenie a nedoch\u00e1dza ku strate v\u00fdznamn\u00fdch l\u00e1tok. Pupalkov\u00fd olej obsahuje omega 6 nenas\u00fdten\u00e9 mastn\u00e9 kyseliny, vitam\u00edny [&hellip;]\" \/>\n<meta property=\"og:url\" content=\"https:\/\/www.eko-bio-natura.sk\/shop\/produkt\/pupalkovy-olej-eliksir-60-kapsul-1-300-mg\/\" \/>\n<meta property=\"og:site_name\" content=\"EKO-BIO-NATURA BIO OBCHOD\" \/>\n<meta property=\"article:modified_time\" content=\"2022-05-04T14:40:56+00:00\" \/>\n<meta property=\"og:image\" content=\"https:\/\/www.eko-bio-natura.sk\/shop\/wp-content\/uploads\/2021\/12\/13145_enotera-500x500-1.jpg\" \/>\n\t<meta property=\"og:image:width\" content=\"500\" \/>\n\t<meta property=\"og:image:height\" content=\"500\" \/>\n\t<meta property=\"og:image:type\" content=\"image\/jpeg\" \/>\n<meta name=\"twitter:card\" content=\"summary_large_image\" \/>\n<meta name=\"twitter:label1\" content=\"Predpokladan\u00fd \u010das \u010d\u00edtania\" \/>\n\t<meta name=\"twitter:data1\" content=\"2 min\u00faty\" \/>\n<script type=\"application\/ld+json\" class=\"yoast-schema-graph\">{\"@context\":\"https:\/\/schema.org\",\"@graph\":[{\"@type\":\"WebPage\",\"@id\":\"https:\/\/www.eko-bio-natura.sk\/shop\/produkt\/pupalkovy-olej-eliksir-60-kapsul-1-300-mg\/\",\"url\":\"https:\/\/www.eko-bio-natura.sk\/shop\/produkt\/pupalkovy-olej-eliksir-60-kapsul-1-300-mg\/\",\"name\":\"Pupalkov\u00fd olej - Eliks\u00edr - 60 kaps\u00fal - (1\/300 mg) - EKO-BIO-NATURA BIO OBCHOD\",\"isPartOf\":{\"@id\":\"https:\/\/www.eko-bio-natura.sk\/shop\/#website\"},\"primaryImageOfPage\":{\"@id\":\"https:\/\/www.eko-bio-natura.sk\/shop\/produkt\/pupalkovy-olej-eliksir-60-kapsul-1-300-mg\/#primaryimage\"},\"image\":{\"@id\":\"https:\/\/www.eko-bio-natura.sk\/shop\/produkt\/pupalkovy-olej-eliksir-60-kapsul-1-300-mg\/#primaryimage\"},\"thumbnailUrl\":\"https:\/\/www.eko-bio-natura.sk\/shop\/wp-content\/uploads\/2021\/12\/13145_enotera-500x500-1.jpg\",\"datePublished\":\"2021-12-28T17:14:39+00:00\",\"dateModified\":\"2022-05-04T14:40:56+00:00\",\"breadcrumb\":{\"@id\":\"https:\/\/www.eko-bio-natura.sk\/shop\/produkt\/pupalkovy-olej-eliksir-60-kapsul-1-300-mg\/#breadcrumb\"},\"inLanguage\":\"sk-SK\",\"potentialAction\":[{\"@type\":\"ReadAction\",\"target\":[\"https:\/\/www.eko-bio-natura.sk\/shop\/produkt\/pupalkovy-olej-eliksir-60-kapsul-1-300-mg\/\"]}]},{\"@type\":\"ImageObject\",\"inLanguage\":\"sk-SK\",\"@id\":\"https:\/\/www.eko-bio-natura.sk\/shop\/produkt\/pupalkovy-olej-eliksir-60-kapsul-1-300-mg\/#primaryimage\",\"url\":\"https:\/\/www.eko-bio-natura.sk\/shop\/wp-content\/uploads\/2021\/12\/13145_enotera-500x500-1.jpg\",\"contentUrl\":\"https:\/\/www.eko-bio-natura.sk\/shop\/wp-content\/uploads\/2021\/12\/13145_enotera-500x500-1.jpg\",\"width\":500,\"height\":500},{\"@type\":\"BreadcrumbList\",\"@id\":\"https:\/\/www.eko-bio-natura.sk\/shop\/produkt\/pupalkovy-olej-eliksir-60-kapsul-1-300-mg\/#breadcrumb\",\"itemListElement\":[{\"@type\":\"ListItem\",\"position\":1,\"name\":\"Domovsk\u00e1 str\u00e1nka\",\"item\":\"https:\/\/www.eko-bio-natura.sk\/shop\/\"},{\"@type\":\"ListItem\",\"position\":2,\"name\":\"Obchod\",\"item\":\"https:\/\/www.eko-bio-natura.sk\/shop\/?page_id=6\"},{\"@type\":\"ListItem\",\"position\":3,\"name\":\"Pupalkov\u00fd olej &#8211; Eliks\u00edr &#8211; 60 kaps\u00fal &#8211; (1\/300 mg)\"}]},{\"@type\":\"WebSite\",\"@id\":\"https:\/\/www.eko-bio-natura.sk\/shop\/#website\",\"url\":\"https:\/\/www.eko-bio-natura.sk\/shop\/\",\"name\":\"EKO-BIO-NATURA BIO OBCHOD\",\"description\":\"\",\"publisher\":{\"@id\":\"https:\/\/www.eko-bio-natura.sk\/shop\/#organization\"},\"potentialAction\":[{\"@type\":\"SearchAction\",\"target\":{\"@type\":\"EntryPoint\",\"urlTemplate\":\"https:\/\/www.eko-bio-natura.sk\/shop\/?s={search_term_string}\"},\"query-input\":{\"@type\":\"PropertyValueSpecification\",\"valueRequired\":true,\"valueName\":\"search_term_string\"}}],\"inLanguage\":\"sk-SK\"},{\"@type\":\"Organization\",\"@id\":\"https:\/\/www.eko-bio-natura.sk\/shop\/#organization\",\"name\":\"EKO-BIO-NATURA BIO OBCHOD\",\"url\":\"https:\/\/www.eko-bio-natura.sk\/shop\/\",\"logo\":{\"@type\":\"ImageObject\",\"inLanguage\":\"sk-SK\",\"@id\":\"https:\/\/www.eko-bio-natura.sk\/shop\/#\/schema\/logo\/image\/\",\"url\":\"https:\/\/www.eko-bio-natura.sk\/shop\/wp-content\/uploads\/2021\/04\/eko-bio-natura_logo.png\",\"contentUrl\":\"https:\/\/www.eko-bio-natura.sk\/shop\/wp-content\/uploads\/2021\/04\/eko-bio-natura_logo.png\",\"width\":552,\"height\":194,\"caption\":\"EKO-BIO-NATURA BIO OBCHOD\"},\"image\":{\"@id\":\"https:\/\/www.eko-bio-natura.sk\/shop\/#\/schema\/logo\/image\/\"}}]}<\/script>\n<!-- \/ Yoast SEO plugin. -->","yoast_head_json":{"title":"Pupalkov\u00fd olej - Eliks\u00edr - 60 kaps\u00fal - (1\/300 mg) - EKO-BIO-NATURA BIO OBCHOD","robots":{"index":"index","follow":"follow","max-snippet":"max-snippet:-1","max-image-preview":"max-image-preview:large","max-video-preview":"max-video-preview:-1"},"canonical":"https:\/\/www.eko-bio-natura.sk\/shop\/produkt\/pupalkovy-olej-eliksir-60-kapsul-1-300-mg\/","og_locale":"sk_SK","og_type":"article","og_title":"Pupalkov\u00fd olej - Eliks\u00edr - 60 kaps\u00fal - (1\/300 mg) - EKO-BIO-NATURA BIO OBCHOD","og_description":"Pupalkov\u00fd olej sa z\u00edskava zo semien pupalky dvojro\u010dnej&nbsp;Oenothera biennis. T\u00e1to rastlina poch\u00e1dza zo Severnej Ameriky, kde ju p\u00f4vodn\u00fd obyvatelia poznaj\u00fa u\u017e po st\u00e1ro\u010dia. Je s\u00fa\u010das\u0165ou tamoj\u0161ej tradi\u010dne medic\u00edny.&nbsp;Pupalkov\u00fd olej sa vyr\u00e1ba lisovan\u00edm semien za studena. T\u00fdm si zachov\u00e1va prirodzene zlo\u017eenie a nedoch\u00e1dza ku strate v\u00fdznamn\u00fdch l\u00e1tok. Pupalkov\u00fd olej obsahuje omega 6 nenas\u00fdten\u00e9 mastn\u00e9 kyseliny, vitam\u00edny [&hellip;]","og_url":"https:\/\/www.eko-bio-natura.sk\/shop\/produkt\/pupalkovy-olej-eliksir-60-kapsul-1-300-mg\/","og_site_name":"EKO-BIO-NATURA BIO OBCHOD","article_modified_time":"2022-05-04T14:40:56+00:00","og_image":[{"width":500,"height":500,"url":"https:\/\/www.eko-bio-natura.sk\/shop\/wp-content\/uploads\/2021\/12\/13145_enotera-500x500-1.jpg","type":"image\/jpeg"}],"twitter_card":"summary_large_image","twitter_misc":{"Predpokladan\u00fd \u010das \u010d\u00edtania":"2 min\u00faty"},"schema":{"@context":"https:\/\/schema.org","@graph":[{"@type":"WebPage","@id":"https:\/\/www.eko-bio-natura.sk\/shop\/produkt\/pupalkovy-olej-eliksir-60-kapsul-1-300-mg\/","url":"https:\/\/www.eko-bio-natura.sk\/shop\/produkt\/pupalkovy-olej-eliksir-60-kapsul-1-300-mg\/","name":"Pupalkov\u00fd olej - Eliks\u00edr - 60 kaps\u00fal - (1\/300 mg) - EKO-BIO-NATURA BIO OBCHOD","isPartOf":{"@id":"https:\/\/www.eko-bio-natura.sk\/shop\/#website"},"primaryImageOfPage":{"@id":"https:\/\/www.eko-bio-natura.sk\/shop\/produkt\/pupalkovy-olej-eliksir-60-kapsul-1-300-mg\/#primaryimage"},"image":{"@id":"https:\/\/www.eko-bio-natura.sk\/shop\/produkt\/pupalkovy-olej-eliksir-60-kapsul-1-300-mg\/#primaryimage"},"thumbnailUrl":"https:\/\/www.eko-bio-natura.sk\/shop\/wp-content\/uploads\/2021\/12\/13145_enotera-500x500-1.jpg","datePublished":"2021-12-28T17:14:39+00:00","dateModified":"2022-05-04T14:40:56+00:00","breadcrumb":{"@id":"https:\/\/www.eko-bio-natura.sk\/shop\/produkt\/pupalkovy-olej-eliksir-60-kapsul-1-300-mg\/#breadcrumb"},"inLanguage":"sk-SK","potentialAction":[{"@type":"ReadAction","target":["https:\/\/www.eko-bio-natura.sk\/shop\/produkt\/pupalkovy-olej-eliksir-60-kapsul-1-300-mg\/"]}]},{"@type":"ImageObject","inLanguage":"sk-SK","@id":"https:\/\/www.eko-bio-natura.sk\/shop\/produkt\/pupalkovy-olej-eliksir-60-kapsul-1-300-mg\/#primaryimage","url":"https:\/\/www.eko-bio-natura.sk\/shop\/wp-content\/uploads\/2021\/12\/13145_enotera-500x500-1.jpg","contentUrl":"https:\/\/www.eko-bio-natura.sk\/shop\/wp-content\/uploads\/2021\/12\/13145_enotera-500x500-1.jpg","width":500,"height":500},{"@type":"BreadcrumbList","@id":"https:\/\/www.eko-bio-natura.sk\/shop\/produkt\/pupalkovy-olej-eliksir-60-kapsul-1-300-mg\/#breadcrumb","itemListElement":[{"@type":"ListItem","position":1,"name":"Domovsk\u00e1 str\u00e1nka","item":"https:\/\/www.eko-bio-natura.sk\/shop\/"},{"@type":"ListItem","position":2,"name":"Obchod","item":"https:\/\/www.eko-bio-natura.sk\/shop\/?page_id=6"},{"@type":"ListItem","position":3,"name":"Pupalkov\u00fd olej &#8211; Eliks\u00edr &#8211; 60 kaps\u00fal &#8211; (1\/300 mg)"}]},{"@type":"WebSite","@id":"https:\/\/www.eko-bio-natura.sk\/shop\/#website","url":"https:\/\/www.eko-bio-natura.sk\/shop\/","name":"EKO-BIO-NATURA BIO OBCHOD","description":"","publisher":{"@id":"https:\/\/www.eko-bio-natura.sk\/shop\/#organization"},"potentialAction":[{"@type":"SearchAction","target":{"@type":"EntryPoint","urlTemplate":"https:\/\/www.eko-bio-natura.sk\/shop\/?s={search_term_string}"},"query-input":{"@type":"PropertyValueSpecification","valueRequired":true,"valueName":"search_term_string"}}],"inLanguage":"sk-SK"},{"@type":"Organization","@id":"https:\/\/www.eko-bio-natura.sk\/shop\/#organization","name":"EKO-BIO-NATURA BIO OBCHOD","url":"https:\/\/www.eko-bio-natura.sk\/shop\/","logo":{"@type":"ImageObject","inLanguage":"sk-SK","@id":"https:\/\/www.eko-bio-natura.sk\/shop\/#\/schema\/logo\/image\/","url":"https:\/\/www.eko-bio-natura.sk\/shop\/wp-content\/uploads\/2021\/04\/eko-bio-natura_logo.png","contentUrl":"https:\/\/www.eko-bio-natura.sk\/shop\/wp-content\/uploads\/2021\/04\/eko-bio-natura_logo.png","width":552,"height":194,"caption":"EKO-BIO-NATURA BIO OBCHOD"},"image":{"@id":"https:\/\/www.eko-bio-natura.sk\/shop\/#\/schema\/logo\/image\/"}}]}},"_links":{"self":[{"href":"https:\/\/www.eko-bio-natura.sk\/shop\/wp-json\/wp\/v2\/product\/7589","targetHints":{"allow":["GET"]}}],"collection":[{"href":"https:\/\/www.eko-bio-natura.sk\/shop\/wp-json\/wp\/v2\/product"}],"about":[{"href":"https:\/\/www.eko-bio-natura.sk\/shop\/wp-json\/wp\/v2\/types\/product"}],"replies":[{"embeddable":true,"href":"https:\/\/www.eko-bio-natura.sk\/shop\/wp-json\/wp\/v2\/comments?post=7589"}],"wp:featuredmedia":[{"embeddable":true,"href":"https:\/\/www.eko-bio-natura.sk\/shop\/wp-json\/wp\/v2\/media\/7590"}],"wp:attachment":[{"href":"https:\/\/www.eko-bio-natura.sk\/shop\/wp-json\/wp\/v2\/media?parent=7589"}],"wp:term":[{"taxonomy":"product_brand","embeddable":true,"href":"https:\/\/www.eko-bio-natura.sk\/shop\/wp-json\/wp\/v2\/product_brand?post=7589"},{"taxonomy":"product_cat","embeddable":true,"href":"https:\/\/www.eko-bio-natura.sk\/shop\/wp-json\/wp\/v2\/product_cat?post=7589"},{"taxonomy":"product_tag","embeddable":true,"href":"https:\/\/www.eko-bio-natura.sk\/shop\/wp-json\/wp\/v2\/product_tag?post=7589"}],"curies":[{"name":"wp","href":"https:\/\/api.w.org\/{rel}","templated":true}]}}