{"id":7564,"date":"2021-12-28T18:13:44","date_gmt":"2021-12-28T17:13:44","guid":{"rendered":"https:\/\/www.eko-bio-natura.sk\/shop\/index.php\/produkt\/krem-na-tvar-altajske-mumio-domaci-lekar-100-ml\/"},"modified":"2022-05-04T16:40:46","modified_gmt":"2022-05-04T14:40:46","slug":"krem-na-tvar-altajske-mumio-domaci-lekar-100-ml","status":"publish","type":"product","link":"https:\/\/www.eko-bio-natura.sk\/shop\/produkt\/krem-na-tvar-altajske-mumio-domaci-lekar-100-ml\/","title":{"rendered":"Kr\u00e9m na tv\u00e1r Altajsk\u00e9 mumio &#8211; Dom\u00e1ci lek\u00e1r &#8211; 100 ml"},"content":{"rendered":"<p><span style=\"font-size: 12pt; font-family: verdana, geneva;\">Kr\u00e9m je komplexom pr\u00edrodn\u00fdch \u00fa\u010dinn\u00fdch l\u00e1tok, ktor\u00e9 poskytuj\u00fa <strong>intenz\u00edvny v\u00fd\u017eivn\u00fd a regenera\u010dn\u00fd \u00fa\u010dinok<\/strong>. Orechov\u00fd olej v kr\u00e9me m\u00e1 v\u00fdrazn\u00e9 hydrata\u010dn\u00e9 a regenera\u010dn\u00e9 vlastnosti, zabra\u0148uje strate vlhkosti. <\/span><\/p>\n<p><span style=\"font-size: 12pt; font-family: verdana, geneva;\"><strong>Sp\u00f4sob pou\u017eitia:<\/strong> Nanies\u0165 v&nbsp;tenkej vrstve na \u010dist\u00fa a such\u00fa poko\u017eku.<\/span><\/p>\n<p><span style=\"font-size: 12pt; font-family: verdana, geneva;\"><strong>Zlo\u017eenie<\/strong>:&nbsp;Aqua, glycerin, helianthus annuus seed oil, stearic acid, dimethicone, cetearyl alcohol, cocos nucifera oil, butyrospermum parkii butter, juglans regia seed oil, depuratus mumijo extract, acrylates\/c10-30 alkyl acrylate crosspolymer, sodium hydroxide, parfum, phenoxyethanol, methylparaben, ethylparaben, propylparaben, butylparaben, sodium benzoate, hexyl cinnamal, limonene, linalool, hydroxycitronellal, benzyl benzoate, benzyl salicylate<\/span><\/p>\n<p><span style=\"font-size: 12pt; font-family: verdana, geneva;\"><strong>Krajina p\u00f4vodu:<\/strong> Rusko<\/span><\/p>\n<p><span style=\"font-size: 12pt; font-family: verdana, geneva;\"><strong>Objem<\/strong>: 100 ml<\/span><\/p>\n<p><span style=\"font-size: 12pt; font-family: verdana, geneva;\"><span>Tr\u00e1pi V\u00e1s psori\u00e1za? Podrobne sme sa tejto t\u00e9me venovali v komplexnom a <a href=\"https:\/\/www.herbatica.sk\/blog\/co-je-psoriaza-a-lupienka-priznaky-liecba\/\">odbornom \u010dl\u00e1nku<\/a>, ktor\u00fd n\u00e1m nap\u00edsala PhDr. Mgr. Eva Medveck\u00e1, PhD., DiS.<\/span><\/span><\/p>\n","protected":false},"excerpt":{"rendered":"<p>Kr\u00e9m je komplexom pr\u00edrodn\u00fdch \u00fa\u010dinn\u00fdch l\u00e1tok, ktor\u00e9 poskytuj\u00fa intenz\u00edvny v\u00fd\u017eivn\u00fd a regenera\u010dn\u00fd \u00fa\u010dinok. Orechov\u00fd olej v kr\u00e9me m\u00e1 v\u00fdrazn\u00e9 hydrata\u010dn\u00e9 a regenera\u010dn\u00e9 vlastnosti, zabra\u0148uje strate vlhkosti. Sp\u00f4sob pou\u017eitia: Nanies\u0165 v&nbsp;tenkej vrstve na \u010dist\u00fa a such\u00fa poko\u017eku. Zlo\u017eenie:&nbsp;Aqua, glycerin, helianthus annuus seed oil, stearic acid, dimethicone, cetearyl alcohol, cocos nucifera oil, butyrospermum parkii butter, juglans regia [&hellip;]<\/p>\n","protected":false},"featured_media":7565,"comment_status":"open","ping_status":"open","template":"","meta":{"site-sidebar-layout":"default","site-content-layout":"","ast-site-content-layout":"default","site-content-style":"default","site-sidebar-style":"default","ast-global-header-display":"","ast-banner-title-visibility":"","ast-main-header-display":"","ast-hfb-above-header-display":"","ast-hfb-below-header-display":"","ast-hfb-mobile-header-display":"","site-post-title":"","ast-breadcrumbs-content":"","ast-featured-img":"","footer-sml-layout":"","ast-disable-related-posts":"","theme-transparent-header-meta":"","adv-header-id-meta":"","stick-header-meta":"","header-above-stick-meta":"","header-main-stick-meta":"","header-below-stick-meta":"","astra-migrate-meta-layouts":"default","ast-page-background-enabled":"default","ast-page-background-meta":{"desktop":{"background-color":"","background-image":"","background-repeat":"repeat","background-position":"center center","background-size":"auto","background-attachment":"scroll","background-type":"","background-media":"","overlay-type":"","overlay-color":"","overlay-opacity":"","overlay-gradient":""},"tablet":{"background-color":"","background-image":"","background-repeat":"repeat","background-position":"center center","background-size":"auto","background-attachment":"scroll","background-type":"","background-media":"","overlay-type":"","overlay-color":"","overlay-opacity":"","overlay-gradient":""},"mobile":{"background-color":"","background-image":"","background-repeat":"repeat","background-position":"center center","background-size":"auto","background-attachment":"scroll","background-type":"","background-media":"","overlay-type":"","overlay-color":"","overlay-opacity":"","overlay-gradient":""}},"ast-content-background-meta":{"desktop":{"background-color":"var(--ast-global-color-5)","background-image":"","background-repeat":"repeat","background-position":"center center","background-size":"auto","background-attachment":"scroll","background-type":"","background-media":"","overlay-type":"","overlay-color":"","overlay-opacity":"","overlay-gradient":""},"tablet":{"background-color":"var(--ast-global-color-5)","background-image":"","background-repeat":"repeat","background-position":"center center","background-size":"auto","background-attachment":"scroll","background-type":"","background-media":"","overlay-type":"","overlay-color":"","overlay-opacity":"","overlay-gradient":""},"mobile":{"background-color":"var(--ast-global-color-5)","background-image":"","background-repeat":"repeat","background-position":"center center","background-size":"auto","background-attachment":"scroll","background-type":"","background-media":"","overlay-type":"","overlay-color":"","overlay-opacity":"","overlay-gradient":""}}},"product_brand":[],"product_cat":[39],"product_tag":[],"class_list":{"0":"post-7564","1":"product","2":"type-product","3":"status-publish","4":"has-post-thumbnail","6":"product_cat-telova-kozmetika","7":"pa_cena-dopravy-367","8":"pa_doprava-zasilkovna","9":"pa_ean-831","10":"pa_typ-partnersky-predaj","11":"pa_znacka-domaci-lekar","12":"desktop-align-left","13":"tablet-align-left","14":"mobile-align-left","16":"first","17":"instock","18":"product-type-external"},"yoast_head":"<!-- This site is optimized with the Yoast SEO plugin v27.2 - https:\/\/yoast.com\/product\/yoast-seo-wordpress\/ -->\n<title>Kr\u00e9m na tv\u00e1r Altajsk\u00e9 mumio - Dom\u00e1ci lek\u00e1r - 100 ml - EKO-BIO-NATURA BIO OBCHOD<\/title>\n<meta name=\"robots\" content=\"index, follow, max-snippet:-1, max-image-preview:large, max-video-preview:-1\" \/>\n<link rel=\"canonical\" href=\"https:\/\/www.eko-bio-natura.sk\/shop\/produkt\/krem-na-tvar-altajske-mumio-domaci-lekar-100-ml\/\" \/>\n<meta property=\"og:locale\" content=\"sk_SK\" \/>\n<meta property=\"og:type\" content=\"article\" \/>\n<meta property=\"og:title\" content=\"Kr\u00e9m na tv\u00e1r Altajsk\u00e9 mumio - Dom\u00e1ci lek\u00e1r - 100 ml - EKO-BIO-NATURA BIO OBCHOD\" \/>\n<meta property=\"og:description\" content=\"Kr\u00e9m je komplexom pr\u00edrodn\u00fdch \u00fa\u010dinn\u00fdch l\u00e1tok, ktor\u00e9 poskytuj\u00fa intenz\u00edvny v\u00fd\u017eivn\u00fd a regenera\u010dn\u00fd \u00fa\u010dinok. Orechov\u00fd olej v kr\u00e9me m\u00e1 v\u00fdrazn\u00e9 hydrata\u010dn\u00e9 a regenera\u010dn\u00e9 vlastnosti, zabra\u0148uje strate vlhkosti. Sp\u00f4sob pou\u017eitia: Nanies\u0165 v&nbsp;tenkej vrstve na \u010dist\u00fa a such\u00fa poko\u017eku. Zlo\u017eenie:&nbsp;Aqua, glycerin, helianthus annuus seed oil, stearic acid, dimethicone, cetearyl alcohol, cocos nucifera oil, butyrospermum parkii butter, juglans regia [&hellip;]\" \/>\n<meta property=\"og:url\" content=\"https:\/\/www.eko-bio-natura.sk\/shop\/produkt\/krem-na-tvar-altajske-mumio-domaci-lekar-100-ml\/\" \/>\n<meta property=\"og:site_name\" content=\"EKO-BIO-NATURA BIO OBCHOD\" \/>\n<meta property=\"article:modified_time\" content=\"2022-05-04T14:40:46+00:00\" \/>\n<meta property=\"og:image\" content=\"https:\/\/www.eko-bio-natura.sk\/shop\/wp-content\/uploads\/2021\/12\/12845_krem-dlya-litsa-domashniy-doktor-mumiyo-altayskoe-100-ml-4823015938184.jpg\" \/>\n\t<meta property=\"og:image:width\" content=\"600\" \/>\n\t<meta property=\"og:image:height\" content=\"555\" \/>\n\t<meta property=\"og:image:type\" content=\"image\/jpeg\" \/>\n<meta name=\"twitter:card\" content=\"summary_large_image\" \/>\n<meta name=\"twitter:label1\" content=\"Predpokladan\u00fd \u010das \u010d\u00edtania\" \/>\n\t<meta name=\"twitter:data1\" content=\"1 min\u00fata\" \/>\n<script type=\"application\/ld+json\" class=\"yoast-schema-graph\">{\"@context\":\"https:\/\/schema.org\",\"@graph\":[{\"@type\":\"WebPage\",\"@id\":\"https:\/\/www.eko-bio-natura.sk\/shop\/produkt\/krem-na-tvar-altajske-mumio-domaci-lekar-100-ml\/\",\"url\":\"https:\/\/www.eko-bio-natura.sk\/shop\/produkt\/krem-na-tvar-altajske-mumio-domaci-lekar-100-ml\/\",\"name\":\"Kr\u00e9m na tv\u00e1r Altajsk\u00e9 mumio - Dom\u00e1ci lek\u00e1r - 100 ml - EKO-BIO-NATURA BIO OBCHOD\",\"isPartOf\":{\"@id\":\"https:\/\/www.eko-bio-natura.sk\/shop\/#website\"},\"primaryImageOfPage\":{\"@id\":\"https:\/\/www.eko-bio-natura.sk\/shop\/produkt\/krem-na-tvar-altajske-mumio-domaci-lekar-100-ml\/#primaryimage\"},\"image\":{\"@id\":\"https:\/\/www.eko-bio-natura.sk\/shop\/produkt\/krem-na-tvar-altajske-mumio-domaci-lekar-100-ml\/#primaryimage\"},\"thumbnailUrl\":\"https:\/\/www.eko-bio-natura.sk\/shop\/wp-content\/uploads\/2021\/12\/12845_krem-dlya-litsa-domashniy-doktor-mumiyo-altayskoe-100-ml-4823015938184.jpg\",\"datePublished\":\"2021-12-28T17:13:44+00:00\",\"dateModified\":\"2022-05-04T14:40:46+00:00\",\"breadcrumb\":{\"@id\":\"https:\/\/www.eko-bio-natura.sk\/shop\/produkt\/krem-na-tvar-altajske-mumio-domaci-lekar-100-ml\/#breadcrumb\"},\"inLanguage\":\"sk-SK\",\"potentialAction\":[{\"@type\":\"ReadAction\",\"target\":[\"https:\/\/www.eko-bio-natura.sk\/shop\/produkt\/krem-na-tvar-altajske-mumio-domaci-lekar-100-ml\/\"]}]},{\"@type\":\"ImageObject\",\"inLanguage\":\"sk-SK\",\"@id\":\"https:\/\/www.eko-bio-natura.sk\/shop\/produkt\/krem-na-tvar-altajske-mumio-domaci-lekar-100-ml\/#primaryimage\",\"url\":\"https:\/\/www.eko-bio-natura.sk\/shop\/wp-content\/uploads\/2021\/12\/12845_krem-dlya-litsa-domashniy-doktor-mumiyo-altayskoe-100-ml-4823015938184.jpg\",\"contentUrl\":\"https:\/\/www.eko-bio-natura.sk\/shop\/wp-content\/uploads\/2021\/12\/12845_krem-dlya-litsa-domashniy-doktor-mumiyo-altayskoe-100-ml-4823015938184.jpg\",\"width\":600,\"height\":555},{\"@type\":\"BreadcrumbList\",\"@id\":\"https:\/\/www.eko-bio-natura.sk\/shop\/produkt\/krem-na-tvar-altajske-mumio-domaci-lekar-100-ml\/#breadcrumb\",\"itemListElement\":[{\"@type\":\"ListItem\",\"position\":1,\"name\":\"Domovsk\u00e1 str\u00e1nka\",\"item\":\"https:\/\/www.eko-bio-natura.sk\/shop\/\"},{\"@type\":\"ListItem\",\"position\":2,\"name\":\"Obchod\",\"item\":\"https:\/\/www.eko-bio-natura.sk\/shop\/?page_id=6\"},{\"@type\":\"ListItem\",\"position\":3,\"name\":\"Kr\u00e9m na tv\u00e1r Altajsk\u00e9 mumio &#8211; Dom\u00e1ci lek\u00e1r &#8211; 100 ml\"}]},{\"@type\":\"WebSite\",\"@id\":\"https:\/\/www.eko-bio-natura.sk\/shop\/#website\",\"url\":\"https:\/\/www.eko-bio-natura.sk\/shop\/\",\"name\":\"EKO-BIO-NATURA BIO OBCHOD\",\"description\":\"\",\"publisher\":{\"@id\":\"https:\/\/www.eko-bio-natura.sk\/shop\/#organization\"},\"potentialAction\":[{\"@type\":\"SearchAction\",\"target\":{\"@type\":\"EntryPoint\",\"urlTemplate\":\"https:\/\/www.eko-bio-natura.sk\/shop\/?s={search_term_string}\"},\"query-input\":{\"@type\":\"PropertyValueSpecification\",\"valueRequired\":true,\"valueName\":\"search_term_string\"}}],\"inLanguage\":\"sk-SK\"},{\"@type\":\"Organization\",\"@id\":\"https:\/\/www.eko-bio-natura.sk\/shop\/#organization\",\"name\":\"EKO-BIO-NATURA BIO OBCHOD\",\"url\":\"https:\/\/www.eko-bio-natura.sk\/shop\/\",\"logo\":{\"@type\":\"ImageObject\",\"inLanguage\":\"sk-SK\",\"@id\":\"https:\/\/www.eko-bio-natura.sk\/shop\/#\/schema\/logo\/image\/\",\"url\":\"https:\/\/www.eko-bio-natura.sk\/shop\/wp-content\/uploads\/2021\/04\/eko-bio-natura_logo.png\",\"contentUrl\":\"https:\/\/www.eko-bio-natura.sk\/shop\/wp-content\/uploads\/2021\/04\/eko-bio-natura_logo.png\",\"width\":552,\"height\":194,\"caption\":\"EKO-BIO-NATURA BIO OBCHOD\"},\"image\":{\"@id\":\"https:\/\/www.eko-bio-natura.sk\/shop\/#\/schema\/logo\/image\/\"}}]}<\/script>\n<!-- \/ Yoast SEO plugin. -->","yoast_head_json":{"title":"Kr\u00e9m na tv\u00e1r Altajsk\u00e9 mumio - Dom\u00e1ci lek\u00e1r - 100 ml - EKO-BIO-NATURA BIO OBCHOD","robots":{"index":"index","follow":"follow","max-snippet":"max-snippet:-1","max-image-preview":"max-image-preview:large","max-video-preview":"max-video-preview:-1"},"canonical":"https:\/\/www.eko-bio-natura.sk\/shop\/produkt\/krem-na-tvar-altajske-mumio-domaci-lekar-100-ml\/","og_locale":"sk_SK","og_type":"article","og_title":"Kr\u00e9m na tv\u00e1r Altajsk\u00e9 mumio - Dom\u00e1ci lek\u00e1r - 100 ml - EKO-BIO-NATURA BIO OBCHOD","og_description":"Kr\u00e9m je komplexom pr\u00edrodn\u00fdch \u00fa\u010dinn\u00fdch l\u00e1tok, ktor\u00e9 poskytuj\u00fa intenz\u00edvny v\u00fd\u017eivn\u00fd a regenera\u010dn\u00fd \u00fa\u010dinok. Orechov\u00fd olej v kr\u00e9me m\u00e1 v\u00fdrazn\u00e9 hydrata\u010dn\u00e9 a regenera\u010dn\u00e9 vlastnosti, zabra\u0148uje strate vlhkosti. Sp\u00f4sob pou\u017eitia: Nanies\u0165 v&nbsp;tenkej vrstve na \u010dist\u00fa a such\u00fa poko\u017eku. Zlo\u017eenie:&nbsp;Aqua, glycerin, helianthus annuus seed oil, stearic acid, dimethicone, cetearyl alcohol, cocos nucifera oil, butyrospermum parkii butter, juglans regia [&hellip;]","og_url":"https:\/\/www.eko-bio-natura.sk\/shop\/produkt\/krem-na-tvar-altajske-mumio-domaci-lekar-100-ml\/","og_site_name":"EKO-BIO-NATURA BIO OBCHOD","article_modified_time":"2022-05-04T14:40:46+00:00","og_image":[{"width":600,"height":555,"url":"https:\/\/www.eko-bio-natura.sk\/shop\/wp-content\/uploads\/2021\/12\/12845_krem-dlya-litsa-domashniy-doktor-mumiyo-altayskoe-100-ml-4823015938184.jpg","type":"image\/jpeg"}],"twitter_card":"summary_large_image","twitter_misc":{"Predpokladan\u00fd \u010das \u010d\u00edtania":"1 min\u00fata"},"schema":{"@context":"https:\/\/schema.org","@graph":[{"@type":"WebPage","@id":"https:\/\/www.eko-bio-natura.sk\/shop\/produkt\/krem-na-tvar-altajske-mumio-domaci-lekar-100-ml\/","url":"https:\/\/www.eko-bio-natura.sk\/shop\/produkt\/krem-na-tvar-altajske-mumio-domaci-lekar-100-ml\/","name":"Kr\u00e9m na tv\u00e1r Altajsk\u00e9 mumio - Dom\u00e1ci lek\u00e1r - 100 ml - EKO-BIO-NATURA BIO OBCHOD","isPartOf":{"@id":"https:\/\/www.eko-bio-natura.sk\/shop\/#website"},"primaryImageOfPage":{"@id":"https:\/\/www.eko-bio-natura.sk\/shop\/produkt\/krem-na-tvar-altajske-mumio-domaci-lekar-100-ml\/#primaryimage"},"image":{"@id":"https:\/\/www.eko-bio-natura.sk\/shop\/produkt\/krem-na-tvar-altajske-mumio-domaci-lekar-100-ml\/#primaryimage"},"thumbnailUrl":"https:\/\/www.eko-bio-natura.sk\/shop\/wp-content\/uploads\/2021\/12\/12845_krem-dlya-litsa-domashniy-doktor-mumiyo-altayskoe-100-ml-4823015938184.jpg","datePublished":"2021-12-28T17:13:44+00:00","dateModified":"2022-05-04T14:40:46+00:00","breadcrumb":{"@id":"https:\/\/www.eko-bio-natura.sk\/shop\/produkt\/krem-na-tvar-altajske-mumio-domaci-lekar-100-ml\/#breadcrumb"},"inLanguage":"sk-SK","potentialAction":[{"@type":"ReadAction","target":["https:\/\/www.eko-bio-natura.sk\/shop\/produkt\/krem-na-tvar-altajske-mumio-domaci-lekar-100-ml\/"]}]},{"@type":"ImageObject","inLanguage":"sk-SK","@id":"https:\/\/www.eko-bio-natura.sk\/shop\/produkt\/krem-na-tvar-altajske-mumio-domaci-lekar-100-ml\/#primaryimage","url":"https:\/\/www.eko-bio-natura.sk\/shop\/wp-content\/uploads\/2021\/12\/12845_krem-dlya-litsa-domashniy-doktor-mumiyo-altayskoe-100-ml-4823015938184.jpg","contentUrl":"https:\/\/www.eko-bio-natura.sk\/shop\/wp-content\/uploads\/2021\/12\/12845_krem-dlya-litsa-domashniy-doktor-mumiyo-altayskoe-100-ml-4823015938184.jpg","width":600,"height":555},{"@type":"BreadcrumbList","@id":"https:\/\/www.eko-bio-natura.sk\/shop\/produkt\/krem-na-tvar-altajske-mumio-domaci-lekar-100-ml\/#breadcrumb","itemListElement":[{"@type":"ListItem","position":1,"name":"Domovsk\u00e1 str\u00e1nka","item":"https:\/\/www.eko-bio-natura.sk\/shop\/"},{"@type":"ListItem","position":2,"name":"Obchod","item":"https:\/\/www.eko-bio-natura.sk\/shop\/?page_id=6"},{"@type":"ListItem","position":3,"name":"Kr\u00e9m na tv\u00e1r Altajsk\u00e9 mumio &#8211; Dom\u00e1ci lek\u00e1r &#8211; 100 ml"}]},{"@type":"WebSite","@id":"https:\/\/www.eko-bio-natura.sk\/shop\/#website","url":"https:\/\/www.eko-bio-natura.sk\/shop\/","name":"EKO-BIO-NATURA BIO OBCHOD","description":"","publisher":{"@id":"https:\/\/www.eko-bio-natura.sk\/shop\/#organization"},"potentialAction":[{"@type":"SearchAction","target":{"@type":"EntryPoint","urlTemplate":"https:\/\/www.eko-bio-natura.sk\/shop\/?s={search_term_string}"},"query-input":{"@type":"PropertyValueSpecification","valueRequired":true,"valueName":"search_term_string"}}],"inLanguage":"sk-SK"},{"@type":"Organization","@id":"https:\/\/www.eko-bio-natura.sk\/shop\/#organization","name":"EKO-BIO-NATURA BIO OBCHOD","url":"https:\/\/www.eko-bio-natura.sk\/shop\/","logo":{"@type":"ImageObject","inLanguage":"sk-SK","@id":"https:\/\/www.eko-bio-natura.sk\/shop\/#\/schema\/logo\/image\/","url":"https:\/\/www.eko-bio-natura.sk\/shop\/wp-content\/uploads\/2021\/04\/eko-bio-natura_logo.png","contentUrl":"https:\/\/www.eko-bio-natura.sk\/shop\/wp-content\/uploads\/2021\/04\/eko-bio-natura_logo.png","width":552,"height":194,"caption":"EKO-BIO-NATURA BIO OBCHOD"},"image":{"@id":"https:\/\/www.eko-bio-natura.sk\/shop\/#\/schema\/logo\/image\/"}}]}},"_links":{"self":[{"href":"https:\/\/www.eko-bio-natura.sk\/shop\/wp-json\/wp\/v2\/product\/7564","targetHints":{"allow":["GET"]}}],"collection":[{"href":"https:\/\/www.eko-bio-natura.sk\/shop\/wp-json\/wp\/v2\/product"}],"about":[{"href":"https:\/\/www.eko-bio-natura.sk\/shop\/wp-json\/wp\/v2\/types\/product"}],"replies":[{"embeddable":true,"href":"https:\/\/www.eko-bio-natura.sk\/shop\/wp-json\/wp\/v2\/comments?post=7564"}],"wp:featuredmedia":[{"embeddable":true,"href":"https:\/\/www.eko-bio-natura.sk\/shop\/wp-json\/wp\/v2\/media\/7565"}],"wp:attachment":[{"href":"https:\/\/www.eko-bio-natura.sk\/shop\/wp-json\/wp\/v2\/media?parent=7564"}],"wp:term":[{"taxonomy":"product_brand","embeddable":true,"href":"https:\/\/www.eko-bio-natura.sk\/shop\/wp-json\/wp\/v2\/product_brand?post=7564"},{"taxonomy":"product_cat","embeddable":true,"href":"https:\/\/www.eko-bio-natura.sk\/shop\/wp-json\/wp\/v2\/product_cat?post=7564"},{"taxonomy":"product_tag","embeddable":true,"href":"https:\/\/www.eko-bio-natura.sk\/shop\/wp-json\/wp\/v2\/product_tag?post=7564"}],"curies":[{"name":"wp","href":"https:\/\/api.w.org\/{rel}","templated":true}]}}