{"id":7562,"date":"2021-12-28T18:13:44","date_gmt":"2021-12-28T17:13:44","guid":{"rendered":"https:\/\/www.eko-bio-natura.sk\/shop\/index.php\/produkt\/antibakterialny-cistiaci-gel-na-ruky-belita-30ml\/"},"modified":"2022-05-04T16:40:46","modified_gmt":"2022-05-04T14:40:46","slug":"antibakterialny-cistiaci-gel-na-ruky-belita-30ml","status":"publish","type":"product","link":"https:\/\/www.eko-bio-natura.sk\/shop\/produkt\/antibakterialny-cistiaci-gel-na-ruky-belita-30ml\/","title":{"rendered":"Antibakteri\u00e1lny \u010distiaci g\u00e9l na ruky &#8211; Belita &#8211; 30ml"},"content":{"rendered":"<p><span style=\"font-size: 12pt; font-family: verdana, geneva;\">Tento g\u00e9l je nevyhnutnou&nbsp;s\u00fa\u010das\u0165ou pri cestovan\u00ed, preto\u017ee nie v\u017edy je mo\u017en\u00e9 si umy\u0165 ruky: po \u0161portov\u00fdch aktivit\u00e1ch, vonku, na prech\u00e1dzke s de\u0165mi, na pikniku.<\/span><\/p>\n<p><span style=\"font-size: 12pt; font-family: verdana, geneva;\">G\u00e9l dokonale \u010dist\u00ed a osvie\u017euje poko\u017eku r\u00fak bez vody.<\/span><\/p>\n<p><span style=\"font-size: 12pt; font-family: verdana, geneva;\">Osved\u010den\u00e9: g\u00e9l dok\u00e1\u017ee porazi\u0165 a\u017e&nbsp;100% mikr\u00f3bov, osvie\u017euje poko\u017eku r\u00fak a nezanech\u00e1va lepkav\u00fd pocit.&nbsp;<\/span><\/p>\n<p><span style=\"font-size: 12pt; font-family: verdana, geneva;\">G\u00e9l je vhodn\u00fd na \u010dast\u00e9 pou\u017e\u00edvanie.&nbsp;<\/span><\/p>\n<p><span style=\"font-size: 12pt; font-family: verdana, geneva;\">Bezpe\u010dnostn\u00e9 opatrenia: <\/span><\/p>\n<ul>\n<li><span style=\"font-size: 12pt; font-family: verdana, geneva;\">Zabr\u00e1\u0148te kontaktu s o\u010dami.&nbsp;<\/span><\/li>\n<li><span style=\"font-size: 12pt; font-family: verdana, geneva;\">Nepou\u017e\u00edvajte na tv\u00e1r.&nbsp;<\/span><\/li>\n<li><span style=\"font-size: 12pt; font-family: verdana, geneva;\">V\u00fdstraha!&nbsp;Len na vonkaj\u0161ie pou\u017eitie!&nbsp;<\/span><\/li>\n<li><span style=\"font-size: 12pt; font-family: verdana, geneva;\">Neaplikova\u0165 na otvoren\u00e9 rany!<\/span><span style=\"font-size: 12pt; font-family: verdana, geneva;\"><\/span><\/li>\n<\/ul>\n<p><span style=\"font-size: 12pt; font-family: verdana, geneva;\">Pou\u017eitie: Naneste na ruky a v mas\u00edrujte<\/span><\/p>\n<p><span style=\"font-size: 12pt; font-family: verdana, geneva;\">Krajina p\u00f4vodu:&nbsp;<span>Bielorusko<\/span><\/span><\/p>\n<p><span style=\"font-size: 12pt; font-family: verdana, geneva;\">Objem: 30 ml<\/span><\/p>\n<p><span style=\"font-size: 12pt; font-family: verdana, geneva;\"><strong><span>Zlo\u017eenie:<\/span><\/strong><span><span>&nbsp;<\/span>Alkohol, aqua (voda), glycer\u00edn, akryl\u00e1ty \/ C10-30 alkylakryl\u00e1tov\u00fd kr\u00ed\u017eov\u00fd polym\u00e9r, trietanolam\u00edn, aloe Barbadensis (Aloe Vera), ovocn\u00e1 \u0161\u0165ava<\/span><\/span><\/p>\n","protected":false},"excerpt":{"rendered":"<p>Tento g\u00e9l je nevyhnutnou&nbsp;s\u00fa\u010das\u0165ou pri cestovan\u00ed, preto\u017ee nie v\u017edy je mo\u017en\u00e9 si umy\u0165 ruky: po \u0161portov\u00fdch aktivit\u00e1ch, vonku, na prech\u00e1dzke s de\u0165mi, na pikniku. G\u00e9l dokonale \u010dist\u00ed a osvie\u017euje poko\u017eku r\u00fak bez vody. Osved\u010den\u00e9: g\u00e9l dok\u00e1\u017ee porazi\u0165 a\u017e&nbsp;100% mikr\u00f3bov, osvie\u017euje poko\u017eku r\u00fak a nezanech\u00e1va lepkav\u00fd pocit.&nbsp; G\u00e9l je vhodn\u00fd na \u010dast\u00e9 pou\u017e\u00edvanie.&nbsp; Bezpe\u010dnostn\u00e9 opatrenia: Zabr\u00e1\u0148te [&hellip;]<\/p>\n","protected":false},"featured_media":7563,"comment_status":"open","ping_status":"open","template":"","meta":{"site-sidebar-layout":"default","site-content-layout":"","ast-site-content-layout":"default","site-content-style":"default","site-sidebar-style":"default","ast-global-header-display":"","ast-banner-title-visibility":"","ast-main-header-display":"","ast-hfb-above-header-display":"","ast-hfb-below-header-display":"","ast-hfb-mobile-header-display":"","site-post-title":"","ast-breadcrumbs-content":"","ast-featured-img":"","footer-sml-layout":"","ast-disable-related-posts":"","theme-transparent-header-meta":"","adv-header-id-meta":"","stick-header-meta":"","header-above-stick-meta":"","header-main-stick-meta":"","header-below-stick-meta":"","astra-migrate-meta-layouts":"default","ast-page-background-enabled":"default","ast-page-background-meta":{"desktop":{"background-color":"","background-image":"","background-repeat":"repeat","background-position":"center center","background-size":"auto","background-attachment":"scroll","background-type":"","background-media":"","overlay-type":"","overlay-color":"","overlay-opacity":"","overlay-gradient":""},"tablet":{"background-color":"","background-image":"","background-repeat":"repeat","background-position":"center center","background-size":"auto","background-attachment":"scroll","background-type":"","background-media":"","overlay-type":"","overlay-color":"","overlay-opacity":"","overlay-gradient":""},"mobile":{"background-color":"","background-image":"","background-repeat":"repeat","background-position":"center center","background-size":"auto","background-attachment":"scroll","background-type":"","background-media":"","overlay-type":"","overlay-color":"","overlay-opacity":"","overlay-gradient":""}},"ast-content-background-meta":{"desktop":{"background-color":"var(--ast-global-color-5)","background-image":"","background-repeat":"repeat","background-position":"center center","background-size":"auto","background-attachment":"scroll","background-type":"","background-media":"","overlay-type":"","overlay-color":"","overlay-opacity":"","overlay-gradient":""},"tablet":{"background-color":"var(--ast-global-color-5)","background-image":"","background-repeat":"repeat","background-position":"center center","background-size":"auto","background-attachment":"scroll","background-type":"","background-media":"","overlay-type":"","overlay-color":"","overlay-opacity":"","overlay-gradient":""},"mobile":{"background-color":"var(--ast-global-color-5)","background-image":"","background-repeat":"repeat","background-position":"center center","background-size":"auto","background-attachment":"scroll","background-type":"","background-media":"","overlay-type":"","overlay-color":"","overlay-opacity":"","overlay-gradient":""}}},"product_brand":[],"product_cat":[277],"product_tag":[],"class_list":{"0":"post-7562","1":"product","2":"type-product","3":"status-publish","4":"has-post-thumbnail","6":"product_cat-dezinfekcie-a-antibakterialne-gely","7":"pa_cena-dopravy-367","8":"pa_doprava-zasilkovna","9":"pa_ean-829","10":"pa_typ-partnersky-predaj","11":"pa_znacka-belita","12":"desktop-align-left","13":"tablet-align-left","14":"mobile-align-left","16":"first","17":"instock","18":"product-type-external"},"yoast_head":"<!-- This site is optimized with the Yoast SEO plugin v27.2 - https:\/\/yoast.com\/product\/yoast-seo-wordpress\/ -->\n<title>Antibakteri\u00e1lny \u010distiaci g\u00e9l na ruky - Belita - 30ml - EKO-BIO-NATURA BIO OBCHOD<\/title>\n<meta name=\"robots\" content=\"index, follow, max-snippet:-1, max-image-preview:large, max-video-preview:-1\" \/>\n<link rel=\"canonical\" href=\"https:\/\/www.eko-bio-natura.sk\/shop\/produkt\/antibakterialny-cistiaci-gel-na-ruky-belita-30ml\/\" \/>\n<meta property=\"og:locale\" content=\"sk_SK\" \/>\n<meta property=\"og:type\" content=\"article\" \/>\n<meta property=\"og:title\" content=\"Antibakteri\u00e1lny \u010distiaci g\u00e9l na ruky - Belita - 30ml - EKO-BIO-NATURA BIO OBCHOD\" \/>\n<meta property=\"og:description\" content=\"Tento g\u00e9l je nevyhnutnou&nbsp;s\u00fa\u010das\u0165ou pri cestovan\u00ed, preto\u017ee nie v\u017edy je mo\u017en\u00e9 si umy\u0165 ruky: po \u0161portov\u00fdch aktivit\u00e1ch, vonku, na prech\u00e1dzke s de\u0165mi, na pikniku. G\u00e9l dokonale \u010dist\u00ed a osvie\u017euje poko\u017eku r\u00fak bez vody. Osved\u010den\u00e9: g\u00e9l dok\u00e1\u017ee porazi\u0165 a\u017e&nbsp;100% mikr\u00f3bov, osvie\u017euje poko\u017eku r\u00fak a nezanech\u00e1va lepkav\u00fd pocit.&nbsp; G\u00e9l je vhodn\u00fd na \u010dast\u00e9 pou\u017e\u00edvanie.&nbsp; Bezpe\u010dnostn\u00e9 opatrenia: Zabr\u00e1\u0148te [&hellip;]\" \/>\n<meta property=\"og:url\" content=\"https:\/\/www.eko-bio-natura.sk\/shop\/produkt\/antibakterialny-cistiaci-gel-na-ruky-belita-30ml\/\" \/>\n<meta property=\"og:site_name\" content=\"EKO-BIO-NATURA BIO OBCHOD\" \/>\n<meta property=\"article:modified_time\" content=\"2022-05-04T14:40:46+00:00\" \/>\n<meta property=\"og:image\" content=\"https:\/\/www.eko-bio-natura.sk\/shop\/wp-content\/uploads\/2021\/12\/12827_c28b23a8d865dce2d89a23030a99c632.jpg\" \/>\n\t<meta property=\"og:image:width\" content=\"600\" \/>\n\t<meta property=\"og:image:height\" content=\"600\" \/>\n\t<meta property=\"og:image:type\" content=\"image\/jpeg\" \/>\n<meta name=\"twitter:card\" content=\"summary_large_image\" \/>\n<meta name=\"twitter:label1\" content=\"Predpokladan\u00fd \u010das \u010d\u00edtania\" \/>\n\t<meta name=\"twitter:data1\" content=\"1 min\u00fata\" \/>\n<script type=\"application\/ld+json\" class=\"yoast-schema-graph\">{\"@context\":\"https:\/\/schema.org\",\"@graph\":[{\"@type\":\"WebPage\",\"@id\":\"https:\/\/www.eko-bio-natura.sk\/shop\/produkt\/antibakterialny-cistiaci-gel-na-ruky-belita-30ml\/\",\"url\":\"https:\/\/www.eko-bio-natura.sk\/shop\/produkt\/antibakterialny-cistiaci-gel-na-ruky-belita-30ml\/\",\"name\":\"Antibakteri\u00e1lny \u010distiaci g\u00e9l na ruky - Belita - 30ml - EKO-BIO-NATURA BIO OBCHOD\",\"isPartOf\":{\"@id\":\"https:\/\/www.eko-bio-natura.sk\/shop\/#website\"},\"primaryImageOfPage\":{\"@id\":\"https:\/\/www.eko-bio-natura.sk\/shop\/produkt\/antibakterialny-cistiaci-gel-na-ruky-belita-30ml\/#primaryimage\"},\"image\":{\"@id\":\"https:\/\/www.eko-bio-natura.sk\/shop\/produkt\/antibakterialny-cistiaci-gel-na-ruky-belita-30ml\/#primaryimage\"},\"thumbnailUrl\":\"https:\/\/www.eko-bio-natura.sk\/shop\/wp-content\/uploads\/2021\/12\/12827_c28b23a8d865dce2d89a23030a99c632.jpg\",\"datePublished\":\"2021-12-28T17:13:44+00:00\",\"dateModified\":\"2022-05-04T14:40:46+00:00\",\"breadcrumb\":{\"@id\":\"https:\/\/www.eko-bio-natura.sk\/shop\/produkt\/antibakterialny-cistiaci-gel-na-ruky-belita-30ml\/#breadcrumb\"},\"inLanguage\":\"sk-SK\",\"potentialAction\":[{\"@type\":\"ReadAction\",\"target\":[\"https:\/\/www.eko-bio-natura.sk\/shop\/produkt\/antibakterialny-cistiaci-gel-na-ruky-belita-30ml\/\"]}]},{\"@type\":\"ImageObject\",\"inLanguage\":\"sk-SK\",\"@id\":\"https:\/\/www.eko-bio-natura.sk\/shop\/produkt\/antibakterialny-cistiaci-gel-na-ruky-belita-30ml\/#primaryimage\",\"url\":\"https:\/\/www.eko-bio-natura.sk\/shop\/wp-content\/uploads\/2021\/12\/12827_c28b23a8d865dce2d89a23030a99c632.jpg\",\"contentUrl\":\"https:\/\/www.eko-bio-natura.sk\/shop\/wp-content\/uploads\/2021\/12\/12827_c28b23a8d865dce2d89a23030a99c632.jpg\",\"width\":600,\"height\":600},{\"@type\":\"BreadcrumbList\",\"@id\":\"https:\/\/www.eko-bio-natura.sk\/shop\/produkt\/antibakterialny-cistiaci-gel-na-ruky-belita-30ml\/#breadcrumb\",\"itemListElement\":[{\"@type\":\"ListItem\",\"position\":1,\"name\":\"Domovsk\u00e1 str\u00e1nka\",\"item\":\"https:\/\/www.eko-bio-natura.sk\/shop\/\"},{\"@type\":\"ListItem\",\"position\":2,\"name\":\"Obchod\",\"item\":\"https:\/\/www.eko-bio-natura.sk\/shop\/?page_id=6\"},{\"@type\":\"ListItem\",\"position\":3,\"name\":\"Antibakteri\u00e1lny \u010distiaci g\u00e9l na ruky &#8211; Belita &#8211; 30ml\"}]},{\"@type\":\"WebSite\",\"@id\":\"https:\/\/www.eko-bio-natura.sk\/shop\/#website\",\"url\":\"https:\/\/www.eko-bio-natura.sk\/shop\/\",\"name\":\"EKO-BIO-NATURA BIO OBCHOD\",\"description\":\"\",\"publisher\":{\"@id\":\"https:\/\/www.eko-bio-natura.sk\/shop\/#organization\"},\"potentialAction\":[{\"@type\":\"SearchAction\",\"target\":{\"@type\":\"EntryPoint\",\"urlTemplate\":\"https:\/\/www.eko-bio-natura.sk\/shop\/?s={search_term_string}\"},\"query-input\":{\"@type\":\"PropertyValueSpecification\",\"valueRequired\":true,\"valueName\":\"search_term_string\"}}],\"inLanguage\":\"sk-SK\"},{\"@type\":\"Organization\",\"@id\":\"https:\/\/www.eko-bio-natura.sk\/shop\/#organization\",\"name\":\"EKO-BIO-NATURA BIO OBCHOD\",\"url\":\"https:\/\/www.eko-bio-natura.sk\/shop\/\",\"logo\":{\"@type\":\"ImageObject\",\"inLanguage\":\"sk-SK\",\"@id\":\"https:\/\/www.eko-bio-natura.sk\/shop\/#\/schema\/logo\/image\/\",\"url\":\"https:\/\/www.eko-bio-natura.sk\/shop\/wp-content\/uploads\/2021\/04\/eko-bio-natura_logo.png\",\"contentUrl\":\"https:\/\/www.eko-bio-natura.sk\/shop\/wp-content\/uploads\/2021\/04\/eko-bio-natura_logo.png\",\"width\":552,\"height\":194,\"caption\":\"EKO-BIO-NATURA BIO OBCHOD\"},\"image\":{\"@id\":\"https:\/\/www.eko-bio-natura.sk\/shop\/#\/schema\/logo\/image\/\"}}]}<\/script>\n<!-- \/ Yoast SEO plugin. -->","yoast_head_json":{"title":"Antibakteri\u00e1lny \u010distiaci g\u00e9l na ruky - Belita - 30ml - EKO-BIO-NATURA BIO OBCHOD","robots":{"index":"index","follow":"follow","max-snippet":"max-snippet:-1","max-image-preview":"max-image-preview:large","max-video-preview":"max-video-preview:-1"},"canonical":"https:\/\/www.eko-bio-natura.sk\/shop\/produkt\/antibakterialny-cistiaci-gel-na-ruky-belita-30ml\/","og_locale":"sk_SK","og_type":"article","og_title":"Antibakteri\u00e1lny \u010distiaci g\u00e9l na ruky - Belita - 30ml - EKO-BIO-NATURA BIO OBCHOD","og_description":"Tento g\u00e9l je nevyhnutnou&nbsp;s\u00fa\u010das\u0165ou pri cestovan\u00ed, preto\u017ee nie v\u017edy je mo\u017en\u00e9 si umy\u0165 ruky: po \u0161portov\u00fdch aktivit\u00e1ch, vonku, na prech\u00e1dzke s de\u0165mi, na pikniku. G\u00e9l dokonale \u010dist\u00ed a osvie\u017euje poko\u017eku r\u00fak bez vody. Osved\u010den\u00e9: g\u00e9l dok\u00e1\u017ee porazi\u0165 a\u017e&nbsp;100% mikr\u00f3bov, osvie\u017euje poko\u017eku r\u00fak a nezanech\u00e1va lepkav\u00fd pocit.&nbsp; G\u00e9l je vhodn\u00fd na \u010dast\u00e9 pou\u017e\u00edvanie.&nbsp; Bezpe\u010dnostn\u00e9 opatrenia: Zabr\u00e1\u0148te [&hellip;]","og_url":"https:\/\/www.eko-bio-natura.sk\/shop\/produkt\/antibakterialny-cistiaci-gel-na-ruky-belita-30ml\/","og_site_name":"EKO-BIO-NATURA BIO OBCHOD","article_modified_time":"2022-05-04T14:40:46+00:00","og_image":[{"width":600,"height":600,"url":"https:\/\/www.eko-bio-natura.sk\/shop\/wp-content\/uploads\/2021\/12\/12827_c28b23a8d865dce2d89a23030a99c632.jpg","type":"image\/jpeg"}],"twitter_card":"summary_large_image","twitter_misc":{"Predpokladan\u00fd \u010das \u010d\u00edtania":"1 min\u00fata"},"schema":{"@context":"https:\/\/schema.org","@graph":[{"@type":"WebPage","@id":"https:\/\/www.eko-bio-natura.sk\/shop\/produkt\/antibakterialny-cistiaci-gel-na-ruky-belita-30ml\/","url":"https:\/\/www.eko-bio-natura.sk\/shop\/produkt\/antibakterialny-cistiaci-gel-na-ruky-belita-30ml\/","name":"Antibakteri\u00e1lny \u010distiaci g\u00e9l na ruky - Belita - 30ml - EKO-BIO-NATURA BIO OBCHOD","isPartOf":{"@id":"https:\/\/www.eko-bio-natura.sk\/shop\/#website"},"primaryImageOfPage":{"@id":"https:\/\/www.eko-bio-natura.sk\/shop\/produkt\/antibakterialny-cistiaci-gel-na-ruky-belita-30ml\/#primaryimage"},"image":{"@id":"https:\/\/www.eko-bio-natura.sk\/shop\/produkt\/antibakterialny-cistiaci-gel-na-ruky-belita-30ml\/#primaryimage"},"thumbnailUrl":"https:\/\/www.eko-bio-natura.sk\/shop\/wp-content\/uploads\/2021\/12\/12827_c28b23a8d865dce2d89a23030a99c632.jpg","datePublished":"2021-12-28T17:13:44+00:00","dateModified":"2022-05-04T14:40:46+00:00","breadcrumb":{"@id":"https:\/\/www.eko-bio-natura.sk\/shop\/produkt\/antibakterialny-cistiaci-gel-na-ruky-belita-30ml\/#breadcrumb"},"inLanguage":"sk-SK","potentialAction":[{"@type":"ReadAction","target":["https:\/\/www.eko-bio-natura.sk\/shop\/produkt\/antibakterialny-cistiaci-gel-na-ruky-belita-30ml\/"]}]},{"@type":"ImageObject","inLanguage":"sk-SK","@id":"https:\/\/www.eko-bio-natura.sk\/shop\/produkt\/antibakterialny-cistiaci-gel-na-ruky-belita-30ml\/#primaryimage","url":"https:\/\/www.eko-bio-natura.sk\/shop\/wp-content\/uploads\/2021\/12\/12827_c28b23a8d865dce2d89a23030a99c632.jpg","contentUrl":"https:\/\/www.eko-bio-natura.sk\/shop\/wp-content\/uploads\/2021\/12\/12827_c28b23a8d865dce2d89a23030a99c632.jpg","width":600,"height":600},{"@type":"BreadcrumbList","@id":"https:\/\/www.eko-bio-natura.sk\/shop\/produkt\/antibakterialny-cistiaci-gel-na-ruky-belita-30ml\/#breadcrumb","itemListElement":[{"@type":"ListItem","position":1,"name":"Domovsk\u00e1 str\u00e1nka","item":"https:\/\/www.eko-bio-natura.sk\/shop\/"},{"@type":"ListItem","position":2,"name":"Obchod","item":"https:\/\/www.eko-bio-natura.sk\/shop\/?page_id=6"},{"@type":"ListItem","position":3,"name":"Antibakteri\u00e1lny \u010distiaci g\u00e9l na ruky &#8211; Belita &#8211; 30ml"}]},{"@type":"WebSite","@id":"https:\/\/www.eko-bio-natura.sk\/shop\/#website","url":"https:\/\/www.eko-bio-natura.sk\/shop\/","name":"EKO-BIO-NATURA BIO OBCHOD","description":"","publisher":{"@id":"https:\/\/www.eko-bio-natura.sk\/shop\/#organization"},"potentialAction":[{"@type":"SearchAction","target":{"@type":"EntryPoint","urlTemplate":"https:\/\/www.eko-bio-natura.sk\/shop\/?s={search_term_string}"},"query-input":{"@type":"PropertyValueSpecification","valueRequired":true,"valueName":"search_term_string"}}],"inLanguage":"sk-SK"},{"@type":"Organization","@id":"https:\/\/www.eko-bio-natura.sk\/shop\/#organization","name":"EKO-BIO-NATURA BIO OBCHOD","url":"https:\/\/www.eko-bio-natura.sk\/shop\/","logo":{"@type":"ImageObject","inLanguage":"sk-SK","@id":"https:\/\/www.eko-bio-natura.sk\/shop\/#\/schema\/logo\/image\/","url":"https:\/\/www.eko-bio-natura.sk\/shop\/wp-content\/uploads\/2021\/04\/eko-bio-natura_logo.png","contentUrl":"https:\/\/www.eko-bio-natura.sk\/shop\/wp-content\/uploads\/2021\/04\/eko-bio-natura_logo.png","width":552,"height":194,"caption":"EKO-BIO-NATURA BIO OBCHOD"},"image":{"@id":"https:\/\/www.eko-bio-natura.sk\/shop\/#\/schema\/logo\/image\/"}}]}},"_links":{"self":[{"href":"https:\/\/www.eko-bio-natura.sk\/shop\/wp-json\/wp\/v2\/product\/7562","targetHints":{"allow":["GET"]}}],"collection":[{"href":"https:\/\/www.eko-bio-natura.sk\/shop\/wp-json\/wp\/v2\/product"}],"about":[{"href":"https:\/\/www.eko-bio-natura.sk\/shop\/wp-json\/wp\/v2\/types\/product"}],"replies":[{"embeddable":true,"href":"https:\/\/www.eko-bio-natura.sk\/shop\/wp-json\/wp\/v2\/comments?post=7562"}],"wp:featuredmedia":[{"embeddable":true,"href":"https:\/\/www.eko-bio-natura.sk\/shop\/wp-json\/wp\/v2\/media\/7563"}],"wp:attachment":[{"href":"https:\/\/www.eko-bio-natura.sk\/shop\/wp-json\/wp\/v2\/media?parent=7562"}],"wp:term":[{"taxonomy":"product_brand","embeddable":true,"href":"https:\/\/www.eko-bio-natura.sk\/shop\/wp-json\/wp\/v2\/product_brand?post=7562"},{"taxonomy":"product_cat","embeddable":true,"href":"https:\/\/www.eko-bio-natura.sk\/shop\/wp-json\/wp\/v2\/product_cat?post=7562"},{"taxonomy":"product_tag","embeddable":true,"href":"https:\/\/www.eko-bio-natura.sk\/shop\/wp-json\/wp\/v2\/product_tag?post=7562"}],"curies":[{"name":"wp","href":"https:\/\/api.w.org\/{rel}","templated":true}]}}