{"id":7560,"date":"2021-12-28T18:13:44","date_gmt":"2021-12-28T17:13:44","guid":{"rendered":"https:\/\/www.eko-bio-natura.sk\/shop\/index.php\/produkt\/100-konopny-olej-za-studena-lisovany-panensky-specialist-objem-250-ml\/"},"modified":"2021-12-28T18:13:49","modified_gmt":"2021-12-28T17:13:49","slug":"100-konopny-olej-za-studena-lisovany-panensky-specialist-objem-250-ml","status":"publish","type":"product","link":"https:\/\/www.eko-bio-natura.sk\/shop\/produkt\/100-konopny-olej-za-studena-lisovany-panensky-specialist-objem-250-ml\/","title":{"rendered":"100% Konopn\u00fd olej, za studena lisovan\u00fd, panensk\u00fd &#8211; Specialist Objem: 250 ml"},"content":{"rendered":"<p><span style=\"font-size: 12pt; font-family: verdana, geneva;\"> Konopn\u00fd olej je bohat\u00fd na antioxidanty, fytosteroly a je rozpustn\u00fd v tukoch. Obsahuje vitam\u00edny Omega 3 a Omega 6 a polynenas\u00fdten\u00e9 mastn\u00e9 kyseliny. <\/span><\/p>\n<p><span style=\"font-size: 12pt; font-family: verdana, geneva;\">Vyv\u00e1\u017een\u00e1 kombin\u00e1cia kyseliny linolovej a linol\u00e9novej (54% a 15%) je priazniv\u00e1 a ovplyv\u0148uje kardiovaskul\u00e1rny syst\u00e9m, pom\u00e1ha predch\u00e1dza\u0165 z\u00e1palov\u00e9 ochorenia a normalizuje hmotnost, zlep\u0161uje celkov\u00fd stav tela.<\/span><\/p>\n<p><span style=\"font-size: 12pt; font-family: verdana, geneva;\"><strong>Sp\u00f4sob pou\u017eitia<\/strong>:&nbsp; jednu \u010dajov\u00fa ly\u017ei\u010dku (\u010cL) nala\u010dno. <\/span><\/p>\n<p><span style=\"font-size: 12pt; font-family: verdana, geneva;\">Nutri\u010dn\u00e1 hodnota 100 g v\u00fdrobku: bielkoviny \u2013 0 g, tukov\u00fdch \u2013 99,9 g, sacharidov \u2013 0g. Energetick\u00e1 hodnota 100 g: 900 kcal \/ 3770 kJ.<\/span><\/p>\n<p><span style=\"font-size: 12pt; font-family: verdana, geneva;\"><strong>Podmienky skladovania:<\/strong> Skladova\u0165 pri teplote od 5-25 \u00b0C. Po otvoren\u00ed skladova\u0165 na tmavom a chladnom mieste<\/span><\/p>\n<p><span style=\"font-size: 12pt; font-family: verdana, geneva;\"><strong>Upozornenie:<\/strong>&nbsp;Neu\u017e\u00edva\u0165 pri nezn\u00e1\u0161anlivosti na jednotliv\u00e9 zlo\u017eky pr\u00edpravku. Ustanoven\u00e1 odpor\u00fa\u010dan\u00e1 denn\u00e1 d\u00e1vka sa nesmie presiahnu\u0165. Nesmie sa pou\u017e\u00edva\u0165 ako n\u00e1hrada rozmanitej stravy. Mus\u00ed sa usklad\u0148ova\u0165 mimo dosahu mal\u00fdch det\u00ed. Nevhodn\u00e9 pre tehotn\u00e9 \u017eeny. Tepeln\u00e9 o\u0161etrenie sa neodpor\u00fa\u010da.<\/span><\/p>\n<p><span style=\"font-size: 12pt; font-family: verdana, geneva;\"><strong>Zlo\u017eenie<\/strong>: 100% Konopn\u00fd olej (Oleum cannabis) lisovan\u00fd za studena, extra panensk\u00fd, nerafinovan\u00fd bez konzerva\u010dn\u00fdch l\u00e1tok, farb\u00edv, stabiliz\u00e1torov a chu\u0165ov\u00fdch zosil\u0148ova\u010dov. Bez tetrahydrokanabinolu. Konopn\u00fd olej je bohat\u00fd na antioxidanty, fytosteroly, vitam\u00edny rozpustn\u00e9 v tukoch a polynenas\u00fdten\u00e9 mastn\u00e9 kyseliny Omega 3 a Omega 6.<\/span><\/p>\n<p><span style=\"font-size: 12pt; font-family: verdana, geneva;\"><\/span><strong style=\"font-family: verdana, geneva; font-size: 12pt;\">Krajina p\u00f4vodu:<\/strong><span style=\"font-family: verdana, geneva; font-size: 12pt;\"> Rusko<\/span><\/p>\n<p><span style=\"font-size: 12pt; font-family: verdana, geneva;\"><strong>Obje<\/strong><strong>m<\/strong>: 100 ml<\/span><\/p>\n<p><span style=\"font-family: verdana, geneva; font-size: 12pt;\">&nbsp;O vyu\u017eit\u00ed konopn\u00e9ho oleja v pr\u00edrodn\u00fdch dom\u00e1cich mask\u00e1ch a o postupe sa do\u010d\u00edtate <\/span><a href=\"https:\/\/www.herbatica.sk\/blog\/domace-pletove-masky-ziadna-chemia-\/\" target=\"_blank\" rel=\"noopener noreferrer\"><span style=\"font-family: verdana, geneva; font-size: 12pt;\">tu.<\/span><\/a><\/p>\n","protected":false},"excerpt":{"rendered":"<p>Konopn\u00fd olej je bohat\u00fd na antioxidanty, fytosteroly a je rozpustn\u00fd v tukoch. Obsahuje vitam\u00edny Omega 3 a Omega 6 a polynenas\u00fdten\u00e9 mastn\u00e9 kyseliny. Vyv\u00e1\u017een\u00e1 kombin\u00e1cia kyseliny linolovej a linol\u00e9novej (54% a 15%) je priazniv\u00e1 a ovplyv\u0148uje kardiovaskul\u00e1rny syst\u00e9m, pom\u00e1ha predch\u00e1dza\u0165 z\u00e1palov\u00e9 ochorenia a normalizuje hmotnost, zlep\u0161uje celkov\u00fd stav tela. Sp\u00f4sob pou\u017eitia:&nbsp; jednu \u010dajov\u00fa ly\u017ei\u010dku (\u010cL) [&hellip;]<\/p>\n","protected":false},"featured_media":7561,"comment_status":"open","ping_status":"open","template":"","meta":{"site-sidebar-layout":"default","site-content-layout":"","ast-site-content-layout":"default","site-content-style":"default","site-sidebar-style":"default","ast-global-header-display":"","ast-banner-title-visibility":"","ast-main-header-display":"","ast-hfb-above-header-display":"","ast-hfb-below-header-display":"","ast-hfb-mobile-header-display":"","site-post-title":"","ast-breadcrumbs-content":"","ast-featured-img":"","footer-sml-layout":"","ast-disable-related-posts":"","theme-transparent-header-meta":"","adv-header-id-meta":"","stick-header-meta":"","header-above-stick-meta":"","header-main-stick-meta":"","header-below-stick-meta":"","astra-migrate-meta-layouts":"default","ast-page-background-enabled":"default","ast-page-background-meta":{"desktop":{"background-color":"","background-image":"","background-repeat":"repeat","background-position":"center center","background-size":"auto","background-attachment":"scroll","background-type":"","background-media":"","overlay-type":"","overlay-color":"","overlay-opacity":"","overlay-gradient":""},"tablet":{"background-color":"","background-image":"","background-repeat":"repeat","background-position":"center center","background-size":"auto","background-attachment":"scroll","background-type":"","background-media":"","overlay-type":"","overlay-color":"","overlay-opacity":"","overlay-gradient":""},"mobile":{"background-color":"","background-image":"","background-repeat":"repeat","background-position":"center center","background-size":"auto","background-attachment":"scroll","background-type":"","background-media":"","overlay-type":"","overlay-color":"","overlay-opacity":"","overlay-gradient":""}},"ast-content-background-meta":{"desktop":{"background-color":"var(--ast-global-color-5)","background-image":"","background-repeat":"repeat","background-position":"center center","background-size":"auto","background-attachment":"scroll","background-type":"","background-media":"","overlay-type":"","overlay-color":"","overlay-opacity":"","overlay-gradient":""},"tablet":{"background-color":"var(--ast-global-color-5)","background-image":"","background-repeat":"repeat","background-position":"center center","background-size":"auto","background-attachment":"scroll","background-type":"","background-media":"","overlay-type":"","overlay-color":"","overlay-opacity":"","overlay-gradient":""},"mobile":{"background-color":"var(--ast-global-color-5)","background-image":"","background-repeat":"repeat","background-position":"center center","background-size":"auto","background-attachment":"scroll","background-type":"","background-media":"","overlay-type":"","overlay-color":"","overlay-opacity":"","overlay-gradient":""}}},"product_brand":[],"product_cat":[187,184],"product_tag":[],"class_list":{"0":"post-7560","1":"product","2":"type-product","3":"status-publish","4":"has-post-thumbnail","6":"product_cat-tradicna-ruska-medicina","7":"product_cat-zdrave-oleje","8":"pa_cena-dopravy-367","9":"pa_doprava-zasilkovna","10":"pa_typ-partnersky-predaj","11":"pa_znacka-specialist","12":"desktop-align-left","13":"tablet-align-left","14":"mobile-align-left","16":"first","17":"instock","18":"product-type-external"},"yoast_head":"<!-- This site is optimized with the Yoast SEO plugin v27.2 - https:\/\/yoast.com\/product\/yoast-seo-wordpress\/ -->\n<title>100% Konopn\u00fd olej, za studena lisovan\u00fd, panensk\u00fd - Specialist Objem: 250 ml - EKO-BIO-NATURA BIO OBCHOD<\/title>\n<meta name=\"robots\" content=\"index, follow, max-snippet:-1, max-image-preview:large, max-video-preview:-1\" \/>\n<link rel=\"canonical\" href=\"https:\/\/www.eko-bio-natura.sk\/shop\/produkt\/100-konopny-olej-za-studena-lisovany-panensky-specialist-objem-250-ml\/\" \/>\n<meta property=\"og:locale\" content=\"sk_SK\" \/>\n<meta property=\"og:type\" content=\"article\" \/>\n<meta property=\"og:title\" content=\"100% Konopn\u00fd olej, za studena lisovan\u00fd, panensk\u00fd - Specialist Objem: 250 ml - EKO-BIO-NATURA BIO OBCHOD\" \/>\n<meta property=\"og:description\" content=\"Konopn\u00fd olej je bohat\u00fd na antioxidanty, fytosteroly a je rozpustn\u00fd v tukoch. Obsahuje vitam\u00edny Omega 3 a Omega 6 a polynenas\u00fdten\u00e9 mastn\u00e9 kyseliny. Vyv\u00e1\u017een\u00e1 kombin\u00e1cia kyseliny linolovej a linol\u00e9novej (54% a 15%) je priazniv\u00e1 a ovplyv\u0148uje kardiovaskul\u00e1rny syst\u00e9m, pom\u00e1ha predch\u00e1dza\u0165 z\u00e1palov\u00e9 ochorenia a normalizuje hmotnost, zlep\u0161uje celkov\u00fd stav tela. Sp\u00f4sob pou\u017eitia:&nbsp; jednu \u010dajov\u00fa ly\u017ei\u010dku (\u010cL) [&hellip;]\" \/>\n<meta property=\"og:url\" content=\"https:\/\/www.eko-bio-natura.sk\/shop\/produkt\/100-konopny-olej-za-studena-lisovany-panensky-specialist-objem-250-ml\/\" \/>\n<meta property=\"og:site_name\" content=\"EKO-BIO-NATURA BIO OBCHOD\" \/>\n<meta property=\"article:modified_time\" content=\"2021-12-28T17:13:49+00:00\" \/>\n<meta property=\"og:image\" content=\"https:\/\/www.eko-bio-natura.sk\/shop\/wp-content\/uploads\/2021\/12\/12818-6_voi-1279-scaled.jpg\" \/>\n\t<meta property=\"og:image:width\" content=\"1709\" \/>\n\t<meta property=\"og:image:height\" content=\"2560\" \/>\n\t<meta property=\"og:image:type\" content=\"image\/jpeg\" \/>\n<meta name=\"twitter:card\" content=\"summary_large_image\" \/>\n<meta name=\"twitter:label1\" content=\"Predpokladan\u00fd \u010das \u010d\u00edtania\" \/>\n\t<meta name=\"twitter:data1\" content=\"1 min\u00fata\" \/>\n<script type=\"application\/ld+json\" class=\"yoast-schema-graph\">{\"@context\":\"https:\/\/schema.org\",\"@graph\":[{\"@type\":\"WebPage\",\"@id\":\"https:\/\/www.eko-bio-natura.sk\/shop\/produkt\/100-konopny-olej-za-studena-lisovany-panensky-specialist-objem-250-ml\/\",\"url\":\"https:\/\/www.eko-bio-natura.sk\/shop\/produkt\/100-konopny-olej-za-studena-lisovany-panensky-specialist-objem-250-ml\/\",\"name\":\"100% Konopn\u00fd olej, za studena lisovan\u00fd, panensk\u00fd - Specialist Objem: 250 ml - EKO-BIO-NATURA BIO OBCHOD\",\"isPartOf\":{\"@id\":\"https:\/\/www.eko-bio-natura.sk\/shop\/#website\"},\"primaryImageOfPage\":{\"@id\":\"https:\/\/www.eko-bio-natura.sk\/shop\/produkt\/100-konopny-olej-za-studena-lisovany-panensky-specialist-objem-250-ml\/#primaryimage\"},\"image\":{\"@id\":\"https:\/\/www.eko-bio-natura.sk\/shop\/produkt\/100-konopny-olej-za-studena-lisovany-panensky-specialist-objem-250-ml\/#primaryimage\"},\"thumbnailUrl\":\"https:\/\/www.eko-bio-natura.sk\/shop\/wp-content\/uploads\/2021\/12\/12818-6_voi-1279-scaled.jpg\",\"datePublished\":\"2021-12-28T17:13:44+00:00\",\"dateModified\":\"2021-12-28T17:13:49+00:00\",\"breadcrumb\":{\"@id\":\"https:\/\/www.eko-bio-natura.sk\/shop\/produkt\/100-konopny-olej-za-studena-lisovany-panensky-specialist-objem-250-ml\/#breadcrumb\"},\"inLanguage\":\"sk-SK\",\"potentialAction\":[{\"@type\":\"ReadAction\",\"target\":[\"https:\/\/www.eko-bio-natura.sk\/shop\/produkt\/100-konopny-olej-za-studena-lisovany-panensky-specialist-objem-250-ml\/\"]}]},{\"@type\":\"ImageObject\",\"inLanguage\":\"sk-SK\",\"@id\":\"https:\/\/www.eko-bio-natura.sk\/shop\/produkt\/100-konopny-olej-za-studena-lisovany-panensky-specialist-objem-250-ml\/#primaryimage\",\"url\":\"https:\/\/www.eko-bio-natura.sk\/shop\/wp-content\/uploads\/2021\/12\/12818-6_voi-1279-scaled.jpg\",\"contentUrl\":\"https:\/\/www.eko-bio-natura.sk\/shop\/wp-content\/uploads\/2021\/12\/12818-6_voi-1279-scaled.jpg\",\"width\":1709,\"height\":2560},{\"@type\":\"BreadcrumbList\",\"@id\":\"https:\/\/www.eko-bio-natura.sk\/shop\/produkt\/100-konopny-olej-za-studena-lisovany-panensky-specialist-objem-250-ml\/#breadcrumb\",\"itemListElement\":[{\"@type\":\"ListItem\",\"position\":1,\"name\":\"Domovsk\u00e1 str\u00e1nka\",\"item\":\"https:\/\/www.eko-bio-natura.sk\/shop\/\"},{\"@type\":\"ListItem\",\"position\":2,\"name\":\"Obchod\",\"item\":\"https:\/\/www.eko-bio-natura.sk\/shop\/?page_id=6\"},{\"@type\":\"ListItem\",\"position\":3,\"name\":\"100% Konopn\u00fd olej, za studena lisovan\u00fd, panensk\u00fd &#8211; Specialist Objem: 250 ml\"}]},{\"@type\":\"WebSite\",\"@id\":\"https:\/\/www.eko-bio-natura.sk\/shop\/#website\",\"url\":\"https:\/\/www.eko-bio-natura.sk\/shop\/\",\"name\":\"EKO-BIO-NATURA BIO OBCHOD\",\"description\":\"\",\"publisher\":{\"@id\":\"https:\/\/www.eko-bio-natura.sk\/shop\/#organization\"},\"potentialAction\":[{\"@type\":\"SearchAction\",\"target\":{\"@type\":\"EntryPoint\",\"urlTemplate\":\"https:\/\/www.eko-bio-natura.sk\/shop\/?s={search_term_string}\"},\"query-input\":{\"@type\":\"PropertyValueSpecification\",\"valueRequired\":true,\"valueName\":\"search_term_string\"}}],\"inLanguage\":\"sk-SK\"},{\"@type\":\"Organization\",\"@id\":\"https:\/\/www.eko-bio-natura.sk\/shop\/#organization\",\"name\":\"EKO-BIO-NATURA BIO OBCHOD\",\"url\":\"https:\/\/www.eko-bio-natura.sk\/shop\/\",\"logo\":{\"@type\":\"ImageObject\",\"inLanguage\":\"sk-SK\",\"@id\":\"https:\/\/www.eko-bio-natura.sk\/shop\/#\/schema\/logo\/image\/\",\"url\":\"https:\/\/www.eko-bio-natura.sk\/shop\/wp-content\/uploads\/2021\/04\/eko-bio-natura_logo.png\",\"contentUrl\":\"https:\/\/www.eko-bio-natura.sk\/shop\/wp-content\/uploads\/2021\/04\/eko-bio-natura_logo.png\",\"width\":552,\"height\":194,\"caption\":\"EKO-BIO-NATURA BIO OBCHOD\"},\"image\":{\"@id\":\"https:\/\/www.eko-bio-natura.sk\/shop\/#\/schema\/logo\/image\/\"}}]}<\/script>\n<!-- \/ Yoast SEO plugin. -->","yoast_head_json":{"title":"100% Konopn\u00fd olej, za studena lisovan\u00fd, panensk\u00fd - Specialist Objem: 250 ml - EKO-BIO-NATURA BIO OBCHOD","robots":{"index":"index","follow":"follow","max-snippet":"max-snippet:-1","max-image-preview":"max-image-preview:large","max-video-preview":"max-video-preview:-1"},"canonical":"https:\/\/www.eko-bio-natura.sk\/shop\/produkt\/100-konopny-olej-za-studena-lisovany-panensky-specialist-objem-250-ml\/","og_locale":"sk_SK","og_type":"article","og_title":"100% Konopn\u00fd olej, za studena lisovan\u00fd, panensk\u00fd - Specialist Objem: 250 ml - EKO-BIO-NATURA BIO OBCHOD","og_description":"Konopn\u00fd olej je bohat\u00fd na antioxidanty, fytosteroly a je rozpustn\u00fd v tukoch. Obsahuje vitam\u00edny Omega 3 a Omega 6 a polynenas\u00fdten\u00e9 mastn\u00e9 kyseliny. Vyv\u00e1\u017een\u00e1 kombin\u00e1cia kyseliny linolovej a linol\u00e9novej (54% a 15%) je priazniv\u00e1 a ovplyv\u0148uje kardiovaskul\u00e1rny syst\u00e9m, pom\u00e1ha predch\u00e1dza\u0165 z\u00e1palov\u00e9 ochorenia a normalizuje hmotnost, zlep\u0161uje celkov\u00fd stav tela. Sp\u00f4sob pou\u017eitia:&nbsp; jednu \u010dajov\u00fa ly\u017ei\u010dku (\u010cL) [&hellip;]","og_url":"https:\/\/www.eko-bio-natura.sk\/shop\/produkt\/100-konopny-olej-za-studena-lisovany-panensky-specialist-objem-250-ml\/","og_site_name":"EKO-BIO-NATURA BIO OBCHOD","article_modified_time":"2021-12-28T17:13:49+00:00","og_image":[{"width":1709,"height":2560,"url":"https:\/\/www.eko-bio-natura.sk\/shop\/wp-content\/uploads\/2021\/12\/12818-6_voi-1279-scaled.jpg","type":"image\/jpeg"}],"twitter_card":"summary_large_image","twitter_misc":{"Predpokladan\u00fd \u010das \u010d\u00edtania":"1 min\u00fata"},"schema":{"@context":"https:\/\/schema.org","@graph":[{"@type":"WebPage","@id":"https:\/\/www.eko-bio-natura.sk\/shop\/produkt\/100-konopny-olej-za-studena-lisovany-panensky-specialist-objem-250-ml\/","url":"https:\/\/www.eko-bio-natura.sk\/shop\/produkt\/100-konopny-olej-za-studena-lisovany-panensky-specialist-objem-250-ml\/","name":"100% Konopn\u00fd olej, za studena lisovan\u00fd, panensk\u00fd - Specialist Objem: 250 ml - EKO-BIO-NATURA BIO OBCHOD","isPartOf":{"@id":"https:\/\/www.eko-bio-natura.sk\/shop\/#website"},"primaryImageOfPage":{"@id":"https:\/\/www.eko-bio-natura.sk\/shop\/produkt\/100-konopny-olej-za-studena-lisovany-panensky-specialist-objem-250-ml\/#primaryimage"},"image":{"@id":"https:\/\/www.eko-bio-natura.sk\/shop\/produkt\/100-konopny-olej-za-studena-lisovany-panensky-specialist-objem-250-ml\/#primaryimage"},"thumbnailUrl":"https:\/\/www.eko-bio-natura.sk\/shop\/wp-content\/uploads\/2021\/12\/12818-6_voi-1279-scaled.jpg","datePublished":"2021-12-28T17:13:44+00:00","dateModified":"2021-12-28T17:13:49+00:00","breadcrumb":{"@id":"https:\/\/www.eko-bio-natura.sk\/shop\/produkt\/100-konopny-olej-za-studena-lisovany-panensky-specialist-objem-250-ml\/#breadcrumb"},"inLanguage":"sk-SK","potentialAction":[{"@type":"ReadAction","target":["https:\/\/www.eko-bio-natura.sk\/shop\/produkt\/100-konopny-olej-za-studena-lisovany-panensky-specialist-objem-250-ml\/"]}]},{"@type":"ImageObject","inLanguage":"sk-SK","@id":"https:\/\/www.eko-bio-natura.sk\/shop\/produkt\/100-konopny-olej-za-studena-lisovany-panensky-specialist-objem-250-ml\/#primaryimage","url":"https:\/\/www.eko-bio-natura.sk\/shop\/wp-content\/uploads\/2021\/12\/12818-6_voi-1279-scaled.jpg","contentUrl":"https:\/\/www.eko-bio-natura.sk\/shop\/wp-content\/uploads\/2021\/12\/12818-6_voi-1279-scaled.jpg","width":1709,"height":2560},{"@type":"BreadcrumbList","@id":"https:\/\/www.eko-bio-natura.sk\/shop\/produkt\/100-konopny-olej-za-studena-lisovany-panensky-specialist-objem-250-ml\/#breadcrumb","itemListElement":[{"@type":"ListItem","position":1,"name":"Domovsk\u00e1 str\u00e1nka","item":"https:\/\/www.eko-bio-natura.sk\/shop\/"},{"@type":"ListItem","position":2,"name":"Obchod","item":"https:\/\/www.eko-bio-natura.sk\/shop\/?page_id=6"},{"@type":"ListItem","position":3,"name":"100% Konopn\u00fd olej, za studena lisovan\u00fd, panensk\u00fd &#8211; Specialist Objem: 250 ml"}]},{"@type":"WebSite","@id":"https:\/\/www.eko-bio-natura.sk\/shop\/#website","url":"https:\/\/www.eko-bio-natura.sk\/shop\/","name":"EKO-BIO-NATURA BIO OBCHOD","description":"","publisher":{"@id":"https:\/\/www.eko-bio-natura.sk\/shop\/#organization"},"potentialAction":[{"@type":"SearchAction","target":{"@type":"EntryPoint","urlTemplate":"https:\/\/www.eko-bio-natura.sk\/shop\/?s={search_term_string}"},"query-input":{"@type":"PropertyValueSpecification","valueRequired":true,"valueName":"search_term_string"}}],"inLanguage":"sk-SK"},{"@type":"Organization","@id":"https:\/\/www.eko-bio-natura.sk\/shop\/#organization","name":"EKO-BIO-NATURA BIO OBCHOD","url":"https:\/\/www.eko-bio-natura.sk\/shop\/","logo":{"@type":"ImageObject","inLanguage":"sk-SK","@id":"https:\/\/www.eko-bio-natura.sk\/shop\/#\/schema\/logo\/image\/","url":"https:\/\/www.eko-bio-natura.sk\/shop\/wp-content\/uploads\/2021\/04\/eko-bio-natura_logo.png","contentUrl":"https:\/\/www.eko-bio-natura.sk\/shop\/wp-content\/uploads\/2021\/04\/eko-bio-natura_logo.png","width":552,"height":194,"caption":"EKO-BIO-NATURA BIO OBCHOD"},"image":{"@id":"https:\/\/www.eko-bio-natura.sk\/shop\/#\/schema\/logo\/image\/"}}]}},"_links":{"self":[{"href":"https:\/\/www.eko-bio-natura.sk\/shop\/wp-json\/wp\/v2\/product\/7560","targetHints":{"allow":["GET"]}}],"collection":[{"href":"https:\/\/www.eko-bio-natura.sk\/shop\/wp-json\/wp\/v2\/product"}],"about":[{"href":"https:\/\/www.eko-bio-natura.sk\/shop\/wp-json\/wp\/v2\/types\/product"}],"replies":[{"embeddable":true,"href":"https:\/\/www.eko-bio-natura.sk\/shop\/wp-json\/wp\/v2\/comments?post=7560"}],"wp:featuredmedia":[{"embeddable":true,"href":"https:\/\/www.eko-bio-natura.sk\/shop\/wp-json\/wp\/v2\/media\/7561"}],"wp:attachment":[{"href":"https:\/\/www.eko-bio-natura.sk\/shop\/wp-json\/wp\/v2\/media?parent=7560"}],"wp:term":[{"taxonomy":"product_brand","embeddable":true,"href":"https:\/\/www.eko-bio-natura.sk\/shop\/wp-json\/wp\/v2\/product_brand?post=7560"},{"taxonomy":"product_cat","embeddable":true,"href":"https:\/\/www.eko-bio-natura.sk\/shop\/wp-json\/wp\/v2\/product_cat?post=7560"},{"taxonomy":"product_tag","embeddable":true,"href":"https:\/\/www.eko-bio-natura.sk\/shop\/wp-json\/wp\/v2\/product_tag?post=7560"}],"curies":[{"name":"wp","href":"https:\/\/api.w.org\/{rel}","templated":true}]}}