{"id":7558,"date":"2021-12-28T18:13:44","date_gmt":"2021-12-28T17:13:44","guid":{"rendered":"https:\/\/www.eko-bio-natura.sk\/shop\/index.php\/produkt\/klean-kanteen-nerezova-flasa-reflect-w-bamboo-cap-800-ml\/"},"modified":"2022-11-17T11:17:51","modified_gmt":"2022-11-17T10:17:51","slug":"klean-kanteen-nerezova-flasa-reflect-w-bamboo-cap-800-ml","status":"publish","type":"product","link":"https:\/\/www.eko-bio-natura.sk\/shop\/produkt\/klean-kanteen-nerezova-flasa-reflect-w-bamboo-cap-800-ml\/","title":{"rendered":"Klean Kanteen &#8211; Nerezov\u00e1 f\u013ea\u0161a Reflect w\/Bamboo Cap &#8211; 800 ml"},"content":{"rendered":"<p><span style=\"font-family: verdana, geneva; font-size: 12pt;\">N\u00e1dhern\u00e1 vo svojej jednoduchosti a nad\u010dasovosti. F\u013ea\u0161a KLEAN Kanteen Reflect je kompletne vyroben\u00e1 z potravin\u00e1rskej nehrdzavej\u00facej ocele 18\/8, ekologicky \u0161etrne \u0165a\u017een\u00e9ho bambusu a potravin\u00e1rskeho silik\u00f3nu. V\u00fdsledkom je zdravotne nez\u00e1vadn\u00e1 a extr\u00e9mne odoln\u00e1 f\u013ea\u0161a, ktor\u00e1 v\u00e1m m\u00f4\u017ee robi\u0165 spolo\u010dnos\u0165 po cel\u00fd \u017eivot. Nezachyt\u00e1va pachy, chute ani v\u00f4ne obsahu, tak\u017ee si svoj n\u00e1poj zaka\u017ed\u00fdm dokonale u\u017eijete. Vyberte si zdrav\u00fa a ekologicky udr\u017eate\u013en\u00fa alternat\u00edvu k plastov\u00fdm f\u013ea\u0161iam!<\/span><\/p>\n<p><span style=\"font-family: verdana, geneva; font-size: 12pt;\">Sk\u00faste vodu filtrova\u0165 pre jej zlep\u0161en\u00fa chu\u0165 a zlo\u017eenie kvalitn\u00fdm \u0161ungitom, <strong><a href=\"https:\/\/www.herbatica.sk\/vitaminy-a-mineraly\/sungit-mineral-prirodni-filtr-vody---500-g-2\/\">n\u00e1jdete ho tu.<\/a><\/strong><\/span><\/p>\n<p><span style=\"font-family: verdana, geneva; font-size: 12pt;\"><strong>Hlavn\u00e9 prednosti:<\/strong><\/span><\/p>\n<p><span style=\"font-family: verdana, geneva; font-size: 12pt;\">vyroben\u00e9 z potravin\u00e1rskej nehrdzavej\u00facej ocele 18\/8<\/span><\/p>\n<p><span style=\"font-family: verdana, geneva; font-size: 12pt;\">neobsahuje BPA, ftal\u00e1ty, olovo, ani in\u00e9 toxick\u00e9 alebo nebezpe\u010dn\u00e9 l\u00e1tky<\/span><\/p>\n<p><span style=\"font-family: verdana, geneva; font-size: 12pt;\">na v\u00fdber bu\u010f zrkadlov\u00fd, alebo br\u00fasen\u00fd povrch<\/span><\/p>\n<p><span style=\"font-family: verdana, geneva; font-size: 12pt;\">\u017eiadny lak alebo plast, ktor\u00fd by sa mohol po\u0161kriaba\u0165 alebo odiera\u0165<\/span><\/p>\n<p><span style=\"font-family: verdana, geneva; font-size: 12pt;\">\u017eiadne ostr\u00e9 hrany, na zaoblen\u00fdch sten\u00e1ch sa neus\u00e1dza \u0161pina ani bakt\u00e9rie<\/span><\/p>\n<p><span style=\"font-family: verdana, geneva; font-size: 12pt;\">laserom vyp\u00e1len\u00e9 logo KLEAN Kanteen<\/span><\/p>\n<p><span style=\"font-family: verdana, geneva; font-size: 12pt;\">z\u00e1vit z nehrdzavej\u00facej ocele<\/span><\/p>\n<p><span style=\"font-family: verdana, geneva; font-size: 12pt;\">nerezov\u00e1 z\u00e1tka s bambusom<\/span><\/p>\n<p><span style=\"font-family: verdana, geneva; font-size: 12pt;\">100% nerezov\u00e9 vn\u00fatro, ktor\u00e9 neovplyv\u0148uje chu\u0165 tekutiny<\/span><\/p>\n<p><span style=\"font-family: verdana, geneva; font-size: 12pt;\">vhodn\u00e9 do um\u00fdva\u010dky (len bambusov\u00e1 z\u00e1tka by sa mala um\u00fdva\u0165 v ruke)<\/span><\/p>\n<p><span style=\"font-family: verdana, geneva; font-size: 12pt;\">zmest\u00ed sa do v\u00e4\u010d\u0161iny dr\u017eiakov a ko\u0161\u00edkov na f\u013ea\u0161e<\/span><\/p>\n<p><span style=\"font-family: verdana, geneva; font-size: 12pt;\">\u0161irok\u00fd otvor u\u013eah\u010duje \u010distenie a do f\u013ea\u0161e je mo\u017en\u00e9 \u013eahko vhodi\u0165 kocky \u013eadu<\/span><\/p>\n<p><span style=\"font-family: verdana, geneva; font-size: 12pt;\"><strong>Objem<\/strong>: 800 ml (27 oz)<\/span><\/p>\n<p><span style=\"font-family: verdana, geneva; font-size: 12pt;\"><strong>Hmotnos\u0165<\/strong>: 243.7 g<\/span><\/p>\n<p><span style=\"font-family: verdana, geneva; font-size: 12pt;\"><strong>Rozmery<\/strong> (v x \u0161): 251.8 mm x 72.5 mm<\/span><\/p>\n<p><span style=\"font-family: verdana, geneva; font-size: 12pt;\"><strong>Priemer<\/strong> <strong>hrdla<\/strong>: 44 mm<\/span><\/p>\n<p><span style=\"font-family: verdana, geneva; font-size: 12pt;\">Majte svoju fla\u0161ku \u010dist\u00fa a v\u017edy pripraven\u00fa na cestu. Sk\u00faste niektor\u00fd z na\u0161ich ekologick\u00fdch <strong>\u010distiacich prostriedkov<\/strong> alebo pomocn\u00edka vo forme <a href=\"https:\/\/www.herbatica.sk\/ekologicka-udrzba-domacnosti\/\"><strong>kefy, alebo loofky<\/strong>&nbsp;<\/a>va\u0161a fla\u0161a ostane v\u017edy \u010dist\u00e1, vo\u0148av\u00e1 a kr\u00e1sna.<\/span>&nbsp;<\/p>\n<p><span><img decoding=\"async\" src=\"https:\/\/www.herbatica.sk\/user\/documents\/upload\/certifik\u00e1ty\/CertifiedClimateNeutral_Primary_Horizontal-1.png\" alt=\"CertifiedClimateNeutral_Primary_Horizontal-1\" \/><\/span><\/p>\n<p><span style=\"font-family: verdana, geneva; font-size: 12pt;\">Te\u0161\u00edme sa, \u017ee produkty tejto zna\u010dky z\u00edskali certifik\u00e1t Climate Neutral. \u010co to znamen\u00e1? Hlavne to, \u017ee vo v\u00fdrobe a logistike t\u00fdchto produktov je uhl\u00edkov\u00e1 stopa 100% neutr\u00e1lna. Chcete vedie\u0165 viac? <a href=\"https:\/\/www.herbatica.sk\/certifikaty_produktov\/\"><strong>Kliknite na<\/strong> <strong>str\u00e1nku<\/strong><\/a> kde m\u00e1me v\u0161etky <strong><a href=\"https:\/\/www.herbatica.sk\/certifikaty_produktov\/\">na\u0161e certifik\u00e1ty<\/a>.<\/strong><\/span><\/p>\n","protected":false},"excerpt":{"rendered":"<p>N\u00e1dhern\u00e1 vo svojej jednoduchosti a nad\u010dasovosti. F\u013ea\u0161a KLEAN Kanteen Reflect je kompletne vyroben\u00e1 z potravin\u00e1rskej nehrdzavej\u00facej ocele 18\/8, ekologicky \u0161etrne \u0165a\u017een\u00e9ho bambusu a potravin\u00e1rskeho silik\u00f3nu. V\u00fdsledkom je zdravotne nez\u00e1vadn\u00e1 a extr\u00e9mne odoln\u00e1 f\u013ea\u0161a, ktor\u00e1 v\u00e1m m\u00f4\u017ee robi\u0165 spolo\u010dnos\u0165 po cel\u00fd \u017eivot. Nezachyt\u00e1va pachy, chute ani v\u00f4ne obsahu, tak\u017ee si svoj n\u00e1poj zaka\u017ed\u00fdm dokonale u\u017eijete. Vyberte [&hellip;]<\/p>\n","protected":false},"featured_media":7559,"comment_status":"open","ping_status":"open","template":"","meta":{"site-sidebar-layout":"default","site-content-layout":"","ast-site-content-layout":"default","site-content-style":"default","site-sidebar-style":"default","ast-global-header-display":"","ast-banner-title-visibility":"","ast-main-header-display":"","ast-hfb-above-header-display":"","ast-hfb-below-header-display":"","ast-hfb-mobile-header-display":"","site-post-title":"","ast-breadcrumbs-content":"","ast-featured-img":"","footer-sml-layout":"","ast-disable-related-posts":"","theme-transparent-header-meta":"","adv-header-id-meta":"","stick-header-meta":"","header-above-stick-meta":"","header-main-stick-meta":"","header-below-stick-meta":"","astra-migrate-meta-layouts":"default","ast-page-background-enabled":"default","ast-page-background-meta":{"desktop":{"background-color":"","background-image":"","background-repeat":"repeat","background-position":"center center","background-size":"auto","background-attachment":"scroll","background-type":"","background-media":"","overlay-type":"","overlay-color":"","overlay-opacity":"","overlay-gradient":""},"tablet":{"background-color":"","background-image":"","background-repeat":"repeat","background-position":"center center","background-size":"auto","background-attachment":"scroll","background-type":"","background-media":"","overlay-type":"","overlay-color":"","overlay-opacity":"","overlay-gradient":""},"mobile":{"background-color":"","background-image":"","background-repeat":"repeat","background-position":"center center","background-size":"auto","background-attachment":"scroll","background-type":"","background-media":"","overlay-type":"","overlay-color":"","overlay-opacity":"","overlay-gradient":""}},"ast-content-background-meta":{"desktop":{"background-color":"var(--ast-global-color-5)","background-image":"","background-repeat":"repeat","background-position":"center center","background-size":"auto","background-attachment":"scroll","background-type":"","background-media":"","overlay-type":"","overlay-color":"","overlay-opacity":"","overlay-gradient":""},"tablet":{"background-color":"var(--ast-global-color-5)","background-image":"","background-repeat":"repeat","background-position":"center center","background-size":"auto","background-attachment":"scroll","background-type":"","background-media":"","overlay-type":"","overlay-color":"","overlay-opacity":"","overlay-gradient":""},"mobile":{"background-color":"var(--ast-global-color-5)","background-image":"","background-repeat":"repeat","background-position":"center center","background-size":"auto","background-attachment":"scroll","background-type":"","background-media":"","overlay-type":"","overlay-color":"","overlay-opacity":"","overlay-gradient":""}}},"product_brand":[],"product_cat":[24],"product_tag":[],"class_list":{"0":"post-7558","1":"product","2":"type-product","3":"status-publish","4":"has-post-thumbnail","6":"product_cat-eko-flase-a-termosky","7":"pa_cena-dopravy-367","8":"pa_doprava-zasilkovna","9":"pa_ean-828","10":"pa_typ-partnersky-predaj","11":"pa_znacka-klean-kanteen","12":"desktop-align-left","13":"tablet-align-left","14":"mobile-align-left","16":"first","17":"instock","18":"product-type-external"},"yoast_head":"<!-- This site is optimized with the Yoast SEO plugin v27.2 - https:\/\/yoast.com\/product\/yoast-seo-wordpress\/ -->\n<title>Klean Kanteen - Nerezov\u00e1 f\u013ea\u0161a Reflect w\/Bamboo Cap - 800 ml - EKO-BIO-NATURA BIO OBCHOD<\/title>\n<meta name=\"robots\" content=\"index, follow, max-snippet:-1, max-image-preview:large, max-video-preview:-1\" \/>\n<link rel=\"canonical\" href=\"https:\/\/www.eko-bio-natura.sk\/shop\/produkt\/klean-kanteen-nerezova-flasa-reflect-w-bamboo-cap-800-ml\/\" \/>\n<meta property=\"og:locale\" content=\"sk_SK\" \/>\n<meta property=\"og:type\" content=\"article\" \/>\n<meta property=\"og:title\" content=\"Klean Kanteen - Nerezov\u00e1 f\u013ea\u0161a Reflect w\/Bamboo Cap - 800 ml - EKO-BIO-NATURA BIO OBCHOD\" \/>\n<meta property=\"og:description\" content=\"N\u00e1dhern\u00e1 vo svojej jednoduchosti a nad\u010dasovosti. F\u013ea\u0161a KLEAN Kanteen Reflect je kompletne vyroben\u00e1 z potravin\u00e1rskej nehrdzavej\u00facej ocele 18\/8, ekologicky \u0161etrne \u0165a\u017een\u00e9ho bambusu a potravin\u00e1rskeho silik\u00f3nu. V\u00fdsledkom je zdravotne nez\u00e1vadn\u00e1 a extr\u00e9mne odoln\u00e1 f\u013ea\u0161a, ktor\u00e1 v\u00e1m m\u00f4\u017ee robi\u0165 spolo\u010dnos\u0165 po cel\u00fd \u017eivot. Nezachyt\u00e1va pachy, chute ani v\u00f4ne obsahu, tak\u017ee si svoj n\u00e1poj zaka\u017ed\u00fdm dokonale u\u017eijete. Vyberte [&hellip;]\" \/>\n<meta property=\"og:url\" content=\"https:\/\/www.eko-bio-natura.sk\/shop\/produkt\/klean-kanteen-nerezova-flasa-reflect-w-bamboo-cap-800-ml\/\" \/>\n<meta property=\"og:site_name\" content=\"EKO-BIO-NATURA BIO OBCHOD\" \/>\n<meta property=\"article:modified_time\" content=\"2022-11-17T10:17:51+00:00\" \/>\n<meta property=\"og:image\" content=\"https:\/\/www.eko-bio-natura.sk\/shop\/wp-content\/uploads\/2021\/12\/12737-3_k27sslrf-ms-e-1.jpg\" \/>\n\t<meta property=\"og:image:width\" content=\"310\" \/>\n\t<meta property=\"og:image:height\" content=\"1200\" \/>\n\t<meta property=\"og:image:type\" content=\"image\/jpeg\" \/>\n<meta name=\"twitter:card\" content=\"summary_large_image\" \/>\n<meta name=\"twitter:label1\" content=\"Predpokladan\u00fd \u010das \u010d\u00edtania\" \/>\n\t<meta name=\"twitter:data1\" content=\"2 min\u00faty\" \/>\n<script type=\"application\/ld+json\" class=\"yoast-schema-graph\">{\"@context\":\"https:\/\/schema.org\",\"@graph\":[{\"@type\":\"WebPage\",\"@id\":\"https:\/\/www.eko-bio-natura.sk\/shop\/produkt\/klean-kanteen-nerezova-flasa-reflect-w-bamboo-cap-800-ml\/\",\"url\":\"https:\/\/www.eko-bio-natura.sk\/shop\/produkt\/klean-kanteen-nerezova-flasa-reflect-w-bamboo-cap-800-ml\/\",\"name\":\"Klean Kanteen - Nerezov\u00e1 f\u013ea\u0161a Reflect w\/Bamboo Cap - 800 ml - EKO-BIO-NATURA BIO OBCHOD\",\"isPartOf\":{\"@id\":\"https:\/\/www.eko-bio-natura.sk\/shop\/#website\"},\"primaryImageOfPage\":{\"@id\":\"https:\/\/www.eko-bio-natura.sk\/shop\/produkt\/klean-kanteen-nerezova-flasa-reflect-w-bamboo-cap-800-ml\/#primaryimage\"},\"image\":{\"@id\":\"https:\/\/www.eko-bio-natura.sk\/shop\/produkt\/klean-kanteen-nerezova-flasa-reflect-w-bamboo-cap-800-ml\/#primaryimage\"},\"thumbnailUrl\":\"https:\/\/www.eko-bio-natura.sk\/shop\/wp-content\/uploads\/2021\/12\/12737-3_k27sslrf-ms-e-1.jpg\",\"datePublished\":\"2021-12-28T17:13:44+00:00\",\"dateModified\":\"2022-11-17T10:17:51+00:00\",\"breadcrumb\":{\"@id\":\"https:\/\/www.eko-bio-natura.sk\/shop\/produkt\/klean-kanteen-nerezova-flasa-reflect-w-bamboo-cap-800-ml\/#breadcrumb\"},\"inLanguage\":\"sk-SK\",\"potentialAction\":[{\"@type\":\"ReadAction\",\"target\":[\"https:\/\/www.eko-bio-natura.sk\/shop\/produkt\/klean-kanteen-nerezova-flasa-reflect-w-bamboo-cap-800-ml\/\"]}]},{\"@type\":\"ImageObject\",\"inLanguage\":\"sk-SK\",\"@id\":\"https:\/\/www.eko-bio-natura.sk\/shop\/produkt\/klean-kanteen-nerezova-flasa-reflect-w-bamboo-cap-800-ml\/#primaryimage\",\"url\":\"https:\/\/www.eko-bio-natura.sk\/shop\/wp-content\/uploads\/2021\/12\/12737-3_k27sslrf-ms-e-1.jpg\",\"contentUrl\":\"https:\/\/www.eko-bio-natura.sk\/shop\/wp-content\/uploads\/2021\/12\/12737-3_k27sslrf-ms-e-1.jpg\",\"width\":310,\"height\":1200},{\"@type\":\"BreadcrumbList\",\"@id\":\"https:\/\/www.eko-bio-natura.sk\/shop\/produkt\/klean-kanteen-nerezova-flasa-reflect-w-bamboo-cap-800-ml\/#breadcrumb\",\"itemListElement\":[{\"@type\":\"ListItem\",\"position\":1,\"name\":\"Domovsk\u00e1 str\u00e1nka\",\"item\":\"https:\/\/www.eko-bio-natura.sk\/shop\/\"},{\"@type\":\"ListItem\",\"position\":2,\"name\":\"Obchod\",\"item\":\"https:\/\/www.eko-bio-natura.sk\/shop\/?page_id=6\"},{\"@type\":\"ListItem\",\"position\":3,\"name\":\"Klean Kanteen &#8211; Nerezov\u00e1 f\u013ea\u0161a Reflect w\/Bamboo Cap &#8211; 800 ml\"}]},{\"@type\":\"WebSite\",\"@id\":\"https:\/\/www.eko-bio-natura.sk\/shop\/#website\",\"url\":\"https:\/\/www.eko-bio-natura.sk\/shop\/\",\"name\":\"EKO-BIO-NATURA BIO OBCHOD\",\"description\":\"\",\"publisher\":{\"@id\":\"https:\/\/www.eko-bio-natura.sk\/shop\/#organization\"},\"potentialAction\":[{\"@type\":\"SearchAction\",\"target\":{\"@type\":\"EntryPoint\",\"urlTemplate\":\"https:\/\/www.eko-bio-natura.sk\/shop\/?s={search_term_string}\"},\"query-input\":{\"@type\":\"PropertyValueSpecification\",\"valueRequired\":true,\"valueName\":\"search_term_string\"}}],\"inLanguage\":\"sk-SK\"},{\"@type\":\"Organization\",\"@id\":\"https:\/\/www.eko-bio-natura.sk\/shop\/#organization\",\"name\":\"EKO-BIO-NATURA BIO OBCHOD\",\"url\":\"https:\/\/www.eko-bio-natura.sk\/shop\/\",\"logo\":{\"@type\":\"ImageObject\",\"inLanguage\":\"sk-SK\",\"@id\":\"https:\/\/www.eko-bio-natura.sk\/shop\/#\/schema\/logo\/image\/\",\"url\":\"https:\/\/www.eko-bio-natura.sk\/shop\/wp-content\/uploads\/2021\/04\/eko-bio-natura_logo.png\",\"contentUrl\":\"https:\/\/www.eko-bio-natura.sk\/shop\/wp-content\/uploads\/2021\/04\/eko-bio-natura_logo.png\",\"width\":552,\"height\":194,\"caption\":\"EKO-BIO-NATURA BIO OBCHOD\"},\"image\":{\"@id\":\"https:\/\/www.eko-bio-natura.sk\/shop\/#\/schema\/logo\/image\/\"}}]}<\/script>\n<!-- \/ Yoast SEO plugin. -->","yoast_head_json":{"title":"Klean Kanteen - Nerezov\u00e1 f\u013ea\u0161a Reflect w\/Bamboo Cap - 800 ml - EKO-BIO-NATURA BIO OBCHOD","robots":{"index":"index","follow":"follow","max-snippet":"max-snippet:-1","max-image-preview":"max-image-preview:large","max-video-preview":"max-video-preview:-1"},"canonical":"https:\/\/www.eko-bio-natura.sk\/shop\/produkt\/klean-kanteen-nerezova-flasa-reflect-w-bamboo-cap-800-ml\/","og_locale":"sk_SK","og_type":"article","og_title":"Klean Kanteen - Nerezov\u00e1 f\u013ea\u0161a Reflect w\/Bamboo Cap - 800 ml - EKO-BIO-NATURA BIO OBCHOD","og_description":"N\u00e1dhern\u00e1 vo svojej jednoduchosti a nad\u010dasovosti. F\u013ea\u0161a KLEAN Kanteen Reflect je kompletne vyroben\u00e1 z potravin\u00e1rskej nehrdzavej\u00facej ocele 18\/8, ekologicky \u0161etrne \u0165a\u017een\u00e9ho bambusu a potravin\u00e1rskeho silik\u00f3nu. V\u00fdsledkom je zdravotne nez\u00e1vadn\u00e1 a extr\u00e9mne odoln\u00e1 f\u013ea\u0161a, ktor\u00e1 v\u00e1m m\u00f4\u017ee robi\u0165 spolo\u010dnos\u0165 po cel\u00fd \u017eivot. Nezachyt\u00e1va pachy, chute ani v\u00f4ne obsahu, tak\u017ee si svoj n\u00e1poj zaka\u017ed\u00fdm dokonale u\u017eijete. Vyberte [&hellip;]","og_url":"https:\/\/www.eko-bio-natura.sk\/shop\/produkt\/klean-kanteen-nerezova-flasa-reflect-w-bamboo-cap-800-ml\/","og_site_name":"EKO-BIO-NATURA BIO OBCHOD","article_modified_time":"2022-11-17T10:17:51+00:00","og_image":[{"width":310,"height":1200,"url":"https:\/\/www.eko-bio-natura.sk\/shop\/wp-content\/uploads\/2021\/12\/12737-3_k27sslrf-ms-e-1.jpg","type":"image\/jpeg"}],"twitter_card":"summary_large_image","twitter_misc":{"Predpokladan\u00fd \u010das \u010d\u00edtania":"2 min\u00faty"},"schema":{"@context":"https:\/\/schema.org","@graph":[{"@type":"WebPage","@id":"https:\/\/www.eko-bio-natura.sk\/shop\/produkt\/klean-kanteen-nerezova-flasa-reflect-w-bamboo-cap-800-ml\/","url":"https:\/\/www.eko-bio-natura.sk\/shop\/produkt\/klean-kanteen-nerezova-flasa-reflect-w-bamboo-cap-800-ml\/","name":"Klean Kanteen - Nerezov\u00e1 f\u013ea\u0161a Reflect w\/Bamboo Cap - 800 ml - EKO-BIO-NATURA BIO OBCHOD","isPartOf":{"@id":"https:\/\/www.eko-bio-natura.sk\/shop\/#website"},"primaryImageOfPage":{"@id":"https:\/\/www.eko-bio-natura.sk\/shop\/produkt\/klean-kanteen-nerezova-flasa-reflect-w-bamboo-cap-800-ml\/#primaryimage"},"image":{"@id":"https:\/\/www.eko-bio-natura.sk\/shop\/produkt\/klean-kanteen-nerezova-flasa-reflect-w-bamboo-cap-800-ml\/#primaryimage"},"thumbnailUrl":"https:\/\/www.eko-bio-natura.sk\/shop\/wp-content\/uploads\/2021\/12\/12737-3_k27sslrf-ms-e-1.jpg","datePublished":"2021-12-28T17:13:44+00:00","dateModified":"2022-11-17T10:17:51+00:00","breadcrumb":{"@id":"https:\/\/www.eko-bio-natura.sk\/shop\/produkt\/klean-kanteen-nerezova-flasa-reflect-w-bamboo-cap-800-ml\/#breadcrumb"},"inLanguage":"sk-SK","potentialAction":[{"@type":"ReadAction","target":["https:\/\/www.eko-bio-natura.sk\/shop\/produkt\/klean-kanteen-nerezova-flasa-reflect-w-bamboo-cap-800-ml\/"]}]},{"@type":"ImageObject","inLanguage":"sk-SK","@id":"https:\/\/www.eko-bio-natura.sk\/shop\/produkt\/klean-kanteen-nerezova-flasa-reflect-w-bamboo-cap-800-ml\/#primaryimage","url":"https:\/\/www.eko-bio-natura.sk\/shop\/wp-content\/uploads\/2021\/12\/12737-3_k27sslrf-ms-e-1.jpg","contentUrl":"https:\/\/www.eko-bio-natura.sk\/shop\/wp-content\/uploads\/2021\/12\/12737-3_k27sslrf-ms-e-1.jpg","width":310,"height":1200},{"@type":"BreadcrumbList","@id":"https:\/\/www.eko-bio-natura.sk\/shop\/produkt\/klean-kanteen-nerezova-flasa-reflect-w-bamboo-cap-800-ml\/#breadcrumb","itemListElement":[{"@type":"ListItem","position":1,"name":"Domovsk\u00e1 str\u00e1nka","item":"https:\/\/www.eko-bio-natura.sk\/shop\/"},{"@type":"ListItem","position":2,"name":"Obchod","item":"https:\/\/www.eko-bio-natura.sk\/shop\/?page_id=6"},{"@type":"ListItem","position":3,"name":"Klean Kanteen &#8211; Nerezov\u00e1 f\u013ea\u0161a Reflect w\/Bamboo Cap &#8211; 800 ml"}]},{"@type":"WebSite","@id":"https:\/\/www.eko-bio-natura.sk\/shop\/#website","url":"https:\/\/www.eko-bio-natura.sk\/shop\/","name":"EKO-BIO-NATURA BIO OBCHOD","description":"","publisher":{"@id":"https:\/\/www.eko-bio-natura.sk\/shop\/#organization"},"potentialAction":[{"@type":"SearchAction","target":{"@type":"EntryPoint","urlTemplate":"https:\/\/www.eko-bio-natura.sk\/shop\/?s={search_term_string}"},"query-input":{"@type":"PropertyValueSpecification","valueRequired":true,"valueName":"search_term_string"}}],"inLanguage":"sk-SK"},{"@type":"Organization","@id":"https:\/\/www.eko-bio-natura.sk\/shop\/#organization","name":"EKO-BIO-NATURA BIO OBCHOD","url":"https:\/\/www.eko-bio-natura.sk\/shop\/","logo":{"@type":"ImageObject","inLanguage":"sk-SK","@id":"https:\/\/www.eko-bio-natura.sk\/shop\/#\/schema\/logo\/image\/","url":"https:\/\/www.eko-bio-natura.sk\/shop\/wp-content\/uploads\/2021\/04\/eko-bio-natura_logo.png","contentUrl":"https:\/\/www.eko-bio-natura.sk\/shop\/wp-content\/uploads\/2021\/04\/eko-bio-natura_logo.png","width":552,"height":194,"caption":"EKO-BIO-NATURA BIO OBCHOD"},"image":{"@id":"https:\/\/www.eko-bio-natura.sk\/shop\/#\/schema\/logo\/image\/"}}]}},"_links":{"self":[{"href":"https:\/\/www.eko-bio-natura.sk\/shop\/wp-json\/wp\/v2\/product\/7558","targetHints":{"allow":["GET"]}}],"collection":[{"href":"https:\/\/www.eko-bio-natura.sk\/shop\/wp-json\/wp\/v2\/product"}],"about":[{"href":"https:\/\/www.eko-bio-natura.sk\/shop\/wp-json\/wp\/v2\/types\/product"}],"replies":[{"embeddable":true,"href":"https:\/\/www.eko-bio-natura.sk\/shop\/wp-json\/wp\/v2\/comments?post=7558"}],"wp:featuredmedia":[{"embeddable":true,"href":"https:\/\/www.eko-bio-natura.sk\/shop\/wp-json\/wp\/v2\/media\/7559"}],"wp:attachment":[{"href":"https:\/\/www.eko-bio-natura.sk\/shop\/wp-json\/wp\/v2\/media?parent=7558"}],"wp:term":[{"taxonomy":"product_brand","embeddable":true,"href":"https:\/\/www.eko-bio-natura.sk\/shop\/wp-json\/wp\/v2\/product_brand?post=7558"},{"taxonomy":"product_cat","embeddable":true,"href":"https:\/\/www.eko-bio-natura.sk\/shop\/wp-json\/wp\/v2\/product_cat?post=7558"},{"taxonomy":"product_tag","embeddable":true,"href":"https:\/\/www.eko-bio-natura.sk\/shop\/wp-json\/wp\/v2\/product_tag?post=7558"}],"curies":[{"name":"wp","href":"https:\/\/api.w.org\/{rel}","templated":true}]}}