{"id":7548,"date":"2021-12-28T18:12:57","date_gmt":"2021-12-28T17:12:57","guid":{"rendered":"https:\/\/www.eko-bio-natura.sk\/shop\/index.php\/produkt\/prirodny-liecitel-kremik-prirodna-filtracna-voda-50g-hmotnost-10-g\/"},"modified":"2021-12-28T18:12:59","modified_gmt":"2021-12-28T17:12:59","slug":"prirodny-liecitel-kremik-prirodna-filtracna-voda-50g-hmotnost-10-g","status":"publish","type":"product","link":"https:\/\/www.eko-bio-natura.sk\/shop\/produkt\/prirodny-liecitel-kremik-prirodna-filtracna-voda-50g-hmotnost-10-g\/","title":{"rendered":"Pr\u00edrodn\u00fd lie\u010dite\u013e Krem\u00edk &#8211; pr\u00edrodn\u00e1 filtra\u010dn\u00e1 voda 50g Hmotnos\u0165: 10 g"},"content":{"rendered":"<p><span style=\"font-size: 12pt; font-family: verdana, geneva;\">V\u010faka akt\u00edvnemu povrchu vy\u010dist\u00ed krem\u00edk vodu od \u0165a\u017ek\u00fdch kovov, bakt\u00e9ri\u00ed, parazitov. Posil\u0148uje kosti, nechty, zuby, vlasy. Jemn\u00e1 voda m\u00e1 v\u00fdnimo\u010dn\u00fa jemnos\u0165 a miner\u00e1lne zlo\u017eenie a je ide\u00e1lna na ka\u017edodenn\u00e9 pou\u017eitie.&nbsp;<\/span><\/p>\n<p><span style=\"font-size: 12pt;\"><strong><span style=\"font-family: verdana, geneva;\">Krem\u00edkov\u00e1 voda sa pou\u017e\u00edva na: <\/span><\/strong><\/span><\/p>\n<ul>\n<li><span style=\"font-size: 12pt; font-family: verdana, geneva;\"><span>uhasenie sm\u00e4du <\/span><\/span><\/li>\n<li><span style=\"font-size: 12pt; font-family: verdana, geneva;\"><span>varenie (pre maxim\u00e1lny \u00fa\u010dinok sa odpor\u00fa\u010da \u00fapln\u00e1 v\u00fdmena oby\u010dajnej kremennej vody) <\/span><\/span><\/li>\n<li><span style=\"font-size: 12pt; font-family: verdana, geneva;\"><span>prevencia, lie\u010dba chor\u00f4b: zv\u00e4\u010d\u0161enie \u0161t\u00edtnej \u017e\u013eazy, chr\u00edpka, tonzilit\u00edda, n\u00e1dcha, paradent\u00f3za, z\u00e1paly mo\u010dovej s\u00fastavy, gastrointestin\u00e1lny trakt, p\u00e1lenie z\u00e1hy, gastrit\u00edda, \u017eal\u00fado\u010dn\u00e9 vredy, dyzent\u00e9ria, \u017el\u010dovo-uroliti\u00e1za, z\u00e1vislos\u0165 od alkoholu, ateroskler\u00f3za, an\u00e9mia, hypertenzia ..<\/span><\/span><span style=\"font-size: 12pt; font-family: verdana, geneva;\"><span><\/span><\/span><\/li>\n<\/ul>\n<p><span style=\"font-size: 12pt; font-family: verdana, geneva;\"><span>Voda aktivovan\u00e1 <strong>krem\u00edkom pom\u00e1ha pri<\/strong> hepatit\u00edde, katarakte, tuberkul\u00f3ze, zni\u017euje hladinu cukru v krvi u diabetikov, zlep\u0161uje metabolizmus, normalizuje krv tlak, m\u00e1 anestetick\u00fd, antiseptick\u00fd \u00fa\u010dinok, posil\u0148uje imunitn\u00fd syst\u00e9m, odstra\u0148uje tox\u00edny, prebyto\u010dn\u00e9 plyny, \u010dist\u00ed krv, zabra\u0148uje rozvoju neplodnosti v \u017eeny, zvy\u0161uje potenciu u mu\u017eov, br\u00e1ni rozvoju aden\u00f3mu.<\/span><\/span><\/p>\n<p><span style=\"font-size: 12pt; font-family: verdana, geneva;\"><strong>Pou\u017eitie:<\/strong> pitie, varenie, v\u00fdroba byl\u00edn, um\u00fdvanie tv\u00e1re. A tie\u017e na zalievanie kvetov a rastl\u00edn, akv\u00e1ri\u00ed. Zlep\u0161uje chu\u0165 \u010daju a k\u00e1vy. Pred pou\u017eit\u00edm opl\u00e1chnite miner\u00e1ly vodou.<\/span><\/p>\n<p><span style=\"font-size: 12pt; font-family: verdana, geneva;\"><span><strong>Sp\u00f4sob pou\u017eitia<\/strong>: krem\u00edk opl\u00e1chnite pod te\u010d\u00facou vodou.<span>&nbsp;N<\/span><\/span><span>a 1 liter vody pou\u017eite 10g krem\u00edku.<span>&nbsp;<\/span><\/span><span>Krem\u00edk l\u00fahujte 3 dni.<span>&nbsp;<\/span><\/span><span>Kry\u0161t\u00e1ly prem\u00fdvajte ka\u017ed\u00fdch 10 dn\u00ed.<span>&nbsp;<\/span><\/span><span>Na udr\u017eanie \u00fa\u010dinku je dobr\u00e9 meni\u0165 krem\u00edk ka\u017ed\u00fdch 6-8 mesiacov.<\/span><\/span><\/p>\n<p><span style=\"font-size: 12pt; font-family: verdana, geneva;\"><strong>Objem:<\/strong> 50g<\/span><\/p>\n<p><span style=\"font-size: 12pt; font-family: verdana, geneva;\"><strong>Zlo\u017eenie:<\/strong> krem\u00edk<\/span><\/p>\n<p><span style=\"font-size: 12pt;\"><strong><span style=\"font-family: verdana, geneva;\">Krajina p\u00f4vodu:<\/span><\/strong><span style=\"font-family: verdana, geneva;\">&nbsp;Rusko<\/span><span style=\"font-family: verdana, geneva;\"><\/span><\/span><\/p>\n","protected":false},"excerpt":{"rendered":"<p>V\u010faka akt\u00edvnemu povrchu vy\u010dist\u00ed krem\u00edk vodu od \u0165a\u017ek\u00fdch kovov, bakt\u00e9ri\u00ed, parazitov. Posil\u0148uje kosti, nechty, zuby, vlasy. Jemn\u00e1 voda m\u00e1 v\u00fdnimo\u010dn\u00fa jemnos\u0165 a miner\u00e1lne zlo\u017eenie a je ide\u00e1lna na ka\u017edodenn\u00e9 pou\u017eitie.&nbsp; Krem\u00edkov\u00e1 voda sa pou\u017e\u00edva na: uhasenie sm\u00e4du varenie (pre maxim\u00e1lny \u00fa\u010dinok sa odpor\u00fa\u010da \u00fapln\u00e1 v\u00fdmena oby\u010dajnej kremennej vody) prevencia, lie\u010dba chor\u00f4b: zv\u00e4\u010d\u0161enie \u0161t\u00edtnej \u017e\u013eazy, chr\u00edpka, [&hellip;]<\/p>\n","protected":false},"featured_media":7549,"comment_status":"open","ping_status":"open","template":"","meta":{"site-sidebar-layout":"default","site-content-layout":"","ast-site-content-layout":"default","site-content-style":"default","site-sidebar-style":"default","ast-global-header-display":"","ast-banner-title-visibility":"","ast-main-header-display":"","ast-hfb-above-header-display":"","ast-hfb-below-header-display":"","ast-hfb-mobile-header-display":"","site-post-title":"","ast-breadcrumbs-content":"","ast-featured-img":"","footer-sml-layout":"","ast-disable-related-posts":"","theme-transparent-header-meta":"","adv-header-id-meta":"","stick-header-meta":"","header-above-stick-meta":"","header-main-stick-meta":"","header-below-stick-meta":"","astra-migrate-meta-layouts":"default","ast-page-background-enabled":"default","ast-page-background-meta":{"desktop":{"background-color":"","background-image":"","background-repeat":"repeat","background-position":"center center","background-size":"auto","background-attachment":"scroll","background-type":"","background-media":"","overlay-type":"","overlay-color":"","overlay-opacity":"","overlay-gradient":""},"tablet":{"background-color":"","background-image":"","background-repeat":"repeat","background-position":"center center","background-size":"auto","background-attachment":"scroll","background-type":"","background-media":"","overlay-type":"","overlay-color":"","overlay-opacity":"","overlay-gradient":""},"mobile":{"background-color":"","background-image":"","background-repeat":"repeat","background-position":"center center","background-size":"auto","background-attachment":"scroll","background-type":"","background-media":"","overlay-type":"","overlay-color":"","overlay-opacity":"","overlay-gradient":""}},"ast-content-background-meta":{"desktop":{"background-color":"var(--ast-global-color-5)","background-image":"","background-repeat":"repeat","background-position":"center center","background-size":"auto","background-attachment":"scroll","background-type":"","background-media":"","overlay-type":"","overlay-color":"","overlay-opacity":"","overlay-gradient":""},"tablet":{"background-color":"var(--ast-global-color-5)","background-image":"","background-repeat":"repeat","background-position":"center center","background-size":"auto","background-attachment":"scroll","background-type":"","background-media":"","overlay-type":"","overlay-color":"","overlay-opacity":"","overlay-gradient":""},"mobile":{"background-color":"var(--ast-global-color-5)","background-image":"","background-repeat":"repeat","background-position":"center center","background-size":"auto","background-attachment":"scroll","background-type":"","background-media":"","overlay-type":"","overlay-color":"","overlay-opacity":"","overlay-gradient":""}}},"product_brand":[],"product_cat":[214],"product_tag":[],"class_list":{"0":"post-7548","1":"product","2":"type-product","3":"status-publish","4":"has-post-thumbnail","6":"product_cat-plodnost-a-otehotnenie","7":"pa_cena-dopravy-367","8":"pa_doprava-zasilkovna","9":"pa_typ-partnersky-predaj","10":"pa_znacka-prirodny-liecitel","11":"desktop-align-left","12":"tablet-align-left","13":"mobile-align-left","15":"first","16":"instock","17":"product-type-external"},"yoast_head":"<!-- This site is optimized with the Yoast SEO plugin v27.2 - https:\/\/yoast.com\/product\/yoast-seo-wordpress\/ -->\n<title>Pr\u00edrodn\u00fd lie\u010dite\u013e Krem\u00edk - pr\u00edrodn\u00e1 filtra\u010dn\u00e1 voda 50g Hmotnos\u0165: 10 g - EKO-BIO-NATURA BIO OBCHOD<\/title>\n<meta name=\"robots\" content=\"index, follow, max-snippet:-1, max-image-preview:large, max-video-preview:-1\" \/>\n<link rel=\"canonical\" href=\"https:\/\/www.eko-bio-natura.sk\/shop\/produkt\/prirodny-liecitel-kremik-prirodna-filtracna-voda-50g-hmotnost-10-g\/\" \/>\n<meta property=\"og:locale\" content=\"sk_SK\" \/>\n<meta property=\"og:type\" content=\"article\" \/>\n<meta property=\"og:title\" content=\"Pr\u00edrodn\u00fd lie\u010dite\u013e Krem\u00edk - pr\u00edrodn\u00e1 filtra\u010dn\u00e1 voda 50g Hmotnos\u0165: 10 g - EKO-BIO-NATURA BIO OBCHOD\" \/>\n<meta property=\"og:description\" content=\"V\u010faka akt\u00edvnemu povrchu vy\u010dist\u00ed krem\u00edk vodu od \u0165a\u017ek\u00fdch kovov, bakt\u00e9ri\u00ed, parazitov. Posil\u0148uje kosti, nechty, zuby, vlasy. Jemn\u00e1 voda m\u00e1 v\u00fdnimo\u010dn\u00fa jemnos\u0165 a miner\u00e1lne zlo\u017eenie a je ide\u00e1lna na ka\u017edodenn\u00e9 pou\u017eitie.&nbsp; Krem\u00edkov\u00e1 voda sa pou\u017e\u00edva na: uhasenie sm\u00e4du varenie (pre maxim\u00e1lny \u00fa\u010dinok sa odpor\u00fa\u010da \u00fapln\u00e1 v\u00fdmena oby\u010dajnej kremennej vody) prevencia, lie\u010dba chor\u00f4b: zv\u00e4\u010d\u0161enie \u0161t\u00edtnej \u017e\u013eazy, chr\u00edpka, [&hellip;]\" \/>\n<meta property=\"og:url\" content=\"https:\/\/www.eko-bio-natura.sk\/shop\/produkt\/prirodny-liecitel-kremik-prirodna-filtracna-voda-50g-hmotnost-10-g\/\" \/>\n<meta property=\"og:site_name\" content=\"EKO-BIO-NATURA BIO OBCHOD\" \/>\n<meta property=\"article:modified_time\" content=\"2021-12-28T17:12:59+00:00\" \/>\n<meta property=\"og:image\" content=\"https:\/\/www.eko-bio-natura.sk\/shop\/wp-content\/uploads\/2021\/12\/12137-1_kremik-prirodna-filtracna-voda-50g.jpg\" \/>\n\t<meta property=\"og:image:width\" content=\"400\" \/>\n\t<meta property=\"og:image:height\" content=\"400\" \/>\n\t<meta property=\"og:image:type\" content=\"image\/jpeg\" \/>\n<meta name=\"twitter:card\" content=\"summary_large_image\" \/>\n<meta name=\"twitter:label1\" content=\"Predpokladan\u00fd \u010das \u010d\u00edtania\" \/>\n\t<meta name=\"twitter:data1\" content=\"1 min\u00fata\" \/>\n<script type=\"application\/ld+json\" class=\"yoast-schema-graph\">{\"@context\":\"https:\/\/schema.org\",\"@graph\":[{\"@type\":\"WebPage\",\"@id\":\"https:\/\/www.eko-bio-natura.sk\/shop\/produkt\/prirodny-liecitel-kremik-prirodna-filtracna-voda-50g-hmotnost-10-g\/\",\"url\":\"https:\/\/www.eko-bio-natura.sk\/shop\/produkt\/prirodny-liecitel-kremik-prirodna-filtracna-voda-50g-hmotnost-10-g\/\",\"name\":\"Pr\u00edrodn\u00fd lie\u010dite\u013e Krem\u00edk - pr\u00edrodn\u00e1 filtra\u010dn\u00e1 voda 50g Hmotnos\u0165: 10 g - EKO-BIO-NATURA BIO OBCHOD\",\"isPartOf\":{\"@id\":\"https:\/\/www.eko-bio-natura.sk\/shop\/#website\"},\"primaryImageOfPage\":{\"@id\":\"https:\/\/www.eko-bio-natura.sk\/shop\/produkt\/prirodny-liecitel-kremik-prirodna-filtracna-voda-50g-hmotnost-10-g\/#primaryimage\"},\"image\":{\"@id\":\"https:\/\/www.eko-bio-natura.sk\/shop\/produkt\/prirodny-liecitel-kremik-prirodna-filtracna-voda-50g-hmotnost-10-g\/#primaryimage\"},\"thumbnailUrl\":\"https:\/\/www.eko-bio-natura.sk\/shop\/wp-content\/uploads\/2021\/12\/12137-1_kremik-prirodna-filtracna-voda-50g.jpg\",\"datePublished\":\"2021-12-28T17:12:57+00:00\",\"dateModified\":\"2021-12-28T17:12:59+00:00\",\"breadcrumb\":{\"@id\":\"https:\/\/www.eko-bio-natura.sk\/shop\/produkt\/prirodny-liecitel-kremik-prirodna-filtracna-voda-50g-hmotnost-10-g\/#breadcrumb\"},\"inLanguage\":\"sk-SK\",\"potentialAction\":[{\"@type\":\"ReadAction\",\"target\":[\"https:\/\/www.eko-bio-natura.sk\/shop\/produkt\/prirodny-liecitel-kremik-prirodna-filtracna-voda-50g-hmotnost-10-g\/\"]}]},{\"@type\":\"ImageObject\",\"inLanguage\":\"sk-SK\",\"@id\":\"https:\/\/www.eko-bio-natura.sk\/shop\/produkt\/prirodny-liecitel-kremik-prirodna-filtracna-voda-50g-hmotnost-10-g\/#primaryimage\",\"url\":\"https:\/\/www.eko-bio-natura.sk\/shop\/wp-content\/uploads\/2021\/12\/12137-1_kremik-prirodna-filtracna-voda-50g.jpg\",\"contentUrl\":\"https:\/\/www.eko-bio-natura.sk\/shop\/wp-content\/uploads\/2021\/12\/12137-1_kremik-prirodna-filtracna-voda-50g.jpg\",\"width\":400,\"height\":400},{\"@type\":\"BreadcrumbList\",\"@id\":\"https:\/\/www.eko-bio-natura.sk\/shop\/produkt\/prirodny-liecitel-kremik-prirodna-filtracna-voda-50g-hmotnost-10-g\/#breadcrumb\",\"itemListElement\":[{\"@type\":\"ListItem\",\"position\":1,\"name\":\"Domovsk\u00e1 str\u00e1nka\",\"item\":\"https:\/\/www.eko-bio-natura.sk\/shop\/\"},{\"@type\":\"ListItem\",\"position\":2,\"name\":\"Obchod\",\"item\":\"https:\/\/www.eko-bio-natura.sk\/shop\/?page_id=6\"},{\"@type\":\"ListItem\",\"position\":3,\"name\":\"Pr\u00edrodn\u00fd lie\u010dite\u013e Krem\u00edk &#8211; pr\u00edrodn\u00e1 filtra\u010dn\u00e1 voda 50g Hmotnos\u0165: 10 g\"}]},{\"@type\":\"WebSite\",\"@id\":\"https:\/\/www.eko-bio-natura.sk\/shop\/#website\",\"url\":\"https:\/\/www.eko-bio-natura.sk\/shop\/\",\"name\":\"EKO-BIO-NATURA BIO OBCHOD\",\"description\":\"\",\"publisher\":{\"@id\":\"https:\/\/www.eko-bio-natura.sk\/shop\/#organization\"},\"potentialAction\":[{\"@type\":\"SearchAction\",\"target\":{\"@type\":\"EntryPoint\",\"urlTemplate\":\"https:\/\/www.eko-bio-natura.sk\/shop\/?s={search_term_string}\"},\"query-input\":{\"@type\":\"PropertyValueSpecification\",\"valueRequired\":true,\"valueName\":\"search_term_string\"}}],\"inLanguage\":\"sk-SK\"},{\"@type\":\"Organization\",\"@id\":\"https:\/\/www.eko-bio-natura.sk\/shop\/#organization\",\"name\":\"EKO-BIO-NATURA BIO OBCHOD\",\"url\":\"https:\/\/www.eko-bio-natura.sk\/shop\/\",\"logo\":{\"@type\":\"ImageObject\",\"inLanguage\":\"sk-SK\",\"@id\":\"https:\/\/www.eko-bio-natura.sk\/shop\/#\/schema\/logo\/image\/\",\"url\":\"https:\/\/www.eko-bio-natura.sk\/shop\/wp-content\/uploads\/2021\/04\/eko-bio-natura_logo.png\",\"contentUrl\":\"https:\/\/www.eko-bio-natura.sk\/shop\/wp-content\/uploads\/2021\/04\/eko-bio-natura_logo.png\",\"width\":552,\"height\":194,\"caption\":\"EKO-BIO-NATURA BIO OBCHOD\"},\"image\":{\"@id\":\"https:\/\/www.eko-bio-natura.sk\/shop\/#\/schema\/logo\/image\/\"}}]}<\/script>\n<!-- \/ Yoast SEO plugin. -->","yoast_head_json":{"title":"Pr\u00edrodn\u00fd lie\u010dite\u013e Krem\u00edk - pr\u00edrodn\u00e1 filtra\u010dn\u00e1 voda 50g Hmotnos\u0165: 10 g - EKO-BIO-NATURA BIO OBCHOD","robots":{"index":"index","follow":"follow","max-snippet":"max-snippet:-1","max-image-preview":"max-image-preview:large","max-video-preview":"max-video-preview:-1"},"canonical":"https:\/\/www.eko-bio-natura.sk\/shop\/produkt\/prirodny-liecitel-kremik-prirodna-filtracna-voda-50g-hmotnost-10-g\/","og_locale":"sk_SK","og_type":"article","og_title":"Pr\u00edrodn\u00fd lie\u010dite\u013e Krem\u00edk - pr\u00edrodn\u00e1 filtra\u010dn\u00e1 voda 50g Hmotnos\u0165: 10 g - EKO-BIO-NATURA BIO OBCHOD","og_description":"V\u010faka akt\u00edvnemu povrchu vy\u010dist\u00ed krem\u00edk vodu od \u0165a\u017ek\u00fdch kovov, bakt\u00e9ri\u00ed, parazitov. Posil\u0148uje kosti, nechty, zuby, vlasy. Jemn\u00e1 voda m\u00e1 v\u00fdnimo\u010dn\u00fa jemnos\u0165 a miner\u00e1lne zlo\u017eenie a je ide\u00e1lna na ka\u017edodenn\u00e9 pou\u017eitie.&nbsp; Krem\u00edkov\u00e1 voda sa pou\u017e\u00edva na: uhasenie sm\u00e4du varenie (pre maxim\u00e1lny \u00fa\u010dinok sa odpor\u00fa\u010da \u00fapln\u00e1 v\u00fdmena oby\u010dajnej kremennej vody) prevencia, lie\u010dba chor\u00f4b: zv\u00e4\u010d\u0161enie \u0161t\u00edtnej \u017e\u013eazy, chr\u00edpka, [&hellip;]","og_url":"https:\/\/www.eko-bio-natura.sk\/shop\/produkt\/prirodny-liecitel-kremik-prirodna-filtracna-voda-50g-hmotnost-10-g\/","og_site_name":"EKO-BIO-NATURA BIO OBCHOD","article_modified_time":"2021-12-28T17:12:59+00:00","og_image":[{"width":400,"height":400,"url":"https:\/\/www.eko-bio-natura.sk\/shop\/wp-content\/uploads\/2021\/12\/12137-1_kremik-prirodna-filtracna-voda-50g.jpg","type":"image\/jpeg"}],"twitter_card":"summary_large_image","twitter_misc":{"Predpokladan\u00fd \u010das \u010d\u00edtania":"1 min\u00fata"},"schema":{"@context":"https:\/\/schema.org","@graph":[{"@type":"WebPage","@id":"https:\/\/www.eko-bio-natura.sk\/shop\/produkt\/prirodny-liecitel-kremik-prirodna-filtracna-voda-50g-hmotnost-10-g\/","url":"https:\/\/www.eko-bio-natura.sk\/shop\/produkt\/prirodny-liecitel-kremik-prirodna-filtracna-voda-50g-hmotnost-10-g\/","name":"Pr\u00edrodn\u00fd lie\u010dite\u013e Krem\u00edk - pr\u00edrodn\u00e1 filtra\u010dn\u00e1 voda 50g Hmotnos\u0165: 10 g - EKO-BIO-NATURA BIO OBCHOD","isPartOf":{"@id":"https:\/\/www.eko-bio-natura.sk\/shop\/#website"},"primaryImageOfPage":{"@id":"https:\/\/www.eko-bio-natura.sk\/shop\/produkt\/prirodny-liecitel-kremik-prirodna-filtracna-voda-50g-hmotnost-10-g\/#primaryimage"},"image":{"@id":"https:\/\/www.eko-bio-natura.sk\/shop\/produkt\/prirodny-liecitel-kremik-prirodna-filtracna-voda-50g-hmotnost-10-g\/#primaryimage"},"thumbnailUrl":"https:\/\/www.eko-bio-natura.sk\/shop\/wp-content\/uploads\/2021\/12\/12137-1_kremik-prirodna-filtracna-voda-50g.jpg","datePublished":"2021-12-28T17:12:57+00:00","dateModified":"2021-12-28T17:12:59+00:00","breadcrumb":{"@id":"https:\/\/www.eko-bio-natura.sk\/shop\/produkt\/prirodny-liecitel-kremik-prirodna-filtracna-voda-50g-hmotnost-10-g\/#breadcrumb"},"inLanguage":"sk-SK","potentialAction":[{"@type":"ReadAction","target":["https:\/\/www.eko-bio-natura.sk\/shop\/produkt\/prirodny-liecitel-kremik-prirodna-filtracna-voda-50g-hmotnost-10-g\/"]}]},{"@type":"ImageObject","inLanguage":"sk-SK","@id":"https:\/\/www.eko-bio-natura.sk\/shop\/produkt\/prirodny-liecitel-kremik-prirodna-filtracna-voda-50g-hmotnost-10-g\/#primaryimage","url":"https:\/\/www.eko-bio-natura.sk\/shop\/wp-content\/uploads\/2021\/12\/12137-1_kremik-prirodna-filtracna-voda-50g.jpg","contentUrl":"https:\/\/www.eko-bio-natura.sk\/shop\/wp-content\/uploads\/2021\/12\/12137-1_kremik-prirodna-filtracna-voda-50g.jpg","width":400,"height":400},{"@type":"BreadcrumbList","@id":"https:\/\/www.eko-bio-natura.sk\/shop\/produkt\/prirodny-liecitel-kremik-prirodna-filtracna-voda-50g-hmotnost-10-g\/#breadcrumb","itemListElement":[{"@type":"ListItem","position":1,"name":"Domovsk\u00e1 str\u00e1nka","item":"https:\/\/www.eko-bio-natura.sk\/shop\/"},{"@type":"ListItem","position":2,"name":"Obchod","item":"https:\/\/www.eko-bio-natura.sk\/shop\/?page_id=6"},{"@type":"ListItem","position":3,"name":"Pr\u00edrodn\u00fd lie\u010dite\u013e Krem\u00edk &#8211; pr\u00edrodn\u00e1 filtra\u010dn\u00e1 voda 50g Hmotnos\u0165: 10 g"}]},{"@type":"WebSite","@id":"https:\/\/www.eko-bio-natura.sk\/shop\/#website","url":"https:\/\/www.eko-bio-natura.sk\/shop\/","name":"EKO-BIO-NATURA BIO OBCHOD","description":"","publisher":{"@id":"https:\/\/www.eko-bio-natura.sk\/shop\/#organization"},"potentialAction":[{"@type":"SearchAction","target":{"@type":"EntryPoint","urlTemplate":"https:\/\/www.eko-bio-natura.sk\/shop\/?s={search_term_string}"},"query-input":{"@type":"PropertyValueSpecification","valueRequired":true,"valueName":"search_term_string"}}],"inLanguage":"sk-SK"},{"@type":"Organization","@id":"https:\/\/www.eko-bio-natura.sk\/shop\/#organization","name":"EKO-BIO-NATURA BIO OBCHOD","url":"https:\/\/www.eko-bio-natura.sk\/shop\/","logo":{"@type":"ImageObject","inLanguage":"sk-SK","@id":"https:\/\/www.eko-bio-natura.sk\/shop\/#\/schema\/logo\/image\/","url":"https:\/\/www.eko-bio-natura.sk\/shop\/wp-content\/uploads\/2021\/04\/eko-bio-natura_logo.png","contentUrl":"https:\/\/www.eko-bio-natura.sk\/shop\/wp-content\/uploads\/2021\/04\/eko-bio-natura_logo.png","width":552,"height":194,"caption":"EKO-BIO-NATURA BIO OBCHOD"},"image":{"@id":"https:\/\/www.eko-bio-natura.sk\/shop\/#\/schema\/logo\/image\/"}}]}},"_links":{"self":[{"href":"https:\/\/www.eko-bio-natura.sk\/shop\/wp-json\/wp\/v2\/product\/7548","targetHints":{"allow":["GET"]}}],"collection":[{"href":"https:\/\/www.eko-bio-natura.sk\/shop\/wp-json\/wp\/v2\/product"}],"about":[{"href":"https:\/\/www.eko-bio-natura.sk\/shop\/wp-json\/wp\/v2\/types\/product"}],"replies":[{"embeddable":true,"href":"https:\/\/www.eko-bio-natura.sk\/shop\/wp-json\/wp\/v2\/comments?post=7548"}],"wp:featuredmedia":[{"embeddable":true,"href":"https:\/\/www.eko-bio-natura.sk\/shop\/wp-json\/wp\/v2\/media\/7549"}],"wp:attachment":[{"href":"https:\/\/www.eko-bio-natura.sk\/shop\/wp-json\/wp\/v2\/media?parent=7548"}],"wp:term":[{"taxonomy":"product_brand","embeddable":true,"href":"https:\/\/www.eko-bio-natura.sk\/shop\/wp-json\/wp\/v2\/product_brand?post=7548"},{"taxonomy":"product_cat","embeddable":true,"href":"https:\/\/www.eko-bio-natura.sk\/shop\/wp-json\/wp\/v2\/product_cat?post=7548"},{"taxonomy":"product_tag","embeddable":true,"href":"https:\/\/www.eko-bio-natura.sk\/shop\/wp-json\/wp\/v2\/product_tag?post=7548"}],"curies":[{"name":"wp","href":"https:\/\/api.w.org\/{rel}","templated":true}]}}