{"id":7538,"date":"2021-12-28T18:12:25","date_gmt":"2021-12-28T17:12:25","guid":{"rendered":"https:\/\/www.eko-bio-natura.sk\/shop\/index.php\/produkt\/kremova-henna-na-vlasy-s-lopuchovym-olejom-odtien-prirodna-hneda-fitokosmetik-50-ml\/"},"modified":"2022-05-04T16:40:27","modified_gmt":"2022-05-04T14:40:27","slug":"kremova-henna-na-vlasy-s-lopuchovym-olejom-odtien-prirodna-hneda-fitokosmetik-50-ml","status":"publish","type":"product","link":"https:\/\/www.eko-bio-natura.sk\/shop\/produkt\/kremova-henna-na-vlasy-s-lopuchovym-olejom-odtien-prirodna-hneda-fitokosmetik-50-ml\/","title":{"rendered":"Kr\u00e9mov\u00e1 henna na vlasy s lop\u00fachov\u00fdm olejom odtie\u0148 PR\u00cdRODN\u00c1 HNED\u00c1 &#8211; Fitokosmetik &#8211; 50 ml"},"content":{"rendered":"<p><span style=\"font-family: verdana, geneva; font-size: 12pt;\"><span style=\"font-weight: 400;\">T\u00e1to farba na vlasy je pripraven\u00e1 na okam\u017eit\u00e9 pou\u017eitie.Dod\u00e1va vlasom \u017eiariv\u00fd odtie\u0148,posil\u0148uje oslaben\u00e9 vlasy,zlep\u0161uje ich rast,obnovuje lesk vlasov. <\/span><strong>Neobsahuje amoniak a peroxid vod\u00edka. <\/strong><span style=\"font-weight: 400;\">&nbsp;T\u00e1to pr\u00edrodn\u00e1 farba <\/span><strong>je obohaten\u00e1 o lop\u00fachov\u00fd olej<\/strong><span style=\"font-weight: 400;\">. Intenz\u00edvne vy\u017eivuje, hydratuje, obnovuje a lie\u010di vlasy. Dod\u00e1va \u017eivotn\u00fa silu energiu od korienkov a\u017e ku kon\u010dekom. Dod\u00e1va vlasom oslniv\u00fd lesk a \u00fa\u017easn\u00fd objem. <\/span><strong>Lop\u00fachov\u00fd olej<\/strong><span style=\"font-weight: 400;\"> zlep\u0161uje prekrvenie kapil\u00e1r v poko\u017eke hlavy, vy\u017eivuje posil\u0148uje korienky a \u0161trukt\u00faru vlasov. Po pou\u017eit\u00ed tejto henny z\u00edskavaj\u00fa vlasy kr\u00e1sny nas\u00fdten\u00fd odtie\u0148, bud\u00fa hustej\u0161ie, pru\u017enej\u0161ie, pevnej\u0161ie a jemne poddajn\u00e9. T\u00e1to &#8222;kr\u00e9mov\u00e1 farba&#8220; v hotovom stave predstav pr\u00edrodn\u00fa hennu ktorej pr\u00edprava V\u00e1m nezaberie ve\u013ea \u010dasu.. Potom si m\u00f4\u017eete u\u017e\u00edva\u0165 v\u00fdsledok. Je vhodn\u00e1 aj na \u0161ediv\u00e9 vlasy.<\/span><\/span><\/p>\n<p><span style=\"font-family: verdana, geneva; font-size: 12pt;\"><strong>Sp\u00f4sob pou\u017eitia: <\/strong><span style=\"font-weight: 400;\">&nbsp;nanies\u0165 obsah balenia na vlasy Necha\u0165 p\u00f4sobi\u0165 10-30 min\u00fat, v z\u00e1vislosti na dosiahnut\u00ed potrebn\u00e9ho odtie\u0148u farby a&nbsp;opl\u00e1chnu\u0165 vodou bez pou\u017eitia \u0161amp\u00f3nu. Po\u010det pou\u017eit\u00fdch baleni sa odv\u00edja od d\u013a\u017eky vlasov: <\/span><span style=\"font-weight: 400;\">&nbsp;<\/span><span style=\"font-weight: 400;\">Po ramen\u00e1 (1 balenie), po lopatky (2 balenia), po p\u00e1s (3 balenia).<\/span><\/span><\/p>\n<p><span style=\"font-family: verdana, geneva; font-size: 12pt;\"><strong>UPOZORNENIA:<\/strong><\/span><\/p>\n<p><span style=\"font-weight: 400; font-family: verdana, geneva; font-size: 12pt;\">Zvolen\u00fd odtie\u0148 by nemal by\u0165 svetlej\u0161\u00ed ako Va\u0161a farba vlasov!<\/span><\/p>\n<p><span style=\"font-weight: 400; font-family: verdana, geneva; font-size: 12pt;\">Po zasiahnut\u00ed o\u010d\u00ed, opl\u00e1chnite ihne\u010f pr\u00fadom te\u010d\u00facej vody!&nbsp;<\/span><\/p>\n<p><span style=\"font-weight: 400; font-family: verdana, geneva; font-size: 12pt;\">Skladujte mimo dosahu det\u00ed!<\/span><\/p>\n<p><span style=\"font-weight: 400; font-family: verdana, geneva; font-size: 12pt;\">Iba na vonkaj\u0161ie pou\u017eitie!&nbsp;<\/span><\/p>\n<p><img decoding=\"async\" src=\"https:\/\/www.herbatica.sk\/user\/documents\/upload\/1984.png\" alt=\"1984\" \/><\/p>\n<p><span style=\"font-family: verdana, geneva; font-size: 12pt;\"><strong>Obsah balenia\/ objem:<\/strong><span style=\"font-weight: 400;\"> 50 ml&nbsp;<\/span><\/span><\/p>\n<p><span style=\"font-family: verdana, geneva; font-size: 12pt;\"><strong>Krajina p\u00f4vodu<\/strong><span style=\"font-weight: 400;\">: Rusko<\/span><\/span><\/p>\n","protected":false},"excerpt":{"rendered":"<p>T\u00e1to farba na vlasy je pripraven\u00e1 na okam\u017eit\u00e9 pou\u017eitie.Dod\u00e1va vlasom \u017eiariv\u00fd odtie\u0148,posil\u0148uje oslaben\u00e9 vlasy,zlep\u0161uje ich rast,obnovuje lesk vlasov. Neobsahuje amoniak a peroxid vod\u00edka. &nbsp;T\u00e1to pr\u00edrodn\u00e1 farba je obohaten\u00e1 o lop\u00fachov\u00fd olej. Intenz\u00edvne vy\u017eivuje, hydratuje, obnovuje a lie\u010di vlasy. Dod\u00e1va \u017eivotn\u00fa silu energiu od korienkov a\u017e ku kon\u010dekom. Dod\u00e1va vlasom oslniv\u00fd lesk a \u00fa\u017easn\u00fd objem. Lop\u00fachov\u00fd [&hellip;]<\/p>\n","protected":false},"featured_media":7539,"comment_status":"open","ping_status":"open","template":"","meta":{"site-sidebar-layout":"default","site-content-layout":"","ast-site-content-layout":"default","site-content-style":"default","site-sidebar-style":"default","ast-global-header-display":"","ast-banner-title-visibility":"","ast-main-header-display":"","ast-hfb-above-header-display":"","ast-hfb-below-header-display":"","ast-hfb-mobile-header-display":"","site-post-title":"","ast-breadcrumbs-content":"","ast-featured-img":"","footer-sml-layout":"","ast-disable-related-posts":"","theme-transparent-header-meta":"","adv-header-id-meta":"","stick-header-meta":"","header-above-stick-meta":"","header-main-stick-meta":"","header-below-stick-meta":"","astra-migrate-meta-layouts":"default","ast-page-background-enabled":"default","ast-page-background-meta":{"desktop":{"background-color":"","background-image":"","background-repeat":"repeat","background-position":"center center","background-size":"auto","background-attachment":"scroll","background-type":"","background-media":"","overlay-type":"","overlay-color":"","overlay-opacity":"","overlay-gradient":""},"tablet":{"background-color":"","background-image":"","background-repeat":"repeat","background-position":"center center","background-size":"auto","background-attachment":"scroll","background-type":"","background-media":"","overlay-type":"","overlay-color":"","overlay-opacity":"","overlay-gradient":""},"mobile":{"background-color":"","background-image":"","background-repeat":"repeat","background-position":"center center","background-size":"auto","background-attachment":"scroll","background-type":"","background-media":"","overlay-type":"","overlay-color":"","overlay-opacity":"","overlay-gradient":""}},"ast-content-background-meta":{"desktop":{"background-color":"var(--ast-global-color-5)","background-image":"","background-repeat":"repeat","background-position":"center center","background-size":"auto","background-attachment":"scroll","background-type":"","background-media":"","overlay-type":"","overlay-color":"","overlay-opacity":"","overlay-gradient":""},"tablet":{"background-color":"var(--ast-global-color-5)","background-image":"","background-repeat":"repeat","background-position":"center center","background-size":"auto","background-attachment":"scroll","background-type":"","background-media":"","overlay-type":"","overlay-color":"","overlay-opacity":"","overlay-gradient":""},"mobile":{"background-color":"var(--ast-global-color-5)","background-image":"","background-repeat":"repeat","background-position":"center center","background-size":"auto","background-attachment":"scroll","background-type":"","background-media":"","overlay-type":"","overlay-color":"","overlay-opacity":"","overlay-gradient":""}}},"product_brand":[],"product_cat":[19,228,30],"product_tag":[],"class_list":{"0":"post-7538","1":"product","2":"type-product","3":"status-publish","4":"has-post-thumbnail","6":"product_cat-prirodna-kozmetika","7":"product_cat-prirodne-farby-na-vlasy","8":"product_cat-vlasova-kozmetika","9":"pa_cena-dopravy-367","10":"pa_doprava-zasilkovna","11":"pa_ean-751","12":"pa_typ-partnersky-predaj","13":"pa_znacka-fitokosmetik","14":"desktop-align-left","15":"tablet-align-left","16":"mobile-align-left","18":"first","19":"instock","20":"product-type-external"},"yoast_head":"<!-- This site is optimized with the Yoast SEO plugin v27.2 - https:\/\/yoast.com\/product\/yoast-seo-wordpress\/ -->\n<title>Kr\u00e9mov\u00e1 henna na vlasy s lop\u00fachov\u00fdm olejom odtie\u0148 PR\u00cdRODN\u00c1 HNED\u00c1 - Fitokosmetik - 50 ml - EKO-BIO-NATURA BIO OBCHOD<\/title>\n<meta name=\"robots\" content=\"index, follow, max-snippet:-1, max-image-preview:large, max-video-preview:-1\" \/>\n<link rel=\"canonical\" href=\"https:\/\/www.eko-bio-natura.sk\/shop\/produkt\/kremova-henna-na-vlasy-s-lopuchovym-olejom-odtien-prirodna-hneda-fitokosmetik-50-ml\/\" \/>\n<meta property=\"og:locale\" content=\"sk_SK\" \/>\n<meta property=\"og:type\" content=\"article\" \/>\n<meta property=\"og:title\" content=\"Kr\u00e9mov\u00e1 henna na vlasy s lop\u00fachov\u00fdm olejom odtie\u0148 PR\u00cdRODN\u00c1 HNED\u00c1 - Fitokosmetik - 50 ml - EKO-BIO-NATURA BIO OBCHOD\" \/>\n<meta property=\"og:description\" content=\"T\u00e1to farba na vlasy je pripraven\u00e1 na okam\u017eit\u00e9 pou\u017eitie.Dod\u00e1va vlasom \u017eiariv\u00fd odtie\u0148,posil\u0148uje oslaben\u00e9 vlasy,zlep\u0161uje ich rast,obnovuje lesk vlasov. Neobsahuje amoniak a peroxid vod\u00edka. &nbsp;T\u00e1to pr\u00edrodn\u00e1 farba je obohaten\u00e1 o lop\u00fachov\u00fd olej. Intenz\u00edvne vy\u017eivuje, hydratuje, obnovuje a lie\u010di vlasy. Dod\u00e1va \u017eivotn\u00fa silu energiu od korienkov a\u017e ku kon\u010dekom. Dod\u00e1va vlasom oslniv\u00fd lesk a \u00fa\u017easn\u00fd objem. Lop\u00fachov\u00fd [&hellip;]\" \/>\n<meta property=\"og:url\" content=\"https:\/\/www.eko-bio-natura.sk\/shop\/produkt\/kremova-henna-na-vlasy-s-lopuchovym-olejom-odtien-prirodna-hneda-fitokosmetik-50-ml\/\" \/>\n<meta property=\"og:site_name\" content=\"EKO-BIO-NATURA BIO OBCHOD\" \/>\n<meta property=\"article:modified_time\" content=\"2022-05-04T14:40:27+00:00\" \/>\n<meta property=\"og:image\" content=\"https:\/\/www.eko-bio-natura.sk\/shop\/wp-content\/uploads\/2021\/12\/11909_1984o.png\" \/>\n\t<meta property=\"og:image:width\" content=\"499\" \/>\n\t<meta property=\"og:image:height\" content=\"713\" \/>\n\t<meta property=\"og:image:type\" content=\"image\/png\" \/>\n<meta name=\"twitter:card\" content=\"summary_large_image\" \/>\n<meta name=\"twitter:label1\" content=\"Predpokladan\u00fd \u010das \u010d\u00edtania\" \/>\n\t<meta name=\"twitter:data1\" content=\"1 min\u00fata\" \/>\n<script type=\"application\/ld+json\" class=\"yoast-schema-graph\">{\"@context\":\"https:\/\/schema.org\",\"@graph\":[{\"@type\":\"WebPage\",\"@id\":\"https:\/\/www.eko-bio-natura.sk\/shop\/produkt\/kremova-henna-na-vlasy-s-lopuchovym-olejom-odtien-prirodna-hneda-fitokosmetik-50-ml\/\",\"url\":\"https:\/\/www.eko-bio-natura.sk\/shop\/produkt\/kremova-henna-na-vlasy-s-lopuchovym-olejom-odtien-prirodna-hneda-fitokosmetik-50-ml\/\",\"name\":\"Kr\u00e9mov\u00e1 henna na vlasy s lop\u00fachov\u00fdm olejom odtie\u0148 PR\u00cdRODN\u00c1 HNED\u00c1 - Fitokosmetik - 50 ml - EKO-BIO-NATURA BIO OBCHOD\",\"isPartOf\":{\"@id\":\"https:\/\/www.eko-bio-natura.sk\/shop\/#website\"},\"primaryImageOfPage\":{\"@id\":\"https:\/\/www.eko-bio-natura.sk\/shop\/produkt\/kremova-henna-na-vlasy-s-lopuchovym-olejom-odtien-prirodna-hneda-fitokosmetik-50-ml\/#primaryimage\"},\"image\":{\"@id\":\"https:\/\/www.eko-bio-natura.sk\/shop\/produkt\/kremova-henna-na-vlasy-s-lopuchovym-olejom-odtien-prirodna-hneda-fitokosmetik-50-ml\/#primaryimage\"},\"thumbnailUrl\":\"https:\/\/www.eko-bio-natura.sk\/shop\/wp-content\/uploads\/2021\/12\/11909_1984o.png\",\"datePublished\":\"2021-12-28T17:12:25+00:00\",\"dateModified\":\"2022-05-04T14:40:27+00:00\",\"breadcrumb\":{\"@id\":\"https:\/\/www.eko-bio-natura.sk\/shop\/produkt\/kremova-henna-na-vlasy-s-lopuchovym-olejom-odtien-prirodna-hneda-fitokosmetik-50-ml\/#breadcrumb\"},\"inLanguage\":\"sk-SK\",\"potentialAction\":[{\"@type\":\"ReadAction\",\"target\":[\"https:\/\/www.eko-bio-natura.sk\/shop\/produkt\/kremova-henna-na-vlasy-s-lopuchovym-olejom-odtien-prirodna-hneda-fitokosmetik-50-ml\/\"]}]},{\"@type\":\"ImageObject\",\"inLanguage\":\"sk-SK\",\"@id\":\"https:\/\/www.eko-bio-natura.sk\/shop\/produkt\/kremova-henna-na-vlasy-s-lopuchovym-olejom-odtien-prirodna-hneda-fitokosmetik-50-ml\/#primaryimage\",\"url\":\"https:\/\/www.eko-bio-natura.sk\/shop\/wp-content\/uploads\/2021\/12\/11909_1984o.png\",\"contentUrl\":\"https:\/\/www.eko-bio-natura.sk\/shop\/wp-content\/uploads\/2021\/12\/11909_1984o.png\",\"width\":499,\"height\":713},{\"@type\":\"BreadcrumbList\",\"@id\":\"https:\/\/www.eko-bio-natura.sk\/shop\/produkt\/kremova-henna-na-vlasy-s-lopuchovym-olejom-odtien-prirodna-hneda-fitokosmetik-50-ml\/#breadcrumb\",\"itemListElement\":[{\"@type\":\"ListItem\",\"position\":1,\"name\":\"Domovsk\u00e1 str\u00e1nka\",\"item\":\"https:\/\/www.eko-bio-natura.sk\/shop\/\"},{\"@type\":\"ListItem\",\"position\":2,\"name\":\"Obchod\",\"item\":\"https:\/\/www.eko-bio-natura.sk\/shop\/?page_id=6\"},{\"@type\":\"ListItem\",\"position\":3,\"name\":\"Kr\u00e9mov\u00e1 henna na vlasy s lop\u00fachov\u00fdm olejom odtie\u0148 PR\u00cdRODN\u00c1 HNED\u00c1 &#8211; Fitokosmetik &#8211; 50 ml\"}]},{\"@type\":\"WebSite\",\"@id\":\"https:\/\/www.eko-bio-natura.sk\/shop\/#website\",\"url\":\"https:\/\/www.eko-bio-natura.sk\/shop\/\",\"name\":\"EKO-BIO-NATURA BIO OBCHOD\",\"description\":\"\",\"publisher\":{\"@id\":\"https:\/\/www.eko-bio-natura.sk\/shop\/#organization\"},\"potentialAction\":[{\"@type\":\"SearchAction\",\"target\":{\"@type\":\"EntryPoint\",\"urlTemplate\":\"https:\/\/www.eko-bio-natura.sk\/shop\/?s={search_term_string}\"},\"query-input\":{\"@type\":\"PropertyValueSpecification\",\"valueRequired\":true,\"valueName\":\"search_term_string\"}}],\"inLanguage\":\"sk-SK\"},{\"@type\":\"Organization\",\"@id\":\"https:\/\/www.eko-bio-natura.sk\/shop\/#organization\",\"name\":\"EKO-BIO-NATURA BIO OBCHOD\",\"url\":\"https:\/\/www.eko-bio-natura.sk\/shop\/\",\"logo\":{\"@type\":\"ImageObject\",\"inLanguage\":\"sk-SK\",\"@id\":\"https:\/\/www.eko-bio-natura.sk\/shop\/#\/schema\/logo\/image\/\",\"url\":\"https:\/\/www.eko-bio-natura.sk\/shop\/wp-content\/uploads\/2021\/04\/eko-bio-natura_logo.png\",\"contentUrl\":\"https:\/\/www.eko-bio-natura.sk\/shop\/wp-content\/uploads\/2021\/04\/eko-bio-natura_logo.png\",\"width\":552,\"height\":194,\"caption\":\"EKO-BIO-NATURA BIO OBCHOD\"},\"image\":{\"@id\":\"https:\/\/www.eko-bio-natura.sk\/shop\/#\/schema\/logo\/image\/\"}}]}<\/script>\n<!-- \/ Yoast SEO plugin. -->","yoast_head_json":{"title":"Kr\u00e9mov\u00e1 henna na vlasy s lop\u00fachov\u00fdm olejom odtie\u0148 PR\u00cdRODN\u00c1 HNED\u00c1 - Fitokosmetik - 50 ml - EKO-BIO-NATURA BIO OBCHOD","robots":{"index":"index","follow":"follow","max-snippet":"max-snippet:-1","max-image-preview":"max-image-preview:large","max-video-preview":"max-video-preview:-1"},"canonical":"https:\/\/www.eko-bio-natura.sk\/shop\/produkt\/kremova-henna-na-vlasy-s-lopuchovym-olejom-odtien-prirodna-hneda-fitokosmetik-50-ml\/","og_locale":"sk_SK","og_type":"article","og_title":"Kr\u00e9mov\u00e1 henna na vlasy s lop\u00fachov\u00fdm olejom odtie\u0148 PR\u00cdRODN\u00c1 HNED\u00c1 - Fitokosmetik - 50 ml - EKO-BIO-NATURA BIO OBCHOD","og_description":"T\u00e1to farba na vlasy je pripraven\u00e1 na okam\u017eit\u00e9 pou\u017eitie.Dod\u00e1va vlasom \u017eiariv\u00fd odtie\u0148,posil\u0148uje oslaben\u00e9 vlasy,zlep\u0161uje ich rast,obnovuje lesk vlasov. Neobsahuje amoniak a peroxid vod\u00edka. &nbsp;T\u00e1to pr\u00edrodn\u00e1 farba je obohaten\u00e1 o lop\u00fachov\u00fd olej. Intenz\u00edvne vy\u017eivuje, hydratuje, obnovuje a lie\u010di vlasy. Dod\u00e1va \u017eivotn\u00fa silu energiu od korienkov a\u017e ku kon\u010dekom. Dod\u00e1va vlasom oslniv\u00fd lesk a \u00fa\u017easn\u00fd objem. Lop\u00fachov\u00fd [&hellip;]","og_url":"https:\/\/www.eko-bio-natura.sk\/shop\/produkt\/kremova-henna-na-vlasy-s-lopuchovym-olejom-odtien-prirodna-hneda-fitokosmetik-50-ml\/","og_site_name":"EKO-BIO-NATURA BIO OBCHOD","article_modified_time":"2022-05-04T14:40:27+00:00","og_image":[{"width":499,"height":713,"url":"https:\/\/www.eko-bio-natura.sk\/shop\/wp-content\/uploads\/2021\/12\/11909_1984o.png","type":"image\/png"}],"twitter_card":"summary_large_image","twitter_misc":{"Predpokladan\u00fd \u010das \u010d\u00edtania":"1 min\u00fata"},"schema":{"@context":"https:\/\/schema.org","@graph":[{"@type":"WebPage","@id":"https:\/\/www.eko-bio-natura.sk\/shop\/produkt\/kremova-henna-na-vlasy-s-lopuchovym-olejom-odtien-prirodna-hneda-fitokosmetik-50-ml\/","url":"https:\/\/www.eko-bio-natura.sk\/shop\/produkt\/kremova-henna-na-vlasy-s-lopuchovym-olejom-odtien-prirodna-hneda-fitokosmetik-50-ml\/","name":"Kr\u00e9mov\u00e1 henna na vlasy s lop\u00fachov\u00fdm olejom odtie\u0148 PR\u00cdRODN\u00c1 HNED\u00c1 - Fitokosmetik - 50 ml - EKO-BIO-NATURA BIO OBCHOD","isPartOf":{"@id":"https:\/\/www.eko-bio-natura.sk\/shop\/#website"},"primaryImageOfPage":{"@id":"https:\/\/www.eko-bio-natura.sk\/shop\/produkt\/kremova-henna-na-vlasy-s-lopuchovym-olejom-odtien-prirodna-hneda-fitokosmetik-50-ml\/#primaryimage"},"image":{"@id":"https:\/\/www.eko-bio-natura.sk\/shop\/produkt\/kremova-henna-na-vlasy-s-lopuchovym-olejom-odtien-prirodna-hneda-fitokosmetik-50-ml\/#primaryimage"},"thumbnailUrl":"https:\/\/www.eko-bio-natura.sk\/shop\/wp-content\/uploads\/2021\/12\/11909_1984o.png","datePublished":"2021-12-28T17:12:25+00:00","dateModified":"2022-05-04T14:40:27+00:00","breadcrumb":{"@id":"https:\/\/www.eko-bio-natura.sk\/shop\/produkt\/kremova-henna-na-vlasy-s-lopuchovym-olejom-odtien-prirodna-hneda-fitokosmetik-50-ml\/#breadcrumb"},"inLanguage":"sk-SK","potentialAction":[{"@type":"ReadAction","target":["https:\/\/www.eko-bio-natura.sk\/shop\/produkt\/kremova-henna-na-vlasy-s-lopuchovym-olejom-odtien-prirodna-hneda-fitokosmetik-50-ml\/"]}]},{"@type":"ImageObject","inLanguage":"sk-SK","@id":"https:\/\/www.eko-bio-natura.sk\/shop\/produkt\/kremova-henna-na-vlasy-s-lopuchovym-olejom-odtien-prirodna-hneda-fitokosmetik-50-ml\/#primaryimage","url":"https:\/\/www.eko-bio-natura.sk\/shop\/wp-content\/uploads\/2021\/12\/11909_1984o.png","contentUrl":"https:\/\/www.eko-bio-natura.sk\/shop\/wp-content\/uploads\/2021\/12\/11909_1984o.png","width":499,"height":713},{"@type":"BreadcrumbList","@id":"https:\/\/www.eko-bio-natura.sk\/shop\/produkt\/kremova-henna-na-vlasy-s-lopuchovym-olejom-odtien-prirodna-hneda-fitokosmetik-50-ml\/#breadcrumb","itemListElement":[{"@type":"ListItem","position":1,"name":"Domovsk\u00e1 str\u00e1nka","item":"https:\/\/www.eko-bio-natura.sk\/shop\/"},{"@type":"ListItem","position":2,"name":"Obchod","item":"https:\/\/www.eko-bio-natura.sk\/shop\/?page_id=6"},{"@type":"ListItem","position":3,"name":"Kr\u00e9mov\u00e1 henna na vlasy s lop\u00fachov\u00fdm olejom odtie\u0148 PR\u00cdRODN\u00c1 HNED\u00c1 &#8211; Fitokosmetik &#8211; 50 ml"}]},{"@type":"WebSite","@id":"https:\/\/www.eko-bio-natura.sk\/shop\/#website","url":"https:\/\/www.eko-bio-natura.sk\/shop\/","name":"EKO-BIO-NATURA BIO OBCHOD","description":"","publisher":{"@id":"https:\/\/www.eko-bio-natura.sk\/shop\/#organization"},"potentialAction":[{"@type":"SearchAction","target":{"@type":"EntryPoint","urlTemplate":"https:\/\/www.eko-bio-natura.sk\/shop\/?s={search_term_string}"},"query-input":{"@type":"PropertyValueSpecification","valueRequired":true,"valueName":"search_term_string"}}],"inLanguage":"sk-SK"},{"@type":"Organization","@id":"https:\/\/www.eko-bio-natura.sk\/shop\/#organization","name":"EKO-BIO-NATURA BIO OBCHOD","url":"https:\/\/www.eko-bio-natura.sk\/shop\/","logo":{"@type":"ImageObject","inLanguage":"sk-SK","@id":"https:\/\/www.eko-bio-natura.sk\/shop\/#\/schema\/logo\/image\/","url":"https:\/\/www.eko-bio-natura.sk\/shop\/wp-content\/uploads\/2021\/04\/eko-bio-natura_logo.png","contentUrl":"https:\/\/www.eko-bio-natura.sk\/shop\/wp-content\/uploads\/2021\/04\/eko-bio-natura_logo.png","width":552,"height":194,"caption":"EKO-BIO-NATURA BIO OBCHOD"},"image":{"@id":"https:\/\/www.eko-bio-natura.sk\/shop\/#\/schema\/logo\/image\/"}}]}},"_links":{"self":[{"href":"https:\/\/www.eko-bio-natura.sk\/shop\/wp-json\/wp\/v2\/product\/7538","targetHints":{"allow":["GET"]}}],"collection":[{"href":"https:\/\/www.eko-bio-natura.sk\/shop\/wp-json\/wp\/v2\/product"}],"about":[{"href":"https:\/\/www.eko-bio-natura.sk\/shop\/wp-json\/wp\/v2\/types\/product"}],"replies":[{"embeddable":true,"href":"https:\/\/www.eko-bio-natura.sk\/shop\/wp-json\/wp\/v2\/comments?post=7538"}],"wp:featuredmedia":[{"embeddable":true,"href":"https:\/\/www.eko-bio-natura.sk\/shop\/wp-json\/wp\/v2\/media\/7539"}],"wp:attachment":[{"href":"https:\/\/www.eko-bio-natura.sk\/shop\/wp-json\/wp\/v2\/media?parent=7538"}],"wp:term":[{"taxonomy":"product_brand","embeddable":true,"href":"https:\/\/www.eko-bio-natura.sk\/shop\/wp-json\/wp\/v2\/product_brand?post=7538"},{"taxonomy":"product_cat","embeddable":true,"href":"https:\/\/www.eko-bio-natura.sk\/shop\/wp-json\/wp\/v2\/product_cat?post=7538"},{"taxonomy":"product_tag","embeddable":true,"href":"https:\/\/www.eko-bio-natura.sk\/shop\/wp-json\/wp\/v2\/product_tag?post=7538"}],"curies":[{"name":"wp","href":"https:\/\/api.w.org\/{rel}","templated":true}]}}