{"id":7536,"date":"2021-12-28T18:12:25","date_gmt":"2021-12-28T17:12:25","guid":{"rendered":"https:\/\/www.eko-bio-natura.sk\/shop\/index.php\/produkt\/kremova-farba-s-hennou-na-obocie-a-riasy-hneda-fitokosmetik-2x2-ml\/"},"modified":"2022-05-04T16:40:27","modified_gmt":"2022-05-04T14:40:27","slug":"kremova-farba-s-hennou-na-obocie-a-riasy-hneda-fitokosmetik-2x2-ml","status":"publish","type":"product","link":"https:\/\/www.eko-bio-natura.sk\/shop\/produkt\/kremova-farba-s-hennou-na-obocie-a-riasy-hneda-fitokosmetik-2x2-ml\/","title":{"rendered":"Kr\u00e9mov\u00e1 farba s hennou na obo\u010die a riasy HNED\u00c1 &#8211; Fitokosmetik &#8211; 2&#215;2 ml"},"content":{"rendered":"<p><span style=\"font-family: verdana, geneva; font-size: 12pt;\"><span style=\"font-weight: 400;\">Kr\u00e9mov\u00e1 henna odtie\u0148 <\/span><strong>HNED\u00c1<\/strong><span style=\"font-weight: 400;\"> je ur\u010den\u00e1 na farbenie obo\u010dia a&nbsp;rias. Je prv\u00fdm a jedin\u00fdm pr\u00edpravkom s&nbsp;obsahom pr\u00edrodn\u00e9ho pigmentu, ktor\u00fd s\u00fa\u010dasne vy\u017eivuje, posil\u0148uje a stimuluje rast obo\u010dia a rias. <\/span><strong>Organick\u00fd olej lop\u00facha<\/strong><span style=\"font-weight: 400;\">, ktor\u00fd je s\u00fa\u010das\u0165ou tohto pr\u00edpravku, takisto vy\u017eivuje, posil\u0148uje, ur\u00fdch\u013euje rast obo\u010dia a&nbsp;obo\u010dia. Henna v kr\u00e9me <\/span><strong>neobsahuje amoniak a peroxid vod\u00edka<\/strong><span style=\"font-weight: 400;\">. . Farba m\u00e1 dlhotrvaj\u00faci efekt, obo\u010die aj riasy bud\u00fa ma\u0165 \u017eelan\u00fd odtie\u0148 pribli\u017ene 5 t\u00fd\u017ed\u0148ov<\/span><\/span><\/p>\n<p><span style=\"font-family: verdana, geneva; font-size: 12pt;\"><strong>Sp\u00f4sob pou\u017eitia: <\/strong><span style=\"font-weight: 400;\">Balenie obsahuje 2 vrec\u00fa\u0161ka kr\u00e9movej farby . Otvorte jedno vrec\u00fa\u0161ko a naneste kr\u00e9mov\u00fa hennu na kefku na obo\u010die, nechajte p\u00f4sobi\u0165 20-25 min\u00fat a potom umyte vodou. Ak chcete, aby bola farba menej intenz\u00edvna, nechajte pr\u00edpravok p\u00f4sobi\u0165 krat\u0161iu dobu.&nbsp;<\/span><\/span><\/p>\n<p><span style=\"font-weight: 400; font-family: verdana, geneva; font-size: 12pt;\">Potom otvorte druh\u00e9 vrec\u00fa\u0161ko, naneste jeho obsah na riasenku a&nbsp;n\u00e1sledne na riasy. Takisto nechajte p\u00f4sobi\u0165 20-25 min\u00fat, pr\u00edpadne krat\u0161ie<\/span><\/p>\n<p><img decoding=\"async\" src=\"https:\/\/www.herbatica.sk\/user\/documents\/upload\/1980.png\" alt=\"1980\" \/><\/p>\n<p><span style=\"font-family: verdana, geneva; font-size: 12pt;\"><strong>Obsah balenia\/ objem:<\/strong><span style=\"font-weight: 400;\">&nbsp; 2&#215;2 ml<\/span><\/span><\/p>\n<p><span style=\"font-family: verdana, geneva; font-size: 12pt;\"><strong>Krajina p\u00f4vodu<\/strong><span style=\"font-weight: 400;\">: Rusko<\/span><\/span><\/p>\n","protected":false},"excerpt":{"rendered":"<p>Kr\u00e9mov\u00e1 henna odtie\u0148 HNED\u00c1 je ur\u010den\u00e1 na farbenie obo\u010dia a&nbsp;rias. Je prv\u00fdm a jedin\u00fdm pr\u00edpravkom s&nbsp;obsahom pr\u00edrodn\u00e9ho pigmentu, ktor\u00fd s\u00fa\u010dasne vy\u017eivuje, posil\u0148uje a stimuluje rast obo\u010dia a rias. Organick\u00fd olej lop\u00facha, ktor\u00fd je s\u00fa\u010das\u0165ou tohto pr\u00edpravku, takisto vy\u017eivuje, posil\u0148uje, ur\u00fdch\u013euje rast obo\u010dia a&nbsp;obo\u010dia. Henna v kr\u00e9me neobsahuje amoniak a peroxid vod\u00edka. . Farba m\u00e1 dlhotrvaj\u00faci [&hellip;]<\/p>\n","protected":false},"featured_media":7537,"comment_status":"open","ping_status":"open","template":"","meta":{"site-sidebar-layout":"default","site-content-layout":"","ast-site-content-layout":"default","site-content-style":"default","site-sidebar-style":"default","ast-global-header-display":"","ast-banner-title-visibility":"","ast-main-header-display":"","ast-hfb-above-header-display":"","ast-hfb-below-header-display":"","ast-hfb-mobile-header-display":"","site-post-title":"","ast-breadcrumbs-content":"","ast-featured-img":"","footer-sml-layout":"","ast-disable-related-posts":"","theme-transparent-header-meta":"","adv-header-id-meta":"","stick-header-meta":"","header-above-stick-meta":"","header-main-stick-meta":"","header-below-stick-meta":"","astra-migrate-meta-layouts":"default","ast-page-background-enabled":"default","ast-page-background-meta":{"desktop":{"background-color":"","background-image":"","background-repeat":"repeat","background-position":"center center","background-size":"auto","background-attachment":"scroll","background-type":"","background-media":"","overlay-type":"","overlay-color":"","overlay-opacity":"","overlay-gradient":""},"tablet":{"background-color":"","background-image":"","background-repeat":"repeat","background-position":"center center","background-size":"auto","background-attachment":"scroll","background-type":"","background-media":"","overlay-type":"","overlay-color":"","overlay-opacity":"","overlay-gradient":""},"mobile":{"background-color":"","background-image":"","background-repeat":"repeat","background-position":"center center","background-size":"auto","background-attachment":"scroll","background-type":"","background-media":"","overlay-type":"","overlay-color":"","overlay-opacity":"","overlay-gradient":""}},"ast-content-background-meta":{"desktop":{"background-color":"var(--ast-global-color-5)","background-image":"","background-repeat":"repeat","background-position":"center center","background-size":"auto","background-attachment":"scroll","background-type":"","background-media":"","overlay-type":"","overlay-color":"","overlay-opacity":"","overlay-gradient":""},"tablet":{"background-color":"var(--ast-global-color-5)","background-image":"","background-repeat":"repeat","background-position":"center center","background-size":"auto","background-attachment":"scroll","background-type":"","background-media":"","overlay-type":"","overlay-color":"","overlay-opacity":"","overlay-gradient":""},"mobile":{"background-color":"var(--ast-global-color-5)","background-image":"","background-repeat":"repeat","background-position":"center center","background-size":"auto","background-attachment":"scroll","background-type":"","background-media":"","overlay-type":"","overlay-color":"","overlay-opacity":"","overlay-gradient":""}}},"product_brand":[],"product_cat":[19,228,30],"product_tag":[],"class_list":{"0":"post-7536","1":"product","2":"type-product","3":"status-publish","4":"has-post-thumbnail","6":"product_cat-prirodna-kozmetika","7":"product_cat-prirodne-farby-na-vlasy","8":"product_cat-vlasova-kozmetika","9":"pa_cena-dopravy-367","10":"pa_doprava-zasilkovna","11":"pa_ean-747","12":"pa_typ-partnersky-predaj","13":"pa_znacka-fitokosmetik","14":"desktop-align-left","15":"tablet-align-left","16":"mobile-align-left","18":"first","19":"instock","20":"product-type-external"},"yoast_head":"<!-- This site is optimized with the Yoast SEO plugin v27.2 - https:\/\/yoast.com\/product\/yoast-seo-wordpress\/ -->\n<title>Kr\u00e9mov\u00e1 farba s hennou na obo\u010die a riasy HNED\u00c1 - Fitokosmetik - 2x2 ml - EKO-BIO-NATURA BIO OBCHOD<\/title>\n<meta name=\"robots\" content=\"index, follow, max-snippet:-1, max-image-preview:large, max-video-preview:-1\" \/>\n<link rel=\"canonical\" href=\"https:\/\/www.eko-bio-natura.sk\/shop\/produkt\/kremova-farba-s-hennou-na-obocie-a-riasy-hneda-fitokosmetik-2x2-ml\/\" \/>\n<meta property=\"og:locale\" content=\"sk_SK\" \/>\n<meta property=\"og:type\" content=\"article\" \/>\n<meta property=\"og:title\" content=\"Kr\u00e9mov\u00e1 farba s hennou na obo\u010die a riasy HNED\u00c1 - Fitokosmetik - 2x2 ml - EKO-BIO-NATURA BIO OBCHOD\" \/>\n<meta property=\"og:description\" content=\"Kr\u00e9mov\u00e1 henna odtie\u0148 HNED\u00c1 je ur\u010den\u00e1 na farbenie obo\u010dia a&nbsp;rias. Je prv\u00fdm a jedin\u00fdm pr\u00edpravkom s&nbsp;obsahom pr\u00edrodn\u00e9ho pigmentu, ktor\u00fd s\u00fa\u010dasne vy\u017eivuje, posil\u0148uje a stimuluje rast obo\u010dia a rias. Organick\u00fd olej lop\u00facha, ktor\u00fd je s\u00fa\u010das\u0165ou tohto pr\u00edpravku, takisto vy\u017eivuje, posil\u0148uje, ur\u00fdch\u013euje rast obo\u010dia a&nbsp;obo\u010dia. Henna v kr\u00e9me neobsahuje amoniak a peroxid vod\u00edka. . Farba m\u00e1 dlhotrvaj\u00faci [&hellip;]\" \/>\n<meta property=\"og:url\" content=\"https:\/\/www.eko-bio-natura.sk\/shop\/produkt\/kremova-farba-s-hennou-na-obocie-a-riasy-hneda-fitokosmetik-2x2-ml\/\" \/>\n<meta property=\"og:site_name\" content=\"EKO-BIO-NATURA BIO OBCHOD\" \/>\n<meta property=\"article:modified_time\" content=\"2022-05-04T14:40:27+00:00\" \/>\n<meta property=\"og:image\" content=\"https:\/\/www.eko-bio-natura.sk\/shop\/wp-content\/uploads\/2021\/12\/11894_kremova-farba-s-hennou-na-obocie-a-riasy-hneda-fitokosmetik-2x2-ml.jpg\" \/>\n\t<meta property=\"og:image:width\" content=\"274\" \/>\n\t<meta property=\"og:image:height\" content=\"480\" \/>\n\t<meta property=\"og:image:type\" content=\"image\/jpeg\" \/>\n<meta name=\"twitter:card\" content=\"summary_large_image\" \/>\n<meta name=\"twitter:label1\" content=\"Predpokladan\u00fd \u010das \u010d\u00edtania\" \/>\n\t<meta name=\"twitter:data1\" content=\"1 min\u00fata\" \/>\n<script type=\"application\/ld+json\" class=\"yoast-schema-graph\">{\"@context\":\"https:\/\/schema.org\",\"@graph\":[{\"@type\":\"WebPage\",\"@id\":\"https:\/\/www.eko-bio-natura.sk\/shop\/produkt\/kremova-farba-s-hennou-na-obocie-a-riasy-hneda-fitokosmetik-2x2-ml\/\",\"url\":\"https:\/\/www.eko-bio-natura.sk\/shop\/produkt\/kremova-farba-s-hennou-na-obocie-a-riasy-hneda-fitokosmetik-2x2-ml\/\",\"name\":\"Kr\u00e9mov\u00e1 farba s hennou na obo\u010die a riasy HNED\u00c1 - Fitokosmetik - 2x2 ml - EKO-BIO-NATURA BIO OBCHOD\",\"isPartOf\":{\"@id\":\"https:\/\/www.eko-bio-natura.sk\/shop\/#website\"},\"primaryImageOfPage\":{\"@id\":\"https:\/\/www.eko-bio-natura.sk\/shop\/produkt\/kremova-farba-s-hennou-na-obocie-a-riasy-hneda-fitokosmetik-2x2-ml\/#primaryimage\"},\"image\":{\"@id\":\"https:\/\/www.eko-bio-natura.sk\/shop\/produkt\/kremova-farba-s-hennou-na-obocie-a-riasy-hneda-fitokosmetik-2x2-ml\/#primaryimage\"},\"thumbnailUrl\":\"https:\/\/www.eko-bio-natura.sk\/shop\/wp-content\/uploads\/2021\/12\/11894_kremova-farba-s-hennou-na-obocie-a-riasy-hneda-fitokosmetik-2x2-ml.jpg\",\"datePublished\":\"2021-12-28T17:12:25+00:00\",\"dateModified\":\"2022-05-04T14:40:27+00:00\",\"breadcrumb\":{\"@id\":\"https:\/\/www.eko-bio-natura.sk\/shop\/produkt\/kremova-farba-s-hennou-na-obocie-a-riasy-hneda-fitokosmetik-2x2-ml\/#breadcrumb\"},\"inLanguage\":\"sk-SK\",\"potentialAction\":[{\"@type\":\"ReadAction\",\"target\":[\"https:\/\/www.eko-bio-natura.sk\/shop\/produkt\/kremova-farba-s-hennou-na-obocie-a-riasy-hneda-fitokosmetik-2x2-ml\/\"]}]},{\"@type\":\"ImageObject\",\"inLanguage\":\"sk-SK\",\"@id\":\"https:\/\/www.eko-bio-natura.sk\/shop\/produkt\/kremova-farba-s-hennou-na-obocie-a-riasy-hneda-fitokosmetik-2x2-ml\/#primaryimage\",\"url\":\"https:\/\/www.eko-bio-natura.sk\/shop\/wp-content\/uploads\/2021\/12\/11894_kremova-farba-s-hennou-na-obocie-a-riasy-hneda-fitokosmetik-2x2-ml.jpg\",\"contentUrl\":\"https:\/\/www.eko-bio-natura.sk\/shop\/wp-content\/uploads\/2021\/12\/11894_kremova-farba-s-hennou-na-obocie-a-riasy-hneda-fitokosmetik-2x2-ml.jpg\",\"width\":274,\"height\":480},{\"@type\":\"BreadcrumbList\",\"@id\":\"https:\/\/www.eko-bio-natura.sk\/shop\/produkt\/kremova-farba-s-hennou-na-obocie-a-riasy-hneda-fitokosmetik-2x2-ml\/#breadcrumb\",\"itemListElement\":[{\"@type\":\"ListItem\",\"position\":1,\"name\":\"Domovsk\u00e1 str\u00e1nka\",\"item\":\"https:\/\/www.eko-bio-natura.sk\/shop\/\"},{\"@type\":\"ListItem\",\"position\":2,\"name\":\"Obchod\",\"item\":\"https:\/\/www.eko-bio-natura.sk\/shop\/?page_id=6\"},{\"@type\":\"ListItem\",\"position\":3,\"name\":\"Kr\u00e9mov\u00e1 farba s hennou na obo\u010die a riasy HNED\u00c1 &#8211; Fitokosmetik &#8211; 2&#215;2 ml\"}]},{\"@type\":\"WebSite\",\"@id\":\"https:\/\/www.eko-bio-natura.sk\/shop\/#website\",\"url\":\"https:\/\/www.eko-bio-natura.sk\/shop\/\",\"name\":\"EKO-BIO-NATURA BIO OBCHOD\",\"description\":\"\",\"publisher\":{\"@id\":\"https:\/\/www.eko-bio-natura.sk\/shop\/#organization\"},\"potentialAction\":[{\"@type\":\"SearchAction\",\"target\":{\"@type\":\"EntryPoint\",\"urlTemplate\":\"https:\/\/www.eko-bio-natura.sk\/shop\/?s={search_term_string}\"},\"query-input\":{\"@type\":\"PropertyValueSpecification\",\"valueRequired\":true,\"valueName\":\"search_term_string\"}}],\"inLanguage\":\"sk-SK\"},{\"@type\":\"Organization\",\"@id\":\"https:\/\/www.eko-bio-natura.sk\/shop\/#organization\",\"name\":\"EKO-BIO-NATURA BIO OBCHOD\",\"url\":\"https:\/\/www.eko-bio-natura.sk\/shop\/\",\"logo\":{\"@type\":\"ImageObject\",\"inLanguage\":\"sk-SK\",\"@id\":\"https:\/\/www.eko-bio-natura.sk\/shop\/#\/schema\/logo\/image\/\",\"url\":\"https:\/\/www.eko-bio-natura.sk\/shop\/wp-content\/uploads\/2021\/04\/eko-bio-natura_logo.png\",\"contentUrl\":\"https:\/\/www.eko-bio-natura.sk\/shop\/wp-content\/uploads\/2021\/04\/eko-bio-natura_logo.png\",\"width\":552,\"height\":194,\"caption\":\"EKO-BIO-NATURA BIO OBCHOD\"},\"image\":{\"@id\":\"https:\/\/www.eko-bio-natura.sk\/shop\/#\/schema\/logo\/image\/\"}}]}<\/script>\n<!-- \/ Yoast SEO plugin. -->","yoast_head_json":{"title":"Kr\u00e9mov\u00e1 farba s hennou na obo\u010die a riasy HNED\u00c1 - Fitokosmetik - 2x2 ml - EKO-BIO-NATURA BIO OBCHOD","robots":{"index":"index","follow":"follow","max-snippet":"max-snippet:-1","max-image-preview":"max-image-preview:large","max-video-preview":"max-video-preview:-1"},"canonical":"https:\/\/www.eko-bio-natura.sk\/shop\/produkt\/kremova-farba-s-hennou-na-obocie-a-riasy-hneda-fitokosmetik-2x2-ml\/","og_locale":"sk_SK","og_type":"article","og_title":"Kr\u00e9mov\u00e1 farba s hennou na obo\u010die a riasy HNED\u00c1 - Fitokosmetik - 2x2 ml - EKO-BIO-NATURA BIO OBCHOD","og_description":"Kr\u00e9mov\u00e1 henna odtie\u0148 HNED\u00c1 je ur\u010den\u00e1 na farbenie obo\u010dia a&nbsp;rias. Je prv\u00fdm a jedin\u00fdm pr\u00edpravkom s&nbsp;obsahom pr\u00edrodn\u00e9ho pigmentu, ktor\u00fd s\u00fa\u010dasne vy\u017eivuje, posil\u0148uje a stimuluje rast obo\u010dia a rias. Organick\u00fd olej lop\u00facha, ktor\u00fd je s\u00fa\u010das\u0165ou tohto pr\u00edpravku, takisto vy\u017eivuje, posil\u0148uje, ur\u00fdch\u013euje rast obo\u010dia a&nbsp;obo\u010dia. Henna v kr\u00e9me neobsahuje amoniak a peroxid vod\u00edka. . Farba m\u00e1 dlhotrvaj\u00faci [&hellip;]","og_url":"https:\/\/www.eko-bio-natura.sk\/shop\/produkt\/kremova-farba-s-hennou-na-obocie-a-riasy-hneda-fitokosmetik-2x2-ml\/","og_site_name":"EKO-BIO-NATURA BIO OBCHOD","article_modified_time":"2022-05-04T14:40:27+00:00","og_image":[{"width":274,"height":480,"url":"https:\/\/www.eko-bio-natura.sk\/shop\/wp-content\/uploads\/2021\/12\/11894_kremova-farba-s-hennou-na-obocie-a-riasy-hneda-fitokosmetik-2x2-ml.jpg","type":"image\/jpeg"}],"twitter_card":"summary_large_image","twitter_misc":{"Predpokladan\u00fd \u010das \u010d\u00edtania":"1 min\u00fata"},"schema":{"@context":"https:\/\/schema.org","@graph":[{"@type":"WebPage","@id":"https:\/\/www.eko-bio-natura.sk\/shop\/produkt\/kremova-farba-s-hennou-na-obocie-a-riasy-hneda-fitokosmetik-2x2-ml\/","url":"https:\/\/www.eko-bio-natura.sk\/shop\/produkt\/kremova-farba-s-hennou-na-obocie-a-riasy-hneda-fitokosmetik-2x2-ml\/","name":"Kr\u00e9mov\u00e1 farba s hennou na obo\u010die a riasy HNED\u00c1 - Fitokosmetik - 2x2 ml - EKO-BIO-NATURA BIO OBCHOD","isPartOf":{"@id":"https:\/\/www.eko-bio-natura.sk\/shop\/#website"},"primaryImageOfPage":{"@id":"https:\/\/www.eko-bio-natura.sk\/shop\/produkt\/kremova-farba-s-hennou-na-obocie-a-riasy-hneda-fitokosmetik-2x2-ml\/#primaryimage"},"image":{"@id":"https:\/\/www.eko-bio-natura.sk\/shop\/produkt\/kremova-farba-s-hennou-na-obocie-a-riasy-hneda-fitokosmetik-2x2-ml\/#primaryimage"},"thumbnailUrl":"https:\/\/www.eko-bio-natura.sk\/shop\/wp-content\/uploads\/2021\/12\/11894_kremova-farba-s-hennou-na-obocie-a-riasy-hneda-fitokosmetik-2x2-ml.jpg","datePublished":"2021-12-28T17:12:25+00:00","dateModified":"2022-05-04T14:40:27+00:00","breadcrumb":{"@id":"https:\/\/www.eko-bio-natura.sk\/shop\/produkt\/kremova-farba-s-hennou-na-obocie-a-riasy-hneda-fitokosmetik-2x2-ml\/#breadcrumb"},"inLanguage":"sk-SK","potentialAction":[{"@type":"ReadAction","target":["https:\/\/www.eko-bio-natura.sk\/shop\/produkt\/kremova-farba-s-hennou-na-obocie-a-riasy-hneda-fitokosmetik-2x2-ml\/"]}]},{"@type":"ImageObject","inLanguage":"sk-SK","@id":"https:\/\/www.eko-bio-natura.sk\/shop\/produkt\/kremova-farba-s-hennou-na-obocie-a-riasy-hneda-fitokosmetik-2x2-ml\/#primaryimage","url":"https:\/\/www.eko-bio-natura.sk\/shop\/wp-content\/uploads\/2021\/12\/11894_kremova-farba-s-hennou-na-obocie-a-riasy-hneda-fitokosmetik-2x2-ml.jpg","contentUrl":"https:\/\/www.eko-bio-natura.sk\/shop\/wp-content\/uploads\/2021\/12\/11894_kremova-farba-s-hennou-na-obocie-a-riasy-hneda-fitokosmetik-2x2-ml.jpg","width":274,"height":480},{"@type":"BreadcrumbList","@id":"https:\/\/www.eko-bio-natura.sk\/shop\/produkt\/kremova-farba-s-hennou-na-obocie-a-riasy-hneda-fitokosmetik-2x2-ml\/#breadcrumb","itemListElement":[{"@type":"ListItem","position":1,"name":"Domovsk\u00e1 str\u00e1nka","item":"https:\/\/www.eko-bio-natura.sk\/shop\/"},{"@type":"ListItem","position":2,"name":"Obchod","item":"https:\/\/www.eko-bio-natura.sk\/shop\/?page_id=6"},{"@type":"ListItem","position":3,"name":"Kr\u00e9mov\u00e1 farba s hennou na obo\u010die a riasy HNED\u00c1 &#8211; Fitokosmetik &#8211; 2&#215;2 ml"}]},{"@type":"WebSite","@id":"https:\/\/www.eko-bio-natura.sk\/shop\/#website","url":"https:\/\/www.eko-bio-natura.sk\/shop\/","name":"EKO-BIO-NATURA BIO OBCHOD","description":"","publisher":{"@id":"https:\/\/www.eko-bio-natura.sk\/shop\/#organization"},"potentialAction":[{"@type":"SearchAction","target":{"@type":"EntryPoint","urlTemplate":"https:\/\/www.eko-bio-natura.sk\/shop\/?s={search_term_string}"},"query-input":{"@type":"PropertyValueSpecification","valueRequired":true,"valueName":"search_term_string"}}],"inLanguage":"sk-SK"},{"@type":"Organization","@id":"https:\/\/www.eko-bio-natura.sk\/shop\/#organization","name":"EKO-BIO-NATURA BIO OBCHOD","url":"https:\/\/www.eko-bio-natura.sk\/shop\/","logo":{"@type":"ImageObject","inLanguage":"sk-SK","@id":"https:\/\/www.eko-bio-natura.sk\/shop\/#\/schema\/logo\/image\/","url":"https:\/\/www.eko-bio-natura.sk\/shop\/wp-content\/uploads\/2021\/04\/eko-bio-natura_logo.png","contentUrl":"https:\/\/www.eko-bio-natura.sk\/shop\/wp-content\/uploads\/2021\/04\/eko-bio-natura_logo.png","width":552,"height":194,"caption":"EKO-BIO-NATURA BIO OBCHOD"},"image":{"@id":"https:\/\/www.eko-bio-natura.sk\/shop\/#\/schema\/logo\/image\/"}}]}},"_links":{"self":[{"href":"https:\/\/www.eko-bio-natura.sk\/shop\/wp-json\/wp\/v2\/product\/7536","targetHints":{"allow":["GET"]}}],"collection":[{"href":"https:\/\/www.eko-bio-natura.sk\/shop\/wp-json\/wp\/v2\/product"}],"about":[{"href":"https:\/\/www.eko-bio-natura.sk\/shop\/wp-json\/wp\/v2\/types\/product"}],"replies":[{"embeddable":true,"href":"https:\/\/www.eko-bio-natura.sk\/shop\/wp-json\/wp\/v2\/comments?post=7536"}],"wp:featuredmedia":[{"embeddable":true,"href":"https:\/\/www.eko-bio-natura.sk\/shop\/wp-json\/wp\/v2\/media\/7537"}],"wp:attachment":[{"href":"https:\/\/www.eko-bio-natura.sk\/shop\/wp-json\/wp\/v2\/media?parent=7536"}],"wp:term":[{"taxonomy":"product_brand","embeddable":true,"href":"https:\/\/www.eko-bio-natura.sk\/shop\/wp-json\/wp\/v2\/product_brand?post=7536"},{"taxonomy":"product_cat","embeddable":true,"href":"https:\/\/www.eko-bio-natura.sk\/shop\/wp-json\/wp\/v2\/product_cat?post=7536"},{"taxonomy":"product_tag","embeddable":true,"href":"https:\/\/www.eko-bio-natura.sk\/shop\/wp-json\/wp\/v2\/product_tag?post=7536"}],"curies":[{"name":"wp","href":"https:\/\/api.w.org\/{rel}","templated":true}]}}