{"id":7532,"date":"2021-12-28T18:12:25","date_gmt":"2021-12-28T17:12:25","guid":{"rendered":"https:\/\/www.eko-bio-natura.sk\/shop\/index.php\/produkt\/twinstec-911-nogtimicin-krem-na-nechtovu-plesen-twinstec-911-30-ml\/"},"modified":"2024-11-08T16:25:35","modified_gmt":"2024-11-08T15:25:35","slug":"twinstec-911-nogtimicin-krem-na-nechtovu-plesen-twinstec-911-30-ml","status":"publish","type":"product","link":"https:\/\/www.eko-bio-natura.sk\/shop\/produkt\/twinstec-911-nogtimicin-krem-na-nechtovu-plesen-twinstec-911-30-ml\/","title":{"rendered":"Twinstec 911+ NOGTIMICIN \u2013 Kr\u00e9m na nechtov\u00fa plese\u0148 &#8211; Twinstec 911 &#8211; 30 ml"},"content":{"rendered":"<p><span style=\"font-family: verdana, geneva; font-size: 12pt;\"><strong>N\u00e1vod na pou\u017eitie:<\/strong>&nbsp;Pripravte si roztok teplej vody, mydla a s\u00f3dy. Jeden liter vody &#8211; jedna polievkov\u00e1 ly\u017eica s\u00f3dy.&nbsp;<\/span><\/p>\n<p><span style=\"font-family: verdana, geneva; font-size: 12pt;\">Krok 1. Vlo\u017ete necht do teplej vody s mydlom a s\u00f3dou. Pou\u017eite 1 polievkov\u00fa ly\u017eicu jedlej s\u00f3dy na liter vody.<\/span><\/p>\n<p><span style=\"font-family: verdana, geneva; font-size: 12pt;\">Krok 2. Dajte obv\u00e4z na zdrav\u00fa ko\u017eu okolo nechtu (pre zabr\u00e1nenie kontaktu so zdravou poko\u017ekou).<\/span><\/p>\n<p><span style=\"font-family: verdana, geneva; font-size: 12pt;\">Krok 3. Naneste tenk\u00fa vrstvu kr\u00e9mu na po\u0161koden\u00fa \u010das\u0165 a obvia\u017ete alebo prelepte. (kr\u00e9m by mal p\u00f4sobi\u0165 na nechte najmenej 3-4 dni).<\/span><\/p>\n<p><span style=\"font-family: verdana, geneva; font-size: 12pt;\">Krok 4. Odstr\u00e1nte obv\u00e4z a vlo\u017ete necht do teplej vody.<\/span><\/p>\n<p><span style=\"font-family: verdana, geneva; font-size: 12pt;\">Krok 5. Na \u00fapln\u00e9 obnovenie nechtu proced\u00faru niekolkokr\u00e1t zopakujte.<\/span><\/p>\n<p><span style=\"font-family: verdana, geneva; font-size: 12pt;\"><strong>Zlo\u017eenie\/INCI:<\/strong>&nbsp;emulzia mo\u010doviny, kukuri\u010dn\u00fd olej, glycerylmonostear\u00e1t, PEG-40 hydrogenovan\u00fd ric\u00ednov\u00fd olej, propyl\u00e9nglykol, kyselina stearov\u00e1, kyselina salicylov\u00e1, v\u010del\u00ed vosk, olej Melaleuca cajeputi, levandulov\u00fd olej, m\u00e4tov\u00fd olej, metylizotiazolin\u00f3n, glykol.<\/span><\/p>\n<p><span style=\"font-family: verdana, geneva; font-size: 12pt;\"><strong>Bezpe\u010dnostn\u00e9 opatrenia:<\/strong>&nbsp;Pri pou\u017e\u00edvan\u00ed je d\u00f4le\u017eit\u00e9 vyhn\u00fa\u0165 sa kontaktu s kr\u00e9mom Nogtimizin na zdrav\u00fa poko\u017eku av pr\u00edpade neopatrnej aplik\u00e1cie lieku na poko\u017eku je potrebn\u00e9 d\u00f4kladne umy\u0165 tieto oblasti tela studenou te\u010d\u00facou vodou.<\/span><\/p>\n<p><span style=\"font-family: verdana, geneva; font-size: 12pt;\"><strong>Objem:<\/strong>&nbsp;30 ml<\/span><\/p>\n<p><span style=\"font-family: verdana, geneva; font-size: 12pt;\"><strong>Krajina p\u00f4vodu:<\/strong>&nbsp;Rusko<\/span><\/p>\n","protected":false},"excerpt":{"rendered":"<p>N\u00e1vod na pou\u017eitie:&nbsp;Pripravte si roztok teplej vody, mydla a s\u00f3dy. Jeden liter vody &#8211; jedna polievkov\u00e1 ly\u017eica s\u00f3dy.&nbsp; Krok 1. Vlo\u017ete necht do teplej vody s mydlom a s\u00f3dou. Pou\u017eite 1 polievkov\u00fa ly\u017eicu jedlej s\u00f3dy na liter vody. Krok 2. Dajte obv\u00e4z na zdrav\u00fa ko\u017eu okolo nechtu (pre zabr\u00e1nenie kontaktu so zdravou poko\u017ekou). Krok 3. [&hellip;]<\/p>\n","protected":false},"featured_media":7533,"comment_status":"open","ping_status":"open","template":"","meta":{"site-sidebar-layout":"default","site-content-layout":"","ast-site-content-layout":"default","site-content-style":"default","site-sidebar-style":"default","ast-global-header-display":"","ast-banner-title-visibility":"","ast-main-header-display":"","ast-hfb-above-header-display":"","ast-hfb-below-header-display":"","ast-hfb-mobile-header-display":"","site-post-title":"","ast-breadcrumbs-content":"","ast-featured-img":"","footer-sml-layout":"","ast-disable-related-posts":"","theme-transparent-header-meta":"","adv-header-id-meta":"","stick-header-meta":"","header-above-stick-meta":"","header-main-stick-meta":"","header-below-stick-meta":"","astra-migrate-meta-layouts":"default","ast-page-background-enabled":"default","ast-page-background-meta":{"desktop":{"background-color":"","background-image":"","background-repeat":"repeat","background-position":"center center","background-size":"auto","background-attachment":"scroll","background-type":"","background-media":"","overlay-type":"","overlay-color":"","overlay-opacity":"","overlay-gradient":""},"tablet":{"background-color":"","background-image":"","background-repeat":"repeat","background-position":"center center","background-size":"auto","background-attachment":"scroll","background-type":"","background-media":"","overlay-type":"","overlay-color":"","overlay-opacity":"","overlay-gradient":""},"mobile":{"background-color":"","background-image":"","background-repeat":"repeat","background-position":"center center","background-size":"auto","background-attachment":"scroll","background-type":"","background-media":"","overlay-type":"","overlay-color":"","overlay-opacity":"","overlay-gradient":""}},"ast-content-background-meta":{"desktop":{"background-color":"var(--ast-global-color-5)","background-image":"","background-repeat":"repeat","background-position":"center center","background-size":"auto","background-attachment":"scroll","background-type":"","background-media":"","overlay-type":"","overlay-color":"","overlay-opacity":"","overlay-gradient":""},"tablet":{"background-color":"var(--ast-global-color-5)","background-image":"","background-repeat":"repeat","background-position":"center center","background-size":"auto","background-attachment":"scroll","background-type":"","background-media":"","overlay-type":"","overlay-color":"","overlay-opacity":"","overlay-gradient":""},"mobile":{"background-color":"var(--ast-global-color-5)","background-image":"","background-repeat":"repeat","background-position":"center center","background-size":"auto","background-attachment":"scroll","background-type":"","background-media":"","overlay-type":"","overlay-color":"","overlay-opacity":"","overlay-gradient":""}}},"product_brand":[],"product_cat":[186],"product_tag":[],"class_list":{"0":"post-7532","1":"product","2":"type-product","3":"status-publish","4":"has-post-thumbnail","6":"product_cat-liecive-kremy-a-masticky","7":"pa_cena-dopravy-367","8":"pa_doprava-zasilkovna","9":"pa_ean-738","10":"pa_typ-partnersky-predaj","11":"pa_znacka-twinstec-911","12":"desktop-align-left","13":"tablet-align-left","14":"mobile-align-left","16":"first","17":"instock","18":"product-type-external"},"yoast_head":"<!-- This site is optimized with the Yoast SEO plugin v27.2 - https:\/\/yoast.com\/product\/yoast-seo-wordpress\/ -->\n<title>Twinstec 911+ NOGTIMICIN \u2013 Kr\u00e9m na nechtov\u00fa plese\u0148 - Twinstec 911 - 30 ml - EKO-BIO-NATURA BIO OBCHOD<\/title>\n<meta name=\"robots\" content=\"index, follow, max-snippet:-1, max-image-preview:large, max-video-preview:-1\" \/>\n<link rel=\"canonical\" href=\"https:\/\/www.eko-bio-natura.sk\/shop\/produkt\/twinstec-911-nogtimicin-krem-na-nechtovu-plesen-twinstec-911-30-ml\/\" \/>\n<meta property=\"og:locale\" content=\"sk_SK\" \/>\n<meta property=\"og:type\" content=\"article\" \/>\n<meta property=\"og:title\" content=\"Twinstec 911+ NOGTIMICIN \u2013 Kr\u00e9m na nechtov\u00fa plese\u0148 - Twinstec 911 - 30 ml - EKO-BIO-NATURA BIO OBCHOD\" \/>\n<meta property=\"og:description\" content=\"N\u00e1vod na pou\u017eitie:&nbsp;Pripravte si roztok teplej vody, mydla a s\u00f3dy. Jeden liter vody &#8211; jedna polievkov\u00e1 ly\u017eica s\u00f3dy.&nbsp; Krok 1. Vlo\u017ete necht do teplej vody s mydlom a s\u00f3dou. Pou\u017eite 1 polievkov\u00fa ly\u017eicu jedlej s\u00f3dy na liter vody. Krok 2. Dajte obv\u00e4z na zdrav\u00fa ko\u017eu okolo nechtu (pre zabr\u00e1nenie kontaktu so zdravou poko\u017ekou). Krok 3. [&hellip;]\" \/>\n<meta property=\"og:url\" content=\"https:\/\/www.eko-bio-natura.sk\/shop\/produkt\/twinstec-911-nogtimicin-krem-na-nechtovu-plesen-twinstec-911-30-ml\/\" \/>\n<meta property=\"og:site_name\" content=\"EKO-BIO-NATURA BIO OBCHOD\" \/>\n<meta property=\"article:modified_time\" content=\"2024-11-08T15:25:35+00:00\" \/>\n<meta property=\"og:image\" content=\"https:\/\/www.eko-bio-natura.sk\/shop\/wp-content\/uploads\/2021\/12\/11822_911-nogtimizin-krem-na-nechty.png\" \/>\n\t<meta property=\"og:image:width\" content=\"600\" \/>\n\t<meta property=\"og:image:height\" content=\"600\" \/>\n\t<meta property=\"og:image:type\" content=\"image\/png\" \/>\n<meta name=\"twitter:card\" content=\"summary_large_image\" \/>\n<meta name=\"twitter:label1\" content=\"Predpokladan\u00fd \u010das \u010d\u00edtania\" \/>\n\t<meta name=\"twitter:data1\" content=\"1 min\u00fata\" \/>\n<script type=\"application\/ld+json\" class=\"yoast-schema-graph\">{\"@context\":\"https:\/\/schema.org\",\"@graph\":[{\"@type\":\"WebPage\",\"@id\":\"https:\/\/www.eko-bio-natura.sk\/shop\/produkt\/twinstec-911-nogtimicin-krem-na-nechtovu-plesen-twinstec-911-30-ml\/\",\"url\":\"https:\/\/www.eko-bio-natura.sk\/shop\/produkt\/twinstec-911-nogtimicin-krem-na-nechtovu-plesen-twinstec-911-30-ml\/\",\"name\":\"Twinstec 911+ NOGTIMICIN \u2013 Kr\u00e9m na nechtov\u00fa plese\u0148 - Twinstec 911 - 30 ml - EKO-BIO-NATURA BIO OBCHOD\",\"isPartOf\":{\"@id\":\"https:\/\/www.eko-bio-natura.sk\/shop\/#website\"},\"primaryImageOfPage\":{\"@id\":\"https:\/\/www.eko-bio-natura.sk\/shop\/produkt\/twinstec-911-nogtimicin-krem-na-nechtovu-plesen-twinstec-911-30-ml\/#primaryimage\"},\"image\":{\"@id\":\"https:\/\/www.eko-bio-natura.sk\/shop\/produkt\/twinstec-911-nogtimicin-krem-na-nechtovu-plesen-twinstec-911-30-ml\/#primaryimage\"},\"thumbnailUrl\":\"https:\/\/www.eko-bio-natura.sk\/shop\/wp-content\/uploads\/2021\/12\/11822_911-nogtimizin-krem-na-nechty.png\",\"datePublished\":\"2021-12-28T17:12:25+00:00\",\"dateModified\":\"2024-11-08T15:25:35+00:00\",\"breadcrumb\":{\"@id\":\"https:\/\/www.eko-bio-natura.sk\/shop\/produkt\/twinstec-911-nogtimicin-krem-na-nechtovu-plesen-twinstec-911-30-ml\/#breadcrumb\"},\"inLanguage\":\"sk-SK\",\"potentialAction\":[{\"@type\":\"ReadAction\",\"target\":[\"https:\/\/www.eko-bio-natura.sk\/shop\/produkt\/twinstec-911-nogtimicin-krem-na-nechtovu-plesen-twinstec-911-30-ml\/\"]}]},{\"@type\":\"ImageObject\",\"inLanguage\":\"sk-SK\",\"@id\":\"https:\/\/www.eko-bio-natura.sk\/shop\/produkt\/twinstec-911-nogtimicin-krem-na-nechtovu-plesen-twinstec-911-30-ml\/#primaryimage\",\"url\":\"https:\/\/www.eko-bio-natura.sk\/shop\/wp-content\/uploads\/2021\/12\/11822_911-nogtimizin-krem-na-nechty.png\",\"contentUrl\":\"https:\/\/www.eko-bio-natura.sk\/shop\/wp-content\/uploads\/2021\/12\/11822_911-nogtimizin-krem-na-nechty.png\",\"width\":600,\"height\":600},{\"@type\":\"BreadcrumbList\",\"@id\":\"https:\/\/www.eko-bio-natura.sk\/shop\/produkt\/twinstec-911-nogtimicin-krem-na-nechtovu-plesen-twinstec-911-30-ml\/#breadcrumb\",\"itemListElement\":[{\"@type\":\"ListItem\",\"position\":1,\"name\":\"Domovsk\u00e1 str\u00e1nka\",\"item\":\"https:\/\/www.eko-bio-natura.sk\/shop\/\"},{\"@type\":\"ListItem\",\"position\":2,\"name\":\"Obchod\",\"item\":\"https:\/\/www.eko-bio-natura.sk\/shop\/?page_id=6\"},{\"@type\":\"ListItem\",\"position\":3,\"name\":\"Twinstec 911+ NOGTIMICIN \u2013 Kr\u00e9m na nechtov\u00fa plese\u0148 &#8211; Twinstec 911 &#8211; 30 ml\"}]},{\"@type\":\"WebSite\",\"@id\":\"https:\/\/www.eko-bio-natura.sk\/shop\/#website\",\"url\":\"https:\/\/www.eko-bio-natura.sk\/shop\/\",\"name\":\"EKO-BIO-NATURA BIO OBCHOD\",\"description\":\"\",\"publisher\":{\"@id\":\"https:\/\/www.eko-bio-natura.sk\/shop\/#organization\"},\"potentialAction\":[{\"@type\":\"SearchAction\",\"target\":{\"@type\":\"EntryPoint\",\"urlTemplate\":\"https:\/\/www.eko-bio-natura.sk\/shop\/?s={search_term_string}\"},\"query-input\":{\"@type\":\"PropertyValueSpecification\",\"valueRequired\":true,\"valueName\":\"search_term_string\"}}],\"inLanguage\":\"sk-SK\"},{\"@type\":\"Organization\",\"@id\":\"https:\/\/www.eko-bio-natura.sk\/shop\/#organization\",\"name\":\"EKO-BIO-NATURA BIO OBCHOD\",\"url\":\"https:\/\/www.eko-bio-natura.sk\/shop\/\",\"logo\":{\"@type\":\"ImageObject\",\"inLanguage\":\"sk-SK\",\"@id\":\"https:\/\/www.eko-bio-natura.sk\/shop\/#\/schema\/logo\/image\/\",\"url\":\"https:\/\/www.eko-bio-natura.sk\/shop\/wp-content\/uploads\/2021\/04\/eko-bio-natura_logo.png\",\"contentUrl\":\"https:\/\/www.eko-bio-natura.sk\/shop\/wp-content\/uploads\/2021\/04\/eko-bio-natura_logo.png\",\"width\":552,\"height\":194,\"caption\":\"EKO-BIO-NATURA BIO OBCHOD\"},\"image\":{\"@id\":\"https:\/\/www.eko-bio-natura.sk\/shop\/#\/schema\/logo\/image\/\"}}]}<\/script>\n<!-- \/ Yoast SEO plugin. -->","yoast_head_json":{"title":"Twinstec 911+ NOGTIMICIN \u2013 Kr\u00e9m na nechtov\u00fa plese\u0148 - Twinstec 911 - 30 ml - EKO-BIO-NATURA BIO OBCHOD","robots":{"index":"index","follow":"follow","max-snippet":"max-snippet:-1","max-image-preview":"max-image-preview:large","max-video-preview":"max-video-preview:-1"},"canonical":"https:\/\/www.eko-bio-natura.sk\/shop\/produkt\/twinstec-911-nogtimicin-krem-na-nechtovu-plesen-twinstec-911-30-ml\/","og_locale":"sk_SK","og_type":"article","og_title":"Twinstec 911+ NOGTIMICIN \u2013 Kr\u00e9m na nechtov\u00fa plese\u0148 - Twinstec 911 - 30 ml - EKO-BIO-NATURA BIO OBCHOD","og_description":"N\u00e1vod na pou\u017eitie:&nbsp;Pripravte si roztok teplej vody, mydla a s\u00f3dy. Jeden liter vody &#8211; jedna polievkov\u00e1 ly\u017eica s\u00f3dy.&nbsp; Krok 1. Vlo\u017ete necht do teplej vody s mydlom a s\u00f3dou. Pou\u017eite 1 polievkov\u00fa ly\u017eicu jedlej s\u00f3dy na liter vody. Krok 2. Dajte obv\u00e4z na zdrav\u00fa ko\u017eu okolo nechtu (pre zabr\u00e1nenie kontaktu so zdravou poko\u017ekou). Krok 3. [&hellip;]","og_url":"https:\/\/www.eko-bio-natura.sk\/shop\/produkt\/twinstec-911-nogtimicin-krem-na-nechtovu-plesen-twinstec-911-30-ml\/","og_site_name":"EKO-BIO-NATURA BIO OBCHOD","article_modified_time":"2024-11-08T15:25:35+00:00","og_image":[{"width":600,"height":600,"url":"https:\/\/www.eko-bio-natura.sk\/shop\/wp-content\/uploads\/2021\/12\/11822_911-nogtimizin-krem-na-nechty.png","type":"image\/png"}],"twitter_card":"summary_large_image","twitter_misc":{"Predpokladan\u00fd \u010das \u010d\u00edtania":"1 min\u00fata"},"schema":{"@context":"https:\/\/schema.org","@graph":[{"@type":"WebPage","@id":"https:\/\/www.eko-bio-natura.sk\/shop\/produkt\/twinstec-911-nogtimicin-krem-na-nechtovu-plesen-twinstec-911-30-ml\/","url":"https:\/\/www.eko-bio-natura.sk\/shop\/produkt\/twinstec-911-nogtimicin-krem-na-nechtovu-plesen-twinstec-911-30-ml\/","name":"Twinstec 911+ NOGTIMICIN \u2013 Kr\u00e9m na nechtov\u00fa plese\u0148 - Twinstec 911 - 30 ml - EKO-BIO-NATURA BIO OBCHOD","isPartOf":{"@id":"https:\/\/www.eko-bio-natura.sk\/shop\/#website"},"primaryImageOfPage":{"@id":"https:\/\/www.eko-bio-natura.sk\/shop\/produkt\/twinstec-911-nogtimicin-krem-na-nechtovu-plesen-twinstec-911-30-ml\/#primaryimage"},"image":{"@id":"https:\/\/www.eko-bio-natura.sk\/shop\/produkt\/twinstec-911-nogtimicin-krem-na-nechtovu-plesen-twinstec-911-30-ml\/#primaryimage"},"thumbnailUrl":"https:\/\/www.eko-bio-natura.sk\/shop\/wp-content\/uploads\/2021\/12\/11822_911-nogtimizin-krem-na-nechty.png","datePublished":"2021-12-28T17:12:25+00:00","dateModified":"2024-11-08T15:25:35+00:00","breadcrumb":{"@id":"https:\/\/www.eko-bio-natura.sk\/shop\/produkt\/twinstec-911-nogtimicin-krem-na-nechtovu-plesen-twinstec-911-30-ml\/#breadcrumb"},"inLanguage":"sk-SK","potentialAction":[{"@type":"ReadAction","target":["https:\/\/www.eko-bio-natura.sk\/shop\/produkt\/twinstec-911-nogtimicin-krem-na-nechtovu-plesen-twinstec-911-30-ml\/"]}]},{"@type":"ImageObject","inLanguage":"sk-SK","@id":"https:\/\/www.eko-bio-natura.sk\/shop\/produkt\/twinstec-911-nogtimicin-krem-na-nechtovu-plesen-twinstec-911-30-ml\/#primaryimage","url":"https:\/\/www.eko-bio-natura.sk\/shop\/wp-content\/uploads\/2021\/12\/11822_911-nogtimizin-krem-na-nechty.png","contentUrl":"https:\/\/www.eko-bio-natura.sk\/shop\/wp-content\/uploads\/2021\/12\/11822_911-nogtimizin-krem-na-nechty.png","width":600,"height":600},{"@type":"BreadcrumbList","@id":"https:\/\/www.eko-bio-natura.sk\/shop\/produkt\/twinstec-911-nogtimicin-krem-na-nechtovu-plesen-twinstec-911-30-ml\/#breadcrumb","itemListElement":[{"@type":"ListItem","position":1,"name":"Domovsk\u00e1 str\u00e1nka","item":"https:\/\/www.eko-bio-natura.sk\/shop\/"},{"@type":"ListItem","position":2,"name":"Obchod","item":"https:\/\/www.eko-bio-natura.sk\/shop\/?page_id=6"},{"@type":"ListItem","position":3,"name":"Twinstec 911+ NOGTIMICIN \u2013 Kr\u00e9m na nechtov\u00fa plese\u0148 &#8211; Twinstec 911 &#8211; 30 ml"}]},{"@type":"WebSite","@id":"https:\/\/www.eko-bio-natura.sk\/shop\/#website","url":"https:\/\/www.eko-bio-natura.sk\/shop\/","name":"EKO-BIO-NATURA BIO OBCHOD","description":"","publisher":{"@id":"https:\/\/www.eko-bio-natura.sk\/shop\/#organization"},"potentialAction":[{"@type":"SearchAction","target":{"@type":"EntryPoint","urlTemplate":"https:\/\/www.eko-bio-natura.sk\/shop\/?s={search_term_string}"},"query-input":{"@type":"PropertyValueSpecification","valueRequired":true,"valueName":"search_term_string"}}],"inLanguage":"sk-SK"},{"@type":"Organization","@id":"https:\/\/www.eko-bio-natura.sk\/shop\/#organization","name":"EKO-BIO-NATURA BIO OBCHOD","url":"https:\/\/www.eko-bio-natura.sk\/shop\/","logo":{"@type":"ImageObject","inLanguage":"sk-SK","@id":"https:\/\/www.eko-bio-natura.sk\/shop\/#\/schema\/logo\/image\/","url":"https:\/\/www.eko-bio-natura.sk\/shop\/wp-content\/uploads\/2021\/04\/eko-bio-natura_logo.png","contentUrl":"https:\/\/www.eko-bio-natura.sk\/shop\/wp-content\/uploads\/2021\/04\/eko-bio-natura_logo.png","width":552,"height":194,"caption":"EKO-BIO-NATURA BIO OBCHOD"},"image":{"@id":"https:\/\/www.eko-bio-natura.sk\/shop\/#\/schema\/logo\/image\/"}}]}},"_links":{"self":[{"href":"https:\/\/www.eko-bio-natura.sk\/shop\/wp-json\/wp\/v2\/product\/7532","targetHints":{"allow":["GET"]}}],"collection":[{"href":"https:\/\/www.eko-bio-natura.sk\/shop\/wp-json\/wp\/v2\/product"}],"about":[{"href":"https:\/\/www.eko-bio-natura.sk\/shop\/wp-json\/wp\/v2\/types\/product"}],"replies":[{"embeddable":true,"href":"https:\/\/www.eko-bio-natura.sk\/shop\/wp-json\/wp\/v2\/comments?post=7532"}],"wp:featuredmedia":[{"embeddable":true,"href":"https:\/\/www.eko-bio-natura.sk\/shop\/wp-json\/wp\/v2\/media\/7533"}],"wp:attachment":[{"href":"https:\/\/www.eko-bio-natura.sk\/shop\/wp-json\/wp\/v2\/media?parent=7532"}],"wp:term":[{"taxonomy":"product_brand","embeddable":true,"href":"https:\/\/www.eko-bio-natura.sk\/shop\/wp-json\/wp\/v2\/product_brand?post=7532"},{"taxonomy":"product_cat","embeddable":true,"href":"https:\/\/www.eko-bio-natura.sk\/shop\/wp-json\/wp\/v2\/product_cat?post=7532"},{"taxonomy":"product_tag","embeddable":true,"href":"https:\/\/www.eko-bio-natura.sk\/shop\/wp-json\/wp\/v2\/product_tag?post=7532"}],"curies":[{"name":"wp","href":"https:\/\/api.w.org\/{rel}","templated":true}]}}