{"id":7524,"date":"2021-12-28T18:12:00","date_gmt":"2021-12-28T17:12:00","guid":{"rendered":"https:\/\/www.eko-bio-natura.sk\/shop\/index.php\/produkt\/cedrovy-olej-v-kapsuliach-60-kapsul-bio-kruh-330-mg\/"},"modified":"2021-12-28T18:12:09","modified_gmt":"2021-12-28T17:12:09","slug":"cedrovy-olej-v-kapsuliach-60-kapsul-bio-kruh-330-mg","status":"publish","type":"product","link":"https:\/\/www.eko-bio-natura.sk\/shop\/produkt\/cedrovy-olej-v-kapsuliach-60-kapsul-bio-kruh-330-mg\/","title":{"rendered":"C\u00e9drov\u00fd olej v kapsuliach &#8211; 60 kaps\u00fal &#8211; BIO KRUH &#8211; (330 mg)"},"content":{"rendered":"<h2 id=\"id5c\" class=\"op-desc\" aria-label=\"Popis produktu\"><span style=\"font-family: verdana, geneva; font-size: 12pt;\">Vitam\u00edn E obsiahnut\u00fd v c\u00e9drovom oleji m\u00e1 <strong>vysok\u00fa fyziologick\u00fa a antioxida\u010dn\u00fa aktivitu<\/strong>.&nbsp;Z klinick\u00fdch pozorovan\u00ed je zn\u00e1my <strong>pozit\u00edvny \u00fa\u010dinok vitam\u00ednu E na funkciu pohlavn\u00fdch \u017eliaz, zv\u00fd\u0161en\u00fd v\u00fdkon.<\/strong>&nbsp;Mastn\u00e9 kyseliny, ktor\u00e9 tvoria c\u00e9drov\u00fd olej, najm\u00e4 kyselinu linolov\u00fa, ktor\u00e1 nie je syntetizovan\u00e1 v \u013eudskom tele, maj\u00fa normaliza\u010dn\u00fd \u00fa\u010dinok na steny krvn\u00fdch ciev, zvy\u0161uj\u00fa ich plasticitu a zni\u017euj\u00fa permeabilitu a maj\u00fa tie\u017e protiklerotick\u00fd \u00fa\u010dinok. Pom\u00e1ha pri boji s dermatologick\u00fdmi ochoreniami a p\u00f4sob\u00ed prevent\u00edvne proti psori\u00e1ze a seborey.<\/span><\/h2>\n<p><span style=\"font-family: verdana, geneva; font-size: 12pt;\"><span><strong>Sp\u00f4sob pou\u017eitia:<\/strong> Dospel\u00ed a deti od 14 rokov u\u017e\u00edvaj\u00fa obvykle 2 kapsuly 1-3 denne spolu s jedlom. K\u00fara trv\u00e1 1 mesiac (balenie zodpoved\u00e1 mesa\u010dnej k\u00fare pri u\u017e\u00edvan\u00ed 2 kaps\u00fal 1x denne). K\u00faru mo\u017eno v priebehu roka opakova\u0165 2x.<\/span><\/span><\/p>\n<p><span style=\"font-family: verdana, geneva; font-size: 12pt;\"><strong>Obsah<\/strong>:&nbsp;60 kaps\u00fal (330 mg)<\/span><\/p>\n<p><span style=\"font-family: verdana, geneva; font-size: 12pt;\"><strong>Krajina p\u00f4vodu:<\/strong> Rusko<\/span><\/p>\n<h2 class=\"op-desc\" aria-label=\"Popis produktu\"><span style=\"font-family: verdana, geneva; font-size: 12pt;\"><strong>Zlo\u017eenie<\/strong>: c\u00e9drov\u00fd olej, \u0161krupina (\u017eelat\u00edna, glycer\u00edn (plastifik\u00e1tor), voda), vitam\u00edn E.<\/span><\/h2>\n<p><span style=\"font-family: verdana, geneva; font-size: 12pt;\"><span>Tr\u00e1pi V\u00e1s psori\u00e1za? Podrobne sme sa tejto t\u00e9me venovali v komplexnom a <a href=\"https:\/\/www.herbatica.sk\/blog\/co-je-psoriaza-a-lupienka-priznaky-liecba\/\">odbornom \u010dl\u00e1nku<\/a>, ktor\u00fd n\u00e1m nap\u00edsala PhDr. Mgr. Eva Medveck\u00e1, PhD., DiS.<\/span><\/span><\/p>\n","protected":false},"excerpt":{"rendered":"<p>Vitam\u00edn E obsiahnut\u00fd v c\u00e9drovom oleji m\u00e1 vysok\u00fa fyziologick\u00fa a antioxida\u010dn\u00fa aktivitu.&nbsp;Z klinick\u00fdch pozorovan\u00ed je zn\u00e1my pozit\u00edvny \u00fa\u010dinok vitam\u00ednu E na funkciu pohlavn\u00fdch \u017eliaz, zv\u00fd\u0161en\u00fd v\u00fdkon.&nbsp;Mastn\u00e9 kyseliny, ktor\u00e9 tvoria c\u00e9drov\u00fd olej, najm\u00e4 kyselinu linolov\u00fa, ktor\u00e1 nie je syntetizovan\u00e1 v \u013eudskom tele, maj\u00fa normaliza\u010dn\u00fd \u00fa\u010dinok na steny krvn\u00fdch ciev, zvy\u0161uj\u00fa ich plasticitu a zni\u017euj\u00fa permeabilitu a [&hellip;]<\/p>\n","protected":false},"featured_media":7525,"comment_status":"open","ping_status":"open","template":"","meta":{"site-sidebar-layout":"default","site-content-layout":"","ast-site-content-layout":"default","site-content-style":"default","site-sidebar-style":"default","ast-global-header-display":"","ast-banner-title-visibility":"","ast-main-header-display":"","ast-hfb-above-header-display":"","ast-hfb-below-header-display":"","ast-hfb-mobile-header-display":"","site-post-title":"","ast-breadcrumbs-content":"","ast-featured-img":"","footer-sml-layout":"","ast-disable-related-posts":"","theme-transparent-header-meta":"","adv-header-id-meta":"","stick-header-meta":"","header-above-stick-meta":"","header-main-stick-meta":"","header-below-stick-meta":"","astra-migrate-meta-layouts":"default","ast-page-background-enabled":"default","ast-page-background-meta":{"desktop":{"background-color":"","background-image":"","background-repeat":"repeat","background-position":"center center","background-size":"auto","background-attachment":"scroll","background-type":"","background-media":"","overlay-type":"","overlay-color":"","overlay-opacity":"","overlay-gradient":""},"tablet":{"background-color":"","background-image":"","background-repeat":"repeat","background-position":"center center","background-size":"auto","background-attachment":"scroll","background-type":"","background-media":"","overlay-type":"","overlay-color":"","overlay-opacity":"","overlay-gradient":""},"mobile":{"background-color":"","background-image":"","background-repeat":"repeat","background-position":"center center","background-size":"auto","background-attachment":"scroll","background-type":"","background-media":"","overlay-type":"","overlay-color":"","overlay-opacity":"","overlay-gradient":""}},"ast-content-background-meta":{"desktop":{"background-color":"var(--ast-global-color-5)","background-image":"","background-repeat":"repeat","background-position":"center center","background-size":"auto","background-attachment":"scroll","background-type":"","background-media":"","overlay-type":"","overlay-color":"","overlay-opacity":"","overlay-gradient":""},"tablet":{"background-color":"var(--ast-global-color-5)","background-image":"","background-repeat":"repeat","background-position":"center center","background-size":"auto","background-attachment":"scroll","background-type":"","background-media":"","overlay-type":"","overlay-color":"","overlay-opacity":"","overlay-gradient":""},"mobile":{"background-color":"var(--ast-global-color-5)","background-image":"","background-repeat":"repeat","background-position":"center center","background-size":"auto","background-attachment":"scroll","background-type":"","background-media":"","overlay-type":"","overlay-color":"","overlay-opacity":"","overlay-gradient":""}}},"product_brand":[],"product_cat":[203],"product_tag":[],"class_list":{"0":"post-7524","1":"product","2":"type-product","3":"status-publish","4":"has-post-thumbnail","6":"product_cat-alergia-a-imunita","7":"pa_cena-dopravy-367","8":"pa_doprava-zasilkovna","9":"pa_ean-710","10":"pa_typ-partnersky-predaj","11":"pa_znacka-bio-kruh","12":"desktop-align-left","13":"tablet-align-left","14":"mobile-align-left","16":"first","17":"instock","18":"product-type-external"},"yoast_head":"<!-- This site is optimized with the Yoast SEO plugin v27.2 - https:\/\/yoast.com\/product\/yoast-seo-wordpress\/ -->\n<title>C\u00e9drov\u00fd olej v kapsuliach - 60 kaps\u00fal - BIO KRUH - (330 mg) - EKO-BIO-NATURA BIO OBCHOD<\/title>\n<meta name=\"robots\" content=\"index, follow, max-snippet:-1, max-image-preview:large, max-video-preview:-1\" \/>\n<link rel=\"canonical\" href=\"https:\/\/www.eko-bio-natura.sk\/shop\/produkt\/cedrovy-olej-v-kapsuliach-60-kapsul-bio-kruh-330-mg\/\" \/>\n<meta property=\"og:locale\" content=\"sk_SK\" \/>\n<meta property=\"og:type\" content=\"article\" \/>\n<meta property=\"og:title\" content=\"C\u00e9drov\u00fd olej v kapsuliach - 60 kaps\u00fal - BIO KRUH - (330 mg) - EKO-BIO-NATURA BIO OBCHOD\" \/>\n<meta property=\"og:description\" content=\"Vitam\u00edn E obsiahnut\u00fd v c\u00e9drovom oleji m\u00e1 vysok\u00fa fyziologick\u00fa a antioxida\u010dn\u00fa aktivitu.&nbsp;Z klinick\u00fdch pozorovan\u00ed je zn\u00e1my pozit\u00edvny \u00fa\u010dinok vitam\u00ednu E na funkciu pohlavn\u00fdch \u017eliaz, zv\u00fd\u0161en\u00fd v\u00fdkon.&nbsp;Mastn\u00e9 kyseliny, ktor\u00e9 tvoria c\u00e9drov\u00fd olej, najm\u00e4 kyselinu linolov\u00fa, ktor\u00e1 nie je syntetizovan\u00e1 v \u013eudskom tele, maj\u00fa normaliza\u010dn\u00fd \u00fa\u010dinok na steny krvn\u00fdch ciev, zvy\u0161uj\u00fa ich plasticitu a zni\u017euj\u00fa permeabilitu a [&hellip;]\" \/>\n<meta property=\"og:url\" content=\"https:\/\/www.eko-bio-natura.sk\/shop\/produkt\/cedrovy-olej-v-kapsuliach-60-kapsul-bio-kruh-330-mg\/\" \/>\n<meta property=\"og:site_name\" content=\"EKO-BIO-NATURA BIO OBCHOD\" \/>\n<meta property=\"article:modified_time\" content=\"2021-12-28T17:12:09+00:00\" \/>\n<meta property=\"og:image\" content=\"https:\/\/www.eko-bio-natura.sk\/shop\/wp-content\/uploads\/2021\/12\/11672_cedrovy-olej-v-kapsuliach-60-kapsul-bio-kruh-330-mg.jpg\" \/>\n\t<meta property=\"og:image:width\" content=\"747\" \/>\n\t<meta property=\"og:image:height\" content=\"534\" \/>\n\t<meta property=\"og:image:type\" content=\"image\/jpeg\" \/>\n<meta name=\"twitter:card\" content=\"summary_large_image\" \/>\n<meta name=\"twitter:label1\" content=\"Predpokladan\u00fd \u010das \u010d\u00edtania\" \/>\n\t<meta name=\"twitter:data1\" content=\"1 min\u00fata\" \/>\n<script type=\"application\/ld+json\" class=\"yoast-schema-graph\">{\"@context\":\"https:\/\/schema.org\",\"@graph\":[{\"@type\":\"WebPage\",\"@id\":\"https:\/\/www.eko-bio-natura.sk\/shop\/produkt\/cedrovy-olej-v-kapsuliach-60-kapsul-bio-kruh-330-mg\/\",\"url\":\"https:\/\/www.eko-bio-natura.sk\/shop\/produkt\/cedrovy-olej-v-kapsuliach-60-kapsul-bio-kruh-330-mg\/\",\"name\":\"C\u00e9drov\u00fd olej v kapsuliach - 60 kaps\u00fal - BIO KRUH - (330 mg) - EKO-BIO-NATURA BIO OBCHOD\",\"isPartOf\":{\"@id\":\"https:\/\/www.eko-bio-natura.sk\/shop\/#website\"},\"primaryImageOfPage\":{\"@id\":\"https:\/\/www.eko-bio-natura.sk\/shop\/produkt\/cedrovy-olej-v-kapsuliach-60-kapsul-bio-kruh-330-mg\/#primaryimage\"},\"image\":{\"@id\":\"https:\/\/www.eko-bio-natura.sk\/shop\/produkt\/cedrovy-olej-v-kapsuliach-60-kapsul-bio-kruh-330-mg\/#primaryimage\"},\"thumbnailUrl\":\"https:\/\/www.eko-bio-natura.sk\/shop\/wp-content\/uploads\/2021\/12\/11672_cedrovy-olej-v-kapsuliach-60-kapsul-bio-kruh-330-mg.jpg\",\"datePublished\":\"2021-12-28T17:12:00+00:00\",\"dateModified\":\"2021-12-28T17:12:09+00:00\",\"breadcrumb\":{\"@id\":\"https:\/\/www.eko-bio-natura.sk\/shop\/produkt\/cedrovy-olej-v-kapsuliach-60-kapsul-bio-kruh-330-mg\/#breadcrumb\"},\"inLanguage\":\"sk-SK\",\"potentialAction\":[{\"@type\":\"ReadAction\",\"target\":[\"https:\/\/www.eko-bio-natura.sk\/shop\/produkt\/cedrovy-olej-v-kapsuliach-60-kapsul-bio-kruh-330-mg\/\"]}]},{\"@type\":\"ImageObject\",\"inLanguage\":\"sk-SK\",\"@id\":\"https:\/\/www.eko-bio-natura.sk\/shop\/produkt\/cedrovy-olej-v-kapsuliach-60-kapsul-bio-kruh-330-mg\/#primaryimage\",\"url\":\"https:\/\/www.eko-bio-natura.sk\/shop\/wp-content\/uploads\/2021\/12\/11672_cedrovy-olej-v-kapsuliach-60-kapsul-bio-kruh-330-mg.jpg\",\"contentUrl\":\"https:\/\/www.eko-bio-natura.sk\/shop\/wp-content\/uploads\/2021\/12\/11672_cedrovy-olej-v-kapsuliach-60-kapsul-bio-kruh-330-mg.jpg\",\"width\":747,\"height\":534},{\"@type\":\"BreadcrumbList\",\"@id\":\"https:\/\/www.eko-bio-natura.sk\/shop\/produkt\/cedrovy-olej-v-kapsuliach-60-kapsul-bio-kruh-330-mg\/#breadcrumb\",\"itemListElement\":[{\"@type\":\"ListItem\",\"position\":1,\"name\":\"Domovsk\u00e1 str\u00e1nka\",\"item\":\"https:\/\/www.eko-bio-natura.sk\/shop\/\"},{\"@type\":\"ListItem\",\"position\":2,\"name\":\"Obchod\",\"item\":\"https:\/\/www.eko-bio-natura.sk\/shop\/?page_id=6\"},{\"@type\":\"ListItem\",\"position\":3,\"name\":\"C\u00e9drov\u00fd olej v kapsuliach &#8211; 60 kaps\u00fal &#8211; BIO KRUH &#8211; (330 mg)\"}]},{\"@type\":\"WebSite\",\"@id\":\"https:\/\/www.eko-bio-natura.sk\/shop\/#website\",\"url\":\"https:\/\/www.eko-bio-natura.sk\/shop\/\",\"name\":\"EKO-BIO-NATURA BIO OBCHOD\",\"description\":\"\",\"publisher\":{\"@id\":\"https:\/\/www.eko-bio-natura.sk\/shop\/#organization\"},\"potentialAction\":[{\"@type\":\"SearchAction\",\"target\":{\"@type\":\"EntryPoint\",\"urlTemplate\":\"https:\/\/www.eko-bio-natura.sk\/shop\/?s={search_term_string}\"},\"query-input\":{\"@type\":\"PropertyValueSpecification\",\"valueRequired\":true,\"valueName\":\"search_term_string\"}}],\"inLanguage\":\"sk-SK\"},{\"@type\":\"Organization\",\"@id\":\"https:\/\/www.eko-bio-natura.sk\/shop\/#organization\",\"name\":\"EKO-BIO-NATURA BIO OBCHOD\",\"url\":\"https:\/\/www.eko-bio-natura.sk\/shop\/\",\"logo\":{\"@type\":\"ImageObject\",\"inLanguage\":\"sk-SK\",\"@id\":\"https:\/\/www.eko-bio-natura.sk\/shop\/#\/schema\/logo\/image\/\",\"url\":\"https:\/\/www.eko-bio-natura.sk\/shop\/wp-content\/uploads\/2021\/04\/eko-bio-natura_logo.png\",\"contentUrl\":\"https:\/\/www.eko-bio-natura.sk\/shop\/wp-content\/uploads\/2021\/04\/eko-bio-natura_logo.png\",\"width\":552,\"height\":194,\"caption\":\"EKO-BIO-NATURA BIO OBCHOD\"},\"image\":{\"@id\":\"https:\/\/www.eko-bio-natura.sk\/shop\/#\/schema\/logo\/image\/\"}}]}<\/script>\n<!-- \/ Yoast SEO plugin. -->","yoast_head_json":{"title":"C\u00e9drov\u00fd olej v kapsuliach - 60 kaps\u00fal - BIO KRUH - (330 mg) - EKO-BIO-NATURA BIO OBCHOD","robots":{"index":"index","follow":"follow","max-snippet":"max-snippet:-1","max-image-preview":"max-image-preview:large","max-video-preview":"max-video-preview:-1"},"canonical":"https:\/\/www.eko-bio-natura.sk\/shop\/produkt\/cedrovy-olej-v-kapsuliach-60-kapsul-bio-kruh-330-mg\/","og_locale":"sk_SK","og_type":"article","og_title":"C\u00e9drov\u00fd olej v kapsuliach - 60 kaps\u00fal - BIO KRUH - (330 mg) - EKO-BIO-NATURA BIO OBCHOD","og_description":"Vitam\u00edn E obsiahnut\u00fd v c\u00e9drovom oleji m\u00e1 vysok\u00fa fyziologick\u00fa a antioxida\u010dn\u00fa aktivitu.&nbsp;Z klinick\u00fdch pozorovan\u00ed je zn\u00e1my pozit\u00edvny \u00fa\u010dinok vitam\u00ednu E na funkciu pohlavn\u00fdch \u017eliaz, zv\u00fd\u0161en\u00fd v\u00fdkon.&nbsp;Mastn\u00e9 kyseliny, ktor\u00e9 tvoria c\u00e9drov\u00fd olej, najm\u00e4 kyselinu linolov\u00fa, ktor\u00e1 nie je syntetizovan\u00e1 v \u013eudskom tele, maj\u00fa normaliza\u010dn\u00fd \u00fa\u010dinok na steny krvn\u00fdch ciev, zvy\u0161uj\u00fa ich plasticitu a zni\u017euj\u00fa permeabilitu a [&hellip;]","og_url":"https:\/\/www.eko-bio-natura.sk\/shop\/produkt\/cedrovy-olej-v-kapsuliach-60-kapsul-bio-kruh-330-mg\/","og_site_name":"EKO-BIO-NATURA BIO OBCHOD","article_modified_time":"2021-12-28T17:12:09+00:00","og_image":[{"width":747,"height":534,"url":"https:\/\/www.eko-bio-natura.sk\/shop\/wp-content\/uploads\/2021\/12\/11672_cedrovy-olej-v-kapsuliach-60-kapsul-bio-kruh-330-mg.jpg","type":"image\/jpeg"}],"twitter_card":"summary_large_image","twitter_misc":{"Predpokladan\u00fd \u010das \u010d\u00edtania":"1 min\u00fata"},"schema":{"@context":"https:\/\/schema.org","@graph":[{"@type":"WebPage","@id":"https:\/\/www.eko-bio-natura.sk\/shop\/produkt\/cedrovy-olej-v-kapsuliach-60-kapsul-bio-kruh-330-mg\/","url":"https:\/\/www.eko-bio-natura.sk\/shop\/produkt\/cedrovy-olej-v-kapsuliach-60-kapsul-bio-kruh-330-mg\/","name":"C\u00e9drov\u00fd olej v kapsuliach - 60 kaps\u00fal - BIO KRUH - (330 mg) - EKO-BIO-NATURA BIO OBCHOD","isPartOf":{"@id":"https:\/\/www.eko-bio-natura.sk\/shop\/#website"},"primaryImageOfPage":{"@id":"https:\/\/www.eko-bio-natura.sk\/shop\/produkt\/cedrovy-olej-v-kapsuliach-60-kapsul-bio-kruh-330-mg\/#primaryimage"},"image":{"@id":"https:\/\/www.eko-bio-natura.sk\/shop\/produkt\/cedrovy-olej-v-kapsuliach-60-kapsul-bio-kruh-330-mg\/#primaryimage"},"thumbnailUrl":"https:\/\/www.eko-bio-natura.sk\/shop\/wp-content\/uploads\/2021\/12\/11672_cedrovy-olej-v-kapsuliach-60-kapsul-bio-kruh-330-mg.jpg","datePublished":"2021-12-28T17:12:00+00:00","dateModified":"2021-12-28T17:12:09+00:00","breadcrumb":{"@id":"https:\/\/www.eko-bio-natura.sk\/shop\/produkt\/cedrovy-olej-v-kapsuliach-60-kapsul-bio-kruh-330-mg\/#breadcrumb"},"inLanguage":"sk-SK","potentialAction":[{"@type":"ReadAction","target":["https:\/\/www.eko-bio-natura.sk\/shop\/produkt\/cedrovy-olej-v-kapsuliach-60-kapsul-bio-kruh-330-mg\/"]}]},{"@type":"ImageObject","inLanguage":"sk-SK","@id":"https:\/\/www.eko-bio-natura.sk\/shop\/produkt\/cedrovy-olej-v-kapsuliach-60-kapsul-bio-kruh-330-mg\/#primaryimage","url":"https:\/\/www.eko-bio-natura.sk\/shop\/wp-content\/uploads\/2021\/12\/11672_cedrovy-olej-v-kapsuliach-60-kapsul-bio-kruh-330-mg.jpg","contentUrl":"https:\/\/www.eko-bio-natura.sk\/shop\/wp-content\/uploads\/2021\/12\/11672_cedrovy-olej-v-kapsuliach-60-kapsul-bio-kruh-330-mg.jpg","width":747,"height":534},{"@type":"BreadcrumbList","@id":"https:\/\/www.eko-bio-natura.sk\/shop\/produkt\/cedrovy-olej-v-kapsuliach-60-kapsul-bio-kruh-330-mg\/#breadcrumb","itemListElement":[{"@type":"ListItem","position":1,"name":"Domovsk\u00e1 str\u00e1nka","item":"https:\/\/www.eko-bio-natura.sk\/shop\/"},{"@type":"ListItem","position":2,"name":"Obchod","item":"https:\/\/www.eko-bio-natura.sk\/shop\/?page_id=6"},{"@type":"ListItem","position":3,"name":"C\u00e9drov\u00fd olej v kapsuliach &#8211; 60 kaps\u00fal &#8211; BIO KRUH &#8211; (330 mg)"}]},{"@type":"WebSite","@id":"https:\/\/www.eko-bio-natura.sk\/shop\/#website","url":"https:\/\/www.eko-bio-natura.sk\/shop\/","name":"EKO-BIO-NATURA BIO OBCHOD","description":"","publisher":{"@id":"https:\/\/www.eko-bio-natura.sk\/shop\/#organization"},"potentialAction":[{"@type":"SearchAction","target":{"@type":"EntryPoint","urlTemplate":"https:\/\/www.eko-bio-natura.sk\/shop\/?s={search_term_string}"},"query-input":{"@type":"PropertyValueSpecification","valueRequired":true,"valueName":"search_term_string"}}],"inLanguage":"sk-SK"},{"@type":"Organization","@id":"https:\/\/www.eko-bio-natura.sk\/shop\/#organization","name":"EKO-BIO-NATURA BIO OBCHOD","url":"https:\/\/www.eko-bio-natura.sk\/shop\/","logo":{"@type":"ImageObject","inLanguage":"sk-SK","@id":"https:\/\/www.eko-bio-natura.sk\/shop\/#\/schema\/logo\/image\/","url":"https:\/\/www.eko-bio-natura.sk\/shop\/wp-content\/uploads\/2021\/04\/eko-bio-natura_logo.png","contentUrl":"https:\/\/www.eko-bio-natura.sk\/shop\/wp-content\/uploads\/2021\/04\/eko-bio-natura_logo.png","width":552,"height":194,"caption":"EKO-BIO-NATURA BIO OBCHOD"},"image":{"@id":"https:\/\/www.eko-bio-natura.sk\/shop\/#\/schema\/logo\/image\/"}}]}},"_links":{"self":[{"href":"https:\/\/www.eko-bio-natura.sk\/shop\/wp-json\/wp\/v2\/product\/7524","targetHints":{"allow":["GET"]}}],"collection":[{"href":"https:\/\/www.eko-bio-natura.sk\/shop\/wp-json\/wp\/v2\/product"}],"about":[{"href":"https:\/\/www.eko-bio-natura.sk\/shop\/wp-json\/wp\/v2\/types\/product"}],"replies":[{"embeddable":true,"href":"https:\/\/www.eko-bio-natura.sk\/shop\/wp-json\/wp\/v2\/comments?post=7524"}],"wp:featuredmedia":[{"embeddable":true,"href":"https:\/\/www.eko-bio-natura.sk\/shop\/wp-json\/wp\/v2\/media\/7525"}],"wp:attachment":[{"href":"https:\/\/www.eko-bio-natura.sk\/shop\/wp-json\/wp\/v2\/media?parent=7524"}],"wp:term":[{"taxonomy":"product_brand","embeddable":true,"href":"https:\/\/www.eko-bio-natura.sk\/shop\/wp-json\/wp\/v2\/product_brand?post=7524"},{"taxonomy":"product_cat","embeddable":true,"href":"https:\/\/www.eko-bio-natura.sk\/shop\/wp-json\/wp\/v2\/product_cat?post=7524"},{"taxonomy":"product_tag","embeddable":true,"href":"https:\/\/www.eko-bio-natura.sk\/shop\/wp-json\/wp\/v2\/product_tag?post=7524"}],"curies":[{"name":"wp","href":"https:\/\/api.w.org\/{rel}","templated":true}]}}