{"id":7520,"date":"2021-12-28T18:12:00","date_gmt":"2021-12-28T17:12:00","guid":{"rendered":"https:\/\/www.eko-bio-natura.sk\/shop\/index.php\/produkt\/krem-na-expertnu-vyzivu-vo-dne-i-v-noci-babicka-agafia-100-ml\/"},"modified":"2021-12-28T18:12:07","modified_gmt":"2021-12-28T17:12:07","slug":"krem-na-expertnu-vyzivu-vo-dne-i-v-noci-babicka-agafia-100-ml","status":"publish","type":"product","link":"https:\/\/www.eko-bio-natura.sk\/shop\/produkt\/krem-na-expertnu-vyzivu-vo-dne-i-v-noci-babicka-agafia-100-ml\/","title":{"rendered":"Kr\u00e9m na expertn\u00fa v\u00fd\u017eivu vo dne i v noci &#8211; Babi\u010dka Agafia &#8211; 100 ml"},"content":{"rendered":"<p><span style=\"font-family: verdana, geneva; font-size: 12pt;\">Denn\u00fd a no\u010dn\u00fd v\u00fd\u017eivn\u00fd ple\u0165ov\u00fd kr\u00e9m Babi\u010dka Agafia s obsahom altai rakytn\u00edkov\u00fdm olejom, extraktom z alpsk\u00fdch avens a komplexom nenas\u00fdten\u00fdch mastn\u00fdch kysel\u00edn (omega-3, omega-6 a omega-9). Vhodn\u00fd pre v\u0161etky typy pleti.<\/span><\/p>\n<p><span style=\"font-family: verdana, geneva; font-size: 12pt;\">Du\u00e1lny kr\u00e9m na tv\u00e1r m\u00e1 ultra\u013eahk\u00fa text\u00faru. Kombinuje \u00fa\u010dinky denn\u00e9ho kr\u00e9mu a no\u010dn\u00e9ho kr\u00e9mu, star\u00e1 sa o va\u0161u poko\u017eku 24 hod\u00edn denne a poskytuje okam\u017eit\u00fd, zrete\u013en\u00fd \u00fa\u010dinok vo viacer\u00fdch smeroch &#8211; nahr\u00e1dza denn\u00fd aj no\u010dn\u00fd kr\u00e9m, chr\u00e1ni poko\u017eku a z\u00e1rove\u0148 jej poskytuje v\u00fd\u017eivn\u00e9 l\u00e1tky, ktor\u00e9 potrebuje.<\/span><\/p>\n<p><span style=\"font-family: verdana, geneva; font-size: 12pt;\"><strong>Akt\u00edvne l\u00e1tky:<\/strong> <\/span><\/p>\n<p><span style=\"font-family: verdana, geneva; font-size: 12pt;\"><strong>Olej z rakytn\u00edka<\/strong> rakytn\u00edka obsiahnut\u00fd v kr\u00e9me m\u00e1 v\u00fdrazn\u00fd antioxida\u010dn\u00fd a povzbudzuj\u00faci \u00fa\u010dinok na poko\u017eku. Dod\u00e1va poko\u017eke v\u00fd\u017eivn\u00e9 l\u00e1tky (8 vitam\u00ednov, 18 aminokysel\u00edn, 24 miner\u00e1lov) a rob\u00ed ju jemnou a pru\u017enou. Extrakt z alpsk\u00fdch avens a nenas\u00fdten\u00e9 mastn\u00e9 kyseliny (omega-3, omega-6, omega-9) poskytuj\u00fa siln\u00fd omladzuj\u00faci a proti starnutiu \u00fa\u010dinok. Stimuluj\u00fa prirodzen\u00e9 regenera\u010dn\u00e9 procesy, zabra\u0148uj\u00fa pred\u010dasn\u00fdm vr\u00e1skam a zlep\u0161uj\u00fa pru\u017enos\u0165 poko\u017eky.<\/span><\/p>\n<p><span style=\"font-family: verdana, geneva; font-size: 12pt;\"><strong>Sp\u00f4sob pou\u017eitia:<\/strong> Naneste mal\u00e9 mno\u017estvo kr\u00e9mu na \u010dist\u00fa such\u00fa poko\u017eku.<\/span><\/p>\n<p><img decoding=\"async\" src=\"https:\/\/www.herbatica.sk\/user\/documents\/upload\/zlozenia\/1849.png\" alt=\"1849\" \/><\/p>\n<p><span style=\"font-family: verdana, geneva; font-size: 12pt;\"><strong>Obsah:<\/strong> 100 ml<\/span><\/p>\n<p><span style=\"font-family: verdana, geneva; font-size: 12pt;\"><strong>Krajina p\u00f4vodu:<\/strong>&nbsp;EU<\/span><\/p>\n","protected":false},"excerpt":{"rendered":"<p>Denn\u00fd a no\u010dn\u00fd v\u00fd\u017eivn\u00fd ple\u0165ov\u00fd kr\u00e9m Babi\u010dka Agafia s obsahom altai rakytn\u00edkov\u00fdm olejom, extraktom z alpsk\u00fdch avens a komplexom nenas\u00fdten\u00fdch mastn\u00fdch kysel\u00edn (omega-3, omega-6 a omega-9). Vhodn\u00fd pre v\u0161etky typy pleti. Du\u00e1lny kr\u00e9m na tv\u00e1r m\u00e1 ultra\u013eahk\u00fa text\u00faru. Kombinuje \u00fa\u010dinky denn\u00e9ho kr\u00e9mu a no\u010dn\u00e9ho kr\u00e9mu, star\u00e1 sa o va\u0161u poko\u017eku 24 hod\u00edn denne a poskytuje [&hellip;]<\/p>\n","protected":false},"featured_media":7521,"comment_status":"open","ping_status":"open","template":"","meta":{"site-sidebar-layout":"default","site-content-layout":"","ast-site-content-layout":"default","site-content-style":"default","site-sidebar-style":"default","ast-global-header-display":"","ast-banner-title-visibility":"","ast-main-header-display":"","ast-hfb-above-header-display":"","ast-hfb-below-header-display":"","ast-hfb-mobile-header-display":"","site-post-title":"","ast-breadcrumbs-content":"","ast-featured-img":"","footer-sml-layout":"","ast-disable-related-posts":"","theme-transparent-header-meta":"","adv-header-id-meta":"","stick-header-meta":"","header-above-stick-meta":"","header-main-stick-meta":"","header-below-stick-meta":"","astra-migrate-meta-layouts":"default","ast-page-background-enabled":"default","ast-page-background-meta":{"desktop":{"background-color":"","background-image":"","background-repeat":"repeat","background-position":"center center","background-size":"auto","background-attachment":"scroll","background-type":"","background-media":"","overlay-type":"","overlay-color":"","overlay-opacity":"","overlay-gradient":""},"tablet":{"background-color":"","background-image":"","background-repeat":"repeat","background-position":"center center","background-size":"auto","background-attachment":"scroll","background-type":"","background-media":"","overlay-type":"","overlay-color":"","overlay-opacity":"","overlay-gradient":""},"mobile":{"background-color":"","background-image":"","background-repeat":"repeat","background-position":"center center","background-size":"auto","background-attachment":"scroll","background-type":"","background-media":"","overlay-type":"","overlay-color":"","overlay-opacity":"","overlay-gradient":""}},"ast-content-background-meta":{"desktop":{"background-color":"var(--ast-global-color-5)","background-image":"","background-repeat":"repeat","background-position":"center center","background-size":"auto","background-attachment":"scroll","background-type":"","background-media":"","overlay-type":"","overlay-color":"","overlay-opacity":"","overlay-gradient":""},"tablet":{"background-color":"var(--ast-global-color-5)","background-image":"","background-repeat":"repeat","background-position":"center center","background-size":"auto","background-attachment":"scroll","background-type":"","background-media":"","overlay-type":"","overlay-color":"","overlay-opacity":"","overlay-gradient":""},"mobile":{"background-color":"var(--ast-global-color-5)","background-image":"","background-repeat":"repeat","background-position":"center center","background-size":"auto","background-attachment":"scroll","background-type":"","background-media":"","overlay-type":"","overlay-color":"","overlay-opacity":"","overlay-gradient":""}}},"product_brand":[],"product_cat":[39],"product_tag":[],"class_list":{"0":"post-7520","1":"product","2":"type-product","3":"status-publish","4":"has-post-thumbnail","6":"product_cat-telova-kozmetika","7":"pa_cena-dopravy-367","8":"pa_doprava-zasilkovna","9":"pa_ean-707","10":"pa_typ-partnersky-predaj","11":"pa_znacka-babicka-agafia","12":"desktop-align-left","13":"tablet-align-left","14":"mobile-align-left","16":"first","17":"instock","18":"product-type-external"},"yoast_head":"<!-- This site is optimized with the Yoast SEO plugin v27.2 - https:\/\/yoast.com\/product\/yoast-seo-wordpress\/ -->\n<title>Kr\u00e9m na expertn\u00fa v\u00fd\u017eivu vo dne i v noci - Babi\u010dka Agafia - 100 ml - EKO-BIO-NATURA BIO OBCHOD<\/title>\n<meta name=\"robots\" content=\"index, follow, max-snippet:-1, max-image-preview:large, max-video-preview:-1\" \/>\n<link rel=\"canonical\" href=\"https:\/\/www.eko-bio-natura.sk\/shop\/produkt\/krem-na-expertnu-vyzivu-vo-dne-i-v-noci-babicka-agafia-100-ml\/\" \/>\n<meta property=\"og:locale\" content=\"sk_SK\" \/>\n<meta property=\"og:type\" content=\"article\" \/>\n<meta property=\"og:title\" content=\"Kr\u00e9m na expertn\u00fa v\u00fd\u017eivu vo dne i v noci - Babi\u010dka Agafia - 100 ml - EKO-BIO-NATURA BIO OBCHOD\" \/>\n<meta property=\"og:description\" content=\"Denn\u00fd a no\u010dn\u00fd v\u00fd\u017eivn\u00fd ple\u0165ov\u00fd kr\u00e9m Babi\u010dka Agafia s obsahom altai rakytn\u00edkov\u00fdm olejom, extraktom z alpsk\u00fdch avens a komplexom nenas\u00fdten\u00fdch mastn\u00fdch kysel\u00edn (omega-3, omega-6 a omega-9). Vhodn\u00fd pre v\u0161etky typy pleti. Du\u00e1lny kr\u00e9m na tv\u00e1r m\u00e1 ultra\u013eahk\u00fa text\u00faru. Kombinuje \u00fa\u010dinky denn\u00e9ho kr\u00e9mu a no\u010dn\u00e9ho kr\u00e9mu, star\u00e1 sa o va\u0161u poko\u017eku 24 hod\u00edn denne a poskytuje [&hellip;]\" \/>\n<meta property=\"og:url\" content=\"https:\/\/www.eko-bio-natura.sk\/shop\/produkt\/krem-na-expertnu-vyzivu-vo-dne-i-v-noci-babicka-agafia-100-ml\/\" \/>\n<meta property=\"og:site_name\" content=\"EKO-BIO-NATURA BIO OBCHOD\" \/>\n<meta property=\"article:modified_time\" content=\"2021-12-28T17:12:07+00:00\" \/>\n<meta property=\"og:image\" content=\"https:\/\/www.eko-bio-natura.sk\/shop\/wp-content\/uploads\/2021\/12\/11570_krem-na-expertnu-vyzivu-vo-dne-i-v-noci-babicka-agafia-100-ml.jpg\" \/>\n\t<meta property=\"og:image:width\" content=\"900\" \/>\n\t<meta property=\"og:image:height\" content=\"900\" \/>\n\t<meta property=\"og:image:type\" content=\"image\/jpeg\" \/>\n<meta name=\"twitter:card\" content=\"summary_large_image\" \/>\n<meta name=\"twitter:label1\" content=\"Predpokladan\u00fd \u010das \u010d\u00edtania\" \/>\n\t<meta name=\"twitter:data1\" content=\"1 min\u00fata\" \/>\n<script type=\"application\/ld+json\" class=\"yoast-schema-graph\">{\"@context\":\"https:\/\/schema.org\",\"@graph\":[{\"@type\":\"WebPage\",\"@id\":\"https:\/\/www.eko-bio-natura.sk\/shop\/produkt\/krem-na-expertnu-vyzivu-vo-dne-i-v-noci-babicka-agafia-100-ml\/\",\"url\":\"https:\/\/www.eko-bio-natura.sk\/shop\/produkt\/krem-na-expertnu-vyzivu-vo-dne-i-v-noci-babicka-agafia-100-ml\/\",\"name\":\"Kr\u00e9m na expertn\u00fa v\u00fd\u017eivu vo dne i v noci - Babi\u010dka Agafia - 100 ml - EKO-BIO-NATURA BIO OBCHOD\",\"isPartOf\":{\"@id\":\"https:\/\/www.eko-bio-natura.sk\/shop\/#website\"},\"primaryImageOfPage\":{\"@id\":\"https:\/\/www.eko-bio-natura.sk\/shop\/produkt\/krem-na-expertnu-vyzivu-vo-dne-i-v-noci-babicka-agafia-100-ml\/#primaryimage\"},\"image\":{\"@id\":\"https:\/\/www.eko-bio-natura.sk\/shop\/produkt\/krem-na-expertnu-vyzivu-vo-dne-i-v-noci-babicka-agafia-100-ml\/#primaryimage\"},\"thumbnailUrl\":\"https:\/\/www.eko-bio-natura.sk\/shop\/wp-content\/uploads\/2021\/12\/11570_krem-na-expertnu-vyzivu-vo-dne-i-v-noci-babicka-agafia-100-ml.jpg\",\"datePublished\":\"2021-12-28T17:12:00+00:00\",\"dateModified\":\"2021-12-28T17:12:07+00:00\",\"breadcrumb\":{\"@id\":\"https:\/\/www.eko-bio-natura.sk\/shop\/produkt\/krem-na-expertnu-vyzivu-vo-dne-i-v-noci-babicka-agafia-100-ml\/#breadcrumb\"},\"inLanguage\":\"sk-SK\",\"potentialAction\":[{\"@type\":\"ReadAction\",\"target\":[\"https:\/\/www.eko-bio-natura.sk\/shop\/produkt\/krem-na-expertnu-vyzivu-vo-dne-i-v-noci-babicka-agafia-100-ml\/\"]}]},{\"@type\":\"ImageObject\",\"inLanguage\":\"sk-SK\",\"@id\":\"https:\/\/www.eko-bio-natura.sk\/shop\/produkt\/krem-na-expertnu-vyzivu-vo-dne-i-v-noci-babicka-agafia-100-ml\/#primaryimage\",\"url\":\"https:\/\/www.eko-bio-natura.sk\/shop\/wp-content\/uploads\/2021\/12\/11570_krem-na-expertnu-vyzivu-vo-dne-i-v-noci-babicka-agafia-100-ml.jpg\",\"contentUrl\":\"https:\/\/www.eko-bio-natura.sk\/shop\/wp-content\/uploads\/2021\/12\/11570_krem-na-expertnu-vyzivu-vo-dne-i-v-noci-babicka-agafia-100-ml.jpg\",\"width\":900,\"height\":900},{\"@type\":\"BreadcrumbList\",\"@id\":\"https:\/\/www.eko-bio-natura.sk\/shop\/produkt\/krem-na-expertnu-vyzivu-vo-dne-i-v-noci-babicka-agafia-100-ml\/#breadcrumb\",\"itemListElement\":[{\"@type\":\"ListItem\",\"position\":1,\"name\":\"Domovsk\u00e1 str\u00e1nka\",\"item\":\"https:\/\/www.eko-bio-natura.sk\/shop\/\"},{\"@type\":\"ListItem\",\"position\":2,\"name\":\"Obchod\",\"item\":\"https:\/\/www.eko-bio-natura.sk\/shop\/?page_id=6\"},{\"@type\":\"ListItem\",\"position\":3,\"name\":\"Kr\u00e9m na expertn\u00fa v\u00fd\u017eivu vo dne i v noci &#8211; Babi\u010dka Agafia &#8211; 100 ml\"}]},{\"@type\":\"WebSite\",\"@id\":\"https:\/\/www.eko-bio-natura.sk\/shop\/#website\",\"url\":\"https:\/\/www.eko-bio-natura.sk\/shop\/\",\"name\":\"EKO-BIO-NATURA BIO OBCHOD\",\"description\":\"\",\"publisher\":{\"@id\":\"https:\/\/www.eko-bio-natura.sk\/shop\/#organization\"},\"potentialAction\":[{\"@type\":\"SearchAction\",\"target\":{\"@type\":\"EntryPoint\",\"urlTemplate\":\"https:\/\/www.eko-bio-natura.sk\/shop\/?s={search_term_string}\"},\"query-input\":{\"@type\":\"PropertyValueSpecification\",\"valueRequired\":true,\"valueName\":\"search_term_string\"}}],\"inLanguage\":\"sk-SK\"},{\"@type\":\"Organization\",\"@id\":\"https:\/\/www.eko-bio-natura.sk\/shop\/#organization\",\"name\":\"EKO-BIO-NATURA BIO OBCHOD\",\"url\":\"https:\/\/www.eko-bio-natura.sk\/shop\/\",\"logo\":{\"@type\":\"ImageObject\",\"inLanguage\":\"sk-SK\",\"@id\":\"https:\/\/www.eko-bio-natura.sk\/shop\/#\/schema\/logo\/image\/\",\"url\":\"https:\/\/www.eko-bio-natura.sk\/shop\/wp-content\/uploads\/2021\/04\/eko-bio-natura_logo.png\",\"contentUrl\":\"https:\/\/www.eko-bio-natura.sk\/shop\/wp-content\/uploads\/2021\/04\/eko-bio-natura_logo.png\",\"width\":552,\"height\":194,\"caption\":\"EKO-BIO-NATURA BIO OBCHOD\"},\"image\":{\"@id\":\"https:\/\/www.eko-bio-natura.sk\/shop\/#\/schema\/logo\/image\/\"}}]}<\/script>\n<!-- \/ Yoast SEO plugin. -->","yoast_head_json":{"title":"Kr\u00e9m na expertn\u00fa v\u00fd\u017eivu vo dne i v noci - Babi\u010dka Agafia - 100 ml - EKO-BIO-NATURA BIO OBCHOD","robots":{"index":"index","follow":"follow","max-snippet":"max-snippet:-1","max-image-preview":"max-image-preview:large","max-video-preview":"max-video-preview:-1"},"canonical":"https:\/\/www.eko-bio-natura.sk\/shop\/produkt\/krem-na-expertnu-vyzivu-vo-dne-i-v-noci-babicka-agafia-100-ml\/","og_locale":"sk_SK","og_type":"article","og_title":"Kr\u00e9m na expertn\u00fa v\u00fd\u017eivu vo dne i v noci - Babi\u010dka Agafia - 100 ml - EKO-BIO-NATURA BIO OBCHOD","og_description":"Denn\u00fd a no\u010dn\u00fd v\u00fd\u017eivn\u00fd ple\u0165ov\u00fd kr\u00e9m Babi\u010dka Agafia s obsahom altai rakytn\u00edkov\u00fdm olejom, extraktom z alpsk\u00fdch avens a komplexom nenas\u00fdten\u00fdch mastn\u00fdch kysel\u00edn (omega-3, omega-6 a omega-9). Vhodn\u00fd pre v\u0161etky typy pleti. Du\u00e1lny kr\u00e9m na tv\u00e1r m\u00e1 ultra\u013eahk\u00fa text\u00faru. Kombinuje \u00fa\u010dinky denn\u00e9ho kr\u00e9mu a no\u010dn\u00e9ho kr\u00e9mu, star\u00e1 sa o va\u0161u poko\u017eku 24 hod\u00edn denne a poskytuje [&hellip;]","og_url":"https:\/\/www.eko-bio-natura.sk\/shop\/produkt\/krem-na-expertnu-vyzivu-vo-dne-i-v-noci-babicka-agafia-100-ml\/","og_site_name":"EKO-BIO-NATURA BIO OBCHOD","article_modified_time":"2021-12-28T17:12:07+00:00","og_image":[{"width":900,"height":900,"url":"https:\/\/www.eko-bio-natura.sk\/shop\/wp-content\/uploads\/2021\/12\/11570_krem-na-expertnu-vyzivu-vo-dne-i-v-noci-babicka-agafia-100-ml.jpg","type":"image\/jpeg"}],"twitter_card":"summary_large_image","twitter_misc":{"Predpokladan\u00fd \u010das \u010d\u00edtania":"1 min\u00fata"},"schema":{"@context":"https:\/\/schema.org","@graph":[{"@type":"WebPage","@id":"https:\/\/www.eko-bio-natura.sk\/shop\/produkt\/krem-na-expertnu-vyzivu-vo-dne-i-v-noci-babicka-agafia-100-ml\/","url":"https:\/\/www.eko-bio-natura.sk\/shop\/produkt\/krem-na-expertnu-vyzivu-vo-dne-i-v-noci-babicka-agafia-100-ml\/","name":"Kr\u00e9m na expertn\u00fa v\u00fd\u017eivu vo dne i v noci - Babi\u010dka Agafia - 100 ml - EKO-BIO-NATURA BIO OBCHOD","isPartOf":{"@id":"https:\/\/www.eko-bio-natura.sk\/shop\/#website"},"primaryImageOfPage":{"@id":"https:\/\/www.eko-bio-natura.sk\/shop\/produkt\/krem-na-expertnu-vyzivu-vo-dne-i-v-noci-babicka-agafia-100-ml\/#primaryimage"},"image":{"@id":"https:\/\/www.eko-bio-natura.sk\/shop\/produkt\/krem-na-expertnu-vyzivu-vo-dne-i-v-noci-babicka-agafia-100-ml\/#primaryimage"},"thumbnailUrl":"https:\/\/www.eko-bio-natura.sk\/shop\/wp-content\/uploads\/2021\/12\/11570_krem-na-expertnu-vyzivu-vo-dne-i-v-noci-babicka-agafia-100-ml.jpg","datePublished":"2021-12-28T17:12:00+00:00","dateModified":"2021-12-28T17:12:07+00:00","breadcrumb":{"@id":"https:\/\/www.eko-bio-natura.sk\/shop\/produkt\/krem-na-expertnu-vyzivu-vo-dne-i-v-noci-babicka-agafia-100-ml\/#breadcrumb"},"inLanguage":"sk-SK","potentialAction":[{"@type":"ReadAction","target":["https:\/\/www.eko-bio-natura.sk\/shop\/produkt\/krem-na-expertnu-vyzivu-vo-dne-i-v-noci-babicka-agafia-100-ml\/"]}]},{"@type":"ImageObject","inLanguage":"sk-SK","@id":"https:\/\/www.eko-bio-natura.sk\/shop\/produkt\/krem-na-expertnu-vyzivu-vo-dne-i-v-noci-babicka-agafia-100-ml\/#primaryimage","url":"https:\/\/www.eko-bio-natura.sk\/shop\/wp-content\/uploads\/2021\/12\/11570_krem-na-expertnu-vyzivu-vo-dne-i-v-noci-babicka-agafia-100-ml.jpg","contentUrl":"https:\/\/www.eko-bio-natura.sk\/shop\/wp-content\/uploads\/2021\/12\/11570_krem-na-expertnu-vyzivu-vo-dne-i-v-noci-babicka-agafia-100-ml.jpg","width":900,"height":900},{"@type":"BreadcrumbList","@id":"https:\/\/www.eko-bio-natura.sk\/shop\/produkt\/krem-na-expertnu-vyzivu-vo-dne-i-v-noci-babicka-agafia-100-ml\/#breadcrumb","itemListElement":[{"@type":"ListItem","position":1,"name":"Domovsk\u00e1 str\u00e1nka","item":"https:\/\/www.eko-bio-natura.sk\/shop\/"},{"@type":"ListItem","position":2,"name":"Obchod","item":"https:\/\/www.eko-bio-natura.sk\/shop\/?page_id=6"},{"@type":"ListItem","position":3,"name":"Kr\u00e9m na expertn\u00fa v\u00fd\u017eivu vo dne i v noci &#8211; Babi\u010dka Agafia &#8211; 100 ml"}]},{"@type":"WebSite","@id":"https:\/\/www.eko-bio-natura.sk\/shop\/#website","url":"https:\/\/www.eko-bio-natura.sk\/shop\/","name":"EKO-BIO-NATURA BIO OBCHOD","description":"","publisher":{"@id":"https:\/\/www.eko-bio-natura.sk\/shop\/#organization"},"potentialAction":[{"@type":"SearchAction","target":{"@type":"EntryPoint","urlTemplate":"https:\/\/www.eko-bio-natura.sk\/shop\/?s={search_term_string}"},"query-input":{"@type":"PropertyValueSpecification","valueRequired":true,"valueName":"search_term_string"}}],"inLanguage":"sk-SK"},{"@type":"Organization","@id":"https:\/\/www.eko-bio-natura.sk\/shop\/#organization","name":"EKO-BIO-NATURA BIO OBCHOD","url":"https:\/\/www.eko-bio-natura.sk\/shop\/","logo":{"@type":"ImageObject","inLanguage":"sk-SK","@id":"https:\/\/www.eko-bio-natura.sk\/shop\/#\/schema\/logo\/image\/","url":"https:\/\/www.eko-bio-natura.sk\/shop\/wp-content\/uploads\/2021\/04\/eko-bio-natura_logo.png","contentUrl":"https:\/\/www.eko-bio-natura.sk\/shop\/wp-content\/uploads\/2021\/04\/eko-bio-natura_logo.png","width":552,"height":194,"caption":"EKO-BIO-NATURA BIO OBCHOD"},"image":{"@id":"https:\/\/www.eko-bio-natura.sk\/shop\/#\/schema\/logo\/image\/"}}]}},"_links":{"self":[{"href":"https:\/\/www.eko-bio-natura.sk\/shop\/wp-json\/wp\/v2\/product\/7520","targetHints":{"allow":["GET"]}}],"collection":[{"href":"https:\/\/www.eko-bio-natura.sk\/shop\/wp-json\/wp\/v2\/product"}],"about":[{"href":"https:\/\/www.eko-bio-natura.sk\/shop\/wp-json\/wp\/v2\/types\/product"}],"replies":[{"embeddable":true,"href":"https:\/\/www.eko-bio-natura.sk\/shop\/wp-json\/wp\/v2\/comments?post=7520"}],"wp:featuredmedia":[{"embeddable":true,"href":"https:\/\/www.eko-bio-natura.sk\/shop\/wp-json\/wp\/v2\/media\/7521"}],"wp:attachment":[{"href":"https:\/\/www.eko-bio-natura.sk\/shop\/wp-json\/wp\/v2\/media?parent=7520"}],"wp:term":[{"taxonomy":"product_brand","embeddable":true,"href":"https:\/\/www.eko-bio-natura.sk\/shop\/wp-json\/wp\/v2\/product_brand?post=7520"},{"taxonomy":"product_cat","embeddable":true,"href":"https:\/\/www.eko-bio-natura.sk\/shop\/wp-json\/wp\/v2\/product_cat?post=7520"},{"taxonomy":"product_tag","embeddable":true,"href":"https:\/\/www.eko-bio-natura.sk\/shop\/wp-json\/wp\/v2\/product_tag?post=7520"}],"curies":[{"name":"wp","href":"https:\/\/api.w.org\/{rel}","templated":true}]}}