{"id":7507,"date":"2021-12-28T18:11:15","date_gmt":"2021-12-28T17:11:15","guid":{"rendered":"https:\/\/www.eko-bio-natura.sk\/shop\/index.php\/produkt\/aktivne-uhlie-farmakom-balenie-50-tabliet\/"},"modified":"2022-05-04T16:40:11","modified_gmt":"2022-05-04T14:40:11","slug":"aktivne-uhlie-farmakom-balenie-50-tabliet","status":"publish","type":"product","link":"https:\/\/www.eko-bio-natura.sk\/shop\/produkt\/aktivne-uhlie-farmakom-balenie-50-tabliet\/","title":{"rendered":"Akt\u00edvne uhlie &#8211; Farmakom Balenie: 50 tabliet"},"content":{"rendered":"<p><span style=\"font-size: 12pt; font-family: verdana, geneva;\">Akt\u00edvne \u010dierne uhlie pri pomoci o\u010disty cel\u00e9ho tele, pleti a tr\u00e1venia, \u010di bolestiach \u017eal\u00fadka.<\/span><\/p>\n<ul>\n<li><span style=\"font-size: 12pt; font-family: verdana, geneva;\">Na\u0161e telo uhlie neabsorbuje, ale vyl\u00fa\u010di.<\/span><\/li>\n<li><span style=\"font-size: 12pt; font-family: verdana, geneva;\"><strong>O\u010dista tela + tr\u00e1venie.<\/strong><\/span><\/li>\n<li><span style=\"font-size: 12pt; font-family: verdana, geneva;\">Vhodn\u00fd doplnok na dovolenky v&nbsp;cudzine, kde budeme konzumova\u0165 in\u00fa stravu.<\/span><\/li>\n<li><span style=\"font-size: 12pt; font-family: verdana, geneva;\">Vhodn\u00e9 pre vegetari\u00e1nov aj veg\u00e1nov<\/span><\/li>\n<li><span style=\"font-size: 12pt; font-family: verdana, geneva;\">Zni\u017euje hladinu cholesterolu<\/span><\/li>\n<li><span style=\"font-size: 12pt; font-family: verdana, geneva;\">Udr\u017eiava zdravie obli\u010diek&nbsp;&nbsp;<\/span><\/li>\n<li><span style=\"font-size: 12pt; font-family: verdana, geneva;\">R\u00fdchla pomoc pri otrave potravinami<\/span><\/li>\n<li><span style=\"font-size: 12pt; font-family: verdana, geneva;\">\u010cist\u00ed ple\u0165 a zbavuje ju p\u00f3rov<\/span><\/li>\n<li><span style=\"font-size: 12pt; font-family: verdana, geneva;\">Dod\u00e1va va\u0161im vlasom lesk&nbsp;<\/span><\/li>\n<li><span style=\"font-size: 12pt; font-family: verdana, geneva;\">Dokonale vybieli zuby<\/span><\/li>\n<li><span style=\"font-size: 12pt; font-family: verdana, geneva;\">Neutralizuje z\u00e1pach z \u00fast<\/span><\/li>\n<li><span style=\"font-size: 12pt; font-family: verdana, geneva;\">Detox tr\u00e1viacej s\u00fastavy<\/span><\/li>\n<\/ul>\n<p>&nbsp;<span style=\"font-size: 12pt; font-family: verdana, geneva;\">V\u00fd\u017eivov\u00fd doplnok.<\/span><\/p>\n<p><span style=\"font-size: 12pt; font-family: verdana, geneva;\"><strong>D\u00e1vkovanie<\/strong>: D<span style=\"font-weight: 400;\">ospel\u00ed <\/span><span style=\"font-weight: 400;\">u\u017e\u00edvaj\u00fa <\/span><span style=\"font-weight: 400;\">1-3 tablety 3-kr\u00e1t denne jednu hodinu pred jedlom alebo jednu hodinu po jedle.<\/span><\/span><\/p>\n<p><span style=\"font-size: 12pt; font-family: verdana, geneva;\"><strong>Podmienky skladovania:<\/strong> na suchom mieste pri teplote neprevy\u0161uj\u00facej 25 \u00b0 C.<\/span><\/p>\n<p><span style=\"font-size: 12pt; font-family: verdana, geneva;\">Dr\u017ete mimo dosahu det\u00ed.<\/span><\/p>\n<p><span style=\"font-size: 12pt; font-family: verdana, geneva;\"><strong>Zlo\u017eenie<\/strong>: akt\u00edvna l\u00e1tka-akt\u00edvne uhlie 0,25 g<br \/><strong><\/strong><\/span><\/p>\n<p><span style=\"font-size: 12pt; font-family: verdana, geneva;\"><strong>Obsah balenia<\/strong>: 2,5 g 10 tabliet. Jedna tableta 0,25 g<br \/><\/span><\/p>\n<p><span style=\"font-family: verdana, geneva; font-size: 12pt;\"><strong>Krajina p\u00f4vodu:&nbsp;<\/strong><\/span><span style=\"font-family: verdana, geneva; font-size: 12pt;\"> Rusko<\/span><\/p>\n<p><b>1 d\u00e1vka (jedna tabletka \u00e1 0,25 g) obsahuje:<\/b><span style=\"font-weight: 400;\"> 207,5 mg akt\u00edvne uhlie a&nbsp;42,5 mg zemiakov\u00fd \u0161krob.&nbsp;<\/span><\/p>\n<table>\n<tbody>\n<tr>\n<td>\n<p><b>Obsah jednotliv\u00fdch akt\u00edvnych zlo\u017eiek v&nbsp;dennej d\u00e1vke (3 &#8211; 9 tbl)&nbsp;<\/b><\/p>\n<\/td>\n<td>\n<p><b>Obsah akt\u00edvnej zlo\u017eky v&nbsp;3 tbl<\/b><\/p>\n<\/td>\n<td>\n<p><b>Obsah akt\u00edvnej zlo\u017eky v&nbsp;9 tbl<\/b><\/p>\n<\/td>\n<\/tr>\n<tr>\n<td>\n<p><span style=\"font-weight: 400;\">Akt\u00edvne uhlie&nbsp;<\/span><\/p>\n<\/td>\n<td>\n<p><span style=\"font-weight: 400;\">622,5 mg<\/span><\/p>\n<\/td>\n<td>\n<p><span style=\"font-weight: 400;\">1&nbsp;867,5 mg <\/span><span style=\"font-weight: 400;\">2<\/span><\/p>\n<\/td>\n<\/tr>\n<tr>\n<td>\n<p><span style=\"font-weight: 400;\">Zemiakov\u00fd \u0161krob<\/span><\/p>\n<\/td>\n<td>\n<p><span style=\"font-weight: 400;\">127,5 mg<\/span><\/p>\n<\/td>\n<td>\n<p><span style=\"font-weight: 400;\">382,5 mg<\/span><\/p>\n<\/td>\n<\/tr>\n<tr>\n<td colspan=\"3\">\n<p><span style=\"font-weight: 400;\">2&nbsp; <\/span><span style=\"font-weight: 400;\">Nepresahuje horn\u00fa povolen\u00fa hranicu dennej spotreby<\/span><\/p>\n<\/td>\n<\/tr>\n<\/tbody>\n<\/table>\n<p>&nbsp;<\/p>\n","protected":false},"excerpt":{"rendered":"<p>Akt\u00edvne \u010dierne uhlie pri pomoci o\u010disty cel\u00e9ho tele, pleti a tr\u00e1venia, \u010di bolestiach \u017eal\u00fadka. Na\u0161e telo uhlie neabsorbuje, ale vyl\u00fa\u010di. O\u010dista tela + tr\u00e1venie. Vhodn\u00fd doplnok na dovolenky v&nbsp;cudzine, kde budeme konzumova\u0165 in\u00fa stravu. Vhodn\u00e9 pre vegetari\u00e1nov aj veg\u00e1nov Zni\u017euje hladinu cholesterolu Udr\u017eiava zdravie obli\u010diek&nbsp;&nbsp; R\u00fdchla pomoc pri otrave potravinami \u010cist\u00ed ple\u0165 a zbavuje ju [&hellip;]<\/p>\n","protected":false},"featured_media":7508,"comment_status":"open","ping_status":"open","template":"","meta":{"site-sidebar-layout":"default","site-content-layout":"","ast-site-content-layout":"default","site-content-style":"default","site-sidebar-style":"default","ast-global-header-display":"","ast-banner-title-visibility":"","ast-main-header-display":"","ast-hfb-above-header-display":"","ast-hfb-below-header-display":"","ast-hfb-mobile-header-display":"","site-post-title":"","ast-breadcrumbs-content":"","ast-featured-img":"","footer-sml-layout":"","ast-disable-related-posts":"","theme-transparent-header-meta":"","adv-header-id-meta":"","stick-header-meta":"","header-above-stick-meta":"","header-main-stick-meta":"","header-below-stick-meta":"","astra-migrate-meta-layouts":"default","ast-page-background-enabled":"default","ast-page-background-meta":{"desktop":{"background-color":"","background-image":"","background-repeat":"repeat","background-position":"center center","background-size":"auto","background-attachment":"scroll","background-type":"","background-media":"","overlay-type":"","overlay-color":"","overlay-opacity":"","overlay-gradient":""},"tablet":{"background-color":"","background-image":"","background-repeat":"repeat","background-position":"center center","background-size":"auto","background-attachment":"scroll","background-type":"","background-media":"","overlay-type":"","overlay-color":"","overlay-opacity":"","overlay-gradient":""},"mobile":{"background-color":"","background-image":"","background-repeat":"repeat","background-position":"center center","background-size":"auto","background-attachment":"scroll","background-type":"","background-media":"","overlay-type":"","overlay-color":"","overlay-opacity":"","overlay-gradient":""}},"ast-content-background-meta":{"desktop":{"background-color":"var(--ast-global-color-5)","background-image":"","background-repeat":"repeat","background-position":"center center","background-size":"auto","background-attachment":"scroll","background-type":"","background-media":"","overlay-type":"","overlay-color":"","overlay-opacity":"","overlay-gradient":""},"tablet":{"background-color":"var(--ast-global-color-5)","background-image":"","background-repeat":"repeat","background-position":"center center","background-size":"auto","background-attachment":"scroll","background-type":"","background-media":"","overlay-type":"","overlay-color":"","overlay-opacity":"","overlay-gradient":""},"mobile":{"background-color":"var(--ast-global-color-5)","background-image":"","background-repeat":"repeat","background-position":"center center","background-size":"auto","background-attachment":"scroll","background-type":"","background-media":"","overlay-type":"","overlay-color":"","overlay-opacity":"","overlay-gradient":""}}},"product_brand":[],"product_cat":[217,208,2741],"product_tag":[362],"class_list":{"0":"post-7507","1":"product","2":"type-product","3":"status-publish","4":"has-post-thumbnail","6":"product_cat-cholesterol-a-obezita","7":"product_cat-traviaca-sustava","8":"product_cat-vegan","9":"product_tag-vegan","10":"pa_cena-dopravy-367","11":"pa_doprava-zasilkovna","12":"pa_ean-674","13":"pa_typ-partnersky-predaj","14":"pa_znacka-farmakom","15":"desktop-align-left","16":"tablet-align-left","17":"mobile-align-left","19":"first","20":"instock","21":"product-type-external"},"yoast_head":"<!-- This site is optimized with the Yoast SEO plugin v27.2 - https:\/\/yoast.com\/product\/yoast-seo-wordpress\/ -->\n<title>Akt\u00edvne uhlie - Farmakom Balenie: 50 tabliet - EKO-BIO-NATURA BIO OBCHOD<\/title>\n<meta name=\"robots\" content=\"index, follow, max-snippet:-1, max-image-preview:large, max-video-preview:-1\" \/>\n<link rel=\"canonical\" href=\"https:\/\/www.eko-bio-natura.sk\/shop\/produkt\/aktivne-uhlie-farmakom-balenie-50-tabliet\/\" \/>\n<meta property=\"og:locale\" content=\"sk_SK\" \/>\n<meta property=\"og:type\" content=\"article\" \/>\n<meta property=\"og:title\" content=\"Akt\u00edvne uhlie - Farmakom Balenie: 50 tabliet - EKO-BIO-NATURA BIO OBCHOD\" \/>\n<meta property=\"og:description\" content=\"Akt\u00edvne \u010dierne uhlie pri pomoci o\u010disty cel\u00e9ho tele, pleti a tr\u00e1venia, \u010di bolestiach \u017eal\u00fadka. Na\u0161e telo uhlie neabsorbuje, ale vyl\u00fa\u010di. O\u010dista tela + tr\u00e1venie. Vhodn\u00fd doplnok na dovolenky v&nbsp;cudzine, kde budeme konzumova\u0165 in\u00fa stravu. Vhodn\u00e9 pre vegetari\u00e1nov aj veg\u00e1nov Zni\u017euje hladinu cholesterolu Udr\u017eiava zdravie obli\u010diek&nbsp;&nbsp; R\u00fdchla pomoc pri otrave potravinami \u010cist\u00ed ple\u0165 a zbavuje ju [&hellip;]\" \/>\n<meta property=\"og:url\" content=\"https:\/\/www.eko-bio-natura.sk\/shop\/produkt\/aktivne-uhlie-farmakom-balenie-50-tabliet\/\" \/>\n<meta property=\"og:site_name\" content=\"EKO-BIO-NATURA BIO OBCHOD\" \/>\n<meta property=\"article:modified_time\" content=\"2022-05-04T14:40:11+00:00\" \/>\n<meta property=\"og:image\" content=\"https:\/\/www.eko-bio-natura.sk\/shop\/wp-content\/uploads\/2021\/12\/9240-1_aktivne-uhlie-farmakom.jpg\" \/>\n\t<meta property=\"og:image:width\" content=\"480\" \/>\n\t<meta property=\"og:image:height\" content=\"480\" \/>\n\t<meta property=\"og:image:type\" content=\"image\/jpeg\" \/>\n<meta name=\"twitter:card\" content=\"summary_large_image\" \/>\n<meta name=\"twitter:label1\" content=\"Predpokladan\u00fd \u010das \u010d\u00edtania\" \/>\n\t<meta name=\"twitter:data1\" content=\"1 min\u00fata\" \/>\n<script type=\"application\/ld+json\" class=\"yoast-schema-graph\">{\"@context\":\"https:\/\/schema.org\",\"@graph\":[{\"@type\":\"WebPage\",\"@id\":\"https:\/\/www.eko-bio-natura.sk\/shop\/produkt\/aktivne-uhlie-farmakom-balenie-50-tabliet\/\",\"url\":\"https:\/\/www.eko-bio-natura.sk\/shop\/produkt\/aktivne-uhlie-farmakom-balenie-50-tabliet\/\",\"name\":\"Akt\u00edvne uhlie - Farmakom Balenie: 50 tabliet - EKO-BIO-NATURA BIO OBCHOD\",\"isPartOf\":{\"@id\":\"https:\/\/www.eko-bio-natura.sk\/shop\/#website\"},\"primaryImageOfPage\":{\"@id\":\"https:\/\/www.eko-bio-natura.sk\/shop\/produkt\/aktivne-uhlie-farmakom-balenie-50-tabliet\/#primaryimage\"},\"image\":{\"@id\":\"https:\/\/www.eko-bio-natura.sk\/shop\/produkt\/aktivne-uhlie-farmakom-balenie-50-tabliet\/#primaryimage\"},\"thumbnailUrl\":\"https:\/\/www.eko-bio-natura.sk\/shop\/wp-content\/uploads\/2021\/12\/9240-1_aktivne-uhlie-farmakom.jpg\",\"datePublished\":\"2021-12-28T17:11:15+00:00\",\"dateModified\":\"2022-05-04T14:40:11+00:00\",\"breadcrumb\":{\"@id\":\"https:\/\/www.eko-bio-natura.sk\/shop\/produkt\/aktivne-uhlie-farmakom-balenie-50-tabliet\/#breadcrumb\"},\"inLanguage\":\"sk-SK\",\"potentialAction\":[{\"@type\":\"ReadAction\",\"target\":[\"https:\/\/www.eko-bio-natura.sk\/shop\/produkt\/aktivne-uhlie-farmakom-balenie-50-tabliet\/\"]}]},{\"@type\":\"ImageObject\",\"inLanguage\":\"sk-SK\",\"@id\":\"https:\/\/www.eko-bio-natura.sk\/shop\/produkt\/aktivne-uhlie-farmakom-balenie-50-tabliet\/#primaryimage\",\"url\":\"https:\/\/www.eko-bio-natura.sk\/shop\/wp-content\/uploads\/2021\/12\/9240-1_aktivne-uhlie-farmakom.jpg\",\"contentUrl\":\"https:\/\/www.eko-bio-natura.sk\/shop\/wp-content\/uploads\/2021\/12\/9240-1_aktivne-uhlie-farmakom.jpg\",\"width\":480,\"height\":480},{\"@type\":\"BreadcrumbList\",\"@id\":\"https:\/\/www.eko-bio-natura.sk\/shop\/produkt\/aktivne-uhlie-farmakom-balenie-50-tabliet\/#breadcrumb\",\"itemListElement\":[{\"@type\":\"ListItem\",\"position\":1,\"name\":\"Domovsk\u00e1 str\u00e1nka\",\"item\":\"https:\/\/www.eko-bio-natura.sk\/shop\/\"},{\"@type\":\"ListItem\",\"position\":2,\"name\":\"Obchod\",\"item\":\"https:\/\/www.eko-bio-natura.sk\/shop\/?page_id=6\"},{\"@type\":\"ListItem\",\"position\":3,\"name\":\"Akt\u00edvne uhlie &#8211; Farmakom Balenie: 50 tabliet\"}]},{\"@type\":\"WebSite\",\"@id\":\"https:\/\/www.eko-bio-natura.sk\/shop\/#website\",\"url\":\"https:\/\/www.eko-bio-natura.sk\/shop\/\",\"name\":\"EKO-BIO-NATURA BIO OBCHOD\",\"description\":\"\",\"publisher\":{\"@id\":\"https:\/\/www.eko-bio-natura.sk\/shop\/#organization\"},\"potentialAction\":[{\"@type\":\"SearchAction\",\"target\":{\"@type\":\"EntryPoint\",\"urlTemplate\":\"https:\/\/www.eko-bio-natura.sk\/shop\/?s={search_term_string}\"},\"query-input\":{\"@type\":\"PropertyValueSpecification\",\"valueRequired\":true,\"valueName\":\"search_term_string\"}}],\"inLanguage\":\"sk-SK\"},{\"@type\":\"Organization\",\"@id\":\"https:\/\/www.eko-bio-natura.sk\/shop\/#organization\",\"name\":\"EKO-BIO-NATURA BIO OBCHOD\",\"url\":\"https:\/\/www.eko-bio-natura.sk\/shop\/\",\"logo\":{\"@type\":\"ImageObject\",\"inLanguage\":\"sk-SK\",\"@id\":\"https:\/\/www.eko-bio-natura.sk\/shop\/#\/schema\/logo\/image\/\",\"url\":\"https:\/\/www.eko-bio-natura.sk\/shop\/wp-content\/uploads\/2021\/04\/eko-bio-natura_logo.png\",\"contentUrl\":\"https:\/\/www.eko-bio-natura.sk\/shop\/wp-content\/uploads\/2021\/04\/eko-bio-natura_logo.png\",\"width\":552,\"height\":194,\"caption\":\"EKO-BIO-NATURA BIO OBCHOD\"},\"image\":{\"@id\":\"https:\/\/www.eko-bio-natura.sk\/shop\/#\/schema\/logo\/image\/\"}}]}<\/script>\n<!-- \/ Yoast SEO plugin. -->","yoast_head_json":{"title":"Akt\u00edvne uhlie - Farmakom Balenie: 50 tabliet - EKO-BIO-NATURA BIO OBCHOD","robots":{"index":"index","follow":"follow","max-snippet":"max-snippet:-1","max-image-preview":"max-image-preview:large","max-video-preview":"max-video-preview:-1"},"canonical":"https:\/\/www.eko-bio-natura.sk\/shop\/produkt\/aktivne-uhlie-farmakom-balenie-50-tabliet\/","og_locale":"sk_SK","og_type":"article","og_title":"Akt\u00edvne uhlie - Farmakom Balenie: 50 tabliet - EKO-BIO-NATURA BIO OBCHOD","og_description":"Akt\u00edvne \u010dierne uhlie pri pomoci o\u010disty cel\u00e9ho tele, pleti a tr\u00e1venia, \u010di bolestiach \u017eal\u00fadka. Na\u0161e telo uhlie neabsorbuje, ale vyl\u00fa\u010di. O\u010dista tela + tr\u00e1venie. Vhodn\u00fd doplnok na dovolenky v&nbsp;cudzine, kde budeme konzumova\u0165 in\u00fa stravu. Vhodn\u00e9 pre vegetari\u00e1nov aj veg\u00e1nov Zni\u017euje hladinu cholesterolu Udr\u017eiava zdravie obli\u010diek&nbsp;&nbsp; R\u00fdchla pomoc pri otrave potravinami \u010cist\u00ed ple\u0165 a zbavuje ju [&hellip;]","og_url":"https:\/\/www.eko-bio-natura.sk\/shop\/produkt\/aktivne-uhlie-farmakom-balenie-50-tabliet\/","og_site_name":"EKO-BIO-NATURA BIO OBCHOD","article_modified_time":"2022-05-04T14:40:11+00:00","og_image":[{"width":480,"height":480,"url":"https:\/\/www.eko-bio-natura.sk\/shop\/wp-content\/uploads\/2021\/12\/9240-1_aktivne-uhlie-farmakom.jpg","type":"image\/jpeg"}],"twitter_card":"summary_large_image","twitter_misc":{"Predpokladan\u00fd \u010das \u010d\u00edtania":"1 min\u00fata"},"schema":{"@context":"https:\/\/schema.org","@graph":[{"@type":"WebPage","@id":"https:\/\/www.eko-bio-natura.sk\/shop\/produkt\/aktivne-uhlie-farmakom-balenie-50-tabliet\/","url":"https:\/\/www.eko-bio-natura.sk\/shop\/produkt\/aktivne-uhlie-farmakom-balenie-50-tabliet\/","name":"Akt\u00edvne uhlie - Farmakom Balenie: 50 tabliet - EKO-BIO-NATURA BIO OBCHOD","isPartOf":{"@id":"https:\/\/www.eko-bio-natura.sk\/shop\/#website"},"primaryImageOfPage":{"@id":"https:\/\/www.eko-bio-natura.sk\/shop\/produkt\/aktivne-uhlie-farmakom-balenie-50-tabliet\/#primaryimage"},"image":{"@id":"https:\/\/www.eko-bio-natura.sk\/shop\/produkt\/aktivne-uhlie-farmakom-balenie-50-tabliet\/#primaryimage"},"thumbnailUrl":"https:\/\/www.eko-bio-natura.sk\/shop\/wp-content\/uploads\/2021\/12\/9240-1_aktivne-uhlie-farmakom.jpg","datePublished":"2021-12-28T17:11:15+00:00","dateModified":"2022-05-04T14:40:11+00:00","breadcrumb":{"@id":"https:\/\/www.eko-bio-natura.sk\/shop\/produkt\/aktivne-uhlie-farmakom-balenie-50-tabliet\/#breadcrumb"},"inLanguage":"sk-SK","potentialAction":[{"@type":"ReadAction","target":["https:\/\/www.eko-bio-natura.sk\/shop\/produkt\/aktivne-uhlie-farmakom-balenie-50-tabliet\/"]}]},{"@type":"ImageObject","inLanguage":"sk-SK","@id":"https:\/\/www.eko-bio-natura.sk\/shop\/produkt\/aktivne-uhlie-farmakom-balenie-50-tabliet\/#primaryimage","url":"https:\/\/www.eko-bio-natura.sk\/shop\/wp-content\/uploads\/2021\/12\/9240-1_aktivne-uhlie-farmakom.jpg","contentUrl":"https:\/\/www.eko-bio-natura.sk\/shop\/wp-content\/uploads\/2021\/12\/9240-1_aktivne-uhlie-farmakom.jpg","width":480,"height":480},{"@type":"BreadcrumbList","@id":"https:\/\/www.eko-bio-natura.sk\/shop\/produkt\/aktivne-uhlie-farmakom-balenie-50-tabliet\/#breadcrumb","itemListElement":[{"@type":"ListItem","position":1,"name":"Domovsk\u00e1 str\u00e1nka","item":"https:\/\/www.eko-bio-natura.sk\/shop\/"},{"@type":"ListItem","position":2,"name":"Obchod","item":"https:\/\/www.eko-bio-natura.sk\/shop\/?page_id=6"},{"@type":"ListItem","position":3,"name":"Akt\u00edvne uhlie &#8211; Farmakom Balenie: 50 tabliet"}]},{"@type":"WebSite","@id":"https:\/\/www.eko-bio-natura.sk\/shop\/#website","url":"https:\/\/www.eko-bio-natura.sk\/shop\/","name":"EKO-BIO-NATURA BIO OBCHOD","description":"","publisher":{"@id":"https:\/\/www.eko-bio-natura.sk\/shop\/#organization"},"potentialAction":[{"@type":"SearchAction","target":{"@type":"EntryPoint","urlTemplate":"https:\/\/www.eko-bio-natura.sk\/shop\/?s={search_term_string}"},"query-input":{"@type":"PropertyValueSpecification","valueRequired":true,"valueName":"search_term_string"}}],"inLanguage":"sk-SK"},{"@type":"Organization","@id":"https:\/\/www.eko-bio-natura.sk\/shop\/#organization","name":"EKO-BIO-NATURA BIO OBCHOD","url":"https:\/\/www.eko-bio-natura.sk\/shop\/","logo":{"@type":"ImageObject","inLanguage":"sk-SK","@id":"https:\/\/www.eko-bio-natura.sk\/shop\/#\/schema\/logo\/image\/","url":"https:\/\/www.eko-bio-natura.sk\/shop\/wp-content\/uploads\/2021\/04\/eko-bio-natura_logo.png","contentUrl":"https:\/\/www.eko-bio-natura.sk\/shop\/wp-content\/uploads\/2021\/04\/eko-bio-natura_logo.png","width":552,"height":194,"caption":"EKO-BIO-NATURA BIO OBCHOD"},"image":{"@id":"https:\/\/www.eko-bio-natura.sk\/shop\/#\/schema\/logo\/image\/"}}]}},"_links":{"self":[{"href":"https:\/\/www.eko-bio-natura.sk\/shop\/wp-json\/wp\/v2\/product\/7507","targetHints":{"allow":["GET"]}}],"collection":[{"href":"https:\/\/www.eko-bio-natura.sk\/shop\/wp-json\/wp\/v2\/product"}],"about":[{"href":"https:\/\/www.eko-bio-natura.sk\/shop\/wp-json\/wp\/v2\/types\/product"}],"replies":[{"embeddable":true,"href":"https:\/\/www.eko-bio-natura.sk\/shop\/wp-json\/wp\/v2\/comments?post=7507"}],"wp:featuredmedia":[{"embeddable":true,"href":"https:\/\/www.eko-bio-natura.sk\/shop\/wp-json\/wp\/v2\/media\/7508"}],"wp:attachment":[{"href":"https:\/\/www.eko-bio-natura.sk\/shop\/wp-json\/wp\/v2\/media?parent=7507"}],"wp:term":[{"taxonomy":"product_brand","embeddable":true,"href":"https:\/\/www.eko-bio-natura.sk\/shop\/wp-json\/wp\/v2\/product_brand?post=7507"},{"taxonomy":"product_cat","embeddable":true,"href":"https:\/\/www.eko-bio-natura.sk\/shop\/wp-json\/wp\/v2\/product_cat?post=7507"},{"taxonomy":"product_tag","embeddable":true,"href":"https:\/\/www.eko-bio-natura.sk\/shop\/wp-json\/wp\/v2\/product_tag?post=7507"}],"curies":[{"name":"wp","href":"https:\/\/api.w.org\/{rel}","templated":true}]}}