{"id":7505,"date":"2021-12-28T18:11:15","date_gmt":"2021-12-28T17:11:15","guid":{"rendered":"https:\/\/www.eko-bio-natura.sk\/shop\/index.php\/produkt\/sungit-krem-eliksir-75-ml\/"},"modified":"2022-05-04T16:40:09","modified_gmt":"2022-05-04T14:40:09","slug":"sungit-krem-eliksir-75-ml","status":"publish","type":"product","link":"https:\/\/www.eko-bio-natura.sk\/shop\/produkt\/sungit-krem-eliksir-75-ml\/","title":{"rendered":"\u0160ungit kr\u00e9m &#8211; Eliks\u00edr &#8211; 75 ml"},"content":{"rendered":"<p><span style=\"font-family: verdana, geneva; font-size: 12pt;\">\u0160ungit kr\u00e9m je \u00fa\u010dinn\u00fd, prirodzen\u00fd prostriedok na prevenciu kostrov\u00fdch stavov, najm\u00e4 ochoren\u00ed k\u013abov a chrbtice. M\u00e1 mimoriadne <strong>regenera\u010dn\u00fd \u00fa\u010dinok, zni\u017euje pocit <\/strong><strong>bolesti, zlep\u0161uje mikrocirkul\u00e1ciu v tkaniv\u00e1ch okolo k\u013abov.<\/strong> Jeho <strong>vlastnosti<\/strong> s\u00fa:<\/span><\/p>\n<p><span style=\"font-family: verdana, geneva; font-size: 12pt;\">&#8211; podporuje metabolizmus<\/span><br \/><span style=\"font-family: verdana, geneva; font-size: 12pt;\">&#8211; zvy\u0161uje krvn\u00fd obeh v mieste pou\u017eitia<\/span><br \/><span style=\"font-family: verdana, geneva; font-size: 12pt;\">&#8211; m\u00e1 antiseptick\u00e9, protiz\u00e1palov\u00e9 \u00fa\u010dinky<\/span><br \/><span style=\"font-family: verdana, geneva; font-size: 12pt;\">&#8211; podporuje hojenie tkan\u00edv<\/span><br \/><span style=\"font-family: verdana, geneva; font-size: 12pt;\">&#8211; m\u00e1 pozit\u00edvny vplyv na priebeh ak\u00fatnych a chronick\u00fdch ochoren\u00ed svalovo-kostrov\u00e9ho syst\u00e9mu.<\/span><\/p>\n<p><span style=\"font-family: verdana, geneva; font-size: 12pt;\"><strong>Sp\u00f4sob pou\u017eitia:<\/strong> Mal by sa aplikova\u0165 vo vrstve asi 1 mm na probl\u00e9mov\u00fa oblas\u0165, aplikujte potravin\u00e1rsku f\u00f3liu na vrstvu kr\u00e9mu, dosiahnete tak kompresiu- tlak. Ide\u00e1lne po dobu: 0,5 a\u017e 2,5 hodiny. Po odobrat\u00ed potravin\u00e1rskej f\u00f3lie umyte teplou vodou.<\/span><\/p>\n<p><img decoding=\"async\" src=\"https:\/\/www.herbatica.sk\/user\/documents\/upload\/zlozenia\/1580.png\" alt=\"1580\" \/><\/p>\n<p><span style=\"font-family: verdana, geneva; font-size: 12pt;\"><strong>UPOZORNENIE:<\/strong> Nepou\u017e\u00edva\u0165 na sliznice a otvoren\u00e9 rany, pri kontakte s o\u010dami okam\u017eite vymy\u0165 ve\u013ek\u00fdm mno\u017estvom vody<\/span><\/p>\n<p><span style=\"font-family: verdana, geneva; font-size: 12pt;\"><strong>Obsah:<\/strong> 75 ml&nbsp;<\/span><\/p>\n<p><span style=\"font-family: verdana, geneva; font-size: 12pt;\"><strong>Krajina p\u00f4vodu:<\/strong> Ukrajina <\/span><\/p>\n<p class=\"Vchodzie\"><span lang=\"CS\" style=\"font-family: verdana, geneva; font-size: 12pt;\">\u010co to je vlastne \u0161ungit? Pozri \u010dl\u00e1nok na na\u0161om blogu,&nbsp;<a href=\"http:\/\/blog.herbatica.sk\/zazracny-cierny-mineral-z-ruska-sungit\/\">tu!<\/a><\/span><\/p>\n<p class=\"Vchodzie\"><span lang=\"CS\" style=\"font-family: verdana, geneva; font-size: 12pt;\">Ak by ste si chceli pre\u010d\u00edta\u0165 aj osobn\u00fa sk\u00fasenos\u0165 s u\u017e\u00edvan\u00edm m\u00famia po zranen\u00ed, m\u00f4\u017eete tento \u010dl\u00e1nok tie\u017e n\u00e1js\u0165 na&nbsp;<a href=\"http:\/\/blog.herbatica.sk\/regeneracia-organizmu-pocas-zranenia-altajske-zlate-mumio\/\">na\u0161om blogu<\/a>&nbsp;\ud83d\ude42<\/span><\/p>\n<p><span style=\"font-family: verdana, geneva; font-size: 12pt;\"><a href=\"http:\/\/blog.herbatica.sk\/zazracny-cierny-mineral-z-ruska-sungit\/\" target=\"_blank\" rel=\"noopener noreferrer\">\u0160ungit<\/a> obsahuje fuller\u00e9n, ktor\u00fd je jedn\u00fdm z najsilnej\u0161\u00edch antioxidantov, m\u00e1 \u00fa\u017easn\u00e9 \u010distiace \u00fa\u010dinky. \u0160ungitov\u00e1 voda&nbsp;pom\u00e1ha lie\u010di\u0165 protiz\u00e1palov\u00e9 ochorenia, alergie, k\u013abov\u00e9 probl\u00e9my, ale aj ko\u017en\u00e9 probl\u00e9my.&nbsp;<\/span><\/p>\n<p><span style=\"font-family: verdana, geneva; font-size: 12pt;\">V priebehu rokov sa &nbsp;za\u010dalo so \u0161ungitom a \u0161ungitovou dr\u0165ou st\u00e1le viac a viac experimentova\u0165. <strong>Za\u010dala sa pou\u017e\u00edva\u0165 s jazve\u010d\u00edm tukom, proti bolesti, so v\u010del\u00edm jedom, s n\u00e1tr\u017enicou at\u010f.<\/strong> Fuller\u00e9ny obsiahnut\u00e9 v \u0161ungite akt\u00edvne pohlcuj\u00fa tox\u00edny a v kombin\u00e1cii s bylinkami maj\u00fa maste protiz\u00e1palov\u00e9 \u00fa\u010dinky. \u0160ungit bol tak \u00fa\u010dinn\u00fd, \u017ee sa z drte, byl\u00edn a mast\u00ed za\u010dali vyr\u00e1ba\u0165&nbsp;<a href=\"http:\/\/www.herbatica.sk\/vyhladavanie\/?string=%C5%A1ungit%20kr%C3%A9m%20&amp;utm_source=Blog_Herbatica_SK&amp;utm_campaign=Sungit\">komplexn\u00e9 kr\u00e9my,<\/a>&nbsp;ktor\u00e9 svojou \u00fa\u010dinnos\u0165ou nedovolili v Rusku vst\u00fapi\u0165 na trh t\u00fdm konven\u010dn\u00fdm kr\u00e9mom proti opuchom, ktor\u00e9 pozn\u00e1me z na\u0161ich lek\u00e1rn\u00ed.<\/span><\/p>\n<p><span style=\"font-family: verdana, geneva; font-size: 12pt;\">Viac o&nbsp;\u0161ungite sa dozviete&nbsp;<strong><a href=\"http:\/\/blog.herbatica.sk\/zazracny-cierny-mineral-z-ruska-sungit\/\" target=\"_blank\" rel=\"noopener noreferrer\">na na\u0161om blogu tu.<\/a><\/strong><\/span><\/p>\n<p><span style=\"font-family: verdana, geneva; font-size: 12pt;\">Nejedn\u00e1 sa o liek.&nbsp;<\/span><\/p>\n","protected":false},"excerpt":{"rendered":"<p>\u0160ungit kr\u00e9m je \u00fa\u010dinn\u00fd, prirodzen\u00fd prostriedok na prevenciu kostrov\u00fdch stavov, najm\u00e4 ochoren\u00ed k\u013abov a chrbtice. M\u00e1 mimoriadne regenera\u010dn\u00fd \u00fa\u010dinok, zni\u017euje pocit bolesti, zlep\u0161uje mikrocirkul\u00e1ciu v tkaniv\u00e1ch okolo k\u013abov. Jeho vlastnosti s\u00fa: &#8211; podporuje metabolizmus&#8211; zvy\u0161uje krvn\u00fd obeh v mieste pou\u017eitia&#8211; m\u00e1 antiseptick\u00e9, protiz\u00e1palov\u00e9 \u00fa\u010dinky&#8211; podporuje hojenie tkan\u00edv&#8211; m\u00e1 pozit\u00edvny vplyv na priebeh ak\u00fatnych a chronick\u00fdch [&hellip;]<\/p>\n","protected":false},"featured_media":7506,"comment_status":"open","ping_status":"open","template":"","meta":{"site-sidebar-layout":"default","site-content-layout":"","ast-site-content-layout":"default","site-content-style":"default","site-sidebar-style":"default","ast-global-header-display":"","ast-banner-title-visibility":"","ast-main-header-display":"","ast-hfb-above-header-display":"","ast-hfb-below-header-display":"","ast-hfb-mobile-header-display":"","site-post-title":"","ast-breadcrumbs-content":"","ast-featured-img":"","footer-sml-layout":"","ast-disable-related-posts":"","theme-transparent-header-meta":"","adv-header-id-meta":"","stick-header-meta":"","header-above-stick-meta":"","header-main-stick-meta":"","header-below-stick-meta":"","astra-migrate-meta-layouts":"default","ast-page-background-enabled":"default","ast-page-background-meta":{"desktop":{"background-color":"","background-image":"","background-repeat":"repeat","background-position":"center center","background-size":"auto","background-attachment":"scroll","background-type":"","background-media":"","overlay-type":"","overlay-color":"","overlay-opacity":"","overlay-gradient":""},"tablet":{"background-color":"","background-image":"","background-repeat":"repeat","background-position":"center center","background-size":"auto","background-attachment":"scroll","background-type":"","background-media":"","overlay-type":"","overlay-color":"","overlay-opacity":"","overlay-gradient":""},"mobile":{"background-color":"","background-image":"","background-repeat":"repeat","background-position":"center center","background-size":"auto","background-attachment":"scroll","background-type":"","background-media":"","overlay-type":"","overlay-color":"","overlay-opacity":"","overlay-gradient":""}},"ast-content-background-meta":{"desktop":{"background-color":"var(--ast-global-color-5)","background-image":"","background-repeat":"repeat","background-position":"center center","background-size":"auto","background-attachment":"scroll","background-type":"","background-media":"","overlay-type":"","overlay-color":"","overlay-opacity":"","overlay-gradient":""},"tablet":{"background-color":"var(--ast-global-color-5)","background-image":"","background-repeat":"repeat","background-position":"center center","background-size":"auto","background-attachment":"scroll","background-type":"","background-media":"","overlay-type":"","overlay-color":"","overlay-opacity":"","overlay-gradient":""},"mobile":{"background-color":"var(--ast-global-color-5)","background-image":"","background-repeat":"repeat","background-position":"center center","background-size":"auto","background-attachment":"scroll","background-type":"","background-media":"","overlay-type":"","overlay-color":"","overlay-opacity":"","overlay-gradient":""}}},"product_brand":[],"product_cat":[39],"product_tag":[],"class_list":{"0":"post-7505","1":"product","2":"type-product","3":"status-publish","4":"has-post-thumbnail","6":"product_cat-telova-kozmetika","7":"pa_cena-dopravy-367","8":"pa_doprava-zasilkovna","9":"pa_ean-666","10":"pa_typ-partnersky-predaj","11":"pa_znacka-eliksir","12":"desktop-align-left","13":"tablet-align-left","14":"mobile-align-left","16":"first","17":"instock","18":"product-type-external"},"yoast_head":"<!-- This site is optimized with the Yoast SEO plugin v27.2 - https:\/\/yoast.com\/product\/yoast-seo-wordpress\/ -->\n<title>\u0160ungit kr\u00e9m - Eliks\u00edr - 75 ml - EKO-BIO-NATURA BIO OBCHOD<\/title>\n<meta name=\"robots\" content=\"index, follow, max-snippet:-1, max-image-preview:large, max-video-preview:-1\" \/>\n<link rel=\"canonical\" href=\"https:\/\/www.eko-bio-natura.sk\/shop\/produkt\/sungit-krem-eliksir-75-ml\/\" \/>\n<meta property=\"og:locale\" content=\"sk_SK\" \/>\n<meta property=\"og:type\" content=\"article\" \/>\n<meta property=\"og:title\" content=\"\u0160ungit kr\u00e9m - Eliks\u00edr - 75 ml - EKO-BIO-NATURA BIO OBCHOD\" \/>\n<meta property=\"og:description\" content=\"\u0160ungit kr\u00e9m je \u00fa\u010dinn\u00fd, prirodzen\u00fd prostriedok na prevenciu kostrov\u00fdch stavov, najm\u00e4 ochoren\u00ed k\u013abov a chrbtice. M\u00e1 mimoriadne regenera\u010dn\u00fd \u00fa\u010dinok, zni\u017euje pocit bolesti, zlep\u0161uje mikrocirkul\u00e1ciu v tkaniv\u00e1ch okolo k\u013abov. Jeho vlastnosti s\u00fa: &#8211; podporuje metabolizmus&#8211; zvy\u0161uje krvn\u00fd obeh v mieste pou\u017eitia&#8211; m\u00e1 antiseptick\u00e9, protiz\u00e1palov\u00e9 \u00fa\u010dinky&#8211; podporuje hojenie tkan\u00edv&#8211; m\u00e1 pozit\u00edvny vplyv na priebeh ak\u00fatnych a chronick\u00fdch [&hellip;]\" \/>\n<meta property=\"og:url\" content=\"https:\/\/www.eko-bio-natura.sk\/shop\/produkt\/sungit-krem-eliksir-75-ml\/\" \/>\n<meta property=\"og:site_name\" content=\"EKO-BIO-NATURA BIO OBCHOD\" \/>\n<meta property=\"article:modified_time\" content=\"2022-05-04T14:40:09+00:00\" \/>\n<meta property=\"og:image\" content=\"https:\/\/www.eko-bio-natura.sk\/shop\/wp-content\/uploads\/2021\/12\/9054_szungit-75ml-eliksir.jpg\" \/>\n\t<meta property=\"og:image:width\" content=\"800\" \/>\n\t<meta property=\"og:image:height\" content=\"800\" \/>\n\t<meta property=\"og:image:type\" content=\"image\/jpeg\" \/>\n<meta name=\"twitter:card\" content=\"summary_large_image\" \/>\n<meta name=\"twitter:label1\" content=\"Predpokladan\u00fd \u010das \u010d\u00edtania\" \/>\n\t<meta name=\"twitter:data1\" content=\"2 min\u00faty\" \/>\n<script type=\"application\/ld+json\" class=\"yoast-schema-graph\">{\"@context\":\"https:\/\/schema.org\",\"@graph\":[{\"@type\":\"WebPage\",\"@id\":\"https:\/\/www.eko-bio-natura.sk\/shop\/produkt\/sungit-krem-eliksir-75-ml\/\",\"url\":\"https:\/\/www.eko-bio-natura.sk\/shop\/produkt\/sungit-krem-eliksir-75-ml\/\",\"name\":\"\u0160ungit kr\u00e9m - Eliks\u00edr - 75 ml - EKO-BIO-NATURA BIO OBCHOD\",\"isPartOf\":{\"@id\":\"https:\/\/www.eko-bio-natura.sk\/shop\/#website\"},\"primaryImageOfPage\":{\"@id\":\"https:\/\/www.eko-bio-natura.sk\/shop\/produkt\/sungit-krem-eliksir-75-ml\/#primaryimage\"},\"image\":{\"@id\":\"https:\/\/www.eko-bio-natura.sk\/shop\/produkt\/sungit-krem-eliksir-75-ml\/#primaryimage\"},\"thumbnailUrl\":\"https:\/\/www.eko-bio-natura.sk\/shop\/wp-content\/uploads\/2021\/12\/9054_szungit-75ml-eliksir.jpg\",\"datePublished\":\"2021-12-28T17:11:15+00:00\",\"dateModified\":\"2022-05-04T14:40:09+00:00\",\"breadcrumb\":{\"@id\":\"https:\/\/www.eko-bio-natura.sk\/shop\/produkt\/sungit-krem-eliksir-75-ml\/#breadcrumb\"},\"inLanguage\":\"sk-SK\",\"potentialAction\":[{\"@type\":\"ReadAction\",\"target\":[\"https:\/\/www.eko-bio-natura.sk\/shop\/produkt\/sungit-krem-eliksir-75-ml\/\"]}]},{\"@type\":\"ImageObject\",\"inLanguage\":\"sk-SK\",\"@id\":\"https:\/\/www.eko-bio-natura.sk\/shop\/produkt\/sungit-krem-eliksir-75-ml\/#primaryimage\",\"url\":\"https:\/\/www.eko-bio-natura.sk\/shop\/wp-content\/uploads\/2021\/12\/9054_szungit-75ml-eliksir.jpg\",\"contentUrl\":\"https:\/\/www.eko-bio-natura.sk\/shop\/wp-content\/uploads\/2021\/12\/9054_szungit-75ml-eliksir.jpg\",\"width\":800,\"height\":800},{\"@type\":\"BreadcrumbList\",\"@id\":\"https:\/\/www.eko-bio-natura.sk\/shop\/produkt\/sungit-krem-eliksir-75-ml\/#breadcrumb\",\"itemListElement\":[{\"@type\":\"ListItem\",\"position\":1,\"name\":\"Domovsk\u00e1 str\u00e1nka\",\"item\":\"https:\/\/www.eko-bio-natura.sk\/shop\/\"},{\"@type\":\"ListItem\",\"position\":2,\"name\":\"Obchod\",\"item\":\"https:\/\/www.eko-bio-natura.sk\/shop\/?page_id=6\"},{\"@type\":\"ListItem\",\"position\":3,\"name\":\"\u0160ungit kr\u00e9m &#8211; Eliks\u00edr &#8211; 75 ml\"}]},{\"@type\":\"WebSite\",\"@id\":\"https:\/\/www.eko-bio-natura.sk\/shop\/#website\",\"url\":\"https:\/\/www.eko-bio-natura.sk\/shop\/\",\"name\":\"EKO-BIO-NATURA BIO OBCHOD\",\"description\":\"\",\"publisher\":{\"@id\":\"https:\/\/www.eko-bio-natura.sk\/shop\/#organization\"},\"potentialAction\":[{\"@type\":\"SearchAction\",\"target\":{\"@type\":\"EntryPoint\",\"urlTemplate\":\"https:\/\/www.eko-bio-natura.sk\/shop\/?s={search_term_string}\"},\"query-input\":{\"@type\":\"PropertyValueSpecification\",\"valueRequired\":true,\"valueName\":\"search_term_string\"}}],\"inLanguage\":\"sk-SK\"},{\"@type\":\"Organization\",\"@id\":\"https:\/\/www.eko-bio-natura.sk\/shop\/#organization\",\"name\":\"EKO-BIO-NATURA BIO OBCHOD\",\"url\":\"https:\/\/www.eko-bio-natura.sk\/shop\/\",\"logo\":{\"@type\":\"ImageObject\",\"inLanguage\":\"sk-SK\",\"@id\":\"https:\/\/www.eko-bio-natura.sk\/shop\/#\/schema\/logo\/image\/\",\"url\":\"https:\/\/www.eko-bio-natura.sk\/shop\/wp-content\/uploads\/2021\/04\/eko-bio-natura_logo.png\",\"contentUrl\":\"https:\/\/www.eko-bio-natura.sk\/shop\/wp-content\/uploads\/2021\/04\/eko-bio-natura_logo.png\",\"width\":552,\"height\":194,\"caption\":\"EKO-BIO-NATURA BIO OBCHOD\"},\"image\":{\"@id\":\"https:\/\/www.eko-bio-natura.sk\/shop\/#\/schema\/logo\/image\/\"}}]}<\/script>\n<!-- \/ Yoast SEO plugin. -->","yoast_head_json":{"title":"\u0160ungit kr\u00e9m - Eliks\u00edr - 75 ml - EKO-BIO-NATURA BIO OBCHOD","robots":{"index":"index","follow":"follow","max-snippet":"max-snippet:-1","max-image-preview":"max-image-preview:large","max-video-preview":"max-video-preview:-1"},"canonical":"https:\/\/www.eko-bio-natura.sk\/shop\/produkt\/sungit-krem-eliksir-75-ml\/","og_locale":"sk_SK","og_type":"article","og_title":"\u0160ungit kr\u00e9m - Eliks\u00edr - 75 ml - EKO-BIO-NATURA BIO OBCHOD","og_description":"\u0160ungit kr\u00e9m je \u00fa\u010dinn\u00fd, prirodzen\u00fd prostriedok na prevenciu kostrov\u00fdch stavov, najm\u00e4 ochoren\u00ed k\u013abov a chrbtice. M\u00e1 mimoriadne regenera\u010dn\u00fd \u00fa\u010dinok, zni\u017euje pocit bolesti, zlep\u0161uje mikrocirkul\u00e1ciu v tkaniv\u00e1ch okolo k\u013abov. Jeho vlastnosti s\u00fa: &#8211; podporuje metabolizmus&#8211; zvy\u0161uje krvn\u00fd obeh v mieste pou\u017eitia&#8211; m\u00e1 antiseptick\u00e9, protiz\u00e1palov\u00e9 \u00fa\u010dinky&#8211; podporuje hojenie tkan\u00edv&#8211; m\u00e1 pozit\u00edvny vplyv na priebeh ak\u00fatnych a chronick\u00fdch [&hellip;]","og_url":"https:\/\/www.eko-bio-natura.sk\/shop\/produkt\/sungit-krem-eliksir-75-ml\/","og_site_name":"EKO-BIO-NATURA BIO OBCHOD","article_modified_time":"2022-05-04T14:40:09+00:00","og_image":[{"width":800,"height":800,"url":"https:\/\/www.eko-bio-natura.sk\/shop\/wp-content\/uploads\/2021\/12\/9054_szungit-75ml-eliksir.jpg","type":"image\/jpeg"}],"twitter_card":"summary_large_image","twitter_misc":{"Predpokladan\u00fd \u010das \u010d\u00edtania":"2 min\u00faty"},"schema":{"@context":"https:\/\/schema.org","@graph":[{"@type":"WebPage","@id":"https:\/\/www.eko-bio-natura.sk\/shop\/produkt\/sungit-krem-eliksir-75-ml\/","url":"https:\/\/www.eko-bio-natura.sk\/shop\/produkt\/sungit-krem-eliksir-75-ml\/","name":"\u0160ungit kr\u00e9m - Eliks\u00edr - 75 ml - EKO-BIO-NATURA BIO OBCHOD","isPartOf":{"@id":"https:\/\/www.eko-bio-natura.sk\/shop\/#website"},"primaryImageOfPage":{"@id":"https:\/\/www.eko-bio-natura.sk\/shop\/produkt\/sungit-krem-eliksir-75-ml\/#primaryimage"},"image":{"@id":"https:\/\/www.eko-bio-natura.sk\/shop\/produkt\/sungit-krem-eliksir-75-ml\/#primaryimage"},"thumbnailUrl":"https:\/\/www.eko-bio-natura.sk\/shop\/wp-content\/uploads\/2021\/12\/9054_szungit-75ml-eliksir.jpg","datePublished":"2021-12-28T17:11:15+00:00","dateModified":"2022-05-04T14:40:09+00:00","breadcrumb":{"@id":"https:\/\/www.eko-bio-natura.sk\/shop\/produkt\/sungit-krem-eliksir-75-ml\/#breadcrumb"},"inLanguage":"sk-SK","potentialAction":[{"@type":"ReadAction","target":["https:\/\/www.eko-bio-natura.sk\/shop\/produkt\/sungit-krem-eliksir-75-ml\/"]}]},{"@type":"ImageObject","inLanguage":"sk-SK","@id":"https:\/\/www.eko-bio-natura.sk\/shop\/produkt\/sungit-krem-eliksir-75-ml\/#primaryimage","url":"https:\/\/www.eko-bio-natura.sk\/shop\/wp-content\/uploads\/2021\/12\/9054_szungit-75ml-eliksir.jpg","contentUrl":"https:\/\/www.eko-bio-natura.sk\/shop\/wp-content\/uploads\/2021\/12\/9054_szungit-75ml-eliksir.jpg","width":800,"height":800},{"@type":"BreadcrumbList","@id":"https:\/\/www.eko-bio-natura.sk\/shop\/produkt\/sungit-krem-eliksir-75-ml\/#breadcrumb","itemListElement":[{"@type":"ListItem","position":1,"name":"Domovsk\u00e1 str\u00e1nka","item":"https:\/\/www.eko-bio-natura.sk\/shop\/"},{"@type":"ListItem","position":2,"name":"Obchod","item":"https:\/\/www.eko-bio-natura.sk\/shop\/?page_id=6"},{"@type":"ListItem","position":3,"name":"\u0160ungit kr\u00e9m &#8211; Eliks\u00edr &#8211; 75 ml"}]},{"@type":"WebSite","@id":"https:\/\/www.eko-bio-natura.sk\/shop\/#website","url":"https:\/\/www.eko-bio-natura.sk\/shop\/","name":"EKO-BIO-NATURA BIO OBCHOD","description":"","publisher":{"@id":"https:\/\/www.eko-bio-natura.sk\/shop\/#organization"},"potentialAction":[{"@type":"SearchAction","target":{"@type":"EntryPoint","urlTemplate":"https:\/\/www.eko-bio-natura.sk\/shop\/?s={search_term_string}"},"query-input":{"@type":"PropertyValueSpecification","valueRequired":true,"valueName":"search_term_string"}}],"inLanguage":"sk-SK"},{"@type":"Organization","@id":"https:\/\/www.eko-bio-natura.sk\/shop\/#organization","name":"EKO-BIO-NATURA BIO OBCHOD","url":"https:\/\/www.eko-bio-natura.sk\/shop\/","logo":{"@type":"ImageObject","inLanguage":"sk-SK","@id":"https:\/\/www.eko-bio-natura.sk\/shop\/#\/schema\/logo\/image\/","url":"https:\/\/www.eko-bio-natura.sk\/shop\/wp-content\/uploads\/2021\/04\/eko-bio-natura_logo.png","contentUrl":"https:\/\/www.eko-bio-natura.sk\/shop\/wp-content\/uploads\/2021\/04\/eko-bio-natura_logo.png","width":552,"height":194,"caption":"EKO-BIO-NATURA BIO OBCHOD"},"image":{"@id":"https:\/\/www.eko-bio-natura.sk\/shop\/#\/schema\/logo\/image\/"}}]}},"_links":{"self":[{"href":"https:\/\/www.eko-bio-natura.sk\/shop\/wp-json\/wp\/v2\/product\/7505","targetHints":{"allow":["GET"]}}],"collection":[{"href":"https:\/\/www.eko-bio-natura.sk\/shop\/wp-json\/wp\/v2\/product"}],"about":[{"href":"https:\/\/www.eko-bio-natura.sk\/shop\/wp-json\/wp\/v2\/types\/product"}],"replies":[{"embeddable":true,"href":"https:\/\/www.eko-bio-natura.sk\/shop\/wp-json\/wp\/v2\/comments?post=7505"}],"wp:featuredmedia":[{"embeddable":true,"href":"https:\/\/www.eko-bio-natura.sk\/shop\/wp-json\/wp\/v2\/media\/7506"}],"wp:attachment":[{"href":"https:\/\/www.eko-bio-natura.sk\/shop\/wp-json\/wp\/v2\/media?parent=7505"}],"wp:term":[{"taxonomy":"product_brand","embeddable":true,"href":"https:\/\/www.eko-bio-natura.sk\/shop\/wp-json\/wp\/v2\/product_brand?post=7505"},{"taxonomy":"product_cat","embeddable":true,"href":"https:\/\/www.eko-bio-natura.sk\/shop\/wp-json\/wp\/v2\/product_cat?post=7505"},{"taxonomy":"product_tag","embeddable":true,"href":"https:\/\/www.eko-bio-natura.sk\/shop\/wp-json\/wp\/v2\/product_tag?post=7505"}],"curies":[{"name":"wp","href":"https:\/\/api.w.org\/{rel}","templated":true}]}}