{"id":7499,"date":"2021-12-28T18:10:33","date_gmt":"2021-12-28T17:10:33","guid":{"rendered":"https:\/\/www.eko-bio-natura.sk\/shop\/index.php\/produkt\/babicka-agafia-tradicny-sibirsky-balzam-na-vlasy-na-baze-kvetoveho-propolisu-pre-objem-a-krasu-vlasov-c-4-babicka-agafa-550-ml\/"},"modified":"2022-05-04T16:40:00","modified_gmt":"2022-05-04T14:40:00","slug":"babicka-agafia-tradicny-sibirsky-balzam-na-vlasy-na-baze-kvetoveho-propolisu-pre-objem-a-krasu-vlasov-c-4-babicka-agafa-550-ml","status":"publish","type":"product","link":"https:\/\/www.eko-bio-natura.sk\/shop\/produkt\/babicka-agafia-tradicny-sibirsky-balzam-na-vlasy-na-baze-kvetoveho-propolisu-pre-objem-a-krasu-vlasov-c-4-babicka-agafa-550-ml\/","title":{"rendered":"Babi\u010dka Agafia Tradi\u010dn\u00fd sib\u00edrsky balzam na vlasy na b\u00e1ze kvetov\u00e9ho propolisu \u2013 pre objem a kr\u00e1su vlasov \u010d. 4 &#8211; Babi\u010dka Agafa &#8211; 550 ml"},"content":{"rendered":"<p style=\"font-weight: 400;\"><span style=\"font-family: verdana, geneva; font-size: 12pt;\"><a href=\"https:\/\/www.herbatica.sk\/med-a-produkty\/\"><strong>Propolis<\/strong><\/a> pom\u00e1ha obnovi\u0165 \u017eivotn\u00fa silu, udr\u017ea\u0165 si kr\u00e1su a mlados\u0165. Sib\u00edrska bylink\u00e1rka Ag\u00e1ta&nbsp;\u010dasto pou\u017e\u00edvala propolis pri pr\u00edprave \u0161amp\u00f3nov na vlasy. Babi\u010dka Ag\u00e1ta v\u017edy hovorila: \u201eAby vlasy tvoje kr\u00e1sne a bohat\u00e9 boli, vezmi propolis z kvetov pekn\u00fdch a rozko\u0161n\u00fdch. Propolis vyl\u00fahuj v \u017eivici \u0161i\u0161iek chme\u013eov\u00fdch a mede z kvetov komonice, potom opl\u00e1chni vlasy svoje pre dobro a kr\u00e1su nep\u00edsan\u00fa.&#8220;<\/span><\/p>\n<p style=\"font-weight: 400;\"><span style=\"font-family: verdana, geneva; font-size: 12pt;\">Pre dodanie e\u0161te v\u00e4\u010d\u0161ieho objemu a hebkosti bol pri pr\u00edprave balzamu, ktor\u00e9ho z\u00e1kladom je kvetov\u00fd propolis, doplnen\u00fd&nbsp; recept babi\u010dky Agafy <strong>o organick\u00fd kvetov\u00fd vosk, \u00e9terick\u00fd olej t\u00fa\u017eobn\u00edka, \u00e9terick\u00fd olej verbeny a propolisov\u00e9 mlie\u010dko.<\/strong><\/span><\/p>\n<p style=\"font-weight: 400;\"><span style=\"font-family: verdana, geneva; font-size: 12pt;\"><strong>Sp\u00f4sob pou\u017eitia:<\/strong>&nbsp;Naneste balzam na vlhk\u00e9 a umyt\u00e9 vlasy. Nechajte p\u00f4sobi\u0165 1-2 min. Potom opl\u00e1chnite vodou.<\/span><\/p>\n<p style=\"font-weight: 400;\"><span style=\"font-family: verdana, geneva; font-size: 12pt;\"><strong>Upozornenie:<\/strong>&nbsp;Nepou\u017e\u00edvajte pri nezn\u00e1\u0161anlivosti jednotliv\u00fdch zlo\u017eiek tohto pr\u00edpravku.<\/span><\/p>\n<p style=\"font-weight: 400;\"><span style=\"font-family: verdana, geneva; font-size: 12pt;\"><strong>Objem:<\/strong>&nbsp;550 ml<\/span><\/p>\n<p style=\"font-weight: 400;\"><span style=\"font-family: verdana, geneva; font-size: 12pt;\"><strong>Krajina p\u00f4vodu:<\/strong> EU<\/span><\/p>\n<p style=\"font-weight: 400;\"><span style=\"font-family: verdana, geneva; font-size: 12pt;\"><strong>Skladovanie:<\/strong>&nbsp;pri teplote od +5 do +25 stup\u0148ov<\/span><\/p>\n","protected":false},"excerpt":{"rendered":"<p>Propolis pom\u00e1ha obnovi\u0165 \u017eivotn\u00fa silu, udr\u017ea\u0165 si kr\u00e1su a mlados\u0165. Sib\u00edrska bylink\u00e1rka Ag\u00e1ta&nbsp;\u010dasto pou\u017e\u00edvala propolis pri pr\u00edprave \u0161amp\u00f3nov na vlasy. Babi\u010dka Ag\u00e1ta v\u017edy hovorila: \u201eAby vlasy tvoje kr\u00e1sne a bohat\u00e9 boli, vezmi propolis z kvetov pekn\u00fdch a rozko\u0161n\u00fdch. Propolis vyl\u00fahuj v \u017eivici \u0161i\u0161iek chme\u013eov\u00fdch a mede z kvetov komonice, potom opl\u00e1chni vlasy svoje pre dobro [&hellip;]<\/p>\n","protected":false},"featured_media":7500,"comment_status":"open","ping_status":"open","template":"","meta":{"site-sidebar-layout":"default","site-content-layout":"","ast-site-content-layout":"default","site-content-style":"default","site-sidebar-style":"default","ast-global-header-display":"","ast-banner-title-visibility":"","ast-main-header-display":"","ast-hfb-above-header-display":"","ast-hfb-below-header-display":"","ast-hfb-mobile-header-display":"","site-post-title":"","ast-breadcrumbs-content":"","ast-featured-img":"","footer-sml-layout":"","ast-disable-related-posts":"","theme-transparent-header-meta":"","adv-header-id-meta":"","stick-header-meta":"","header-above-stick-meta":"","header-main-stick-meta":"","header-below-stick-meta":"","astra-migrate-meta-layouts":"default","ast-page-background-enabled":"default","ast-page-background-meta":{"desktop":{"background-color":"","background-image":"","background-repeat":"repeat","background-position":"center center","background-size":"auto","background-attachment":"scroll","background-type":"","background-media":"","overlay-type":"","overlay-color":"","overlay-opacity":"","overlay-gradient":""},"tablet":{"background-color":"","background-image":"","background-repeat":"repeat","background-position":"center center","background-size":"auto","background-attachment":"scroll","background-type":"","background-media":"","overlay-type":"","overlay-color":"","overlay-opacity":"","overlay-gradient":""},"mobile":{"background-color":"","background-image":"","background-repeat":"repeat","background-position":"center center","background-size":"auto","background-attachment":"scroll","background-type":"","background-media":"","overlay-type":"","overlay-color":"","overlay-opacity":"","overlay-gradient":""}},"ast-content-background-meta":{"desktop":{"background-color":"var(--ast-global-color-5)","background-image":"","background-repeat":"repeat","background-position":"center center","background-size":"auto","background-attachment":"scroll","background-type":"","background-media":"","overlay-type":"","overlay-color":"","overlay-opacity":"","overlay-gradient":""},"tablet":{"background-color":"var(--ast-global-color-5)","background-image":"","background-repeat":"repeat","background-position":"center center","background-size":"auto","background-attachment":"scroll","background-type":"","background-media":"","overlay-type":"","overlay-color":"","overlay-opacity":"","overlay-gradient":""},"mobile":{"background-color":"var(--ast-global-color-5)","background-image":"","background-repeat":"repeat","background-position":"center center","background-size":"auto","background-attachment":"scroll","background-type":"","background-media":"","overlay-type":"","overlay-color":"","overlay-opacity":"","overlay-gradient":""}}},"product_brand":[],"product_cat":[19,187,30],"product_tag":[],"class_list":{"0":"post-7499","1":"product","2":"type-product","3":"status-publish","4":"has-post-thumbnail","6":"product_cat-prirodna-kozmetika","7":"product_cat-tradicna-ruska-medicina","8":"product_cat-vlasova-kozmetika","9":"pa_cena-dopravy-367","10":"pa_doprava-zasilkovna","11":"pa_ean-634","12":"pa_typ-partnersky-predaj","13":"pa_znacka-babicka-agafia","14":"desktop-align-left","15":"tablet-align-left","16":"mobile-align-left","18":"first","19":"instock","20":"product-type-external"},"yoast_head":"<!-- This site is optimized with the Yoast SEO plugin v27.2 - https:\/\/yoast.com\/product\/yoast-seo-wordpress\/ -->\n<title>Babi\u010dka Agafia Tradi\u010dn\u00fd sib\u00edrsky balzam na vlasy na b\u00e1ze kvetov\u00e9ho propolisu \u2013 pre objem a kr\u00e1su vlasov \u010d. 4 - Babi\u010dka Agafa - 550 ml - EKO-BIO-NATURA BIO OBCHOD<\/title>\n<meta name=\"robots\" content=\"index, follow, max-snippet:-1, max-image-preview:large, max-video-preview:-1\" \/>\n<link rel=\"canonical\" href=\"https:\/\/www.eko-bio-natura.sk\/shop\/produkt\/babicka-agafia-tradicny-sibirsky-balzam-na-vlasy-na-baze-kvetoveho-propolisu-pre-objem-a-krasu-vlasov-c-4-babicka-agafa-550-ml\/\" \/>\n<meta property=\"og:locale\" content=\"sk_SK\" \/>\n<meta property=\"og:type\" content=\"article\" \/>\n<meta property=\"og:title\" content=\"Babi\u010dka Agafia Tradi\u010dn\u00fd sib\u00edrsky balzam na vlasy na b\u00e1ze kvetov\u00e9ho propolisu \u2013 pre objem a kr\u00e1su vlasov \u010d. 4 - Babi\u010dka Agafa - 550 ml - EKO-BIO-NATURA BIO OBCHOD\" \/>\n<meta property=\"og:description\" content=\"Propolis pom\u00e1ha obnovi\u0165 \u017eivotn\u00fa silu, udr\u017ea\u0165 si kr\u00e1su a mlados\u0165. Sib\u00edrska bylink\u00e1rka Ag\u00e1ta&nbsp;\u010dasto pou\u017e\u00edvala propolis pri pr\u00edprave \u0161amp\u00f3nov na vlasy. Babi\u010dka Ag\u00e1ta v\u017edy hovorila: \u201eAby vlasy tvoje kr\u00e1sne a bohat\u00e9 boli, vezmi propolis z kvetov pekn\u00fdch a rozko\u0161n\u00fdch. Propolis vyl\u00fahuj v \u017eivici \u0161i\u0161iek chme\u013eov\u00fdch a mede z kvetov komonice, potom opl\u00e1chni vlasy svoje pre dobro [&hellip;]\" \/>\n<meta property=\"og:url\" content=\"https:\/\/www.eko-bio-natura.sk\/shop\/produkt\/babicka-agafia-tradicny-sibirsky-balzam-na-vlasy-na-baze-kvetoveho-propolisu-pre-objem-a-krasu-vlasov-c-4-babicka-agafa-550-ml\/\" \/>\n<meta property=\"og:site_name\" content=\"EKO-BIO-NATURA BIO OBCHOD\" \/>\n<meta property=\"article:modified_time\" content=\"2022-05-04T14:40:00+00:00\" \/>\n<meta property=\"og:image\" content=\"https:\/\/www.eko-bio-natura.sk\/shop\/wp-content\/uploads\/2021\/12\/8415_41tl4toklnl.jpg\" \/>\n\t<meta property=\"og:image:width\" content=\"177\" \/>\n\t<meta property=\"og:image:height\" content=\"500\" \/>\n\t<meta property=\"og:image:type\" content=\"image\/jpeg\" \/>\n<meta name=\"twitter:card\" content=\"summary_large_image\" \/>\n<meta name=\"twitter:label1\" content=\"Predpokladan\u00fd \u010das \u010d\u00edtania\" \/>\n\t<meta name=\"twitter:data1\" content=\"1 min\u00fata\" \/>\n<script type=\"application\/ld+json\" class=\"yoast-schema-graph\">{\"@context\":\"https:\/\/schema.org\",\"@graph\":[{\"@type\":\"WebPage\",\"@id\":\"https:\/\/www.eko-bio-natura.sk\/shop\/produkt\/babicka-agafia-tradicny-sibirsky-balzam-na-vlasy-na-baze-kvetoveho-propolisu-pre-objem-a-krasu-vlasov-c-4-babicka-agafa-550-ml\/\",\"url\":\"https:\/\/www.eko-bio-natura.sk\/shop\/produkt\/babicka-agafia-tradicny-sibirsky-balzam-na-vlasy-na-baze-kvetoveho-propolisu-pre-objem-a-krasu-vlasov-c-4-babicka-agafa-550-ml\/\",\"name\":\"Babi\u010dka Agafia Tradi\u010dn\u00fd sib\u00edrsky balzam na vlasy na b\u00e1ze kvetov\u00e9ho propolisu \u2013 pre objem a kr\u00e1su vlasov \u010d. 4 - Babi\u010dka Agafa - 550 ml - EKO-BIO-NATURA BIO OBCHOD\",\"isPartOf\":{\"@id\":\"https:\/\/www.eko-bio-natura.sk\/shop\/#website\"},\"primaryImageOfPage\":{\"@id\":\"https:\/\/www.eko-bio-natura.sk\/shop\/produkt\/babicka-agafia-tradicny-sibirsky-balzam-na-vlasy-na-baze-kvetoveho-propolisu-pre-objem-a-krasu-vlasov-c-4-babicka-agafa-550-ml\/#primaryimage\"},\"image\":{\"@id\":\"https:\/\/www.eko-bio-natura.sk\/shop\/produkt\/babicka-agafia-tradicny-sibirsky-balzam-na-vlasy-na-baze-kvetoveho-propolisu-pre-objem-a-krasu-vlasov-c-4-babicka-agafa-550-ml\/#primaryimage\"},\"thumbnailUrl\":\"https:\/\/www.eko-bio-natura.sk\/shop\/wp-content\/uploads\/2021\/12\/8415_41tl4toklnl.jpg\",\"datePublished\":\"2021-12-28T17:10:33+00:00\",\"dateModified\":\"2022-05-04T14:40:00+00:00\",\"breadcrumb\":{\"@id\":\"https:\/\/www.eko-bio-natura.sk\/shop\/produkt\/babicka-agafia-tradicny-sibirsky-balzam-na-vlasy-na-baze-kvetoveho-propolisu-pre-objem-a-krasu-vlasov-c-4-babicka-agafa-550-ml\/#breadcrumb\"},\"inLanguage\":\"sk-SK\",\"potentialAction\":[{\"@type\":\"ReadAction\",\"target\":[\"https:\/\/www.eko-bio-natura.sk\/shop\/produkt\/babicka-agafia-tradicny-sibirsky-balzam-na-vlasy-na-baze-kvetoveho-propolisu-pre-objem-a-krasu-vlasov-c-4-babicka-agafa-550-ml\/\"]}]},{\"@type\":\"ImageObject\",\"inLanguage\":\"sk-SK\",\"@id\":\"https:\/\/www.eko-bio-natura.sk\/shop\/produkt\/babicka-agafia-tradicny-sibirsky-balzam-na-vlasy-na-baze-kvetoveho-propolisu-pre-objem-a-krasu-vlasov-c-4-babicka-agafa-550-ml\/#primaryimage\",\"url\":\"https:\/\/www.eko-bio-natura.sk\/shop\/wp-content\/uploads\/2021\/12\/8415_41tl4toklnl.jpg\",\"contentUrl\":\"https:\/\/www.eko-bio-natura.sk\/shop\/wp-content\/uploads\/2021\/12\/8415_41tl4toklnl.jpg\",\"width\":177,\"height\":500},{\"@type\":\"BreadcrumbList\",\"@id\":\"https:\/\/www.eko-bio-natura.sk\/shop\/produkt\/babicka-agafia-tradicny-sibirsky-balzam-na-vlasy-na-baze-kvetoveho-propolisu-pre-objem-a-krasu-vlasov-c-4-babicka-agafa-550-ml\/#breadcrumb\",\"itemListElement\":[{\"@type\":\"ListItem\",\"position\":1,\"name\":\"Domovsk\u00e1 str\u00e1nka\",\"item\":\"https:\/\/www.eko-bio-natura.sk\/shop\/\"},{\"@type\":\"ListItem\",\"position\":2,\"name\":\"Obchod\",\"item\":\"https:\/\/www.eko-bio-natura.sk\/shop\/?page_id=6\"},{\"@type\":\"ListItem\",\"position\":3,\"name\":\"Babi\u010dka Agafia Tradi\u010dn\u00fd sib\u00edrsky balzam na vlasy na b\u00e1ze kvetov\u00e9ho propolisu \u2013 pre objem a kr\u00e1su vlasov \u010d. 4 &#8211; Babi\u010dka Agafa &#8211; 550 ml\"}]},{\"@type\":\"WebSite\",\"@id\":\"https:\/\/www.eko-bio-natura.sk\/shop\/#website\",\"url\":\"https:\/\/www.eko-bio-natura.sk\/shop\/\",\"name\":\"EKO-BIO-NATURA BIO OBCHOD\",\"description\":\"\",\"publisher\":{\"@id\":\"https:\/\/www.eko-bio-natura.sk\/shop\/#organization\"},\"potentialAction\":[{\"@type\":\"SearchAction\",\"target\":{\"@type\":\"EntryPoint\",\"urlTemplate\":\"https:\/\/www.eko-bio-natura.sk\/shop\/?s={search_term_string}\"},\"query-input\":{\"@type\":\"PropertyValueSpecification\",\"valueRequired\":true,\"valueName\":\"search_term_string\"}}],\"inLanguage\":\"sk-SK\"},{\"@type\":\"Organization\",\"@id\":\"https:\/\/www.eko-bio-natura.sk\/shop\/#organization\",\"name\":\"EKO-BIO-NATURA BIO OBCHOD\",\"url\":\"https:\/\/www.eko-bio-natura.sk\/shop\/\",\"logo\":{\"@type\":\"ImageObject\",\"inLanguage\":\"sk-SK\",\"@id\":\"https:\/\/www.eko-bio-natura.sk\/shop\/#\/schema\/logo\/image\/\",\"url\":\"https:\/\/www.eko-bio-natura.sk\/shop\/wp-content\/uploads\/2021\/04\/eko-bio-natura_logo.png\",\"contentUrl\":\"https:\/\/www.eko-bio-natura.sk\/shop\/wp-content\/uploads\/2021\/04\/eko-bio-natura_logo.png\",\"width\":552,\"height\":194,\"caption\":\"EKO-BIO-NATURA BIO OBCHOD\"},\"image\":{\"@id\":\"https:\/\/www.eko-bio-natura.sk\/shop\/#\/schema\/logo\/image\/\"}}]}<\/script>\n<!-- \/ Yoast SEO plugin. -->","yoast_head_json":{"title":"Babi\u010dka Agafia Tradi\u010dn\u00fd sib\u00edrsky balzam na vlasy na b\u00e1ze kvetov\u00e9ho propolisu \u2013 pre objem a kr\u00e1su vlasov \u010d. 4 - Babi\u010dka Agafa - 550 ml - EKO-BIO-NATURA BIO OBCHOD","robots":{"index":"index","follow":"follow","max-snippet":"max-snippet:-1","max-image-preview":"max-image-preview:large","max-video-preview":"max-video-preview:-1"},"canonical":"https:\/\/www.eko-bio-natura.sk\/shop\/produkt\/babicka-agafia-tradicny-sibirsky-balzam-na-vlasy-na-baze-kvetoveho-propolisu-pre-objem-a-krasu-vlasov-c-4-babicka-agafa-550-ml\/","og_locale":"sk_SK","og_type":"article","og_title":"Babi\u010dka Agafia Tradi\u010dn\u00fd sib\u00edrsky balzam na vlasy na b\u00e1ze kvetov\u00e9ho propolisu \u2013 pre objem a kr\u00e1su vlasov \u010d. 4 - Babi\u010dka Agafa - 550 ml - EKO-BIO-NATURA BIO OBCHOD","og_description":"Propolis pom\u00e1ha obnovi\u0165 \u017eivotn\u00fa silu, udr\u017ea\u0165 si kr\u00e1su a mlados\u0165. Sib\u00edrska bylink\u00e1rka Ag\u00e1ta&nbsp;\u010dasto pou\u017e\u00edvala propolis pri pr\u00edprave \u0161amp\u00f3nov na vlasy. Babi\u010dka Ag\u00e1ta v\u017edy hovorila: \u201eAby vlasy tvoje kr\u00e1sne a bohat\u00e9 boli, vezmi propolis z kvetov pekn\u00fdch a rozko\u0161n\u00fdch. Propolis vyl\u00fahuj v \u017eivici \u0161i\u0161iek chme\u013eov\u00fdch a mede z kvetov komonice, potom opl\u00e1chni vlasy svoje pre dobro [&hellip;]","og_url":"https:\/\/www.eko-bio-natura.sk\/shop\/produkt\/babicka-agafia-tradicny-sibirsky-balzam-na-vlasy-na-baze-kvetoveho-propolisu-pre-objem-a-krasu-vlasov-c-4-babicka-agafa-550-ml\/","og_site_name":"EKO-BIO-NATURA BIO OBCHOD","article_modified_time":"2022-05-04T14:40:00+00:00","og_image":[{"width":177,"height":500,"url":"https:\/\/www.eko-bio-natura.sk\/shop\/wp-content\/uploads\/2021\/12\/8415_41tl4toklnl.jpg","type":"image\/jpeg"}],"twitter_card":"summary_large_image","twitter_misc":{"Predpokladan\u00fd \u010das \u010d\u00edtania":"1 min\u00fata"},"schema":{"@context":"https:\/\/schema.org","@graph":[{"@type":"WebPage","@id":"https:\/\/www.eko-bio-natura.sk\/shop\/produkt\/babicka-agafia-tradicny-sibirsky-balzam-na-vlasy-na-baze-kvetoveho-propolisu-pre-objem-a-krasu-vlasov-c-4-babicka-agafa-550-ml\/","url":"https:\/\/www.eko-bio-natura.sk\/shop\/produkt\/babicka-agafia-tradicny-sibirsky-balzam-na-vlasy-na-baze-kvetoveho-propolisu-pre-objem-a-krasu-vlasov-c-4-babicka-agafa-550-ml\/","name":"Babi\u010dka Agafia Tradi\u010dn\u00fd sib\u00edrsky balzam na vlasy na b\u00e1ze kvetov\u00e9ho propolisu \u2013 pre objem a kr\u00e1su vlasov \u010d. 4 - Babi\u010dka Agafa - 550 ml - EKO-BIO-NATURA BIO OBCHOD","isPartOf":{"@id":"https:\/\/www.eko-bio-natura.sk\/shop\/#website"},"primaryImageOfPage":{"@id":"https:\/\/www.eko-bio-natura.sk\/shop\/produkt\/babicka-agafia-tradicny-sibirsky-balzam-na-vlasy-na-baze-kvetoveho-propolisu-pre-objem-a-krasu-vlasov-c-4-babicka-agafa-550-ml\/#primaryimage"},"image":{"@id":"https:\/\/www.eko-bio-natura.sk\/shop\/produkt\/babicka-agafia-tradicny-sibirsky-balzam-na-vlasy-na-baze-kvetoveho-propolisu-pre-objem-a-krasu-vlasov-c-4-babicka-agafa-550-ml\/#primaryimage"},"thumbnailUrl":"https:\/\/www.eko-bio-natura.sk\/shop\/wp-content\/uploads\/2021\/12\/8415_41tl4toklnl.jpg","datePublished":"2021-12-28T17:10:33+00:00","dateModified":"2022-05-04T14:40:00+00:00","breadcrumb":{"@id":"https:\/\/www.eko-bio-natura.sk\/shop\/produkt\/babicka-agafia-tradicny-sibirsky-balzam-na-vlasy-na-baze-kvetoveho-propolisu-pre-objem-a-krasu-vlasov-c-4-babicka-agafa-550-ml\/#breadcrumb"},"inLanguage":"sk-SK","potentialAction":[{"@type":"ReadAction","target":["https:\/\/www.eko-bio-natura.sk\/shop\/produkt\/babicka-agafia-tradicny-sibirsky-balzam-na-vlasy-na-baze-kvetoveho-propolisu-pre-objem-a-krasu-vlasov-c-4-babicka-agafa-550-ml\/"]}]},{"@type":"ImageObject","inLanguage":"sk-SK","@id":"https:\/\/www.eko-bio-natura.sk\/shop\/produkt\/babicka-agafia-tradicny-sibirsky-balzam-na-vlasy-na-baze-kvetoveho-propolisu-pre-objem-a-krasu-vlasov-c-4-babicka-agafa-550-ml\/#primaryimage","url":"https:\/\/www.eko-bio-natura.sk\/shop\/wp-content\/uploads\/2021\/12\/8415_41tl4toklnl.jpg","contentUrl":"https:\/\/www.eko-bio-natura.sk\/shop\/wp-content\/uploads\/2021\/12\/8415_41tl4toklnl.jpg","width":177,"height":500},{"@type":"BreadcrumbList","@id":"https:\/\/www.eko-bio-natura.sk\/shop\/produkt\/babicka-agafia-tradicny-sibirsky-balzam-na-vlasy-na-baze-kvetoveho-propolisu-pre-objem-a-krasu-vlasov-c-4-babicka-agafa-550-ml\/#breadcrumb","itemListElement":[{"@type":"ListItem","position":1,"name":"Domovsk\u00e1 str\u00e1nka","item":"https:\/\/www.eko-bio-natura.sk\/shop\/"},{"@type":"ListItem","position":2,"name":"Obchod","item":"https:\/\/www.eko-bio-natura.sk\/shop\/?page_id=6"},{"@type":"ListItem","position":3,"name":"Babi\u010dka Agafia Tradi\u010dn\u00fd sib\u00edrsky balzam na vlasy na b\u00e1ze kvetov\u00e9ho propolisu \u2013 pre objem a kr\u00e1su vlasov \u010d. 4 &#8211; Babi\u010dka Agafa &#8211; 550 ml"}]},{"@type":"WebSite","@id":"https:\/\/www.eko-bio-natura.sk\/shop\/#website","url":"https:\/\/www.eko-bio-natura.sk\/shop\/","name":"EKO-BIO-NATURA BIO OBCHOD","description":"","publisher":{"@id":"https:\/\/www.eko-bio-natura.sk\/shop\/#organization"},"potentialAction":[{"@type":"SearchAction","target":{"@type":"EntryPoint","urlTemplate":"https:\/\/www.eko-bio-natura.sk\/shop\/?s={search_term_string}"},"query-input":{"@type":"PropertyValueSpecification","valueRequired":true,"valueName":"search_term_string"}}],"inLanguage":"sk-SK"},{"@type":"Organization","@id":"https:\/\/www.eko-bio-natura.sk\/shop\/#organization","name":"EKO-BIO-NATURA BIO OBCHOD","url":"https:\/\/www.eko-bio-natura.sk\/shop\/","logo":{"@type":"ImageObject","inLanguage":"sk-SK","@id":"https:\/\/www.eko-bio-natura.sk\/shop\/#\/schema\/logo\/image\/","url":"https:\/\/www.eko-bio-natura.sk\/shop\/wp-content\/uploads\/2021\/04\/eko-bio-natura_logo.png","contentUrl":"https:\/\/www.eko-bio-natura.sk\/shop\/wp-content\/uploads\/2021\/04\/eko-bio-natura_logo.png","width":552,"height":194,"caption":"EKO-BIO-NATURA BIO OBCHOD"},"image":{"@id":"https:\/\/www.eko-bio-natura.sk\/shop\/#\/schema\/logo\/image\/"}}]}},"_links":{"self":[{"href":"https:\/\/www.eko-bio-natura.sk\/shop\/wp-json\/wp\/v2\/product\/7499","targetHints":{"allow":["GET"]}}],"collection":[{"href":"https:\/\/www.eko-bio-natura.sk\/shop\/wp-json\/wp\/v2\/product"}],"about":[{"href":"https:\/\/www.eko-bio-natura.sk\/shop\/wp-json\/wp\/v2\/types\/product"}],"replies":[{"embeddable":true,"href":"https:\/\/www.eko-bio-natura.sk\/shop\/wp-json\/wp\/v2\/comments?post=7499"}],"wp:featuredmedia":[{"embeddable":true,"href":"https:\/\/www.eko-bio-natura.sk\/shop\/wp-json\/wp\/v2\/media\/7500"}],"wp:attachment":[{"href":"https:\/\/www.eko-bio-natura.sk\/shop\/wp-json\/wp\/v2\/media?parent=7499"}],"wp:term":[{"taxonomy":"product_brand","embeddable":true,"href":"https:\/\/www.eko-bio-natura.sk\/shop\/wp-json\/wp\/v2\/product_brand?post=7499"},{"taxonomy":"product_cat","embeddable":true,"href":"https:\/\/www.eko-bio-natura.sk\/shop\/wp-json\/wp\/v2\/product_cat?post=7499"},{"taxonomy":"product_tag","embeddable":true,"href":"https:\/\/www.eko-bio-natura.sk\/shop\/wp-json\/wp\/v2\/product_tag?post=7499"}],"curies":[{"name":"wp","href":"https:\/\/api.w.org\/{rel}","templated":true}]}}