{"id":7495,"date":"2021-12-28T18:10:33","date_gmt":"2021-12-28T17:10:33","guid":{"rendered":"https:\/\/www.eko-bio-natura.sk\/shop\/index.php\/produkt\/100-levandulovy-esencialny-olej-botavikos-10-ml\/"},"modified":"2022-05-04T16:39:59","modified_gmt":"2022-05-04T14:39:59","slug":"100-levandulovy-esencialny-olej-botavikos-10-ml","status":"publish","type":"product","link":"https:\/\/www.eko-bio-natura.sk\/shop\/produkt\/100-levandulovy-esencialny-olej-botavikos-10-ml\/","title":{"rendered":"100% levandu\u013eov\u00fd esenci\u00e1lny olej &#8211; Botavikos &#8211; 10 ml"},"content":{"rendered":"<p><span style=\"font-family: verdana, geneva; font-size: 12pt;\">Levandu\u013eov\u00fd olej je h\u00e1dam najpopul\u00e1rnej\u0161\u00edm v\u010faka svojmu bohat\u00e9mu vyu\u017eitiu <strong>v&nbsp;kozmetike<\/strong>, kde vynikaj\u00faco p\u00f4sob\u00ed samostatne&nbsp; alebo ako zlo\u017eka pr\u00edpravkov ur\u010den\u00fdch pre <strong>starostlivos\u0165 o&nbsp;po\u0161koden\u00fa \u010di ve\u013emi citliv\u00fa poko\u017eku<\/strong>. P\u00f4sob\u00ed <strong>protiz\u00e1palovo<\/strong>, odstra\u0148uje podr\u00e1\u017edenie, svrbenie, opuchy, za\u010dervenanie a&nbsp;zbavuje ple\u0165 nepr\u00edjemn\u00e9ho olupovania vrchnej vrstvy poko\u017eky. <strong>Navracia pru\u017enos\u0165 pov\u00e4dnutej a&nbsp;ochabnutej poko\u017eke<\/strong>. V\u010faka&nbsp; <strong>antibakteri\u00e1lnym \u00fa\u010dinkom<\/strong> mo\u017eno olej pou\u017ei\u0165 ak sa objavuje akn\u00e9, uhry, vyr\u00e1\u017eky ale aj pri dermatit\u00eddach a&nbsp;ekz\u00e9moch. <strong>Zosvet\u013euje&nbsp; pigmentov\u00e9 \u0161kvrny<\/strong><\/span><\/p>\n<p><span style=\"font-family: verdana, geneva; font-size: 12pt;\"><strong>V&nbsp;aromaterapii <\/strong>je vhodn\u00fd pri nervovej vy\u010derpanosti, \u00fabytku s\u00edl. Ide\u00e1lne dop\u013a\u0148a medit\u00e1ciu. Pom\u00e1ha pri nespavosti. M\u00e1 poves\u0165 afrodiziaka<\/span><\/p>\n<p><span style=\"font-family: verdana, geneva; font-size: 12pt;\"><strong>SP\u00d4SOB POU\u017dITIA: <\/strong>Do n\u00e1dobky aromalampy naplnenej vodou nakvapka\u0165 5-7 kvapiek oleja na 15m<sup>2 <\/sup>priestoru. Zap\u00e1li\u0165 svie\u010dku v&nbsp;spodnej \u010dasti lampy a&nbsp;vdychova\u0165 vyparovan\u00fa v\u00f4\u0148u 20 min\u00fat ka\u017ed\u00e9 tri hodiny.<\/span><\/p>\n<p><span style=\"font-family: verdana, geneva; font-size: 12pt;\">Olej je mno\u017en\u00e9 pou\u017ei\u0165 na obohatenie kozmetick\u00fdch kr\u00e9mov (2-3 kvapky na 1 \u010cL z\u00e1kladu) alebo pri roz\u010des\u00e1van\u00ed vlasov : 2-3 kvapky nakvapka\u0165 na hrebe\u0148 a&nbsp;roz\u010desa\u0165 vlasy.<\/span><\/p>\n<p><span style=\"font-family: verdana, geneva; font-size: 12pt;\"><strong>UPOZORNENIA<\/strong>:<\/span><\/p>\n<ul>\n<li><span style=\"font-family: verdana, geneva; font-size: 12pt;\">Nepou\u017e\u00edva\u0165 v&nbsp;tehotenstve !<\/span><\/li>\n<li><span style=\"font-family: verdana, geneva; font-size: 12pt;\">Nepou\u017e\u00edva\u0165 pri m\u00e1lokrvnosti!<\/span><\/li>\n<li><span style=\"font-family: verdana, geneva; font-size: 12pt;\">Nepou\u017e\u00edva\u0165, ak u\u017e\u00edvate lieky obsahuj\u00face j\u00f3d alebo \u017eelezo!<\/span><\/li>\n<li><span style=\"font-family: verdana, geneva; font-size: 12pt;\">Nepou\u017e\u00edva\u0165 pri individu\u00e1lnej nezn\u00e1\u0161anlivosti pr\u00edpravku!<\/span><\/li>\n<li><span style=\"font-family: verdana, geneva; font-size: 12pt;\">Pred pou\u017eit\u00edm urobi\u0165 sk\u00fa\u0161ku na zn\u00e1\u0161anlivos\u0165 oleja nasledovn\u00fdm sp\u00f4sobom: zmie\u0161a\u0165 1 \u010cL oby\u010dajn\u00e9ho oleja a&nbsp;1-2 kvapky \u00e9terick\u00e9ho oleja, potrie\u0165 t\u00fdmto roztokom z\u00e1p\u00e4stie. Ak v&nbsp;priebehu 24 hod\u00edn nenastane reakcia, olej mo\u017eno pou\u017e\u00edva\u0165 odpor\u00fa\u010dan\u00fdm sp\u00f4sobom<\/span><\/li>\n<\/ul>\n<p><img decoding=\"async\" src=\"https:\/\/www.herbatica.sk\/user\/documents\/upload\/zlozenia\/1316.jpg\" alt=\"1316\" \/>&nbsp;<\/p>\n<p><span style=\"font-family: verdana, geneva; font-size: 12pt;\"><strong>OBSAH &nbsp;BALENIA<\/strong>: 10 ml<\/span><\/p>\n<p><span style=\"font-family: verdana, geneva; font-size: 12pt;\"><strong>KRAJINA P\u00d4VODU: <\/strong>Rusko<\/span><\/p>\n<p><span style=\"font-family: verdana, geneva; font-size: 12pt;\">Viac o zna\u010dke Botanika a jej produktoch&nbsp;<a href=\"https:\/\/www.herbatica.sk\/znacka\/botanika\/\" target=\"_blank\" rel=\"noopener noreferrer\"><strong>sa dozviete tu.<\/strong><\/a><\/span><\/p>\n","protected":false},"excerpt":{"rendered":"<p>Levandu\u013eov\u00fd olej je h\u00e1dam najpopul\u00e1rnej\u0161\u00edm v\u010faka svojmu bohat\u00e9mu vyu\u017eitiu v&nbsp;kozmetike, kde vynikaj\u00faco p\u00f4sob\u00ed samostatne&nbsp; alebo ako zlo\u017eka pr\u00edpravkov ur\u010den\u00fdch pre starostlivos\u0165 o&nbsp;po\u0161koden\u00fa \u010di ve\u013emi citliv\u00fa poko\u017eku. P\u00f4sob\u00ed protiz\u00e1palovo, odstra\u0148uje podr\u00e1\u017edenie, svrbenie, opuchy, za\u010dervenanie a&nbsp;zbavuje ple\u0165 nepr\u00edjemn\u00e9ho olupovania vrchnej vrstvy poko\u017eky. Navracia pru\u017enos\u0165 pov\u00e4dnutej a&nbsp;ochabnutej poko\u017eke. V\u010faka&nbsp; antibakteri\u00e1lnym \u00fa\u010dinkom mo\u017eno olej pou\u017ei\u0165 ak sa objavuje akn\u00e9, [&hellip;]<\/p>\n","protected":false},"featured_media":7496,"comment_status":"open","ping_status":"open","template":"","meta":{"site-sidebar-layout":"default","site-content-layout":"","ast-site-content-layout":"default","site-content-style":"default","site-sidebar-style":"default","ast-global-header-display":"","ast-banner-title-visibility":"","ast-main-header-display":"","ast-hfb-above-header-display":"","ast-hfb-below-header-display":"","ast-hfb-mobile-header-display":"","site-post-title":"","ast-breadcrumbs-content":"","ast-featured-img":"","footer-sml-layout":"","ast-disable-related-posts":"","theme-transparent-header-meta":"","adv-header-id-meta":"","stick-header-meta":"","header-above-stick-meta":"","header-main-stick-meta":"","header-below-stick-meta":"","astra-migrate-meta-layouts":"default","ast-page-background-enabled":"default","ast-page-background-meta":{"desktop":{"background-color":"","background-image":"","background-repeat":"repeat","background-position":"center center","background-size":"auto","background-attachment":"scroll","background-type":"","background-media":"","overlay-type":"","overlay-color":"","overlay-opacity":"","overlay-gradient":""},"tablet":{"background-color":"","background-image":"","background-repeat":"repeat","background-position":"center center","background-size":"auto","background-attachment":"scroll","background-type":"","background-media":"","overlay-type":"","overlay-color":"","overlay-opacity":"","overlay-gradient":""},"mobile":{"background-color":"","background-image":"","background-repeat":"repeat","background-position":"center center","background-size":"auto","background-attachment":"scroll","background-type":"","background-media":"","overlay-type":"","overlay-color":"","overlay-opacity":"","overlay-gradient":""}},"ast-content-background-meta":{"desktop":{"background-color":"var(--ast-global-color-5)","background-image":"","background-repeat":"repeat","background-position":"center center","background-size":"auto","background-attachment":"scroll","background-type":"","background-media":"","overlay-type":"","overlay-color":"","overlay-opacity":"","overlay-gradient":""},"tablet":{"background-color":"var(--ast-global-color-5)","background-image":"","background-repeat":"repeat","background-position":"center center","background-size":"auto","background-attachment":"scroll","background-type":"","background-media":"","overlay-type":"","overlay-color":"","overlay-opacity":"","overlay-gradient":""},"mobile":{"background-color":"var(--ast-global-color-5)","background-image":"","background-repeat":"repeat","background-position":"center center","background-size":"auto","background-attachment":"scroll","background-type":"","background-media":"","overlay-type":"","overlay-color":"","overlay-opacity":"","overlay-gradient":""}}},"product_brand":[],"product_cat":[17,204,26],"product_tag":[],"class_list":{"0":"post-7495","1":"product","2":"type-product","3":"status-publish","4":"has-post-thumbnail","6":"product_cat-eko-domacnost","7":"product_cat-kozne-problemy","8":"product_cat-prirodne-esencialne-oleje","9":"pa_cena-dopravy-367","10":"pa_doprava-zasilkovna","11":"pa_ean-626","12":"pa_typ-partnersky-predaj","13":"pa_znacka-botavikos","14":"desktop-align-left","15":"tablet-align-left","16":"mobile-align-left","18":"first","19":"instock","20":"product-type-external"},"yoast_head":"<!-- This site is optimized with the Yoast SEO plugin v27.2 - https:\/\/yoast.com\/product\/yoast-seo-wordpress\/ -->\n<title>100% levandu\u013eov\u00fd esenci\u00e1lny olej - Botavikos - 10 ml - EKO-BIO-NATURA BIO OBCHOD<\/title>\n<meta name=\"robots\" content=\"index, follow, max-snippet:-1, max-image-preview:large, max-video-preview:-1\" \/>\n<link rel=\"canonical\" href=\"https:\/\/www.eko-bio-natura.sk\/shop\/produkt\/100-levandulovy-esencialny-olej-botavikos-10-ml\/\" \/>\n<meta property=\"og:locale\" content=\"sk_SK\" \/>\n<meta property=\"og:type\" content=\"article\" \/>\n<meta property=\"og:title\" content=\"100% levandu\u013eov\u00fd esenci\u00e1lny olej - Botavikos - 10 ml - EKO-BIO-NATURA BIO OBCHOD\" \/>\n<meta property=\"og:description\" content=\"Levandu\u013eov\u00fd olej je h\u00e1dam najpopul\u00e1rnej\u0161\u00edm v\u010faka svojmu bohat\u00e9mu vyu\u017eitiu v&nbsp;kozmetike, kde vynikaj\u00faco p\u00f4sob\u00ed samostatne&nbsp; alebo ako zlo\u017eka pr\u00edpravkov ur\u010den\u00fdch pre starostlivos\u0165 o&nbsp;po\u0161koden\u00fa \u010di ve\u013emi citliv\u00fa poko\u017eku. P\u00f4sob\u00ed protiz\u00e1palovo, odstra\u0148uje podr\u00e1\u017edenie, svrbenie, opuchy, za\u010dervenanie a&nbsp;zbavuje ple\u0165 nepr\u00edjemn\u00e9ho olupovania vrchnej vrstvy poko\u017eky. Navracia pru\u017enos\u0165 pov\u00e4dnutej a&nbsp;ochabnutej poko\u017eke. V\u010faka&nbsp; antibakteri\u00e1lnym \u00fa\u010dinkom mo\u017eno olej pou\u017ei\u0165 ak sa objavuje akn\u00e9, [&hellip;]\" \/>\n<meta property=\"og:url\" content=\"https:\/\/www.eko-bio-natura.sk\/shop\/produkt\/100-levandulovy-esencialny-olej-botavikos-10-ml\/\" \/>\n<meta property=\"og:site_name\" content=\"EKO-BIO-NATURA BIO OBCHOD\" \/>\n<meta property=\"article:modified_time\" content=\"2022-05-04T14:39:59+00:00\" \/>\n<meta property=\"og:image\" content=\"https:\/\/www.eko-bio-natura.sk\/shop\/wp-content\/uploads\/2021\/12\/8238_100-levandulovy-esencialny-olej-botavikos-10-ml-scaled.jpg\" \/>\n\t<meta property=\"og:image:width\" content=\"1706\" \/>\n\t<meta property=\"og:image:height\" content=\"2560\" \/>\n\t<meta property=\"og:image:type\" content=\"image\/jpeg\" \/>\n<meta name=\"twitter:card\" content=\"summary_large_image\" \/>\n<meta name=\"twitter:label1\" content=\"Predpokladan\u00fd \u010das \u010d\u00edtania\" \/>\n\t<meta name=\"twitter:data1\" content=\"2 min\u00faty\" \/>\n<script type=\"application\/ld+json\" class=\"yoast-schema-graph\">{\"@context\":\"https:\/\/schema.org\",\"@graph\":[{\"@type\":\"WebPage\",\"@id\":\"https:\/\/www.eko-bio-natura.sk\/shop\/produkt\/100-levandulovy-esencialny-olej-botavikos-10-ml\/\",\"url\":\"https:\/\/www.eko-bio-natura.sk\/shop\/produkt\/100-levandulovy-esencialny-olej-botavikos-10-ml\/\",\"name\":\"100% levandu\u013eov\u00fd esenci\u00e1lny olej - Botavikos - 10 ml - EKO-BIO-NATURA BIO OBCHOD\",\"isPartOf\":{\"@id\":\"https:\/\/www.eko-bio-natura.sk\/shop\/#website\"},\"primaryImageOfPage\":{\"@id\":\"https:\/\/www.eko-bio-natura.sk\/shop\/produkt\/100-levandulovy-esencialny-olej-botavikos-10-ml\/#primaryimage\"},\"image\":{\"@id\":\"https:\/\/www.eko-bio-natura.sk\/shop\/produkt\/100-levandulovy-esencialny-olej-botavikos-10-ml\/#primaryimage\"},\"thumbnailUrl\":\"https:\/\/www.eko-bio-natura.sk\/shop\/wp-content\/uploads\/2021\/12\/8238_100-levandulovy-esencialny-olej-botavikos-10-ml-scaled.jpg\",\"datePublished\":\"2021-12-28T17:10:33+00:00\",\"dateModified\":\"2022-05-04T14:39:59+00:00\",\"breadcrumb\":{\"@id\":\"https:\/\/www.eko-bio-natura.sk\/shop\/produkt\/100-levandulovy-esencialny-olej-botavikos-10-ml\/#breadcrumb\"},\"inLanguage\":\"sk-SK\",\"potentialAction\":[{\"@type\":\"ReadAction\",\"target\":[\"https:\/\/www.eko-bio-natura.sk\/shop\/produkt\/100-levandulovy-esencialny-olej-botavikos-10-ml\/\"]}]},{\"@type\":\"ImageObject\",\"inLanguage\":\"sk-SK\",\"@id\":\"https:\/\/www.eko-bio-natura.sk\/shop\/produkt\/100-levandulovy-esencialny-olej-botavikos-10-ml\/#primaryimage\",\"url\":\"https:\/\/www.eko-bio-natura.sk\/shop\/wp-content\/uploads\/2021\/12\/8238_100-levandulovy-esencialny-olej-botavikos-10-ml-scaled.jpg\",\"contentUrl\":\"https:\/\/www.eko-bio-natura.sk\/shop\/wp-content\/uploads\/2021\/12\/8238_100-levandulovy-esencialny-olej-botavikos-10-ml-scaled.jpg\",\"width\":1706,\"height\":2560},{\"@type\":\"BreadcrumbList\",\"@id\":\"https:\/\/www.eko-bio-natura.sk\/shop\/produkt\/100-levandulovy-esencialny-olej-botavikos-10-ml\/#breadcrumb\",\"itemListElement\":[{\"@type\":\"ListItem\",\"position\":1,\"name\":\"Domovsk\u00e1 str\u00e1nka\",\"item\":\"https:\/\/www.eko-bio-natura.sk\/shop\/\"},{\"@type\":\"ListItem\",\"position\":2,\"name\":\"Obchod\",\"item\":\"https:\/\/www.eko-bio-natura.sk\/shop\/?page_id=6\"},{\"@type\":\"ListItem\",\"position\":3,\"name\":\"100% levandu\u013eov\u00fd esenci\u00e1lny olej &#8211; Botavikos &#8211; 10 ml\"}]},{\"@type\":\"WebSite\",\"@id\":\"https:\/\/www.eko-bio-natura.sk\/shop\/#website\",\"url\":\"https:\/\/www.eko-bio-natura.sk\/shop\/\",\"name\":\"EKO-BIO-NATURA BIO OBCHOD\",\"description\":\"\",\"publisher\":{\"@id\":\"https:\/\/www.eko-bio-natura.sk\/shop\/#organization\"},\"potentialAction\":[{\"@type\":\"SearchAction\",\"target\":{\"@type\":\"EntryPoint\",\"urlTemplate\":\"https:\/\/www.eko-bio-natura.sk\/shop\/?s={search_term_string}\"},\"query-input\":{\"@type\":\"PropertyValueSpecification\",\"valueRequired\":true,\"valueName\":\"search_term_string\"}}],\"inLanguage\":\"sk-SK\"},{\"@type\":\"Organization\",\"@id\":\"https:\/\/www.eko-bio-natura.sk\/shop\/#organization\",\"name\":\"EKO-BIO-NATURA BIO OBCHOD\",\"url\":\"https:\/\/www.eko-bio-natura.sk\/shop\/\",\"logo\":{\"@type\":\"ImageObject\",\"inLanguage\":\"sk-SK\",\"@id\":\"https:\/\/www.eko-bio-natura.sk\/shop\/#\/schema\/logo\/image\/\",\"url\":\"https:\/\/www.eko-bio-natura.sk\/shop\/wp-content\/uploads\/2021\/04\/eko-bio-natura_logo.png\",\"contentUrl\":\"https:\/\/www.eko-bio-natura.sk\/shop\/wp-content\/uploads\/2021\/04\/eko-bio-natura_logo.png\",\"width\":552,\"height\":194,\"caption\":\"EKO-BIO-NATURA BIO OBCHOD\"},\"image\":{\"@id\":\"https:\/\/www.eko-bio-natura.sk\/shop\/#\/schema\/logo\/image\/\"}}]}<\/script>\n<!-- \/ Yoast SEO plugin. -->","yoast_head_json":{"title":"100% levandu\u013eov\u00fd esenci\u00e1lny olej - Botavikos - 10 ml - EKO-BIO-NATURA BIO OBCHOD","robots":{"index":"index","follow":"follow","max-snippet":"max-snippet:-1","max-image-preview":"max-image-preview:large","max-video-preview":"max-video-preview:-1"},"canonical":"https:\/\/www.eko-bio-natura.sk\/shop\/produkt\/100-levandulovy-esencialny-olej-botavikos-10-ml\/","og_locale":"sk_SK","og_type":"article","og_title":"100% levandu\u013eov\u00fd esenci\u00e1lny olej - Botavikos - 10 ml - EKO-BIO-NATURA BIO OBCHOD","og_description":"Levandu\u013eov\u00fd olej je h\u00e1dam najpopul\u00e1rnej\u0161\u00edm v\u010faka svojmu bohat\u00e9mu vyu\u017eitiu v&nbsp;kozmetike, kde vynikaj\u00faco p\u00f4sob\u00ed samostatne&nbsp; alebo ako zlo\u017eka pr\u00edpravkov ur\u010den\u00fdch pre starostlivos\u0165 o&nbsp;po\u0161koden\u00fa \u010di ve\u013emi citliv\u00fa poko\u017eku. P\u00f4sob\u00ed protiz\u00e1palovo, odstra\u0148uje podr\u00e1\u017edenie, svrbenie, opuchy, za\u010dervenanie a&nbsp;zbavuje ple\u0165 nepr\u00edjemn\u00e9ho olupovania vrchnej vrstvy poko\u017eky. Navracia pru\u017enos\u0165 pov\u00e4dnutej a&nbsp;ochabnutej poko\u017eke. V\u010faka&nbsp; antibakteri\u00e1lnym \u00fa\u010dinkom mo\u017eno olej pou\u017ei\u0165 ak sa objavuje akn\u00e9, [&hellip;]","og_url":"https:\/\/www.eko-bio-natura.sk\/shop\/produkt\/100-levandulovy-esencialny-olej-botavikos-10-ml\/","og_site_name":"EKO-BIO-NATURA BIO OBCHOD","article_modified_time":"2022-05-04T14:39:59+00:00","og_image":[{"width":1706,"height":2560,"url":"https:\/\/www.eko-bio-natura.sk\/shop\/wp-content\/uploads\/2021\/12\/8238_100-levandulovy-esencialny-olej-botavikos-10-ml-scaled.jpg","type":"image\/jpeg"}],"twitter_card":"summary_large_image","twitter_misc":{"Predpokladan\u00fd \u010das \u010d\u00edtania":"2 min\u00faty"},"schema":{"@context":"https:\/\/schema.org","@graph":[{"@type":"WebPage","@id":"https:\/\/www.eko-bio-natura.sk\/shop\/produkt\/100-levandulovy-esencialny-olej-botavikos-10-ml\/","url":"https:\/\/www.eko-bio-natura.sk\/shop\/produkt\/100-levandulovy-esencialny-olej-botavikos-10-ml\/","name":"100% levandu\u013eov\u00fd esenci\u00e1lny olej - Botavikos - 10 ml - EKO-BIO-NATURA BIO OBCHOD","isPartOf":{"@id":"https:\/\/www.eko-bio-natura.sk\/shop\/#website"},"primaryImageOfPage":{"@id":"https:\/\/www.eko-bio-natura.sk\/shop\/produkt\/100-levandulovy-esencialny-olej-botavikos-10-ml\/#primaryimage"},"image":{"@id":"https:\/\/www.eko-bio-natura.sk\/shop\/produkt\/100-levandulovy-esencialny-olej-botavikos-10-ml\/#primaryimage"},"thumbnailUrl":"https:\/\/www.eko-bio-natura.sk\/shop\/wp-content\/uploads\/2021\/12\/8238_100-levandulovy-esencialny-olej-botavikos-10-ml-scaled.jpg","datePublished":"2021-12-28T17:10:33+00:00","dateModified":"2022-05-04T14:39:59+00:00","breadcrumb":{"@id":"https:\/\/www.eko-bio-natura.sk\/shop\/produkt\/100-levandulovy-esencialny-olej-botavikos-10-ml\/#breadcrumb"},"inLanguage":"sk-SK","potentialAction":[{"@type":"ReadAction","target":["https:\/\/www.eko-bio-natura.sk\/shop\/produkt\/100-levandulovy-esencialny-olej-botavikos-10-ml\/"]}]},{"@type":"ImageObject","inLanguage":"sk-SK","@id":"https:\/\/www.eko-bio-natura.sk\/shop\/produkt\/100-levandulovy-esencialny-olej-botavikos-10-ml\/#primaryimage","url":"https:\/\/www.eko-bio-natura.sk\/shop\/wp-content\/uploads\/2021\/12\/8238_100-levandulovy-esencialny-olej-botavikos-10-ml-scaled.jpg","contentUrl":"https:\/\/www.eko-bio-natura.sk\/shop\/wp-content\/uploads\/2021\/12\/8238_100-levandulovy-esencialny-olej-botavikos-10-ml-scaled.jpg","width":1706,"height":2560},{"@type":"BreadcrumbList","@id":"https:\/\/www.eko-bio-natura.sk\/shop\/produkt\/100-levandulovy-esencialny-olej-botavikos-10-ml\/#breadcrumb","itemListElement":[{"@type":"ListItem","position":1,"name":"Domovsk\u00e1 str\u00e1nka","item":"https:\/\/www.eko-bio-natura.sk\/shop\/"},{"@type":"ListItem","position":2,"name":"Obchod","item":"https:\/\/www.eko-bio-natura.sk\/shop\/?page_id=6"},{"@type":"ListItem","position":3,"name":"100% levandu\u013eov\u00fd esenci\u00e1lny olej &#8211; Botavikos &#8211; 10 ml"}]},{"@type":"WebSite","@id":"https:\/\/www.eko-bio-natura.sk\/shop\/#website","url":"https:\/\/www.eko-bio-natura.sk\/shop\/","name":"EKO-BIO-NATURA BIO OBCHOD","description":"","publisher":{"@id":"https:\/\/www.eko-bio-natura.sk\/shop\/#organization"},"potentialAction":[{"@type":"SearchAction","target":{"@type":"EntryPoint","urlTemplate":"https:\/\/www.eko-bio-natura.sk\/shop\/?s={search_term_string}"},"query-input":{"@type":"PropertyValueSpecification","valueRequired":true,"valueName":"search_term_string"}}],"inLanguage":"sk-SK"},{"@type":"Organization","@id":"https:\/\/www.eko-bio-natura.sk\/shop\/#organization","name":"EKO-BIO-NATURA BIO OBCHOD","url":"https:\/\/www.eko-bio-natura.sk\/shop\/","logo":{"@type":"ImageObject","inLanguage":"sk-SK","@id":"https:\/\/www.eko-bio-natura.sk\/shop\/#\/schema\/logo\/image\/","url":"https:\/\/www.eko-bio-natura.sk\/shop\/wp-content\/uploads\/2021\/04\/eko-bio-natura_logo.png","contentUrl":"https:\/\/www.eko-bio-natura.sk\/shop\/wp-content\/uploads\/2021\/04\/eko-bio-natura_logo.png","width":552,"height":194,"caption":"EKO-BIO-NATURA BIO OBCHOD"},"image":{"@id":"https:\/\/www.eko-bio-natura.sk\/shop\/#\/schema\/logo\/image\/"}}]}},"_links":{"self":[{"href":"https:\/\/www.eko-bio-natura.sk\/shop\/wp-json\/wp\/v2\/product\/7495","targetHints":{"allow":["GET"]}}],"collection":[{"href":"https:\/\/www.eko-bio-natura.sk\/shop\/wp-json\/wp\/v2\/product"}],"about":[{"href":"https:\/\/www.eko-bio-natura.sk\/shop\/wp-json\/wp\/v2\/types\/product"}],"replies":[{"embeddable":true,"href":"https:\/\/www.eko-bio-natura.sk\/shop\/wp-json\/wp\/v2\/comments?post=7495"}],"wp:featuredmedia":[{"embeddable":true,"href":"https:\/\/www.eko-bio-natura.sk\/shop\/wp-json\/wp\/v2\/media\/7496"}],"wp:attachment":[{"href":"https:\/\/www.eko-bio-natura.sk\/shop\/wp-json\/wp\/v2\/media?parent=7495"}],"wp:term":[{"taxonomy":"product_brand","embeddable":true,"href":"https:\/\/www.eko-bio-natura.sk\/shop\/wp-json\/wp\/v2\/product_brand?post=7495"},{"taxonomy":"product_cat","embeddable":true,"href":"https:\/\/www.eko-bio-natura.sk\/shop\/wp-json\/wp\/v2\/product_cat?post=7495"},{"taxonomy":"product_tag","embeddable":true,"href":"https:\/\/www.eko-bio-natura.sk\/shop\/wp-json\/wp\/v2\/product_tag?post=7495"}],"curies":[{"name":"wp","href":"https:\/\/api.w.org\/{rel}","templated":true}]}}